{"id":16,"date":"2020-08-20T03:18:08","date_gmt":"2020-08-20T03:18:08","guid":{"rendered":"https:\/\/taizypackaging.com\/?page_id=16"},"modified":"2025-12-05T13:18:53","modified_gmt":"2025-12-05T05:18:53","slug":"contact-us","status":"publish","type":"page","link":"https:\/\/taizypackaging.com\/es\/contact-us\/","title":{"rendered":"Cont\u00e1ctenos"},"content":{"rendered":"<div class=\"wp-block-columns is-layout-flex wp-container-core-columns-is-layout-9d6595d7 wp-block-columns-is-layout-flex\"> <div class=\"wp-block-column is-layout-flow wp-block-column-is-layout-flow\"> <h2 class=\"wp-block-heading\">Lo que obtienes<\/h2>    <ul class=\"wp-block-list\"> <li>Una respuesta oportuna de nuestro experto en embalaje.<\/li>    <li>Soluciones de embalaje detalladas y cotizaci\u00f3n para su proyecto. <\/li>    <li>Una llamada o videoconferencia para discutir los detalles m\u00e1s finos. <\/li>    <li>100% privacidad garantizada, tus datos est\u00e1n seguros y protegidos<\/li> <\/ul> <\/div>    <div class=\"wp-block-column is-layout-flow wp-block-column-is-layout-flow\"> <h2 class=\"wp-block-heading\" id=\"h-contact-information\">Informaci\u00f3n del contacto<\/h2>    <ul class=\"wp-block-list\"> <li>Maquinaria Co., Ltd de Zhengzhou Taizy<\/li>    <li>WhatsApp\/Tel: + 86 15838192276<\/li>    <li>Correo electr\u00f3nico: info@taizypackaging.com<\/li>    <li>Direcci\u00f3n: Hanghai Road East, zona de desarrollo econ\u00f3mico y tecnol\u00f3gico, ciudad de Zhengzhou, China<\/li> <\/ul> <\/div> <\/div>","protected":false},"excerpt":{"rendered":"<p>Lo que obtienes Informaci\u00f3n de contacto<\/p>","protected":false},"author":1,"featured_media":0,"parent":0,"menu_order":0,"comment_status":"closed","ping_status":"closed","template":"","meta":{"footnotes":""},"class_list":["post-16","page","type-page","status-publish","hentry"],"_links":{"self":[{"href":"https:\/\/taizypackaging.com\/es\/wp-json\/wp\/v2\/pages\/16","targetHints":{"allow":["GET"]}}],"collection":[{"href":"https:\/\/taizypackaging.com\/es\/wp-json\/wp\/v2\/pages"}],"about":[{"href":"https:\/\/taizypackaging.com\/es\/wp-json\/wp\/v2\/types\/page"}],"author":[{"embeddable":true,"href":"https:\/\/taizypackaging.com\/es\/wp-json\/wp\/v2\/users\/1"}],"replies":[{"embeddable":true,"href":"https:\/\/taizypackaging.com\/es\/wp-json\/wp\/v2\/comments?post=16"}],"version-history":[{"count":0,"href":"https:\/\/taizypackaging.com\/es\/wp-json\/wp\/v2\/pages\/16\/revisions"}],"wp:attachment":[{"href":"https:\/\/taizypackaging.com\/es\/wp-json\/wp\/v2\/media?parent=16"}],"curies":[{"name":"wp","href":"https:\/\/api.w.org\/{rel}","templated":true}]}}