{"id":18,"date":"2020-08-20T03:18:31","date_gmt":"2020-08-20T03:18:31","guid":{"rendered":"https:\/\/taizypackaging.com\/?page_id=18"},"modified":"2026-02-13T11:43:23","modified_gmt":"2026-02-13T03:43:23","slug":"about-us","status":"publish","type":"page","link":"https:\/\/taizypackaging.com\/es\/about-us\/","title":{"rendered":"Sobre nosotros"},"content":{"rendered":"<div class=\"wp-block-group alignfull\"><div class=\"wp-block-group__inner-container is-layout-flow wp-block-group-is-layout-flow\"> <div class=\"wp-block-columns alignwide are-vertically-aligned-center is-layout-flex wp-container-core-columns-is-layout-9d6595d7 wp-block-columns-is-layout-flex\"> <div class=\"wp-block-column is-layout-flow wp-block-column-is-layout-flow\" style=\"flex-basis:50%\"> <p class=\"has-text-color translation-block\" style=\"color:#000000;font-size:30px;line-height:1.1\"><strong> Taizy Machinery <\/strong><\/p> <\/div>    <div class=\"wp-block-column is-layout-flow wp-block-column-is-layout-flow\" style=\"flex-basis:50%\"> <hr class=\"wp-block-separator has-text-color has-css-opacity has-background is-style-wide\" style=\"background-color:#000000;color:#000000\"\/> <\/div> <\/div>    <div class=\"wp-block-columns alignwide is-layout-flex wp-container-core-columns-is-layout-9d6595d7 wp-block-columns-is-layout-flex\"> <div class=\"wp-block-column is-layout-flow wp-block-column-is-layout-flow\"> <figure class=\"wp-block-image size-full\"><img loading=\"lazy\" decoding=\"async\" width=\"720\" height=\"540\" src=\"https:\/\/taizypackaging.com\/wp-content\/uploads\/2026\/02\/Shuliy-packaging-machine-factory.webp\" alt=\"F\u00e1brica de m\u00e1quinas de envasado Shuliy\" class=\"wp-image-5160\" srcset=\"https:\/\/taizypackaging.com\/wp-content\/uploads\/2026\/02\/Shuliy-packaging-machine-factory.webp 720w, https:\/\/taizypackaging.com\/wp-content\/uploads\/2026\/02\/Shuliy-packaging-machine-factory-300x225.webp 300w, https:\/\/taizypackaging.com\/wp-content\/uploads\/2026\/02\/Shuliy-packaging-machine-factory-16x12.webp 16w\" sizes=\"auto, (max-width: 720px) 100vw, 720px\" \/><figcaption class=\"wp-element-caption\">F\u00e1brica de m\u00e1quinas de envasado Shuliy<\/figcaption><\/figure> <\/div>    <div class=\"wp-block-column is-layout-flow wp-block-column-is-layout-flow\"> <p class=\"translation-block\">Taizy Packaging Machinery Co. LTD es la marca Taizy bajo el paraguas de Shuliy Group, especializada en el dise\u00f1o, fabricaci\u00f3n y exportaci\u00f3n de equipos de procesamiento de alimentos y maquinaria de envasado. Con su propia f\u00e1brica y capacidades de producci\u00f3n avanzadas, Taizy ofrece una gama completa de m\u00e1quinas de envasado \u2014 desde llenadores de polvo y <strong><a href=\"https:\/\/taizypackaging.com\/es\/spice-packing-machine\/\" data-type=\"link\" data-id=\"https:\/\/taizypackaging.com\/spice-packing-machine\/\">m\u00e1quina de envasado de especias<\/a><\/strong> hasta l\u00edquidos, gr\u00e1nulos y <strong><a href=\"https:\/\/taizypackaging.com\/es\/lapel-combination-packaging-machine\/\" data-type=\"link\" data-id=\"https:\/\/taizypackaging.com\/lapel-combination-packaging-machine\/\">sistemas de envasado en bolsas<\/a><\/strong> \u2014 y puede entregar soluciones de envasado llave en mano personalizadas adaptadas a diversos requisitos de productos.<\/p> <\/div> <\/div> <\/div><\/div>    <p>Aprovechando m\u00e1s de una d\u00e9cada de experiencia en la industria y un equipo de ingenier\u00eda s\u00f3lido, Taizy garantiza un control de calidad estricto y un rendimiento de fabricaci\u00f3n confiable, mientras contin\u00faa innovando sus l\u00edneas de productos para satisfacer las necesidades del mercado global. Sus equipos son ampliamente utilizados en los sectores de alimentos, farmac\u00e9utico, cosm\u00e9tico y otros.<\/p>    <figure class=\"wp-block-gallery has-nested-images columns-2 is-cropped wp-block-gallery-2 is-layout-flex wp-block-gallery-is-layout-flex\"> <figure class=\"wp-block-image size-large\"><img loading=\"lazy\" decoding=\"async\" width=\"720\" height=\"540\" data-id=\"5169\" src=\"https:\/\/taizypackaging.com\/wp-content\/uploads\/2026\/02\/large-packaging-machines.webp\" alt=\"Grandes m\u00e1quinas de envasado\" class=\"wp-image-5169\" srcset=\"https:\/\/taizypackaging.com\/wp-content\/uploads\/2026\/02\/large-packaging-machines.webp 720w, https:\/\/taizypackaging.com\/wp-content\/uploads\/2026\/02\/large-packaging-machines-300x225.webp 300w, https:\/\/taizypackaging.com\/wp-content\/uploads\/2026\/02\/large-packaging-machines-16x12.webp 16w\" sizes=\"auto, (max-width: 720px) 100vw, 720px\" \/><figcaption class=\"wp-element-caption\">Grandes m\u00e1quinas de envasado<\/figcaption><\/figure>    <figure class=\"wp-block-image size-large\"><img loading=\"lazy\" decoding=\"async\" width=\"720\" height=\"540\" data-id=\"5170\" src=\"https:\/\/taizypackaging.com\/wp-content\/uploads\/2026\/02\/Taizy-packaging-machine-factory.webp\" alt=\"F\u00e1brica de m\u00e1quinas de envasado Taizy\" class=\"wp-image-5170\" srcset=\"https:\/\/taizypackaging.com\/wp-content\/uploads\/2026\/02\/Taizy-packaging-machine-factory.webp 720w, https:\/\/taizypackaging.com\/wp-content\/uploads\/2026\/02\/Taizy-packaging-machine-factory-300x225.webp 300w, https:\/\/taizypackaging.com\/wp-content\/uploads\/2026\/02\/Taizy-packaging-machine-factory-16x12.webp 16w\" sizes=\"auto, (max-width: 720px) 100vw, 720px\" \/><figcaption class=\"wp-element-caption\">F\u00e1brica de m\u00e1quinas de envasado Taizy<\/figcaption><\/figure>    <figure class=\"wp-block-image size-large\"><img loading=\"lazy\" decoding=\"async\" width=\"720\" height=\"540\" data-id=\"5171\" src=\"https:\/\/taizypackaging.com\/wp-content\/uploads\/2026\/02\/various-packing-machines-are-available.webp\" alt=\"Varias m\u00e1quinas de envasado disponibles\" class=\"wp-image-5171\" srcset=\"https:\/\/taizypackaging.com\/wp-content\/uploads\/2026\/02\/various-packing-machines-are-available.webp 720w, https:\/\/taizypackaging.com\/wp-content\/uploads\/2026\/02\/various-packing-machines-are-available-300x225.webp 300w, https:\/\/taizypackaging.com\/wp-content\/uploads\/2026\/02\/various-packing-machines-are-available-16x12.webp 16w\" sizes=\"auto, (max-width: 720px) 100vw, 720px\" \/><figcaption class=\"wp-element-caption\">Varias m\u00e1quinas de envasado disponibles<\/figcaption><\/figure>    <figure class=\"wp-block-image size-large\"><img loading=\"lazy\" decoding=\"async\" width=\"720\" height=\"540\" data-id=\"5172\" src=\"https:\/\/taizypackaging.com\/wp-content\/uploads\/2026\/02\/packaging-machine-manufacture-workshop.webp\" alt=\"Taller de fabricaci\u00f3n de m\u00e1quinas de envasado\" class=\"wp-image-5172\" srcset=\"https:\/\/taizypackaging.com\/wp-content\/uploads\/2026\/02\/packaging-machine-manufacture-workshop.webp 720w, https:\/\/taizypackaging.com\/wp-content\/uploads\/2026\/02\/packaging-machine-manufacture-workshop-300x225.webp 300w, https:\/\/taizypackaging.com\/wp-content\/uploads\/2026\/02\/packaging-machine-manufacture-workshop-16x12.webp 16w\" sizes=\"auto, (max-width: 720px) 100vw, 720px\" \/><figcaption class=\"wp-element-caption\">Taller de fabricaci\u00f3n de m\u00e1quinas de envasado<\/figcaption><\/figure> <\/figure>    <p>Con una red de exportaci\u00f3n bien establecida y asociaciones internacionales, las m\u00e1quinas de envasado de Taizy se han enviado a numerosos pa\u00edses y regiones, demostrando la capacidad de exportaci\u00f3n global y la fortaleza de fabricaci\u00f3n de la marca. <\/p>    <p>Actualmente, nuestras m\u00e1quinas han sido exportadas a Kenia, Sud\u00e1frica, Ghana, Congo, Etiop\u00eda, Namibia, Marruecos, Botsuana, Zimbabue, Uganda, Argelia, Camer\u00fan, Australia, Estados Unidos, Reino Unido, etc.<\/p>    <figure class=\"wp-block-gallery has-nested-images columns-default is-cropped wp-block-gallery-3 is-layout-flex wp-block-gallery-is-layout-flex\"> <figure class=\"wp-block-image size-large\"><img loading=\"lazy\" decoding=\"async\" width=\"720\" height=\"540\" data-id=\"5173\" src=\"https:\/\/taizypackaging.com\/wp-content\/uploads\/2026\/02\/customer-visit-for-ten-head-potato-chips-packing-machine.webp\" alt=\"Visita de cliente para m\u00e1quina de envasado de patatas fritas de diez cabezas\" class=\"wp-image-5173\" srcset=\"https:\/\/taizypackaging.com\/wp-content\/uploads\/2026\/02\/customer-visit-for-ten-head-potato-chips-packing-machine.webp 720w, https:\/\/taizypackaging.com\/wp-content\/uploads\/2026\/02\/customer-visit-for-ten-head-potato-chips-packing-machine-300x225.webp 300w, https:\/\/taizypackaging.com\/wp-content\/uploads\/2026\/02\/customer-visit-for-ten-head-potato-chips-packing-machine-16x12.webp 16w\" sizes=\"auto, (max-width: 720px) 100vw, 720px\" \/><figcaption class=\"wp-element-caption\">Visita de cliente para m\u00e1quina de envasado de patatas fritas de diez cabezas<\/figcaption><\/figure>    <figure class=\"wp-block-image size-large\"><img loading=\"lazy\" decoding=\"async\" width=\"540\" height=\"720\" data-id=\"5174\" src=\"https:\/\/taizypackaging.com\/wp-content\/uploads\/2026\/02\/Japanese-customer-visiting.webp\" alt=\"Cliente japon\u00e9s visitando\" class=\"wp-image-5174\" srcset=\"https:\/\/taizypackaging.com\/wp-content\/uploads\/2026\/02\/Japanese-customer-visiting.webp 540w, https:\/\/taizypackaging.com\/wp-content\/uploads\/2026\/02\/Japanese-customer-visiting-225x300.webp 225w, https:\/\/taizypackaging.com\/wp-content\/uploads\/2026\/02\/Japanese-customer-visiting-9x12.webp 9w\" sizes=\"auto, (max-width: 540px) 100vw, 540px\" \/><figcaption class=\"wp-element-caption\">Cliente japon\u00e9s visitando<\/figcaption><\/figure>    <figure class=\"wp-block-image size-large\"><img loading=\"lazy\" decoding=\"async\" width=\"540\" height=\"720\" data-id=\"5175\" src=\"https:\/\/taizypackaging.com\/wp-content\/uploads\/2026\/02\/Zimbabwean-customer-visiting.webp\" alt=\"Cliente zimbabuense visitando\" class=\"wp-image-5175\" srcset=\"https:\/\/taizypackaging.com\/wp-content\/uploads\/2026\/02\/Zimbabwean-customer-visiting.webp 540w, https:\/\/taizypackaging.com\/wp-content\/uploads\/2026\/02\/Zimbabwean-customer-visiting-225x300.webp 225w, https:\/\/taizypackaging.com\/wp-content\/uploads\/2026\/02\/Zimbabwean-customer-visiting-9x12.webp 9w\" sizes=\"auto, (max-width: 540px) 100vw, 540px\" \/><figcaption class=\"wp-element-caption\">Cliente zimbabuense visitando<\/figcaption><\/figure>    <figure class=\"wp-block-image size-large\"><img loading=\"lazy\" decoding=\"async\" width=\"720\" height=\"540\" data-id=\"5176\" src=\"https:\/\/taizypackaging.com\/wp-content\/uploads\/2026\/02\/South-African-customer-visiting.webp\" alt=\"Cliente sudafricano visitando\" class=\"wp-image-5176\" srcset=\"https:\/\/taizypackaging.com\/wp-content\/uploads\/2026\/02\/South-African-customer-visiting.webp 720w, https:\/\/taizypackaging.com\/wp-content\/uploads\/2026\/02\/South-African-customer-visiting-300x225.webp 300w, https:\/\/taizypackaging.com\/wp-content\/uploads\/2026\/02\/South-African-customer-visiting-16x12.webp 16w\" sizes=\"auto, (max-width: 720px) 100vw, 720px\" \/><figcaption class=\"wp-element-caption\">Cliente sudafricano visitando<\/figcaption><\/figure>    <figure class=\"wp-block-image size-large\"><img loading=\"lazy\" decoding=\"async\" width=\"720\" height=\"540\" data-id=\"5178\" src=\"https:\/\/taizypackaging.com\/wp-content\/uploads\/2026\/02\/customer-visit-for-french-fries-packaging-machine.webp\" alt=\"Visita de cliente para m\u00e1quina de envasado de papas fritas\" class=\"wp-image-5178\" srcset=\"https:\/\/taizypackaging.com\/wp-content\/uploads\/2026\/02\/customer-visit-for-french-fries-packaging-machine.webp 720w, https:\/\/taizypackaging.com\/wp-content\/uploads\/2026\/02\/customer-visit-for-french-fries-packaging-machine-300x225.webp 300w, https:\/\/taizypackaging.com\/wp-content\/uploads\/2026\/02\/customer-visit-for-french-fries-packaging-machine-16x12.webp 16w\" sizes=\"auto, (max-width: 720px) 100vw, 720px\" \/><figcaption class=\"wp-element-caption\">Visita de cliente para m\u00e1quina de envasado de papas fritas<\/figcaption><\/figure>    <figure class=\"wp-block-image size-large\"><img loading=\"lazy\" decoding=\"async\" width=\"720\" height=\"540\" data-id=\"5179\" src=\"https:\/\/taizypackaging.com\/wp-content\/uploads\/2026\/02\/customer-visit-for-vacuum-packaging-machine.webp\" alt=\"Visita de cliente para m\u00e1quina de envasado al vac\u00edo\" class=\"wp-image-5179\" srcset=\"https:\/\/taizypackaging.com\/wp-content\/uploads\/2026\/02\/customer-visit-for-vacuum-packaging-machine.webp 720w, https:\/\/taizypackaging.com\/wp-content\/uploads\/2026\/02\/customer-visit-for-vacuum-packaging-machine-300x225.webp 300w, https:\/\/taizypackaging.com\/wp-content\/uploads\/2026\/02\/customer-visit-for-vacuum-packaging-machine-16x12.webp 16w\" sizes=\"auto, (max-width: 720px) 100vw, 720px\" \/><figcaption class=\"wp-element-caption\">Visita de cliente para m\u00e1quina de envasado al vac\u00edo<\/figcaption><\/figure>    <figure class=\"wp-block-image size-large\"><img loading=\"lazy\" decoding=\"async\" width=\"720\" height=\"540\" data-id=\"5177\" src=\"https:\/\/taizypackaging.com\/wp-content\/uploads\/2026\/02\/customer-visit-for-coffee-powder-packing-machine.webp\" alt=\"Visita de cliente para m\u00e1quina de envasado de polvo de caf\u00e9\" class=\"wp-image-5177\" srcset=\"https:\/\/taizypackaging.com\/wp-content\/uploads\/2026\/02\/customer-visit-for-coffee-powder-packing-machine.webp 720w, https:\/\/taizypackaging.com\/wp-content\/uploads\/2026\/02\/customer-visit-for-coffee-powder-packing-machine-300x225.webp 300w, https:\/\/taizypackaging.com\/wp-content\/uploads\/2026\/02\/customer-visit-for-coffee-powder-packing-machine-16x12.webp 16w\" sizes=\"auto, (max-width: 720px) 100vw, 720px\" \/><figcaption class=\"wp-element-caption\">Visita de cliente para m\u00e1quina de envasado de polvo de caf\u00e9<\/figcaption><\/figure>    <figure class=\"wp-block-image size-large\"><img loading=\"lazy\" decoding=\"async\" width=\"720\" height=\"540\" data-id=\"5180\" src=\"https:\/\/taizypackaging.com\/wp-content\/uploads\/2026\/02\/customer-visit-for-horizontal-packing-machine.webp\" alt=\"Visita de cliente para m\u00e1quina de envasado horizontal\" class=\"wp-image-5180\" srcset=\"https:\/\/taizypackaging.com\/wp-content\/uploads\/2026\/02\/customer-visit-for-horizontal-packing-machine.webp 720w, https:\/\/taizypackaging.com\/wp-content\/uploads\/2026\/02\/customer-visit-for-horizontal-packing-machine-300x225.webp 300w, https:\/\/taizypackaging.com\/wp-content\/uploads\/2026\/02\/customer-visit-for-horizontal-packing-machine-16x12.webp 16w\" sizes=\"auto, (max-width: 720px) 100vw, 720px\" \/><figcaption class=\"wp-element-caption\">Visita de cliente para m\u00e1quina de envasado horizontal<\/figcaption><\/figure> <\/figure>    <p>Taizy tambi\u00e9n pone \u00e9nfasis en un servicio centrado en el cliente con soporte postventa integral, incluyendo consulta t\u00e9cnica, soluciones de dise\u00f1o personalizadas y orientaci\u00f3n operativa continua para ayudar a los clientes a optimizar la producci\u00f3n y garantizar un rendimiento duradero de las m\u00e1quinas.<\/p>   <div class=\"wp-block-image\"> <figure class=\"aligncenter size-full\"><img loading=\"lazy\" decoding=\"async\" width=\"720\" height=\"540\" src=\"https:\/\/taizypackaging.com\/wp-content\/uploads\/2026\/02\/Welcome-to-visit-Taizy-packing-machine-factory.webp\" alt=\"Bienvenido a visitar la f\u00e1brica de m\u00e1quinas de embalaje Taizy\" class=\"wp-image-5181\" srcset=\"https:\/\/taizypackaging.com\/wp-content\/uploads\/2026\/02\/Welcome-to-visit-Taizy-packing-machine-factory.webp 720w, https:\/\/taizypackaging.com\/wp-content\/uploads\/2026\/02\/Welcome-to-visit-Taizy-packing-machine-factory-300x225.webp 300w, https:\/\/taizypackaging.com\/wp-content\/uploads\/2026\/02\/Welcome-to-visit-Taizy-packing-machine-factory-16x12.webp 16w\" sizes=\"auto, (max-width: 720px) 100vw, 720px\" \/><figcaption class=\"wp-element-caption\">Bienvenido a visitar la f\u00e1brica de m\u00e1quinas de embalaje Taizy<\/figcaption><\/figure> <\/div>   <div class=\"wp-block-columns alignfull has-text-color is-layout-flex wp-container-core-columns-is-layout-9d6595d7 wp-block-columns-is-layout-flex\" style=\"color:#000000\"> <div class=\"wp-block-column is-layout-flow wp-block-column-is-layout-flow\"> <h3 class=\"wp-block-heading\" style=\"font-size:24px;line-height:1.3\"><strong>Profesional \u2197<\/strong><\/h3>    <p>Actualmente contamos con m\u00e1s de 20 personas cient\u00edficas y t\u00e9cnicas y cooperamos con muchas universidades. En t\u00e9rminos de tecnolog\u00eda, se garantiza que estar\u00e1 a la vanguardia de la industria.<\/p> <\/div>    <div class=\"wp-block-column is-layout-flow wp-block-column-is-layout-flow\"> <h3 class=\"wp-block-heading\" style=\"font-size:24px;line-height:1.3\"><strong>Confiable \u2197<\/strong><\/h3>    <p>Nos hemos centrado en la producci\u00f3n de m\u00e1quinas envasadoras durante m\u00e1s de diez a\u00f1os. Ahora los tipos de m\u00e1quinas envasadoras est\u00e1n completos y se pueden personalizar seg\u00fan las necesidades del cliente.<\/p> <\/div>    <div class=\"wp-block-column is-layout-flow wp-block-column-is-layout-flow\"> <h3 class=\"wp-block-heading\" style=\"font-size:24px;line-height:1.3\"><strong> El cliente primero\u2197<\/strong><\/h3>    <p>Todo se centra en las necesidades de los clientes y esperamos brindarles los m\u00e1ximos beneficios econ\u00f3micos a trav\u00e9s de profesionalismo y esfuerzos incansables.<\/p> <\/div> <\/div>    <h2 class=\"wp-block-heading\">Bienvenido a contactarnos y visitar nuestra f\u00e1brica de m\u00e1quinas de embalaje<\/h2>    <p class=\"translation-block\">Damos la bienvenida calurosamente a clientes de todo el mundo para que nos env\u00eden consultas y visiten nuestra f\u00e1brica para ver en funcionamiento nuestras m\u00e1quinas de envasado. Alrededor <strong>el 90% de nuestros modelos m\u00e1s vendidos est\u00e1n disponibles en stock<\/strong>, garantizando una entrega r\u00e1pida y un tiempo de espera m\u00ednimo. Incluso para m\u00e1quinas personalizadas, podemos completar la producci\u00f3n y organizar el env\u00edo en <strong>15 d\u00edas<\/strong> para cumplir con los plazos de proyectos urgentes.<\/p>    <p class=\"translation-block\">Despu\u00e9s del env\u00edo, proporcionamos actualizaciones oportunas sobre la informaci\u00f3n log\u00edstica para que pueda rastrear claramente el estado de su equipo. Una vez que la m\u00e1quina llegue, nuestro equipo t\u00e9cnico enviar\u00e1 inmediatamente manuales detallados de instalaci\u00f3n y operaci\u00f3n, y tambi\u00e9n ofrecemos <strong>orientaci\u00f3n en l\u00ednea y soporte remoto<\/strong> para garantizar una puesta en marcha sin problemas y una producci\u00f3n eficiente.<\/p>    <figure class=\"wp-block-gallery has-nested-images columns-2 is-cropped wp-block-gallery-4 is-layout-flex wp-block-gallery-is-layout-flex\"> <figure class=\"wp-block-image size-large\"><img loading=\"lazy\" decoding=\"async\" width=\"720\" height=\"540\" data-id=\"5185\" src=\"https:\/\/taizypackaging.com\/wp-content\/uploads\/2026\/02\/packaging-machine-with-wooden-box-packing.jpg\" alt=\"m\u00e1quina de envasado con caja de madera\" class=\"wp-image-5185\" srcset=\"https:\/\/taizypackaging.com\/wp-content\/uploads\/2026\/02\/packaging-machine-with-wooden-box-packing.jpg 720w, https:\/\/taizypackaging.com\/wp-content\/uploads\/2026\/02\/packaging-machine-with-wooden-box-packing-300x225.jpg 300w, https:\/\/taizypackaging.com\/wp-content\/uploads\/2026\/02\/packaging-machine-with-wooden-box-packing-16x12.jpg 16w\" sizes=\"auto, (max-width: 720px) 100vw, 720px\" \/><figcaption class=\"wp-element-caption\">m\u00e1quina de envasado con caja de madera<\/figcaption><\/figure>    <figure class=\"wp-block-image size-large\"><img loading=\"lazy\" decoding=\"async\" width=\"720\" height=\"540\" data-id=\"5186\" src=\"https:\/\/taizypackaging.com\/wp-content\/uploads\/2026\/02\/granule-packaging-machine-for-shipping.jpg\" alt=\"M\u00e1quina de envasado de gr\u00e1nulos para env\u00edo\" class=\"wp-image-5186\" srcset=\"https:\/\/taizypackaging.com\/wp-content\/uploads\/2026\/02\/granule-packaging-machine-for-shipping.jpg 720w, https:\/\/taizypackaging.com\/wp-content\/uploads\/2026\/02\/granule-packaging-machine-for-shipping-300x225.jpg 300w, https:\/\/taizypackaging.com\/wp-content\/uploads\/2026\/02\/granule-packaging-machine-for-shipping-16x12.jpg 16w\" sizes=\"auto, (max-width: 720px) 100vw, 720px\" \/><figcaption class=\"wp-element-caption\">M\u00e1quina de envasado de gr\u00e1nulos para env\u00edo<\/figcaption><\/figure>    <figure class=\"wp-block-image size-large\"><img loading=\"lazy\" decoding=\"async\" width=\"720\" height=\"540\" data-id=\"5184\" src=\"https:\/\/taizypackaging.com\/wp-content\/uploads\/2026\/02\/packaging-machine-exporting.jpg\" alt=\"exportaci\u00f3n de m\u00e1quina de envasado\" class=\"wp-image-5184\" srcset=\"https:\/\/taizypackaging.com\/wp-content\/uploads\/2026\/02\/packaging-machine-exporting.jpg 720w, https:\/\/taizypackaging.com\/wp-content\/uploads\/2026\/02\/packaging-machine-exporting-300x225.jpg 300w, https:\/\/taizypackaging.com\/wp-content\/uploads\/2026\/02\/packaging-machine-exporting-16x12.jpg 16w\" sizes=\"auto, (max-width: 720px) 100vw, 720px\" \/><figcaption class=\"wp-element-caption\">exportaci\u00f3n de m\u00e1quina de envasado<\/figcaption><\/figure>    <figure class=\"wp-block-image size-large\"><img loading=\"lazy\" decoding=\"async\" width=\"720\" height=\"540\" data-id=\"5187\" src=\"https:\/\/taizypackaging.com\/wp-content\/uploads\/2026\/02\/packing-machine-delivery.jpg\" alt=\"Entrega de m\u00e1quina de envasado\" class=\"wp-image-5187\" srcset=\"https:\/\/taizypackaging.com\/wp-content\/uploads\/2026\/02\/packing-machine-delivery.jpg 720w, https:\/\/taizypackaging.com\/wp-content\/uploads\/2026\/02\/packing-machine-delivery-300x225.jpg 300w, https:\/\/taizypackaging.com\/wp-content\/uploads\/2026\/02\/packing-machine-delivery-16x12.jpg 16w\" sizes=\"auto, (max-width: 720px) 100vw, 720px\" \/><figcaption class=\"wp-element-caption\">Entrega de m\u00e1quina de envasado<\/figcaption><\/figure> <\/figure>    <p>Cont\u00e1ctenos hoy para obtener una cotizaci\u00f3n profesional y una soluci\u00f3n de envasado a medida \u2014 esperamos construir una asociaci\u00f3n a largo plazo con usted.<\/p>","protected":false},"excerpt":{"rendered":"<p>Taizy Machinery Taizy Packaging Machinery Co. LTD is the Taizy brand under the umbrella of Shuliy Group, specializing in the design, manufacture, and export of food processing equipment and packaging machinery. With its own factory and advanced production capabilities, Taizy offers a complete range of packaging machines \u2014 from powder fillers and spice packing machines [&hellip;]<\/p>\n","protected":false},"author":1,"featured_media":0,"parent":0,"menu_order":0,"comment_status":"closed","ping_status":"closed","template":"","meta":{"footnotes":""},"class_list":["post-18","page","type-page","status-publish","hentry"],"_links":{"self":[{"href":"https:\/\/taizypackaging.com\/es\/wp-json\/wp\/v2\/pages\/18","targetHints":{"allow":["GET"]}}],"collection":[{"href":"https:\/\/taizypackaging.com\/es\/wp-json\/wp\/v2\/pages"}],"about":[{"href":"https:\/\/taizypackaging.com\/es\/wp-json\/wp\/v2\/types\/page"}],"author":[{"embeddable":true,"href":"https:\/\/taizypackaging.com\/es\/wp-json\/wp\/v2\/users\/1"}],"replies":[{"embeddable":true,"href":"https:\/\/taizypackaging.com\/es\/wp-json\/wp\/v2\/comments?post=18"}],"version-history":[{"count":8,"href":"https:\/\/taizypackaging.com\/es\/wp-json\/wp\/v2\/pages\/18\/revisions"}],"predecessor-version":[{"id":5190,"href":"https:\/\/taizypackaging.com\/es\/wp-json\/wp\/v2\/pages\/18\/revisions\/5190"}],"wp:attachment":[{"href":"https:\/\/taizypackaging.com\/es\/wp-json\/wp\/v2\/media?parent=18"}],"curies":[{"name":"wp","href":"https:\/\/api.w.org\/{rel}","templated":true}]}}