{"id":1099,"date":"2021-02-05T09:44:16","date_gmt":"2021-02-05T09:44:16","guid":{"rendered":"https:\/\/taizypackaging.com\/?p=1099"},"modified":"2024-07-17T17:42:13","modified_gmt":"2024-07-17T09:42:13","slug":"dip-tea-bags-packing-machine","status":"publish","type":"product","link":"https:\/\/taizypackaging.com\/es\/dip-tea-bags-packing-machine\/","title":{"rendered":"M\u00e1quina empacadora de bolsitas de t\u00e9 con hilo y etiqueta"},"content":{"rendered":"<div class=\"kk-star-ratings kksr-auto kksr-align-left kksr-valign-top\"     data-payload='{&quot;align&quot;:&quot;left&quot;,&quot;id&quot;:&quot;1099&quot;,&quot;slug&quot;:&quot;default&quot;,&quot;valign&quot;:&quot;top&quot;,&quot;ignore&quot;:&quot;&quot;,&quot;reference&quot;:&quot;auto&quot;,&quot;class&quot;:&quot;&quot;,&quot;count&quot;:&quot;19&quot;,&quot;legendonly&quot;:&quot;&quot;,&quot;readonly&quot;:&quot;&quot;,&quot;score&quot;:&quot;4.8&quot;,&quot;starsonly&quot;:&quot;&quot;,&quot;best&quot;:&quot;5&quot;,&quot;gap&quot;:&quot;5&quot;,&quot;greet&quot;:&quot;Rate this product&quot;,&quot;legend&quot;:&quot;4.8\\\/5 - (19 votos)&quot;,&quot;size&quot;:&quot;24&quot;,&quot;title&quot;:&quot;Tea Pouch Packing Machine with String and Tag&quot;,&quot;width&quot;:&quot;136.7&quot;,&quot;_legend&quot;:&quot;{score}\\\/{best} - ({count} {votes})&quot;,&quot;font_factor&quot;:&quot;1.25&quot;}'>              <div class=\"kksr-stars\">      <div class=\"kksr-stars-inactive\">             <div class=\"kksr-star\" data-star=\"1\" style=\"padding-right: 5px\">               <div class=\"kksr-icon\" style=\"width: 24px; height: 24px;\"><\/div>         <\/div>             <div class=\"kksr-star\" data-star=\"2\" style=\"padding-right: 5px\">               <div class=\"kksr-icon\" style=\"width: 24px; height: 24px;\"><\/div>         <\/div>             <div class=\"kksr-star\" data-star=\"3\" style=\"padding-right: 5px\">               <div class=\"kksr-icon\" style=\"width: 24px; height: 24px;\"><\/div>         <\/div>             <div class=\"kksr-star\" data-star=\"4\" style=\"padding-right: 5px\">               <div class=\"kksr-icon\" style=\"width: 24px; height: 24px;\"><\/div>         <\/div>             <div class=\"kksr-star\" data-star=\"5\" style=\"padding-right: 5px\">               <div class=\"kksr-icon\" style=\"width: 24px; height: 24px;\"><\/div>         <\/div>     <\/div>      <div class=\"kksr-stars-active\" style=\"width: 136.7px;\">             <div class=\"kksr-star\" style=\"padding-right: 5px\">               <div class=\"kksr-icon\" style=\"width: 24px; height: 24px;\"><\/div>         <\/div>             <div class=\"kksr-star\" style=\"padding-right: 5px\">               <div class=\"kksr-icon\" style=\"width: 24px; height: 24px;\"><\/div>         <\/div>             <div class=\"kksr-star\" style=\"padding-right: 5px\">               <div class=\"kksr-icon\" style=\"width: 24px; height: 24px;\"><\/div>         <\/div>             <div class=\"kksr-star\" style=\"padding-right: 5px\">               <div class=\"kksr-icon\" style=\"width: 24px; height: 24px;\"><\/div>         <\/div>             <div class=\"kksr-star\" style=\"padding-right: 5px\">               <div class=\"kksr-icon\" style=\"width: 24px; height: 24px;\"><\/div>         <\/div>     <\/div> <\/div>                   <div class=\"kksr-legend\" style=\"font-size: 19.2px;\">             4,8\/5 - (19 votos)    <\/div>     <\/div>  <p class=\"translation-block\"><strong>La m\u00e1quina<\/strong> de empaque de bolsas de t\u00e9 realiza el empaque integrado de bolsas de t\u00e9 con hilo y etiqueta. Esta m\u00e1quina de empaque de bolsas de t\u00e9 de inmersi\u00f3n con unidad de etiqueta es diferente de la m\u00e1quina de empaque de bolsa interna y externa de t\u00e9, y esta \u00faltima puede empaquetar la bolsa interna y la bolsa externa. Esta m\u00e1quina es un equipo autom\u00e1tico multifuncional de empaque de bolsas internas de t\u00e9 con un nuevo tipo de sellado t\u00e9rmico. El hilo y la etiqueta est\u00e1n conectados a la bolsa interna a trav\u00e9s de un dispositivo de sellado t\u00e9rmico. La formaci\u00f3n del hilo y la etiqueta se completa al mismo tiempo, lo que evita el contacto directo con el material de empaque y mejora la eficiencia del trabajo.<\/p>    <h2 class=\"wp-block-heading\" id=\"tea-packaging-machine-with-string-and-tag-working-video\">V\u00eddeo de funcionamiento de la m\u00e1quina envasadora de t\u00e9 con hilo y etiqueta.<\/h2>   <figure class=\"wp-block-embed-youtube wp-block-embed is-type-video is-provider-youtube wp-embed-aspect-16-9 wp-has-aspect-ratio\"><div class=\"lyte-wrapper fourthree\" title=\"M\u00e1quina empacadora de bolsitas de t\u00e9 con hilo y etiqueta autom\u00e1tica para peque\u00f1as empresas\" style=\"width:960px;max-width:100%;margin:5px auto;\"><div class=\"lyMe hidef\" id=\"WYL_LG-3fs_L1ks\" itemprop=\"video\" itemscope itemtype=\"https:\/\/schema.org\/VideoObject\"><div><meta itemprop=\"thumbnailUrl\" content=\"https:\/\/taizypackaging.com\/wp-content\/plugins\/wp-youtube-lyte\/lyteCache.php?origThumbUrl=https%3A%2F%2Fi.ytimg.com%2Fvi%2FLG-3fs_L1ks%2Fmaxresdefault.jpg\" \/><meta itemprop=\"embedURL\" content=\"https:\/\/www.youtube.com\/embed\/LG-3fs_L1ks\" \/><meta itemprop=\"duration\" content=\"PT1M30S\" \/><meta itemprop=\"uploadDate\" content=\"2022-02-17T07:24:12Z\" \/><\/div><div id=\"lyte_LG-3fs_L1ks\" data-src=\"https:\/\/taizypackaging.com\/wp-content\/plugins\/wp-youtube-lyte\/lyteCache.php?origThumbUrl=https%3A%2F%2Fi.ytimg.com%2Fvi%2FLG-3fs_L1ks%2Fmaxresdefault.jpg\" class=\"pL\"><div class=\"tC\"><div class=\"tT\" itemprop=\"name\">M\u00e1quina empacadora de bolsitas de t\u00e9 con hilo y etiqueta autom\u00e1tica para peque\u00f1as empresas<\/div><\/div><div class=\"play\"><\/div><div class=\"ctrl\"><div class=\"Lctrl\"><\/div><div class=\"Rctrl\"><\/div><\/div><\/div><noscript><a href=\"https:\/\/youtu.be\/LG-3fs_L1ks\" rel=\"nofollow noopener\" target=\"_blank\"><img loading=\"lazy\" decoding=\"async\" src=\"https:\/\/taizypackaging.com\/wp-content\/plugins\/wp-youtube-lyte\/lyteCache.php?origThumbUrl=https%3A%2F%2Fi.ytimg.com%2Fvi%2FLG-3fs_L1ks%2F0.jpg\" alt=\"M\u00e1quina empacadora de bolsitas de t\u00e9 con hilo y etiqueta autom\u00e1tica para peque\u00f1as empresas\" width=\"960\" height=\"700\" \/><br \/>Watch this video on YouTube<\/a><\/noscript><meta itemprop=\"description\" content=\"#teabagpacking #teapackingmachine EMAIL: info@taizypackaging.com TEL\/WHATSAPP: +86 18837171591 USEFUL LINK: https:\/\/taizypackaging.com\/dip-tea-bags-packing-machine\/ This tea bag packing machine with string and tag is a great tea pouch packaging solution. This machine realizes the integrated tea bag packing with string and tag. This machine is an automatic multi-functional inner tea bag packaging equipment with a new heat sealing type. The string and tag are connected to the inner bag through a heat sealing device. The string and tag forming are finished at the same time, which avoids direct contact with the packing material and improves working efficiency. This kind of tea pouch packing machine with string and tag mainly consists of two systems, a feeding system, and a packaging system. It is suitable for automatic packaging of lemongrass tea, broken tea, herbal tea, coffee, plant scented tea, green tea, black tea, grain tea, barley tea, rose tea, health care tea, loose tea, etc. You may also like these videos about tea packaging equipment: Pyramid tea bag packing machine: https:\/\/www.youtube.com\/watch?v=kbEO73W2QQQ Tea packing machine with outer bag: https:\/\/www.youtube.com\/watch?v=StbYeKbuokc EMAIL: info@taizypackaging.com TEL\/WHATSAPP: +86 18837171591 USEFUL LINK: https:\/\/taizypackaging.com\/dip-tea-bags-packing-machine\/\"><\/div><\/div><div class=\"lL\" style=\"max-width:100%;width:960px;margin:5px auto;\"><\/div><figcaption><\/figcaption><\/figure>   <h2 class=\"wp-block-heading\" id=\"h-application-of-tea-inner-bag-packing-machine-with-tag\">Aplicaci\u00f3n de la m\u00e1quina empacadora de bolsitas de t\u00e9 con hilo y etiqueta.<\/h2>    <p>Es adecuado para el envasado autom\u00e1tico de t\u00e9 de hierba de lim\u00f3n, t\u00e9 partido, t\u00e9 de hierbas, caf\u00e9, t\u00e9 con aroma a plantas, t\u00e9 verde, t\u00e9 negro, t\u00e9 de granos, t\u00e9 de cebada, t\u00e9 de rosas, t\u00e9 para el cuidado de la salud, t\u00e9 a granel, etc.<\/p>    <figure class=\"wp-block-image size-full\"><img decoding=\"async\" src=\"https:\/\/taizypackaging.com\/wp-content\/uploads\/2021\/08\/\u5185\u888b\u7ebf\u8336\u53f6\u5305\u88c5\u673a_02.jpg\" alt=\"Aplicaciones de la m\u00e1quina empacadora de bolsas de t\u00e9.\" class=\"wp-image-2587\"\/><figcaption class=\"wp-element-caption\">Aplicaciones de la m\u00e1quina empacadora de bolsas de t\u00e9.<\/figcaption><\/figure>    <h2 class=\"wp-block-heading\" id=\"h-technical-parameters\">Par\u00e1metros t\u00e9cnicos de esta m\u00e1quina envasadora de t\u00e9.<\/h2>    <figure class=\"wp-block-table\"><table><tbody><tr><td>Alcance de la medida<\/td><td>1-10g<\/td><\/tr><tr><td>tama\u00f1o de la bolsa<\/td><td>50-80 mm (largo), 45-80 mm (ancho)<\/td><\/tr><tr><td>Tama\u00f1o de la etiqueta<\/td><td>(Largo x ancho) 20*28mm\/ 20*25mm \/ 20*20mm<\/td><\/tr><tr><td>Velocidad de embalaje<\/td><td>30-60 bolsas\/minuto<\/td><\/tr><tr><td>Dimensi\u00f3n (largo* ancho* alto)<\/td><td>1250*750*1750mm<\/td><\/tr><tr><td>Peso<\/td><td>380 kilos<\/td><\/tr><tr><td>Poder total<\/td><td>CA 220V50HZ 1.6KW<\/td><\/tr><\/tbody><\/table><\/figure>    <h2 class=\"wp-block-heading\" id=\"h-the-details-of-tea-inner-bag-packing-machine-with-tag\">Ventajas de la m\u00e1quina empacadora de bolsitas de t\u00e9 con etiqueta y cord\u00f3n<\/h2>    <ol class=\"wp-block-list\"> <li>Panel de control inteligente, f\u00e1cil operaci\u00f3n, control preciso, seguro y conveniente<\/li>    <li>Finalice autom\u00e1ticamente el proceso de alimentaci\u00f3n, pesaje, llenado, sellado y corte.<\/li>    <li>Material de calidad alimentaria de acero inoxidable 304, higi\u00e9nico y fiable.<\/li>    <li>Sistema de parada de emergencia para garantizar la seguridad de los operadores.<\/li>    <li>Servicios est\u00e1ndar y personalizados disponibles <\/li> <\/ol>    <figure class=\"wp-block-image size-full\"><img decoding=\"async\" src=\"https:\/\/taizypackaging.com\/wp-content\/uploads\/2021\/08\/\u5185\u888b\u7ebf\u8336\u53f6\u5305\u88c5\u673a_05.jpg\" alt=\"Detalles de la m\u00e1quina empacadora de bolsas de t\u00e9\" class=\"wp-image-2589\"\/><figcaption class=\"wp-element-caption\">Detalles de la m\u00e1quina empacadora de bolsas de t\u00e9<\/figcaption><\/figure>    <h2 class=\"wp-block-heading\" id=\"h-measurement-method\">M\u00e9todos de medici\u00f3n<\/h2>    <p>M\u00e9todo volum\u00e9trico. La taza medidora est\u00e1 hecha de material de acero inoxidable 304, que es duradero y confiable. <\/p>   <div class=\"wp-block-image wp-image-1103 size-full\"> <figure class=\"aligncenter\"><img decoding=\"async\" src=\"https:\/\/taizypackaging.com\/wp-content\/uploads\/2021\/02\/tea-packing-machine-with-string-and-tag.jpg\" alt=\"M\u00e1quina empacadora de t\u00e9 con hilo y etiqueta.\" class=\"wp-image-3397\"\/><figcaption class=\"wp-element-caption\">M\u00e1quina empacadora de t\u00e9 con hilo y etiqueta.<\/figcaption><\/figure> <\/div>   <h2 class=\"wp-block-heading\" id=\"h-faq-of-tea-bags-packing-machine\">Preguntas frecuentes sobre la m\u00e1quina llenadora y selladora de bolsas de t\u00e9<\/h2>    <ul class=\"wp-block-list\"> <li>\u00bfC\u00f3mo encontrar una m\u00e1quina envasadora de bolsitas de t\u00e9 adecuada? <\/li> <\/ul>    <p>Cu\u00e9ntenos sobre los detalles de su producto: qu\u00e9 tipo de materiales necesita empacar, el tama\u00f1o de sus materiales (puede darme una imagen).<\/p>    <ul class=\"wp-block-list\"> <li>\u00bfEs usted una f\u00e1brica o una empresa comercial?<\/li> <\/ul>    <p>Somos la f\u00e1brica, y sobre todo I+D. Adem\u00e1s, fabricamos y comercializamos diversas m\u00e1quinas envasadoras. Actualmente comercializamos cinco tipos de m\u00e1quinas envasadoras, y tambi\u00e9n contamos con m\u00e1quinas envasadoras de polvo, m\u00e1quinas envasadoras de granulados, m\u00e1quinas envasadoras de l\u00edquidos, envasadoras de pasta, etc.<\/p>    <ul class=\"wp-block-list\" start=\"3\"> <li>\u00bfCu\u00e1l es su forma de pago?<\/li> <\/ul>    <p>En la actualidad, nuestras m\u00e1quinas se han exportado a todo el mundo, por lo que admitimos una variedad de m\u00e9todos de pago.<\/p>    <ul class=\"wp-block-list\" start=\"4\"> <li>\u00bfC\u00f3mo podemos asegurarnos de la calidad de la m\u00e1quina despu\u00e9s de realizar el pedido?<\/li> <\/ul>    <p>Antes de la entrega, le enviaremos fotograf\u00edas y v\u00eddeos para que pruebe la calidad de la m\u00e1quina. Y tambi\u00e9n puedes hacer arreglos para que tus amigos en China lo comprueben t\u00fa mismo.<\/p>    <ul class=\"wp-block-list\" start=\"5\"> <li>\u00bfPor qu\u00e9 deber\u00edamos elegir su empresa?<\/li> <\/ul>    <p>Somos profesionales en m\u00e1quinas empacadoras desde hace m\u00e1s de 10 a\u00f1os y brindamos un mejor servicio postventa. No garantizamos ning\u00fan riesgo para nuestro trato.<\/p>    <ul class=\"wp-block-list\"> <li>\u00bfQu\u00e9 tal el precio de la m\u00e1quina envasadora de bolsas interiores de t\u00e9?<\/li> <\/ul>    <p>Como se mencion\u00f3 anteriormente, actualmente vendemos muchos tipos de m\u00e1quinas empacadoras de bolsas de t\u00e9 para inmersi\u00f3n de Taizy Company, por lo que los precios var\u00edan. Adem\u00e1s, los precios que marcamos en Internet tambi\u00e9n son precios referenciales. Porque los materiales de embalaje y el rango de peso del embalaje determinar\u00e1n el precio de la m\u00e1quina. Si est\u00e1 pensando en comprar una m\u00e1quina envasadora de t\u00e9, p\u00f3ngase en contacto con nuestro responsable t\u00e9cnico. \u00c9l le dar\u00e1 una cotizaci\u00f3n de acuerdo a sus necesidades.<\/p>    <h2 class=\"wp-block-heading\" id=\"structures-of-tea-packing-machine-with-string-and-tag\">Estructuras de m\u00e1quina envasadora de t\u00e9 con hilo y etiqueta.<\/h2>    <p>Este tipo de m\u00e1quina empacadora de bolsitas de t\u00e9 con cord\u00f3n y etiqueta consta principalmente de dos sistemas, un sistema de alimentaci\u00f3n y un sistema de empaque. Para completar el proceso de envasado autom\u00e1tico de t\u00e9, hay muchas piezas que trabajan juntas, como una tolva de alimentaci\u00f3n, una bandeja de alimentaci\u00f3n giratoria, un panel de control, un formador de bolsas, un transportador, etc. Adem\u00e1s, necesitamos algunas materias primas para terminar toda la l\u00ednea de producci\u00f3n de t\u00e9. como t\u00e9, etiquetas y materiales de embalaje. <\/p>    <figure class=\"wp-block-image size-full\"><img decoding=\"async\" src=\"https:\/\/taizypackaging.com\/wp-content\/uploads\/2021\/08\/\u5185\u888b\u7ebf\u8336\u53f6\u5305\u88c5\u673a_03.jpg\" alt=\"M\u00e1quina empacadora de t\u00e9 con estructura de hilo y etiqueta.\" class=\"wp-image-2586\"\/><figcaption class=\"wp-element-caption\">M\u00e1quina empacadora de t\u00e9 con estructura de hilo y etiqueta.<\/figcaption><\/figure>    <h2 class=\"wp-block-heading\" id=\"h-customer-case\">Caso de cliente<\/h2>    <p class=\"translation-block\">Un cliente africano nos pidi\u00f3 una m\u00e1quina de empaque de bolsas de t\u00e9 para empacar t\u00e9s sueltos. Ella quer\u00eda iniciar su propio negocio. Despu\u00e9s de comunicarse con nuestro gerente t\u00e9cnico sobre los detalles del empaque, se realiz\u00f3 el pedido. Luego de recibir la m\u00e1quina, el cliente realiz\u00f3 una prueba de la m\u00e1quina. Adem\u00e1s, dijo que el efecto de empaque fue muy bueno. La bolsa de t\u00e9 empaquetada con un sobre exterior que ella empaca es muy popular en el mercado. Finalmente, el cliente dijo que cuando el negocio actual se estabilice, pedir\u00e1 otra <a href=\"https:\/\/taizypackaging.com\/es\/tea-packaging-machine\/\">m\u00e1quina de empaque de bolsa interna y externa de t\u00e9<\/a> para expandir su negocio.<\/p>    <figure class=\"wp-block-image size-full\"><img decoding=\"async\" src=\"https:\/\/taizypackaging.com\/wp-content\/uploads\/2021\/02\/customer-feedback-of-quality-tea-bag-packing-equipment.jpg\" alt=\"Comentarios de los clientes sobre el equipo de embalaje de bolsas de t\u00e9 de calidad.\" class=\"wp-image-3398\"\/><figcaption class=\"wp-element-caption\">Comentarios de los clientes sobre equipos de embalaje de bolsas de t\u00e9 de calidad.<\/figcaption><\/figure>    <h2 class=\"wp-block-heading\" id=\"contact-us-today-to-start-your-tea-project\">\u00a1Cont\u00e1ctenos hoy para comenzar su proyecto de t\u00e9!<\/h2>    <p class=\"translation-block\">El t\u00e9 de inmersi\u00f3n es tan popular como el caf\u00e9 y el t\u00e9 con leche. Y esta es una gran oportunidad para el negocio de empaque de t\u00e9. Una m\u00e1quina de empaque de bolsas de t\u00e9 con hilo y etiqueta es el principal tipo de soluci\u00f3n de empaque de t\u00e9. Tiene un tama\u00f1o peque\u00f1o y bajo costo, por lo que es bastante adecuada para su peque\u00f1o negocio. Adem\u00e1s, hay <a href=\"https:\/\/taizypackaging.com\/es\/pyramid-tea-bag-packing-machine-price\/\">m\u00e1quinas de empaque de t\u00e9 en pir\u00e1mide<\/a> y m\u00e1quinas de empaque de t\u00e9 internas y externas de la empresa <a href=\"https:\/\/taizypackaging.com\/es\/\">Taizy Packaging Machinery<\/a>. Si est\u00e1 buscando una m\u00e1quina de empaque de t\u00e9 confiable, cont\u00e1ctenos para obtener m\u00e1s informaci\u00f3n \u00fatil. <\/p>","protected":false},"excerpt":{"rendered":"<p>The tea pouch packing machine realizes the integrated tea bag packing with string and tag. This dip tea bag packing machine with tag unity is different from the tea inner and outer bag packaging machine, and the latter can package the inner bag and the outer bag. This machine is an automatic multi-functional inner tea [&hellip;]<\/p>\n","protected":false},"author":1,"featured_media":2584,"parent":0,"template":"","tags":[470,482,563],"product-type":[667],"class_list":["post-1099","product","type-product","status-publish","has-post-thumbnail","hentry","tag-tea-bag-packing-machine","tag-tea-packing-machine","tag-tea-pouch-packing-machine","product-type-tea-packing-machine"],"_links":{"self":[{"href":"https:\/\/taizypackaging.com\/es\/wp-json\/wp\/v2\/product\/1099","targetHints":{"allow":["GET"]}}],"collection":[{"href":"https:\/\/taizypackaging.com\/es\/wp-json\/wp\/v2\/product"}],"about":[{"href":"https:\/\/taizypackaging.com\/es\/wp-json\/wp\/v2\/types\/product"}],"author":[{"embeddable":true,"href":"https:\/\/taizypackaging.com\/es\/wp-json\/wp\/v2\/users\/1"}],"wp:featuredmedia":[{"embeddable":true,"href":"https:\/\/taizypackaging.com\/es\/wp-json\/wp\/v2\/media\/2584"}],"wp:attachment":[{"href":"https:\/\/taizypackaging.com\/es\/wp-json\/wp\/v2\/media?parent=1099"}],"wp:term":[{"taxonomy":"post_tag","embeddable":true,"href":"https:\/\/taizypackaging.com\/es\/wp-json\/wp\/v2\/tags?post=1099"},{"taxonomy":"product-type","embeddable":true,"href":"https:\/\/taizypackaging.com\/es\/wp-json\/wp\/v2\/product-type?post=1099"}],"curies":[{"name":"wp","href":"https:\/\/api.w.org\/{rel}","templated":true}]}}