{"id":1146,"date":"2021-03-08T10:41:07","date_gmt":"2021-03-08T10:41:07","guid":{"rendered":"https:\/\/taizypackaging.com\/?p=1146"},"modified":"2024-07-17T17:38:54","modified_gmt":"2024-07-17T09:38:54","slug":"pyramid-tea-bag-packing-machine-price","status":"publish","type":"product","link":"https:\/\/taizypackaging.com\/es\/pyramid-tea-bag-packing-machine-price\/","title":{"rendered":"M\u00e1quina empacadora de bolsitas de t\u00e9 piramidales"},"content":{"rendered":"<div class=\"kk-star-ratings kksr-auto kksr-align-left kksr-valign-top\"     data-payload='{&quot;align&quot;:&quot;left&quot;,&quot;id&quot;:&quot;1146&quot;,&quot;slug&quot;:&quot;default&quot;,&quot;valign&quot;:&quot;top&quot;,&quot;ignore&quot;:&quot;&quot;,&quot;reference&quot;:&quot;auto&quot;,&quot;class&quot;:&quot;&quot;,&quot;count&quot;:&quot;11&quot;,&quot;legendonly&quot;:&quot;&quot;,&quot;readonly&quot;:&quot;&quot;,&quot;score&quot;:&quot;4.9&quot;,&quot;starsonly&quot;:&quot;&quot;,&quot;best&quot;:&quot;5&quot;,&quot;gap&quot;:&quot;5&quot;,&quot;greet&quot;:&quot;Rate this product&quot;,&quot;legend&quot;:&quot;4.9\\\/5 - (11 votos)&quot;,&quot;size&quot;:&quot;24&quot;,&quot;title&quot;:&quot;Pyramid Tea Bag Packing Machine&quot;,&quot;width&quot;:&quot;139.6&quot;,&quot;_legend&quot;:&quot;{score}\\\/{best} - ({count} {votes})&quot;,&quot;font_factor&quot;:&quot;1.25&quot;}'>              <div class=\"kksr-stars\">      <div class=\"kksr-stars-inactive\">             <div class=\"kksr-star\" data-star=\"1\" style=\"padding-right: 5px\">               <div class=\"kksr-icon\" style=\"width: 24px; height: 24px;\"><\/div>         <\/div>             <div class=\"kksr-star\" data-star=\"2\" style=\"padding-right: 5px\">               <div class=\"kksr-icon\" style=\"width: 24px; height: 24px;\"><\/div>         <\/div>             <div class=\"kksr-star\" data-star=\"3\" style=\"padding-right: 5px\">               <div class=\"kksr-icon\" style=\"width: 24px; height: 24px;\"><\/div>         <\/div>             <div class=\"kksr-star\" data-star=\"4\" style=\"padding-right: 5px\">               <div class=\"kksr-icon\" style=\"width: 24px; height: 24px;\"><\/div>         <\/div>             <div class=\"kksr-star\" data-star=\"5\" style=\"padding-right: 5px\">               <div class=\"kksr-icon\" style=\"width: 24px; height: 24px;\"><\/div>         <\/div>     <\/div>      <div class=\"kksr-stars-active\" style=\"width: 139.6px;\">             <div class=\"kksr-star\" style=\"padding-right: 5px\">               <div class=\"kksr-icon\" style=\"width: 24px; height: 24px;\"><\/div>         <\/div>             <div class=\"kksr-star\" style=\"padding-right: 5px\">               <div class=\"kksr-icon\" style=\"width: 24px; height: 24px;\"><\/div>         <\/div>             <div class=\"kksr-star\" style=\"padding-right: 5px\">               <div class=\"kksr-icon\" style=\"width: 24px; height: 24px;\"><\/div>         <\/div>             <div class=\"kksr-star\" style=\"padding-right: 5px\">               <div class=\"kksr-icon\" style=\"width: 24px; height: 24px;\"><\/div>         <\/div>             <div class=\"kksr-star\" style=\"padding-right: 5px\">               <div class=\"kksr-icon\" style=\"width: 24px; height: 24px;\"><\/div>         <\/div>     <\/div> <\/div>                   <div class=\"kksr-legend\" style=\"font-size: 19.2px;\">             4,9\/5 - (11 votos)    <\/div>     <\/div>  <p class=\"translation-block\"><strong>M\u00e1quina de embolsar t\u00e9 piramidal<\/strong>, o m\u00e1quina de embosar tri\u00e1ngulo de nylon para t\u00e9, est\u00e1 dise\u00f1ada para envasar productos como t\u00e9 verde, t\u00e9 negro, t\u00e9 suelto, t\u00e9 de flores, t\u00e9 de hierbas chinas, etc. Puede completar autom\u00e1ticamente el proceso de alimentaci\u00f3n, pesaje, llenado, sellado y corte, de forma eficiente y segura. <\/p>    <h2 class=\"wp-block-heading\">Video de trabajo de la m\u00e1quina empacadora de bolsitas de t\u00e9 Pyramid<\/h2>   <figure class=\"wp-block-embed-youtube wp-block-embed is-type-video is-provider-youtube wp-embed-aspect-16-9 wp-has-aspect-ratio\"><div class=\"lyte-wrapper fourthree\" title=\"M\u00e1quina envasadora de t\u00e9 piramidal\" style=\"width:960px;max-width:100%;margin:5px auto;\"><div class=\"lyMe hidef\" id=\"WYL_kbEO73W2QQQ\" itemprop=\"video\" itemscope itemtype=\"https:\/\/schema.org\/VideoObject\"><div><meta itemprop=\"thumbnailUrl\" content=\"https:\/\/taizypackaging.com\/wp-content\/plugins\/wp-youtube-lyte\/lyteCache.php?origThumbUrl=https%3A%2F%2Fi.ytimg.com%2Fvi%2FkbEO73W2QQQ%2Fmaxresdefault.jpg\" \/><meta itemprop=\"embedURL\" content=\"https:\/\/www.youtube.com\/embed\/kbEO73W2QQQ\" \/><meta itemprop=\"duration\" content=\"PT59S\" \/><meta itemprop=\"uploadDate\" content=\"2021-08-07T11:00:08Z\" \/><\/div><div id=\"lyte_kbEO73W2QQQ\" data-src=\"https:\/\/taizypackaging.com\/wp-content\/plugins\/wp-youtube-lyte\/lyteCache.php?origThumbUrl=https%3A%2F%2Fi.ytimg.com%2Fvi%2FkbEO73W2QQQ%2Fmaxresdefault.jpg\" class=\"pL\"><div class=\"tC\"><div class=\"tT\" itemprop=\"name\">M\u00e1quina envasadora de t\u00e9 piramidal<\/div><\/div><div class=\"play\"><\/div><div class=\"ctrl\"><div class=\"Lctrl\"><\/div><div class=\"Rctrl\"><\/div><\/div><\/div><noscript><a href=\"https:\/\/youtu.be\/kbEO73W2QQQ\" rel=\"nofollow noopener\" target=\"_blank\"><img loading=\"lazy\" decoding=\"async\" src=\"https:\/\/taizypackaging.com\/wp-content\/plugins\/wp-youtube-lyte\/lyteCache.php?origThumbUrl=https%3A%2F%2Fi.ytimg.com%2Fvi%2FkbEO73W2QQQ%2F0.jpg\" alt=\"M\u00e1quina envasadora de t\u00e9 piramidal\" width=\"960\" height=\"700\" \/><br \/>Watch this video on YouTube<\/a><\/noscript><meta itemprop=\"description\" content=\"WhatsApp\/Wechat\/Tel:+86 19139754781 The nylon triangle tea bag is a popular style recently, and nowadays, pyramid tea bags can be purchased in various stores around the world. As its name suggests, when you take the teabag out of the box and place it on the counter, the teabag is like a triangular pyramid. It is very suitable for brewing a cup of tea quickly. Also, there is a convenient string for drinking from the cup.If you want to learn more:https:\/\/taizypackaging.com\/pyramid-tea-bag-packing-machine-price\/\"><\/div><\/div><div class=\"lL\" style=\"max-width:100%;width:960px;margin:5px auto;\"><\/div><figcaption><\/figcaption><\/figure>   <h2 class=\"wp-block-heading\" id=\"h-applicable-materials-of-nylon-triangle-tea-packaging-machine\">Aplicaciones de la m\u00e1quina empacadora de bolsitas de t\u00e9 Pyramid<\/h2>    <p>La m\u00e1quina envasadora puede envasar t\u00e9 de hierba de lim\u00f3n, t\u00e9 verde, t\u00e9 negro, t\u00e9 perfumado, caf\u00e9, t\u00e9 chino, t\u00e9 saludable, t\u00e9 de hierbas, t\u00e9 oolong, t\u00e9 de flores, gr\u00e1nulos, etc. Con un dispositivo de control PLC inteligente, la peque\u00f1a m\u00e1quina empacadora de t\u00e9 es muy f\u00e1cil de operar y mantener. Adem\u00e1s, tiene un tama\u00f1o reducido y un precio asequible. En definitiva, bajo coste y alto retorno. <\/p>    <figure class=\"wp-block-image size-full\"><img decoding=\"async\" src=\"https:\/\/taizypackaging.com\/wp-content\/uploads\/2021\/08\/\u4e09\u89d2\u5305\u8336\u53f6\u5305\u88c5\u673a_02.jpg\" alt=\"Usos de la m\u00e1quina empacadora de bolsas de t\u00e9 piramidal\" class=\"wp-image-2604\"\/><figcaption class=\"wp-element-caption\">Usos de la m\u00e1quina empacadora de bolsas de t\u00e9 piramidal<\/figcaption><\/figure>    <h2 class=\"wp-block-heading\" id=\"h-the-design-features-of-pyramid-tea-bag-machine\">Caracter\u00edsticas de dise\u00f1o de la m\u00e1quina de bolsitas de t\u00e9 Pyramid<\/h2>    <ul class=\"wp-block-list\"> <li>Como sugiere el nombre, la bolsita de t\u00e9 piramidal se parece a una pir\u00e1mide triangular. Adem\u00e1s, tiene un cord\u00f3n para preparar t\u00e9. Cuelga la etiqueta fuera de la taza cuando prepares t\u00e9. En t\u00e9rminos de apariencia, la bolsita de t\u00e9 triangular es m\u00e1s atractiva para los consumidores j\u00f3venes.<\/li>    <li>La bolsita de t\u00e9 Triangle tiene un mejor rendimiento. Podemos calcular eso espec\u00edficamente para dos bolsitas de t\u00e9 con el mismo volumen. La bolsita de t\u00e9 triangular tiene una mayor superficie en contacto con el agua caliente. La bolsita de t\u00e9 tradicional solo puede tener aproximadamente la mitad del \u00e1rea de contacto, mientras que la bolsita de t\u00e9 triangular puede alcanzar 3\/4 del \u00e1rea de contacto. Esta soluci\u00f3n de envasado hace que el efecto de liberaci\u00f3n del t\u00e9 tenga mejor sabor. Y es m\u00e1s f\u00e1cil preparar t\u00e9 en poco tiempo. Adem\u00e1s, es m\u00e1s conveniente para la tienda de bebidas extraer r\u00e1pidamente el t\u00e9.<\/li>    <li>Proceso de preparaci\u00f3n de t\u00e9 m\u00e1s alargado. La bolsita de t\u00e9 piramidal tiene una ventaja obvia en apariencia sobre la bolsita de t\u00e9 tradicional. El t\u00e9 se encuentra en una bolsita triangular para que el cervecero pueda sentir la elegante flotaci\u00f3n del sabor del t\u00e9 y el agua caliente. Y la experiencia de preparar t\u00e9 m\u00e1s elegante que el envase de t\u00e9 normal.<\/li> <\/ul>   <div class=\"wp-block-image wp-image-1160 size-full\"> <figure class=\"aligncenter\"><img decoding=\"async\" src=\"https:\/\/taizypackaging.com\/wp-content\/uploads\/2021\/03\/pyramid-tea-bag-packing-machine.jpg\" alt=\"empaquetadora de bolsitas de t\u00e9 piramidales\" class=\"wp-image-3419\"\/><figcaption class=\"wp-element-caption\">empaquetadora de bolsitas de t\u00e9 piramidales<\/figcaption><\/figure> <\/div>   <h2 class=\"wp-block-heading\" id=\"h-the-details-of-pyramid-tea-packing-machine\">Detalles de la estructura de la m\u00e1quina empacadora de t\u00e9 piramidal<\/h2>    <p>Una m\u00e1quina empacadora de bolsas de t\u00e9 piramidal consta principalmente de tres sistemas: un sistema de control de automatizaci\u00f3n, un sistema de transmisi\u00f3n de mecanismo de precisi\u00f3n y un sistema de transmisi\u00f3n neum\u00e1tica. <\/p>    <figure class=\"wp-block-image size-full\"><img loading=\"lazy\" decoding=\"async\" width=\"720\" height=\"540\" src=\"https:\/\/taizypackaging.com\/wp-content\/uploads\/2021\/03\/pyramid-tea-bag-packing-machine-parts.jpg\" alt=\"Piezas de la m\u00e1quina envasadora de bolsas de t\u00e9 piramidalesPiezas de la m\u00e1quina envasadora de bolsas de t\u00e9 piramidal\" class=\"wp-image-4094\" srcset=\"https:\/\/taizypackaging.com\/wp-content\/uploads\/2021\/03\/pyramid-tea-bag-packing-machine-parts.jpg 720w, https:\/\/taizypackaging.com\/wp-content\/uploads\/2021\/03\/pyramid-tea-bag-packing-machine-parts-300x225.jpg 300w\" sizes=\"auto, (max-width: 720px) 100vw, 720px\" \/><figcaption class=\"wp-element-caption\">Piezas de la m\u00e1quina envasadora de bolsas de t\u00e9 piramidales<\/figcaption><\/figure>    <h2 class=\"wp-block-heading\" id=\"h-packaging-form-and-materials\">Forma y materiales de embalaje<\/h2>    <p class=\"translation-block\"><strong>Formas de embalaje:<\/strong> Se puede utilizar para embalaje plano de bolsas, embalaje triangular, etc.<\/p>    <p class=\"translation-block\"><strong>Materiales de embalaje:<\/strong> nylon, PET, tejido no tejido, fibra de ma\u00edz.<\/p>    <figure class=\"wp-block-gallery has-nested-images columns-3 is-cropped wp-block-gallery-2 is-layout-flex wp-block-gallery-is-layout-flex\"> <figure class=\"wp-block-image size-large\"><a href=\"https:\/\/taizypackaging.com\/wp-content\/uploads\/2021\/03\/Nylon-filter-bag.jpg\"><img decoding=\"async\" data-id=\"1158\" src=\"https:\/\/taizypackaging.com\/wp-content\/uploads\/2021\/03\/Nylon-filter-bag.jpg\" alt=\"Bolsa de filtro de nailon\" class=\"wp-image-1158\"\/><\/a><\/figure>    <figure class=\"wp-block-image size-large\"><a href=\"https:\/\/taizypackaging.com\/wp-content\/uploads\/2021\/03\/nylon-tea-bag-2.jpg\"><img decoding=\"async\" data-id=\"1157\" src=\"https:\/\/taizypackaging.com\/wp-content\/uploads\/2021\/03\/nylon-tea-bag-2.jpg\" alt=\"bolsita-de-te-nylon-2\" class=\"wp-image-1157\"\/><\/a><\/figure>    <figure class=\"wp-block-image size-large\"><a href=\"https:\/\/taizypackaging.com\/wp-content\/uploads\/2021\/03\/nylon-tea-bag.jpg\"><img decoding=\"async\" data-id=\"1156\" src=\"https:\/\/taizypackaging.com\/wp-content\/uploads\/2021\/03\/nylon-tea-bag.jpg\" alt=\"bolsita de t\u00e9 de nailon\" class=\"wp-image-1156\"\/><\/a><\/figure> <\/figure>    <h2 class=\"wp-block-heading\" id=\"h-technical-parameters\">Par\u00e1metros t\u00e9cnicos de la m\u00e1quina empacadora de t\u00e9 piramidal<\/h2>    <figure class=\"wp-block-table is-style-stripes\"><table><tbody><tr><td>Ancho de la bolsa<\/td><td>60-80 mm<\/td><\/tr><tr><td>Longitud del saco<\/td><td>&nbsp;40-80 mm<\/td><\/tr><tr><td>Velocidad de embalaje<\/td><td>20, 40, 60 bolsas\/min<\/td><\/tr><tr><td>rango de pesaje<\/td><td>1-7g<\/td><\/tr><tr><td>Fuerza<\/td><td>220V\/2kW<\/td><\/tr><tr><td>Presi\u00f3n del aire<\/td><td>bomba de aire<\/td><\/tr><tr><td>Consumo de aire<\/td><td>0,6m3\/minuto<\/td><\/tr><tr><td>Peso total<\/td><td>400 kilos<\/td><\/tr><tr><td>Tama\u00f1o<\/td><td>&nbsp;1200*920*2060mm<\/td><\/tr><\/tbody><\/table><\/figure>    <h2 class=\"wp-block-heading\" id=\"h-difference-between-a-labeled-tea-bag-and-a-nylon-triangle-tea-bag\">Diferencias entre una bolsita de t\u00e9 etiquetada y una bolsita de t\u00e9 triangular de nailon<\/h2>    <p>El producto terminado envasado por la m\u00e1quina envasadora de t\u00e9 piramidal es diferente de otros envases de t\u00e9. Las bolsitas de t\u00e9 etiquetadas son bolsitas de t\u00e9 rectangulares est\u00e1ndar. Est\u00e1 lleno de hojas de t\u00e9, se cose un cord\u00f3n en la parte superior y se clava una peque\u00f1a etiqueta en el otro extremo del cord\u00f3n. Es conveniente prepararlo en una taza. Estas bolsitas de t\u00e9 generalmente se empaquetan individualmente en una bolsa o caja de papel sellada para lograr la mayor frescura posible.<\/p>    <p>La bolsita de t\u00e9 triangular de nailon es un estilo popular recientemente y, hoy en d\u00eda, las bolsitas de t\u00e9 piramidales se pueden comprar en varias tiendas de todo el mundo. Como sugiere su nombre, cuando sacas la bolsita de t\u00e9 de la caja y la colocas en el mostrador, la bolsita de t\u00e9 parece una pir\u00e1mide triangular. Es muy adecuado para preparar una taza de t\u00e9 r\u00e1pidamente. Adem\u00e1s, hay una cuerda conveniente para beber de la taza.<\/p>   <div class=\"wp-block-image wp-image-1147 size-full\"> <figure class=\"aligncenter\"><img decoding=\"async\" src=\"https:\/\/taizypackaging.com\/wp-content\/uploads\/2021\/03\/nylon-triangle-tea-bag.jpg\" alt=\"bolsita de t\u00e9 triangular de nailon\" class=\"wp-image-1147\"\/><figcaption class=\"wp-element-caption\">bolsita de t\u00e9 triangular de nailon<\/figcaption><\/figure> <\/div>   <h2 class=\"wp-block-heading\" id=\"h-pyramid-tea-bag-packing-machine-price\">\u00bfCu\u00e1l es el precio de la m\u00e1quina empacadora de bolsitas de t\u00e9 Pyramid? <\/h2>    <p>El precio de la m\u00e1quina empacadora de bolsas de t\u00e9 piramidal es bastante diferente debido a las diferentes configuraciones. Equipamos la m\u00e1quina empacadora de bolsas triangulares de t\u00e9 con b\u00e1sculas. Actualmente, contamos con una m\u00e1quina empacadora de t\u00e9 piramidal con dos b\u00e1sculas, una m\u00e1quina empacadora de t\u00e9 triangular con cuatro b\u00e1sculas y una m\u00e1quina empacadora de t\u00e9 triangular de nailon con seis b\u00e1sculas.<\/p>    <p>Por tanto, su velocidad de envasado es diferente.  Adem\u00e1s, el precio de la m\u00e1quina envasadora de t\u00e9 piramidal est\u00e1 relacionado con muchos otros factores como el material de la m\u00e1quina, la marca del motor, el costo de env\u00edo, etc. Por lo tanto, el precio de la m\u00e1quina envasadora triangular de t\u00e9 no es fijo. Si desea conocer una lista de precios detallada, cont\u00e1ctenos ahora. Le recomendaremos una m\u00e1quina envasadora de t\u00e9 precisa para sus necesidades reales.<\/p>    <h2 class=\"wp-block-heading\" id=\"h-why-choose-a-nylon-triangle-tea-packaging-machine\">\u00bfPor qu\u00e9 elegir una m\u00e1quina envasadora de t\u00e9 triangular de nailon?<\/h2>    <ul class=\"wp-block-list\"> <li>Puede generar un efecto tridimensional. Y hay espacio para que materias primas como t\u00e9 original, t\u00e9 de hierbas, t\u00e9 de ginseng, t\u00e9 de frutas, etc. se desplieguen completamente y exudan sabor.<\/li>    <li>Se puede preparar muchas veces y durante mucho tiempo para aprovechar al m\u00e1ximo el t\u00e9 original.<\/li>    <li>Liberar\u00e1 el sabor del t\u00e9 en poco tiempo.<\/li>    <li>Adopta la onda ultras\u00f3nica para sellar sin dejar rastros y crear la imagen de bolsitas de t\u00e9 de alta calidad.<\/li>    <li>Es transparente, los consumidores pueden ver claramente los materiales de embalaje en su interior.<\/li> <\/ul>    <figure class=\"wp-block-image size-full\"><img decoding=\"async\" src=\"https:\/\/taizypackaging.com\/wp-content\/uploads\/2021\/03\/pyramid-tea-bag-machine.jpg\" alt=\"m\u00e1quina de bolsitas de t\u00e9 piramidal\" class=\"wp-image-3422\"\/><figcaption class=\"wp-element-caption\">m\u00e1quina de bolsitas de t\u00e9 piramidal<\/figcaption><\/figure>    <h2 class=\"wp-block-heading\" id=\"h-our-service\">\u00bfQu\u00e9 servicios ofrecemos? <\/h2>    <p>Somos uno de los principales fabricantes de m\u00e1quinas envasadoras en China. Adem\u00e1s de la alta calidad y el buen precio de nuestras m\u00e1quinas, tambi\u00e9n brindamos estos servicios. <\/p>    <ol class=\"wp-block-list\"> <li><strong>Control de calidad:<\/strong>  Contamos con un estricto sistema de control de calidad. Antes del env\u00edo, le tomaremos fotos y v\u00eddeos.<\/li>    <li><strong>Servicio postventa:<\/strong> 24 horas en l\u00ednea, mantenimiento de por vida. Manual de ingl\u00e9s y v\u00eddeo did\u00e1ctico.<\/li>    <li><strong>Tiempo de producci\u00f3n:<\/strong> 10-20 d\u00edas.<\/li>    <li><strong>Voltaje:<\/strong> Personaliza el voltaje para tu pa\u00eds.  <\/li> <\/ol>","protected":false},"excerpt":{"rendered":"<p>Pyramid tea bag packing machine, or nylon triangle tea packing machine, is designed for packing products like green tea, black tea, loose tea, flower tea, Chinese herb tea, etc. It can automatically finish the feeding, weighing, filling, sealing, and cutting process, efficiently and safely. Working Video of Pyramid Tea Bag Packing Machine Applications of Pyramid [&hellip;]<\/p>\n","protected":false},"author":1,"featured_media":2602,"parent":0,"template":"","tags":[307,309,383,385],"product-type":[667],"class_list":["post-1146","product","type-product","status-publish","has-post-thumbnail","hentry","tag-nylon-triangle-tea","tag-nylon-triangle-tea-packaging","tag-pyramid-tea-bag","tag-pyramid-tea-packing","product-type-tea-packing-machine"],"_links":{"self":[{"href":"https:\/\/taizypackaging.com\/es\/wp-json\/wp\/v2\/product\/1146","targetHints":{"allow":["GET"]}}],"collection":[{"href":"https:\/\/taizypackaging.com\/es\/wp-json\/wp\/v2\/product"}],"about":[{"href":"https:\/\/taizypackaging.com\/es\/wp-json\/wp\/v2\/types\/product"}],"author":[{"embeddable":true,"href":"https:\/\/taizypackaging.com\/es\/wp-json\/wp\/v2\/users\/1"}],"wp:featuredmedia":[{"embeddable":true,"href":"https:\/\/taizypackaging.com\/es\/wp-json\/wp\/v2\/media\/2602"}],"wp:attachment":[{"href":"https:\/\/taizypackaging.com\/es\/wp-json\/wp\/v2\/media?parent=1146"}],"wp:term":[{"taxonomy":"post_tag","embeddable":true,"href":"https:\/\/taizypackaging.com\/es\/wp-json\/wp\/v2\/tags?post=1146"},{"taxonomy":"product-type","embeddable":true,"href":"https:\/\/taizypackaging.com\/es\/wp-json\/wp\/v2\/product-type?post=1146"}],"curies":[{"name":"wp","href":"https:\/\/api.w.org\/{rel}","templated":true}]}}