{"id":1495,"date":"2021-05-05T01:39:03","date_gmt":"2021-05-05T01:39:03","guid":{"rendered":"https:\/\/taizypackaging.com\/?p=1495"},"modified":"2023-10-24T16:54:02","modified_gmt":"2023-10-24T08:54:02","slug":"liquid-pouch-packing-machine","status":"publish","type":"product","link":"https:\/\/taizypackaging.com\/es\/liquid-pouch-packing-machine\/","title":{"rendered":"M\u00e1quina empacadora de bolsas de l\u00edquidos"},"content":{"rendered":"<div class=\"kk-star-ratings kksr-auto kksr-align-left kksr-valign-top\"     data-payload='{&quot;align&quot;:&quot;left&quot;,&quot;id&quot;:&quot;1495&quot;,&quot;slug&quot;:&quot;default&quot;,&quot;valign&quot;:&quot;top&quot;,&quot;ignore&quot;:&quot;&quot;,&quot;reference&quot;:&quot;auto&quot;,&quot;class&quot;:&quot;&quot;,&quot;count&quot;:&quot;9&quot;,&quot;legendonly&quot;:&quot;&quot;,&quot;readonly&quot;:&quot;&quot;,&quot;score&quot;:&quot;4.5&quot;,&quot;starsonly&quot;:&quot;&quot;,&quot;best&quot;:&quot;5&quot;,&quot;gap&quot;:&quot;5&quot;,&quot;greet&quot;:&quot;Rate this product&quot;,&quot;legend&quot;:&quot;4.5\\\/5 - (9 votos)&quot;,&quot;size&quot;:&quot;24&quot;,&quot;title&quot;:&quot;Liquid Pouch Packing Machine&quot;,&quot;width&quot;:&quot;128&quot;,&quot;_legend&quot;:&quot;{score}\\\/{best} - ({count} {votes})&quot;,&quot;font_factor&quot;:&quot;1.25&quot;}'>              <div class=\"kksr-stars\">      <div class=\"kksr-stars-inactive\">             <div class=\"kksr-star\" data-star=\"1\" style=\"padding-right: 5px\">               <div class=\"kksr-icon\" style=\"width: 24px; height: 24px;\"><\/div>         <\/div>             <div class=\"kksr-star\" data-star=\"2\" style=\"padding-right: 5px\">               <div class=\"kksr-icon\" style=\"width: 24px; height: 24px;\"><\/div>         <\/div>             <div class=\"kksr-star\" data-star=\"3\" style=\"padding-right: 5px\">               <div class=\"kksr-icon\" style=\"width: 24px; height: 24px;\"><\/div>         <\/div>             <div class=\"kksr-star\" data-star=\"4\" style=\"padding-right: 5px\">               <div class=\"kksr-icon\" style=\"width: 24px; height: 24px;\"><\/div>         <\/div>             <div class=\"kksr-star\" data-star=\"5\" style=\"padding-right: 5px\">               <div class=\"kksr-icon\" style=\"width: 24px; height: 24px;\"><\/div>         <\/div>     <\/div>      <div class=\"kksr-stars-active\" style=\"width: 128px;\">             <div class=\"kksr-star\" style=\"padding-right: 5px\">               <div class=\"kksr-icon\" style=\"width: 24px; height: 24px;\"><\/div>         <\/div>             <div class=\"kksr-star\" style=\"padding-right: 5px\">               <div class=\"kksr-icon\" style=\"width: 24px; height: 24px;\"><\/div>         <\/div>             <div class=\"kksr-star\" style=\"padding-right: 5px\">               <div class=\"kksr-icon\" style=\"width: 24px; height: 24px;\"><\/div>         <\/div>             <div class=\"kksr-star\" style=\"padding-right: 5px\">               <div class=\"kksr-icon\" style=\"width: 24px; height: 24px;\"><\/div>         <\/div>             <div class=\"kksr-star\" style=\"padding-right: 5px\">               <div class=\"kksr-icon\" style=\"width: 24px; height: 24px;\"><\/div>         <\/div>     <\/div> <\/div>                   <div class=\"kksr-legend\" style=\"font-size: 19.2px;\">             4,5\/5 - (9 votos)    <\/div>     <\/div>  <p class=\"translation-block\"><strong>M\u00e1quina de envasado de sachets l\u00edquidos<\/strong> aqu\u00ed es un tipo de m\u00e1quina autom\u00e1tica de llenado y sellado de l\u00edquidos. Es adecuada para envasar diversos productos l\u00edquidos, como agua, jugo, aceite, leche, detergente, refrescos, caf\u00e9, antisept, etc. La <strong>m\u00e1quina de envasado de sachets l\u00edquidos<\/strong> puede completar autom\u00e1ticamente el proceso de formaci\u00f3n de pel\u00edcula, medici\u00f3n, llenado, sellado, corte, conteo e impresi\u00f3n. Con una estructura simple y control inteligente PLC en la pantalla t\u00e1ctil, es muy f\u00e1cil de operar. Adem\u00e1s, el <strong>equipo de envasado l\u00edquido<\/strong> est\u00e1 dise\u00f1ado para ahorrar energ\u00eda. Taizy Machinery tiene amplia experiencia en la investigaci\u00f3n y fabricaci\u00f3n de m\u00e1quinas de envasado de l\u00edquidos de calidad y m\u00e1quinas de llenado de l\u00edquidos. Si est\u00e1 interesado, p\u00f3ngase en contacto con nosotros para obtener el mejor precio. <\/p>   <figure class=\"wp-block-embed-youtube wp-block-embed is-type-video is-provider-youtube wp-embed-aspect-16-9 wp-has-aspect-ratio\"><div class=\"lyte-wrapper fourthree\" title=\"Empaquetadora autom\u00e1tica de bolsas de l\u00edquidos para agua, leche, aceite, jugo, m\u00e1quina llenadora y selladora\" style=\"width:960px;max-width:100%;margin:5px auto;\"><div class=\"lyMe hidef\" id=\"WYL_LPHOoR0sagI\" itemprop=\"video\" itemscope itemtype=\"https:\/\/schema.org\/VideoObject\"><div><meta itemprop=\"thumbnailUrl\" content=\"https:\/\/taizypackaging.com\/wp-content\/plugins\/wp-youtube-lyte\/lyteCache.php?origThumbUrl=https%3A%2F%2Fi.ytimg.com%2Fvi%2FLPHOoR0sagI%2Fmaxresdefault.jpg\" \/><meta itemprop=\"embedURL\" content=\"https:\/\/www.youtube.com\/embed\/LPHOoR0sagI\" \/><meta itemprop=\"duration\" content=\"PT2M7S\" \/><meta itemprop=\"uploadDate\" content=\"2022-01-18T04:01:43Z\" \/><\/div><div id=\"lyte_LPHOoR0sagI\" data-src=\"https:\/\/taizypackaging.com\/wp-content\/plugins\/wp-youtube-lyte\/lyteCache.php?origThumbUrl=https%3A%2F%2Fi.ytimg.com%2Fvi%2FLPHOoR0sagI%2Fmaxresdefault.jpg\" class=\"pL\"><div class=\"tC\"><div class=\"tT\" itemprop=\"name\">Empaquetadora autom\u00e1tica de bolsas de l\u00edquidos para agua, leche, aceite, jugo, m\u00e1quina llenadora y selladora<\/div><\/div><div class=\"play\"><\/div><div class=\"ctrl\"><div class=\"Lctrl\"><\/div><div class=\"Rctrl\"><\/div><\/div><\/div><noscript><a href=\"https:\/\/youtu.be\/LPHOoR0sagI\" rel=\"nofollow noopener\" target=\"_blank\"><img loading=\"lazy\" decoding=\"async\" src=\"https:\/\/taizypackaging.com\/wp-content\/plugins\/wp-youtube-lyte\/lyteCache.php?origThumbUrl=https%3A%2F%2Fi.ytimg.com%2Fvi%2FLPHOoR0sagI%2F0.jpg\" alt=\"Empaquetadora autom\u00e1tica de bolsas de l\u00edquidos para agua, leche, aceite, jugo, m\u00e1quina llenadora y selladora\" width=\"960\" height=\"700\" \/><br \/>Watch this video on YouTube<\/a><\/noscript><meta itemprop=\"description\" content=\"Email: info@taizypackaging.com Tel\/ WhatsApp: +86 18837171591 Website: https:\/\/taizypackaging.com\/liquid-packaging-machine-liquid-pouch-packing-machine\/ Automatic liquid pouch packing machine is designed and manufactured for pure water, mineral water, oil, juice, etc. It is a type of small vertical form filling sealing machine. With small size and affordable price, liquid pouch packing machine is absolutely suitable for your small business. The liquid packaging machine is suitable for packing milk, soy milk, soy sauce, vinegar, butter, and various liquids. The machine can automatically complete film-forming, measuring, filling, sealing, cutting, counting, and printing the production date. Stainless steel is used for the contact part of the machine and the material. The packaging form is back seal. The metering method adopts valve plug pump filling. The packaging film is sterilized. The finished bag is beautifully packed, safe, and hygienic. The packaging material adopts heat-sealable plastic film such as polyethylene or PE. Are you looking for a quality liquid sachet packing machine to benefit your factory? This automatic liquid pouch packing machine may be ideal for your project. Welcome to leave your comment to discuss with us or contact us for more details. Email: info@taizypackaging.com Tel\/ WhatsApp: +86 18837171591\"><\/div><\/div><div class=\"lL\" style=\"max-width:100%;width:960px;margin:5px auto;\"><\/div><figcaption><\/figcaption><\/figure>   <h2 class=\"wp-block-heading\" id=\"applications-of-liquid-pouch-packing-machine\">Aplicaciones de la m\u00e1quina envasadora de bolsas de l\u00edquidos.<\/h2>    <p class=\"translation-block\">La m\u00e1quina de envasado de sachets l\u00edquidos se utiliza ampliamente en la industria de l\u00edquidos, como agua pura, agua mineral, aceite, jugo, leche, miel, k\u00e9tchup, etc. Con alta eficiencia y buen rendimiento, puede mejorar enormemente su productividad. Adem\u00e1s, si necesita una <a href=\"https:\/\/taizypackaging.com\/es\/bottle-filling-machine\/\">l\u00ednea de llenado de l\u00edquido para botellas<\/a>, est\u00e1 disponible con nosotros. Cont\u00e1ctenos para obtener m\u00e1s detalles \u00fatiles. <\/p>    <figure class=\"wp-block-image size-full\"><img loading=\"lazy\" decoding=\"async\" width=\"600\" height=\"450\" src=\"https:\/\/taizypackaging.com\/wp-content\/uploads\/2021\/05\/liquid-packing-machine-applications.jpg\" alt=\"Aplicaciones de la m\u00e1quina envasadora de l\u00edquidos.\" class=\"wp-image-3472\" srcset=\"https:\/\/taizypackaging.com\/wp-content\/uploads\/2021\/05\/liquid-packing-machine-applications.jpg 600w, https:\/\/taizypackaging.com\/wp-content\/uploads\/2021\/05\/liquid-packing-machine-applications-300x225.jpg 300w\" sizes=\"auto, (max-width: 600px) 100vw, 600px\" \/><figcaption class=\"wp-element-caption\">Aplicaciones de la m\u00e1quina envasadora de l\u00edquidos.<\/figcaption><\/figure>    <h2 class=\"wp-block-heading\" id=\"h-main-structures-of-liquid-packing-machine\">Caracter\u00edsticas estructurales de la m\u00e1quina empacadora autom\u00e1tica de bolsas de l\u00edquidos<\/h2>    <p>La m\u00e1quina empacadora autom\u00e1tica de bolsas de l\u00edquido incluye principalmente formador de bolsas, dispositivo de sellado vertical, extracci\u00f3n de pel\u00edcula, paleta inferior de descarga, panel de control, cuerpo de acero inoxidable y bomba de l\u00edquido. Se utiliza acero inoxidable para la parte de contacto de la m\u00e1quina y el material. La forma del embalaje es sellada en la parte posterior. El m\u00e9todo de medici\u00f3n adopta el llenado de la bomba con tap\u00f3n de v\u00e1lvula. La pel\u00edcula de embalaje est\u00e1 esterilizada. La bolsa terminada est\u00e1 bellamente empaquetada, es segura e higi\u00e9nica. El material de embalaje adopta una pel\u00edcula pl\u00e1stica termosellable como polietileno o PE.<\/p>    <figure class=\"wp-block-image size-full\"><img loading=\"lazy\" decoding=\"async\" width=\"600\" height=\"450\" src=\"https:\/\/taizypackaging.com\/wp-content\/uploads\/2021\/05\/liquid-pouch-packing-machine-structure.jpg\" alt=\"estructura de la m\u00e1quina empacadora de bolsas de l\u00edquidos\" class=\"wp-image-3471\" srcset=\"https:\/\/taizypackaging.com\/wp-content\/uploads\/2021\/05\/liquid-pouch-packing-machine-structure.jpg 600w, https:\/\/taizypackaging.com\/wp-content\/uploads\/2021\/05\/liquid-pouch-packing-machine-structure-300x225.jpg 300w\" sizes=\"auto, (max-width: 600px) 100vw, 600px\" \/><figcaption class=\"wp-element-caption\">estructura de la m\u00e1quina empacadora de bolsas de l\u00edquidos<\/figcaption><\/figure>    <p>El formador de pel\u00edcula puede doblar la pel\u00edcula pl\u00e1stica plana en el embalaje del producto.\u00a0El sello vertical hace que la pel\u00edcula de embalaje tenga un estilo de sello posterior. Luego, al tirar de la pel\u00edcula se puede transportar la pel\u00edcula pl\u00e1stica de manera constante. La bolsa de l\u00edquido empaquetada sale de la paleta inferior de descarga, lo que puede amortiguar la gravedad del producto y evitar da\u00f1os. El panel de control puede controlar la temperatura de sellado, el calentamiento, la esterilizaci\u00f3n y el conteo. Puede ajustar el interruptor seg\u00fan sus necesidades. Los materiales l\u00edquidos se pueden transportar cuantitativamente.\u00a0El peso del l\u00edquido transportado es exacto.\u00a0La bomba tiene un efecto de reflujo. La v\u00e1lvula est\u00e1 abierta cuando la m\u00e1quina est\u00e1 funcionando y el exceso de l\u00edquido regresar\u00e1. <\/p>    <figure class=\"wp-block-gallery has-nested-images columns-default is-cropped wp-block-gallery-2 is-layout-flex wp-block-gallery-is-layout-flex\"> <figure class=\"wp-block-image size-large\"><img decoding=\"async\" data-id=\"2188\" src=\"https:\/\/taizypackaging.com\/wp-content\/uploads\/2021\/05\/sachet-water.jpg\" alt=\"bolsita de agua\" class=\"wp-image-2188\"\/><figcaption class=\"wp-element-caption\">bolsita de agua<\/figcaption><\/figure>    <figure class=\"wp-block-image size-large\"><img decoding=\"async\" data-id=\"2187\" src=\"https:\/\/taizypackaging.com\/wp-content\/uploads\/2021\/05\/bagged-milk-1.jpg\" alt=\"leche en bolsas\" class=\"wp-image-2187\"\/><figcaption class=\"wp-element-caption\">leche en bolsas<\/figcaption><\/figure> <\/figure>    <h2 class=\"wp-block-heading\" id=\"h-parameter-of-liquid-pouch-packing-machine\">Par\u00e1metros de la m\u00e1quina empacadora de bolsas de l\u00edquidos<\/h2>    <figure class=\"wp-block-table\"><table><tbody><tr><td>Modelo <strong><\/strong><\/td><td>AS-1000<strong><\/strong><\/td><\/tr><tr><td>Longitud del saco<strong><\/strong><\/td><td>50-150 mm<strong><\/strong><\/td><\/tr><tr><td>Ancho de la bolsa<strong><\/strong><\/td><td>40-150 mm<strong><\/strong><\/td><\/tr><tr><td>Ancho de la pel\u00edcula de embalaje<strong><\/strong><\/td><td>100-320 mm<strong><\/strong><\/td><\/tr><tr><td>Capacidad de embalaje<strong><\/strong><\/td><td>50-500 mm<strong><\/strong><\/td><\/tr><tr><td>Velocidad de embalaje<strong><\/strong><\/td><td>2000-2200 mm<strong><\/strong><\/td><\/tr><tr><td>fuerza<strong><\/strong><\/td><td>1,6 kw<strong><\/strong><\/td><\/tr><tr><td>Dimensiones<strong><\/strong><\/td><td>880*760*1800mm<strong><\/strong><\/td><\/tr><tr><td>Calidad general<strong><\/strong><\/td><td>275 kilos<strong><\/strong><\/td><\/tr><\/tbody><\/table><\/figure>    <h2 class=\"wp-block-heading\" id=\"h-features-of-liquid-packer\"><strong> <\/strong>Proceso de trabajo autom\u00e1tico de la m\u00e1quina empacadora de bolsas de l\u00edquidos<\/h2>    <p>Todo el proceso de trabajo de la m\u00e1quina empacadora de bolsas de l\u00edquido: entrega de pel\u00edcula, esterilizaci\u00f3n ultravioleta, fabricaci\u00f3n de bolsas, llenado y llenado, corte de bolsas, producto terminado.<\/p>    <figure class=\"wp-block-image size-large is-resized\"><img decoding=\"async\" src=\"https:\/\/taizypackaging.com\/wp-content\/uploads\/2021\/05\/working-process-of-liquid-packing-machine-2.jpg\" alt=\"proceso de trabajo de la m\u00e1quina envasadora de l\u00edquidos\" class=\"wp-image-1589\" style=\"width:720px;height:400px\"\/><figcaption class=\"wp-element-caption\">proceso de trabajo de la m\u00e1quina envasadora de l\u00edquidos<\/figcaption><\/figure>    <h2 class=\"wp-block-heading\" id=\"features-of-automatic-liquid-packaging-machine\">Caracter\u00edsticas de la m\u00e1quina autom\u00e1tica de envasado de l\u00edquidos.<\/h2>    <ol class=\"wp-block-list\"> <li>La m\u00e1quina empacadora de l\u00edquidos puede completar autom\u00e1ticamente el proceso de formaci\u00f3n de bolsas, medici\u00f3n, llenado, sellado, corte, conteo e impresi\u00f3n de fecha. Al mismo tiempo, se puede personalizar seg\u00fan los requisitos del cliente.<\/li>    <li>Esta m\u00e1quina tiene buen rendimiento y f\u00e1cil operaci\u00f3n.<\/li>    <li> Todas las piezas de contacto entre la m\u00e1quina envasadora de bolsas de l\u00edquido y el l\u00edquido utilizan acero inoxidable 304. Adem\u00e1s, esta m\u00e1quina cumple con los est\u00e1ndares de licencia de sanidad de alimentos y medicamentos. Puede equiparse con esterilizaci\u00f3n UV.<\/li>    <li>El m\u00e9todo de medici\u00f3n adopta una bomba de desplazamiento positivo de \u00e9mbolo para llenado y medici\u00f3n. El ajuste y la medici\u00f3n son sencillos.<\/li>    <li>El dise\u00f1o avanzado garantiza que la m\u00e1quina sea adecuada para diferentes industrias. Es muy conveniente ajustar, operar y mantener cuando se usa. Se puede utilizar con diversos equipos de medici\u00f3n autom\u00e1tica en el pa\u00eds y en el extranjero.<\/li> <\/ol>    <h2 class=\"wp-block-heading\" id=\"how-much-does-a-liquid-filling-packing-machine-cost\">\u00bfCu\u00e1nto cuesta una m\u00e1quina envasadora de llenado de l\u00edquidos? <\/h2>    <p>Hay muchos tipos de m\u00e1quinas empacadoras de bolsas de l\u00edquidos en el mercado. La misma m\u00e1quina envasadora de l\u00edquidos de diferentes fabricantes de m\u00e1quinas envasadoras puede variar entre 200 y 600 d\u00f3lares. Por eso, elegir la m\u00e1quina correcta es dif\u00edcil para los clientes. Si compra una m\u00e1quina bas\u00e1ndose \u00fanicamente en el costo, es posible que la m\u00e1quina que compr\u00f3 no sea confiable. La calidad y el servicio deben tomarse seriamente en cuenta. Y el precio de la m\u00e1quina envasadora de bolsas de l\u00edquidos se decide por su valor. En definitiva, la calidad y el servicio son prioridades. Porque una m\u00e1quina envasadora cuanto m\u00e1s la utilices, menor ser\u00e1 el coste. <\/p>    <figure class=\"wp-block-image size-full\"><img decoding=\"async\" src=\"https:\/\/taizypackaging.com\/wp-content\/uploads\/2021\/05\/liquid-packing-machine-factory.jpg\" alt=\"f\u00e1brica de m\u00e1quinas envasadoras de l\u00edquidos\" class=\"wp-image-3473\"\/><figcaption class=\"wp-element-caption\">f\u00e1brica de m\u00e1quinas envasadoras de l\u00edquidos<\/figcaption><\/figure>    <h2 class=\"wp-block-heading\" id=\"h-advantages-of-automatic-liquid-packing-machine\">Ventajas de la m\u00e1quina envasadora autom\u00e1tica de bolsitas l\u00edquidas.<\/h2>    <ol class=\"wp-block-list\"> <li>Amplia gama de envases: aptos para l\u00edquidos de diversos estados y propiedades;<\/li>    <li>Operaci\u00f3n conveniente: el control PLC y el sistema operativo de interfaz hombre-m\u00e1quina hacen que la operaci\u00f3n sea intuitiva y conveniente;<\/li>    <li>Adecuado para diferentes tipos de bolsas de embalaje;<\/li>    <li>Sistema de parada de energ\u00eda perfecto para garantizar la tasa de rendimiento y no desperdiciar bolsas y materiales;<\/li>    <li>La parte de embalaje de la m\u00e1quina adopta materiales de acero inoxidable para garantizar la higiene de los materiales y cumplir con los est\u00e1ndares GMP;<\/li>    <li>El alto grado de automatizaci\u00f3n: no tripulado en todo el proceso de pesaje y envasado, alarma autom\u00e1tica cuando se produce una falla;<\/li>    <li>La m\u00e1quina envasadora de l\u00edquidos adopta un dise\u00f1o resistente al agua. Puedes lavarlo con agua. Reducir\u00e1 la dificultad de mantenimiento y aumentar\u00e1 la vida \u00fatil de la m\u00e1quina.<\/li> <\/ol>    <figure class=\"wp-block-image size-large\"><img decoding=\"async\" src=\"https:\/\/taizypackaging.com\/wp-content\/uploads\/2021\/05\/liquid-packing-machine-details.jpg\" alt=\"Detalles de la m\u00e1quina envasadora de l\u00edquidos\" class=\"wp-image-1586\"\/><figcaption class=\"wp-element-caption\">Detalles de la m\u00e1quina envasadora de l\u00edquidos<\/figcaption><\/figure>    <h2 class=\"wp-block-heading\" id=\"h-working-principle-of-liquid-packaging-euipment\">Principio de funcionamiento de la m\u00e1quina envasadora autom\u00e1tica de l\u00edquidos. <\/h2>    <p>El material l\u00edquido pasa por la parte superior de la m\u00e1quina envasadora desde la caja de alimentaci\u00f3n. El material l\u00edquido fluir\u00e1 hacia el barril de alimentaci\u00f3n despu\u00e9s de ser medido.\u00a0El material de embalaje (como por ejemplo una pel\u00edcula de polipropileno) en el rollo es guiado hacia la pared exterior del cilindro de alimentaci\u00f3n mediante tres rodillos de tracci\u00f3n. Luego, se enrolla gradualmente en el cilindro contiguo mediante el formador de bolsa de solapa y un par de reversos continuos en el sellador longitudinal. El rodillo de sellado longitudinal giratorio se calienta y presuriza en la junta a tope para sellarla t\u00e9rmicamente firmemente en la direcci\u00f3n longitudinal.<\/p>    <p>El rodillo de sellado longitudinal puede desempe\u00f1ar el papel de termosellado. Adem\u00e1s, puede tirar y alimentar la pel\u00edcula al mismo tiempo.\u00a0El material a envasar se introduce en la bolsa de pl\u00e1stico mediante el cilindro de llenado compuesto por el comedero y la pared interior del formador. El termosellado transversal puede formar un sello transversal. Cuando el cortador giratorio del dispositivo de corte entra en contacto con el cortador fijo, el sello transversal se corta a lo largo de la l\u00ednea central. Su objetivo es completar el sellado superior de la bolsa de embalaje y el sellado inferior de la siguiente bolsa. La bolsa de embalaje sellada por la parte inferior se puede introducir directamente en la bolsa y luego pasar a una estaci\u00f3n para completar el sellado superior. Despu\u00e9s de eso, corte el dispositivo de corte para completar el proceso de embalaje. Por \u00faltimo, el dispositivo de transporte transporta el producto.\u00a0Todo el proceso de envasado es totalmente autom\u00e1tico y continuo.<\/p>    <h2 class=\"wp-block-heading\" id=\"h-f-q\">Preguntas y preguntas sobre la m\u00e1quina envasadora de l\u00edquidos<\/h2>    <ol class=\"wp-block-list\"> <li>\u00bfEsta m\u00e1quina puede envasar bebidas carbonatadas?<br>La m\u00e1quina envasadora de bolsas de l\u00edquidos no puede envasar bebidas carbonatadas. Si quieres envasar bebidas carbonatadas, puedes comprar un <a href=\"https:\/\/taizypackaging.com\/es\/automatic-liquid-filling-machine\/\" target=\"_blank\" rel=\"noreferrer noopener\">m\u00e1quina de llenado de l\u00edquidos<\/a>.<\/li>    <li>\u00bfPuede la m\u00e1quina envasadora de l\u00edquidos imprimir la fecha?<br>S\u00ed. Esta m\u00e1quina est\u00e1 equipada con un dispositivo de codificaci\u00f3n para realizar la codificaci\u00f3n de la fecha de producci\u00f3n. El formato de codificaci\u00f3n es codificaci\u00f3n de sello de acero.<\/li>    <li>\u00bfCu\u00e1nto cuesta la m\u00e1quina envasadora de bolsas de l\u00edquidos?<br>La m\u00e1quina tiene diferentes modelos. Adem\u00e1s, la m\u00e1quina tambi\u00e9n se puede personalizar seg\u00fan sus necesidades. Entonces el precio es diferente. Puede contactarnos para m\u00e1s detalles.<\/li>    <li>\u00bfEsta m\u00e1quina tiene funci\u00f3n de esterilizaci\u00f3n UV?<br>S\u00ed, los rayos ultravioleta esterilizan la pel\u00edcula de embalaje.<\/li>    <li>\u00bfC\u00f3mo se carga exactamente la m\u00e1quina envasadora de l\u00edquidos? \u00bfNecesitas un compresor de aire?<br>La bomba aspira el material de carga y lo introduce a trav\u00e9s de la tuber\u00eda. No se requiere compresor de aire.<\/li>    <li>\u00bfEl peso del embalaje y la longitud de la bolsa son ajustables?<br>Hay un bloque de ajuste detr\u00e1s de la caja. Y puede ajustar el peso y la longitud del embalaje.<\/li> <\/ol>","protected":false},"excerpt":{"rendered":"<p>Liquid pouch packing machine here is a type of automatic liquid filling sealing machine. It is suitable for packaging various liquid products, such as water, juice, oil, milk, detergent, soda, coffee, antiseptic, etc. The liquid sachet packing machine can automatically complete the process of film-forming, measuring, filling, sealing, cutting, counting, and printing. With a simple [&hellip;]<\/p>\n","protected":false},"author":1,"featured_media":4050,"parent":0,"template":"","tags":[592,258,591],"product-type":[661],"class_list":["post-1495","product","type-product","status-publish","has-post-thumbnail","hentry","tag-automatic-liquid-packing-machine","tag-liquid-packing-machine","tag-liquid-pouch-packing-machine","product-type-liquid-packing-machines"],"_links":{"self":[{"href":"https:\/\/taizypackaging.com\/es\/wp-json\/wp\/v2\/product\/1495","targetHints":{"allow":["GET"]}}],"collection":[{"href":"https:\/\/taizypackaging.com\/es\/wp-json\/wp\/v2\/product"}],"about":[{"href":"https:\/\/taizypackaging.com\/es\/wp-json\/wp\/v2\/types\/product"}],"author":[{"embeddable":true,"href":"https:\/\/taizypackaging.com\/es\/wp-json\/wp\/v2\/users\/1"}],"wp:featuredmedia":[{"embeddable":true,"href":"https:\/\/taizypackaging.com\/es\/wp-json\/wp\/v2\/media\/4050"}],"wp:attachment":[{"href":"https:\/\/taizypackaging.com\/es\/wp-json\/wp\/v2\/media?parent=1495"}],"wp:term":[{"taxonomy":"post_tag","embeddable":true,"href":"https:\/\/taizypackaging.com\/es\/wp-json\/wp\/v2\/tags?post=1495"},{"taxonomy":"product-type","embeddable":true,"href":"https:\/\/taizypackaging.com\/es\/wp-json\/wp\/v2\/product-type?post=1495"}],"curies":[{"name":"wp","href":"https:\/\/api.w.org\/{rel}","templated":true}]}}