{"id":1651,"date":"2021-05-13T07:20:10","date_gmt":"2021-05-13T07:20:10","guid":{"rendered":"https:\/\/taizypackaging.com\/?p=1651"},"modified":"2024-07-16T16:40:42","modified_gmt":"2024-07-16T08:40:42","slug":"bread-packing-machine-4","status":"publish","type":"product","link":"https:\/\/taizypackaging.com\/es\/bread-packing-machine\/","title":{"rendered":"M\u00e1quina empacadora de pan"},"content":{"rendered":"<div class=\"kk-star-ratings kksr-auto kksr-align-left kksr-valign-top\"     data-payload='{&quot;align&quot;:&quot;left&quot;,&quot;id&quot;:&quot;1651&quot;,&quot;slug&quot;:&quot;default&quot;,&quot;valign&quot;:&quot;top&quot;,&quot;ignore&quot;:&quot;&quot;,&quot;reference&quot;:&quot;auto&quot;,&quot;class&quot;:&quot;&quot;,&quot;count&quot;:&quot;29&quot;,&quot;legendonly&quot;:&quot;&quot;,&quot;readonly&quot;:&quot;&quot;,&quot;score&quot;:&quot;4.7&quot;,&quot;starsonly&quot;:&quot;&quot;,&quot;best&quot;:&quot;5&quot;,&quot;gap&quot;:&quot;5&quot;,&quot;greet&quot;:&quot;Rate this product&quot;,&quot;legend&quot;:&quot;4.7\\\/5 - (29 votos)&quot;,&quot;size&quot;:&quot;24&quot;,&quot;title&quot;:&quot;Bread Packing Machine&quot;,&quot;width&quot;:&quot;133.8&quot;,&quot;_legend&quot;:&quot;{score}\\\/{best} - ({count} {votes})&quot;,&quot;font_factor&quot;:&quot;1.25&quot;}'>              <div class=\"kksr-stars\">      <div class=\"kksr-stars-inactive\">             <div class=\"kksr-star\" data-star=\"1\" style=\"padding-right: 5px\">               <div class=\"kksr-icon\" style=\"width: 24px; height: 24px;\"><\/div>         <\/div>             <div class=\"kksr-star\" data-star=\"2\" style=\"padding-right: 5px\">               <div class=\"kksr-icon\" style=\"width: 24px; height: 24px;\"><\/div>         <\/div>             <div class=\"kksr-star\" data-star=\"3\" style=\"padding-right: 5px\">               <div class=\"kksr-icon\" style=\"width: 24px; height: 24px;\"><\/div>         <\/div>             <div class=\"kksr-star\" data-star=\"4\" style=\"padding-right: 5px\">               <div class=\"kksr-icon\" style=\"width: 24px; height: 24px;\"><\/div>         <\/div>             <div class=\"kksr-star\" data-star=\"5\" style=\"padding-right: 5px\">               <div class=\"kksr-icon\" style=\"width: 24px; height: 24px;\"><\/div>         <\/div>     <\/div>      <div class=\"kksr-stars-active\" style=\"width: 133.8px;\">             <div class=\"kksr-star\" style=\"padding-right: 5px\">               <div class=\"kksr-icon\" style=\"width: 24px; height: 24px;\"><\/div>         <\/div>             <div class=\"kksr-star\" style=\"padding-right: 5px\">               <div class=\"kksr-icon\" style=\"width: 24px; height: 24px;\"><\/div>         <\/div>             <div class=\"kksr-star\" style=\"padding-right: 5px\">               <div class=\"kksr-icon\" style=\"width: 24px; height: 24px;\"><\/div>         <\/div>             <div class=\"kksr-star\" style=\"padding-right: 5px\">               <div class=\"kksr-icon\" style=\"width: 24px; height: 24px;\"><\/div>         <\/div>             <div class=\"kksr-star\" style=\"padding-right: 5px\">               <div class=\"kksr-icon\" style=\"width: 24px; height: 24px;\"><\/div>         <\/div>     <\/div> <\/div>                   <div class=\"kksr-legend\" style=\"font-size: 19.2px;\">             4,7\/5 - (29 votos)    <\/div>     <\/div>  <p class=\"translation-block\">La <strong>m\u00e1quina de embalaje de pan<\/strong> es un tipo de m\u00e1quina de envoltura horizontal, por lo que tambi\u00e9n se llama <strong>m\u00e1quina de envoltura de pan<\/strong>. Puede finalizar autom\u00e1ticamente el proceso de alimentaci\u00f3n, fabricaci\u00f3n de bolsas, sellado y corte. Nuestra m\u00e1quina autom\u00e1tica de embalaje de pan puede mejorar enormemente su eficiencia y beneficiar su proyecto. <\/p>    <p class=\"translation-block\">Es adecuada para el embalaje de varios productos alimenticios y no alimenticios, como pan, reposter\u00eda, galletas, verduras, frutas, mascarillas, chocolate y muchos otros productos. Taizy Packaging Machinery LTD es un fabricante profesional de <strong>m\u00e1quinas de embalaje de pan<\/strong> con amplia experiencia. Bienvenido a ponerse en contacto con nosotros para obtener el mejor precio. <\/p>   <figure class=\"wp-block-embed-youtube wp-block-embed is-type-video is-provider-youtube wp-embed-aspect-16-9 wp-has-aspect-ratio\"><div class=\"lyte-wrapper fourthree\" title=\"Empaquetadora de pan\/m\u00e1quina empacadora de pasteler\u00eda\/m\u00e1quina empacadora de pan\/m\u00e1quina empacadora autom\u00e1tica de pan\" style=\"width:960px;max-width:100%;margin:5px auto;\"><div class=\"lyMe hidef\" id=\"WYL_KB7bKQwdDSI\" itemprop=\"video\" itemscope itemtype=\"https:\/\/schema.org\/VideoObject\"><div><meta itemprop=\"thumbnailUrl\" content=\"https:\/\/taizypackaging.com\/wp-content\/plugins\/wp-youtube-lyte\/lyteCache.php?origThumbUrl=https%3A%2F%2Fi.ytimg.com%2Fvi%2FKB7bKQwdDSI%2Fhqdefault.jpg\" \/><meta itemprop=\"embedURL\" content=\"https:\/\/www.youtube.com\/embed\/KB7bKQwdDSI\" \/><meta itemprop=\"duration\" content=\"PT1M32S\" \/><meta itemprop=\"uploadDate\" content=\"2020-12-08T07:36:08Z\" \/><\/div><div id=\"lyte_KB7bKQwdDSI\" data-src=\"https:\/\/taizypackaging.com\/wp-content\/plugins\/wp-youtube-lyte\/lyteCache.php?origThumbUrl=https%3A%2F%2Fi.ytimg.com%2Fvi%2FKB7bKQwdDSI%2Fhqdefault.jpg\" class=\"pL\"><div class=\"tC\"><div class=\"tT\" itemprop=\"name\">Empaquetadora de pan\/m\u00e1quina empacadora de pasteler\u00eda\/m\u00e1quina empacadora de pan\/m\u00e1quina empacadora autom\u00e1tica de pan<\/div><\/div><div class=\"play\"><\/div><div class=\"ctrl\"><div class=\"Lctrl\"><\/div><div class=\"Rctrl\"><\/div><\/div><\/div><noscript><a href=\"https:\/\/youtu.be\/KB7bKQwdDSI\" rel=\"nofollow noopener\" target=\"_blank\"><img loading=\"lazy\" decoding=\"async\" src=\"https:\/\/taizypackaging.com\/wp-content\/plugins\/wp-youtube-lyte\/lyteCache.php?origThumbUrl=https%3A%2F%2Fi.ytimg.com%2Fvi%2FKB7bKQwdDSI%2F0.jpg\" alt=\"Empaquetadora de pan\/m\u00e1quina empacadora de pasteler\u00eda\/m\u00e1quina empacadora de pan\/m\u00e1quina empacadora autom\u00e1tica de pan\" width=\"960\" height=\"700\" \/><br \/>Watch this video on YouTube<\/a><\/noscript><meta itemprop=\"description\" content=\"Website: https:\/\/taizypackaging.com\/ WhatsApp for factory price: +8617320158259 This bread packing machine can pack all kinds of bread, long loaf, sliced bread, small bread, pastry, sachima. and many more. According to your own packaging, you can configure date printing, inflation, brush and so on.\"><\/div><\/div><div class=\"lL\" style=\"max-width:100%;width:960px;margin:5px auto;\"><\/div><figcaption>v\u00eddeo de la m\u00e1quina envasadora de pan<\/figcaption><\/figure>   <h2 class=\"wp-block-heading\" id=\"what-is-bread-packing-machine\">\u00bfQu\u00e9 es una m\u00e1quina empacadora de pan? <\/h2>    <p class=\"translation-block\">La m\u00e1quina de embalaje de pan Taizy es un tipo de m\u00e1quina de embalaje en almohada. El pan es blando, por lo que las m\u00e1quinas de embalaje ordinarias no pueden empaquetar el pan individualmente. Debido a su estructura \u00fanica y razonable, la m\u00e1quina de embalaje en almohada puede finalizar el embalaje completamente autom\u00e1tico del pan. Y no da\u00f1ar su forma. Con un sistema de control <a href=\"https:\/\/en.wikipedia.org\/wiki\/Programmable_logic_controller\" target=\"_blank\" rel=\"noopener\">PLC<\/a> inteligente y tecnolog\u00eda avanzada, una m\u00e1quina de envoltura de flujo en almohada es muy f\u00e1cil de operar. Esto puede ahorrar enormemente sus costos laborales. <\/p>    <figure class=\"wp-block-image size-full\"><img loading=\"lazy\" decoding=\"async\" width=\"750\" height=\"500\" src=\"https:\/\/taizypackaging.com\/wp-content\/uploads\/2021\/05\/bread-packing-machine-2.jpg\" alt=\"maquina empacadora de pan\" class=\"wp-image-3486\" srcset=\"https:\/\/taizypackaging.com\/wp-content\/uploads\/2021\/05\/bread-packing-machine-2.jpg 750w, https:\/\/taizypackaging.com\/wp-content\/uploads\/2021\/05\/bread-packing-machine-2-300x200.jpg 300w\" sizes=\"auto, (max-width: 750px) 100vw, 750px\" \/><figcaption class=\"wp-element-caption\">maquina empacadora de pan<\/figcaption><\/figure>    <h2 class=\"wp-block-heading\" id=\"h-packaging-sample-of-the-horizontal-packing-machine\">Aplicaciones de la envasadora de pan<\/h2>    <p>Esta m\u00e1quina es ampliamente utilizada para el envasado de alimentos, como pan, chocolate, galletas, verduras, frutas, etc. Adem\u00e1s, tambi\u00e9n es adecuada para otros productos como herrajes met\u00e1licos, art\u00edculos de primera necesidad, pl\u00e1sticos y otros campos. <\/p>    <figure class=\"wp-block-image size-large\"><img decoding=\"async\" src=\"https:\/\/taizypackaging.com\/wp-content\/uploads\/2021\/05\/packing-sample.jpg\" alt=\"muestra de embalaje\" class=\"wp-image-1664\"\/><figcaption class=\"wp-element-caption\">muestra de embalaje<\/figcaption><\/figure>    <h2 class=\"wp-block-heading\" id=\"h-the-structure-of-the-bread-packaging-machine\">Estructuras de la m\u00e1quina envasadora de pan.<\/h2>    <p>La m\u00e1quina envasadora horizontal comprende un \u00e1rea de control ingl\u00e9s, un eje de pel\u00edcula en rollo de conexi\u00f3n, temperatura controlable en tiempo real, un \u00e1rea de sellado e impresora de fecha. Cada parte controla diferentes funciones. Una breve introducci\u00f3n a la m\u00e1quina envasadora de pan es la siguiente.<\/p>    <ol class=\"wp-block-list\"> <li><strong>Idioma ingl\u00e9s disponible<\/strong><br>Nuestra m\u00e1quina empacadora de pan adopta una pantalla t\u00e1ctil grande y el m\u00e9todo de entrada adopta el modo de conmutaci\u00f3n en chino e ingl\u00e9s.<\/li>    <li><strong> Eje de pel\u00edcula en rollo de varillaje<\/strong><br>El eje de pel\u00edcula en rollo vinculado funciona mejor que un eje de pel\u00edcula en rollo \u00fanico. Porque hay muchos tipos de materiales para la pel\u00edcula.<\/li>    <li><strong>Temperatura controlable en tiempo real<\/strong><br>Cuando la m\u00e1quina empacadora tipo almohada comienza a empacar, de acuerdo con las caracter\u00edsticas del material de la pel\u00edcula, recomendamos ajustar la temperatura a aproximadamente 125 grados Celsius para garantizar un buen efecto de sellado.<\/li>    <li> <strong>\u00c1rea de sellado<\/strong><br>La pel\u00edcula en rollo se preenvasa a trav\u00e9s del \u00e1rea termosellada. Los dos rodillos se denominan rueda selladora de pel\u00edcula.<\/li>    <li><strong>Impresora de fecha\u00a0<\/strong><br>El dispositivo de impresi\u00f3n puede imprimir la fecha, el n\u00famero de serie de producci\u00f3n, el c\u00f3digo QR, etc.<\/li> <\/ol>    <figure class=\"wp-block-image size-full\"><img decoding=\"async\" src=\"https:\/\/taizypackaging.com\/wp-content\/uploads\/2021\/05\/bread-packaging-machine-structure.jpg\" alt=\"estructura de la m\u00e1quina envasadora de pan\" class=\"wp-image-3489\"\/><figcaption class=\"wp-element-caption\">estructura de la m\u00e1quina envasadora de pan<\/figcaption><\/figure>    <h2 class=\"wp-block-heading\" id=\"h-the-working-principle-of-the-bread-packaging-machine\">Principio de funcionamiento de la m\u00e1quina envolvedora de pan.<\/h2>    <ul class=\"wp-block-list\"> <li>La m\u00e1quina empacadora de pan es una m\u00e1quina empacadora continua con una gran capacidad de empaque, adecuada para diversas especificaciones de productos alimenticios y no alimenticios.<\/li>    <li>La m\u00e1quina empacadora de almohadas adopta m\u00e9todos de corte y desplazamiento, y el seguimiento ocular fotoel\u00e9ctrico de alta sensibilidad no cerrar\u00e1 bolsas vac\u00edas ni cortar\u00e1 en diagonal.<\/li>    <li>La m\u00e1quina envasadora horizontal adopta un control de convertidor de frecuencia dual, lo que ahorra tiempo y pel\u00edcula al mismo tiempo.<\/li>    <li>La interfaz de control hombre-m\u00e1quina y la funci\u00f3n de diagn\u00f3stico autom\u00e1tico se adoptan en la operaci\u00f3n, y las fallas del equipo son f\u00e1ciles de detectar.<\/li> <\/ul>    <h2 class=\"wp-block-heading\" id=\"h-power-equipment-of-the-bread-packing-machine\">El sistema de energ\u00eda de la m\u00e1quina empacadora de pan.<\/h2>    <p>La potencia utilizada por la m\u00e1quina envasadora de pan es un motor. La mayor\u00eda de las m\u00e1quinas envasadoras generalmente utilizan motores de frecuencia variable y tambi\u00e9n se pueden utilizar servomotores. Una m\u00e1quina tiene dos motores. El motor grande controla la cinta transportadora en la entrada, el transportador en la salida y el cortador. Un peque\u00f1o motor controla el rollo de pel\u00edcula.<\/p>    <p>Los servomotores se pueden utilizar para cortar embalajes de productos con longitudes irregulares. El servomotor puede detectar autom\u00e1ticamente la longitud de corte del objeto para evitar errores de corte. Por ejemplo, al envasar fideos, verduras, frutas y otros productos, el servomotor es la mejor opci\u00f3n porque la longitud del embalaje de estos productos no es fija.<\/p>    <figure class=\"wp-block-gallery has-nested-images columns-default is-cropped wp-block-gallery-2 is-layout-flex wp-block-gallery-is-layout-flex\"> <figure class=\"wp-block-image size-large\"><img loading=\"lazy\" decoding=\"async\" width=\"720\" height=\"540\" data-id=\"1828\" src=\"https:\/\/taizypackaging.com\/wp-content\/uploads\/2021\/05\/variable-frequency-motor.jpg\" alt=\"motor de frecuencia variable\" class=\"wp-image-1828\" srcset=\"https:\/\/taizypackaging.com\/wp-content\/uploads\/2021\/05\/variable-frequency-motor.jpg 720w, https:\/\/taizypackaging.com\/wp-content\/uploads\/2021\/05\/variable-frequency-motor-300x225.jpg 300w\" sizes=\"auto, (max-width: 720px) 100vw, 720px\" \/><figcaption class=\"wp-element-caption\">motor de frecuencia variable<\/figcaption><\/figure>    <figure class=\"wp-block-image size-large\"><img loading=\"lazy\" decoding=\"async\" width=\"720\" height=\"540\" data-id=\"1827\" src=\"https:\/\/taizypackaging.com\/wp-content\/uploads\/2021\/05\/servo-motor.jpg\" alt=\"servo motor\" class=\"wp-image-1827\" srcset=\"https:\/\/taizypackaging.com\/wp-content\/uploads\/2021\/05\/servo-motor.jpg 720w, https:\/\/taizypackaging.com\/wp-content\/uploads\/2021\/05\/servo-motor-300x225.jpg 300w\" sizes=\"auto, (max-width: 720px) 100vw, 720px\" \/><figcaption class=\"wp-element-caption\">servo motor<\/figcaption><\/figure> <\/figure>    <h2 class=\"wp-block-heading\" id=\"h-main-performance-and-structural-characteristics\">Principales ventajas y caracter\u00edsticas estructurales.<\/h2>    <ol class=\"wp-block-list\"> <li>Doble control del inversor, la longitud de la bolsa se ajusta y corta inmediatamente, no hay necesidad de ajustar el recorrido vac\u00edo, un paso en el lugar, ahorrando tiempo y pel\u00edcula.<\/li>    <li>Interfaz hombre-m\u00e1quina, configuraci\u00f3n de par\u00e1metros c\u00f3moda y r\u00e1pida.<\/li>    <li>Funci\u00f3n de autodiagn\u00f3stico de fallas, visualizaci\u00f3n clara de fallas.<\/li>    <li>Seguimiento fotoel\u00e9ctrico de marcas de color de ojos de alta sensibilidad, entrada digital de posici\u00f3n de sellado y corte, lo que hace que la posici\u00f3n de sellado y corte sea m\u00e1s precisa.<\/li>    <li>El control PID independiente de la temperatura es m\u00e1s adecuado para diversos materiales de embalaje.<\/li>    <li>Funci\u00f3n de parada de posicionamiento, sin cuchillo pegado, sin residuos de pel\u00edcula.<\/li>    <li>Sistema de transmisi\u00f3n simple, trabajo m\u00e1s confiable y mantenimiento m\u00e1s conveniente.<\/li>    <li>Todos los controles se realizan mediante software, que es conveniente para el ajuste de funciones y la actualizaci\u00f3n de tecnolog\u00eda, y nunca demora.<\/li> <\/ol>    <h2 class=\"wp-block-heading\">Precio de la m\u00e1quina empacadora de pan<\/h2>    <p>\u00bfTiene curiosidad sobre el coste de una m\u00e1quina envasadora de pan? El precio de una m\u00e1quina empacadora de pan puede variar seg\u00fan factores como las caracter\u00edsticas, la capacidad y la marca. Para encontrar la mejor oferta, considere sus necesidades de embalaje espec\u00edficas y compare opciones de proveedores acreditados.<\/p>    <p>Ya sea que tenga una peque\u00f1a panader\u00eda o una producci\u00f3n a gran escala, invertir en equipos eficientes de envasado de pan es crucial para optimizar su flujo de trabajo. Explore nuestra gu\u00eda completa para descubrir los factores que influyen en el precio de los equipos de envasado de pan y tomar una decisi\u00f3n informada para su negocio.<\/p>    <h2 class=\"wp-block-heading\" id=\"h-two-types-of-tz-450-horizontal-packaging-machines\">Dos tipos de envasadoras de pan TZ-450<\/h2>    <p>La pel\u00edcula en rollo de la m\u00e1quina empacadora de pan tiene dos modos de transporte: alimentaci\u00f3n superior y alimentaci\u00f3n inferior. El rollo de pel\u00edcula est\u00e1 en la parte superior de la m\u00e1quina para el alimentador superior, el primero se puede ajustar y el cortador vertical est\u00e1 dentro de la m\u00e1quina. <\/p>    <p>M\u00e1quina envasadora de papel de alimentaci\u00f3n descendente, el rollo de pel\u00edcula est\u00e1 debajo de la m\u00e1quina y el primero no es ajustable. Puedes adquirir diferentes formadores para cambiar el ancho de corte. En el proceso de uso del motor, puede ajustar el ancho de corte de la m\u00e1quina seg\u00fan sus necesidades. La circunferencia m\u00e1xima de corte de la TZ-450 es de 450 mm.<\/p>    <figure class=\"wp-block-image size-large\"><img decoding=\"async\" src=\"https:\/\/taizypackaging.com\/wp-content\/uploads\/2021\/05\/horizontal-packing-machine.jpg\" alt=\"maquina empacadora horizontal\" class=\"wp-image-1665\"\/><figcaption class=\"wp-element-caption\">maquina empacadora horizontal<\/figcaption><\/figure>    <h2 class=\"wp-block-heading\" id=\"h-parameters-of-the-bread-packing-machine\">Par\u00e1metros de la m\u00e1quina envasadora de pan.<\/h2>    <figure class=\"wp-block-table\"><table><tbody><tr><td>Modelo<\/td><td>TH-450<\/td><\/tr><tr><td>Ancho de la pel\u00edcula<\/td><td>M\u00e1x. 450 mm<\/td><\/tr><tr><td>Longitud del saco<\/td><td>130-450 mm<\/td><\/tr><tr><td>Ancho de fabricaci\u00f3n de bolsas<\/td><td>50-180 mm<\/td><\/tr><tr><td>Altura del producto<\/td><td>M\u00e1x.70 mm<\/td><\/tr><tr><td>Di\u00e1metro del rollo de pel\u00edcula<\/td><td>M\u00e1x. 320 mm<\/td><\/tr><tr><td>Velocidad de embalaje<\/td><td>30-180 bolsas\/minuto<\/td><\/tr><tr><td>Especificaciones de energ\u00eda<\/td><td>220V, 50\/60HZ, 2.6KVA<\/td><\/tr><tr><td>Tama\u00f1o de la m\u00e1quina<\/td><td>(Largo)4020\u00d7(Ancho)820\u00d7(Alto)1450<\/td><\/tr><tr><td>Calidad de la m\u00e1quina<\/td><td>900 kilos<\/td><\/tr><tr><td>Observaciones<\/td><td>poder personalizar&nbsp;<\/td><\/tr><\/tbody><\/table><figcaption class=\"wp-element-caption\">maquina empacadora de pan<\/figcaption><\/figure>    <p>La m\u00e1quina empacadora de pan modelo TH-450 puede empacar entre 30 y 180 paquetes de productos por minuto. El tama\u00f1o de la m\u00e1quina es 4020x820x1450mm. Si tiene alguna necesidad especial, podemos brindarle un servicio de personalizaci\u00f3n \u00fanico. Bienvenido a contactarnos para obtener la \u00faltima cotizaci\u00f3n.<\/p>    <p class=\"translation-block\">En nuestra empresa, tambi\u00e9n tenemos otras m\u00e1quinas de embalaje a la venta, como <a href=\"https:\/\/taizypackaging.com\/es\/vacuum-packing-machine\/\">m\u00e1quinas de embalaje al vac\u00edo<\/a>, <a href=\"https:\/\/taizypackaging.com\/es\/spice-packing-machine\/\">m\u00e1quinas de embalaje de polvo<\/a>, etc.<\/p>    <h2 class=\"wp-block-heading\" id=\"h-machine-accessories-or-toolbox\">Visualizaci\u00f3n de la caja de herramientas<\/h2>    <p>Esta m\u00e1quina envasadora horizontal est\u00e1 equipada con una caja de herramientas. La caja de herramientas incluye llaves inglesas, destornilladores, llaves Allen de 9 tama\u00f1os, cortadores, correas de motor y dos cables calefactores. Puede instalar y operar la m\u00e1quina de acuerdo con las instrucciones. La m\u00e1quina envasadora de pan es f\u00e1cil de instalar y operar. El personal t\u00e9cnico de nuestra empresa Taizy Machinery le orientar\u00e1 en cualquier momento.<\/p>    <figure class=\"wp-block-image size-large\"><img decoding=\"async\" src=\"https:\/\/taizypackaging.com\/wp-content\/uploads\/2021\/05\/toolbox.jpg\" alt=\"caja de herramientas\" class=\"wp-image-1666\"\/><figcaption class=\"wp-element-caption\">caja de herramientas<\/figcaption><\/figure>","protected":false},"excerpt":{"rendered":"<p>La m\u00e1quina empacadora TZ-450 es un modelo de m\u00e1quina empacadora horizontal. Tiene una amplia aplicaci\u00f3n en diversos campos, incluido el envasado de pan, fideos, verduras, productos m\u00e9dicos, etc.<\/p>","protected":false},"author":1,"featured_media":4892,"parent":0,"template":"","tags":[78,183,259,304,513],"product-type":[659],"class_list":["post-1651","product","type-product","status-publish","has-post-thumbnail","hentry","tag-bread","tag-fruits","tag-loaf","tag-noodles","tag-vegetables","product-type-granule-packing-machines"],"_links":{"self":[{"href":"https:\/\/taizypackaging.com\/es\/wp-json\/wp\/v2\/product\/1651","targetHints":{"allow":["GET"]}}],"collection":[{"href":"https:\/\/taizypackaging.com\/es\/wp-json\/wp\/v2\/product"}],"about":[{"href":"https:\/\/taizypackaging.com\/es\/wp-json\/wp\/v2\/types\/product"}],"author":[{"embeddable":true,"href":"https:\/\/taizypackaging.com\/es\/wp-json\/wp\/v2\/users\/1"}],"wp:featuredmedia":[{"embeddable":true,"href":"https:\/\/taizypackaging.com\/es\/wp-json\/wp\/v2\/media\/4892"}],"wp:attachment":[{"href":"https:\/\/taizypackaging.com\/es\/wp-json\/wp\/v2\/media?parent=1651"}],"wp:term":[{"taxonomy":"post_tag","embeddable":true,"href":"https:\/\/taizypackaging.com\/es\/wp-json\/wp\/v2\/tags?post=1651"},{"taxonomy":"product-type","embeddable":true,"href":"https:\/\/taizypackaging.com\/es\/wp-json\/wp\/v2\/product-type?post=1651"}],"curies":[{"name":"wp","href":"https:\/\/api.w.org\/{rel}","templated":true}]}}