{"id":1722,"date":"2021-05-14T09:51:35","date_gmt":"2021-05-14T09:51:35","guid":{"rendered":"https:\/\/taizypackaging.com\/?p=1722"},"modified":"2024-07-16T16:52:46","modified_gmt":"2024-07-16T08:52:46","slug":"vegetable-packing-machine","status":"publish","type":"product","link":"https:\/\/taizypackaging.com\/es\/vegetable-packing-machine\/","title":{"rendered":"M\u00e1quina empacadora de vegetales"},"content":{"rendered":"<div class=\"kk-star-ratings kksr-auto kksr-align-left kksr-valign-top\"     data-payload='{&quot;align&quot;:&quot;left&quot;,&quot;id&quot;:&quot;1722&quot;,&quot;slug&quot;:&quot;default&quot;,&quot;valign&quot;:&quot;top&quot;,&quot;ignore&quot;:&quot;&quot;,&quot;reference&quot;:&quot;auto&quot;,&quot;class&quot;:&quot;&quot;,&quot;count&quot;:&quot;5&quot;,&quot;legendonly&quot;:&quot;&quot;,&quot;readonly&quot;:&quot;&quot;,&quot;score&quot;:&quot;4.7&quot;,&quot;starsonly&quot;:&quot;&quot;,&quot;best&quot;:&quot;5&quot;,&quot;gap&quot;:&quot;5&quot;,&quot;greet&quot;:&quot;Rate this product&quot;,&quot;legend&quot;:&quot;4.7\\\/5 - (5 votos)&quot;,&quot;size&quot;:&quot;24&quot;,&quot;title&quot;:&quot;Vegetable Packing Machine&quot;,&quot;width&quot;:&quot;133.8&quot;,&quot;_legend&quot;:&quot;{score}\\\/{best} - ({count} {votes})&quot;,&quot;font_factor&quot;:&quot;1.25&quot;}'>              <div class=\"kksr-stars\">      <div class=\"kksr-stars-inactive\">             <div class=\"kksr-star\" data-star=\"1\" style=\"padding-right: 5px\">               <div class=\"kksr-icon\" style=\"width: 24px; height: 24px;\"><\/div>         <\/div>             <div class=\"kksr-star\" data-star=\"2\" style=\"padding-right: 5px\">               <div class=\"kksr-icon\" style=\"width: 24px; height: 24px;\"><\/div>         <\/div>             <div class=\"kksr-star\" data-star=\"3\" style=\"padding-right: 5px\">               <div class=\"kksr-icon\" style=\"width: 24px; height: 24px;\"><\/div>         <\/div>             <div class=\"kksr-star\" data-star=\"4\" style=\"padding-right: 5px\">               <div class=\"kksr-icon\" style=\"width: 24px; height: 24px;\"><\/div>         <\/div>             <div class=\"kksr-star\" data-star=\"5\" style=\"padding-right: 5px\">               <div class=\"kksr-icon\" style=\"width: 24px; height: 24px;\"><\/div>         <\/div>     <\/div>      <div class=\"kksr-stars-active\" style=\"width: 133.8px;\">             <div class=\"kksr-star\" style=\"padding-right: 5px\">               <div class=\"kksr-icon\" style=\"width: 24px; height: 24px;\"><\/div>         <\/div>             <div class=\"kksr-star\" style=\"padding-right: 5px\">               <div class=\"kksr-icon\" style=\"width: 24px; height: 24px;\"><\/div>         <\/div>             <div class=\"kksr-star\" style=\"padding-right: 5px\">               <div class=\"kksr-icon\" style=\"width: 24px; height: 24px;\"><\/div>         <\/div>             <div class=\"kksr-star\" style=\"padding-right: 5px\">               <div class=\"kksr-icon\" style=\"width: 24px; height: 24px;\"><\/div>         <\/div>             <div class=\"kksr-star\" style=\"padding-right: 5px\">               <div class=\"kksr-icon\" style=\"width: 24px; height: 24px;\"><\/div>         <\/div>     <\/div> <\/div>                   <div class=\"kksr-legend\" style=\"font-size: 19.2px;\">             4,7\/5 - (5 votos)    <\/div>     <\/div>  <p class=\"translation-block\">La <strong>m\u00e1quina envasadora de verduras<\/strong> est\u00e1 dise\u00f1ada para envasar autom\u00e1ticamente frutas y verduras. Es un tipo de m\u00e1quina de envasado en flujo, tambi\u00e9n llamada m\u00e1quina envolvedora de verduras. Las m\u00e1quinas envasadoras de verduras pueden completar estas tareas: formaci\u00f3n de bolsas, envasado, sellado y corte. Es una herramienta de envasado tremendamente s\u00faper eficiente para diversas frutas y verduras para supermercados. Con un sistema de control avanzado y un motor de marca, la m\u00e1quina envasadora de verduras Taizy en venta tiene un rendimiento muy alto y buena calidad. Adem\u00e1s, la adopci\u00f3n de una estructura completamente de acero inoxidable es duradera y confiable. Bienvenido a contactarnos para obtener el mejor precio. <\/p>    <h2 class=\"wp-block-heading\" id=\"h-working-video-of-the-frozen-food-packing-machine\">V\u00eddeo de funcionamiento de la envasadora de verduras.<\/h2>   <figure class=\"wp-block-embed-youtube wp-block-embed is-type-video is-provider-youtube wp-embed-aspect-16-9 wp-has-aspect-ratio\"><div class=\"lyte-wrapper fourthree\" title=\"Empaquetadora autom\u00e1tica de frutas y verduras para supermercado | M\u00e1quina de embalaje de flujo de alimentos\" style=\"width:960px;max-width:100%;margin:5px auto;\"><div class=\"lyMe hidef\" id=\"WYL_PKEaxerS08Q\" itemprop=\"video\" itemscope itemtype=\"https:\/\/schema.org\/VideoObject\"><div><meta itemprop=\"thumbnailUrl\" content=\"https:\/\/taizypackaging.com\/wp-content\/plugins\/wp-youtube-lyte\/lyteCache.php?origThumbUrl=https%3A%2F%2Fi.ytimg.com%2Fvi%2FPKEaxerS08Q%2Fmaxresdefault.jpg\" \/><meta itemprop=\"embedURL\" content=\"https:\/\/www.youtube.com\/embed\/PKEaxerS08Q\" \/><meta itemprop=\"duration\" content=\"PT2M4S\" \/><meta itemprop=\"uploadDate\" content=\"2022-01-25T06:45:27Z\" \/><\/div><div id=\"lyte_PKEaxerS08Q\" data-src=\"https:\/\/taizypackaging.com\/wp-content\/plugins\/wp-youtube-lyte\/lyteCache.php?origThumbUrl=https%3A%2F%2Fi.ytimg.com%2Fvi%2FPKEaxerS08Q%2Fmaxresdefault.jpg\" class=\"pL\"><div class=\"tC\"><div class=\"tT\" itemprop=\"name\">Empaquetadora autom\u00e1tica de frutas y verduras para supermercado | M\u00e1quina de embalaje de flujo de alimentos<\/div><\/div><div class=\"play\"><\/div><div class=\"ctrl\"><div class=\"Lctrl\"><\/div><div class=\"Rctrl\"><\/div><\/div><\/div><noscript><a href=\"https:\/\/youtu.be\/PKEaxerS08Q\" rel=\"nofollow noopener\" target=\"_blank\"><img loading=\"lazy\" decoding=\"async\" src=\"https:\/\/taizypackaging.com\/wp-content\/plugins\/wp-youtube-lyte\/lyteCache.php?origThumbUrl=https%3A%2F%2Fi.ytimg.com%2Fvi%2FPKEaxerS08Q%2F0.jpg\" alt=\"Empaquetadora autom\u00e1tica de frutas y verduras para supermercado | M\u00e1quina de embalaje de flujo de alimentos\" width=\"960\" height=\"700\" \/><br \/>Watch this video on YouTube<\/a><\/noscript><meta itemprop=\"description\" content=\"#vegetablepacking #foodpacking #flowwrapping EMAIL: info@taizypackaging.com TEL\/WHATSAPP: +86 18837171591 USEFUL REFERENCE: https:\/\/taizypackaging.com\/vegetable-packing-machine\/ In fact, this kind of fruit and vegetable packing machine is a horizontal flow wrapping machine. This machine is suitable for packing various food products, such as fruits, vegetables, biscuits, bread, frozen food, etc. Besides, it can also package non-food products like a face mask, soap, etc. Features of Fruits and Vegetable Packing Machine 1. Good performance, low maintenance; 2. Improve the production efficiency, so as to bring more profits; 3. Advanced technology, elegant appearance, high reputation; 4. Manual is replaced by the mechanical, so that reduce the workforce cost; 5. Intelligent PLC control system, easy to operate. You may also like these videos from us: Food vacuum sealer: https:\/\/www.youtube.com\/watch?v=aPYp44oAyio Super-efficient snacks packing machine: https:\/\/www.youtube.com\/watch?v=mfQQ28r7qzY EMAIL: info@taizypackaging.com TEL\/WHATSAPP: +86 18837171591 Click here for more details: https:\/\/taizypackaging.com\/vegetable-packing-machine\/\"><\/div><\/div><div class=\"lL\" style=\"max-width:100%;width:960px;margin:5px auto;\"><\/div><figcaption><\/figcaption><\/figure>   <h2 class=\"wp-block-heading\" id=\"vegetable-packaging-effect-display\">Visualizaci\u00f3n de efecto de envasado de verduras. <\/h2>    <p class=\"translation-block\">Este conjunto de m\u00e1quinas envasadoras de verduras es adecuado para diversas frutas y verduras, como verduras de hoja verde, <a href=\"https:\/\/en.wikipedia.org\/wiki\/Tomato\" target=\"_blank\" rel=\"noopener\">tomates<\/a>, pepinos, caup\u00edes, etc. Adem\u00e1s, tambi\u00e9n es ideal para otros productos alimenticios como pan, galletas, caramelos, chocolate, fideos, pasta, etc. Este tipo de m\u00e1quina solo admite el m\u00e9todo de sellado trasero. <\/p>    <figure class=\"wp-block-image size-large\"><img decoding=\"async\" src=\"https:\/\/taizypackaging.com\/wp-content\/uploads\/2021\/05\/Fruits-and-frozen-food-packaging.jpg\" alt=\"Envases de frutas y alimentos congelados.\" class=\"wp-image-1741\"\/><figcaption class=\"wp-element-caption\">Envases de frutas y alimentos congelados.<\/figcaption><\/figure>    <h2 class=\"wp-block-heading\" id=\"h-working-process-of-the-frozen-food-packing-machine\">Proceso de trabajo de la envasadora de verduras.<\/h2>    <p>1. La plataforma cinematogr\u00e1fica se encarga del transporte de alimentos.<br>2. La pel\u00edcula se instala en el dispositivo de rollo de pel\u00edcula. Puede envolver los productos de manera constante cuando llegan.<br>3. La pieza formadora controla el embalaje del producto. Concluye con el cortador vertical, el cortador horizontal y el tubo de calefacci\u00f3n. Es la parte m\u00e1s importante del proceso de embalaje.<br>5. Por \u00faltimo, el producto terminado sale por la cinta transportadora.<\/p>    <figure class=\"wp-block-image size-large\"><img decoding=\"async\" src=\"https:\/\/taizypackaging.com\/wp-content\/uploads\/2021\/05\/components-of-the-horizontal-packing-machine.jpg\" alt=\"Componentes de la m\u00e1quina envasadora horizontal.\" class=\"wp-image-1768\"\/><figcaption class=\"wp-element-caption\">Componentes de la m\u00e1quina envasadora horizontal.<\/figcaption><\/figure>    <h2 class=\"wp-block-heading\" id=\"h-technical-parameters\">Par\u00e1metros t\u00e9cnicos de la m\u00e1quina envasadora de verduras Taizy.<\/h2>    <figure class=\"wp-block-table\"><table><tbody><tr><td>Modelo<\/td><td>TH-250<\/td><td>TH-350<\/td><td>TH-450<\/td><td>TH-600<\/td><\/tr><tr><td>Longitud del saco<\/td><td>100-600 mm<\/td><td>100-600 mm<\/td><td>100-600 mm<\/td><td>120-600 mm<\/td><\/tr><tr><td>Ancho de la bolsa<\/td><td>50-110 mm<\/td><td>50-160 mm<\/td><td>50-210 mm<\/td><td>50-280 mm<\/td><\/tr><tr><td>Altura de la mochila<\/td><td>M\u00e1ximo 40 mm<\/td><td>M\u00e1ximo 100 mm<\/td><td>M\u00e1ximo 100 mm<\/td><td>M\u00e1ximo 100 mm<\/td><\/tr><tr><td>Velocidad de embalaje<\/td><td>5-200 bolsas\/minuto<\/td><td>5-200 bolsas\/minuto<\/td><td>5-200 bolsas\/minuto<\/td><td>30-180 bolsas\/minuto<\/td><\/tr><tr><td>Fuerza<\/td><td>220 V, 50\/60 Hz, 2,4 KVA<\/td><td>220 V, 50\/60 Hz, 2,4 KVA<\/td><td>220 V, 50\/60 Hz, 2,6 KVA<\/td><td>220 V, 50\/60 Hz, 3,4 KVA<\/td><\/tr><tr><td>Tama\u00f1o de la m\u00e1quina<\/td><td>(Largo)4020*(Ancho)720*(Alto)1450mm<\/td><td>(Largo)4020*(Ancho)720*(Alto)1450mm<\/td><td>(Largo)4020*(Ancho)720*(Alto)1450mm<\/td><td>(Largo)4380*(Ancho)970*(Alto)1500mm<\/td><\/tr><tr><td>Peso<\/td><td>800 kilos<\/td><td>800 kilos<\/td><td>900 kilos<\/td><td>960 kilos<\/td><\/tr><\/tbody><\/table><\/figure>    <p>En Taizy Packaging Machinery tenemos a la venta varios modelos de m\u00e1quinas envasadoras de verduras. Cada m\u00e1quina tiene diferentes velocidades y tama\u00f1os de embalaje, etc. Puede elegir seg\u00fan sus necesidades.<\/p>    <h2 class=\"wp-block-heading\" id=\"h-features-and-advantages-of-the-frozen-food-packing-machine\">Caracter\u00edsticas y ventajas de la envasadora de frutas y verduras.<\/h2>    <p>1. Puede ajustar el panel de operaci\u00f3n seg\u00fan los diferentes materiales de embalaje.<br>2. La m\u00e1quina empacadora de vegetales horizontal puede equiparse con una cuchilla simple, una cuchilla doble y tres cuchillas para cortar.<br>3. Es conveniente configurar par\u00e1metros con un sistema de control PLC inteligente. <br>4. El seguimiento del cursor de alta sensibilidad y la entrada digital de la posici\u00f3n de sellado y corte hacen que la posici\u00f3n de sellado y corte sea m\u00e1s precisa.<br>5. El sistema de transmisi\u00f3n es simple, la operaci\u00f3n es m\u00e1s confiable y el mantenimiento es m\u00e1s conveniente.<br>6. La m\u00e1quina empacadora de almohadas horizontal tiene una funci\u00f3n de autodiagn\u00f3stico de fallas, por lo que la falla se muestra de un vistazo.<br>7. Doble control del inversor y la longitud de la bolsa se establece y luego se corta inmediatamente. No es necesario ajustar el funcionamiento en vac\u00edo y hay un paso en su lugar. Todo el proceso de envasado ahorra tiempo y pel\u00edcula.<br>8. Un PID independiente controla la temperatura, lo que es m\u00e1s adecuado para diversos materiales de embalaje.<\/p>    <figure class=\"wp-block-image size-full\"><img loading=\"lazy\" decoding=\"async\" width=\"750\" height=\"500\" src=\"https:\/\/taizypackaging.com\/wp-content\/uploads\/2021\/05\/bread-packing-machine-2.jpg\" alt=\"maquina empacadora de pan\" class=\"wp-image-3486\" srcset=\"https:\/\/taizypackaging.com\/wp-content\/uploads\/2021\/05\/bread-packing-machine-2.jpg 750w, https:\/\/taizypackaging.com\/wp-content\/uploads\/2021\/05\/bread-packing-machine-2-300x200.jpg 300w\" sizes=\"auto, (max-width: 750px) 100vw, 750px\" \/><figcaption class=\"wp-element-caption\">empaquetadora horizontal de almohadas<\/figcaption><\/figure>    <h2 class=\"wp-block-heading\" id=\"what-is-the-common-packaging-materials-for-vegetables\">\u00bfCu\u00e1les son los materiales de embalaje comunes para verduras?<\/h2>    <p class=\"translation-block\">Las bolsas de <strong>pl\u00e1stico<\/strong> (pel\u00edcula de polietileno) son los materiales de envasado comunes para frutas y verduras. No solo el bajo costo de los pl\u00e1sticos, sino tambi\u00e9n las caracter\u00edsticas transparentes y la f\u00e1cil inspecci\u00f3n del contenido. Es m\u00e1s atractivo para los clientes. Adem\u00e1s, las m\u00e1quinas envasadoras autom\u00e1ticas pueden reducir a\u00fan m\u00e1s los costos. Y equipadas con m\u00e1quinas de soporte como <a href=\"https:\/\/taizypackaging.com\/es\/single-chamber-vacuum-packing-machine\/\">m\u00e1quinas envasadoras al vac\u00edo<\/a> de verduras y sistemas de carga de aire, pueden adaptarse a diferentes requisitos de envasado espec\u00edficos. Los estudios han demostrado que dicho envasado extiende significativamente la vida \u00fatil de los productos frescos. La explosi\u00f3n de productos precortados se debe en parte a la disponibilidad de envases con atm\u00f3sfera mejorada.<\/p>    <h2 class=\"wp-block-heading\" id=\"h-why-should-we-pack-products-by-packing-machines\">\u00bfPor qu\u00e9 necesita una empaquetadora autom\u00e1tica de verduras?<\/h2>    <ol class=\"wp-block-list\"> <li>Al principio, el embalaje del producto era s\u00f3lo para portabilidad y transporte.<\/li>    <li>Con la mejora del nivel de vida de las personas, se a\u00f1aden continuamente elementos de belleza para que el producto luzca m\u00e1s bonito y agradable.<\/li>    <li>La competencia en el mercado es cada vez m\u00e1s feroz y hay que buscar la diferenciaci\u00f3n en todos los aspectos para atraer la atenci\u00f3n de los consumidores. El packaging se ha convertido en un importante medio de diferenciaci\u00f3n.<\/li>    <li>El embalaje a\u00f1ade elementos de marca y se convierte en un soporte importante para mostrar la imagen de la marca.<\/li>    <li>La aparici\u00f3n de Internet ha hecho que las compras sean m\u00e1s c\u00f3modas y tambi\u00e9n ha facilitado el cambio a los consumidores. La funci\u00f3n comunicativa del embalaje de los productos es cada vez m\u00e1s destacada.<\/li> <\/ol>    <h2 class=\"wp-block-heading\" id=\"why-choose-us\">\u00bfPor qu\u00e9 elegirnos? <\/h2>    <p class=\"translation-block\">Con una rica experiencia en el dise\u00f1o, investigaci\u00f3n, producci\u00f3n y suministro de m\u00e1quinas envasadoras de verduras de calidad, Taizy ha ayudado a muchos peque\u00f1os empresarios a iniciar sus proyectos. Nuestras <a href=\"https:\/\/taizypackaging.com\/es\/horizontal-packing-machine\/\">m\u00e1quinas de envasado en flujo horizontales<\/a> se han exportado con \u00e9xito a m\u00e1s de 30 pa\u00edses y regiones. \u00bfPor qu\u00e9 las <a href=\"https:\/\/taizypackaging.com\/es\/\">m\u00e1quinas de envasado Taizy<\/a> son tan populares? Creemos que no solo se debe al precio competitivo, sino tambi\u00e9n a la excelente calidad y al servicio \u00edntimo. Todo esto hace de Taizy una marca de m\u00e1quinas de envasado fuerte y confiable. Si desea iniciar su proyecto de envasado de verduras, bienvenido a contactarnos para obtener informaci\u00f3n \u00fatil. <\/p>    <figure class=\"wp-block-image size-large\"><img loading=\"lazy\" decoding=\"async\" width=\"720\" height=\"540\" src=\"https:\/\/taizypackaging.com\/wp-content\/uploads\/2021\/05\/machine-display.jpg\" alt=\"f\u00e1brica de m\u00e1quinas empacadoras de vegetales\" class=\"wp-image-1743\" srcset=\"https:\/\/taizypackaging.com\/wp-content\/uploads\/2021\/05\/machine-display.jpg 720w, https:\/\/taizypackaging.com\/wp-content\/uploads\/2021\/05\/machine-display-300x225.jpg 300w\" sizes=\"auto, (max-width: 720px) 100vw, 720px\" \/><figcaption class=\"wp-element-caption\">f\u00e1brica de m\u00e1quinas empacadoras de vegetales<\/figcaption><\/figure>    <h2 class=\"wp-block-heading\" id=\"h-cases\">M\u00e1quinas envasadoras de verduras vendidas a EE. UU.<\/h2>    <p>El pasado mes de octubre un cliente de Estados Unidos nos coment\u00f3 que quer\u00eda envasar frijol largo. Le recomendamos estas m\u00e1quinas envasadoras de verduras. Despu\u00e9s de recibir la mercanc\u00eda, qued\u00f3 muy satisfecho con el efecto de embalaje y la eficiencia de embalaje de la m\u00e1quina. Dijo que despu\u00e9s de usar la m\u00e1quina envasadora, sus productos se vendieron mejor que antes.<\/p>    <figure class=\"wp-block-image size-large\"><img decoding=\"async\" src=\"https:\/\/taizypackaging.com\/wp-content\/uploads\/2021\/05\/packinging-machine-shipment.jpg\" alt=\"env\u00edo de la m\u00e1quina de embalaje\" class=\"wp-image-1747\"\/><figcaption class=\"wp-element-caption\">env\u00edo de la m\u00e1quina de embalaje<\/figcaption><\/figure>","protected":false},"excerpt":{"rendered":"<p>Vegetable packing machine is designed for automatically packaging fruits and vegetables. It is a kind of flow wrap machine, also called a vegetable wrapping machine. Vegetable packaging machines can complete these tasks, bag forming, bag packing, sealing, and cutting process. It is a terribly super-efficient packaging tool for various fruits and vegetables for supermarkets. With [&hellip;]<\/p>\n","protected":false},"author":1,"featured_media":4148,"parent":0,"template":"","tags":[571,570,569],"product-type":[664],"class_list":["post-1722","product","type-product","status-publish","has-post-thumbnail","hentry","tag-vegetable-packaging-machine","tag-vegetable-wrapping-machine","tag-vegetbale-packing-machine","product-type-horizontal-flow-wrapping-machines"],"_links":{"self":[{"href":"https:\/\/taizypackaging.com\/es\/wp-json\/wp\/v2\/product\/1722","targetHints":{"allow":["GET"]}}],"collection":[{"href":"https:\/\/taizypackaging.com\/es\/wp-json\/wp\/v2\/product"}],"about":[{"href":"https:\/\/taizypackaging.com\/es\/wp-json\/wp\/v2\/types\/product"}],"author":[{"embeddable":true,"href":"https:\/\/taizypackaging.com\/es\/wp-json\/wp\/v2\/users\/1"}],"wp:featuredmedia":[{"embeddable":true,"href":"https:\/\/taizypackaging.com\/es\/wp-json\/wp\/v2\/media\/4148"}],"wp:attachment":[{"href":"https:\/\/taizypackaging.com\/es\/wp-json\/wp\/v2\/media?parent=1722"}],"wp:term":[{"taxonomy":"post_tag","embeddable":true,"href":"https:\/\/taizypackaging.com\/es\/wp-json\/wp\/v2\/tags?post=1722"},{"taxonomy":"product-type","embeddable":true,"href":"https:\/\/taizypackaging.com\/es\/wp-json\/wp\/v2\/product-type?post=1722"}],"curies":[{"name":"wp","href":"https:\/\/api.w.org\/{rel}","templated":true}]}}