{"id":1848,"date":"2021-05-19T10:36:19","date_gmt":"2021-05-19T10:36:19","guid":{"rendered":"https:\/\/taizypackaging.com\/?p=1848"},"modified":"2024-08-07T09:52:30","modified_gmt":"2024-08-07T01:52:30","slug":"milk-powder-packing-machine","status":"publish","type":"product","link":"https:\/\/taizypackaging.com\/es\/milk-powder-packing-machine\/","title":{"rendered":"M\u00e1quina envasadora de leche en polvo"},"content":{"rendered":"<div class=\"kk-star-ratings kksr-auto kksr-align-left kksr-valign-top\"     data-payload='{&quot;align&quot;:&quot;left&quot;,&quot;id&quot;:&quot;1848&quot;,&quot;slug&quot;:&quot;default&quot;,&quot;valign&quot;:&quot;top&quot;,&quot;ignore&quot;:&quot;&quot;,&quot;reference&quot;:&quot;auto&quot;,&quot;class&quot;:&quot;&quot;,&quot;count&quot;:&quot;23&quot;,&quot;legendonly&quot;:&quot;&quot;,&quot;readonly&quot;:&quot;&quot;,&quot;score&quot;:&quot;4.9&quot;,&quot;starsonly&quot;:&quot;&quot;,&quot;best&quot;:&quot;5&quot;,&quot;gap&quot;:&quot;5&quot;,&quot;greet&quot;:&quot;Rate this product&quot;,&quot;legend&quot;:&quot;4.9\\\/5 - (23 votos)&quot;,&quot;size&quot;:&quot;24&quot;,&quot;title&quot;:&quot;Milk Powder Packing Machine&quot;,&quot;width&quot;:&quot;139.6&quot;,&quot;_legend&quot;:&quot;{score}\\\/{best} - ({count} {votes})&quot;,&quot;font_factor&quot;:&quot;1.25&quot;}'>              <div class=\"kksr-stars\">      <div class=\"kksr-stars-inactive\">             <div class=\"kksr-star\" data-star=\"1\" style=\"padding-right: 5px\">               <div class=\"kksr-icon\" style=\"width: 24px; height: 24px;\"><\/div>         <\/div>             <div class=\"kksr-star\" data-star=\"2\" style=\"padding-right: 5px\">               <div class=\"kksr-icon\" style=\"width: 24px; height: 24px;\"><\/div>         <\/div>             <div class=\"kksr-star\" data-star=\"3\" style=\"padding-right: 5px\">               <div class=\"kksr-icon\" style=\"width: 24px; height: 24px;\"><\/div>         <\/div>             <div class=\"kksr-star\" data-star=\"4\" style=\"padding-right: 5px\">               <div class=\"kksr-icon\" style=\"width: 24px; height: 24px;\"><\/div>         <\/div>             <div class=\"kksr-star\" data-star=\"5\" style=\"padding-right: 5px\">               <div class=\"kksr-icon\" style=\"width: 24px; height: 24px;\"><\/div>         <\/div>     <\/div>      <div class=\"kksr-stars-active\" style=\"width: 139.6px;\">             <div class=\"kksr-star\" style=\"padding-right: 5px\">               <div class=\"kksr-icon\" style=\"width: 24px; height: 24px;\"><\/div>         <\/div>             <div class=\"kksr-star\" style=\"padding-right: 5px\">               <div class=\"kksr-icon\" style=\"width: 24px; height: 24px;\"><\/div>         <\/div>             <div class=\"kksr-star\" style=\"padding-right: 5px\">               <div class=\"kksr-icon\" style=\"width: 24px; height: 24px;\"><\/div>         <\/div>             <div class=\"kksr-star\" style=\"padding-right: 5px\">               <div class=\"kksr-icon\" style=\"width: 24px; height: 24px;\"><\/div>         <\/div>             <div class=\"kksr-star\" style=\"padding-right: 5px\">               <div class=\"kksr-icon\" style=\"width: 24px; height: 24px;\"><\/div>         <\/div>     <\/div> <\/div>                   <div class=\"kksr-legend\" style=\"font-size: 19.2px;\">             4,9\/5 - (23 votos)    <\/div>     <\/div>  <p class=\"translation-block\">Taizy <strong>M\u00e1quina de envasado de leche en polvo<\/strong> es un tipo de m\u00e1quina autom\u00e1tica de envasado de bolsas. Esta <strong>m\u00e1quina autom\u00e1tica de envasado de polvo<\/strong> puede completar todo el proceso de pesaje, llenado, fabricaci\u00f3n de bolsas, sellado, corte e impresi\u00f3n de fecha. <\/p>    <p>Con un panel de control inteligente, es muy f\u00e1cil de operar. Adem\u00e1s, el precio de la m\u00e1quina envasadora de leche en polvo es realmente bajo y favorable. <\/p>    <p>Con las caracter\u00edsticas de tama\u00f1o peque\u00f1o y precio asequible, la m\u00e1quina empacadora de leche en polvo en polvo es una excelente herramienta de empaque para comenzar su peque\u00f1o proyecto. <\/p>   <figure class=\"wp-block-embed-youtube wp-block-embed is-type-video is-provider-youtube wp-embed-aspect-16-9 wp-has-aspect-ratio\"><div class=\"lyte-wrapper fourthree\" title=\"M\u00e1quina empacadora de polvo eficiente: proceso de empaque para diversos materiales en polvo\" style=\"width:960px;max-width:100%;margin:5px auto;\"><div class=\"lyMe hidef\" id=\"WYL_qpBoN7O74Ws\" itemprop=\"video\" itemscope itemtype=\"https:\/\/schema.org\/VideoObject\"><div><meta itemprop=\"thumbnailUrl\" content=\"https:\/\/taizypackaging.com\/wp-content\/plugins\/wp-youtube-lyte\/lyteCache.php?origThumbUrl=https%3A%2F%2Fi.ytimg.com%2Fvi%2FqpBoN7O74Ws%2Fmaxresdefault.jpg\" \/><meta itemprop=\"embedURL\" content=\"https:\/\/www.youtube.com\/embed\/qpBoN7O74Ws\" \/><meta itemprop=\"duration\" content=\"PT2M12S\" \/><meta itemprop=\"uploadDate\" content=\"2023-05-23T07:46:19Z\" \/><\/div><div id=\"lyte_qpBoN7O74Ws\" data-src=\"https:\/\/taizypackaging.com\/wp-content\/plugins\/wp-youtube-lyte\/lyteCache.php?origThumbUrl=https%3A%2F%2Fi.ytimg.com%2Fvi%2FqpBoN7O74Ws%2Fmaxresdefault.jpg\" class=\"pL\"><div class=\"tC\"><div class=\"tT\" itemprop=\"name\">M\u00e1quina empacadora de polvo eficiente: proceso de empaque para diversos materiales en polvo<\/div><\/div><div class=\"play\"><\/div><div class=\"ctrl\"><div class=\"Lctrl\"><\/div><div class=\"Rctrl\"><\/div><\/div><\/div><noscript><a href=\"https:\/\/youtu.be\/qpBoN7O74Ws\" rel=\"nofollow noopener\" target=\"_blank\"><img loading=\"lazy\" decoding=\"async\" src=\"https:\/\/taizypackaging.com\/wp-content\/plugins\/wp-youtube-lyte\/lyteCache.php?origThumbUrl=https%3A%2F%2Fi.ytimg.com%2Fvi%2FqpBoN7O74Ws%2F0.jpg\" alt=\"M\u00e1quina empacadora de polvo eficiente: proceso de empaque para diversos materiales en polvo\" width=\"960\" height=\"700\" \/><br \/>Watch this video on YouTube<\/a><\/noscript><meta itemprop=\"description\" content=\"#powderpackingmachine #spice #spicepackingmachine #packing #packagingmachine Website: https:\/\/packingmachineforsale.com\/spice-packing-machine\/ Email: info@packingmachineforsale.com WhatsApp: +86 19139754781 In this YouTube video, we showcase an efficient powder packing machine as it flawlessly packages different powder materials. Witness the seamless packaging process and discover how this machine revolutionizes the powder packaging industry. Website: https:\/\/packingmachineforsale.com\/spice-packing-machine\/ Email: info@packingmachineforsale.com WhatsApp: +86 19139754781\"><\/div><\/div><div class=\"lL\" style=\"max-width:100%;width:960px;margin:5px auto;\"><\/div><figcaption>v\u00eddeo de la m\u00e1quina embolsadora de leche en polvo<\/figcaption><\/figure>   <h2 class=\"wp-block-heading\" id=\"h-advantages-and-characteristics-of-milk-powder-packaging-machine\">Ventajas del equipo de envasado autom\u00e1tico de leche en polvo.<\/h2>    <ol class=\"wp-block-list\"> <li>Toda la m\u00e1quina est\u00e1 hecha de <strong>acero inoxidable<\/strong>, que es resistente y duradero.<\/li>    <li>La m\u00e1quina envasadora de polvo con equipo de barrena puede <strong>Completa autom\u00e1ticamente el proceso de medici\u00f3n, llenado, sellado y corte.<\/strong>.<\/li>    <li>Esta m\u00e1quina est\u00e1 equipada con un <strong>Pantalla t\u00e1ctil de control PLC y \u00e1rea de visualizaci\u00f3n en ingl\u00e9s.<\/strong>, por lo que la interfaz de operaci\u00f3n es amigable.<\/li>    <li>Esta m\u00e1quina envasadora de polvo inclinada est\u00e1 equipada con un <strong>sistema de detecci\u00f3n fotoel\u00e9ctrica autom\u00e1tica<\/strong>, y el corte es preciso.<\/li>    <li>Adopta el<strong> m\u00e9todo de alimentaci\u00f3n con tornillo oblicuo<\/strong>, que puede ajustar directamente el peso del embalaje durante el proceso de embalaje.<\/li>    <li>Podemos <strong>Equipar el equipo con una m\u00e1quina codificadora, un dispositivo de ventilaci\u00f3n, un dispositivo de escape y una m\u00e1quina de eliminaci\u00f3n de polvo.<\/strong>y otros dispositivos seg\u00fan sus necesidades.<\/li> <\/ol>    <figure class=\"wp-block-gallery has-nested-images columns-default is-cropped wp-block-gallery-2 is-layout-flex wp-block-gallery-is-layout-flex\"> <figure class=\"wp-block-image size-large\"><img loading=\"lazy\" decoding=\"async\" width=\"540\" height=\"720\" data-id=\"4954\" src=\"https:\/\/taizypackaging.com\/wp-content\/uploads\/2023\/09\/inner-structure.webp\" alt=\"estructura interna\" class=\"wp-image-4954\" srcset=\"https:\/\/taizypackaging.com\/wp-content\/uploads\/2023\/09\/inner-structure.webp 540w, https:\/\/taizypackaging.com\/wp-content\/uploads\/2023\/09\/inner-structure-225x300.webp 225w\" sizes=\"auto, (max-width: 540px) 100vw, 540px\" \/><figcaption class=\"wp-element-caption\">estructura interna<\/figcaption><\/figure>    <figure class=\"wp-block-image size-large\"><img loading=\"lazy\" decoding=\"async\" width=\"720\" height=\"540\" data-id=\"4955\" src=\"https:\/\/taizypackaging.com\/wp-content\/uploads\/2023\/09\/motor.webp\" alt=\"motor\" class=\"wp-image-4955\" srcset=\"https:\/\/taizypackaging.com\/wp-content\/uploads\/2023\/09\/motor.webp 720w, https:\/\/taizypackaging.com\/wp-content\/uploads\/2023\/09\/motor-300x225.webp 300w\" sizes=\"auto, (max-width: 720px) 100vw, 720px\" \/><figcaption class=\"wp-element-caption\">motor<\/figcaption><\/figure> <\/figure>    <h2 class=\"wp-block-heading\" id=\"h-technical-parameters\">Par\u00e1metros t\u00e9cnicos de la m\u00e1quina envasadora de polvo.<\/h2>    <figure class=\"wp-block-table\"><table><tbody><tr><td>Modelo<\/td><td>TZ-320<\/td><\/tr><tr><td>Estilo de embalaje (estilo bolsa)<\/td><td>Sello de 3 lados\/sello trasero\/sello de 4 lados<\/td><\/tr><tr><td>Velocidad de embalaje<\/td><td>20-80 bolsas\/minuto<\/td><\/tr><tr><td>El consumo de energ\u00eda<\/td><td>1,8 kw<\/td><\/tr><tr><td>Material<\/td><td>acero inoxidable 304<\/td><\/tr><tr><td>Peso<\/td><td>250 kilos<\/td><\/tr><tr><td>Dimensiones<\/td><td>650*1050*1950mm<\/td><\/tr><tr><td>Peso del embalaje<\/td><td>0-80g<\/td><\/tr><tr><td>Ancho de la bolsa<\/td><td>20-150 mm<\/td><\/tr><tr><td>Longitud del saco<\/td><td>30-180 mm<\/td><\/tr><\/tbody><\/table><figcaption class=\"wp-element-caption\">M\u00e1quina envasadora de leche en polvo a la venta<\/figcaption><\/figure>    <p>La m\u00e1quina envasadora de leche en polvo TZ-320 puede envasar de 20 a 80 bolsas de leche en polvo por minuto. El peso del embalaje se puede ajustar entre 0 y 80 g. <\/p>    <p>Puede elegir entre una variedad de m\u00e9todos de embalaje, como sellado por tres lados, sellado por cuatro lados y sellado posterior. <\/p>    <p>\u00bfNecesita una m\u00e1quina envasadora de leche en polvo de alta calidad? Por favor cont\u00e1ctenos para obtener la cotizaci\u00f3n m\u00e1s reciente.<\/p>   <div class=\"wp-block-image\"> <figure class=\"aligncenter size-large\"><img loading=\"lazy\" decoding=\"async\" width=\"720\" height=\"540\" src=\"https:\/\/taizypackaging.com\/wp-content\/uploads\/2021\/05\/machine-display-3.jpg\" alt=\"exhibici\u00f3n de m\u00e1quinas empacadoras de leche en polvo\" class=\"wp-image-1980\" srcset=\"https:\/\/taizypackaging.com\/wp-content\/uploads\/2021\/05\/machine-display-3.jpg 720w, https:\/\/taizypackaging.com\/wp-content\/uploads\/2021\/05\/machine-display-3-300x225.jpg 300w\" sizes=\"auto, (max-width: 720px) 100vw, 720px\" \/><figcaption class=\"wp-element-caption\">exhibici\u00f3n de m\u00e1quinas empacadoras de leche en polvo<\/figcaption><\/figure> <\/div>   <h2 class=\"wp-block-heading\" id=\"h-the-application-area-of-the-milk-powder-packaging-machine\">Aplicaciones de la envasadora de leche en polvo en polvo.<\/h2>    <p>La m\u00e1quina envasadora de leche en polvo en polvo es una m\u00e1quina autom\u00e1tica de llenado y sellado de polvo. Es adecuado para envasar polvo de flujo libre y su peso m\u00e1ximo de embalaje es de 80 g.<\/p>    <p>Adem\u00e1s del envasado en bolsas de leche en polvo, se puede aplicar para envasar diversos productos en polvo seco, como detergente en polvo, especias en polvo, chile en polvo, jengibre en polvo, c\u00farcuma en polvo, tintes en polvo, condimentos en polvo, harina, caf\u00e9 en polvo, curry en polvo. , cacao en polvo, masala en polvo, hierbas en polvo, polvo qu\u00edmico, etc. <\/p>   <div class=\"wp-block-image\"> <figure class=\"aligncenter size-large\"><img decoding=\"async\" src=\"https:\/\/taizypackaging.com\/wp-content\/uploads\/2021\/05\/application-of-the-powder-packing-machine.jpg\" alt=\"Aplicaci\u00f3n de la m\u00e1quina envasadora de polvo.\" class=\"wp-image-1857\"\/><figcaption class=\"wp-element-caption\">Aplicaci\u00f3n de la m\u00e1quina envasadora de polvo.<\/figcaption><\/figure> <\/div>   <h2 class=\"wp-block-heading\" id=\"h-structure-of-the-milk-powder-packing-machine\">Estructura de la m\u00e1quina envasadora autom\u00e1tica de leche en polvo.<\/h2>    <p>La m\u00e1quina envasadora de leche en polvo se compone principalmente de una tolva, un formador, un dispositivo de alimentaci\u00f3n por tornillo, un dispositivo de pesaje autom\u00e1tico, un dispositivo de sellado, una pantalla PLC inglesa y un sistema de seguimiento ocular el\u00e9ctrico.<\/p>   <div class=\"wp-block-image\"> <figure class=\"aligncenter size-full\"><img decoding=\"async\" src=\"https:\/\/taizypackaging.com\/wp-content\/uploads\/2021\/05\/milk-powder-packing-machine-structure.jpg\" alt=\"Estructura de la m\u00e1quina envasadora de leche en polvo.\" class=\"wp-image-3549\"\/><figcaption class=\"wp-element-caption\">Estructura de la m\u00e1quina envasadora de leche en polvo.<\/figcaption><\/figure> <\/div>   <h2 class=\"wp-block-heading\" id=\"h-optional-devices-for-milk-powder-packing-machine\">Dispositivos opcionales para m\u00e1quina envasadora de bolsitas de leche en polvo.<\/h2>    <ol class=\"wp-block-list\"> <li><strong>m\u00e1quina de codificaci\u00f3n<\/strong>. La m\u00e1quina codificadora de cinta imprime claramente y no es f\u00e1cil de borrar. Es higi\u00e9nico y limpio. No necesitamos preocuparnos por la contaminaci\u00f3n de la tinta.<\/li>    <li>Podemos <strong>agrega una l\u00e1grima<\/strong> en el sello de la bolsa para que sea m\u00e1s f\u00e1cil romperla.<\/li>    <li><strong>Dispositivo de punzonado<\/strong>. Haga agujeros de varias formas en el borde de la bolsa, lo cual es conveniente para colgar en el estante y f\u00e1cil de exhibir.<\/li>    <li><strong>Dispositivo de conexi\u00f3n de bolsa.<\/strong> El dispositivo se puede configurar con cualquier cantidad de bolsas conectadas para satisfacer la demanda de los consumidores.<\/li> <\/ol>   <div class=\"wp-block-image\"> <figure class=\"aligncenter size-large\"><img decoding=\"async\" src=\"https:\/\/taizypackaging.com\/wp-content\/uploads\/2021\/05\/packing-sample-1.jpg\" alt=\"muestra de embalaje\" class=\"wp-image-1982\"\/><figcaption class=\"wp-element-caption\">muestra de embalaje<\/figcaption><\/figure> <\/div>   <h2 class=\"wp-block-heading\" id=\"how-do-you-package-milk-powder\">\u00bfC\u00f3mo se envasa la leche en polvo?<\/h2>   <div id=\"rank-math-howto\" class=\"rank-math-block\" > <div class=\"rank-math-howto-description\">  <\/div>  <div class=\"rank-math-steps\"> <div id=\"howto-step-1722928890591\" class=\"rank-math-step\"> <h3 class=\"rank-math-step-title\">Instalaci\u00f3n de la pel\u00edcula de embalaje<\/h3> <div class=\"rank-math-step-content\"><p>Instale la pel\u00edcula de embalaje en la posici\u00f3n designada de la m\u00e1quina.<\/p> <\/div> <\/div> <div id=\"howto-step-1722928838177\" class=\"rank-math-step\"> <h3 class=\"rank-math-step-title\">Configuraci\u00f3n de par\u00e1metros de la m\u00e1quina<\/h3> <div class=\"rank-math-step-content\"><p>Configure los par\u00e1metros de la m\u00e1quina seg\u00fan sea necesario, como el peso del embalaje, el tama\u00f1o de la bolsa, etc.<\/p> <\/div> <\/div> <div id=\"howto-step-1722928933063\" class=\"rank-math-step\"> <h3 class=\"rank-math-step-title\">Llenado de leche en polvo<\/h3> <div class=\"rank-math-step-content\"><p>Vierta leche en polvo en la tolva de la m\u00e1quina envasadora de polvo.<\/p> <\/div> <\/div> <div id=\"howto-step-1722928950168\" class=\"rank-math-step\"> <h3 class=\"rank-math-step-title\">Arrancar la m\u00e1quina<\/h3> <div class=\"rank-math-step-content\"><p>Inicie la m\u00e1quina envasadora de polvo para poner en marcha la m\u00e1quina.<\/p> <\/div> <\/div> <div id=\"howto-step-1722994807072\" class=\"rank-math-step\"> <h3 class=\"rank-math-step-title\">Envasar leche en polvo<\/h3> <div class=\"rank-math-step-content\"><p>La m\u00e1quina envasar\u00e1 la leche en polvo seg\u00fan el tama\u00f1o y peso establecidos.<\/p> <\/div> <\/div> <div id=\"howto-step-1722928998080\" class=\"rank-math-step\"> <h3 class=\"rank-math-step-title\">Recoger la leche en polvo envasada<\/h3> <div class=\"rank-math-step-content\"><p>Cartonice la leche en polvo envasada y prep\u00e1rela para el transporte.<\/p> <\/div> <\/div> <\/div> <\/div>       <h2 class=\"wp-block-heading\" id=\"h-toolboxes\">Cajas de herramientas de peque\u00f1a m\u00e1quina envasadora de polvo.<\/h2>    <p>Esta m\u00e1quina envasadora de polvo est\u00e1 equipada con una caja de herramientas. La caja de herramientas incluye un cortador, un tubo calefactor, una l\u00ednea de detecci\u00f3n de temperatura, un rel\u00e9 y una rueda de dibujo de pel\u00edcula. <\/p>    <p>Tambi\u00e9n se le entregar\u00e1n tubos de calefacci\u00f3n, termopares, destornilladores, llaves ajustables, cepillos de lat\u00f3n, cepillos comunes, llaves hexagonales, destornilladores y otros accesorios.<\/p>   <div class=\"wp-block-image\"> <figure class=\"aligncenter size-large\"><img decoding=\"async\" src=\"https:\/\/taizypackaging.com\/wp-content\/uploads\/2021\/05\/toolbox-1.jpg\" alt=\"caja de herramientas\" class=\"wp-image-1859\"\/><figcaption class=\"wp-element-caption\">caja de herramientas<\/figcaption><\/figure> <\/div>   <h2 class=\"wp-block-heading\" id=\"milk-powder-packing-machine-exported-to-pakistan\">M\u00e1quina envasadora de leche en polvo exportada a Pakist\u00e1n <\/h2>    <p>En enero, nuestra m\u00e1quina envasadora de bolsitas de polvo se vendi\u00f3 a Pakist\u00e1n. El cliente prob\u00f3 y oper\u00f3 la m\u00e1quina. Est\u00e1 muy satisfecho con la eficiencia de la m\u00e1quina y el efecto de envasado. Nos expres\u00f3 su m\u00e1s sincero agradecimiento. <\/p>    <p>Prometemos que brindaremos a los clientes la experiencia de servicio de compra m\u00e1s satisfactoria. Si tiene problemas de uso, puede contactarnos en cualquier momento. <\/p>    <p>Nuestros t\u00e9cnicos cualificados le propondr\u00e1n soluciones profesionales. Adem\u00e1s, nos dedicamos a la exportaci\u00f3n de m\u00e1quinas empacadoras durante 10 a\u00f1os y somos profesionales y confiables.<\/p>   <div class=\"wp-block-image\"> <figure class=\"aligncenter size-large\"><img loading=\"lazy\" decoding=\"async\" width=\"720\" height=\"540\" src=\"https:\/\/taizypackaging.com\/wp-content\/uploads\/2021\/05\/customer-feedback.jpg\" alt=\"comentarios de los clientes\" class=\"wp-image-1860\" srcset=\"https:\/\/taizypackaging.com\/wp-content\/uploads\/2021\/05\/customer-feedback.jpg 720w, https:\/\/taizypackaging.com\/wp-content\/uploads\/2021\/05\/customer-feedback-300x225.jpg 300w\" sizes=\"auto, (max-width: 720px) 100vw, 720px\" \/><figcaption class=\"wp-element-caption\">comentarios de los clientes<\/figcaption><\/figure> <\/div>   <h2 class=\"wp-block-heading\">\u00bfPor qu\u00e9 los clientes eligen nuestra m\u00e1quina envasadora de polvo?<\/h2>    <p>Todos los trabajadores de nuestra f\u00e1brica son expertos capacitados y comprenden mejor la estructura de cada parte de la m\u00e1quina. Adem\u00e1s, tienen un buen dominio de la tecnolog\u00eda de soldadura profesional. <\/p>    <p>Nuestro inspector profesional de calidad del producto visitar\u00e1 la m\u00e1quina del trabajador de vez en cuando para verificar el progreso y los resultados del trabajo.<\/p>    <p>Tambi\u00e9n verificar\u00e1n los procedimientos de soldadura y recubrimiento. Despu\u00e9s de la verificaci\u00f3n, registrar\u00e1n los resultados de la inspecci\u00f3n de las m\u00e1quinas. La m\u00e1quina no se almacenar\u00e1 hasta que se considere calificada.<\/p>    <p>Por lo tanto, cada m\u00e1quina que vendemos es estrictamente inspeccionada. Se caracteriza por una baja tasa de fallas y una larga vida \u00fatil.<\/p>   <div class=\"wp-block-image\"> <figure class=\"aligncenter size-large\"><img decoding=\"async\" src=\"https:\/\/taizypackaging.com\/wp-content\/uploads\/2021\/05\/factory.jpg\" alt=\"nuestra f\u00e1brica de m\u00e1quinas empacadoras\" class=\"wp-image-1861\"\/><figcaption class=\"wp-element-caption\">nuestra f\u00e1brica de m\u00e1quinas empacadoras<\/figcaption><\/figure> <\/div>   <h2 class=\"wp-block-heading\" id=\"h-q-a\">Preguntas frecuentes sobre nuestra m\u00e1quina envasadora de polvo<\/h2>   <div id=\"rank-math-faq\" class=\"rank-math-block\"> <div class=\"rank-math-list\"> <div id=\"faq-question-1722930814042\" class=\"rank-math-list-item\"> <h3 class=\"rank-math-question\">Si la envasadora de leche en polvo tiene alg\u00fan problema, \u00bfc\u00f3mo solucionarlo?<\/h3> <div class=\"rank-math-answer\">  <p>Si nos proporcionas un v\u00eddeo de comentarios, comprobaremos qu\u00e9 pas\u00f3.<br \/>Cuando surja un problema con la m\u00e1quina debido a un funcionamiento incorrecto, le proporcionaremos las piezas a su precio original. <br \/>Si no se trata de una mala conducta humana, le proporcionaremos piezas de forma gratuita.<\/p>  <\/div> <\/div> <div id=\"faq-question-1722930906361\" class=\"rank-math-list-item\"> <h3 class=\"rank-math-question\">\u00bfCu\u00e1l es la forma de embalaje de la m\u00e1quina en el env\u00edo?<\/h3> <div class=\"rank-math-answer\">  <p>La m\u00e1quina se envuelve en una pel\u00edcula pl\u00e1stica antes de empacar, esto es para evitar la humedad en el mar.<br \/>Si es necesario colocaremos la m\u00e1quina en una caja de madera libre de fumigaci\u00f3n, forrada con alambre met\u00e1lico.<br \/>Contamos con un estricto sistema de control de calidad. Antes del env\u00edo, le tomaremos fotos y v\u00eddeos.<\/p>  <\/div> <\/div> <div id=\"faq-question-1722930984396\" class=\"rank-math-list-item\"> <h3 class=\"rank-math-question\">\u00bfCu\u00e1l es el voltaje de la m\u00e1quina empacadora de leche en polvo con barrena?<\/h3> <div class=\"rank-math-answer\">  <p>Personalizaremos el voltaje seg\u00fan sus necesidades.<\/p>  <\/div> <\/div> <div id=\"faq-question-1722931008913\" class=\"rank-math-list-item\"> <h3 class=\"rank-math-question\">\u00bfCu\u00e1nto dura el per\u00edodo de garant\u00eda?<\/h3> <div class=\"rank-math-answer\">  <p>Ofrecemos 24 meses de garant\u00eda de calidad. Al mismo tiempo, brindamos mantenimiento de por vida.<\/p>  <\/div> <\/div> <div id=\"faq-question-1722931030793\" class=\"rank-math-list-item\"> <h3 class=\"rank-math-question\">\u00bfC\u00f3mo instalar y operar la m\u00e1quina empacadora de leche en polvo?<br><\/h3> <div class=\"rank-math-answer\">  <p>Los manuales en ingl\u00e9s y los tutoriales en v\u00eddeo le ayudar\u00e1n a utilizar la m\u00e1quina. Tambi\u00e9n puedes contactar con nuestros t\u00e9cnicos para que te ayuden.<\/p>  <\/div> <\/div> <div id=\"faq-question-1722931096745\" class=\"rank-math-list-item\"> <h3 class=\"rank-math-question\">\u00bfCu\u00e1nto tiempo puedo recibir la m\u00e1quina despu\u00e9s del pago?<\/h3> <div class=\"rank-math-answer\">  <p>Esta m\u00e1quina empacadora de polvo est\u00e1 completamente disponible. Entonces, le enviaremos las m\u00e1quinas despu\u00e9s de su pago.<\/p>  <\/div> <\/div> <\/div> <\/div>   <h2 class=\"wp-block-heading\" id=\"conclusion\">\u00a1Cont\u00e1ctenos para una cotizaci\u00f3n gratuita!<\/h2>    <p>Como uno de los principales fabricantes de m\u00e1quinas empacadoras de polvo en China, ofrecemos una gama completa de m\u00e1quinas empacadoras de polvo. <\/p>    <p class=\"translation-block\">Adem\u00e1s de la m\u00e1quina de envasado de leche en polvo, hay <a href=\"https:\/\/taizypackaging.com\/es\/spices-packing-machine-powder-packing-machine-type2\/\">m\u00e1quina de envasado de especias<\/a>, m\u00e1quina de envasado de harina y <a href=\"https:\/\/taizypackaging.com\/es\/semi-automatic-powder-packaging-machine-auger-filling-machine\/\">m\u00e1quina de llenado de polvo semiautom\u00e1tica<\/a> a la venta en la f\u00e1brica Taizy. <\/p>    <p>Todas nuestras m\u00e1quinas empacadoras est\u00e1n dise\u00f1adas y fabricadas seg\u00fan est\u00e1ndares internacionales. \u00a1Cont\u00e1ctenos hoy para comenzar su proyecto!<\/p>","protected":false},"excerpt":{"rendered":"<p>Esta m\u00e1quina envasadora de polvo inclinada puede completar la medici\u00f3n y envasado autom\u00e1tico de polvos como leche en polvo, leche de soja en polvo, pasta de s\u00e9samo, polvo de ra\u00edz de loto, etc. Su mayor peso de embalaje es de 80 g. El envasado en polvo inclinado es adecuado para el envasado de bolsitas peque\u00f1as. <\/p>","protected":false},"author":1,"featured_media":3557,"parent":0,"template":"","tags":[264,275,283,375,409,436,454,457,478],"product-type":[660],"class_list":["post-1848","product","type-product","status-publish","has-post-thumbnail","hentry","tag-lotcus-root-powder","tag-medical-powder","tag-milk-powder","tag-powder-packing","tag-seasoning-powder","tag-spice","tag-suffron","tag-sulfur-powder","tag-tea-milk-powder","product-type-powder-packing-machines"],"_links":{"self":[{"href":"https:\/\/taizypackaging.com\/es\/wp-json\/wp\/v2\/product\/1848","targetHints":{"allow":["GET"]}}],"collection":[{"href":"https:\/\/taizypackaging.com\/es\/wp-json\/wp\/v2\/product"}],"about":[{"href":"https:\/\/taizypackaging.com\/es\/wp-json\/wp\/v2\/types\/product"}],"author":[{"embeddable":true,"href":"https:\/\/taizypackaging.com\/es\/wp-json\/wp\/v2\/users\/1"}],"wp:featuredmedia":[{"embeddable":true,"href":"https:\/\/taizypackaging.com\/es\/wp-json\/wp\/v2\/media\/3557"}],"wp:attachment":[{"href":"https:\/\/taizypackaging.com\/es\/wp-json\/wp\/v2\/media?parent=1848"}],"wp:term":[{"taxonomy":"post_tag","embeddable":true,"href":"https:\/\/taizypackaging.com\/es\/wp-json\/wp\/v2\/tags?post=1848"},{"taxonomy":"product-type","embeddable":true,"href":"https:\/\/taizypackaging.com\/es\/wp-json\/wp\/v2\/product-type?post=1848"}],"curies":[{"name":"wp","href":"https:\/\/api.w.org\/{rel}","templated":true}]}}