{"id":187,"date":"2020-08-24T07:21:44","date_gmt":"2020-08-24T07:21:44","guid":{"rendered":"https:\/\/taizypackaging.com\/?p=187"},"modified":"2024-07-16T17:37:40","modified_gmt":"2024-07-16T09:37:40","slug":"candy-packing-machine","status":"publish","type":"product","link":"https:\/\/taizypackaging.com\/es\/candy-packing-machine\/","title":{"rendered":"M\u00e1quina empacadora de dulces"},"content":{"rendered":"<div class=\"kk-star-ratings kksr-auto kksr-align-left kksr-valign-top\"     data-payload='{&quot;align&quot;:&quot;left&quot;,&quot;id&quot;:&quot;187&quot;,&quot;slug&quot;:&quot;default&quot;,&quot;valign&quot;:&quot;top&quot;,&quot;ignore&quot;:&quot;&quot;,&quot;reference&quot;:&quot;auto&quot;,&quot;class&quot;:&quot;&quot;,&quot;count&quot;:&quot;25&quot;,&quot;legendonly&quot;:&quot;&quot;,&quot;readonly&quot;:&quot;&quot;,&quot;score&quot;:&quot;4.6&quot;,&quot;starsonly&quot;:&quot;&quot;,&quot;best&quot;:&quot;5&quot;,&quot;gap&quot;:&quot;5&quot;,&quot;greet&quot;:&quot;Rate this product&quot;,&quot;legend&quot;:&quot;4.6\\\/5 - (25 votos)&quot;,&quot;size&quot;:&quot;24&quot;,&quot;title&quot;:&quot;Candy Packing Machine&quot;,&quot;width&quot;:&quot;130.9&quot;,&quot;_legend&quot;:&quot;{score}\\\/{best} - ({count} {votes})&quot;,&quot;font_factor&quot;:&quot;1.25&quot;}'>              <div class=\"kksr-stars\">      <div class=\"kksr-stars-inactive\">             <div class=\"kksr-star\" data-star=\"1\" style=\"padding-right: 5px\">               <div class=\"kksr-icon\" style=\"width: 24px; height: 24px;\"><\/div>         <\/div>             <div class=\"kksr-star\" data-star=\"2\" style=\"padding-right: 5px\">               <div class=\"kksr-icon\" style=\"width: 24px; height: 24px;\"><\/div>         <\/div>             <div class=\"kksr-star\" data-star=\"3\" style=\"padding-right: 5px\">               <div class=\"kksr-icon\" style=\"width: 24px; height: 24px;\"><\/div>         <\/div>             <div class=\"kksr-star\" data-star=\"4\" style=\"padding-right: 5px\">               <div class=\"kksr-icon\" style=\"width: 24px; height: 24px;\"><\/div>         <\/div>             <div class=\"kksr-star\" data-star=\"5\" style=\"padding-right: 5px\">               <div class=\"kksr-icon\" style=\"width: 24px; height: 24px;\"><\/div>         <\/div>     <\/div>      <div class=\"kksr-stars-active\" style=\"width: 130.9px;\">             <div class=\"kksr-star\" style=\"padding-right: 5px\">               <div class=\"kksr-icon\" style=\"width: 24px; height: 24px;\"><\/div>         <\/div>             <div class=\"kksr-star\" style=\"padding-right: 5px\">               <div class=\"kksr-icon\" style=\"width: 24px; height: 24px;\"><\/div>         <\/div>             <div class=\"kksr-star\" style=\"padding-right: 5px\">               <div class=\"kksr-icon\" style=\"width: 24px; height: 24px;\"><\/div>         <\/div>             <div class=\"kksr-star\" style=\"padding-right: 5px\">               <div class=\"kksr-icon\" style=\"width: 24px; height: 24px;\"><\/div>         <\/div>             <div class=\"kksr-star\" style=\"padding-right: 5px\">               <div class=\"kksr-icon\" style=\"width: 24px; height: 24px;\"><\/div>         <\/div>     <\/div> <\/div>                   <div class=\"kksr-legend\" style=\"font-size: 19.2px;\">             4,6\/5 - (25 votos)    <\/div>     <\/div>  <p class=\"translation-block\"><strong>La m\u00e1quina de embalaje de caramelos<\/strong> es un tipo de m\u00e1quina de envoltura de flujo horizontal. Tiene las caracter\u00edsticas de alta eficiencia, alta precisi\u00f3n y f\u00e1cil operaci\u00f3n. Con un sistema de transporte, motor servo y un sistema de control avanzado, puede completar autom\u00e1ticamente el proceso de envoltura, sellado y corte. Por lo tanto, una m\u00e1quina de embalaje de caramelos autom\u00e1tica puede definitivamente mejorar su productividad y ahorrarle costos. Como un fabricante l\u00edder de m\u00e1quinas de embalaje en China, proporcionamos excelentes soluciones de embalaje de caramelos para clientes de todo el mundo. \u00bfTiene alg\u00fan inter\u00e9s? Env\u00edenos un correo electr\u00f3nico o ll\u00e1menos para obtener la mejor cotizaci\u00f3n. <\/p>   <figure class=\"wp-block-embed-youtube wp-block-embed is-type-video is-provider-youtube wp-embed-aspect-16-9 wp-has-aspect-ratio\"><div class=\"lyte-wrapper fourthree\" title=\"M\u00e1quina autom\u00e1tica de envasado de pan\/tabletas de leche\/chocolate\/fideos\/pastas\/verduras\/dulces\" style=\"width:960px;max-width:100%;margin:5px auto;\"><div class=\"lyMe hidef\" id=\"WYL_ky0B3I2mrVM\" itemprop=\"video\" itemscope itemtype=\"https:\/\/schema.org\/VideoObject\"><div><meta itemprop=\"thumbnailUrl\" content=\"https:\/\/taizypackaging.com\/wp-content\/plugins\/wp-youtube-lyte\/lyteCache.php?origThumbUrl=https%3A%2F%2Fi.ytimg.com%2Fvi%2Fky0B3I2mrVM%2Fhqdefault.jpg\" \/><meta itemprop=\"embedURL\" content=\"https:\/\/www.youtube.com\/embed\/ky0B3I2mrVM\" \/><meta itemprop=\"duration\" content=\"PT4M42S\" \/><meta itemprop=\"uploadDate\" content=\"2020-09-25T03:30:06Z\" \/><\/div><div id=\"lyte_ky0B3I2mrVM\" data-src=\"https:\/\/taizypackaging.com\/wp-content\/plugins\/wp-youtube-lyte\/lyteCache.php?origThumbUrl=https%3A%2F%2Fi.ytimg.com%2Fvi%2Fky0B3I2mrVM%2Fhqdefault.jpg\" class=\"pL\"><div class=\"tC\"><div class=\"tT\" itemprop=\"name\">M\u00e1quina autom\u00e1tica de envasado de pan\/tabletas de leche\/chocolate\/fideos\/pastas\/verduras\/dulces<\/div><\/div><div class=\"play\"><\/div><div class=\"ctrl\"><div class=\"Lctrl\"><\/div><div class=\"Rctrl\"><\/div><\/div><\/div><noscript><a href=\"https:\/\/youtu.be\/ky0B3I2mrVM\" rel=\"nofollow noopener\" target=\"_blank\"><img loading=\"lazy\" decoding=\"async\" src=\"https:\/\/taizypackaging.com\/wp-content\/plugins\/wp-youtube-lyte\/lyteCache.php?origThumbUrl=https%3A%2F%2Fi.ytimg.com%2Fvi%2Fky0B3I2mrVM%2F0.jpg\" alt=\"M\u00e1quina autom\u00e1tica de envasado de pan\/tabletas de leche\/chocolate\/fideos\/pastas\/verduras\/dulces\" width=\"960\" height=\"700\" \/><br \/>Watch this video on YouTube<\/a><\/noscript><meta itemprop=\"description\" content=\"Website for More details: https:\/\/taizypackaging.com\/ Food packaging machine: https:\/\/www.youtube.com\/watchv=R77RQ1DBtjc&amp;t=107s Tea Packaging Machine: https:\/\/www.youtube.com\/watch?v=HtHDwv_bSE8 WhatsApp for factory price: https:\/\/wa.me\/17320158259 Shown in the video are all packaging samples. The machine can not only pack the materials in the video, but also pack a lot. At the same time we also produced coffee packaging machine, spice packaging machine, juice packaging machine, biscuit packaging machine, cookie packaging machine, meat packaging machine, etc.\"><\/div><\/div><div class=\"lL\" style=\"max-width:100%;width:960px;margin:5px auto;\"><\/div><figcaption><\/figcaption><\/figure>   <h2 class=\"wp-block-heading\" id=\"what-is-candy-wrapping-machine\">\u00bfQu\u00e9 es la m\u00e1quina para envolver dulces? <\/h2>    <p>La m\u00e1quina empacadora de dulces o m\u00e1quina empacadora de dulces es un tipo de m\u00e1quina empacadora de almohadas. Puede completar el proceso de envoltura, sellado y corte de la l\u00ednea de producci\u00f3n de dulces. Adem\u00e1s de los dulces, la m\u00e1quina envolvedora tipo almohada tambi\u00e9n se puede aplicar para envasar muchos otros alimentos, como galletas, panes, productos de panader\u00eda, obleas, jabones, mascarillas, papeles faciales, toallitas h\u00famedas, etc. Consiste en un sistema de envasado y un sistema de transporte. Con una operaci\u00f3n sencilla y un sistema de control inteligente, puede aumentar considerablemente la productividad de su f\u00e1brica de alimentos. <\/p>    <h2 class=\"wp-block-heading\" id=\"h-applications-of-the-horizontal-packaging-machine\">Aplicaciones de la envolvedora horizontal<\/h2>    <p>La m\u00e1quina empacadora horizontal TZ-450 es un modelo de m\u00e1quina horizontal. Es adecuado para envasar materiales con un ancho m\u00e1ximo de pel\u00edcula de 250 mm. Los par\u00e1metros t\u00e9cnicos detallados se muestran al final del pasaje. La m\u00e1quina empacadora de dulces tiene amplias aplicaciones en el empaque de dulces, chocolate, vajillas desechables, jeringas, mascarillas, etc. Puede elegir el modelo correcto seg\u00fan el tama\u00f1o de su producto.<\/p>    <figure class=\"wp-block-image size-large\"><img decoding=\"async\" src=\"https:\/\/taizypackaging.com\/wp-content\/uploads\/2020\/08\/candy-packing-and-syringe-packaging.jpg\" alt=\"embalaje de dulces y embalaje de jeringas\" class=\"wp-image-1778\"\/><figcaption class=\"wp-element-caption\">embalaje de dulces y embalaje de jeringas<\/figcaption><\/figure>    <h2 class=\"wp-block-heading\" id=\"h-types-of-candy-packing-machines-for-sale\">Tipos de m\u00e1quinas empacadoras de dulces a la venta. <\/h2>    <p>Hay dos modos de transporte para el rollo de pel\u00edcula de la m\u00e1quina empacadora de dulces, que son la alimentaci\u00f3n superior y la alimentaci\u00f3n inferior. El rollo de pel\u00edcula est\u00e1 en la parte superior de la m\u00e1quina para el alimentador superior, el primero se puede ajustar y el cortador vertical est\u00e1 dentro de la m\u00e1quina. M\u00e1quina envasadora de papel de alimentaci\u00f3n descendente, el rollo de pel\u00edcula est\u00e1 debajo de la m\u00e1quina y el primero no es ajustable. Puedes adquirir diferentes formadores para cambiar el ancho de corte. Diferentes m\u00e1quinas empacadoras de almohadas son ideales para diferentes art\u00edculos. Con buena calidad y precios competitivos de las m\u00e1quinas empacadoras, nuestras m\u00e1quinas empacadoras de dulces son muy populares en todo el mundo. <\/p>    <figure class=\"wp-block-image size-large\"><img decoding=\"async\" src=\"https:\/\/taizypackaging.com\/wp-content\/uploads\/2021\/05\/horizontal-packing-machine.jpg\" alt=\"maquina empacadora horizontal\" class=\"wp-image-1665\"\/><figcaption class=\"wp-element-caption\">maquina empacadora horizontal<\/figcaption><\/figure>    <h2 class=\"wp-block-heading\" id=\"h-the-structure-feature-of-the-candy-packing-machine\">La caracter\u00edstica estructural de la m\u00e1quina empacadora de dulces.<\/h2>    <ol class=\"wp-block-list\" type=\"1\"> <li>La plataforma de alimentaci\u00f3n est\u00e1 fabricada en acero inoxidable. Este material es duradero.<\/li>    <li>Puede equiparse con corte de una sola cuchilla, doble cuchilla o tres cuchillas.<\/li>    <li>La pantalla facilita y agiliza la configuraci\u00f3n de los par\u00e1metros. Adopta una plataforma de control en ingl\u00e9s. <\/li>    <li>El seguimiento del cursor de alta sensibilidad y la entrada digital del sellado hacen que la posici\u00f3n de sellado y corte sea m\u00e1s precisa.<\/li>    <li>El sistema de transmisi\u00f3n es simple y el funcionamiento es m\u00e1s confiable. Adem\u00e1s, el mantenimiento es m\u00e1s c\u00f3modo.<\/li>    <li>Esta m\u00e1quina empacadora de dulces es vers\u00e1til. Puede envasar productos en diferentes campos.<\/li> <\/ol>    <figure class=\"wp-block-image size-large\"><img decoding=\"async\" src=\"https:\/\/taizypackaging.com\/wp-content\/uploads\/2020\/08\/Pillow-type-Packaging-Machine-1-2.jpg\" alt=\"m\u00e1quina envasadora tipo almohada\" class=\"wp-image-1256\"\/><figcaption class=\"wp-element-caption\">m\u00e1quina envasadora tipo almohada<\/figcaption><\/figure>    <h2 class=\"wp-block-heading\" id=\"h-the-performance-advantages-of-the-candy-packaging-machine\">Las ventajas de rendimiento de la m\u00e1quina envasadora de dulces.<\/h2>    <ol class=\"wp-block-list\" type=\"1\"> <li>Se pueden empaquetar objetos de diferentes tama\u00f1os cambiando diferentes formadores.<\/li>    <li>La velocidad del cortador es ajustable. Puede ajustar la velocidad del cortador configurando los par\u00e1metros en la pantalla de control.<\/li>    <li>La velocidad del cortador es ajustable y la temperatura de corte se controla mediante una pantalla de control PID independiente. Es adecuado para diversos materiales de embalaje.<\/li>    <li>Puede cambiar el ancho del paquete ajustando la parte anterior.<\/li> <\/ol>    <figure class=\"wp-block-image size-large\"><img decoding=\"async\" src=\"https:\/\/taizypackaging.com\/wp-content\/uploads\/2020\/08\/components-of-the-candy-packing-machine.jpg\" alt=\"componentes de la m\u00e1quina empacadora de dulces\" class=\"wp-image-1794\"\/><figcaption class=\"wp-element-caption\">componentes de la m\u00e1quina empacadora de dulces<\/figcaption><\/figure>    <h2 class=\"wp-block-heading\" id=\"package-style\">Estilo de paquete<\/h2>    <figure class=\"wp-block-image size-large\"><img decoding=\"async\" src=\"https:\/\/taizypackaging.com\/wp-content\/uploads\/2020\/08\/pillow-type-packing-machine-1.jpg\" alt=\"maquina-envasadora-tipo-almohada\" class=\"wp-image-852\"\/><figcaption class=\"wp-element-caption\">maquina-envasadora-tipo-almohada<\/figcaption><\/figure>    <h2 class=\"wp-block-heading\" id=\"h-q-a\">Preguntas y respuestas<\/h2>    <div class=\"schema-faq wp-block-yoast-faq-block\"><div class=\"schema-faq-section\" id=\"faq-question-1616468169204\"><strong class=\"schema-faq-question\">1. \u00bfCu\u00e1ntos m\u00e9todos de envasado existen?<\/strong> <p class=\"schema-faq-answer\">Una m\u00e1quina empacadora tipo almohada solo puede sellar hacia atr\u00e1s.<\/p> <\/div> <div class=\"schema-faq-section\" id=\"faq-question-1616468188611\"><strong class=\"schema-faq-question\">2. \u00bfEl moldeador es ajustable?<\/strong> <p class=\"schema-faq-answer\">No, es posible empaquetar objetos de diferentes tama\u00f1os cambiando el moldeador.<\/p> <\/div> <div class=\"schema-faq-section\" id=\"faq-question-1616468252884\"><strong class=\"schema-faq-question\">3. \u00bfC\u00f3mo dividir y enviar esta m\u00e1quina si la compro?<\/strong> <p class=\"schema-faq-answer\">Generalmente se entrega en dos partes.<\/p> <\/div> <div class=\"schema-faq-section\" id=\"faq-question-1616468264004\"><strong class=\"schema-faq-question\">4. \u00bfQu\u00e9 tipo de m\u00e1quinas envasadoras venden?<\/strong> <p class=\"schema-faq-answer\">Adem\u00e1s, contamos con una m\u00e1quina empacadora al vac\u00edo de almohadas, una m\u00e1quina empacadora de almohadas para dulces, una m\u00e1quina empacadora de almohadas horizontal, etc.<\/p> <\/div> <div class=\"schema-faq-section\" id=\"faq-question-1616468276012\"><strong class=\"schema-faq-question\">5. \u00bfPuede el cliente elegir el motor?<\/strong> <p class=\"schema-faq-answer\">S\u00ed puede. Adem\u00e1s de los motores convencionales, tambi\u00e9n se pueden seleccionar servomotores. La m\u00e1quina empacadora tipo almohada est\u00e1 equipada con un servomotor, por lo que puede detectar autom\u00e1ticamente la longitud del material. Y luego se cortar\u00e1 despu\u00e9s de detectar el material. Cuando los materiales no llegan, el film de embalaje y el cortador no funcionar\u00e1n para evitar desperdicios. Los servomotores son m\u00e1s caros que los motores normales.<\/p> <\/div> <\/div>    <h2 class=\"wp-block-heading\" id=\"h-the-working-video-of-the-horizontal-flow-wrapping-packaging-machine\">El v\u00eddeo de funcionamiento de la m\u00e1quina envasadora de envoltura de flujo horizontal.<\/h2>    <h2 class=\"wp-block-heading\" id=\"h-technical-parameter-of-the-candy-packing-machine\">&nbsp;Par\u00e1metro t\u00e9cnico de la m\u00e1quina envasadora de dulces.<\/h2>    <figure class=\"wp-block-table\"><table><tbody><tr><td>Ancho de la pel\u00edcula<\/td><td>M\u00e1ximo 250 mm<\/td><\/tr><tr><td>longitud del saco<\/td><td>45-220 mil\u00edmetros<\/td><\/tr><tr><td>Ancho de la bolsa<\/td><td>30-110 mil\u00edmetros<\/td><\/tr><tr><td>Altura del producto<\/td><td>M\u00e1x.40 mm<\/td><\/tr><tr><td>Capacidad<\/td><td>40-330 bolsas\/minuto<\/td><\/tr><tr><td>Fuerza<\/td><td>2,4 kilovatios<\/td><\/tr><tr><td>Peso<\/td><td>800 kilogramos<\/td><\/tr><tr><td>Dimensi\u00f3n<\/td><td>3770*670*1450 mil\u00edmetros<\/td><\/tr><tr><td>nota<\/td><td>poder personalizar<\/td><\/tr><\/tbody><\/table><\/figure>    <h2 class=\"wp-block-heading\" id=\"h-contact-us-to-start-your-business\">Cont\u00e1ctanos para iniciar tu negocio<\/h2>    <p>La m\u00e1quina empacadora de dulces se refiere a una m\u00e1quina empacadora tipo almohada. Es un producto popular en nuestra empresa debido a sus enormes aplicaciones en la fabricaci\u00f3n industrial. Exportamos con \u00e9xito m\u00e1quinas envolvedoras de almohadas a 30 pa\u00edses y regiones cada a\u00f1o. Con precios competitivos y buen servicio postventa, las m\u00e1quinas envasadoras Taizy son muy elogiadas por nuestros clientes de todo el mundo. \u00bfEst\u00e1 buscando un fabricante confiable de m\u00e1quinas empacadoras para beneficiar su proyecto? Deje sus requisitos a continuaci\u00f3n y nos comunicaremos con usted en unas horas.<\/p>","protected":false},"excerpt":{"rendered":"<p>Candy packing machine is a type of horizontal flow wrapping machine. It has the features of high efficiency, high accuracy, and easy operation. With a conveyor system, servo motor, and advanced control system, it can automatically complete the process of wrapping, sealing, and cutting. Therefore, an automatic candy packaging machine can definitely enhance your productivity [&hellip;]<\/p>\n","protected":false},"author":1,"featured_media":4147,"parent":0,"template":"","tags":[88,609,555,556],"product-type":[664],"class_list":["post-187","product","type-product","status-publish","has-post-thumbnail","hentry","tag-candy","tag-candy-packaging","tag-candy-packing-machine","tag-candy-wrapping-machine","product-type-horizontal-flow-wrapping-machines"],"_links":{"self":[{"href":"https:\/\/taizypackaging.com\/es\/wp-json\/wp\/v2\/product\/187","targetHints":{"allow":["GET"]}}],"collection":[{"href":"https:\/\/taizypackaging.com\/es\/wp-json\/wp\/v2\/product"}],"about":[{"href":"https:\/\/taizypackaging.com\/es\/wp-json\/wp\/v2\/types\/product"}],"author":[{"embeddable":true,"href":"https:\/\/taizypackaging.com\/es\/wp-json\/wp\/v2\/users\/1"}],"wp:featuredmedia":[{"embeddable":true,"href":"https:\/\/taizypackaging.com\/es\/wp-json\/wp\/v2\/media\/4147"}],"wp:attachment":[{"href":"https:\/\/taizypackaging.com\/es\/wp-json\/wp\/v2\/media?parent=187"}],"wp:term":[{"taxonomy":"post_tag","embeddable":true,"href":"https:\/\/taizypackaging.com\/es\/wp-json\/wp\/v2\/tags?post=187"},{"taxonomy":"product-type","embeddable":true,"href":"https:\/\/taizypackaging.com\/es\/wp-json\/wp\/v2\/product-type?post=187"}],"curies":[{"name":"wp","href":"https:\/\/api.w.org\/{rel}","templated":true}]}}