{"id":1882,"date":"2021-05-21T08:46:25","date_gmt":"2021-05-21T08:46:25","guid":{"rendered":"https:\/\/taizypackaging.com\/?p=1882"},"modified":"2024-01-17T16:13:45","modified_gmt":"2024-01-17T08:13:45","slug":"spice-packing-machine","status":"publish","type":"product","link":"https:\/\/taizypackaging.com\/es\/spice-packing-machine\/","title":{"rendered":"M\u00e1quina empacadora de especias"},"content":{"rendered":"<div class=\"kk-star-ratings kksr-auto kksr-align-left kksr-valign-top\"     data-payload='{&quot;align&quot;:&quot;left&quot;,&quot;id&quot;:&quot;1882&quot;,&quot;slug&quot;:&quot;default&quot;,&quot;valign&quot;:&quot;top&quot;,&quot;ignore&quot;:&quot;&quot;,&quot;reference&quot;:&quot;auto&quot;,&quot;class&quot;:&quot;&quot;,&quot;count&quot;:&quot;16&quot;,&quot;legendonly&quot;:&quot;&quot;,&quot;readonly&quot;:&quot;&quot;,&quot;score&quot;:&quot;4.9&quot;,&quot;starsonly&quot;:&quot;&quot;,&quot;best&quot;:&quot;5&quot;,&quot;gap&quot;:&quot;5&quot;,&quot;greet&quot;:&quot;Rate this product&quot;,&quot;legend&quot;:&quot;4.9\\\/5 - (16 votos)&quot;,&quot;size&quot;:&quot;24&quot;,&quot;title&quot;:&quot;Spice Packing Machine&quot;,&quot;width&quot;:&quot;139.6&quot;,&quot;_legend&quot;:&quot;{score}\\\/{best} - ({count} {votes})&quot;,&quot;font_factor&quot;:&quot;1.25&quot;}'>              <div class=\"kksr-stars\">      <div class=\"kksr-stars-inactive\">             <div class=\"kksr-star\" data-star=\"1\" style=\"padding-right: 5px\">               <div class=\"kksr-icon\" style=\"width: 24px; height: 24px;\"><\/div>         <\/div>             <div class=\"kksr-star\" data-star=\"2\" style=\"padding-right: 5px\">               <div class=\"kksr-icon\" style=\"width: 24px; height: 24px;\"><\/div>         <\/div>             <div class=\"kksr-star\" data-star=\"3\" style=\"padding-right: 5px\">               <div class=\"kksr-icon\" style=\"width: 24px; height: 24px;\"><\/div>         <\/div>             <div class=\"kksr-star\" data-star=\"4\" style=\"padding-right: 5px\">               <div class=\"kksr-icon\" style=\"width: 24px; height: 24px;\"><\/div>         <\/div>             <div class=\"kksr-star\" data-star=\"5\" style=\"padding-right: 5px\">               <div class=\"kksr-icon\" style=\"width: 24px; height: 24px;\"><\/div>         <\/div>     <\/div>      <div class=\"kksr-stars-active\" style=\"width: 139.6px;\">             <div class=\"kksr-star\" style=\"padding-right: 5px\">               <div class=\"kksr-icon\" style=\"width: 24px; height: 24px;\"><\/div>         <\/div>             <div class=\"kksr-star\" style=\"padding-right: 5px\">               <div class=\"kksr-icon\" style=\"width: 24px; height: 24px;\"><\/div>         <\/div>             <div class=\"kksr-star\" style=\"padding-right: 5px\">               <div class=\"kksr-icon\" style=\"width: 24px; height: 24px;\"><\/div>         <\/div>             <div class=\"kksr-star\" style=\"padding-right: 5px\">               <div class=\"kksr-icon\" style=\"width: 24px; height: 24px;\"><\/div>         <\/div>             <div class=\"kksr-star\" style=\"padding-right: 5px\">               <div class=\"kksr-icon\" style=\"width: 24px; height: 24px;\"><\/div>         <\/div>     <\/div> <\/div>                   <div class=\"kksr-legend\" style=\"font-size: 19.2px;\">             4,9\/5 - (16 votos)    <\/div>     <\/div>  <p class=\"translation-block\">La <strong>m\u00e1quina envasadora de especias<\/strong> que se ofrece es una <strong>m\u00e1quina vertical autom\u00e1tica de llenado, formado y sellado<\/strong>. Puede completar el proceso de pesaje, llenado, fabricaci\u00f3n de bolsas, sellado y corte. Las especias se utilizan ampliamente como ingredientes alimentarios importantes. Pueden hacer que los alimentos sean m\u00e1s deliciosos o tengan mejor aspecto. <\/p>    <p class=\"translation-block\">La m\u00e1quina envasadora de especias Taizy se aplica para envasar diversos polvos de especias, como chile en polvo, c\u00farcuma en polvo, pimienta negra, jengibre en polvo, <a href=\"https:\/\/en.wikipedia.org\/wiki\/Garam_masala\" target=\"_blank\" rel=\"noopener\">masala<\/a>, curry en polvo, etc. Con piezas de marca y tecnolog\u00eda avanzada, esta <strong>m\u00e1quina envasadora de bolsas de polvo peque\u00f1as<\/strong> tiene un alto rendimiento y buena calidad. Bienvenido a contactarnos para una cotizaci\u00f3n gratuita y comenzar su peque\u00f1o negocio. <\/p>   <figure class=\"wp-block-embed-youtube wp-block-embed is-type-video is-provider-youtube wp-embed-aspect-16-9 wp-has-aspect-ratio\"><div class=\"lyte-wrapper fourthree\" title=\"Empaquetadora autom\u00e1tica de bolsas de polvo para harina, especias, caf\u00e9 en polvo 10 g, 50 g, 200 g, 1 kg\" style=\"width:960px;max-width:100%;margin:5px auto;\"><div class=\"lyMe hidef\" id=\"WYL_qe2aNDHzdDQ\" itemprop=\"video\" itemscope itemtype=\"https:\/\/schema.org\/VideoObject\"><div><meta itemprop=\"thumbnailUrl\" content=\"https:\/\/taizypackaging.com\/wp-content\/plugins\/wp-youtube-lyte\/lyteCache.php?origThumbUrl=https%3A%2F%2Fi.ytimg.com%2Fvi%2Fqe2aNDHzdDQ%2Fmaxresdefault.jpg\" \/><meta itemprop=\"embedURL\" content=\"https:\/\/www.youtube.com\/embed\/qe2aNDHzdDQ\" \/><meta itemprop=\"duration\" content=\"PT1M39S\" \/><meta itemprop=\"uploadDate\" content=\"2022-01-27T07:42:21Z\" \/><\/div><div id=\"lyte_qe2aNDHzdDQ\" data-src=\"https:\/\/taizypackaging.com\/wp-content\/plugins\/wp-youtube-lyte\/lyteCache.php?origThumbUrl=https%3A%2F%2Fi.ytimg.com%2Fvi%2Fqe2aNDHzdDQ%2Fmaxresdefault.jpg\" class=\"pL\"><div class=\"tC\"><div class=\"tT\" itemprop=\"name\">Empaquetadora autom\u00e1tica de bolsas de polvo para harina, especias, caf\u00e9 en polvo 10 g, 50 g, 200 g, 1 kg<\/div><\/div><div class=\"play\"><\/div><div class=\"ctrl\"><div class=\"Lctrl\"><\/div><div class=\"Rctrl\"><\/div><\/div><\/div><noscript><a href=\"https:\/\/youtu.be\/qe2aNDHzdDQ\" rel=\"nofollow noopener\" target=\"_blank\"><img loading=\"lazy\" decoding=\"async\" src=\"https:\/\/taizypackaging.com\/wp-content\/plugins\/wp-youtube-lyte\/lyteCache.php?origThumbUrl=https%3A%2F%2Fi.ytimg.com%2Fvi%2Fqe2aNDHzdDQ%2F0.jpg\" alt=\"Empaquetadora autom\u00e1tica de bolsas de polvo para harina, especias, caf\u00e9 en polvo 10 g, 50 g, 200 g, 1 kg\" width=\"960\" height=\"700\" \/><br \/>Watch this video on YouTube<\/a><\/noscript><meta itemprop=\"description\" content=\"#powderpackingmachine #powderpackaging #packingmachine EMAIL: info@taizypackaging.com TEL\/WHATSAPP: +86 18837171591 WEBSITE: https:\/\/taizypackaging.com\/powder-packaging-machine\/ This set automatic powder packing machine is packing for 10g, 20g, 100g, 200g, 400g, 1kg powder products. Equipment: auger filler, screw conveyor, PLC control panel, packing machine, sealing device, cutting device, date printer. This machine is ideal for packaging various flow powder products like detergent powder, washing powder, spice powder, chili powder, coffee powder, rice powder, protein powder, masala powder, milk powder, ginger powder, tea powder, curry powder, bleaching powder, etc. Weighing methods: The powder pouch packing machine can be weighed according to the screw speed. The screw can rotate at 180 degrees, 270 degrees, and 360 degrees. Sealing methods: The powder packing machine can be back sealing, three-side sealing, and four-side sealing. You may also like these videos: Powder packing machine 1kg~3kg: https:\/\/www.youtube.com\/watch?v=OSG84yTnpxY&amp;t=154s&amp;ab_channel=TaizyPackagingMachinery Semi automatic powder filling machine 10kg, 20kg: https:\/\/www.youtube.com\/watch?v=F5tlcnSb8q4&amp;ab_channel=TaizyPackagingMachinery EMAIL: info@taizypackaging.com TEL\/WHATSAPP: +86 18837171591\"><\/div><\/div><div class=\"lL\" style=\"max-width:100%;width:960px;margin:5px auto;\"><\/div><figcaption><\/figcaption><\/figure>   <h2 class=\"wp-block-heading\" id=\"h-the-application-scope-of-the-spices-powder-packing-machine\">Aplicaciones de la m\u00e1quina envasadora de especias a la venta. <\/h2>    <p>La m\u00e1quina empacadora de especias en polvo puede completar autom\u00e1ticamente el proceso de conteo de peso, llenado de materiales y empaque de bolsas. Es adecuado para envasar diversos productos en polvo.<\/p>    <p>Este juego de m\u00e1quina envasadora de especias en polvo tiene un dise\u00f1o razonable y una estructura simple. Y es f\u00e1cil de operar y mantener. El peso m\u00e1ximo de embalaje de esta m\u00e1quina es de 200 g. <\/p>    <p>El embalaje debe elegir materiales con buena fluidez, como chile en polvo, jengibre en polvo, c\u00farcuma en polvo, caf\u00e9 en polvo, prote\u00edna en polvo, glucosa en polvo, detergente en polvo y otros materiales. <\/p>    <p class=\"translation-block\">Si elige productos con poca fluidez, como az\u00facar moreno y sal, el error de peso del envasado ser\u00e1 mayor. Puede indicarnos el polvo que desea envasar y le recomendaremos una <a href=\"https:\/\/taizypackaging.com\/es\/powder-packaging-machine\/\">m\u00e1quina envasadora de polvos<\/a> adecuada.<\/p>    <figure class=\"wp-block-image size-large\"><img decoding=\"async\" src=\"https:\/\/taizypackaging.com\/wp-content\/uploads\/2021\/05\/application-of-powder-packing-machine.jpg\" alt=\"aplicaci\u00f3n de la m\u00e1quina envasadora de polvo\" class=\"wp-image-1895\"\/><figcaption class=\"wp-element-caption\">aplicaci\u00f3n de la m\u00e1quina envasadora de polvo<\/figcaption><\/figure>    <h2 class=\"wp-block-heading\" id=\"h-structure-of-powder-packing-machine\">Detalles de la estructura de la m\u00e1quina empacadora de bolsas de especias en polvo<\/h2>    <p>Esta m\u00e1quina empacadora de bolsas de polvo tiene principalmente dos sistemas, un sistema de llenado y un sistema de empaque. Tienen muchas piezas como una pantalla t\u00e1ctil de control PLC, una pel\u00edcula en rollo, un formador de bolsas, un sinf\u00edn de polvo, un contenedor, un motor, una m\u00e1quina codificadora, una cubierta protectora de la cortadora y una estructura duradera del cuerpo de acero inoxidable. Esta m\u00e1quina envasadora de especias tiene un tama\u00f1o muy peque\u00f1o y un precio asequible. Si est\u00e1 buscando una peque\u00f1a m\u00e1quina envasadora de polvo para beneficiar su proyecto, esta m\u00e1quina es perfecta. <\/p>    <figure class=\"wp-block-image size-large\"><img decoding=\"async\" src=\"https:\/\/taizypackaging.com\/wp-content\/uploads\/2021\/05\/structure-of-powder-packing-machine.jpg\" alt=\"Estructura de la m\u00e1quina envasadora de especias.\" class=\"wp-image-1892\"\/><figcaption class=\"wp-element-caption\">estructura de la m\u00e1quina envasadora de polvo<\/figcaption><\/figure>    <h2 class=\"wp-block-heading\" id=\"h-the-working-process-of-the-spices-powder-packaging-machine\">Proceso de trabajo de la m\u00e1quina envasadora de especias en polvo.<\/h2>    <p>El proceso de trabajo de la m\u00e1quina: colocar materiales en la tolva, mezclar materiales, pesar el tornillo, transportar materiales, termosellado vertical, exportar el producto terminado.<\/p>    <ol class=\"wp-block-list\"> <li>La m\u00e1quina envasadora de polvo adopta interruptores de llave. Los par\u00e1metros de la funci\u00f3n se pueden configurar en la pantalla del PLC. Como velocidad de envasado, temperatura de termosellado, peso del embalaje, etc.<\/li>    <li>En el funcionamiento de la m\u00e1quina envasadora de polvo, el motor impulsa la bolsa para fabricarla con alta precisi\u00f3n.<br>La m\u00e1quina empacadora de bolsas de polvo se puede pesar de acuerdo con la velocidad del tornillo. El tornillo puede girar 180 grados, 270 grados y 360 grados.<\/li>    <li>En el embalaje de materiales en polvo existen altos requisitos en cuanto a la est\u00e9tica de la bolsa de embalaje. La m\u00e1quina envasadora de polvo adopta un c\u00f3digo de color de seguimiento autom\u00e1tico, elimina de forma inteligente el c\u00f3digo de color falso y completa autom\u00e1ticamente el posicionamiento y la longitud de la bolsa de envasado.<\/li>    <li>Para sellar la m\u00e1quina envasadora de polvo, se utiliza termosellado. Y puede configurar la temperatura de termosellado seg\u00fan los diferentes materiales de embalaje.<\/li> <\/ol>    <h2 class=\"wp-block-heading\" id=\"h-machine-display\">Exhibici\u00f3n de la m\u00e1quina empacadora de especias<\/h2>    <figure class=\"wp-block-image size-large\"><img loading=\"lazy\" decoding=\"async\" width=\"720\" height=\"540\" src=\"https:\/\/taizypackaging.com\/wp-content\/uploads\/2021\/05\/machines-display.jpg\" alt=\"exhibici\u00f3n de m\u00e1quinas\" class=\"wp-image-1893\" srcset=\"https:\/\/taizypackaging.com\/wp-content\/uploads\/2021\/05\/machines-display.jpg 720w, https:\/\/taizypackaging.com\/wp-content\/uploads\/2021\/05\/machines-display-300x225.jpg 300w\" sizes=\"auto, (max-width: 720px) 100vw, 720px\" \/><figcaption class=\"wp-element-caption\">exhibici\u00f3n de m\u00e1quinas<\/figcaption><\/figure>    <h2 class=\"wp-block-heading\" id=\"h-classification-of-powder-free-flowing-and-non-free-flowing\">Tipos de productos en polvo: fluidos y no fluidos<\/h2>    <p>Los polvos se pueden dividir en dos categor\u00edas seg\u00fan su fluidez: polvos que fluyen libremente y polvos que no fluyen libremente.<\/p>    <p>Para polvos que fluyen libremente, como la sal, la densidad de la sal no aumentar\u00e1 al aplicarle presi\u00f3n. Son \"fluidos libres\". Y generalmente no mantienen su forma durante el funcionamiento.<\/p>    <p>Cuando las part\u00edculas son pegajosas, el producto en polvo se considera que no fluye libremente. Como el az\u00facar moreno o la leche en polvo. Suelen mantener su forma durante el funcionamiento y pueden compactarse bajo presi\u00f3n.<\/p>    <p>Los productos que fluyen libremente caen f\u00e1cilmente bajo la acci\u00f3n de la gravedad, mientras que los productos que no fluyen libremente requieren una compactaci\u00f3n adecuada y un procesamiento \"asistido\" durante el proceso de envasado debido a su cohesi\u00f3n. Por tanto, los dos tipos de materiales requieren un sistema de llenado completamente diferente para transportar los productos correctamente.<\/p>    <p>La m\u00e1quina envasadora de especias en polvo se puede utilizar para envasar tanto polvo que fluye libremente como polvo que no fluye libremente. El m\u00e9todo de pesar y transportar materiales con un tornillo empujador oblicuo tiene un buen efecto de embalaje y un peso de embalaje preciso.<\/p>    <figure class=\"wp-block-image size-large\"><img decoding=\"async\" src=\"https:\/\/taizypackaging.com\/wp-content\/uploads\/2021\/05\/classification-of-the-powder.jpg\" alt=\"clasificaci\u00f3n del polvo\" class=\"wp-image-1886\"\/><figcaption class=\"wp-element-caption\">clasificaci\u00f3n del polvo<\/figcaption><\/figure>    <h2 class=\"wp-block-heading\" id=\"what-is-the-cost-of-spice-packing-machine\">\u00bfCu\u00e1l es el costo de una m\u00e1quina empacadora de especias? <\/h2>    <p>El coste de una m\u00e1quina envasadora de especias est\u00e1 estrechamente relacionado con muchos factores. <\/p>    <p>En primer lugar, los tipos de m\u00e1quinas. Existen muchos tipos de m\u00e1quinas empacadoras de bolsas de especias para satisfacer diferentes necesidades, como m\u00e1quinas empacadoras de polvo peque\u00f1as, m\u00e1quinas empacadoras de polvo autom\u00e1ticas de 1 kg ~ 3 kg y m\u00e1quinas llenadoras de polvo semiautom\u00e1ticas. Sus precios son diferentes. Por ejemplo, el precio de una m\u00e1quina llenadora y selladora de polvo peque\u00f1a suele ser de varios miles de d\u00f3lares, y los precios de otras m\u00e1quinas envasadoras de polvo superan los 10 mil d\u00f3lares. <\/p>    <p>En segundo lugar, los par\u00e1metros de la m\u00e1quina. Los precios de las m\u00e1quinas empacadoras de especias del mismo tipo de m\u00e1quina son diferentes. Por ejemplo, la peque\u00f1a m\u00e1quina empacadora de especias en polvo que se vende aqu\u00ed tiene diferentes modelos o par\u00e1metros para diferentes tama\u00f1os de bolsas y otros requisitos personalizados. <\/p>    <p>En tercer lugar, el costo de la m\u00e1quina empacadora de especias est\u00e1 relacionado con algunos factores externos como el costo de env\u00edo, el tipo de cambio, etc. Tambi\u00e9n pueden afectar el precio. <\/p>    <h2 class=\"wp-block-heading\" id=\"h-optional-devices-for-spices-powder-packing-machine\">Dispositivos opcionales para la m\u00e1quina envasadora de especias en polvo.<\/h2>    <p>1. Dispositivo de codificaci\u00f3n: la m\u00e1quina codificadora de cinta imprime claramente y no es f\u00e1cil de borrar. Es higi\u00e9nico y limpio. No necesitamos preocuparnos por la contaminaci\u00f3n por petr\u00f3leo.<br>2. Agregue un corte en el sello de la bolsa para que sea m\u00e1s f\u00e1cil rasgar la bolsa.<br>3. Dispositivo de perforaci\u00f3n: perfore orificios de varias formas en el borde de la bolsa, lo cual es conveniente para colgar en el estante y f\u00e1cil de exhibir.<br>4. Dispositivo de conexi\u00f3n de bolsas: se puede configurar cualquier n\u00famero de dispositivos de conexi\u00f3n de bolsas (sin cortar) para satisfacer las necesidades de compras al por mayor de los consumidores.<\/p>    <h2 class=\"wp-block-heading\" id=\"h-the-measurement-method-of-the-powder-packaging-machine\">El m\u00e9todo de pesaje de la m\u00e1quina envasadora de polvo.<\/h2>    <p>La m\u00e1quina envasadora de especias en polvo utiliza un tornillo para medir el material. La m\u00e1quina empacadora de bolsas de polvo se puede pesar de acuerdo con la velocidad del tornillo. El tornillo puede girar 180 grados, 270 grados y 360 grados. <\/p>    <p>Existen tres tipos de tornillos para m\u00e1quinas envasadoras de polvo. Son tornillos de empuje horizontales, tornillos de empuje oblicuos y tornillos de empuje directo. No importa qu\u00e9 tipo de tornillo, el efecto de medici\u00f3n es mejor que otros m\u00e9todos y mejora enormemente el entorno de embalaje. <\/p>    <p>La dosificaci\u00f3n por tornillo evita la contaminaci\u00f3n por polvo y la infecci\u00f3n cruzada de materiales. Este es el beneficio de una m\u00e1quina envasadora de polvo que utiliza dosificaci\u00f3n por tornillo.<\/p>    <h2 class=\"wp-block-heading\" id=\"h-outstanding-advantages\">Ventajas de los equipos de envasado de especias. <\/h2>    <ol class=\"wp-block-list\"> <li>Pantalla t\u00e1ctil LCD en ingl\u00e9s, sistema de control PLC. El modelo funcional de la m\u00e1quina envasadora de polvo es claro de un vistazo.<\/li>    <li>La estructura y disposici\u00f3n de toda la m\u00e1quina son razonables. Cambie las variedades de empaque, limpio, sanitario y conveniente.<\/li>    <li>El motor se utiliza como equipo de potencia. Por lo tanto, la m\u00e1quina funciona r\u00e1pido, lo que mejora en gran medida la eficiencia del embalaje.<\/li>    <li>Reemplace los accesorios de tornillo, el mismo equipo puede cumplir con los requisitos de medici\u00f3n de diferentes especificaciones.<\/li> <\/ol>    <figure class=\"wp-block-image size-large is-resized\"><img decoding=\"async\" src=\"https:\/\/taizypackaging.com\/wp-content\/uploads\/2021\/05\/individual-part-of-the-powder-packaging-machines.jpg\" alt=\"parte individual de las m\u00e1quinas envasadoras de polvo\" class=\"wp-image-1896\" style=\"width:720px;height:auto\"\/><figcaption class=\"wp-element-caption\">parte individual de las m\u00e1quinas envasadoras de polvo<\/figcaption><\/figure>    <h2 class=\"wp-block-heading\" id=\"h-warm-tips\">Consejos c\u00e1lidos sobre el funcionamiento de la m\u00e1quina envasadora de especias<\/h2>    <ol class=\"wp-block-list\"> <li><strong>Observe los requisitos correctos.<\/strong><br>Cuando utilice la m\u00e1quina envasadora de especias en polvo de la empresa Taizy, debe utilizarla correctamente. Porque varias especificaciones y modelos tienen diferentes caracter\u00edsticas funcionales durante el uso. Y habr\u00e1 diferentes requisitos de uso. Debe comprender las instrucciones de funcionamiento espec\u00edficas.<\/li>    <li><strong>Evitar operaciones ilegales<\/strong><br>Hay algunas fallas menores en la m\u00e1quina envasadora de especias en polvo. Pero tambi\u00e9n puede mostrar el efecto del funcionamiento normal. Sin embargo, eso no significa que no habr\u00e1 problemas en el proceso de uso. Si desea obtener un mejor efecto de uso y una vida \u00fatil m\u00e1s larga, no debe operar en violaci\u00f3n de las regulaciones. Y es necesario realizar un mantenimiento razonable.<\/li> <\/ol>    <h2 class=\"wp-block-heading\" id=\"conclusion\">Conclusi\u00f3n<\/h2>    <p class=\"translation-block\">Con una rica experiencia y una gran capacidad en la investigaci\u00f3n y fabricaci\u00f3n de equipos de envasado, nuestra m\u00e1quina envasadora de especias se ha exportado con \u00e9xito a m\u00e1s de 30 pa\u00edses. Adem\u00e1s de las m\u00e1quinas envasadoras de especias, ofrecemos m\u00e1quinas envasadoras de harina de calidad, m\u00e1quinas envasadoras de detergente en polvo, <a href=\"https:\/\/taizypackaging.com\/es\/milk-powder-packing-machine\/\">m\u00e1quinas envasadoras de leche en polvo<\/a>, m\u00e1quinas envasadoras de caf\u00e9 en polvo, etc. <\/p>","protected":false},"excerpt":{"rendered":"<p>La m\u00e1quina empacadora de especias que se ofrece es una m\u00e1quina autom\u00e1tica de formado, llenado y sellado vertical. Puede finalizar el proceso de pesaje, llenado, fabricaci\u00f3n de bolsas, sellado y corte. Es adecuado para envasar chile en polvo, jengibre en polvo, c\u00farcuma en polvo, etc. <\/p>","protected":false},"author":1,"featured_media":4880,"parent":0,"template":"","tags":[575,576,574,572],"product-type":[660],"class_list":["post-1882","product","type-product","status-publish","has-post-thumbnail","hentry","tag-spice-packing-equipment","tag-spice-pouch-packing-machine","tag-spices-packaging-machine","tag-spices-packing-machine","product-type-powder-packing-machines"],"_links":{"self":[{"href":"https:\/\/taizypackaging.com\/es\/wp-json\/wp\/v2\/product\/1882","targetHints":{"allow":["GET"]}}],"collection":[{"href":"https:\/\/taizypackaging.com\/es\/wp-json\/wp\/v2\/product"}],"about":[{"href":"https:\/\/taizypackaging.com\/es\/wp-json\/wp\/v2\/types\/product"}],"author":[{"embeddable":true,"href":"https:\/\/taizypackaging.com\/es\/wp-json\/wp\/v2\/users\/1"}],"wp:featuredmedia":[{"embeddable":true,"href":"https:\/\/taizypackaging.com\/es\/wp-json\/wp\/v2\/media\/4880"}],"wp:attachment":[{"href":"https:\/\/taizypackaging.com\/es\/wp-json\/wp\/v2\/media?parent=1882"}],"wp:term":[{"taxonomy":"post_tag","embeddable":true,"href":"https:\/\/taizypackaging.com\/es\/wp-json\/wp\/v2\/tags?post=1882"},{"taxonomy":"product-type","embeddable":true,"href":"https:\/\/taizypackaging.com\/es\/wp-json\/wp\/v2\/product-type?post=1882"}],"curies":[{"name":"wp","href":"https:\/\/api.w.org\/{rel}","templated":true}]}}