{"id":1908,"date":"2021-05-22T11:15:47","date_gmt":"2021-05-22T11:15:47","guid":{"rendered":"https:\/\/taizypackaging.com\/?p=1908"},"modified":"2024-07-16T18:13:18","modified_gmt":"2024-07-16T10:13:18","slug":"semi-automatic-powder-filling-machine","status":"publish","type":"product","link":"https:\/\/taizypackaging.com\/es\/semi-automatic-powder-filling-machine\/","title":{"rendered":"M\u00e1quina llenadora de polvo semiautom\u00e1tica"},"content":{"rendered":"<div class=\"kk-star-ratings kksr-auto kksr-align-left kksr-valign-top\"     data-payload='{&quot;align&quot;:&quot;left&quot;,&quot;id&quot;:&quot;1908&quot;,&quot;slug&quot;:&quot;default&quot;,&quot;valign&quot;:&quot;top&quot;,&quot;ignore&quot;:&quot;&quot;,&quot;reference&quot;:&quot;auto&quot;,&quot;class&quot;:&quot;&quot;,&quot;count&quot;:&quot;14&quot;,&quot;legendonly&quot;:&quot;&quot;,&quot;readonly&quot;:&quot;&quot;,&quot;score&quot;:&quot;4.8&quot;,&quot;starsonly&quot;:&quot;&quot;,&quot;best&quot;:&quot;5&quot;,&quot;gap&quot;:&quot;5&quot;,&quot;greet&quot;:&quot;Rate this product&quot;,&quot;legend&quot;:&quot;4.8\\\/5 - (14 votos)&quot;,&quot;size&quot;:&quot;24&quot;,&quot;title&quot;:&quot;Semi Automatic Powder Filling Machine&quot;,&quot;width&quot;:&quot;136.7&quot;,&quot;_legend&quot;:&quot;{score}\\\/{best} - ({count} {votes})&quot;,&quot;font_factor&quot;:&quot;1.25&quot;}'>              <div class=\"kksr-stars\">      <div class=\"kksr-stars-inactive\">             <div class=\"kksr-star\" data-star=\"1\" style=\"padding-right: 5px\">               <div class=\"kksr-icon\" style=\"width: 24px; height: 24px;\"><\/div>         <\/div>             <div class=\"kksr-star\" data-star=\"2\" style=\"padding-right: 5px\">               <div class=\"kksr-icon\" style=\"width: 24px; height: 24px;\"><\/div>         <\/div>             <div class=\"kksr-star\" data-star=\"3\" style=\"padding-right: 5px\">               <div class=\"kksr-icon\" style=\"width: 24px; height: 24px;\"><\/div>         <\/div>             <div class=\"kksr-star\" data-star=\"4\" style=\"padding-right: 5px\">               <div class=\"kksr-icon\" style=\"width: 24px; height: 24px;\"><\/div>         <\/div>             <div class=\"kksr-star\" data-star=\"5\" style=\"padding-right: 5px\">               <div class=\"kksr-icon\" style=\"width: 24px; height: 24px;\"><\/div>         <\/div>     <\/div>      <div class=\"kksr-stars-active\" style=\"width: 136.7px;\">             <div class=\"kksr-star\" style=\"padding-right: 5px\">               <div class=\"kksr-icon\" style=\"width: 24px; height: 24px;\"><\/div>         <\/div>             <div class=\"kksr-star\" style=\"padding-right: 5px\">               <div class=\"kksr-icon\" style=\"width: 24px; height: 24px;\"><\/div>         <\/div>             <div class=\"kksr-star\" style=\"padding-right: 5px\">               <div class=\"kksr-icon\" style=\"width: 24px; height: 24px;\"><\/div>         <\/div>             <div class=\"kksr-star\" style=\"padding-right: 5px\">               <div class=\"kksr-icon\" style=\"width: 24px; height: 24px;\"><\/div>         <\/div>             <div class=\"kksr-star\" style=\"padding-right: 5px\">               <div class=\"kksr-icon\" style=\"width: 24px; height: 24px;\"><\/div>         <\/div>     <\/div> <\/div>                   <div class=\"kksr-legend\" style=\"font-size: 19.2px;\">             4,8\/5 - (14 votos)    <\/div>     <\/div>  <p class=\"translation-block\"><strong>M\u00e1quina semi autom\u00e1tica de llenado de polvo<\/strong>, o <strong>llenadora de tornillo<\/strong> aqu\u00ed est\u00e1 dise\u00f1ada para productos de polvo de 1 kg a 10 kg. Es adecuada para el llenado de varios productos en polvo secos, como leche en polvo, polvo de especias, polvo de chile, polvo de caf\u00e9, polvo detergente, harina, polvo qu\u00edmico, etc. Con las caracter\u00edsticas de bajo coste y alta eficiencia, la <strong>m\u00e1quina de relleno y sellado de polvo<\/strong> <strong>semi autom\u00e1tica<\/strong> puede mejorar enormemente su productividad y beneficiar su proyecto. Como fabricante y exportador l\u00edder de m\u00e1quinas de llenado de tornillo en China, ofrecemos una gama completa de m\u00e1quinas de llenado con una fuerte capacidad de personalizaci\u00f3n y entrega r\u00e1pida. Bienvenido a contactarnos para obtener una lista de precios gratuita. <\/p>   <figure class=\"wp-block-embed-youtube wp-block-embed is-type-video is-provider-youtube wp-embed-aspect-16-9 wp-has-aspect-ratio\"><div class=\"lyte-wrapper fourthree\" title=\"M\u00e1quina llenadora de polvo semiautom\u00e1tica, de bajo costo, s\u00faper eficiente, de 1 kg a 10 kg\" style=\"width:960px;max-width:100%;margin:5px auto;\"><div class=\"lyMe hidef\" id=\"WYL_6j2Dz4i-eWY\" itemprop=\"video\" itemscope itemtype=\"https:\/\/schema.org\/VideoObject\"><div><meta itemprop=\"thumbnailUrl\" content=\"https:\/\/taizypackaging.com\/wp-content\/plugins\/wp-youtube-lyte\/lyteCache.php?origThumbUrl=https%3A%2F%2Fi.ytimg.com%2Fvi%2F6j2Dz4i-eWY%2Fmaxresdefault.jpg\" \/><meta itemprop=\"embedURL\" content=\"https:\/\/www.youtube.com\/embed\/6j2Dz4i-eWY\" \/><meta itemprop=\"duration\" content=\"PT3M26S\" \/><meta itemprop=\"uploadDate\" content=\"2022-02-10T07:29:03Z\" \/><\/div><meta itemprop=\"accessibilityFeature\" content=\"captions\" \/><div id=\"lyte_6j2Dz4i-eWY\" data-src=\"https:\/\/taizypackaging.com\/wp-content\/plugins\/wp-youtube-lyte\/lyteCache.php?origThumbUrl=https%3A%2F%2Fi.ytimg.com%2Fvi%2F6j2Dz4i-eWY%2Fmaxresdefault.jpg\" class=\"pL\"><div class=\"tC\"><div class=\"tT\" itemprop=\"name\">M\u00e1quina llenadora de polvo semiautom\u00e1tica, de bajo costo, s\u00faper eficiente, de 1 kg a 10 kg<\/div><\/div><div class=\"play\"><\/div><div class=\"ctrl\"><div class=\"Lctrl\"><\/div><div class=\"Rctrl\"><\/div><\/div><\/div><noscript><a href=\"https:\/\/youtu.be\/6j2Dz4i-eWY\" rel=\"nofollow noopener\" target=\"_blank\"><img loading=\"lazy\" decoding=\"async\" src=\"https:\/\/taizypackaging.com\/wp-content\/plugins\/wp-youtube-lyte\/lyteCache.php?origThumbUrl=https%3A%2F%2Fi.ytimg.com%2Fvi%2F6j2Dz4i-eWY%2F0.jpg\" alt=\"M\u00e1quina llenadora de polvo semiautom\u00e1tica, de bajo costo, s\u00faper eficiente, de 1 kg a 10 kg\" width=\"960\" height=\"700\" \/><br \/>Watch this video on YouTube<\/a><\/noscript><meta itemprop=\"description\" content=\"#powderfillingmachine #powderfiller #fillingmachine EMAIL: info@taizypackaging.com TEL\/WHATSAPP: +86 18837171591 USEFUL LINK: https:\/\/taizypackaging.com\/semi-automatic-powder-packaging-machine-auger-filling-machine\/ This semi automatic powder filling machine is designed for small and medium production needs. It has low cost and super-efficient. It is suitable for the filling of various dry powder products, such as milk powder, spices powder, chili powder, coffee powder, detergent powder, flour, chemical powder, curry powder, tea powder, rice powder, cocoa powder, nutrition powder, herb powder, etc. The semi automatic powder filling machine mainly consists of these parts, a feeding machine, a PLC touch screen, electronic scale, inlet, and outlet. All our filling machines are adopted stainless steel material and advanced technology, durable and super-efficient. Besides, there are various sealing machines available. In short, we support a complete automatic powder filling machine to fit your business. You may also like these videos: Automatic powder filling machine 5kg ~ 50kg: https:\/\/www.youtube.com\/watch?v=F5tlcnSb8q4 Automatic VFFS powder machine: https:\/\/www.youtube.com\/watch?v=qe2aNDHzdDQ EMAIL: info@taizypackaging.com TEL\/WHATSAPP: +86 18837171591 USEFUL LINK: https:\/\/taizypackaging.com\/semi-automatic-powder-packaging-machine-auger-filling-machine\/\"><\/div><\/div><div class=\"lL\" style=\"max-width:100%;width:960px;margin:5px auto;\"><\/div><figcaption><\/figcaption><\/figure>   <h2 class=\"wp-block-heading\" id=\"h-structure-of-the-semi-automatic-packing-machine\">Estructuras de la m\u00e1quina llenadora de polvo semiautom\u00e1tica.<\/h2>    <p>La m\u00e1quina llenadora de polvo semiautom\u00e1tica consta principalmente de estas piezas: una m\u00e1quina de alimentaci\u00f3n, una pantalla t\u00e1ctil PLC, una b\u00e1scula electr\u00f3nica, una entrada y una salida. Todas nuestras m\u00e1quinas llenadoras adoptan material de acero inoxidable y tecnolog\u00eda avanzada, duraderas y s\u00faper eficientes. Adem\u00e1s, hay varias m\u00e1quinas selladoras disponibles. En resumen, ofrecemos una m\u00e1quina llenadora de polvo autom\u00e1tica completa que se adapta a su negocio. <\/p>    <figure class=\"wp-block-image size-large\"><img decoding=\"async\" src=\"https:\/\/taizypackaging.com\/wp-content\/uploads\/2021\/05\/structure-of-semi-automatic-powder-packing-machine.jpg\" alt=\"Estructura de la m\u00e1quina envasadora de polvo semiautom\u00e1tica.\" class=\"wp-image-1936\"\/><figcaption class=\"wp-element-caption\">Estructura de una m\u00e1quina envasadora de polvo semiautom\u00e1tica.<\/figcaption><\/figure>    <h2 class=\"wp-block-heading\" id=\"h-technical-parameters-of-the-semi-automatic-packaging-machine\">Par\u00e1metros t\u00e9cnicos de la m\u00e1quina llenadora de polvo manual.<\/h2>    <figure class=\"wp-block-table is-style-stripes\"><table><tbody><tr><td>Fuerza<\/td><td>&nbsp;CA 380 V 900 W.<\/td><\/tr><tr><td>Especificaci\u00f3n de embalaje<\/td><td>&nbsp;1-10 kilos<\/td><\/tr><tr><td>Precisi\u00f3n del embalaje &nbsp;&nbsp;&nbsp;<\/td><td>&nbsp;\u00b11%<\/td><\/tr><tr><td>Velocidad de embalaje<\/td><td>&nbsp;500-1500 bolsas\/hora (dependiendo de las especificaciones y materiales del embalaje)<\/td><\/tr><tr><td>Tama\u00f1o de la m\u00e1quina<\/td><td>&nbsp;1000\u00d7850\u00d71850mm<\/td><\/tr><tr><td>Peso&nbsp;<\/td><td>&nbsp;280 kilos<\/td><\/tr><\/tbody><\/table><\/figure>    <h2 class=\"wp-block-heading\" id=\"h-workflow-of-semi-automatic-auger-filling-machine\">Principio de funcionamiento de la m\u00e1quina llenadora de polvo seco con barrena<\/h2>    <ul class=\"wp-block-list\"> <li>En primer lugar, debe agregar manualmente las materias primas al silo o estar equipado con un alimentador de material; es f\u00e1cil alimentar materiales. <\/li>    <li>En segundo lugar, puede configurar la velocidad del embalaje, el peso del embalaje y otros par\u00e1metros t\u00e9cnicos a trav\u00e9s de la pantalla t\u00e1ctil de control inteligente del PLC.<\/li>    <li>En tercer lugar, el usuario debe colocar la bolsa o botella de embalaje en el puerto de descarga.<\/li>    <li>En cuarto lugar, encienda el interruptor y la m\u00e1quina envasadora podr\u00e1 funcionar normalmente.<\/li> <\/ul>    <p>La m\u00e1quina llenadora de polvo semiautom\u00e1tica adopta una combinaci\u00f3n de tecnolog\u00eda de obturaci\u00f3n de tornillos y pesaje electr\u00f3nico. La m\u00e1quina adopta control por microcomputadora. Esta m\u00e1quina llenadora de tornillos tiene llenado autom\u00e1tico cuantitativo, autom\u00e1tico y correcci\u00f3n autom\u00e1tica de errores. Al mismo tiempo, tiene funciones como contar y limpiar. <\/p>    <h2 class=\"wp-block-heading\" id=\"h-features-and-advantages-of-semi-automatic-powder-packing-machine\">Caracter\u00edsticas y ventajas de la m\u00e1quina llenadora de polvo semiautom\u00e1tica.<\/h2>    <p>1. Esta m\u00e1quina llenadora de sinf\u00edn semiautom\u00e1tica est\u00e1 hecha de acero inoxidable duradero.\u00a0Es f\u00e1cil de limpiar y previene la contaminaci\u00f3n cruzada;<\/p>    <p>2. Esta m\u00e1quina envasadora de polvo semiautom\u00e1tica integra m\u00e1quina, electricidad, luz e instrumento en uno. Est\u00e1 controlado por una microcomputadora de un solo chip.\u00a0Tiene funciones como cuantitativa autom\u00e1tica, llenado autom\u00e1tico y ajuste autom\u00e1tico de errores de medici\u00f3n;<\/p>    <p>3. Velocidad r\u00e1pida: adopte tecnolog\u00eda de control de luz y corte en espiral;<\/p>    <p>4. Alta precisi\u00f3n: utilizando motor paso a paso y tecnolog\u00eda de pesaje electr\u00f3nico;<\/p>    <p>5. Amplia gama de envasado: la misma m\u00e1quina envasadora cuantitativa se puede ajustar continuamente entre 1 y 10 kg a trav\u00e9s del teclado de la b\u00e1scula electr\u00f3nica y reemplazar las diferentes especificaciones del tornillo ciego;<\/p>    <p>7. Amplia gama de aplicaciones: se pueden utilizar materiales tanto en polvo como en polvo con cierta fluidez;<\/p>    <p>8. Los errores causados \u200b\u200bpor cambios en la proporci\u00f3n de materiales y niveles de materiales se pueden rastrear y corregir autom\u00e1ticamente;<\/p>    <p>9. La pantalla t\u00e1ctil PLC ajusta las funciones de la m\u00e1quina. La m\u00e1quina envasadora de sinf\u00edn semiautom\u00e1tica solo necesita ensacado manual y la boca de la bolsa est\u00e1 limpia y es f\u00e1cil de sellar.<\/p>    <h2 class=\"wp-block-heading\" id=\"applications-of-the-powder-filling-and-sealing-machine\">Aplicaciones de la m\u00e1quina llenadora y selladora de polvo. <\/h2>    <p>La m\u00e1quina llenadora y selladora de polvo tiene una amplia gama de aplicaciones. Por un lado, es ideal para manipular envases de detergente en polvo, chile en polvo, t\u00e9 en polvo, caf\u00e9 en polvo, leche en polvo, arroz en polvo, curry en polvo, cacao en polvo, nutrici\u00f3n en polvo, polvo qu\u00edmico, hierbas en polvo, etc. Por otro lado, puede adaptarse a diferentes contenedores como bolsas y botellas. Env\u00edenos una consulta para iniciar su proyecto. <\/p>    <figure class=\"wp-block-image size-full\"><img decoding=\"async\" src=\"https:\/\/taizypackaging.com\/wp-content\/uploads\/2021\/05\/powder-packing-sample.jpg\" alt=\"muestra de embalaje de polvo\" class=\"wp-image-1934\"\/><figcaption class=\"wp-element-caption\">muestra de embalaje de polvo<\/figcaption><\/figure>    <h2 class=\"wp-block-heading\" id=\"h-semi-automatic-powder-packing-machine-price\">\u00bfCu\u00e1l es el precio de la m\u00e1quina llenadora de polvo? <\/h2>    <p>Esta m\u00e1quina llenadora de polvo semiautom\u00e1tica tiene diferentes modelos, incluidos modelos con pantalla t\u00e1ctil PLC y modelos con botones. Al mismo tiempo, los par\u00e1metros espec\u00edficos de diferentes modelos tambi\u00e9n son diferentes. Adem\u00e1s, el tama\u00f1o del silo tambi\u00e9n se puede personalizar. Por tanto, el precio final tambi\u00e9n es diferente. Puede contactarnos para contarnos sus necesidades espec\u00edficas, lo equiparemos con la m\u00e1quina m\u00e1s adecuada y favorable para beneficiar su proyecto.<\/p>    <h2 class=\"wp-block-heading\" id=\"h-machine-display\">Exhibici\u00f3n de m\u00e1quinas<\/h2>    <p>Disponemos de dos tipos de m\u00e1quinas a la venta. Tienen un sistema de control diferente. El primero utiliza teclas y el otro utiliza una pantalla de control PLC. Los par\u00e1metros detallados de las dos m\u00e1quinas tambi\u00e9n son diferentes.<\/p>    <figure class=\"wp-block-image size-large\"><img decoding=\"async\" src=\"https:\/\/taizypackaging.com\/wp-content\/uploads\/2021\/05\/two-types-of-machines.jpg\" alt=\"dos tipos de maquinas\" class=\"wp-image-1932\"\/><figcaption class=\"wp-element-caption\">Dos tipos de m\u00e1quinas llenadoras de polvo semiautom\u00e1ticas.<\/figcaption><\/figure>    <h2 class=\"wp-block-heading\" id=\"h-difference-between-a-semi-automatic-packaging-machine-and-an-automatic-machine\">Diferencias entre una m\u00e1quina llenadora semiautom\u00e1tica y una envasadora autom\u00e1tica<\/h2>    <ol class=\"wp-block-list\"> <li>Diferente eficiencia de producci\u00f3n. El <a href=\"https:\/\/taizypackaging.com\/es\/spices-packing-machine-powder-packing-machine-type2\/\">empaquetadora autom\u00e1tica de polvo<\/a> Adopta tecnolog\u00eda avanzada totalmente autom\u00e1tica. Por lo tanto, la eficiencia de producci\u00f3n es mayor que la de la m\u00e1quina envasadora semiautom\u00e1tica. Al mismo tiempo, puede ahorrar mucho trabajo.<\/li>    <li>El rango ajustable de alimentaci\u00f3n de la m\u00e1quina empacadora de polvo autom\u00e1tica es relativamente estrecho. Mientras que el rango de ajuste de alimentaci\u00f3n de la m\u00e1quina envasadora semiautom\u00e1tica es m\u00e1s amplio. <\/li>    <li>En t\u00e9rminos del grado de automatizaci\u00f3n, la diferencia entre semiautom\u00e1tico y completamente autom\u00e1tico es que uno depende de la mano de obra y el otro es operaci\u00f3n no tripulada.<\/li>    <li>El precio es diferente. El precio de la m\u00e1quina envasadora semiautom\u00e1tica es m\u00e1s favorable y rentable.<\/li> <\/ol>    <h2 class=\"wp-block-heading\" id=\"h-which-packing-machine-should-we-choose-automatic-or-semi-automatic-machines\">\u00bfCu\u00e1l elegir: envasadora autom\u00e1tica o envasadora semiautom\u00e1tica?<\/h2>    <p>En resumen, en t\u00e9rminos de tecnolog\u00eda, la m\u00e1quina envasadora autom\u00e1tica tiene ventajas m\u00e1s avanzadas. La m\u00e1quina envasadora semiautom\u00e1tica tambi\u00e9n tiene sus propias ventajas, como por ejemplo el precio. En el proceso de producci\u00f3n, existen pros y contras entre los dos.<\/p>    <p>Por lo tanto, los clientes empresariales deben considerar cuidadosamente el proceso de selecci\u00f3n de equipos. Elija la m\u00e1quina seg\u00fan los productos que necesita empacar y las condiciones reales. Lo correcto es lo mejor.<\/p>    <h2 class=\"wp-block-heading\" id=\"h-additional-equipment-sealing-machine-feeding-machine\">Equipo adicional: m\u00e1quina selladora, m\u00e1quina alimentadora<\/h2>    <p>La m\u00e1quina de polvo semiautom\u00e1tica puede completar el proceso de pesaje y llenado. Despu\u00e9s de eso, es necesario sellar manualmente el paquete del producto con una m\u00e1quina selladora. Por lo tanto, resulta \u00fatil una m\u00e1quina selladora. <\/p>    <figure class=\"wp-block-image size-large\"><img loading=\"lazy\" decoding=\"async\" width=\"720\" height=\"540\" src=\"https:\/\/taizypackaging.com\/wp-content\/uploads\/2021\/05\/sealing-machine.jpg\" alt=\"Maquina de sellado\" class=\"wp-image-1931\" srcset=\"https:\/\/taizypackaging.com\/wp-content\/uploads\/2021\/05\/sealing-machine.jpg 720w, https:\/\/taizypackaging.com\/wp-content\/uploads\/2021\/05\/sealing-machine-300x225.jpg 300w\" sizes=\"auto, (max-width: 720px) 100vw, 720px\" \/><figcaption class=\"wp-element-caption\">Maquina de sellado<\/figcaption><\/figure>    <h3 class=\"wp-block-heading\" id=\"h-multifunctional-film-continuous-sealing-machine-th-900\">M\u00e1quina selladora continua de pel\u00edcula multifuncional TH-900<\/h3>    <h4 class=\"wp-block-heading\" id=\"h-application-range\">Rangos de aplicaci\u00f3n<\/h4>    <p>Esta m\u00e1quina selladora se puede utilizar para envasar y sellar productos. Puede sellar bolsas de alimentos, medicinas, cosm\u00e9ticos diarios, productos locales, productos qu\u00edmicos, productos electr\u00f3nicos, semillas de hortalizas, ferreter\u00eda, etc. Se utiliza ampliamente en f\u00e1bricas, tiendas, departamentos minoristas, industrias de servicios y otras industrias. Combinar la m\u00e1quina selladora con la m\u00e1quina envasadora semiautom\u00e1tica es la mejor opci\u00f3n.<\/p>    <h4 class=\"wp-block-heading\" id=\"h-advantages\">Ventajas<\/h4>    <ol class=\"wp-block-list\"> <li>Este equipo tiene sellado firme y alta eficiencia;<\/li>    <li>La estructura es sencilla, compacta y peque\u00f1a;<\/li>    <li>Hermosa apariencia, tecnolog\u00eda avanzada, bajo consumo de energ\u00eda;<\/li>    <li>Operaci\u00f3n conveniente, mantenimiento y otras ventajas.<\/li>    <li>Puede equipar la m\u00e1quina selladora con ruedas de estampado y ruedas de impresi\u00f3n. Las fuentes se pueden cambiar seg\u00fan sea necesario.<\/li>    <li>Puede funcionar de forma continua durante 24 horas, con un rendimiento s\u00f3lido y bajas tasas de fallas.<\/li> <\/ol>    <h4 class=\"wp-block-heading\" id=\"h-technical-parameters\">&nbsp;Par\u00e1metros t\u00e9cnicos de la m\u00e1quina selladora TH-900. <\/h4>    <figure class=\"wp-block-table\"><table><tbody><tr><td>Fuente de alimentaci\u00f3n:<\/td><td>220V 50Hz 520W<\/td><\/tr><tr><td>Ancho de sellado:<\/td><td>5-14mm ajustable<\/td><\/tr><tr><td>Material de sellado:&nbsp;<\/td><td>0,03-0,80 mm<\/td><\/tr><tr><td>Capacidad de sellado de bolsas:<\/td><td>hasta 55 bolsas\/min (100 mm)<\/td><\/tr><tr><td>Velocidad de sellado:<\/td><td>0-12 m\/min<\/td><\/tr><tr><td>Rango de temperatura:&nbsp;<\/td><td>0-300\u2103<\/td><\/tr><tr><td>Dimensiones:<\/td><td>810\u00d7370\u00d7310mm<\/td><\/tr><tr><td>El n\u00famero de caracteres impresos:<\/td><td>\u226439 caracteres<\/td><\/tr><tr><td>Peso:<\/td><td>17,5 kilos<\/td><\/tr><\/tbody><\/table><\/figure>    <h3 class=\"wp-block-heading\" id=\"h-feeder\">maquina de alimentacion <\/h3>    <p>Puede alimentar el silo manualmente o puede comprar un alimentador. Y puede alimentarse autom\u00e1ticamente mediante alimentaci\u00f3n por tornillo.<\/p>    <h4 class=\"wp-block-heading\" id=\"h-application-field\">Campo de aplicaci\u00f3n<\/h4>    <p>El alimentador debe coincidir con una m\u00e1quina llenadora de polvo semiautom\u00e1tica. Puede completar la alimentaci\u00f3n autom\u00e1tica de la m\u00e1quina. Mejora efectivamente la eficiencia del embalaje y reduce los costos de mano de obra.<\/p>    <h4 class=\"wp-block-heading\" id=\"h-features\">Caracter\u00edsticas<\/h4>    <ol class=\"wp-block-list\"> <li>Se utiliza junto con la m\u00e1quina llenadora de sinf\u00edn semiautom\u00e1tica. Y est\u00e1 controlado por una m\u00e1quina envasadora.<\/li>    <li>Conjunto con interruptor pulsador para f\u00e1cil limpieza.<\/li>    <li>El silo est\u00e1 equipado con un vibrador para una alimentaci\u00f3n m\u00e1s suave,<\/li> <\/ol>    <figure class=\"wp-block-gallery has-nested-images columns-default is-cropped wp-block-gallery-2 is-layout-flex wp-block-gallery-is-layout-flex\"> <figure class=\"wp-block-image size-large\"><img loading=\"lazy\" decoding=\"async\" width=\"720\" height=\"540\" data-id=\"1930\" src=\"https:\/\/taizypackaging.com\/wp-content\/uploads\/2021\/05\/feeder.jpg\" alt=\"alimentador\" class=\"wp-image-1930\" srcset=\"https:\/\/taizypackaging.com\/wp-content\/uploads\/2021\/05\/feeder.jpg 720w, https:\/\/taizypackaging.com\/wp-content\/uploads\/2021\/05\/feeder-300x225.jpg 300w\" sizes=\"auto, (max-width: 720px) 100vw, 720px\" \/><figcaption class=\"wp-element-caption\">alimentador<\/figcaption><\/figure>    <figure class=\"wp-block-image size-large\"><img decoding=\"async\" data-id=\"1938\" src=\"https:\/\/taizypackaging.com\/wp-content\/uploads\/2021\/05\/powder-packing-machine-with-feeder.jpg\" alt=\"empaquetadora de polvo con alimentador\" class=\"wp-image-1938\"\/><figcaption class=\"wp-element-caption\">empaquetadora de polvo con alimentador<\/figcaption><\/figure> <\/figure>    <h4 class=\"wp-block-heading\" id=\"h-technical-parameters-1\">Par\u00e1metros t\u00e9cnicos de la m\u00e1quina de alimentaci\u00f3n de polvo con barrena Taizy <\/h4>    <figure class=\"wp-block-table\"><table><tbody><tr><td>Capacidad de levantamiento<\/td><td>1000-3000kg\/h<\/td><\/tr><tr><td>Volumen de la caja de materiales<\/td><td>100-300 kilos<\/td><\/tr><tr><td>Altura de carga&nbsp;&nbsp;<\/td><td>2000 mm (la altura se puede personalizar)<\/td><\/tr><tr><td>potencia de voltaje &nbsp;<\/td><td>CA 380v 1100W<\/td><\/tr><tr><td>Material&nbsp;&nbsp;<\/td><td>Tipo de acero inoxidable<\/td><\/tr><tr><td>Peso<\/td><td>150 kilos<\/td><\/tr><\/tbody><\/table><\/figure>    <h2 class=\"wp-block-heading\" id=\"h-q-a\">Preguntas y respuestas<\/h2>   <div id=\"rank-math-faq\" class=\"rank-math-block\"> <div class=\"rank-math-list\"> <div id=\"faq-question-1673343355980\" class=\"rank-math-list-item\"> <h3 class=\"rank-math-question\">1. \u00bfC\u00f3mo se env\u00eda?<br><\/h3> <div class=\"rank-math-answer\">  <p>Lo empaquetaremos en una caja de madera contrachapada. Y puede evitar que la m\u00e1quina se estropee.<\/p>  <\/div> <\/div> <div id=\"faq-question-1673343360459\" class=\"rank-math-list-item\"> <h3 class=\"rank-math-question\">2. \u00bfC\u00f3mo contactarnos?<br><\/h3> <div class=\"rank-math-answer\">  <p class=\"translation-block\">Puede completar su informaci\u00f3n en los sitios web de <a href=\"https:\/\/taizypackaging.com\/es\/\" target=\"_blank\" rel=\"noreferrer noopener\">Taizy company<\/a>. Entonces nuestro gerente de ventas se pondr\u00e1 en contacto con usted para los detalles.<\/p>  <\/div> <\/div> <div id=\"faq-question-1673343369083\" class=\"rank-math-list-item\"> <h3 class=\"rank-math-question\">3. \u00bfQu\u00e9 tipo de material de embalaje podemos elegir?<br><\/h3> <div class=\"rank-math-answer\">  <p>Son adecuados bolsas de pl\u00e1stico, botellas y materiales de nailon.<\/p>  <\/div> <\/div> <div id=\"faq-question-1673343379188\" class=\"rank-math-list-item\"> <h3 class=\"rank-math-question\">4. \u00bfCu\u00e1l es el rango de peso del embalaje?<br><\/h3> <div class=\"rank-math-answer\">  <p>0-5 kilogramos est\u00e1 bien. Si desea empacar m\u00e1s polvo, podemos personalizar el silo para usted. Su peso m\u00e1ximo de embalaje puede alcanzar los 10 KG.<\/p>  <\/div> <\/div> <\/div> <\/div>","protected":false},"excerpt":{"rendered":"<p>La m\u00e1quina envasadora es adecuada para el envasado cuantitativo de polvo y materiales en polvo en las industrias qu\u00edmica, alimentaria, agr\u00edcola y de productos secundarios. Puede envasar polvos de 1 a 10 kg.<\/p>","protected":false},"author":1,"featured_media":1928,"parent":0,"template":"","tags":[578,373,565],"product-type":[660],"class_list":["post-1908","product","type-product","status-publish","has-post-thumbnail","hentry","tag-auger-filler","tag-powder-filling-and-sealing-machine","tag-powder-filling-machine","product-type-powder-packing-machines"],"_links":{"self":[{"href":"https:\/\/taizypackaging.com\/es\/wp-json\/wp\/v2\/product\/1908","targetHints":{"allow":["GET"]}}],"collection":[{"href":"https:\/\/taizypackaging.com\/es\/wp-json\/wp\/v2\/product"}],"about":[{"href":"https:\/\/taizypackaging.com\/es\/wp-json\/wp\/v2\/types\/product"}],"author":[{"embeddable":true,"href":"https:\/\/taizypackaging.com\/es\/wp-json\/wp\/v2\/users\/1"}],"wp:featuredmedia":[{"embeddable":true,"href":"https:\/\/taizypackaging.com\/es\/wp-json\/wp\/v2\/media\/1928"}],"wp:attachment":[{"href":"https:\/\/taizypackaging.com\/es\/wp-json\/wp\/v2\/media?parent=1908"}],"wp:term":[{"taxonomy":"post_tag","embeddable":true,"href":"https:\/\/taizypackaging.com\/es\/wp-json\/wp\/v2\/tags?post=1908"},{"taxonomy":"product-type","embeddable":true,"href":"https:\/\/taizypackaging.com\/es\/wp-json\/wp\/v2\/product-type?post=1908"}],"curies":[{"name":"wp","href":"https:\/\/api.w.org\/{rel}","templated":true}]}}