{"id":1947,"date":"2021-05-25T08:49:22","date_gmt":"2021-05-25T08:49:22","guid":{"rendered":"https:\/\/taizypackaging.com\/?p=1947"},"modified":"2024-07-16T18:10:36","modified_gmt":"2024-07-16T10:10:36","slug":"powder-filling-machine-3","status":"publish","type":"product","link":"https:\/\/taizypackaging.com\/es\/powder-filling-machine\/","title":{"rendered":"M\u00e1quina de llenado de polvo"},"content":{"rendered":"<div class=\"kk-star-ratings kksr-auto kksr-align-left kksr-valign-top\"     data-payload='{&quot;align&quot;:&quot;left&quot;,&quot;id&quot;:&quot;1947&quot;,&quot;slug&quot;:&quot;default&quot;,&quot;valign&quot;:&quot;top&quot;,&quot;ignore&quot;:&quot;&quot;,&quot;reference&quot;:&quot;auto&quot;,&quot;class&quot;:&quot;&quot;,&quot;count&quot;:&quot;18&quot;,&quot;legendonly&quot;:&quot;&quot;,&quot;readonly&quot;:&quot;&quot;,&quot;score&quot;:&quot;4.6&quot;,&quot;starsonly&quot;:&quot;&quot;,&quot;best&quot;:&quot;5&quot;,&quot;gap&quot;:&quot;5&quot;,&quot;greet&quot;:&quot;Rate this product&quot;,&quot;legend&quot;:&quot;4.6\\\/5 - (18 votos)&quot;,&quot;size&quot;:&quot;24&quot;,&quot;title&quot;:&quot;Powder Filling Machine&quot;,&quot;width&quot;:&quot;130.9&quot;,&quot;_legend&quot;:&quot;{score}\\\/{best} - ({count} {votes})&quot;,&quot;font_factor&quot;:&quot;1.25&quot;}'>              <div class=\"kksr-stars\">      <div class=\"kksr-stars-inactive\">             <div class=\"kksr-star\" data-star=\"1\" style=\"padding-right: 5px\">               <div class=\"kksr-icon\" style=\"width: 24px; height: 24px;\"><\/div>         <\/div>             <div class=\"kksr-star\" data-star=\"2\" style=\"padding-right: 5px\">               <div class=\"kksr-icon\" style=\"width: 24px; height: 24px;\"><\/div>         <\/div>             <div class=\"kksr-star\" data-star=\"3\" style=\"padding-right: 5px\">               <div class=\"kksr-icon\" style=\"width: 24px; height: 24px;\"><\/div>         <\/div>             <div class=\"kksr-star\" data-star=\"4\" style=\"padding-right: 5px\">               <div class=\"kksr-icon\" style=\"width: 24px; height: 24px;\"><\/div>         <\/div>             <div class=\"kksr-star\" data-star=\"5\" style=\"padding-right: 5px\">               <div class=\"kksr-icon\" style=\"width: 24px; height: 24px;\"><\/div>         <\/div>     <\/div>      <div class=\"kksr-stars-active\" style=\"width: 130.9px;\">             <div class=\"kksr-star\" style=\"padding-right: 5px\">               <div class=\"kksr-icon\" style=\"width: 24px; height: 24px;\"><\/div>         <\/div>             <div class=\"kksr-star\" style=\"padding-right: 5px\">               <div class=\"kksr-icon\" style=\"width: 24px; height: 24px;\"><\/div>         <\/div>             <div class=\"kksr-star\" style=\"padding-right: 5px\">               <div class=\"kksr-icon\" style=\"width: 24px; height: 24px;\"><\/div>         <\/div>             <div class=\"kksr-star\" style=\"padding-right: 5px\">               <div class=\"kksr-icon\" style=\"width: 24px; height: 24px;\"><\/div>         <\/div>             <div class=\"kksr-star\" style=\"padding-right: 5px\">               <div class=\"kksr-icon\" style=\"width: 24px; height: 24px;\"><\/div>         <\/div>     <\/div> <\/div>                   <div class=\"kksr-legend\" style=\"font-size: 19.2px;\">             4,6\/5 - (18 votos)    <\/div>     <\/div>  <p class=\"translation-block\">Esta <strong>m\u00e1quina de llenado de polvo<\/strong> est\u00e1 dise\u00f1ada para manejar productos en polvo de 10kg, 15kg, 20kg, 30kg, 40kg y un m\u00e1ximo de 50kg. Equipado con una m\u00e1quina de alimentaci\u00f3n y una m\u00e1quina de sellado, puede completar el proceso de pesaje, llenado y sellado. El <strong>equipo de llenado de polvo con tornillo<\/strong> se utiliza ampliamente para el envasado de varios polvos secos como polvo de detergente, polvo de chile, polvo de especias, leche en polvo, polvo de cemento, polvo de hierbas, polvo de nutrici\u00f3n, etc. Tiene las ventajas de super eficiencia y alto rendimiento. Y esta <strong>m\u00e1quina de pesaje y llenado de polvo<\/strong> es adecuada para proyectos con una gran demanda de producci\u00f3n. Cont\u00e1ctenos hoy para beneficiar enormemente su negocio. Adem\u00e1s, estamos reclutando agentes en todo el mundo para enriquecernos juntos. Cont\u00e1ctenos ahora. <\/p>   <figure class=\"wp-block-embed-youtube wp-block-embed is-type-video is-provider-youtube wp-embed-aspect-16-9 wp-has-aspect-ratio\"><div class=\"lyte-wrapper fourthree\" title=\"M\u00e1quina semiautom\u00e1tica de llenado de barrena\/polvo 10KG\/15KG\/20KG\/25KG para harina, especias y detergente\" style=\"width:960px;max-width:100%;margin:5px auto;\"><div class=\"lyMe hidef\" id=\"WYL_F5tlcnSb8q4\" itemprop=\"video\" itemscope itemtype=\"https:\/\/schema.org\/VideoObject\"><div><meta itemprop=\"thumbnailUrl\" content=\"https:\/\/taizypackaging.com\/wp-content\/plugins\/wp-youtube-lyte\/lyteCache.php?origThumbUrl=https%3A%2F%2Fi.ytimg.com%2Fvi%2FF5tlcnSb8q4%2Fmaxresdefault.jpg\" \/><meta itemprop=\"embedURL\" content=\"https:\/\/www.youtube.com\/embed\/F5tlcnSb8q4\" \/><meta itemprop=\"duration\" content=\"PT3M52S\" \/><meta itemprop=\"uploadDate\" content=\"2022-01-27T07:03:44Z\" \/><\/div><meta itemprop=\"accessibilityFeature\" content=\"captions\" \/><div id=\"lyte_F5tlcnSb8q4\" data-src=\"https:\/\/taizypackaging.com\/wp-content\/plugins\/wp-youtube-lyte\/lyteCache.php?origThumbUrl=https%3A%2F%2Fi.ytimg.com%2Fvi%2FF5tlcnSb8q4%2Fmaxresdefault.jpg\" class=\"pL\"><div class=\"tC\"><div class=\"tT\" itemprop=\"name\">M\u00e1quina semiautom\u00e1tica de llenado de barrena\/polvo 10KG\/15KG\/20KG\/25KG para harina, especias y detergente<\/div><\/div><div class=\"play\"><\/div><div class=\"ctrl\"><div class=\"Lctrl\"><\/div><div class=\"Rctrl\"><\/div><\/div><\/div><noscript><a href=\"https:\/\/youtu.be\/F5tlcnSb8q4\" rel=\"nofollow noopener\" target=\"_blank\"><img loading=\"lazy\" decoding=\"async\" src=\"https:\/\/taizypackaging.com\/wp-content\/plugins\/wp-youtube-lyte\/lyteCache.php?origThumbUrl=https%3A%2F%2Fi.ytimg.com%2Fvi%2FF5tlcnSb8q4%2F0.jpg\" alt=\"M\u00e1quina semiautom\u00e1tica de llenado de barrena\/polvo 10KG\/15KG\/20KG\/25KG para harina, especias y detergente\" width=\"960\" height=\"700\" \/><br \/>Watch this video on YouTube<\/a><\/noscript><meta itemprop=\"description\" content=\"#powderfillingmachine #fillingmachine #augerfiller EMAIL: info@taizypackaging.com TEL\/WHATSAPP: +86 18837171591 WEBSITE: https:\/\/taizypackaging.com\/flour-maize-flour-packaging-machine-powder-packaging-machine-5-50kg\/ Semi automatic powder filling machine can fill all kinds of powder products like flour, spices, detergent powder, chili powder, protein powder, milk powder, etc. This machine is a completely stainless steel body structure with contact parts. Machine can fill from 5kg to 50kg or other custom weights depending on your requirements. The machine mainly includes four parts: automatic weighing device, conveying device, sewing device, and computer control. It has a reasonable structure, a beautiful appearance. These videos may also help you: Automatic powder packaging machine: https:\/\/www.youtube.com\/watch?v=LDNsCTtMz5E&amp;t=61s&amp;ab_channel=TaizyPackagingMachinery EMAIL: info@taizypackaging.com TEL\/WHATSAPP: +86 18837171591 MORE INFO: https:\/\/taizypackaging.com\/flour-maize-flour-packaging-machine-powder-packaging-machine-5-50kg\/\"><\/div><\/div><div class=\"lL\" style=\"max-width:100%;width:960px;margin:5px auto;\"><\/div><figcaption><\/figcaption><\/figure>   <h2 class=\"wp-block-heading\" id=\"h-structure-of-flour-packaging-machine\">Estructuras de la m\u00e1quina llenadora autom\u00e1tica de polvo.<\/h2>    <p class=\"translation-block\"><strong>La m\u00e1quina incluye principalmente cuatro partes:<\/strong> dispositivo de pesaje autom\u00e1tico, dispositivo de transporte, dispositivo de cosido y sistema de control por computadora. Tiene una estructura razonable y una apariencia atractiva, f\u00e1cil de operar y limpiar. Adem\u00e1s, la m\u00e1quina de envasado de harina es ahorradora de energ\u00eda y de costos. Y la funci\u00f3n de pesaje es precisa. Adem\u00e1s, la m\u00e1quina de sellado y llenado de polvo puede equiparse con una m\u00e1quina de alimentaci\u00f3n, por lo que es f\u00e1cil alimentar materias primas.  <\/p>    <figure class=\"wp-block-image size-large\"><img decoding=\"async\" src=\"https:\/\/taizypackaging.com\/wp-content\/uploads\/2021\/05\/structure-of-flour-packing-machine.jpg\" alt=\"estructura de la m\u00e1quina empacadora de harina\" class=\"wp-image-1960\"\/><figcaption class=\"wp-element-caption\">estructura de la m\u00e1quina llenadora de polvo<\/figcaption><\/figure>    <h2 class=\"wp-block-heading\" id=\"h-parameters-of-the-flour-packing-machine\">Par\u00e1metros de la m\u00e1quina envasadora de llenado de polvo.<\/h2>    <figure class=\"wp-block-table is-style-stripes\"><table><tbody><tr><td>Rango de peso del embalaje<\/td><td>5-50 kg<\/td><\/tr><tr><td>Rango de cantidad de embalaje<\/td><td>3-4 bolsas\/min<\/td><\/tr><tr><td>Fuerza<\/td><td>2,2 kw<\/td><\/tr><tr><td>Material<\/td><td>201 acero inoxidable<\/td><\/tr><tr><td>Dimensiones<\/td><td>largo 2000\u00d7ancho 800\u00d7alto 2500 (mm)<\/td><\/tr><\/tbody><\/table><\/figure>    <h2 class=\"wp-block-heading\" id=\"how-much-does-a-powder-filling-machine-cost\">\u00bfCu\u00e1nto cuesta una m\u00e1quina llenadora de polvo?<\/h2>    <p>De hecho, el costo de una m\u00e1quina llenadora de polvo est\u00e1 relacionado con muchos factores, principalmente factores externos y factores internos. Por factores externos como el costo de env\u00edo, el tipo de cambio internacional, el fabricante de la m\u00e1quina llenadora, etc. Por factores internos como el tipo de m\u00e1quina, los materiales de la m\u00e1quina, la marca del motor, etc. Cada f\u00e1brica podr\u00eda afectar terriblemente el precio de la m\u00e1quina llenadora de polvo. Por lo tanto, cuando compra una m\u00e1quina llenadora de polvo, es importante que conozca exactamente sus necesidades. Si no sabe cu\u00e1l elegir, consulte a nuestros expertos capacitados para obtener sugerencias. <\/p>    <figure class=\"wp-block-image size-full\"><img loading=\"lazy\" decoding=\"async\" width=\"720\" height=\"540\" src=\"https:\/\/taizypackaging.com\/wp-content\/uploads\/2021\/05\/powder-filling-machine.jpg\" alt=\"m\u00e1quina de llenado de polvo\" class=\"wp-image-3623\" srcset=\"https:\/\/taizypackaging.com\/wp-content\/uploads\/2021\/05\/powder-filling-machine.jpg 720w, https:\/\/taizypackaging.com\/wp-content\/uploads\/2021\/05\/powder-filling-machine-300x225.jpg 300w\" sizes=\"auto, (max-width: 720px) 100vw, 720px\" \/><figcaption class=\"wp-element-caption\">m\u00e1quina de llenado de polvo<\/figcaption><\/figure>    <h2 class=\"wp-block-heading\" id=\"h-working-process-of-flour-packaging-machine\">Proceso de trabajo de la m\u00e1quina envasadora autom\u00e1tica de llenado de polvo.<\/h2>    <p class=\"translation-block\"><strong>Proceso de trabajo:<\/strong> Colocaci\u00f3n de material \u2192 Colocaci\u00f3n de bolsa manual \u2192 Llenado autom\u00e1tico \u2192 Pesaje autom\u00e1tico \u2192 Transporte autom\u00e1tico \u2192 Sellado autom\u00e1tico \u2192 Terminado<br>Adem\u00e1s, los dispositivos de bolsa y sellado son diferentes. Puede elegir uno adecuado seg\u00fan sus necesidades reales.<\/p>    <h2 class=\"wp-block-heading\" id=\"h-weighing-method-of-flour-packaging-machine\">M\u00e9todo de pesaje de la m\u00e1quina llenadora de polvo.<\/h2>    <p class=\"translation-block\">La m\u00e1quina de envasado de llenado de polvo utiliza una balanza de envasado cuantitativa TH-25. Esta balanza es una nueva generaci\u00f3n de balanzas de envasado inteligentes desarrolladas por la <a href=\"https:\/\/taizypackaging.com\/es\/\">compa\u00f1\u00eda Taizy<\/a>. La parte principal de la m\u00e1quina de envasado adopta un corte r\u00e1pido por autolimpieza o corte por tornillo propulsor. Su m\u00e9todo de medici\u00f3n es la medici\u00f3n de cubo. La m\u00e1quina de envasado utiliza tecnolog\u00eda avanzada de conversi\u00f3n de frecuencia para la alimentaci\u00f3n y medici\u00f3n a peque\u00f1a escala. Mientras tanto, adopta tecnolog\u00eda avanzada de control digital de conversi\u00f3n de frecuencia y tecnolog\u00eda anti-interferencia. Esta tecnolog\u00eda puede realizar compensaci\u00f3n y correcci\u00f3n de errores autom\u00e1ticos.<\/p>    <figure class=\"wp-block-image size-large\"><img decoding=\"async\" src=\"https:\/\/taizypackaging.com\/wp-content\/uploads\/2021\/05\/Computer-automatic-packaging-scale.jpg\" alt=\"B\u00e1scula de embalaje autom\u00e1tica por ordenador\" class=\"wp-image-1968\"\/><figcaption class=\"wp-element-caption\">B\u00e1scula de embalaje autom\u00e1tica por ordenador<\/figcaption><\/figure>    <h2 class=\"wp-block-heading\" id=\"h-benefits-of-using-flour-packaging-machine\">Beneficios de usar una m\u00e1quina llenadora de polvo seco<\/h2>    <p>1 La aplicaci\u00f3n de una b\u00e1scula autom\u00e1tica de envasado de polvo mejora el entorno de trabajo y la eficiencia. Adem\u00e1s, el uso de m\u00e1quinas envasadoras puede reducir los costes laborales.<\/p>    <p>2. Seg\u00fan los diferentes materiales de la bolsa de embalaje, elija una m\u00e1quina de plegado y costura o una m\u00e1quina de termosellado. Los accesorios tienen buen rendimiento. Y la tecnolog\u00eda de la m\u00e1quina envasadora de polvo es muy madura;<\/p>    <p>3. Esta m\u00e1quina envasadora resuelve el problema del material pegajoso y el material a granel en el envasado de polvo.<\/p>    <p>4. El uso de m\u00e1quinas envasadoras mejora enormemente la velocidad de envasado del polvo.<\/p>    <h2 class=\"wp-block-heading\" id=\"h-why-use-a-packaging-machine-to-package-flour\">\u00bfPor qu\u00e9 utilizar una m\u00e1quina envasadora para envasar polvo?<\/h2>    <p>El producto en polvo en s\u00ed es relativamente fino. Por lo tanto, el polvo en el proceso de envasado es relativamente grande. El funcionamiento manual no s\u00f3lo es lento sino que adem\u00e1s no garantiza la salud de los empleados. Este problema se puede resolver completamente utilizando la b\u00e1scula autom\u00e1tica para envasado de polvo producida por nuestra empresa. Para las f\u00e1bricas de polvo alimentario o polvo qu\u00edmico, es necesario comprar una m\u00e1quina llenadora autom\u00e1tica de polvo. <\/p>    <h2 class=\"wp-block-heading\" id=\"h-how-to-choose-the-most-suitable-flour-packaging-machine\">\u00bfC\u00f3mo elegir la m\u00e1quina llenadora de polvo m\u00e1s adecuada?<\/h2>    <p>Cuando elija esta escala, proporcione la siguiente informaci\u00f3n. Luego, nuestros ingenieros t\u00e9cnicos podr\u00e1n proporcionarle el plan de configuraci\u00f3n t\u00e9cnica m\u00e1s preciso. <\/p>    <ol class=\"wp-block-list\"> <li><strong>Las caracter\u00edsticas de los materiales de embalaje:<\/strong> gr\u00e1nulos o polvos, tama\u00f1o del material o malla, contenido de humedad, etc.<\/li>    <li><strong>Caracter\u00edsticas de la bolsa de embalaje:<\/strong> largo y ancho de la bolsa, bolsa tejida o bolsa de papel o bolsas de pl\u00e1stico.<\/li>    <li>Detalles de su producci\u00f3n esperada, m\u00e9todo de alimentaci\u00f3n. Y si el sitio tiene limitaciones.<\/li> <\/ol>    <figure class=\"wp-block-image size-large\"><img loading=\"lazy\" decoding=\"async\" width=\"720\" height=\"540\" src=\"https:\/\/taizypackaging.com\/wp-content\/uploads\/2021\/05\/machine-display-2.jpg\" alt=\"exhibici\u00f3n de la m\u00e1quina de envasado de harina\" class=\"wp-image-1961\" srcset=\"https:\/\/taizypackaging.com\/wp-content\/uploads\/2021\/05\/machine-display-2.jpg 720w, https:\/\/taizypackaging.com\/wp-content\/uploads\/2021\/05\/machine-display-2-300x225.jpg 300w\" sizes=\"auto, (max-width: 720px) 100vw, 720px\" \/><figcaption class=\"wp-element-caption\">exhibici\u00f3n de la m\u00e1quina de envasado de harina<\/figcaption><\/figure>    <h2 class=\"wp-block-heading\" id=\"h-optional-accessories\">Accesorios Opcionales<\/h2>    <p class=\"translation-block\"><strong>Dispositivo de sellado: <\/strong><\/p>    <p>Puede elegir la m\u00e1quina selladora seg\u00fan sus necesidades. Como m\u00e1quinas selladoras de pl\u00e1stico, m\u00e1quinas selladoras al vac\u00edo u otras m\u00e1quinas selladoras.<\/p>    <figure class=\"wp-block-image size-large\"><img decoding=\"async\" src=\"https:\/\/taizypackaging.com\/wp-content\/uploads\/2021\/05\/sealing-device-2.jpg\" alt=\"Dispositivo de sellado de la m\u00e1quina envasadora de harina. \" class=\"wp-image-1967\"\/><figcaption class=\"wp-element-caption\">Dispositivo de sellado de la m\u00e1quina envasadora de harina. <\/figcaption><\/figure>    <p class=\"translation-block\"><strong>Dispositivo de alimentaci\u00f3n: <\/strong><\/p>    <p>Tambi\u00e9n puedes comprar un comedero. La m\u00e1quina de alimentaci\u00f3n puede transportar autom\u00e1ticamente diversos materiales a la m\u00e1quina empacadora y a la tolva, lo que reduce la intensidad de mano de obra de los trabajadores y resuelve el problema del desbordamiento de polvo durante la alimentaci\u00f3n. Este m\u00e9todo de alimentaci\u00f3n puede evitar que el polvo contamine el medio ambiente y mejorar el entorno de trabajo. Al mismo tiempo, tambi\u00e9n reduce la contaminaci\u00f3n del medio ambiente y del personal a los materiales y cumple con el est\u00e1ndar GMP.<\/p>    <figure class=\"wp-block-image size-large\"><img loading=\"lazy\" decoding=\"async\" width=\"720\" height=\"540\" src=\"https:\/\/taizypackaging.com\/wp-content\/uploads\/2021\/05\/feeder.jpg\" alt=\"alimentador de esta m\u00e1quina llenadora de gr\u00e1nulos\" class=\"wp-image-1930\" srcset=\"https:\/\/taizypackaging.com\/wp-content\/uploads\/2021\/05\/feeder.jpg 720w, https:\/\/taizypackaging.com\/wp-content\/uploads\/2021\/05\/feeder-300x225.jpg 300w\" sizes=\"auto, (max-width: 720px) 100vw, 720px\" \/><figcaption class=\"wp-element-caption\">alimentador de esta m\u00e1quina llenadora de gr\u00e1nulos<\/figcaption><\/figure>    <h2 class=\"wp-block-heading\" id=\"h-technical-advantages-of-flour-packaging-machine\">Ventajas t\u00e9cnicas de la m\u00e1quina llenadora de polvo.<\/h2>    <p>\u25cf El equipo de llenado de polvo adopta un proceso de producci\u00f3n de pulverizaci\u00f3n electrost\u00e1tica.<br>\u25cf Dispone de sensores de suspensi\u00f3n independientes. Por lo tanto, esta m\u00e1quina envasadora tiene una transmisi\u00f3n de se\u00f1al estable y un pesaje preciso.<br>\u25cf Su anfitri\u00f3n adopta tecnolog\u00eda de conversi\u00f3n de frecuencia.<br>\u25cf Adopta un sensor de infrarrojos y servocorte. De esta manera se ahorra m\u00e1s energ\u00eda y se ahorra m\u00e1s energ\u00eda.<br>\u25cf Puede almacenar autom\u00e1ticamente la producci\u00f3n por turnos, la producci\u00f3n diaria y la producci\u00f3n acumulada.<\/p>    <h2 class=\"wp-block-heading\" id=\"h-value-added-services\">Servicios de valor a\u00f1adido<\/h2>    <p class=\"translation-block\">1. <strong>QC:<\/strong> Tenemos un estricto sistema de control de calidad. Antes del env\u00edo, tomaremos fotos y videos para usted.<br>2. <strong>Servicio postventa:<\/strong> 24 horas en l\u00ednea y mantenimiento de por vida. Manual en ingl\u00e9s y ense\u00f1anza en video.<br>3. <strong>Tiempo de producci\u00f3n:<\/strong> 20-25 d\u00edas<\/p>    <h2 class=\"wp-block-heading\" id=\"h-q-a\">Preguntas y respuestas sobre el equipo de llenado de polvo Taizy<\/h2>    <ol class=\"wp-block-list\"> <li>\u00bfCu\u00e1l es el precio de la m\u00e1quina llenadora de polvo?<br>Los detalles espec\u00edficos de la m\u00e1quina llenadora de polvo se pueden personalizar. Adem\u00e1s, podr\u00e1s elegir diferentes m\u00e1quinas selladoras. Por tanto, el precio tambi\u00e9n es diferente. Puedes contarnos tus necesidades y decidiremos el precio final.<\/li>    <li>\u00bfCu\u00e1l es el rango de peso que se puede envasar en envases de polvo?<br>Peso del embalaje: 5-50 kg<\/li>    <li>\u00bfDe qu\u00e9 material est\u00e1 hecha la m\u00e1quina envasadora?<br>Est\u00e1 fabricado en acero inoxidable 201.<\/li>    <li>\u00bfEs seguro el transporte de la m\u00e1quina envasadora?                                                                                                  Las m\u00e1quinas se envuelven primero en una pel\u00edcula pl\u00e1stica antes de empacarlas, para evitar la humedad en el mar. Las m\u00e1quinas se colocan en una caja de madera libre de fumigaci\u00f3n, revestida con alambre met\u00e1lico si es necesario.<\/li>    <li>\u00bfQu\u00e9 film de embalaje puedo elegir para envasar harina?<br>Bolsas de papel, bolsas tejidas recubiertas con pel\u00edcula, bolsas compuestas de doble capa.<\/li>    <li>\u00bfCu\u00e1l es el m\u00e9todo de pago?<br>Pago 100% mediante transferencia bancaria o tarjeta de cr\u00e9dito. Tambi\u00e9n cambiaremos los m\u00e9todos de pago seg\u00fan sus necesidades.<\/li> <\/ol>","protected":false},"excerpt":{"rendered":"<p>Esta m\u00e1quina envasadora de harina proporciona comodidad para el envasado de polvo. Es adecuado para empaquetar materiales de 5 kg a 50 kg. Su velocidad de embalaje es r\u00e1pida. El envasado de polvos a m\u00e1quina es sanitario y seguro.<\/p>","protected":false},"author":1,"featured_media":1958,"parent":0,"template":"","tags":[565],"product-type":[660],"class_list":["post-1947","product","type-product","status-publish","has-post-thumbnail","hentry","tag-powder-filling-machine","product-type-powder-packing-machines"],"_links":{"self":[{"href":"https:\/\/taizypackaging.com\/es\/wp-json\/wp\/v2\/product\/1947","targetHints":{"allow":["GET"]}}],"collection":[{"href":"https:\/\/taizypackaging.com\/es\/wp-json\/wp\/v2\/product"}],"about":[{"href":"https:\/\/taizypackaging.com\/es\/wp-json\/wp\/v2\/types\/product"}],"author":[{"embeddable":true,"href":"https:\/\/taizypackaging.com\/es\/wp-json\/wp\/v2\/users\/1"}],"wp:featuredmedia":[{"embeddable":true,"href":"https:\/\/taizypackaging.com\/es\/wp-json\/wp\/v2\/media\/1958"}],"wp:attachment":[{"href":"https:\/\/taizypackaging.com\/es\/wp-json\/wp\/v2\/media?parent=1947"}],"wp:term":[{"taxonomy":"post_tag","embeddable":true,"href":"https:\/\/taizypackaging.com\/es\/wp-json\/wp\/v2\/tags?post=1947"},{"taxonomy":"product-type","embeddable":true,"href":"https:\/\/taizypackaging.com\/es\/wp-json\/wp\/v2\/product-type?post=1947"}],"curies":[{"name":"wp","href":"https:\/\/api.w.org\/{rel}","templated":true}]}}