{"id":1985,"date":"2021-06-02T02:50:38","date_gmt":"2021-06-02T02:50:38","guid":{"rendered":"https:\/\/taizypackaging.com\/?p=1985"},"modified":"2024-07-16T17:47:35","modified_gmt":"2024-07-16T09:47:35","slug":"semi-automatic-liquid-filling-machine","status":"publish","type":"product","link":"https:\/\/taizypackaging.com\/es\/semi-automatic-liquid-filling-machine\/","title":{"rendered":"M\u00e1quina de llenado de l\u00edquidos semiautom\u00e1tica"},"content":{"rendered":"<div class=\"kk-star-ratings kksr-auto kksr-align-left kksr-valign-top\"     data-payload='{&quot;align&quot;:&quot;left&quot;,&quot;id&quot;:&quot;1985&quot;,&quot;slug&quot;:&quot;default&quot;,&quot;valign&quot;:&quot;top&quot;,&quot;ignore&quot;:&quot;&quot;,&quot;reference&quot;:&quot;auto&quot;,&quot;class&quot;:&quot;&quot;,&quot;count&quot;:&quot;25&quot;,&quot;legendonly&quot;:&quot;&quot;,&quot;readonly&quot;:&quot;&quot;,&quot;score&quot;:&quot;4.6&quot;,&quot;starsonly&quot;:&quot;&quot;,&quot;best&quot;:&quot;5&quot;,&quot;gap&quot;:&quot;5&quot;,&quot;greet&quot;:&quot;Rate this product&quot;,&quot;legend&quot;:&quot;4.6\\\/5 - (25 votos)&quot;,&quot;size&quot;:&quot;24&quot;,&quot;title&quot;:&quot;Semi Automatic Liquid Filling Machine&quot;,&quot;width&quot;:&quot;130.9&quot;,&quot;_legend&quot;:&quot;{score}\\\/{best} - ({count} {votes})&quot;,&quot;font_factor&quot;:&quot;1.25&quot;}'>              <div class=\"kksr-stars\">      <div class=\"kksr-stars-inactive\">             <div class=\"kksr-star\" data-star=\"1\" style=\"padding-right: 5px\">               <div class=\"kksr-icon\" style=\"width: 24px; height: 24px;\"><\/div>         <\/div>             <div class=\"kksr-star\" data-star=\"2\" style=\"padding-right: 5px\">               <div class=\"kksr-icon\" style=\"width: 24px; height: 24px;\"><\/div>         <\/div>             <div class=\"kksr-star\" data-star=\"3\" style=\"padding-right: 5px\">               <div class=\"kksr-icon\" style=\"width: 24px; height: 24px;\"><\/div>         <\/div>             <div class=\"kksr-star\" data-star=\"4\" style=\"padding-right: 5px\">               <div class=\"kksr-icon\" style=\"width: 24px; height: 24px;\"><\/div>         <\/div>             <div class=\"kksr-star\" data-star=\"5\" style=\"padding-right: 5px\">               <div class=\"kksr-icon\" style=\"width: 24px; height: 24px;\"><\/div>         <\/div>     <\/div>      <div class=\"kksr-stars-active\" style=\"width: 130.9px;\">             <div class=\"kksr-star\" style=\"padding-right: 5px\">               <div class=\"kksr-icon\" style=\"width: 24px; height: 24px;\"><\/div>         <\/div>             <div class=\"kksr-star\" style=\"padding-right: 5px\">               <div class=\"kksr-icon\" style=\"width: 24px; height: 24px;\"><\/div>         <\/div>             <div class=\"kksr-star\" style=\"padding-right: 5px\">               <div class=\"kksr-icon\" style=\"width: 24px; height: 24px;\"><\/div>         <\/div>             <div class=\"kksr-star\" style=\"padding-right: 5px\">               <div class=\"kksr-icon\" style=\"width: 24px; height: 24px;\"><\/div>         <\/div>             <div class=\"kksr-star\" style=\"padding-right: 5px\">               <div class=\"kksr-icon\" style=\"width: 24px; height: 24px;\"><\/div>         <\/div>     <\/div> <\/div>                   <div class=\"kksr-legend\" style=\"font-size: 19.2px;\">             4,6\/5 - (25 votos)    <\/div>     <\/div>  <p class=\"translation-block\">La <strong>m\u00e1quina de llenado de l\u00edquidos semiautom\u00e1tica<\/strong> es una herramienta de envasado de l\u00edquidos de bajo costo. Es un <strong>equipo de llenado de l\u00edquidos<\/strong> ideal para peque\u00f1as empresas. Una <strong>m\u00e1quina de llenado de l\u00edquidos manual<\/strong> se utiliza ampliamente en la industria de bebidas, cosm\u00e9ticos y qu\u00edmica. Este tipo de <strong>m\u00e1quina de llenado de l\u00edquidos de sobremesa<\/strong> peque\u00f1a es adecuada para bolsas, botellas y latas. Con una estructura simple y tama\u00f1o peque\u00f1o, es muy flexible y f\u00e1cil de operar. Taizy Machinery Co., Ltd tiene una rica experiencia en el dise\u00f1o, investigaci\u00f3n, fabricaci\u00f3n y exportaci\u00f3n de m\u00e1quinas de llenado de l\u00edquidos fiables. Cont\u00e1ctenos hoy para obtener un <strong>precio de m\u00e1quina de llenado de l\u00edquidos semiautom\u00e1tica<\/strong> gratuito. <\/p>    <h2 class=\"wp-block-heading\" id=\"what-is-a-liquid-filling-machine\">\u00bfQu\u00e9 es una m\u00e1quina llenadora de l\u00edquidos? <\/h2>    <p>La m\u00e1quina llenadora de l\u00edquidos o llenadora de l\u00edquidos es un equipo esencial en muchas industrias, como las de bebidas, qu\u00edmica, cosm\u00e9tica y farmac\u00e9utica. Estos productos l\u00edquidos deben envasarse en atractivas bolsas, botellas o latas. Con las m\u00e1quinas llenadoras de l\u00edquidos, el l\u00edquido se puede envasar de manera f\u00e1cil y eficiente en contenedores sin mucho desperdicio. En comparaci\u00f3n con la operaci\u00f3n manual, la m\u00e1quina llenadora de l\u00edquidos semiautom\u00e1tica ahorra m\u00e1s costos y trabajo. Una m\u00e1quina llenadora de l\u00edquidos se puede dividir en una m\u00e1quina llenadora de l\u00edquidos manual, una m\u00e1quina llenadora de l\u00edquidos semiautom\u00e1tica y una m\u00e1quina llenadora de l\u00edquidos completamente autom\u00e1tica. Los diferentes tipos tienen caracter\u00edsticas y ventajas totalmente diferentes. Si no est\u00e1s seguro de cu\u00e1l es mejor para tu proyecto, consulta gratis a nuestro experto. <\/p>    <figure class=\"wp-block-image size-full\"><img decoding=\"async\" src=\"https:\/\/taizypackaging.com\/wp-content\/uploads\/2021\/06\/semi-automatic-liquid-filling-machine-1.jpg\" alt=\"m\u00e1quina llenadora de l\u00edquidos semiautom\u00e1tica\" class=\"wp-image-3658\"\/><figcaption>m\u00e1quina llenadora de l\u00edquidos semiautom\u00e1tica<\/figcaption><\/figure>    <h2 class=\"wp-block-heading\" id=\"h-application-field-of-semi-automatic-liquid-filling-machine\">Aplicaciones de la m\u00e1quina llenadora de l\u00edquidos semiautom\u00e1tica.<\/h2>    <p>La m\u00e1quina llenadora de l\u00edquidos semiautom\u00e1tica se usa ampliamente en el llenado cuantitativo de l\u00edquidos en las industrias de medicamentos, alimentos, bebidas, productos qu\u00edmicos diarios, aceites, condimentos, cosm\u00e9ticos, etc. Es ideal para envasar agua pura, agua mineral, jugos de frutas, cervezas. , vinos, licores, jarabes, aceites comestibles, sabores y fragancias, champ\u00fas, geles de ducha, desinfectantes para manos, desinfectantes, detergentes, lubricantes, aceites para frenos, anticongelantes, pesticidas, herbicidas, etc. Esta m\u00e1quina llenadora de l\u00edquidos semiautom\u00e1tica tiene una velocidad de llenado r\u00e1pida y un pesaje preciso. Es la mejor opci\u00f3n para proyectos peque\u00f1os y medianos.<\/p>    <figure class=\"wp-block-image size-large\"><img decoding=\"async\" src=\"https:\/\/taizypackaging.com\/wp-content\/uploads\/2021\/06\/packing-sample.jpg\" alt=\"muestra de embalaje\" class=\"wp-image-2027\"\/><figcaption>muestra de embalaje<\/figcaption><\/figure>    <h2 class=\"wp-block-heading\" id=\"h-working-principle-of-semi-automatic-liquid-filling-machine\">Principio de funcionamiento de la m\u00e1quina llenadora de l\u00edquidos semiautom\u00e1tica.<\/h2>    <p>La m\u00e1quina llenadora semiautom\u00e1tica es una m\u00e1quina llenadora de pist\u00f3n. Un pist\u00f3n es impulsado por un cilindro para extraer y expulsar materiales. Una v\u00e1lvula unidireccional puede controlar el flujo de materiales. Y un interruptor de l\u00e1minas puede controlar la carrera del cilindro. De esta manera se puede regular el volumen de llenado.<\/p>    <h2 class=\"wp-block-heading\" id=\"h-model-and-filling-volume-range-of-semi-automatic-liquid-packing-machine\">Modelo y rango de volumen de llenado de la m\u00e1quina llenadora de l\u00edquidos semiautom\u00e1tica<\/h2>    <figure class=\"wp-block-table\"><table><tbody><tr><td>Modo50<\/td><td>5-50ML &nbsp;&nbsp;&nbsp;&nbsp;&nbsp;&nbsp;&nbsp;<\/td><\/tr><tr><td>Modo100<\/td><td>10-100ML<\/td><\/tr><tr><td>Modo300<\/td><td>30-300ML<\/td><\/tr><tr><td>Modo500<\/td><td>50-500ML<\/td><\/tr><tr><td>Modo1000<\/td><td>100-1000ML<\/td><\/tr><tr><td>Modo2500<\/td><td>250-2500ML<\/td><\/tr><tr><td>Modo3000<\/td><td>300-3000ML<\/td><\/tr><tr><td>Modo5000<\/td><td>500-5000ML<\/td><\/tr><\/tbody><\/table><\/figure>    <h2 class=\"wp-block-heading\" id=\"h-the-structure-and-characteristics-of-semi-automatic-liquid-filling-machine\">Caracter\u00edsticas estructurales de la m\u00e1quina llenadora de l\u00edquidos semiautom\u00e1tica.<\/h2>    <ol class=\"wp-block-list\"><li>La m\u00e1quina llenadora de l\u00edquidos es de tipo pist\u00f3n semiautom\u00e1tica. Tiene un dise\u00f1o razonable, estructura compacta y operaci\u00f3n conveniente.<\/li><li>Las piezas en contacto con los materiales utilizan acero inoxidable 304. Este material cumple con los requisitos GMP.<\/li><li>El volumen de llenado y la velocidad de llenado son ajustables. Y la precisi\u00f3n del llenado es alta.<\/li><li>La mampara de llenado adopta dispositivos de llenado antigoteo, antiextracci\u00f3n y de elevaci\u00f3n.<\/li><li>Esta m\u00e1quina llenadora de l\u00edquidos se puede convertir en un sistema de llenado de desbordamiento de m\u00faltiples cabezales a prueba de explosiones.<\/li><\/ol>    <figure class=\"wp-block-image size-large\"><img decoding=\"async\" src=\"https:\/\/taizypackaging.com\/wp-content\/uploads\/2021\/06\/structure-of-semi-automatic-liquid-filling-machine.jpg\" alt=\"Estructura de la m\u00e1quina llenadora de l\u00edquidos semiautom\u00e1tica.\" class=\"wp-image-2034\"\/><figcaption>Estructura de la m\u00e1quina llenadora de l\u00edquidos semiautom\u00e1tica.<\/figcaption><\/figure>    <h2 class=\"wp-block-heading\" id=\"h-technical-advantages\">Ventajas t\u00e9cnicas<\/h2>    <p>1. Dado que el material de relleno de esta m\u00e1quina llenadora de l\u00edquidos suele ser l\u00edquido o viscoso, es f\u00e1cil que se humedezca, por lo tanto, el cuerpo est\u00e1 hecho de una combinaci\u00f3n de acero inoxidable y aleaci\u00f3n de aluminio, que no es f\u00e1cil de oxidar incluso en un ambiente h\u00famedo y garantiza el material de higiene.<\/p>    <p>2. La m\u00e1quina utiliza un sistema de control de presi\u00f3n de aire dual, que es especialmente adecuado para su uso en un entorno con requisitos a prueba de explosiones y tiene alta seguridad;<\/p>    <p>3 Cuando la m\u00e1quina necesite detenerse al llenar inyecci\u00f3n, t\u00f3ner, jarabe, etc., simplemente apague el interruptor neum\u00e1tico, el pist\u00f3n volver\u00e1 autom\u00e1ticamente a la posici\u00f3n inicial y el llenado se detendr\u00e1.<\/p>    <h2 class=\"wp-block-heading\" id=\"h-machine-details\">Detalles de la m\u00e1quina del equipo de llenado de l\u00edquidos.<\/h2>    <figure class=\"wp-block-image size-large is-resized\"><img loading=\"lazy\" decoding=\"async\" src=\"https:\/\/taizypackaging.com\/wp-content\/uploads\/2021\/06\/machine-details.jpg\" alt=\"detalles de la m\u00e1quina\" class=\"wp-image-2036\" width=\"840\" height=\"409\"\/><figcaption>Detalles de la m\u00e1quina de llenado de l\u00edquidos<\/figcaption><\/figure>    <h2 class=\"wp-block-heading\" id=\"h-optional-device\">Dispositivo opcional<\/h2>    <p>En la empresa Taizy, tambi\u00e9n puede optar por otros dispositivos para satisfacer sus diferentes demandas.<\/p>    <ol class=\"wp-block-list\"><li>La tolva puede equiparse con un dispositivo de calentamiento. Si lo necesita, puede equipar la m\u00e1quina con un dispositivo para calentar l\u00edquidos.<\/li><li>La tolva puede equiparse con una varilla agitadora. El agitador puede mezclar el l\u00edquido de manera uniforme.<\/li><li>Todas las m\u00e1quinas est\u00e1n equipadas con compresores de aire. Puede garantizar el llenado seguro y preciso de l\u00edquidos.<\/li><li>Dispositivo de sellado. Dispositivo de sellado al vac\u00edo u otro tipo de m\u00e1quina selladora.<\/li><li>Descifrador. Codificadores de cinta, codificadores de inyecci\u00f3n de tinta, codificadores l\u00e1ser y otras m\u00e1quinas de codificaci\u00f3n.<\/li><li>Puede configurar varias boquillas para la m\u00e1quina envasadora. Esto puede aumentar la velocidad de llenado.<\/li><\/ol>    <h2 class=\"wp-block-heading\" id=\"h-machine-display\">Exhibici\u00f3n de la m\u00e1quina llenadora de l\u00edquidos Taizy<\/h2>    <div class=\"wp-block-columns is-layout-flex wp-container-core-columns-is-layout-9d6595d7 wp-block-columns-is-layout-flex\"> <div class=\"wp-block-column is-layout-flow wp-block-column-is-layout-flow\"> <figure class=\"wp-block-image size-full\"><img decoding=\"async\" src=\"https:\/\/taizypackaging.com\/wp-content\/uploads\/2021\/06\/semi-automatic-liquid-filling-machine-factory.jpg\" alt=\"F\u00e1brica de m\u00e1quinas llenadoras de l\u00edquidos semiautom\u00e1ticas.\" class=\"wp-image-3661\"\/><figcaption>F\u00e1brica de m\u00e1quinas llenadoras de l\u00edquidos semiautom\u00e1ticas.<\/figcaption><\/figure> <\/div>    <div class=\"wp-block-column is-layout-flow wp-block-column-is-layout-flow\"> <figure class=\"wp-block-image size-full\"><img loading=\"lazy\" decoding=\"async\" width=\"720\" height=\"540\" src=\"https:\/\/taizypackaging.com\/wp-content\/uploads\/2021\/06\/machine-stock.jpg\" alt=\"existencias de la m\u00e1quina\" class=\"wp-image-2181\" srcset=\"https:\/\/taizypackaging.com\/wp-content\/uploads\/2021\/06\/machine-stock.jpg 720w, https:\/\/taizypackaging.com\/wp-content\/uploads\/2021\/06\/machine-stock-300x225.jpg 300w\" sizes=\"auto, (max-width: 720px) 100vw, 720px\" \/><figcaption>stock de m\u00e1quina llenadora de l\u00edquidos semiautom\u00e1tica<\/figcaption><\/figure> <\/div> <\/div>    <h2 class=\"wp-block-heading\" id=\"h-warm-tips-during-operation\">Consejos c\u00e1lidos durante la operaci\u00f3n.<\/h2>    <ol class=\"wp-block-list\"><li>Antes de limpiar, debe comprobar si el aire comprimido est\u00e1 apagado. Si no lo ha apagado, apague el aire comprimido;<\/li><li>Est\u00e1 estrictamente prohibido utilizar disolventes org\u00e1nicos para limpiar la m\u00e1quina, como xileno, agua de pl\u00e1tano, hipoclorito de sodio, etc.;<\/li><li>Despu\u00e9s de limpiar todas las piezas de esta m\u00e1quina llenadora semiautom\u00e1tica, deber\u00e1s comenzar a instilar las piezas hasta que se hayan secado. Y aseg\u00farese de que no entre agua ni otros art\u00edculos diversos en la m\u00e1quina;<\/li><li>Utilizar la fuente de energ\u00eda y gas que cumpla con los requisitos;<\/li><li>Primero debe apagar la fuente de aire y el suministro de energ\u00eda. Luego desmonte y lave la m\u00e1quina llenadora cuantitativa semiautom\u00e1tica;<\/li><li>Despu\u00e9s de apagar el interruptor de encendido, hay voltaje en algunos circuitos de m\u00e1quinas llenadoras de l\u00edquidos semiautom\u00e1ticas. Por lo tanto, debe cortar la alimentaci\u00f3n principal en caso de que no se realice la reparaci\u00f3n.<\/li><\/ol>    <h2 class=\"wp-block-heading\" id=\"h-cleaning-and-maintenance\">Limpieza y mantenimiento de llenadora de l\u00edquidos semiautom\u00e1tica.<\/h2>    <ol class=\"wp-block-list\"><li>Antes de limpiar la m\u00e1quina llenadora de l\u00edquidos semiautom\u00e1tica. Debes limpiar los materiales l\u00edquidos restantes en la m\u00e1quina. Luego llene el tanque con l\u00edquido limpiador. Ser\u00e1 mejor que utilices agua tibia, alcohol, agua con jab\u00f3n u otros l\u00edquidos de limpieza si es necesario;<\/li><li> Al limpiar, aseg\u00farese de que la junta t\u00f3rica est\u00e9 instalada correctamente. Luego encienda la m\u00e1quina y deje que la m\u00e1quina circule el llenado hasta que todas las partes en contacto con el material est\u00e9n completamente limpias. Estos incluyen cilindros de pist\u00f3n, cabezas de pist\u00f3n, juntas t\u00f3ricas, v\u00e1lvulas unidireccionales, cabezales de llenado, barriles, tolvas, etc;<\/li><li>Limpie todos los anillos de sellado de esta m\u00e1quina llenadora semiautom\u00e1tica. Debes limpiar la junta t\u00f3rica del pist\u00f3n y el anillo de sellado plano de la v\u00e1lvula. Adem\u00e1s, reemplace el anillo de sellado agrietado y da\u00f1ado.<\/li><\/ol>    <h2 class=\"wp-block-heading\" id=\"h-shipment\">Listo para enviar <\/h2>    <p class=\"translation-block\">Todas las <a href=\"https:\/\/taizypackaging.com\/es\/liquid-pouch-packing-machine\/\">m\u00e1quinas de envasado de l\u00edquidos<\/a> se envuelven en film pl\u00e1stico antes de embalarlas. Y evitar\u00e1 la humedad en el mar. Las m\u00e1quinas se colocan en una caja de madera libre de fumigaci\u00f3n, revestida con alambre de metal si es necesario. Todas las m\u00e1quinas se someten a estrictas expectativas antes del env\u00edo. Y tomaremos videos y fotos del env\u00edo para usted.<\/p>    <figure class=\"wp-block-image size-large\"><img decoding=\"async\" src=\"https:\/\/taizypackaging.com\/wp-content\/uploads\/2021\/06\/shipment-1.jpg\" alt=\"m\u00e1quinas de llenado de l\u00edquidos listas para enviar\" class=\"wp-image-2183\"\/><figcaption>m\u00e1quinas de llenado de l\u00edquidos listas para enviar<\/figcaption><\/figure>    <h2 class=\"wp-block-heading\" id=\"h-q-a\">Preguntas y respuestas<\/h2>    <ol class=\"wp-block-list\"><li>\u00bfCu\u00e1l es el precio de la llenadora de l\u00edquidos semiautom\u00e1tica?<br>Se pueden personalizar todos los tipos de m\u00e1quinas llenadoras, por lo que los precios tambi\u00e9n son diferentes. Determinaremos el precio final seg\u00fan los detalles.<\/li><li>\u00bfQu\u00e9 l\u00edquido se puede llenar?<br>L\u00edquidos con fluidez relativamente buena, jugos, bebidas, leche, t\u00e9, detergente para ropa, agua y otros materiales l\u00edquidos.<\/li><li>\u00bfQu\u00e9 tipo de envase utiliza el l\u00edquido de llenado?<br>Se pueden utilizar varios tipos de envases, como bolsas y botellas de pl\u00e1stico. Por lo general, la forma embotellada es m\u00e1s com\u00fan.<\/li><li>\u00bfCu\u00e1ntos materiales se pueden empacar?<br>Existen ocho modelos de m\u00e1quinas envasadoras de l\u00edquidos semiautom\u00e1ticas. El volumen de embalaje oscila entre 5 y 5000 ml.<\/li><\/ol>","protected":false},"excerpt":{"rendered":"<p>Semi automatic liquid filling machine is a low-cost liquid packaging tool. It is quite ideal liquid filling equipment for small business. A manual liquid filling machine is widely used in the beverage, cosmetics and chemical industry. This kind of small table top liquid filling machine is suitable for bags, bottles, and cans. With a simple [&hellip;]<\/p>\n","protected":false},"author":1,"featured_media":2026,"parent":0,"template":"","tags":[75,255,257,582],"product-type":[661],"class_list":["post-1985","product","type-product","status-publish","has-post-thumbnail","hentry","tag-bottle-filling-machine","tag-liquid-filler","tag-liquid-filling-machine","tag-liquid-pouch-filling-machine","product-type-liquid-packing-machines"],"_links":{"self":[{"href":"https:\/\/taizypackaging.com\/es\/wp-json\/wp\/v2\/product\/1985","targetHints":{"allow":["GET"]}}],"collection":[{"href":"https:\/\/taizypackaging.com\/es\/wp-json\/wp\/v2\/product"}],"about":[{"href":"https:\/\/taizypackaging.com\/es\/wp-json\/wp\/v2\/types\/product"}],"author":[{"embeddable":true,"href":"https:\/\/taizypackaging.com\/es\/wp-json\/wp\/v2\/users\/1"}],"wp:featuredmedia":[{"embeddable":true,"href":"https:\/\/taizypackaging.com\/es\/wp-json\/wp\/v2\/media\/2026"}],"wp:attachment":[{"href":"https:\/\/taizypackaging.com\/es\/wp-json\/wp\/v2\/media?parent=1985"}],"wp:term":[{"taxonomy":"post_tag","embeddable":true,"href":"https:\/\/taizypackaging.com\/es\/wp-json\/wp\/v2\/tags?post=1985"},{"taxonomy":"product-type","embeddable":true,"href":"https:\/\/taizypackaging.com\/es\/wp-json\/wp\/v2\/product-type?post=1985"}],"curies":[{"name":"wp","href":"https:\/\/api.w.org\/{rel}","templated":true}]}}