{"id":2003,"date":"2021-05-28T10:46:43","date_gmt":"2021-05-28T10:46:43","guid":{"rendered":"https:\/\/taizypackaging.com\/?p=2003"},"modified":"2023-10-24T17:03:47","modified_gmt":"2023-10-24T09:03:47","slug":"semi-automatic-paste-filling-machine","status":"publish","type":"product","link":"https:\/\/taizypackaging.com\/es\/semi-automatic-paste-filling-machine\/","title":{"rendered":"M\u00e1quina llenadora de pasta"},"content":{"rendered":"<div class=\"kk-star-ratings kksr-auto kksr-align-left kksr-valign-top\"     data-payload='{&quot;align&quot;:&quot;left&quot;,&quot;id&quot;:&quot;2003&quot;,&quot;slug&quot;:&quot;default&quot;,&quot;valign&quot;:&quot;top&quot;,&quot;ignore&quot;:&quot;&quot;,&quot;reference&quot;:&quot;auto&quot;,&quot;class&quot;:&quot;&quot;,&quot;count&quot;:&quot;20&quot;,&quot;legendonly&quot;:&quot;&quot;,&quot;readonly&quot;:&quot;&quot;,&quot;score&quot;:&quot;4.6&quot;,&quot;starsonly&quot;:&quot;&quot;,&quot;best&quot;:&quot;5&quot;,&quot;gap&quot;:&quot;5&quot;,&quot;greet&quot;:&quot;Rate this product&quot;,&quot;legend&quot;:&quot;4.6\\\/5 - (20 votos)&quot;,&quot;size&quot;:&quot;24&quot;,&quot;title&quot;:&quot;Paste Filling Machine&quot;,&quot;width&quot;:&quot;130.9&quot;,&quot;_legend&quot;:&quot;{score}\\\/{best} - ({count} {votes})&quot;,&quot;font_factor&quot;:&quot;1.25&quot;}'>              <div class=\"kksr-stars\">      <div class=\"kksr-stars-inactive\">             <div class=\"kksr-star\" data-star=\"1\" style=\"padding-right: 5px\">               <div class=\"kksr-icon\" style=\"width: 24px; height: 24px;\"><\/div>         <\/div>             <div class=\"kksr-star\" data-star=\"2\" style=\"padding-right: 5px\">               <div class=\"kksr-icon\" style=\"width: 24px; height: 24px;\"><\/div>         <\/div>             <div class=\"kksr-star\" data-star=\"3\" style=\"padding-right: 5px\">               <div class=\"kksr-icon\" style=\"width: 24px; height: 24px;\"><\/div>         <\/div>             <div class=\"kksr-star\" data-star=\"4\" style=\"padding-right: 5px\">               <div class=\"kksr-icon\" style=\"width: 24px; height: 24px;\"><\/div>         <\/div>             <div class=\"kksr-star\" data-star=\"5\" style=\"padding-right: 5px\">               <div class=\"kksr-icon\" style=\"width: 24px; height: 24px;\"><\/div>         <\/div>     <\/div>      <div class=\"kksr-stars-active\" style=\"width: 130.9px;\">             <div class=\"kksr-star\" style=\"padding-right: 5px\">               <div class=\"kksr-icon\" style=\"width: 24px; height: 24px;\"><\/div>         <\/div>             <div class=\"kksr-star\" style=\"padding-right: 5px\">               <div class=\"kksr-icon\" style=\"width: 24px; height: 24px;\"><\/div>         <\/div>             <div class=\"kksr-star\" style=\"padding-right: 5px\">               <div class=\"kksr-icon\" style=\"width: 24px; height: 24px;\"><\/div>         <\/div>             <div class=\"kksr-star\" style=\"padding-right: 5px\">               <div class=\"kksr-icon\" style=\"width: 24px; height: 24px;\"><\/div>         <\/div>             <div class=\"kksr-star\" style=\"padding-right: 5px\">               <div class=\"kksr-icon\" style=\"width: 24px; height: 24px;\"><\/div>         <\/div>     <\/div> <\/div>                   <div class=\"kksr-legend\" style=\"font-size: 19.2px;\">             4,6\/5 - (20 votos)    <\/div>     <\/div>  <p class=\"translation-block\"><strong>Paste filling machine<\/strong> est\u00e1 dise\u00f1ada y fabricada para manejar varios productos en pasta, como pasta de tomate, pasta de dientes, miel, salsa, ketchup, gel desinfectante para manos, etc. Tiene un tama\u00f1o peque\u00f1o. Adem\u00e1s, con una estructura simple y un buen dise\u00f1o, una <strong>semi automatic paste filling machine<\/strong> es muy f\u00e1cil de operar y mantener. Adem\u00e1s, el bajo costo y las excelentes caracter\u00edsticas de rendimiento beneficiar\u00e1n en gran medida a su proyecto. Como fabricante y proveedor l\u00edder de m\u00e1quinas de llenado, proporcionamos m\u00e1quinas de llenado de pasta est\u00e1ndar y a medida para la venta. Tambi\u00e9n proporcionamos varios equipos de apoyo para adaptarse a sus necesidades, como un desenroscador de botellas, m\u00e1quina de tapado, m\u00e1quina de sellado, m\u00e1quina de etiquetado, m\u00e1quina de codificaci\u00f3n, etc. Env\u00ede un mensaje para iniciar su negocio exitoso. <\/p>   <figure class=\"wp-block-embed-youtube wp-block-embed is-type-video is-provider-youtube wp-embed-aspect-16-9 wp-has-aspect-ratio\"><div class=\"lyte-wrapper fourthree\" title=\"M\u00e1quina llenadora de mantequilla de man\u00ed semiautom\u00e1tica | M\u00e1quina llenadora de pasta manual\" style=\"width:960px;max-width:100%;margin:5px auto;\"><div class=\"lyMe hidef\" id=\"WYL_yt5JE0PnNjo\" itemprop=\"video\" itemscope itemtype=\"https:\/\/schema.org\/VideoObject\"><div><meta itemprop=\"thumbnailUrl\" content=\"https:\/\/taizypackaging.com\/wp-content\/plugins\/wp-youtube-lyte\/lyteCache.php?origThumbUrl=https%3A%2F%2Fi.ytimg.com%2Fvi%2Fyt5JE0PnNjo%2Fhqdefault.jpg\" \/><meta itemprop=\"embedURL\" content=\"https:\/\/www.youtube.com\/embed\/yt5JE0PnNjo\" \/><meta itemprop=\"duration\" content=\"PT1M11S\" \/><meta itemprop=\"uploadDate\" content=\"2021-06-11T10:06:47Z\" \/><\/div><meta itemprop=\"accessibilityFeature\" content=\"captions\" \/><div id=\"lyte_yt5JE0PnNjo\" data-src=\"https:\/\/taizypackaging.com\/wp-content\/plugins\/wp-youtube-lyte\/lyteCache.php?origThumbUrl=https%3A%2F%2Fi.ytimg.com%2Fvi%2Fyt5JE0PnNjo%2Fhqdefault.jpg\" class=\"pL\"><div class=\"tC\"><div class=\"tT\" itemprop=\"name\">M\u00e1quina llenadora de mantequilla de man\u00ed semiautom\u00e1tica | M\u00e1quina llenadora de pasta manual<\/div><\/div><div class=\"play\"><\/div><div class=\"ctrl\"><div class=\"Lctrl\"><\/div><div class=\"Rctrl\"><\/div><\/div><\/div><noscript><a href=\"https:\/\/youtu.be\/yt5JE0PnNjo\" rel=\"nofollow noopener\" target=\"_blank\"><img loading=\"lazy\" decoding=\"async\" src=\"https:\/\/taizypackaging.com\/wp-content\/plugins\/wp-youtube-lyte\/lyteCache.php?origThumbUrl=https%3A%2F%2Fi.ytimg.com%2Fvi%2Fyt5JE0PnNjo%2F0.jpg\" alt=\"M\u00e1quina llenadora de mantequilla de man\u00ed semiautom\u00e1tica | M\u00e1quina llenadora de pasta manual\" width=\"960\" height=\"700\" \/><br \/>Watch this video on YouTube<\/a><\/noscript><meta itemprop=\"description\" content=\"Whatsapp\/Wechat\/Tel:+86 19139754781 Website: https:\/\/taizypackaging.com\/semi-automatic-paste-filling-machine\/ The semi-automatic paste filling machine has a perfect function for filling various kinds of paste. It can fill paste in bags or bottles efficiently. It is suitable for filling tomato paste, peanut butter, miso, gelatin. shampoo, cosmetics, cleaning products, detergents, sauces, etc. Website: https:\/\/taizypackaging.com\/semi-automatic-paste-filling-machine\/ Whatsapp\/Wechat\/Tel:+86 19139754781 Welcome to contact me for more details.\"><\/div><\/div><div class=\"lL\" style=\"max-width:100%;width:960px;margin:5px auto;\"><\/div><figcaption><\/figcaption><\/figure>   <h2 class=\"wp-block-heading\" id=\"what-is-a-paste-flling-machine\">\u00bfQu\u00e9 es una m\u00e1quina llenadora de pasta? <\/h2>    <p>La m\u00e1quina llenadora de pasta semiautom\u00e1tica es adecuada para llenar todo tipo de pastas. Es una peque\u00f1a m\u00e1quina llenadora. Puedes usar una botella o bolsa para sujetar la pasta. La precisi\u00f3n de llenado alcanza \u00b11%. Al llenar, el cabezal de llenado se extiende dentro de la botella para evitar que el l\u00edquido salpique y la boquilla de llenado sube gradualmente con el nivel del l\u00edquido. Adem\u00e1s, el cabezal de llenado tiene un dispositivo de bloqueo especial para evitar que la boquilla de llenado gotee despu\u00e9s del llenado. Este m\u00e9todo de llenado es muy adecuado para el llenado de pasta por parte de peque\u00f1as y medianas empresas. Ya sea por precio o funci\u00f3n, siempre es la mejor opci\u00f3n.<\/p>    <h2 class=\"wp-block-heading\" id=\"h-application-field-of-semi-automatic-paste-packaging-machine\">Amplias aplicaciones de la m\u00e1quina llenadora de pasta manual.<\/h2>    <p>La m\u00e1quina llenadora de pasta manual se aplica principalmente en industrias alimentarias, qu\u00edmicas diarias, medicinales y especiales. Se puede utilizar para manipular miel, mantequilla, pasta de dientes, pasta de tomate, salsa de chile, mantequilla de man\u00ed, champ\u00fa, desinfectante para manos, salsa de ajo, cremas, detergentes, acondicionadores para el cabello, pegamento, cosm\u00e9ticos y otras pastas. Tanto el volumen de llenado como la velocidad de llenado son ajustables. Esta m\u00e1quina es semiautom\u00e1tica y necesita recoger manualmente la pasta en la salida con las bolsas, botellas o latas. Todo el proceso es f\u00e1cil de operar y la velocidad de llenado de la m\u00e1quina tambi\u00e9n es muy r\u00e1pida y precisa.<\/p>    <figure class=\"wp-block-image size-full\"><img decoding=\"async\" src=\"https:\/\/taizypackaging.com\/wp-content\/uploads\/2021\/05\/paste-filling-machine-applications.jpg\" alt=\"aplicaciones de la m\u00e1quina llenadora de pasta\" class=\"wp-image-4052\"\/><figcaption class=\"wp-element-caption\">aplicaciones de la m\u00e1quina llenadora de pasta<\/figcaption><\/figure>    <h2 class=\"wp-block-heading\" id=\"h-working-process-of-semi-automatic-paste-filling-machine\">Proceso de trabajo de la m\u00e1quina llenadora de pasta manual.<\/h2>    <p>En primer lugar, es necesario colocar el material en la tolva. En segundo lugar, debe ajustar el cilindro para establecer el volumen de llenado que necesita. En tercer lugar, configure la velocidad de llenado de la pasta y comience a llenar. Al llenar la pasta, puede optar por completar el siguiente llenado con el bot\u00f3n manual despu\u00e9s de llenar un producto. Tambi\u00e9n puede configurar la velocidad de llenado y encender el interruptor. Y la m\u00e1quina completar\u00e1 autom\u00e1ticamente el siguiente llenado.<\/p>    <h2 class=\"wp-block-heading\" id=\"h-machine-details-display-and-introduction\">Visualizaci\u00f3n e introducci\u00f3n de los detalles de la m\u00e1quina.<\/h2>    <ol class=\"wp-block-list\"> <li><strong>Estructura de acero inoxidable<\/strong> <br>La m\u00e1quina llenadora de l\u00edquidos semiautom\u00e1tica y la parte de contacto del material adoptan una estructura de acero inoxidable 304. Este material cumple con las normas GMP.<\/li>    <li><strong>Tolva de gran capacidad<\/strong><br>La tolva permite que la m\u00e1quina llenadora funcione de manera continua y eficiente. Est\u00e1 fabricado en acero inoxidable apto para uso alimentario. La tolva funciona bien con la m\u00e1quina llenadora de pasta manual, a diferencia de <a rel=\"noreferrer noopener\" href=\"https:\/\/taizypackaging.com\/es\/fully-automatic-paste-filling-machine-for-100-5000ml\/\" target=\"_blank\">m\u00e1quina llenadora de pasta completamente autom\u00e1tica<\/a>.<\/li>    <li><strong>Boquilla antigoteo y v\u00e1lvula rotativa. <\/strong><br>La boquilla de salida es a prueba de goteo. Este dispositivo es f\u00e1cil de desmontar y reemplazar. La v\u00e1lvula rotativa controla el proceso de transferencia de la pasta. No es f\u00e1cil que se obstruya y no gotea.<\/li>    <li><strong>Cilindro<\/strong> <br>El cilindro tiene gran potencia y presi\u00f3n de aire estable, lo que puede soportar bien el proceso de llenado. Puede ajustar el bot\u00f3n para controlar la velocidad de trabajo y la velocidad de llenado del cilindro de gas.<\/li>    <li><strong>Man\u00f3metro de aire avanzado y mango giratorio <br><\/strong>Se utiliza un man\u00f3metro de aire para monitorear con precisi\u00f3n los cambios en la presi\u00f3n del aire. El volumen de llenado se puede ajustar girando el mango.<\/li> <\/ol>    <figure class=\"wp-block-image size-large\"><img loading=\"lazy\" decoding=\"async\" width=\"1024\" height=\"512\" src=\"https:\/\/taizypackaging.com\/wp-content\/uploads\/2021\/05\/structure-of-the-semi-automatic-paste-filling-machine-1-1024x512.jpg\" alt=\"Estructura de la m\u00e1quina llenadora de pasta semiautom\u00e1tica.\" class=\"wp-image-2020\" srcset=\"https:\/\/taizypackaging.com\/wp-content\/uploads\/2021\/05\/structure-of-the-semi-automatic-paste-filling-machine-1-1024x512.jpg 1024w, https:\/\/taizypackaging.com\/wp-content\/uploads\/2021\/05\/structure-of-the-semi-automatic-paste-filling-machine-1-300x150.jpg 300w, https:\/\/taizypackaging.com\/wp-content\/uploads\/2021\/05\/structure-of-the-semi-automatic-paste-filling-machine-1-768x384.jpg 768w, https:\/\/taizypackaging.com\/wp-content\/uploads\/2021\/05\/structure-of-the-semi-automatic-paste-filling-machine-1.jpg 1080w\" sizes=\"auto, (max-width: 1024px) 100vw, 1024px\" \/><figcaption class=\"wp-element-caption\">Estructura de la m\u00e1quina llenadora de pasta semiautom\u00e1tica.<\/figcaption><\/figure>    <h2 class=\"wp-block-heading\" id=\"h-technical-parameters-of-the-filling-machine\">Par\u00e1metros t\u00e9cnicos de la m\u00e1quina llenadora de pasta cuantitativa.<\/h2>    <p>(Tome el modo 500, por ejemplo, y otros par\u00e1metros son los mismos)<\/p>    <figure class=\"wp-block-table is-style-stripes\"><table><tbody><tr><td>modelo<\/td><td>500 (8 modelos en total)<\/td><\/tr><tr><td>Material de relleno<\/td><td>Pegar<\/td><\/tr><tr><td>rango de llenado<\/td><td>50-500ML (8 rangos en total)<\/td><\/tr><tr><td>Equipado con presi\u00f3n de aire.<\/td><td>0,4-0,6 MPa<\/td><\/tr><tr><td>alcance de tolerancia|<\/td><td>0.50%<\/td><\/tr><tr><td>Cabezal de llenado<\/td><td>Soltero<\/td><\/tr><\/tbody><\/table><\/figure>    <h2 class=\"wp-block-heading\" id=\"h-working-principle-of-semi-automatic-paste-filling-machine\">Principio de funcionamiento de la m\u00e1quina llenadora de pasta semiautom\u00e1tica.<\/h2>    <p>La m\u00e1quina llenadora de pasta semiautom\u00e1tica es una m\u00e1quina llenadora de pist\u00f3n autom\u00e1tica. Utiliza el principio de tres v\u00edas de un pist\u00f3n y una v\u00e1lvula rotativa impulsada por un cilindro para extraer y expulsar materiales de alta concentraci\u00f3n. La m\u00e1quina llenadora de pasta semiautom\u00e1tica utiliza un interruptor de l\u00e1minas magn\u00e9tico para controlar la carrera del cilindro y ajustar el volumen de llenado.<br>La velocidad de llenado de la m\u00e1quina llenadora de pasta se puede lograr ajustando la v\u00e1lvula de mariposa.<\/p>    <figure class=\"wp-block-image size-large\"><img loading=\"lazy\" decoding=\"async\" width=\"1024\" height=\"381\" src=\"https:\/\/taizypackaging.com\/wp-content\/uploads\/2021\/05\/machine-details-1024x381.jpg\" alt=\"Detalles de la m\u00e1quina llenadora de pasta\" class=\"wp-image-2023\" srcset=\"https:\/\/taizypackaging.com\/wp-content\/uploads\/2021\/05\/machine-details-1024x381.jpg 1024w, https:\/\/taizypackaging.com\/wp-content\/uploads\/2021\/05\/machine-details-300x112.jpg 300w, https:\/\/taizypackaging.com\/wp-content\/uploads\/2021\/05\/machine-details-768x286.jpg 768w, https:\/\/taizypackaging.com\/wp-content\/uploads\/2021\/05\/machine-details-jpg.webp 1080w\" sizes=\"auto, (max-width: 1024px) 100vw, 1024px\" \/><figcaption class=\"wp-element-caption\">Detalles de la m\u00e1quina llenadora de pasta<\/figcaption><\/figure>    <h2 class=\"wp-block-heading\" id=\"h-advantages-of-semi-automatic-paste-filling-machine\">Ventajas notables de la m\u00e1quina llenadora de pasta.<\/h2>    <p>1. Debido al control neum\u00e1tico y al posicionamiento mec\u00e1nico, la precisi\u00f3n del llenado es alta. La precisi\u00f3n de llenado puede alcanzar + -1%.<br>2. Estructura simple y buen dise\u00f1o, f\u00e1cil de operar y mantener.<br>3. Con funcionamiento manual y neum\u00e1tico.<br>4. Utilice componentes neum\u00e1ticos y de alta calidad.<br>5. F\u00e1cil de desmontar e instalar, f\u00e1cil de limpiar.<\/p>    <h2 class=\"wp-block-heading\" id=\"h-factors-affecting-the-work-of-semi-automatic-paste-filling-machine\">Factores que afectan el rendimiento de la m\u00e1quina llenadora de pasta semiautom\u00e1tica.<\/h2>    <ol class=\"wp-block-list\"> <li>La precisi\u00f3n de llenado de la m\u00e1quina llenadora de pasta semiautom\u00e1tica se ve afectada por muchos factores. La influencia de la estabilidad de la presi\u00f3n del aire, la uniformidad del material, la velocidad de llenado, etc.<\/li>    <li>La velocidad de llenado de la m\u00e1quina llenadora de pasta semiautom\u00e1tica se ver\u00e1 afectada por la viscosidad del material, la carrera del cilindro, el tama\u00f1o de la boquilla de llenado y la habilidad del operador.<\/li>    <li>Esta m\u00e1quina dispone de dos m\u00e9todos de llenado: a pedal y autom\u00e1tico. Los dos m\u00e9todos de llenado se pueden cambiar a voluntad.<\/li>    <li>La v\u00e1lvula rotativa utilizada en esta m\u00e1quina es un material de tetrafluoroetileno resistente al desgaste, a los \u00e1cidos y a las altas temperaturas.<\/li>    <li>No golpee ni choque a voluntad durante la limpieza. Si la operaci\u00f3n es incorrecta, afectar\u00e1 la vida \u00fatil de la m\u00e1quina.<\/li> <\/ol>    <figure class=\"wp-block-image size-full\"><img decoding=\"async\" src=\"https:\/\/taizypackaging.com\/wp-content\/uploads\/2021\/05\/paste-filling-machine-factory.jpg\" alt=\"f\u00e1brica de m\u00e1quinas llenadoras de pasta\" class=\"wp-image-3638\"\/><figcaption class=\"wp-element-caption\">f\u00e1brica de m\u00e1quinas llenadoras de pasta<\/figcaption><\/figure>    <h2 class=\"wp-block-heading\" id=\"h-filling-volume-range-and-method-of-adjustment\">Rango de volumen de llenado y m\u00e9todo de ajuste.<\/h2>    <p class=\"translation-block\">En la empresa <a href=\"https:\/\/taizypackaging.com\/es\/\">Taizy Packaging Machinery<\/a> hay 8 modos de m\u00e1quinas de llenado de pasta en total. Sus par\u00e1metros t\u00e9cnicos detallados se encuentran en la \u00faltima parte de este pasaje. Su rango de volumen de llenado es el siguiente.<\/p>    <h3 class=\"wp-block-heading\" id=\"h-filling-volume-range\">Datos del rango de volumen de llenado<\/h3>    <figure class=\"wp-block-table\"><table><tbody><tr><td>Modo50<\/td><td>5-50ML &nbsp;&nbsp;&nbsp;&nbsp;&nbsp;&nbsp;&nbsp;<\/td><\/tr><tr><td>Modo100<\/td><td>10-100ML<\/td><\/tr><tr><td>Modo300<\/td><td>30-300ML<\/td><\/tr><tr><td>Modo500<\/td><td>50-500ML<\/td><\/tr><tr><td>Modo1000<\/td><td>100-1000ML<\/td><\/tr><tr><td>Modo2500<\/td><td>250-2500ML<\/td><\/tr><tr><td>Modo3000<\/td><td>300-3000ML<\/td><\/tr><tr><td>Modo5000<\/td><td>500-5000ML<\/td><\/tr><\/tbody><\/table><\/figure>    <figure class=\"wp-block-image size-large\"><img loading=\"lazy\" decoding=\"async\" width=\"720\" height=\"540\" src=\"https:\/\/taizypackaging.com\/wp-content\/uploads\/2021\/05\/different-models.jpg\" alt=\"diferentes modelos\" class=\"wp-image-2019\" srcset=\"https:\/\/taizypackaging.com\/wp-content\/uploads\/2021\/05\/different-models.jpg 720w, https:\/\/taizypackaging.com\/wp-content\/uploads\/2021\/05\/different-models-300x225.jpg 300w\" sizes=\"auto, (max-width: 720px) 100vw, 720px\" \/><figcaption class=\"wp-element-caption\">diferentes modelos<\/figcaption><\/figure>    <h3 class=\"wp-block-heading\" id=\"h-method-of-adjustment\">M\u00e9todo de ajuste<\/h3>    <p>Debe configurar el volumen de pasta de acuerdo con la escala de la bomba de pasta. Puedes utilizar una b\u00e1scula electr\u00f3nica para verificar que el peso que estableciste sea el correcto. Dado que la densidad de la pasta es diferente, debes ajustarla seg\u00fan el peso de la pasta que deseas envasar. Si el embalaje utiliza conteo de volumen, simplemente ajuste la escala de la bomba de pasta directamente.<\/p>    <h2 class=\"wp-block-heading\" id=\"h-two-types-of-hopper\">Dos tipos de tolva de equipo de llenado de pasta.<\/h2>    <h3 class=\"wp-block-heading\" id=\"h-vertical-hopper\"> Tolva vertical<\/h3>    <p>La tolva en forma de cono es apta para envasar todo tipo de pastas. Si necesita envasar pasta con granulado configuraremos un mezclador para la tolva de la m\u00e1quina. Esto puede hacer que el relleno de la pasta sea m\u00e1s uniforme.<\/p>    <figure class=\"wp-block-image size-large\"><img decoding=\"async\" src=\"https:\/\/taizypackaging.com\/wp-content\/uploads\/2021\/05\/cone-hopper.jpg\" alt=\"tolva de cono\" class=\"wp-image-2016\"\/><figcaption class=\"wp-element-caption\">tolva de cono<\/figcaption><\/figure>    <h3 class=\"wp-block-heading\" id=\"h-u-shaped-hopper\">tolva en forma de U<\/h3>    <p>La tolva en forma de U es m\u00e1s adecuada para envasar con pasta granular. Debido al volumen y forma de la tolva en forma de U, la pasta con part\u00edculas se puede mezclar de manera m\u00e1s uniforme. Este tipo de tolva puede evitar eficazmente la deposici\u00f3n de part\u00edculas y el llenado desigual de pasta.<\/p>    <figure class=\"wp-block-image size-large\"><img decoding=\"async\" src=\"https:\/\/taizypackaging.com\/wp-content\/uploads\/2021\/05\/U-shaped-hopper.jpg\" alt=\"tolva en forma de U\" class=\"wp-image-2017\"\/><figcaption class=\"wp-element-caption\">tolva en forma de U<\/figcaption><\/figure>    <h2 class=\"wp-block-heading\" id=\"h-q-a\">Preguntas y respuestas sobre la llenadora de pasta manual Taizy <\/h2>    <ol class=\"wp-block-list\"> <li>\u00bfC\u00f3mo ajustar la velocidad de llenado?<br>Puede ajustar el bot\u00f3n para controlar la velocidad de llenado del cilindro de gas.<\/li>    <li>\u00bfSe puede envasar la pasta con part\u00edculas?<br>S\u00ed. Equiparemos la m\u00e1quina con un agitador. Puede prevenir la acumulaci\u00f3n de material y la precipitaci\u00f3n.<\/li>    <li>\u00bfC\u00f3mo limpiar la m\u00e1quina llenadora de pasta?<br>Limpiar la m\u00e1quina llenadora con agua. No es necesario desmontar el dispositivo. Si encuentra alg\u00fan problema durante la limpieza, puede contactar con nuestros t\u00e9cnicos en cualquier momento.<\/li>    <li>\u00bfSe da\u00f1ar\u00e1n los materiales almacenados en el cilindro de la m\u00e1quina llenadora?<br>No. El material ingresa a la m\u00e1quina llenadora y se encuentra en un ambiente de vac\u00edo. No est\u00e1 en contacto con el aire, por lo que no se romper\u00e1.<\/li>    <li>\u00bfC\u00f3mo ajustar el volumen de llenado?<br>El volumen de llenado se puede ajustar girando el mango.<\/li> <\/ol>","protected":false},"excerpt":{"rendered":"<p>Paste filling machine is designed and manufactured for handling various paste products, such as tomato paste, toothpaste, honey, sauce, ketchup, hand sanitizer, etc. It has a small size. Besides, with a simple structure and good design, a semi automatic paste filling machine is very easy to operate and maintain. Moreover, low cost and great performance [&hellip;]<\/p>\n","protected":false},"author":1,"featured_media":2013,"parent":0,"template":"","tags":[579,581,580],"product-type":[662],"class_list":["post-2003","product","type-product","status-publish","has-post-thumbnail","hentry","tag-paste-filling-machine","tag-tomato-paste-filling-machine","tag-toothpaste-filling-machine","product-type-paste-packing-machines"],"_links":{"self":[{"href":"https:\/\/taizypackaging.com\/es\/wp-json\/wp\/v2\/product\/2003","targetHints":{"allow":["GET"]}}],"collection":[{"href":"https:\/\/taizypackaging.com\/es\/wp-json\/wp\/v2\/product"}],"about":[{"href":"https:\/\/taizypackaging.com\/es\/wp-json\/wp\/v2\/types\/product"}],"author":[{"embeddable":true,"href":"https:\/\/taizypackaging.com\/es\/wp-json\/wp\/v2\/users\/1"}],"wp:featuredmedia":[{"embeddable":true,"href":"https:\/\/taizypackaging.com\/es\/wp-json\/wp\/v2\/media\/2013"}],"wp:attachment":[{"href":"https:\/\/taizypackaging.com\/es\/wp-json\/wp\/v2\/media?parent=2003"}],"wp:term":[{"taxonomy":"post_tag","embeddable":true,"href":"https:\/\/taizypackaging.com\/es\/wp-json\/wp\/v2\/tags?post=2003"},{"taxonomy":"product-type","embeddable":true,"href":"https:\/\/taizypackaging.com\/es\/wp-json\/wp\/v2\/product-type?post=2003"}],"curies":[{"name":"wp","href":"https:\/\/api.w.org\/{rel}","templated":true}]}}