{"id":2053,"date":"2021-06-05T08:02:24","date_gmt":"2021-06-05T08:02:24","guid":{"rendered":"https:\/\/taizypackaging.com\/?p=2053"},"modified":"2024-07-16T17:54:44","modified_gmt":"2024-07-16T09:54:44","slug":"fully-automatic-paste-filling-machine-for-100-5000ml","status":"publish","type":"product","link":"https:\/\/taizypackaging.com\/es\/fully-automatic-paste-filling-machine-for-100-5000ml\/","title":{"rendered":"M\u00e1quina autom\u00e1tica de llenado de pasta"},"content":{"rendered":"<div class=\"kk-star-ratings kksr-auto kksr-align-left kksr-valign-top\"     data-payload='{&quot;align&quot;:&quot;left&quot;,&quot;id&quot;:&quot;2053&quot;,&quot;slug&quot;:&quot;default&quot;,&quot;valign&quot;:&quot;top&quot;,&quot;ignore&quot;:&quot;&quot;,&quot;reference&quot;:&quot;auto&quot;,&quot;class&quot;:&quot;&quot;,&quot;count&quot;:&quot;15&quot;,&quot;legendonly&quot;:&quot;&quot;,&quot;readonly&quot;:&quot;&quot;,&quot;score&quot;:&quot;4.9&quot;,&quot;starsonly&quot;:&quot;&quot;,&quot;best&quot;:&quot;5&quot;,&quot;gap&quot;:&quot;5&quot;,&quot;greet&quot;:&quot;Rate this product&quot;,&quot;legend&quot;:&quot;4.9\\\/5 - (15 votos)&quot;,&quot;size&quot;:&quot;24&quot;,&quot;title&quot;:&quot;Automatic Paste Filling Machine&quot;,&quot;width&quot;:&quot;139.6&quot;,&quot;_legend&quot;:&quot;{score}\\\/{best} - ({count} {votes})&quot;,&quot;font_factor&quot;:&quot;1.25&quot;}'>              <div class=\"kksr-stars\">      <div class=\"kksr-stars-inactive\">             <div class=\"kksr-star\" data-star=\"1\" style=\"padding-right: 5px\">               <div class=\"kksr-icon\" style=\"width: 24px; height: 24px;\"><\/div>         <\/div>             <div class=\"kksr-star\" data-star=\"2\" style=\"padding-right: 5px\">               <div class=\"kksr-icon\" style=\"width: 24px; height: 24px;\"><\/div>         <\/div>             <div class=\"kksr-star\" data-star=\"3\" style=\"padding-right: 5px\">               <div class=\"kksr-icon\" style=\"width: 24px; height: 24px;\"><\/div>         <\/div>             <div class=\"kksr-star\" data-star=\"4\" style=\"padding-right: 5px\">               <div class=\"kksr-icon\" style=\"width: 24px; height: 24px;\"><\/div>         <\/div>             <div class=\"kksr-star\" data-star=\"5\" style=\"padding-right: 5px\">               <div class=\"kksr-icon\" style=\"width: 24px; height: 24px;\"><\/div>         <\/div>     <\/div>      <div class=\"kksr-stars-active\" style=\"width: 139.6px;\">             <div class=\"kksr-star\" style=\"padding-right: 5px\">               <div class=\"kksr-icon\" style=\"width: 24px; height: 24px;\"><\/div>         <\/div>             <div class=\"kksr-star\" style=\"padding-right: 5px\">               <div class=\"kksr-icon\" style=\"width: 24px; height: 24px;\"><\/div>         <\/div>             <div class=\"kksr-star\" style=\"padding-right: 5px\">               <div class=\"kksr-icon\" style=\"width: 24px; height: 24px;\"><\/div>         <\/div>             <div class=\"kksr-star\" style=\"padding-right: 5px\">               <div class=\"kksr-icon\" style=\"width: 24px; height: 24px;\"><\/div>         <\/div>             <div class=\"kksr-star\" style=\"padding-right: 5px\">               <div class=\"kksr-icon\" style=\"width: 24px; height: 24px;\"><\/div>         <\/div>     <\/div> <\/div>                   <div class=\"kksr-legend\" style=\"font-size: 19.2px;\">             4,9\/5 - (15 votos)    <\/div>     <\/div>  <p class=\"translation-block\"><strong>M\u00e1quina autom\u00e1tica de llenado de pasta<\/strong> aqu\u00ed es un tipo de m\u00e1quina de llenado de botellas. El ancho y la altura del transportador se pueden ajustar para adaptarse a varias botellas. Esta <strong>m\u00e1quina de llenado de pasta<\/strong> es adecuada para el envasado de crema, pasta de curry, pasta de chile, pasta de alimentos, pasta de jengibre, pasta de lima, pasta de tomate, salsa, etc. Adem\u00e1s, esta m\u00e1quina se puede equipar con un mezclador de botellas, m\u00e1quina de tapado y m\u00e1quina de etiquetado para hacer una l\u00ednea de llenado de pasta totalmente autom\u00e1tica. Como un fabricante y proveedor l\u00edder de equipos de llenado de pasta en China, Taizy Packaging Machinery tiene una rica experiencia y una gran capacidad. Bienvenido a contactarnos para obtener el mejor <strong>precio de m\u00e1quina de llenado de pasta<\/strong>. <\/p>   <figure class=\"wp-block-embed-youtube wp-block-embed is-type-video is-provider-youtube wp-embed-aspect-16-9 wp-has-aspect-ratio\"><div class=\"lyte-wrapper fourthree\" title=\"M\u00e1quina llenadora autom\u00e1tica de pasta para llenar pasta de tomate, miel, mantequilla y salsa de chile\" style=\"width:960px;max-width:100%;margin:5px auto;\"><div class=\"lyMe hidef\" id=\"WYL_EwhasMp_vJI\" itemprop=\"video\" itemscope itemtype=\"https:\/\/schema.org\/VideoObject\"><div><meta itemprop=\"thumbnailUrl\" content=\"https:\/\/taizypackaging.com\/wp-content\/plugins\/wp-youtube-lyte\/lyteCache.php?origThumbUrl=https%3A%2F%2Fi.ytimg.com%2Fvi%2FEwhasMp_vJI%2Fhqdefault.jpg\" \/><meta itemprop=\"embedURL\" content=\"https:\/\/www.youtube.com\/embed\/EwhasMp_vJI\" \/><meta itemprop=\"duration\" content=\"PT2M13S\" \/><meta itemprop=\"uploadDate\" content=\"2021-06-15T02:32:56Z\" \/><\/div><meta itemprop=\"accessibilityFeature\" content=\"captions\" \/><div id=\"lyte_EwhasMp_vJI\" data-src=\"https:\/\/taizypackaging.com\/wp-content\/plugins\/wp-youtube-lyte\/lyteCache.php?origThumbUrl=https%3A%2F%2Fi.ytimg.com%2Fvi%2FEwhasMp_vJI%2Fhqdefault.jpg\" class=\"pL\"><div class=\"tC\"><div class=\"tT\" itemprop=\"name\">M\u00e1quina llenadora autom\u00e1tica de pasta para llenar pasta de tomate, miel, mantequilla y salsa de chile<\/div><\/div><div class=\"play\"><\/div><div class=\"ctrl\"><div class=\"Lctrl\"><\/div><div class=\"Rctrl\"><\/div><\/div><\/div><noscript><a href=\"https:\/\/youtu.be\/EwhasMp_vJI\" rel=\"nofollow noopener\" target=\"_blank\"><img loading=\"lazy\" decoding=\"async\" src=\"https:\/\/taizypackaging.com\/wp-content\/plugins\/wp-youtube-lyte\/lyteCache.php?origThumbUrl=https%3A%2F%2Fi.ytimg.com%2Fvi%2FEwhasMp_vJI%2F0.jpg\" alt=\"M\u00e1quina llenadora autom\u00e1tica de pasta para llenar pasta de tomate, miel, mantequilla y salsa de chile\" width=\"960\" height=\"700\" \/><br \/>Watch this video on YouTube<\/a><\/noscript><meta itemprop=\"description\" content=\"Website: https:\/\/taizypackaging.com\/fully-automatic-paste-filling-machine-for-100-5000ml\/ Whatsapp\/Wechat\/Tel:+86 19139754781 The automatic paste filling machine can complete all kinds of paste filling. The machine adopts multiple filling heads, such as a 4-head automatic filling machine, 6-head automatic filling machine, etc. The number of filling heads is customizable. This can effectively increase the filling speed of the machine. The fully automatic paste filling machine can save a lot of human resource costs. At the same time, the filling accuracy is high. Safe and hygienic filling products are welcomed by people. It can be filled with various pastes. For example sauce, jam, butter, salad dressing, ketchup, chili sauce, honey, and other viscous liquids or other materials. The machine can be customized according to customer needs. Website: https:\/\/taizypackaging.com\/fully-automatic-paste-filling-machine-for-100-5000ml\/ Whatsapp\/Wechat\/Tel:+86 19139754781\"><\/div><\/div><div class=\"lL\" style=\"max-width:100%;width:960px;margin:5px auto;\"><\/div><figcaption><\/figcaption><\/figure>   <h2 class=\"wp-block-heading\" id=\"h-a-brief-introduction-of-fully-automatic-paste-filling-machine\">Introducci\u00f3n de la m\u00e1quina llenadora autom\u00e1tica de pasta.<\/h2>    <p>La m\u00e1quina llenadora autom\u00e1tica de pasta puede completar todo tipo de llenado de pasta. La m\u00e1quina adopta m\u00faltiples cabezales de llenado, como una m\u00e1quina llenadora autom\u00e1tica de 4 cabezales, una m\u00e1quina llenadora autom\u00e1tica de 6 cabezales, etc. La cantidad de cabezales de llenado es personalizable. Esto puede aumentar considerablemente la velocidad de llenado de la m\u00e1quina. La m\u00e1quina llenadora de pasta totalmente autom\u00e1tica puede ahorrar muchos costos de mano de obra. Al mismo tiempo, la precisi\u00f3n del llenado es alta. La gente agradece los productos de llenado seguros e higi\u00e9nicos. Adem\u00e1s, apoyamos un servicio personalizado para cumplir con sus requisitos espec\u00edficos. <\/p>    <figure class=\"wp-block-image size-full\"><img decoding=\"async\" src=\"https:\/\/taizypackaging.com\/wp-content\/uploads\/2021\/06\/automatic-paste-filling-machine-3.jpg\" alt=\"m\u00e1quina autom\u00e1tica de llenado de pasta\" class=\"wp-image-3676\"\/><figcaption class=\"wp-element-caption\">m\u00e1quina autom\u00e1tica de llenado de pasta<\/figcaption><\/figure>    <h2 class=\"wp-block-heading\" id=\"h-application-field-of-quantitative-paste-filling-machine\">Aplicaciones de la m\u00e1quina llenadora de pasta cuantitativa.<\/h2>    <p>La m\u00e1quina llenadora de pasta cuantitativa tiene una amplia gama de aplicaciones y es adecuada para los requisitos de llenado de productos industriales peque\u00f1os y medianos. Las m\u00e1quinas llenadoras de pasta tienen amplias aplicaciones en las industrias alimentaria, qu\u00edmica, cosm\u00e9tica y farmac\u00e9utica, como pasta de tomate, salsa, miel, mantequilla, salsa de chile, pasta de s\u00e9samo, pasta de carne, mantequilla de man\u00ed, detergente, desinfectante para manos, acondicionador para el cabello, cosm\u00e9ticos, pegamento, champ\u00fa, etc. Y la m\u00e1quina llenadora de pasta de tomate, la m\u00e1quina llenadora de pasta de dientes, la m\u00e1quina llenadora de pasta de crema, la m\u00e1quina llenadora de pasta de chile y otras m\u00e1quinas llenadoras de salsa se utilizan con mucha frecuencia.\u00a0Esta m\u00e1quina puede llenarlos autom\u00e1ticamente.<\/p>    <figure class=\"wp-block-image size-full\"><img decoding=\"async\" src=\"https:\/\/taizypackaging.com\/wp-content\/uploads\/2021\/06\/paste-filling-machine-applications.jpg\" alt=\"aplicaciones de la m\u00e1quina llenadora de pasta\" class=\"wp-image-4109\"\/><figcaption class=\"wp-element-caption\">aplicaciones de la m\u00e1quina llenadora de pasta<\/figcaption><\/figure>    <h2 class=\"wp-block-heading\" id=\"h-machine-parameters\">Par\u00e1metros de la m\u00e1quina llenadora autom\u00e1tica de pasta Taizy<\/h2>    <figure class=\"wp-block-table is-style-stripes\"><table><tbody><tr><td>rango de llenado<\/td><td>50-1000ml<\/td><\/tr><tr><td>Fuerza<\/td><td>Regulaci\u00f3n de velocidad de conversi\u00f3n de frecuencia<\/td><\/tr><tr><td>Fuente de alimentaci\u00f3n<\/td><td>220v\/50hz<\/td><\/tr><tr><td>Precisi\u00f3n de llenado<\/td><td>\u00b11%<\/td><\/tr><tr><td>Velocidad de llenado<\/td><td>2000-2400 botella\/hora<\/td><\/tr><tr><td>Nota<\/td><td>soporte de servicio personalizado<\/td><\/tr><\/tbody><\/table><\/figure>    <h2 class=\"wp-block-heading\" id=\"h-working-principle-of-fully-automatic-paste-filling-machine\">Principio de funcionamiento de la m\u00e1quina llenadora autom\u00e1tica de pasta.<\/h2>    <p>La m\u00e1quina llenadora autom\u00e1tica de pasta es una m\u00e1quina llenadora de pist\u00f3n. Puede rellenar pastas de diferentes viscosidades. La m\u00e1quina utiliza un cilindro para empujar el pist\u00f3n y utiliza componentes neum\u00e1ticos de alta calidad. Puede terminar el relleno de pasta cuantitativa. El material ser\u00e1 bombeado a trav\u00e9s de la m\u00e1quina llenadora de pist\u00f3n alternativo bajo la acci\u00f3n del cilindro. El cilindro de la carrera de bombeo se ajusta mediante una v\u00e1lvula de se\u00f1al para ajustar el volumen de llenado requerido para lograr un llenado preciso.<\/p>    <h2 class=\"wp-block-heading\" id=\"h-structure-display-of-paste-filling-machine\">Detalles de la estructura de la m\u00e1quina llenadora de pasta.<\/h2>    <p>La m\u00e1quina llenadora autom\u00e1tica de pasta consta de estas partes: una tolva, boquillas de llenado, dispositivo antigoteo, panel de operaci\u00f3n, transportador, ojo el\u00e9ctrico, perilla giratoria para ajustar la altura, caja de la m\u00e1quina, etc. Esta m\u00e1quina tiene una estructura simple y un dise\u00f1o razonable, por lo que Es muy f\u00e1cil de operar y mantener.  Adem\u00e1s, todas nuestras m\u00e1quinas adoptan material de acero inoxidable. Por lo tanto, nuestra m\u00e1quina llenadora de pasta es duradera y tiene un buen rendimiento. Para m\u00e1s detalles puede contactarnos en cualquier momento. <\/p>    <figure class=\"wp-block-image size-large\"><img decoding=\"async\" src=\"https:\/\/taizypackaging.com\/wp-content\/uploads\/2021\/06\/structure-of-automtatic-paste-filling-machine.jpg\" alt=\"Estructura de la m\u00e1quina llenadora de pasta autom\u00e1tica.\" class=\"wp-image-2069\"\/><figcaption class=\"wp-element-caption\">Estructura de la m\u00e1quina llenadora autom\u00e1tica de pasta.<\/figcaption><\/figure>    <h2 class=\"wp-block-heading\" id=\"h-machine-details-and-functions-of-each-part\">Funciones de la m\u00e1quina de cada pieza.<\/h2>    <ol class=\"wp-block-list\"> <li><strong>Pantalla t\u00e1ctil:<\/strong> La pantalla t\u00e1ctil PLC puede ajustar r\u00e1pidamente los par\u00e1metros de la m\u00e1quina<\/li>    <li><strong>Cinta transportadora:<\/strong> el ancho de banda de alimentaci\u00f3n y transporte es de 101 mm. Las botellas anchas se pueden personalizar con una cinta transportadora de 154 mm.<\/li>    <li><strong>V\u00e1lvula de regulaci\u00f3n de presi\u00f3n:<\/strong> Puede ajustar el caudal de pasta para ajustar la velocidad de enlatado.<\/li>    <li><strong>V\u00e1lvula reguladora:<\/strong> Puede ajustar la carrera del cilindro para ajustar el volumen de escaneo.<\/li> <\/ol>    <figure class=\"wp-block-image size-large\"><img decoding=\"async\" src=\"https:\/\/taizypackaging.com\/wp-content\/uploads\/2021\/06\/machine-details-1.jpg\" alt=\"detalles de la m\u00e1quina\" class=\"wp-image-2083\"\/><figcaption class=\"wp-element-caption\">detalles de la m\u00e1quina<\/figcaption><\/figure>    <h2 class=\"wp-block-heading\" id=\"h-features-of-automatic-paste-filling-machine\">Caracter\u00edsticas de la m\u00e1quina llenadora autom\u00e1tica de pasta Taizy<\/h2>    <p id=\"h-features-of-automatic-paste-filling-machine\">1. La m\u00e1quina est\u00e1 fabricada en acero inoxidable. Adem\u00e1s, la parte de contacto con el material utiliza acero inoxidable 304. Este material es duradero y cumple con las normas nacionales;<\/p>    <p id=\"h-features-of-automatic-paste-filling-machine\">2. Componentes neum\u00e1ticos de alta calidad, rendimiento estable;<\/p>    <p>3. La boquilla de llenado adopta dispositivos de llenado antigoteo, antiextracci\u00f3n y de elevaci\u00f3n;<\/p>    <p>4. Visualizaci\u00f3n y operaci\u00f3n de pantalla t\u00e1ctil, la depuraci\u00f3n es simple y conveniente;<\/p>    <p>5. Principio cuantitativo del pist\u00f3n, mediante control PLC, buena precisi\u00f3n de llenado;<\/p>    <p>6. Las piezas en contacto con los materiales est\u00e1n fabricadas de acero inoxidable tipo 304\/316, que cumple con las normas GMP;<\/p>    <p>7. No es necesario reemplazar piezas. Adem\u00e1s, es f\u00e1cil de depurar y hacerlo adecuado para botellas de diferentes formas y tama\u00f1os;<\/p>    <p>8. Las manijas de ajuste del volumen de llenado y la velocidad de llenado se pueden ajustar en cualquier momento. Y la precisi\u00f3n del llenado es alta;<\/p>    <figure class=\"wp-block-gallery has-nested-images columns-default is-cropped wp-block-gallery-2 is-layout-flex wp-block-gallery-is-layout-flex\"> <figure class=\"wp-block-image size-large\"><img loading=\"lazy\" decoding=\"async\" width=\"750\" height=\"509\" data-id=\"2071\" src=\"https:\/\/taizypackaging.com\/wp-content\/uploads\/2021\/06\/paste-filling-machine1.jpg\" alt=\"m\u00e1quina llenadora de pasta1\" class=\"wp-image-2071\" srcset=\"https:\/\/taizypackaging.com\/wp-content\/uploads\/2021\/06\/paste-filling-machine1.jpg 750w, https:\/\/taizypackaging.com\/wp-content\/uploads\/2021\/06\/paste-filling-machine1-300x204.jpg 300w\" sizes=\"auto, (max-width: 750px) 100vw, 750px\" \/><figcaption class=\"wp-element-caption\">m\u00e1quina llenadora de pasta tipo uno<\/figcaption><\/figure>    <figure class=\"wp-block-image size-large\"><img decoding=\"async\" data-id=\"2072\" src=\"https:\/\/taizypackaging.com\/wp-content\/uploads\/2021\/06\/paste-filling-machine2.jpg\" alt=\"m\u00e1quina llenadora de pasta2\" class=\"wp-image-2072\"\/><figcaption class=\"wp-element-caption\">m\u00e1quina llenadora de pasta tipo dos<\/figcaption><\/figure> <\/figure>    <h2 class=\"wp-block-heading\" id=\"h-optional-equipment-for-fully-automatic-paste-filling-machine\">Equipo opcional para m\u00e1quina llenadora autom\u00e1tica de pasta.<\/h2>    <p>1. Cuando se encuentren materiales que sean f\u00e1ciles de solidificar, como el chocolate, se puede agregar la funci\u00f3n de calentamiento. Agregaremos una funci\u00f3n de calentamiento a la tolva de la m\u00e1quina.<\/p>    <p>2. Puede agregar un eje agitador para la m\u00e1quina llenadora de pasta. Puede prevenir eficazmente la deposici\u00f3n de materiales particulados.<\/p>    <p>3. Se puede agregar el flotador de nivel de l\u00edquido para detectar autom\u00e1ticamente cu\u00e1nto material queda en el barril.<\/p>    <p>4. Puedes elegir un modelo de servomotor. Todos los par\u00e1metros son ajustables en la pantalla t\u00e1ctil. Y ahorra tiempo y esfuerzo.<\/p>    <p>5. Puede equipar la m\u00e1quina llenadora con una m\u00e1quina taponadora. Despu\u00e9s del llenado, es necesario sellar las botellas. Diferentes m\u00e1quinas taponadoras son opcionales. Y puede elegir el equipo de sellado seg\u00fan los diferentes materiales de relleno. Como m\u00e1quinas taponadoras al vac\u00edo y m\u00e1quinas taponadoras de pl\u00e1stico.<\/p>    <p>6. Si lo necesita, podemos equipar la m\u00e1quina con un codificador. Hay muchos tipos de codificadores. Por tanto, podr\u00e1s elegir seg\u00fan tus necesidades.<\/p>    <figure class=\"wp-block-gallery has-nested-images columns-default is-cropped wp-block-gallery-3 is-layout-flex wp-block-gallery-is-layout-flex\"> <figure class=\"wp-block-image size-large\"><img decoding=\"async\" data-id=\"2080\" src=\"https:\/\/taizypackaging.com\/wp-content\/uploads\/2021\/06\/vacuum-capping-device-1.jpg\" alt=\"dispositivo de taponado al vac\u00edo\" class=\"wp-image-2080\"\/><figcaption class=\"wp-element-caption\">dispositivo de taponado al vac\u00edo<\/figcaption><\/figure>    <figure class=\"wp-block-image size-large\"><img loading=\"lazy\" decoding=\"async\" width=\"720\" height=\"540\" data-id=\"2079\" src=\"https:\/\/taizypackaging.com\/wp-content\/uploads\/2021\/06\/capping-device.jpg\" alt=\"dispositivo de tapado\" class=\"wp-image-2079\" srcset=\"https:\/\/taizypackaging.com\/wp-content\/uploads\/2021\/06\/capping-device.jpg 720w, https:\/\/taizypackaging.com\/wp-content\/uploads\/2021\/06\/capping-device-300x225.jpg 300w\" sizes=\"auto, (max-width: 720px) 100vw, 720px\" \/><figcaption class=\"wp-element-caption\">dispositivo de tapado<\/figcaption><\/figure> <\/figure>    <h2 class=\"wp-block-heading\" id=\"h-q-a\">Preguntas y respuestas sobre el equipo de llenado de pasta Taizy<\/h2>    <p>1. \u00bfPara qu\u00e9 materiales se puede envasar la m\u00e1quina llenadora autom\u00e1tica de pasta?<\/p>    <p>Principalmente aceite enlatado, miel, desinfectante para manos, champ\u00fa, detergente para ropa, agua, tahini, mantequilla de man\u00ed, salsa picante, miel, etc.<\/p>    <p>2. \u00bfCu\u00e1l es el rango de peso de la m\u00e1quina?<\/p>    <p>El rango de peso que puede envasar la m\u00e1quina envasadora autom\u00e1tica de pasta suele ser de 100 a 1000 ml. Y el peso m\u00e1ximo del paquete puede alcanzar los 5000 ml.<\/p>    <p>3. \u00bfC\u00f3mo ajustar la velocidad de llenado?<\/p>    <p>Puede ajustar el regulador de presi\u00f3n para ajustar el caudal, ajustando as\u00ed la velocidad de enlatado. Al mismo tiempo, la pantalla t\u00e1ctil del PLC puede configurar par\u00e1metros de ajuste de velocidad.<\/p>    <p>4. \u00bfCu\u00e1l es el rango de di\u00e1metro de la botella de embalaje?<\/p>    <p>El rango de di\u00e1metro de la botella de embalaje es de 35 mm a 1000 mm.<\/p>    <p>5. \u00bfCu\u00e1l es el voltaje requerido por esta m\u00e1quina?<\/p>    <p>El voltaje de la m\u00e1quina se puede personalizar. Y puedes contarnos tus necesidades.<\/p>    <h2 class=\"wp-block-heading\" id=\"are-you-interested-a-paste-filling-machine\">\u00bfEst\u00e1 interesado en una m\u00e1quina llenadora de pasta? <\/h2>    <p class=\"translation-block\">La m\u00e1quina autom\u00e1tica de llenado de pasta es popular por su bajo costo y alto rendimiento. Es adecuada para varios estilos de botellas. En comparaci\u00f3n con <a href=\"https:\/\/taizypackaging.com\/es\/paste-packaging-machine\/\">la m\u00e1quina de envasado de pasta totalmente autom\u00e1tica<\/a>, tiene un mejor rendimiento de costo. Y en comparaci\u00f3n con la m\u00e1quina de llenado de pasta semiautom\u00e1tica, tiene una mayor eficiencia. En resumen, esta m\u00e1quina de llenado de pasta puede beneficiar enormemente su proyecto y ganar m\u00e1s dinero para usted. P\u00f3ngase en contacto con nosotros hoy para obtener un gran descuento. <\/p>","protected":false},"excerpt":{"rendered":"<p>Automatic paste filling machine here is a type of bottle filling machine. The conveyor width and height can be adjusted to suit various bottles. This paste filling machine is suitable for packaging cream, curry paste, chili paste, food paste, ginger paste, lime paste, tomato paste, sauce, etc. Besides, this machine can be equipped with a [&hellip;]<\/p>\n","protected":false},"author":1,"featured_media":2195,"parent":0,"template":"","tags":[583,579],"product-type":[662],"class_list":["post-2053","product","type-product","status-publish","has-post-thumbnail","hentry","tag-automatic-paste-filling-machine","tag-paste-filling-machine","product-type-paste-packing-machines"],"_links":{"self":[{"href":"https:\/\/taizypackaging.com\/es\/wp-json\/wp\/v2\/product\/2053","targetHints":{"allow":["GET"]}}],"collection":[{"href":"https:\/\/taizypackaging.com\/es\/wp-json\/wp\/v2\/product"}],"about":[{"href":"https:\/\/taizypackaging.com\/es\/wp-json\/wp\/v2\/types\/product"}],"author":[{"embeddable":true,"href":"https:\/\/taizypackaging.com\/es\/wp-json\/wp\/v2\/users\/1"}],"wp:featuredmedia":[{"embeddable":true,"href":"https:\/\/taizypackaging.com\/es\/wp-json\/wp\/v2\/media\/2195"}],"wp:attachment":[{"href":"https:\/\/taizypackaging.com\/es\/wp-json\/wp\/v2\/media?parent=2053"}],"wp:term":[{"taxonomy":"post_tag","embeddable":true,"href":"https:\/\/taizypackaging.com\/es\/wp-json\/wp\/v2\/tags?post=2053"},{"taxonomy":"product-type","embeddable":true,"href":"https:\/\/taizypackaging.com\/es\/wp-json\/wp\/v2\/product-type?post=2053"}],"curies":[{"name":"wp","href":"https:\/\/api.w.org\/{rel}","templated":true}]}}