{"id":208,"date":"2020-08-24T11:06:21","date_gmt":"2020-08-24T11:06:21","guid":{"rendered":"https:\/\/taizypackaging.com\/?p=208"},"modified":"2022-12-14T06:07:55","modified_gmt":"2022-12-14T06:07:55","slug":"powder-packaging-machine","status":"publish","type":"product","link":"https:\/\/taizypackaging.com\/es\/powder-packaging-machine\/","title":{"rendered":"M\u00e1quina envasadora de polvo"},"content":{"rendered":"<div class=\"kk-star-ratings kksr-auto kksr-align-left kksr-valign-top\"     data-payload='{&quot;align&quot;:&quot;left&quot;,&quot;id&quot;:&quot;208&quot;,&quot;slug&quot;:&quot;default&quot;,&quot;valign&quot;:&quot;top&quot;,&quot;ignore&quot;:&quot;&quot;,&quot;reference&quot;:&quot;auto&quot;,&quot;class&quot;:&quot;&quot;,&quot;count&quot;:&quot;13&quot;,&quot;legendonly&quot;:&quot;&quot;,&quot;readonly&quot;:&quot;&quot;,&quot;score&quot;:&quot;4.8&quot;,&quot;starsonly&quot;:&quot;&quot;,&quot;best&quot;:&quot;5&quot;,&quot;gap&quot;:&quot;5&quot;,&quot;greet&quot;:&quot;Rate this product&quot;,&quot;legend&quot;:&quot;4.8\\\/5 - (13 votos)&quot;,&quot;size&quot;:&quot;24&quot;,&quot;title&quot;:&quot;Powder Packaging Machine&quot;,&quot;width&quot;:&quot;136.7&quot;,&quot;_legend&quot;:&quot;{score}\\\/{best} - ({count} {votes})&quot;,&quot;font_factor&quot;:&quot;1.25&quot;}'>              <div class=\"kksr-stars\">      <div class=\"kksr-stars-inactive\">             <div class=\"kksr-star\" data-star=\"1\" style=\"padding-right: 5px\">               <div class=\"kksr-icon\" style=\"width: 24px; height: 24px;\"><\/div>         <\/div>             <div class=\"kksr-star\" data-star=\"2\" style=\"padding-right: 5px\">               <div class=\"kksr-icon\" style=\"width: 24px; height: 24px;\"><\/div>         <\/div>             <div class=\"kksr-star\" data-star=\"3\" style=\"padding-right: 5px\">               <div class=\"kksr-icon\" style=\"width: 24px; height: 24px;\"><\/div>         <\/div>             <div class=\"kksr-star\" data-star=\"4\" style=\"padding-right: 5px\">               <div class=\"kksr-icon\" style=\"width: 24px; height: 24px;\"><\/div>         <\/div>             <div class=\"kksr-star\" data-star=\"5\" style=\"padding-right: 5px\">               <div class=\"kksr-icon\" style=\"width: 24px; height: 24px;\"><\/div>         <\/div>     <\/div>      <div class=\"kksr-stars-active\" style=\"width: 136.7px;\">             <div class=\"kksr-star\" style=\"padding-right: 5px\">               <div class=\"kksr-icon\" style=\"width: 24px; height: 24px;\"><\/div>         <\/div>             <div class=\"kksr-star\" style=\"padding-right: 5px\">               <div class=\"kksr-icon\" style=\"width: 24px; height: 24px;\"><\/div>         <\/div>             <div class=\"kksr-star\" style=\"padding-right: 5px\">               <div class=\"kksr-icon\" style=\"width: 24px; height: 24px;\"><\/div>         <\/div>             <div class=\"kksr-star\" style=\"padding-right: 5px\">               <div class=\"kksr-icon\" style=\"width: 24px; height: 24px;\"><\/div>         <\/div>             <div class=\"kksr-star\" style=\"padding-right: 5px\">               <div class=\"kksr-icon\" style=\"width: 24px; height: 24px;\"><\/div>         <\/div>     <\/div> <\/div>                   <div class=\"kksr-legend\" style=\"font-size: 19.2px;\">             4,8\/5 - (13 votos)    <\/div>     <\/div>  <p class=\"translation-block\"><strong>La m\u00e1quina de empaque de polvo<\/strong> est\u00e1 dise\u00f1ada y fabricada para manejar varios empaques de polvo seco, como harina, polvo de caf\u00e9, detergente en polvo, polvo de chile, masala, curry en polvo, leche en polvo, etc. Seg\u00fan el peso de empaque de los art\u00edculos, hay una peque\u00f1a m\u00e1quina de empaque de polvo vertical y una gran m\u00e1quina de empaque de polvo. La primera es adecuada para empacar art\u00edculos de 1 gramo a 1 kg. Y la gran m\u00e1quina de empaque de polvo con tornillo sin fin puede empaquetar art\u00edculos de 1 kg a 3 kg. Diferentes tipos de m\u00e1quinas de llenado y sellado de polvo tienen diferentes caracter\u00edsticas y precios, y la elecci\u00f3n debe hacerse completamente de acuerdo con la situaci\u00f3n real de su proyecto. Adem\u00e1s, varias m\u00e1quinas manuales de llenado de polvo de bajo costo est\u00e1n disponibles en Taizy Packaging Machinery LTD. \u00bfInteresado? Deje sus requisitos detallados para soluciones excelentes de empaque de bolsas de polvo seco. <\/p>    <h2 class=\"wp-block-heading\" id=\"h-small-powder-sachet-packaging-machine-for-sale\">M\u00e1quina envasadora de bolsitas de polvo peque\u00f1as a la venta <\/h2>    <p>La m\u00e1quina envasadora de polvo peque\u00f1a se puede dividir en tres tipos: tipo de tornillo de empuje directo, tipo de tornillo de empuje oblicuo y tipo de tornillo de empuje plano. El sistema de alimentaci\u00f3n es totalmente diferente al de la envasadora de granulado. Es adecuado para envasar leche en polvo, harina, condimentos en polvo, medicamentos veterinarios, aditivos y muchos otros alimentos en polvo. Con un tama\u00f1o peque\u00f1o y un precio asequible, esta peque\u00f1a m\u00e1quina llenadora y selladora de polvo de forma vertical es ideal para su peque\u00f1a empresa. Peque\u00f1a inversi\u00f3n y gran retorno. <\/p>    <figure class=\"wp-block-image size-full\"><img decoding=\"async\" src=\"https:\/\/taizypackaging.com\/wp-content\/uploads\/2020\/08\/powder-pouch-packing-machine-3.jpg\" alt=\"empaquetadora de bolsas de polvo\" class=\"wp-image-4889\"\/><figcaption class=\"wp-element-caption\">empaquetadora de bolsas de polvo<\/figcaption><\/figure>    <h2 class=\"wp-block-heading\" id=\"h-technical-parameters\">Par\u00e1metros t\u00e9cnicos de la m\u00e1quina de polvo VFFS peque\u00f1a<\/h2>    <figure class=\"wp-block-table\"><table><tbody><tr><td>Paquete<\/td><td>Sellado posterior, Sellado de 3 lados, Sellado de 4 lados<\/td><\/tr><tr><td>Velocidad de embalaje<\/td><td>24-60 bolsas\/minuto<\/td><\/tr><tr><td>longitud del saco<\/td><td>30-180 mm<\/td><\/tr><tr><td>Ancho de la bolsa<\/td><td>25-145 mm<\/td><\/tr><tr><td>Rango de pesaje<\/td><td>0,5-3 ml, 3-10 ml, 10-60 ml, 40-220 ml<\/td><\/tr><tr><td>Fuerza<\/td><td>2,2 KW<\/td><\/tr><tr><td>Peso<\/td><td>280 kg<\/td><\/tr><tr><td>Tama\u00f1o<\/td><td>650*1050*1950mm<\/td><\/tr><tr><td>Tama\u00f1o del cart\u00f3n<\/td><td>1100*750*1820mm<\/td><\/tr><\/tbody><\/table><\/figure>    <h2 class=\"wp-block-heading\" id=\"1kg-to-3kg-automatic-powder-packing-machine-for-sale\">M\u00e1quina envasadora autom\u00e1tica de polvo de 1 kg a 3 kg a la venta<\/h2>    <p class=\"translation-block\">La m\u00e1quina autom\u00e1tica de empaque de polvo de 1 kg a 3 kg es extremadamente adecuada para proyectos que tienen una alta demanda de producci\u00f3n. Puede completar autom\u00e1ticamente el proceso de alimentaci\u00f3n, pesaje, llenado, sellado, corte y codificaci\u00f3n. Para ser honesto, esta <a href=\"https:\/\/taizypackaging.com\/es\/automatic-powder-packaging-machine-for-10g-3000g\/\">m\u00e1quina autom\u00e1tica de empaque de polvo de 1 kg -3 kg<\/a> es muy eficiente y ahorradora de costos. Si su f\u00e1brica o proyecto tiene una alta demanda de producci\u00f3n, este equipo de empaque de polvo es ideal para usted. Bienvenido a contactarnos para la mejor lista de precios.  <\/p>    <figure class=\"wp-block-image size-full\"><img loading=\"lazy\" decoding=\"async\" width=\"600\" height=\"450\" src=\"https:\/\/taizypackaging.com\/wp-content\/uploads\/2020\/08\/automatic-large-powder-packing-machine.jpg\" alt=\"empaquetadora autom\u00e1tica de polvo grande\" class=\"wp-image-3257\" srcset=\"https:\/\/taizypackaging.com\/wp-content\/uploads\/2020\/08\/automatic-large-powder-packing-machine.jpg 600w, https:\/\/taizypackaging.com\/wp-content\/uploads\/2020\/08\/automatic-large-powder-packing-machine-300x225.jpg 300w\" sizes=\"auto, (max-width: 600px) 100vw, 600px\" \/><figcaption class=\"wp-element-caption\">empaquetadora autom\u00e1tica de polvo grande<\/figcaption><\/figure>    <h2 class=\"wp-block-heading\" id=\"h-what-is-a-powder-packing-machine\">\u00bfQu\u00e9 es una m\u00e1quina envasadora de polvo? <\/h2>    <p>La m\u00e1quina envasadora de polvo est\u00e1 dise\u00f1ada para envasar productos en polvo seco que son dif\u00edciles de transportar manualmente. Una m\u00e1quina envasadora autom\u00e1tica de polvo consta de un sistema de llenado y un sistema de sellado. Y una m\u00e1quina llenadora de polvo semiautom\u00e1tica se compone principalmente de un sistema transportador, elevadores, etc. Tiene una estructura simple en comparaci\u00f3n con una m\u00e1quina empacadora autom\u00e1tica. Su mayor ventaja es que la m\u00e1quina envasadora de polvo puede generarle ganancias r\u00e1pidamente. <\/p>    <h2 class=\"wp-block-heading\" id=\"h-applications-of-automatic-powder-filling-sealing-machine\">Aplicaciones de la m\u00e1quina autom\u00e1tica de llenado y sellado de polvo<\/h2>    <p>La m\u00e1quina envasadora autom\u00e1tica de polvo se utiliza ampliamente en la industria alimentaria y qu\u00edmica. Puede envasar todo tipo de materiales en polvo seco, como detergente en polvo, chile en polvo, caf\u00e9 en polvo, t\u00e9 en polvo, leche en polvo, harina, masala, detergente en polvo, especias en polvo, jengibre en polvo, c\u00farcuma en polvo, curry en polvo, cacao en polvo, nutrici\u00f3n. polvo, hierba en polvo, etc. Como fabricante y proveedor l\u00edder de equipos de envasado de polvo, brindamos un s\u00f3lido servicio personalizado que se adapta a sus necesidades espec\u00edficas. Bienvenido a ponerse en contacto con nosotros para obtener la mejor soluci\u00f3n de envasado de polvo. <\/p>    <figure class=\"wp-block-image size-full\"><img decoding=\"async\" src=\"https:\/\/taizypackaging.com\/wp-content\/uploads\/2020\/08\/dry-powder-items-1.jpg\" alt=\"art\u00edculos en polvo seco\" class=\"wp-image-3269\"\/><figcaption class=\"wp-element-caption\">art\u00edculos en polvo seco<\/figcaption><\/figure>    <h3 class=\"wp-block-heading\" id=\"h-how-to-choose-a-suitable-powder-packaging-machine\">\u00bfC\u00f3mo elegir una m\u00e1quina envasadora de polvo adecuada? <\/h3>    <p>El peso de una sola bolsa de la m\u00e1quina empacadora de polvo oblicua puede ser de hasta 80 gramos, lo que es adecuado para polvo sin polvo volador. La m\u00e1quina empacadora de polvo de empuje directo y la m\u00e1quina empacadora de polvo de empuje plano pueden envasar cualquier polvo, pero el peso de una sola bolsa de empuje directo puede ser de 1 kg y el peso de una sola bolsa de empuje plano puede ser de hasta 200 gramos. . El embalaje puede ser un sello posterior, un sello de tres lados y un sello de cuatro lados. Las diferentes demandas de producci\u00f3n y presupuestos requieren diferentes m\u00e1quinas llenadoras y selladoras de polvo. Si a\u00fan tiene dudas sobre qu\u00e9 m\u00e1quina comprar, env\u00edenos un correo electr\u00f3nico o simplemente ll\u00e1menos para recibir ayuda profesional de nuestros expertos. <\/p>    <figure class=\"wp-block-image size-full\"><img decoding=\"async\" src=\"https:\/\/taizypackaging.com\/wp-content\/uploads\/2020\/08\/powder-packing-machine-structure.jpg\" alt=\"estructura de la m\u00e1quina envasadora de polvo\" class=\"wp-image-4043\"\/><figcaption class=\"wp-element-caption\">estructura de la m\u00e1quina envasadora de polvo<\/figcaption><\/figure>    <h2 class=\"wp-block-heading\" id=\"h-weighing-methods-and-sealing-methods\">M\u00e9todos de pesaje y m\u00e9todos de sellado<\/h2>    <p class=\"translation-block\"><strong>M\u00e9todos de pesaje: <\/strong>La m\u00e1quina de empaque de bolsas de polvo puede pesarse seg\u00fan la velocidad del tornillo. El tornillo puede rotar a 180 grados, 270 grados y 360 grados.<\/p>    <p class=\"translation-block\"><strong>M\u00e9todos de sellado:<\/strong> La m\u00e1quina de empaque de polvo puede ser de sellado trasero, sellado de tres lados y sellado de cuatro lados.<\/p>    <figure class=\"wp-block-image size-large\"> <\/figure>    <figure class=\"wp-block-image alignnone wp-image-833 size-full\"><img decoding=\"async\" src=\"https:\/\/taizypackaging.com\/wp-content\/uploads\/2020\/08\/powder-packing.jpg\" alt=\"embalaje de polvo\" class=\"wp-image-833\"\/><figcaption class=\"wp-element-caption\">embalaje de polvo<\/figcaption><\/figure>    <figcaption>Estilo de embalaje: sellado posterior, sellado de tres lados, sellado de cuatro lados<\/figcaption>    <p class=\"translation-block\"><strong>Dispositivos opcionales:<\/strong> dispositivo de empaque continuo, dispositivo de inflado, dispositivo de codificaci\u00f3n.<\/p>    <h2 class=\"wp-block-heading\" id=\"h-features-of-dry-powder-packing-machine\">Caracter\u00edsticas de la m\u00e1quina empacadora de polvo seco<\/h2>    <p>El tornillo est\u00e1 hecho de acero inoxidable, especialmente fabricado y soldado manualmente. Tiene una estructura simple y un dise\u00f1o razonable, por lo que es muy f\u00e1cil de operar, instalar y mantener. Adem\u00e1s, adoptamos sistemas de control PLC por computadora inteligentes y varios idiomas disponibles. Y nuestro equipo de envasado de polvo tiene las caracter\u00edsticas de alta calidad, velocidad r\u00e1pida, alta eficiencia y precisi\u00f3n. <\/p>    <figure class=\"wp-block-image size-large\"><img decoding=\"async\" src=\"https:\/\/taizypackaging.com\/wp-content\/uploads\/2020\/08\/Screw-Details.jpg\" alt=\"tornillo de barrena\" class=\"wp-image-214\"\/><figcaption class=\"wp-element-caption\">tornillo de barrena <\/figcaption><\/figure>    <h2 class=\"wp-block-heading\" id=\"h-f-q\">Preguntas y respuestas<\/h2>   <div id=\"rank-math-faq\" class=\"rank-math-block\"> <div class=\"rank-math-list\"> <div id=\"faq-question-1670912527427\" class=\"rank-math-list-item\"> <h3 class=\"rank-math-question\"><strong>1. \u00bfQu\u00e9 materiales se utilizan en la m\u00e1quina envasadora de polvo?<\/strong><\/h3> <div class=\"rank-math-answer\">  <p>Toda la m\u00e1quina est\u00e1 fabricada en acero inoxidable y la parte en contacto con el material es de acero inoxidable 304.<\/p>  <\/div> <\/div> <div id=\"faq-question-1670912533380\" class=\"rank-math-list-item\"> <h3 class=\"rank-math-question\"><strong>2. \u00bfEsta m\u00e1quina est\u00e1 equipada con un cursor?<\/strong><\/h3> <div class=\"rank-math-answer\">  <p>S\u00ed, lo es. Ha sido instalado en la f\u00e1brica.<\/p>  <\/div> <\/div> <div id=\"faq-question-1670912543772\" class=\"rank-math-list-item\"> <h3 class=\"rank-math-question\"><strong>3. \u00bfEs ajustable el peso del embalaje?<\/strong><\/h3> <div class=\"rank-math-answer\">  <p>S\u00ed puede. Si desea ajustar el rango de 1 a 10 gramos, puede ajustar la velocidad del tornillo para completar el ajuste del peso.<\/p>  <\/div> <\/div> <div id=\"faq-question-1670912557028\" class=\"rank-math-list-item\"> <h3 class=\"rank-math-question\"><strong>4. \u00bfPueden proporcionar una pel\u00edcula de embalaje?<\/strong><\/h3> <div class=\"rank-math-answer\">  <p>Si podemos. Pero debe indicarnos sus requisitos de embalaje.<\/p>  <\/div> <\/div> <\/div> <\/div>   <h2 class=\"wp-block-heading\" id=\"h-customer-case\">Caso del cliente<\/h2>    <p class=\"translation-block\">Actualmente, hemos vendido peque\u00f1as m\u00e1quinas de empaque de especias, <a href=\"https:\/\/taizypackaging.com\/es\/powder-detergent-packaging-machine\/\">m\u00e1quina de empaque de detergente en polvo<\/a>, m\u00e1quina de empaque de polvo de chile, m\u00e1quina de empaque de detergente en polvo, <a href=\"https:\/\/taizypackaging.com\/es\/milk-powder-packing-machine\/\">m\u00e1quina de empaque de leche en polvo<\/a>, m\u00e1quina de empaque de bolsas de especias, m\u00e1quina de empaque de polvo de especias a Nepal, M\u00e9xico, Libia, Congo, Botswana, Reino Unido, Sri Lanka, Arabia Saudita, Canad\u00e1, Nigeria y muchos otros pa\u00edses.<\/p>    <p>Si desea conocer el precio de la m\u00e1quina empacadora de polvo, cont\u00e1ctenos y le brindaremos soluciones de empaque de inmediato.<\/p>    <figure class=\"wp-block-image size-full\"><img decoding=\"async\" src=\"https:\/\/taizypackaging.com\/wp-content\/uploads\/2020\/08\/powder-packaging-machine-factory.jpg\" alt=\"f\u00e1brica de m\u00e1quinas envasadoras de polvo\" class=\"wp-image-4044\"\/><figcaption class=\"wp-element-caption\">f\u00e1brica de m\u00e1quinas envasadoras de polvo<\/figcaption><\/figure>    <h2 class=\"wp-block-heading\" id=\"h-get-in-touch-with-us-today\">\u00a1P\u00f3ngase en contacto con nosotros hoy!<\/h2>    <p>La m\u00e1quina envasadora de polvo es muy importante para la industria qu\u00edmica y alimentaria. Puede mejorar enormemente su productividad y ahorrar costos laborales. Sus principales ventajas son la alta eficiencia, el funcionamiento autom\u00e1tico y el alto rendimiento. Taizy Packaging Machinery LTD tiene una capacidad bastante s\u00f3lida para proporcionar soluciones de envasado de polvo est\u00e1ndar y personalizadas. Adem\u00e1s, contamos con personal capacitado para garantizar la entrega r\u00e1pida y la alta calidad de nuestras m\u00e1quinas. Deje sus requisitos, le enviaremos detalles o cotizaciones gratuitas lo antes posible. <\/p>    <p>&nbsp;<\/p>","protected":false},"excerpt":{"rendered":"<p>Una m\u00e1quina envasadora de polvo es un tipo de m\u00e1quina que se utiliza para llenar y sellar bolsas o contenedores con materiales en polvo. es adecuado para envasar harina, caf\u00e9 en polvo, detergente en polvo, chile en polvo, masala en polvo, curry en polvo, leche en polvo, etc.<\/p>","protected":false},"author":1,"featured_media":4889,"parent":0,"template":"","tags":[161,190,283,360,387,409,450],"product-type":[660],"class_list":["post-208","product","type-product","status-publish","has-post-thumbnail","hentry","tag-flour","tag-ginger-powder","tag-milk-powder","tag-plantain-flour-packaging-machine","tag-red-chili-powder","tag-seasoning-powder","tag-strarch","product-type-powder-packing-machines"],"_links":{"self":[{"href":"https:\/\/taizypackaging.com\/es\/wp-json\/wp\/v2\/product\/208","targetHints":{"allow":["GET"]}}],"collection":[{"href":"https:\/\/taizypackaging.com\/es\/wp-json\/wp\/v2\/product"}],"about":[{"href":"https:\/\/taizypackaging.com\/es\/wp-json\/wp\/v2\/types\/product"}],"author":[{"embeddable":true,"href":"https:\/\/taizypackaging.com\/es\/wp-json\/wp\/v2\/users\/1"}],"wp:featuredmedia":[{"embeddable":true,"href":"https:\/\/taizypackaging.com\/es\/wp-json\/wp\/v2\/media\/4889"}],"wp:attachment":[{"href":"https:\/\/taizypackaging.com\/es\/wp-json\/wp\/v2\/media?parent=208"}],"wp:term":[{"taxonomy":"post_tag","embeddable":true,"href":"https:\/\/taizypackaging.com\/es\/wp-json\/wp\/v2\/tags?post=208"},{"taxonomy":"product-type","embeddable":true,"href":"https:\/\/taizypackaging.com\/es\/wp-json\/wp\/v2\/product-type?post=208"}],"curies":[{"name":"wp","href":"https:\/\/api.w.org\/{rel}","templated":true}]}}