{"id":2087,"date":"2021-06-07T10:34:19","date_gmt":"2021-06-07T10:34:19","guid":{"rendered":"https:\/\/taizypackaging.com\/?p=2087"},"modified":"2024-07-16T17:44:13","modified_gmt":"2024-07-16T09:44:13","slug":"automatic-liquid-filling-machine","status":"publish","type":"product","link":"https:\/\/taizypackaging.com\/es\/automatic-liquid-filling-machine\/","title":{"rendered":"M\u00e1quina autom\u00e1tica de llenado de l\u00edquidos"},"content":{"rendered":"<div class=\"kk-star-ratings kksr-auto kksr-align-left kksr-valign-top\"     data-payload='{&quot;align&quot;:&quot;left&quot;,&quot;id&quot;:&quot;2087&quot;,&quot;slug&quot;:&quot;default&quot;,&quot;valign&quot;:&quot;top&quot;,&quot;ignore&quot;:&quot;&quot;,&quot;reference&quot;:&quot;auto&quot;,&quot;class&quot;:&quot;&quot;,&quot;count&quot;:&quot;7&quot;,&quot;legendonly&quot;:&quot;&quot;,&quot;readonly&quot;:&quot;&quot;,&quot;score&quot;:&quot;4.6&quot;,&quot;starsonly&quot;:&quot;&quot;,&quot;best&quot;:&quot;5&quot;,&quot;gap&quot;:&quot;5&quot;,&quot;greet&quot;:&quot;Rate this product&quot;,&quot;legend&quot;:&quot;4.6\\\/5 - (7 votos)&quot;,&quot;size&quot;:&quot;24&quot;,&quot;title&quot;:&quot;Automatic Liquid Filling Machine&quot;,&quot;width&quot;:&quot;130.9&quot;,&quot;_legend&quot;:&quot;{score}\\\/{best} - ({count} {votes})&quot;,&quot;font_factor&quot;:&quot;1.25&quot;}'>              <div class=\"kksr-stars\">      <div class=\"kksr-stars-inactive\">             <div class=\"kksr-star\" data-star=\"1\" style=\"padding-right: 5px\">               <div class=\"kksr-icon\" style=\"width: 24px; height: 24px;\"><\/div>         <\/div>             <div class=\"kksr-star\" data-star=\"2\" style=\"padding-right: 5px\">               <div class=\"kksr-icon\" style=\"width: 24px; height: 24px;\"><\/div>         <\/div>             <div class=\"kksr-star\" data-star=\"3\" style=\"padding-right: 5px\">               <div class=\"kksr-icon\" style=\"width: 24px; height: 24px;\"><\/div>         <\/div>             <div class=\"kksr-star\" data-star=\"4\" style=\"padding-right: 5px\">               <div class=\"kksr-icon\" style=\"width: 24px; height: 24px;\"><\/div>         <\/div>             <div class=\"kksr-star\" data-star=\"5\" style=\"padding-right: 5px\">               <div class=\"kksr-icon\" style=\"width: 24px; height: 24px;\"><\/div>         <\/div>     <\/div>      <div class=\"kksr-stars-active\" style=\"width: 130.9px;\">             <div class=\"kksr-star\" style=\"padding-right: 5px\">               <div class=\"kksr-icon\" style=\"width: 24px; height: 24px;\"><\/div>         <\/div>             <div class=\"kksr-star\" style=\"padding-right: 5px\">               <div class=\"kksr-icon\" style=\"width: 24px; height: 24px;\"><\/div>         <\/div>             <div class=\"kksr-star\" style=\"padding-right: 5px\">               <div class=\"kksr-icon\" style=\"width: 24px; height: 24px;\"><\/div>         <\/div>             <div class=\"kksr-star\" style=\"padding-right: 5px\">               <div class=\"kksr-icon\" style=\"width: 24px; height: 24px;\"><\/div>         <\/div>             <div class=\"kksr-star\" style=\"padding-right: 5px\">               <div class=\"kksr-icon\" style=\"width: 24px; height: 24px;\"><\/div>         <\/div>     <\/div> <\/div>                   <div class=\"kksr-legend\" style=\"font-size: 19.2px;\">             4,6\/5 - (7 votos)    <\/div>     <\/div>  <p class=\"translation-block\">La <strong>m\u00e1quina autom\u00e1tica de llenado de l\u00edquidos<\/strong> es ideal para grandes vol\u00famenes de producci\u00f3n. Debido a su alt\u00edsima eficiencia y buen rendimiento. La <strong>m\u00e1quina de llenado de botellas de l\u00edquidos<\/strong> es adecuada para envasar diversos productos l\u00edquidos, como agua, aceite, leche, cerveza, Coca-Cola, champ\u00fa, jab\u00f3n de manos, gel de ducha, etc. Somos un fabricante profesional de m\u00e1quinas de llenado de l\u00edquidos de China con amplia experiencia. Y ofrecemos una excelente <strong>m\u00e1quina de llenado de l\u00edquidos a la venta<\/strong> con entrega r\u00e1pida y precio competitivo. \u00bfQuiere obtener m\u00e1s beneficios o iniciar su nuevo proyecto? Cont\u00e1ctenos para una consulta gratuita. <\/p>   <figure class=\"wp-block-embed-youtube wp-block-embed is-type-video is-provider-youtube wp-embed-aspect-16-9 wp-has-aspect-ratio\"><div class=\"lyte-wrapper fourthree\" title=\"M\u00e1quina llenadora de botellas de PET l\u00edquido de alta velocidad | M\u00e1quina de llenado de boquillas m\u00faltiples para agua, aceite y jugo\" style=\"width:960px;max-width:100%;margin:5px auto;\"><div class=\"lyMe hidef\" id=\"WYL_gcaqrQ2WbqM\" itemprop=\"video\" itemscope itemtype=\"https:\/\/schema.org\/VideoObject\"><div><meta itemprop=\"thumbnailUrl\" content=\"https:\/\/taizypackaging.com\/wp-content\/plugins\/wp-youtube-lyte\/lyteCache.php?origThumbUrl=https%3A%2F%2Fi.ytimg.com%2Fvi%2FgcaqrQ2WbqM%2Fmaxresdefault.jpg\" \/><meta itemprop=\"embedURL\" content=\"https:\/\/www.youtube.com\/embed\/gcaqrQ2WbqM\" \/><meta itemprop=\"duration\" content=\"PT1M36S\" \/><meta itemprop=\"uploadDate\" content=\"2022-03-08T07:30:22Z\" \/><\/div><meta itemprop=\"accessibilityFeature\" content=\"captions\" \/><div id=\"lyte_gcaqrQ2WbqM\" data-src=\"https:\/\/taizypackaging.com\/wp-content\/plugins\/wp-youtube-lyte\/lyteCache.php?origThumbUrl=https%3A%2F%2Fi.ytimg.com%2Fvi%2FgcaqrQ2WbqM%2Fmaxresdefault.jpg\" class=\"pL\"><div class=\"tC\"><div class=\"tT\" itemprop=\"name\">M\u00e1quina llenadora de botellas de PET l\u00edquido de alta velocidad | M\u00e1quina de llenado de boquillas m\u00faltiples para agua, aceite y jugo<\/div><\/div><div class=\"play\"><\/div><div class=\"ctrl\"><div class=\"Lctrl\"><\/div><div class=\"Rctrl\"><\/div><\/div><\/div><noscript><a href=\"https:\/\/youtu.be\/gcaqrQ2WbqM\" rel=\"nofollow noopener\" target=\"_blank\"><img loading=\"lazy\" decoding=\"async\" src=\"https:\/\/taizypackaging.com\/wp-content\/plugins\/wp-youtube-lyte\/lyteCache.php?origThumbUrl=https%3A%2F%2Fi.ytimg.com%2Fvi%2FgcaqrQ2WbqM%2F0.jpg\" alt=\"M\u00e1quina llenadora de botellas de PET l\u00edquido de alta velocidad | M\u00e1quina de llenado de boquillas m\u00faltiples para agua, aceite y jugo\" width=\"960\" height=\"700\" \/><br \/>Watch this video on YouTube<\/a><\/noscript><meta itemprop=\"description\" content=\"#PETBOTTLEFILLING #bottlefilling #waterfilling Email: info@taizypackaging.com Tel\/ WhatsApp: +86 18837171591 Useful Link: https:\/\/taizypackaging.com\/automatic-liquid-filling-machine\/ This PET bottle filling machine has multi nozzles, and it is suitable for various liquids filling, such as mineral water, pure water, oil, juice, beer, wine, coca-cola, shampoo, hand wash, shower gel, etc. The automatic liquid filling equipment can adopt multiple filling heads\/nozzles to ensure high efficiency. For example, the speed of the 12-head liquid filling machine can reach 3000 bottles\/hour. The adjustable filling speed can meet your different demands. Automatic liquid filling machine mainly consists of these parts, PLC control panel, nozzles, conveyor, baffle plate, photoelectric sensing part, and stainless steel body structure. Besides, this high-efficiency liquid filling machine can work with other machineries to make a complete bottle liquid production line, such as capping machine, labeling machine, etc. You may also like this video about liquid filling machine: Automatic water filling production line: https:\/\/www.youtube.com\/watch?v=wRSdydlCgJM Email: info@taizypackaging.com Tel\/ WhatsApp: +86 18837171591 Useful Link: https:\/\/taizypackaging.com\/automatic-liquid-filling-machine\/\"><\/div><\/div><div class=\"lL\" style=\"max-width:100%;width:960px;margin:5px auto;\"><\/div><figcaption><\/figcaption><\/figure>   <h2 class=\"wp-block-heading\" id=\"what-is-automatic-liquid-filling-machine\">\u00bfQu\u00e9 es la m\u00e1quina llenadora autom\u00e1tica de l\u00edquidos? <\/h2>    <p class=\"translation-block\">La m\u00e1quina autom\u00e1tica de llenado de botellas de l\u00edquidos se utiliza ampliamente en las industrias de alimentos y bebidas y qu\u00edmica. Es un equipo esencial para muchas f\u00e1bricas. Las botellas o latas se transportan en la cinta transportadora y se llenan de l\u00edquido a trav\u00e9s de boquillas. Las m\u00e1quinas de llenado de l\u00edquidos tienen varios tipos, como m\u00e1quinas manuales de llenado de l\u00edquidos, <a href=\"https:\/\/taizypackaging.com\/es\/semi-automatic-liquid-filling-machine\/\">m\u00e1quinas semiautom\u00e1ticas de llenado de l\u00edquidos<\/a> y m\u00e1quinas autom\u00e1ticas de llenado de l\u00edquidos. El equipo autom\u00e1tico de llenado de l\u00edquidos puede adoptar m\u00faltiples cabezales\/boquillas de llenado para garantizar una alta eficiencia. Por ejemplo, la velocidad de la m\u00e1quina de llenado de l\u00edquidos de 12 cabezales puede alcanzar las 3000 botellas\/hora. La velocidad de llenado ajustable puede satisfacer sus diferentes demandas. Y las boquillas de altura ajustable son adecuadas para diferentes tipos de botellas. <\/p>    <figure class=\"wp-block-image size-full\"><img decoding=\"async\" src=\"https:\/\/taizypackaging.com\/wp-content\/uploads\/2021\/01\/liquid-bottle-filling-machine.jpg\" alt=\"m\u00e1quina de llenado de botellas de l\u00edquido\" class=\"wp-image-3448\"\/><figcaption class=\"wp-element-caption\">m\u00e1quina de llenado de botellas de l\u00edquido<\/figcaption><\/figure>    <h2 class=\"wp-block-heading\" id=\"h-application-range-of-automatic-liquid-filling-machine\">Amplias aplicaciones de la m\u00e1quina llenadora autom\u00e1tica de l\u00edquidos.<\/h2>    <p id=\"h-application-range-of-automatic-liquid-filling-machine\" class=\"translation-block\">La m\u00e1quina autom\u00e1tica de llenado de l\u00edquidos es adecuada para llenar diversos productos l\u00edquidos con buena fluidez. Puede llenar agua pura, agua mineral, cosm\u00e9ticos, cerveza, vino, vinagre, licores, alcohol, l\u00edquidos orales, aceite de oliva, bebidas, zumos, agua con gas, l\u00edquido detergente, etc. Si el l\u00edquido es demasiado viscoso, como la miel, necesita usar una <a rel=\"noreferrer noopener\" href=\"https:\/\/taizypackaging.com\/es\/fully-automatic-paste-filling-machine-for-100-5000ml\/\" target=\"_blank\">m\u00e1quina de llenado de pastas<\/a> para llenarlo. Adem\u00e1s, la m\u00e1quina de llenado tiene una amplia aplicaci\u00f3n en muchas \u00e1reas. Por ejemplo, aceite de cacahuete, champ\u00fa, gel de ducha, que son comunes en la vida diaria. Incluso algunas industrias especiales, como la medicina, pesticidas, \u00e1cido sulf\u00farico y otros productos, pueden utilizar m\u00e1quinas de llenado. <\/p>    <figure class=\"wp-block-image size-large\"><img loading=\"lazy\" decoding=\"async\" width=\"720\" height=\"492\" src=\"https:\/\/taizypackaging.com\/wp-content\/uploads\/2021\/06\/application.jpg\" alt=\"solicitud\" class=\"wp-image-2112\" srcset=\"https:\/\/taizypackaging.com\/wp-content\/uploads\/2021\/06\/application.jpg 720w, https:\/\/taizypackaging.com\/wp-content\/uploads\/2021\/06\/application-300x205.jpg 300w\" sizes=\"auto, (max-width: 720px) 100vw, 720px\" \/><figcaption class=\"wp-element-caption\">aplicaciones de m\u00e1quinas autom\u00e1ticas de llenado de l\u00edquidos<\/figcaption><\/figure>    <h2 class=\"wp-block-heading\" id=\"h-machine-parameters\">Par\u00e1metros de la m\u00e1quina llenadora autom\u00e1tica de l\u00edquidos.<\/h2>    <figure class=\"wp-block-table is-style-stripes\"><table><tbody><tr><td>Tipo de embalaje<\/td><td>botella<\/td><\/tr><tr><td>Volumen de llenado<\/td><td>100-1000 ml (ser personalizable)<\/td><\/tr><tr><td>Precisi\u00f3n de llenado<\/td><td>0.1%<\/td><\/tr><tr><td>Tipo de material<\/td><td>L\u00edquido, pasta, coloide, material viscoso.<\/td><\/tr><tr><td>Capacidad de producci\u00f3n<\/td><td>1200-2000 botellas\/hora<\/td><\/tr><tr><td>Dimensiones<\/td><td>8000*1500*2000<\/td><\/tr><\/tbody><\/table><\/figure>    <h2 class=\"wp-block-heading\" id=\"h-machine-structure\">Sistema autom\u00e1tico de llenado de l\u00edquidos. <\/h2>    <p>La m\u00e1quina llenadora autom\u00e1tica de l\u00edquidos consta principalmente de estas piezas, panel de control PLC, boquillas, transportador, placa deflectora, pieza de detecci\u00f3n fotoel\u00e9ctrica y estructura de cuerpo de acero inoxidable. Toda la m\u00e1quina tiene un sistema simple y un dise\u00f1o razonable, adem\u00e1s, un sistema de control PLC la hace muy f\u00e1cil de operar y mantener. Mientras tanto, un motor de marca famosa y un cuerpo de acero inoxidable lo hacen duradero y tiene una larga vida \u00fatil. Adem\u00e1s, puede equiparse con una m\u00e1quina taponadora y una m\u00e1quina etiquetadora para satisfacer sus necesidades adicionales. <\/p>    <figure class=\"wp-block-image size-large\"><img decoding=\"async\" src=\"https:\/\/taizypackaging.com\/wp-content\/uploads\/2021\/06\/structure-of-liquid-filling-machine.jpg\" alt=\"estructura de la m\u00e1quina llenadora de l\u00edquidos\" class=\"wp-image-2113\"\/><figcaption class=\"wp-element-caption\">estructura autom\u00e1tica de la m\u00e1quina de llenado de l\u00edquidos<\/figcaption><\/figure>    <h2 class=\"wp-block-heading\" id=\"h-workflow-of-automatic-bottle-filling-machine\">Flujo de trabajo de la m\u00e1quina llenadora autom\u00e1tica de botellas.<\/h2>    <p>Para lograr el efecto de vinculaci\u00f3n, la m\u00e1quina autom\u00e1tica de llenado de l\u00edquidos debe ser impulsada por un mecanismo de transmisi\u00f3n. Esto permite que varias partes trabajen en coordinaci\u00f3n entre s\u00ed.<\/p>    <p>En primer lugar, coloque las botellas originales en la cinta transportadora. Cuando la botella ingresa a la cinta transportadora, puede detectar un sensor de infrarrojos y terminar de llenarse. Las botellas llenas con el material se transportan sobre una cinta transportadora. La m\u00e1quina llenadora autom\u00e1tica deja de llenar cuando alcanza el peso especificado, que tiene un alto grado de automatizaci\u00f3n. Y luego finaliza el proceso de llenado de l\u00edquido. <\/p>    <h2 class=\"wp-block-heading\" id=\"h-automatic-bottle-filling-machine-details\">Detalles de la m\u00e1quina llenadora autom\u00e1tica de botellas de l\u00edquidos<\/h2>    <p class=\"translation-block\">1. <strong>Cinta transportadora:<\/strong> El ancho de banda de alimentaci\u00f3n y transporte es de 101 mm. Y se puede personalizar a 154 mm para diferentes botellas.<\/p>    <p class=\"translation-block\">2. <strong>Man\u00f3metro:<\/strong> Conectado a un compresor de aire para detectar la presi\u00f3n del aire en tiempo real.<\/p>    <p class=\"translation-block\">3. <strong>Pantalla t\u00e1ctil:<\/strong> Es muy conveniente para configurar y ajustar los par\u00e1metros de la m\u00e1quina.<\/p>    <p class=\"translation-block\">4. <strong>Equipo de detecci\u00f3n fotoel\u00e9ctrica:<\/strong> Puede detectar el n\u00famero y la posici\u00f3n de las botellas para completar el llenado preciso de l\u00edquidos.<\/p>    <figure class=\"wp-block-image size-large\"><img decoding=\"async\" src=\"https:\/\/taizypackaging.com\/wp-content\/uploads\/2021\/06\/machine-details-2.jpg\" alt=\"Detalles de la m\u00e1quina llenadora de botellas de l\u00edquido\" class=\"wp-image-2175\"\/><figcaption class=\"wp-element-caption\">Detalles de la m\u00e1quina llenadora de botellas de l\u00edquido<\/figcaption><\/figure>    <h2 class=\"wp-block-heading\" id=\"h-classification-and-functions-of-filling-heads\">Clasificaci\u00f3n y funciones de los cabezales\/boquillas de llenado.<\/h2>    <h3 class=\"wp-block-heading\" id=\"h-1-classification\">1. Clasificaci\u00f3n de cabezales autom\u00e1ticos de llenado de l\u00edquidos.<\/h3>    <p>Hay dos tipos de cabezales de llenado para m\u00e1quinas llenadoras de l\u00edquidos totalmente autom\u00e1ticas: cabezales de llenado ordinarios y cabezales de llenado largos.<\/p>    <p>Los cabezales de llenado convencionales pueden llenar materiales casi l\u00edquidos. El cabezal largo enlatado es adecuado para l\u00edquidos que tienden a formar espuma. El cabezal de llenado se puede insertar directamente en la botella para evitar que la espuma se abulte en la boca de la botella y afecte el sellado.<\/p>    <figure class=\"wp-block-gallery has-nested-images columns-default is-cropped wp-block-gallery-2 is-layout-flex wp-block-gallery-is-layout-flex\"> <figure class=\"wp-block-image size-large\"><img decoding=\"async\" data-id=\"2117\" src=\"https:\/\/taizypackaging.com\/wp-content\/uploads\/2021\/06\/long-filling-heads.jpg\" alt=\"cabezales de llenado largos\" class=\"wp-image-2117\"\/><figcaption class=\"wp-element-caption\">cabezales de llenado extendidos<\/figcaption><\/figure>    <figure class=\"wp-block-image size-large\"><img decoding=\"async\" data-id=\"2118\" src=\"https:\/\/taizypackaging.com\/wp-content\/uploads\/2021\/06\/ordinary-filling-heads.jpg\" alt=\"cabezales de llenado ordinarios\" class=\"wp-image-2118\"\/><figcaption class=\"wp-element-caption\">cabezales de llenado ordinarios<\/figcaption><\/figure> <\/figure>    <h3 class=\"wp-block-heading\" id=\"h-2-filling-pump-model\">2. Modelos de bomba de llenado de m\u00e1quina llenadora autom\u00e1tica de l\u00edquidos<\/h3>    <p>Bomba de llenado modelo uno: 10-100ml<\/p>    <p>Bomba de llenado modelo dos: 50-500ml<\/p>    <p>Bomba de llenado modelo tres: 100-1000ml<\/p>    <p>Bomba de llenado modelo cuatro: 500-3000ml<\/p>    <p>Bomba de llenado modelo cinco: 1000-5000ml<\/p>    <h3 class=\"wp-block-heading\" id=\"h-3-addition\">3. Informaci\u00f3n adicional <\/h3>    <ul class=\"wp-block-list\"> <li>El n\u00famero m\u00ednimo de cabezales de llenado es una m\u00e1quina llenadora de l\u00edquidos de dos cabezales. El n\u00famero de cabezales de llenado se puede personalizar.<\/li>    <li>El cabezal de llenado se mueve autom\u00e1ticamente seg\u00fan el volumen de llenado del material. Con dispositivo antigoteo, puede prevenir eficazmente el desperdicio de materiales.<\/li> <\/ul>    <h2 class=\"wp-block-heading\" id=\"h-working-principle-of-automatic-liquid-filling-machine\">Principio de funcionamiento del equipo autom\u00e1tico de llenado de l\u00edquidos.<\/h2>    <p>1. El llenado de l\u00edquido de flujo directo adopta el m\u00e9todo de llenado de sincronizaci\u00f3n de corriente constante. Bajo la condici\u00f3n de cierta presi\u00f3n de nivel de l\u00edquido, el volumen de llenado se puede controlar ajustando el tiempo de llenado.<\/p>    <p>2. Cuando la botella entre en la correa de transmisi\u00f3n, pasar\u00e1 el sensor de infrarrojos. Durante este per\u00edodo, el clasificador seguir\u00e1 organizando el trabajo. Despu\u00e9s de que las botellas detectan el sensor de infrarrojos y terminan de llenarse, las botellas que est\u00e1n atrapadas fuera del sensor de infrarrojos se liberan gradualmente a la cinta transportadora. Esta m\u00e1quina no puede embotellar ning\u00fan trabajo y evitar el desperdicio de recursos.<\/p>    <p>3. Cuando el relleno alcance el peso especificado, dejar\u00e1 de llenarse. Y algunos rellenos estar\u00e1n equipados con un sistema de succi\u00f3n. La m\u00e1quina llenadora de l\u00edquidos es altamente autom\u00e1tica.<\/p>    <p>4 Cada cabezal de la m\u00e1quina llenadora de l\u00edquidos se puede controlar y controlar individualmente cuando solo se requieren cabezales de enlatado individuales para trabajar en circunstancias especiales.<\/p>    <figure class=\"wp-block-image size-large\"><img decoding=\"async\" src=\"https:\/\/taizypackaging.com\/wp-content\/uploads\/2021\/06\/conveyor-of-automatic-liquid-filling-machine.jpg\" alt=\"Transportador de m\u00e1quina autom\u00e1tica de llenado de l\u00edquidos.\" class=\"wp-image-2124\"\/><figcaption class=\"wp-element-caption\">Transportador autom\u00e1tico de m\u00e1quina de llenado de l\u00edquidos<\/figcaption><\/figure>    <h2 class=\"wp-block-heading\" id=\"h-advantages-of-automatic-liquid-packaging-machine\">Ventajas de la m\u00e1quina autom\u00e1tica de envasado de l\u00edquidos.<\/h2>    <p>1. Adopta llenado de flujo directo. Es adecuado para diversos l\u00edquidos con buenas propiedades de flujo y alta precisi\u00f3n;<\/p>    <p>2. La estructura de la bomba adopta un mecanismo de desmontaje de conexi\u00f3n r\u00e1pida. Es conveniente para la limpieza y desinfecci\u00f3n.<\/p>    <p>3. Tambi\u00e9n podemos instalar un sistema de alimentaci\u00f3n autom\u00e1tica en el equipo seg\u00fan los requisitos del cliente. que puede detener completamente la alimentaci\u00f3n cuando no hay material, alimentaci\u00f3n autom\u00e1tica con material adecuado. Tiene funciones de llenado con botellas, no llenado sin botellas, funci\u00f3n de conteo autom\u00e1tico,<\/p>    <p>4. Adopta un sistema de control PLC y operaci\u00f3n de pantalla t\u00e1ctil a color, lo cual es conveniente, r\u00e1pido y preciso. El ajuste del control num\u00e9rico es muy conveniente y la operaci\u00f3n de trabajo es completamente autom\u00e1tica;<\/p>    <p>5. Es adecuado para botellas con diferentes especificaciones. El proceso de ajuste es sencillo y puede completarse en poco tiempo;<\/p>    <p>6. La superficie del equipo y la superficie de contacto del material est\u00e1n hechas de acero inoxidable 304. Cumple con el est\u00e1ndar nacional GMP.<\/p>    <figure class=\"wp-block-gallery has-nested-images columns-default is-cropped wp-block-gallery-3 is-layout-flex wp-block-gallery-is-layout-flex\"> <figure class=\"wp-block-image size-large\"><img loading=\"lazy\" decoding=\"async\" width=\"720\" height=\"540\" data-id=\"2120\" src=\"https:\/\/taizypackaging.com\/wp-content\/uploads\/2021\/06\/machine-display1.jpg\" alt=\"Vista frontal de la llenadora de botellas de l\u00edquido.\" class=\"wp-image-2120\" srcset=\"https:\/\/taizypackaging.com\/wp-content\/uploads\/2021\/06\/machine-display1.jpg 720w, https:\/\/taizypackaging.com\/wp-content\/uploads\/2021\/06\/machine-display1-300x225.jpg 300w\" sizes=\"auto, (max-width: 720px) 100vw, 720px\" \/><figcaption class=\"wp-element-caption\">Vista frontal de la llenadora de botellas de l\u00edquido Taizy<\/figcaption><\/figure>    <figure class=\"wp-block-image size-large\"><img decoding=\"async\" data-id=\"2121\" src=\"https:\/\/taizypackaging.com\/wp-content\/uploads\/2021\/06\/machine-display2.jpg\" alt=\"Vista lateral del llenador de botellas de l\u00edquido.\" class=\"wp-image-2121\"\/><figcaption class=\"wp-element-caption\">Vista lateral de la llenadora de botellas de l\u00edquido Taizy.<\/figcaption><\/figure> <\/figure>    <h2 class=\"wp-block-heading\" id=\"h-precautions-for-using-the-automatic-liquid-filling-machine\">Precauciones para operar la m\u00e1quina llenadora autom\u00e1tica de l\u00edquidos<\/h2>    <p>1. El cilindro de la m\u00e1quina llenadora de l\u00edquidos DC ha sido lubricado antes de salir de f\u00e1brica. No abra el cilindro ni agregue aceite lubricante.<\/p>    <p>2. El anillo de sellado en el pist\u00f3n de descarga de la m\u00e1quina llenadora de l\u00edquido y el extremo inferior del cilindro de descarga deben reemplazarse a tiempo despu\u00e9s del desgaste.<\/p>    <p>3. Debes limpiar el filtro y la taza de almacenamiento de agua del separador de vapor y agua de la m\u00e1quina autom\u00e1tica de llenado de l\u00edquido con regularidad. El elemento filtrante debe limpiarse con aceite mineral y luego soplarse con aire comprimido.<\/p>    <p>4. No debes mezclar materias extra\u00f1as con el relleno. De lo contrario, podr\u00eda provocar una descarga imprecisa o da\u00f1os a las piezas de la m\u00e1quina.<\/p>    <p>5. Mantenga el acero inoxidable del cuerpo de la m\u00e1quina liso y limpio. No raspe la superficie con herramientas afiladas o duras. Si est\u00e1 contaminado, l\u00edmpielo con alcohol.<\/p>    <h2 class=\"wp-block-heading\" id=\"h-additional-devices-for-the-automatic-oil-bottle-filling-machine\">Se venden dispositivos adicionales para la m\u00e1quina llenadora autom\u00e1tica de botellas de l\u00edquidos.<\/h2>    <p class=\"translation-block\">Existe una fuerte continuidad entre los equipos de envasado modernos. En <a rel=\"noreferrer noopener\" href=\"https:\/\/taizypackaging.com\/es\/\" target=\"_blank\">Taizy Company<\/a>, la m\u00e1quina autom\u00e1tica de llenado de botellas no solo puede operarse sola. Tambi\u00e9n se puede combinar de forma flexible con m\u00e1quinas de etiquetado, m\u00e1quinas de tapado, m\u00e1quinas de codificaci\u00f3n y otros equipos para formar una l\u00ednea de producci\u00f3n de envasado completamente autom\u00e1tica.<\/p>    <figure class=\"wp-block-image size-large\"><img decoding=\"async\" src=\"https:\/\/taizypackaging.com\/wp-content\/uploads\/2021\/06\/optional-devices.jpg\" alt=\"dispositivos opcionales\" class=\"wp-image-2115\"\/><figcaption class=\"wp-element-caption\">dispositivos opcionales<\/figcaption><\/figure>    <h2 class=\"wp-block-heading\" id=\"get-a-free-quote\">\u00a1Obtenga una cuota gratis!<\/h2>    <p class=\"translation-block\">Con una s\u00f3lida capacidad de investigaci\u00f3n y amplia experiencia, la empresa de maquinaria de envasado Taizy ofrece una gama completa de m\u00e1quinas de llenado de l\u00edquidos a la venta, como m\u00e1quinas de llenado de l\u00edquidos semiautom\u00e1ticas, m\u00e1quinas de llenado de l\u00edquidos manuales y m\u00e1quinas de llenado de l\u00edquidos autom\u00e1ticas al mejor precio. Adem\u00e1s, hay una <a href=\"https:\/\/taizypackaging.com\/es\/liquid-pouch-packing-machine\/\">m\u00e1quina autom\u00e1tica de envasado de l\u00edquidos<\/a> disponible. Si est\u00e1 interesado en estas m\u00e1quinas, cont\u00e1ctenos ahora para obtener una lista de precios gratuita. <\/p>    <figure class=\"wp-block-image size-full\"><img decoding=\"async\" src=\"https:\/\/taizypackaging.com\/wp-content\/uploads\/2021\/06\/liquid-filling-machine-factory.jpg\" alt=\"f\u00e1brica de m\u00e1quinas de llenado de l\u00edquidos\" class=\"wp-image-3721\"\/><figcaption class=\"wp-element-caption\">f\u00e1brica de m\u00e1quinas de llenado de l\u00edquidos<\/figcaption><\/figure>","protected":false},"excerpt":{"rendered":"<p>Automatic liquid filling machine is ideal for large production requirements. Because it has terribly high efficiency and good performance. Liquid bottle filling machine is suitable for packaging various liquid products, such as water, oil, milk, beer, coco-cola, shampoo, hand wash, shower gel, etc. We are a professional liquid filling machine manufacturer from China with rich [&hellip;]<\/p>\n","protected":false},"author":1,"featured_media":2111,"parent":0,"template":"","tags":[75,257],"product-type":[661],"class_list":["post-2087","product","type-product","status-publish","has-post-thumbnail","hentry","tag-bottle-filling-machine","tag-liquid-filling-machine","product-type-liquid-packing-machines"],"_links":{"self":[{"href":"https:\/\/taizypackaging.com\/es\/wp-json\/wp\/v2\/product\/2087","targetHints":{"allow":["GET"]}}],"collection":[{"href":"https:\/\/taizypackaging.com\/es\/wp-json\/wp\/v2\/product"}],"about":[{"href":"https:\/\/taizypackaging.com\/es\/wp-json\/wp\/v2\/types\/product"}],"author":[{"embeddable":true,"href":"https:\/\/taizypackaging.com\/es\/wp-json\/wp\/v2\/users\/1"}],"wp:featuredmedia":[{"embeddable":true,"href":"https:\/\/taizypackaging.com\/es\/wp-json\/wp\/v2\/media\/2111"}],"wp:attachment":[{"href":"https:\/\/taizypackaging.com\/es\/wp-json\/wp\/v2\/media?parent=2087"}],"wp:term":[{"taxonomy":"post_tag","embeddable":true,"href":"https:\/\/taizypackaging.com\/es\/wp-json\/wp\/v2\/tags?post=2087"},{"taxonomy":"product-type","embeddable":true,"href":"https:\/\/taizypackaging.com\/es\/wp-json\/wp\/v2\/product-type?post=2087"}],"curies":[{"name":"wp","href":"https:\/\/api.w.org\/{rel}","templated":true}]}}