{"id":2200,"date":"2021-06-15T01:48:59","date_gmt":"2021-06-15T01:48:59","guid":{"rendered":"https:\/\/taizypackaging.com\/?p=2200"},"modified":"2024-07-17T17:01:45","modified_gmt":"2024-07-17T09:01:45","slug":"semi-automatic-round-bottle-labeling-machine-for-sale","status":"publish","type":"product","link":"https:\/\/taizypackaging.com\/es\/semi-automatic-round-bottle-labeling-machine-for-sale\/","title":{"rendered":"M\u00e1quina etiquetadora de botellas redondas semiautom\u00e1tica"},"content":{"rendered":"<div class=\"kk-star-ratings kksr-auto kksr-align-left kksr-valign-top\"     data-payload='{&quot;align&quot;:&quot;left&quot;,&quot;id&quot;:&quot;2200&quot;,&quot;slug&quot;:&quot;default&quot;,&quot;valign&quot;:&quot;top&quot;,&quot;ignore&quot;:&quot;&quot;,&quot;reference&quot;:&quot;auto&quot;,&quot;class&quot;:&quot;&quot;,&quot;count&quot;:&quot;22&quot;,&quot;legendonly&quot;:&quot;&quot;,&quot;readonly&quot;:&quot;&quot;,&quot;score&quot;:&quot;4.6&quot;,&quot;starsonly&quot;:&quot;&quot;,&quot;best&quot;:&quot;5&quot;,&quot;gap&quot;:&quot;5&quot;,&quot;greet&quot;:&quot;Rate this product&quot;,&quot;legend&quot;:&quot;4.6\\\/5 - (22 votos)&quot;,&quot;size&quot;:&quot;24&quot;,&quot;title&quot;:&quot;Semi Automatic Round Bottle Labeling Machine&quot;,&quot;width&quot;:&quot;130.9&quot;,&quot;_legend&quot;:&quot;{score}\\\/{best} - ({count} {votes})&quot;,&quot;font_factor&quot;:&quot;1.25&quot;}'>              <div class=\"kksr-stars\">      <div class=\"kksr-stars-inactive\">             <div class=\"kksr-star\" data-star=\"1\" style=\"padding-right: 5px\">               <div class=\"kksr-icon\" style=\"width: 24px; height: 24px;\"><\/div>         <\/div>             <div class=\"kksr-star\" data-star=\"2\" style=\"padding-right: 5px\">               <div class=\"kksr-icon\" style=\"width: 24px; height: 24px;\"><\/div>         <\/div>             <div class=\"kksr-star\" data-star=\"3\" style=\"padding-right: 5px\">               <div class=\"kksr-icon\" style=\"width: 24px; height: 24px;\"><\/div>         <\/div>             <div class=\"kksr-star\" data-star=\"4\" style=\"padding-right: 5px\">               <div class=\"kksr-icon\" style=\"width: 24px; height: 24px;\"><\/div>         <\/div>             <div class=\"kksr-star\" data-star=\"5\" style=\"padding-right: 5px\">               <div class=\"kksr-icon\" style=\"width: 24px; height: 24px;\"><\/div>         <\/div>     <\/div>      <div class=\"kksr-stars-active\" style=\"width: 130.9px;\">             <div class=\"kksr-star\" style=\"padding-right: 5px\">               <div class=\"kksr-icon\" style=\"width: 24px; height: 24px;\"><\/div>         <\/div>             <div class=\"kksr-star\" style=\"padding-right: 5px\">               <div class=\"kksr-icon\" style=\"width: 24px; height: 24px;\"><\/div>         <\/div>             <div class=\"kksr-star\" style=\"padding-right: 5px\">               <div class=\"kksr-icon\" style=\"width: 24px; height: 24px;\"><\/div>         <\/div>             <div class=\"kksr-star\" style=\"padding-right: 5px\">               <div class=\"kksr-icon\" style=\"width: 24px; height: 24px;\"><\/div>         <\/div>             <div class=\"kksr-star\" style=\"padding-right: 5px\">               <div class=\"kksr-icon\" style=\"width: 24px; height: 24px;\"><\/div>         <\/div>     <\/div> <\/div>                   <div class=\"kksr-legend\" style=\"font-size: 19.2px;\">             4,6\/5 - (22 votos)    <\/div>     <\/div>  <p class=\"translation-block\">La <strong>m\u00e1quina etiquetadora semiautom\u00e1tica de botellas redondas<\/strong> es una etiquetadora de botellas de sobremesa peque\u00f1a. Tiene un tama\u00f1o muy reducido y bajo coste. Por lo tanto, es port\u00e1til y muy popular para proyectos peque\u00f1os. Adem\u00e1s, la m\u00e1quina etiquetadora semiautom\u00e1tica de botellas redondas tiene una amplia gama de aplicaciones. Se puede aplicar para etiquetar varias botellas de vidrio, botellas de pl\u00e1stico, botellas de metal, latas, frascos, etc. Adem\u00e1s, esta m\u00e1quina etiquetadora de botellas a la venta puede etiquetar 20~40 botellas por minuto. Lo que es s\u00faper eficiente y de alto rendimiento. Como fabricante y exportador de m\u00e1quinas etiquetadoras de renombre en China, ofrecemos excelentes <strong>m\u00e1quinas etiquetadoras manuales de botellas<\/strong> y <strong><a href=\"https:\/\/taizypackaging.com\/es\/round-bottle-labeling-machine\/\">m\u00e1quinas etiquetadoras autom\u00e1ticas de botellas<\/a><\/strong> con buenos precios y entrega r\u00e1pida. Adem\u00e1s, hay disponible una m\u00e1quina etiquetadora de botellas planas. Y admitimos servicio personalizado. Cont\u00e1ctenos hoy para comenzar su negocio. <\/p>   <figure class=\"wp-block-embed-youtube wp-block-embed is-type-video is-provider-youtube wp-embed-aspect-16-9 wp-has-aspect-ratio\"><div class=\"lyte-wrapper fourthree\" title=\"Etiquetadora manual de botellas | Etiquetadora semiautom\u00e1tica de botellas redondas.\" style=\"width:960px;max-width:100%;margin:5px auto;\"><div class=\"lyMe hidef\" id=\"WYL_QKmFg0QAAyg\" itemprop=\"video\" itemscope itemtype=\"https:\/\/schema.org\/VideoObject\"><div><meta itemprop=\"thumbnailUrl\" content=\"https:\/\/taizypackaging.com\/wp-content\/plugins\/wp-youtube-lyte\/lyteCache.php?origThumbUrl=https%3A%2F%2Fi.ytimg.com%2Fvi%2FQKmFg0QAAyg%2Fhqdefault.jpg\" \/><meta itemprop=\"embedURL\" content=\"https:\/\/www.youtube.com\/embed\/QKmFg0QAAyg\" \/><meta itemprop=\"duration\" content=\"PT30S\" \/><meta itemprop=\"uploadDate\" content=\"2021-06-15T01:53:28Z\" \/><\/div><meta itemprop=\"accessibilityFeature\" content=\"captions\" \/><div id=\"lyte_QKmFg0QAAyg\" data-src=\"https:\/\/taizypackaging.com\/wp-content\/plugins\/wp-youtube-lyte\/lyteCache.php?origThumbUrl=https%3A%2F%2Fi.ytimg.com%2Fvi%2FQKmFg0QAAyg%2Fhqdefault.jpg\" class=\"pL\"><div class=\"tC\"><div class=\"tT\" itemprop=\"name\">Etiquetadora manual de botellas | Etiquetadora semiautom\u00e1tica de botellas redondas.<\/div><\/div><div class=\"play\"><\/div><div class=\"ctrl\"><div class=\"Lctrl\"><\/div><div class=\"Rctrl\"><\/div><\/div><\/div><noscript><a href=\"https:\/\/youtu.be\/QKmFg0QAAyg\" rel=\"nofollow noopener\" target=\"_blank\"><img loading=\"lazy\" decoding=\"async\" src=\"https:\/\/taizypackaging.com\/wp-content\/plugins\/wp-youtube-lyte\/lyteCache.php?origThumbUrl=https%3A%2F%2Fi.ytimg.com%2Fvi%2FQKmFg0QAAyg%2F0.jpg\" alt=\"Etiquetadora manual de botellas | Etiquetadora semiautom\u00e1tica de botellas redondas.\" width=\"960\" height=\"700\" \/><br \/>Watch this video on YouTube<\/a><\/noscript><meta itemprop=\"description\" content=\"Whatsapp\/Wechat\/Tel:+86 19139754781 Website: https:\/\/taizypackaging.com\/semi-automatic-round-bottle-labeling-machine-for-sale\/ The manual bottle labeling machine has wide application in labeling various cans, glass bottles, plastic bottles, etc. Because of its mini shape and high-quality performance, it is very popular among customers. A semi-automatic round bottle labeling machine is a piece of ideal equipment for small and medium-sized beverage, food, medicine, and chemical plants. We also have automatic labeling machines such as the automatic positioning round bottle labeling machine and flat labeling machines. You can choose the right labeling machine according to your needs. Whatsapp\/Wechat\/Tel:+86 19139754781 Website: https:\/\/taizypackaging.com\/semi-automatic-round-bottle-labeling-machine-for-sale\/\"><\/div><\/div><div class=\"lL\" style=\"max-width:100%;width:960px;margin:5px auto;\"><\/div><figcaption><\/figcaption><\/figure>   <h2 class=\"wp-block-heading\" id=\"h-introduction-of-semi-automatic-round-bottle-labeling-machine\">\u00bfQu\u00e9 es una m\u00e1quina etiquetadora de botellas? <\/h2>    <p class=\"translation-block\">Una m\u00e1quina etiquetadora de botellas o etiquetadora de botellas se utiliza para etiquetar botellas, latas o frascos de forma autom\u00e1tica o manual. Esto puede mejorar en gran medida su productividad. A largo plazo, una m\u00e1quina etiquetadora de botellas puede ahorrarle costes y liberar mano de obra. Como todos sabemos, una etiqueta no solo representa el contenido de los envases. Presenta la imagen de nuestra marca y muestra al comprador la primera impresi\u00f3n de su producto. Una etiquetadora de botellas es m\u00e1s precisa y eficiente que un humano. Sin embargo, existen varias m\u00e1quinas etiquetadoras de botellas en el mercado, como m\u00e1quinas etiquetadoras de botellas redondas, <a href=\"https:\/\/taizypackaging.com\/es\/automatic-flat-labeling-machine\/\">m\u00e1quinas etiquetadoras de botellas planas<\/a>, m\u00e1quinas etiquetadoras de botellas cuadradas y m\u00e1quinas etiquetadoras de botellas de sobremesa. Cu\u00e1l es la mejor para usted debe ser de acuerdo a su situaci\u00f3n real. <\/p>    <h2 class=\"wp-block-heading\" id=\"h-the-application-of-semi-automatic-round-bottle-labeling-machine\">Aplicaciones de la m\u00e1quina etiquetadora de botellas redondas semiautom\u00e1tica.<\/h2>    <p class=\"translation-block\">La etiquetadora de botellas redondas es un tipo de m\u00e1quina etiquetadora manual de botellas. Esta es una m\u00e1quina etiquetadora adecuada para etiquetar botellas redondas como botellas de PET, botellas de pl\u00e1stico, botellas de vidrio, botellas de metal, latas y frascos. Es adecuada para el etiquetado de productos en diversos campos. La m\u00e1quina etiquetadora manual de botellas puede etiquetar metal, aceite, medicina, ropa, yogur, leche fresca, cosm\u00e9ticos, productos para el cuidado del cabello, bebidas de jugo, bebidas carbonatadas y otros productos. Puede etiquetar la botella con precisi\u00f3n, y la forma de etiquetado es autoadhesiva. Suele ser el equipo adicional de una m\u00e1quina de llenado de l\u00edquidos y una <a href=\"https:\/\/taizypackaging.com\/es\/fully-automatic-paste-filling-machine-for-100-5000ml\/\" target=\"_blank\" rel=\"noreferrer noopener\">m\u00e1quina de llenado de pastas<\/a>.<\/p>    <figure class=\"wp-block-image size-large\"><img decoding=\"async\" src=\"https:\/\/taizypackaging.com\/wp-content\/uploads\/2021\/06\/labeling-sample.jpg\" alt=\"Usos de la m\u00e1quina etiquetadora de botellas redondas semiautom\u00e1tica\" class=\"wp-image-2207\"\/><figcaption class=\"wp-element-caption\">Usos de la m\u00e1quina etiquetadora de botellas redondas semiautom\u00e1tica<\/figcaption><\/figure>    <h2 class=\"wp-block-heading\" id=\"semi-automatic-round-bottle-labeling-machine-parameters\">Par\u00e1metros de la m\u00e1quina etiquetadora de botellas redondas semiautom\u00e1tica<\/h2>    <figure class=\"wp-block-table\"><table><tbody><tr><td>Modelo<\/td><td>TZ-100<\/td><\/tr><tr><td>Fuerza<\/td><td>100W<\/td><\/tr><tr><td>Di\u00e1metro de la botella<\/td><td>15-120 mm<\/td><\/tr><tr><td>Velocidad de etiqueta<\/td><td>20-40 botellas\/minuto<\/td><\/tr><tr><td>Tama\u00f1o de la etiqueta<\/td><td>W26L25-W150L300<\/td><\/tr><tr><td>El di\u00e1metro interior del rollo de etiquetas.<\/td><td>75mm<\/td><\/tr><tr><td>Di\u00e1metro exterior del rollo de etiquetas<\/td><td>275 mm<\/td><\/tr><tr><td>Tama\u00f1o de la m\u00e1quina<\/td><td>650*345*450mm<\/td><\/tr><\/tbody><\/table><\/figure>    <h2 class=\"wp-block-heading\" id=\"h-workflow-and-video-of-semi-automatic-labeling-machine\">Flujo de trabajo y v\u00eddeo de la etiquetadora semiautom\u00e1tica.<\/h2>    <ol class=\"wp-block-list\"> <li>El flujo de trabajo espec\u00edfico es el siguiente: Sostenga el brazo oscilante de la botella de prensa contra la botella redonda que se va a etiquetar.<\/li>    <li>El brazo prensador de botellas toca autom\u00e1ticamente el interruptor para encender la correa del motor actual.<\/li>    <li>El papel de etiquetas gira para completar el trabajo de etiquetado.<\/li> <\/ol>    <p>Durante la operaci\u00f3n, puedes etiquetar botellas redondas de diferentes especificaciones sin cambiar ning\u00fan accesorio. Una m\u00e1quina etiquetadora puede satisfacer la mayor\u00eda de las necesidades de etiquetado de botellas redondas. Y lo guiaremos para operar y mantener la m\u00e1quina etiquetadora de botellas redondas.<\/p>    <h2 class=\"wp-block-heading\" id=\"h-structure-of-manual-bottle-labeling-machine\">Detalles de la estructura de la m\u00e1quina etiquetadora de botellas manual.<\/h2>    <p>La m\u00e1quina etiquetadora manual se compone principalmente de un motor, un marco de posicionamiento, una bandeja de etiquetas, un ojo el\u00e9ctrico, un brazo prensador de botellas, un rodillo de posicionamiento, un tablero de extracci\u00f3n de etiquetas y un interruptor t\u00e1ctil. Tiene una estructura muy simple y un dise\u00f1o perfecto, por lo que es f\u00e1cil de operar y mantener. Adem\u00e1s, la adopci\u00f3n de un motor famoso y una m\u00e1quina etiquetadora de botellas a la venta tiene una larga vida \u00fatil y un buen rendimiento. <\/p>    <figure class=\"wp-block-image size-large\"><img decoding=\"async\" src=\"https:\/\/taizypackaging.com\/wp-content\/uploads\/2021\/06\/structure-of-semi-automatic-labeling-machine.jpg\" alt=\"Estructura de la m\u00e1quina etiquetadora semiautom\u00e1tica.\" class=\"wp-image-2208\"\/><figcaption class=\"wp-element-caption\">Estructura de la m\u00e1quina etiquetadora semiautom\u00e1tica.<\/figcaption><\/figure>    <h2 class=\"wp-block-heading\" id=\"h-features-of-the-semi-automatic-round-bottle-labeling-machine\">Caracter\u00edsticas de la etiquetadora de botellas redondas semiautom\u00e1tica<\/h2>    <ol class=\"wp-block-list\"> <li>La m\u00e1quina est\u00e1 hecha de material de aleaci\u00f3n de aluminio.\u00a0Tiene las caracter\u00edsticas de peso, ligereza, funcionamiento sencillo, etc.<\/li>    <li>El uso de ojos el\u00e9ctricos avanzados puede aumentar la sensibilidad de detecci\u00f3n de etiquetas. Tiene una alta precisi\u00f3n de etiquetado y un dise\u00f1o ingenioso. S\u00f3lo necesitas poner la botella para terminar el etiquetado autom\u00e1tico.<\/li>    <li>La m\u00e1quina etiquetadora de botellas manual utiliza rodillos de goma de alta calidad con buen rendimiento de transmisi\u00f3n y operaci\u00f3n m\u00e1s sencilla.<\/li>    <li>El basculante de aluminio extendido y grueso tiene una amplia gama de aplicaciones y un funcionamiento m\u00e1s sencillo.<\/li>    <li>Motor de freno s\u00edncrono, motor de alta potencia y alta velocidad. La m\u00e1quina etiquetadora de etiquetas adhesivas para botellas redondas puede funcionar de manera estable durante mucho tiempo.<\/li>    <li>El ajuste de posici\u00f3n simplifica el cambio de etiquetado de botellas de diferentes especificaciones. Y la estabilidad mec\u00e1nica mejora enormemente.<\/li>    <li>Dise\u00f1o de escritorio y estructura optimizada. La m\u00e1quina etiquetadora de botellas manual tiene una apariencia compacta y funciones potentes.<\/li> <\/ol>    <h2 class=\"wp-block-heading\" id=\"h-machine-details-presentation\">Sistema semiautom\u00e1tico de etiquetado de botellas redondas.<\/h2>    <ol class=\"wp-block-list\"> <li>El posicionamiento de la fibra es m\u00e1s preciso.<\/li>    <li>La etiquetadora manual dispone de una bandeja de suministro de papel regulable. Puede adaptarse a todo tipo de etiquetas en las especificaciones y es f\u00e1cil de instalar.<\/li>    <li>La m\u00e1quina est\u00e1 equipada con rodillos tensores. El proceso de etiquetado es ajustable, seguro y conveniente. Esto puede mejorar la eficiencia del trabajo.<\/li>    <li>Apoye el tubo Kun. Es c\u00f3modo de ajustar y tiene una amplia gama de aplicaciones. Puede ser personalizado.<\/li>    <li>La m\u00e1quina etiquetadora de botellas redondas semiautom\u00e1tica tiene todas las tuercas de acero inoxidable. Este tipo de tuerca no se deforma y es duradera.<\/li>    <li>La fuente de alimentaci\u00f3n est\u00e1 equipada con una funci\u00f3n de protecci\u00f3n contra sobrecorriente. Si excede el rango normal de uso, el fusible se fundir\u00e1 autom\u00e1ticamente para proteger la m\u00e1quina.<\/li>    <li>La m\u00e1quina etiquetadora es f\u00e1cil de operar. El brazo oscilante engrosado no se deforma y es duradero.<\/li> <\/ol>    <figure class=\"wp-block-image size-large\"><img decoding=\"async\" src=\"https:\/\/taizypackaging.com\/wp-content\/uploads\/2021\/06\/machine-details-3.jpg\" alt=\"Detalles de la m\u00e1quina etiquetadora de botellas semiautom\u00e1tica\" class=\"wp-image-2210\"\/><figcaption class=\"wp-element-caption\">Detalles de la m\u00e1quina etiquetadora de botellas semiautom\u00e1tica<\/figcaption><\/figure>    <h2 class=\"wp-block-heading\" id=\"why-choose-us-as-your-top-bottle-labeling-machine-manufacturer\">\u00bfPor qu\u00e9 elegirnos como su principal fabricante de m\u00e1quinas etiquetadoras de botellas?<\/h2>    <p class=\"translation-block\">Como una empresa de <a href=\"https:\/\/taizypackaging.com\/es\/\">m\u00e1quinas de embalaje<\/a> fuerte y fiable, Taizy tiene m\u00e1s de 10 a\u00f1os de experiencia en maquinaria de alimentos y equipos de embalaje. <a href=\"https:\/\/taizypackaging.com\/es\/machines-category\/labeling\/\">Todas las m\u00e1quinas de etiquetado<\/a> se pueden adaptar a sus necesidades. Le proporcionamos una l\u00ednea completa de llenado y sellado de alimentos y una l\u00ednea de envasado de productos. Esta m\u00e1quina etiquetadora de botellas manual tiene un precio razonable, calidad estable y rendimiento avanzado. Le proporcionaremos servicios \u00edntimos de preventa y posventa. Si tiene alguna pregunta sobre la m\u00e1quina etiquetadora de botellas semiautom\u00e1tica o desea obtener un presupuesto gratuito, cont\u00e1ctenos o deje sus requisitos a continuaci\u00f3n. <\/p>    <figure class=\"wp-block-image size-large\"><img decoding=\"async\" src=\"https:\/\/taizypackaging.com\/wp-content\/uploads\/2021\/06\/factory.jpg\" alt=\"f\u00e1brica de m\u00e1quinas etiquetadoras\" class=\"wp-image-2209\"\/><figcaption class=\"wp-element-caption\">f\u00e1brica de m\u00e1quinas etiquetadoras<\/figcaption><\/figure>    <h2 class=\"wp-block-heading\" id=\"h-q-a\">Preguntas y respuestas sobre la m\u00e1quina etiquetadora de botellas semiautom\u00e1tica Taizy<\/h2>    <p>1. \u00bfQu\u00e9 tipo de botellas puede envasar la m\u00e1quina etiquetadora?<\/p>    <p>Botellas redondas de pl\u00e1stico, botellas de vidrio, botellas de metal, frascos, latas, etc.<\/p>    <p>2. \u00bfPuede la m\u00e1quina etiquetadora etiquetar la botella en 1 c\u00edrculo o semic\u00edrculo?<\/p>    <p>Seguro. Puede ajustar el ancho del paquete que desee seg\u00fan sus requisitos.<\/p>    <p>3. \u00bfCu\u00e1l es la velocidad de la etiquetadora?<\/p>    <p>Esta es una m\u00e1quina etiquetadora manual. Diferentes personas tienen diferentes velocidades de etiquetado.<\/p>    <p>4. \u00bfQu\u00e9 di\u00e1metro de botella puede envasar la m\u00e1quina etiquetadora?<\/p>    <p>La m\u00e1quina etiquetadora puede etiquetar botellas con un di\u00e1metro superior a 3,5 cm. Si desea etiquetar botellas con un di\u00e1metro inferior a 3,5 cm, puede optar por una etiquetadora horizontal.<\/p>","protected":false},"excerpt":{"rendered":"<p>Semi automatic round bottle labeling machine is a small tabletop bottle labeler. It has a highly small size and low cost. Therefore, it is portable and very popular for small projects. Besides, the semi-automatic round bottle labeling machine has a wide range of applications. It can be applied for labeling various glass bottles, plastic bottles, [&hellip;]<\/p>\n","protected":false},"author":1,"featured_media":2206,"parent":0,"template":"","tags":[587,398],"product-type":[663],"class_list":["post-2200","product","type-product","status-publish","has-post-thumbnail","hentry","tag-bottle-labeling-machine","tag-round-bottle-labeling-machine","product-type-bottle-filling-production-line"],"_links":{"self":[{"href":"https:\/\/taizypackaging.com\/es\/wp-json\/wp\/v2\/product\/2200","targetHints":{"allow":["GET"]}}],"collection":[{"href":"https:\/\/taizypackaging.com\/es\/wp-json\/wp\/v2\/product"}],"about":[{"href":"https:\/\/taizypackaging.com\/es\/wp-json\/wp\/v2\/types\/product"}],"author":[{"embeddable":true,"href":"https:\/\/taizypackaging.com\/es\/wp-json\/wp\/v2\/users\/1"}],"wp:featuredmedia":[{"embeddable":true,"href":"https:\/\/taizypackaging.com\/es\/wp-json\/wp\/v2\/media\/2206"}],"wp:attachment":[{"href":"https:\/\/taizypackaging.com\/es\/wp-json\/wp\/v2\/media?parent=2200"}],"wp:term":[{"taxonomy":"post_tag","embeddable":true,"href":"https:\/\/taizypackaging.com\/es\/wp-json\/wp\/v2\/tags?post=2200"},{"taxonomy":"product-type","embeddable":true,"href":"https:\/\/taizypackaging.com\/es\/wp-json\/wp\/v2\/product-type?post=2200"}],"curies":[{"name":"wp","href":"https:\/\/api.w.org\/{rel}","templated":true}]}}