{"id":223,"date":"2020-08-25T07:30:31","date_gmt":"2020-08-25T07:30:31","guid":{"rendered":"https:\/\/taizypackaging.com\/?p=223"},"modified":"2024-07-16T17:58:55","modified_gmt":"2024-07-16T09:58:55","slug":"paste-packaging-machine","status":"publish","type":"product","link":"https:\/\/taizypackaging.com\/es\/paste-packaging-machine\/","title":{"rendered":"M\u00e1quina empacadora de pasta"},"content":{"rendered":"<div class=\"kk-star-ratings kksr-auto kksr-align-left kksr-valign-top\"     data-payload='{&quot;align&quot;:&quot;left&quot;,&quot;id&quot;:&quot;223&quot;,&quot;slug&quot;:&quot;default&quot;,&quot;valign&quot;:&quot;top&quot;,&quot;ignore&quot;:&quot;&quot;,&quot;reference&quot;:&quot;auto&quot;,&quot;class&quot;:&quot;&quot;,&quot;count&quot;:&quot;23&quot;,&quot;legendonly&quot;:&quot;&quot;,&quot;readonly&quot;:&quot;&quot;,&quot;score&quot;:&quot;4.6&quot;,&quot;starsonly&quot;:&quot;&quot;,&quot;best&quot;:&quot;5&quot;,&quot;gap&quot;:&quot;5&quot;,&quot;greet&quot;:&quot;Rate this product&quot;,&quot;legend&quot;:&quot;4.6\\\/5 - (23 votos)&quot;,&quot;size&quot;:&quot;24&quot;,&quot;title&quot;:&quot;Paste Packing Machine&quot;,&quot;width&quot;:&quot;130.9&quot;,&quot;_legend&quot;:&quot;{score}\\\/{best} - ({count} {votes})&quot;,&quot;font_factor&quot;:&quot;1.25&quot;}'>              <div class=\"kksr-stars\">      <div class=\"kksr-stars-inactive\">             <div class=\"kksr-star\" data-star=\"1\" style=\"padding-right: 5px\">               <div class=\"kksr-icon\" style=\"width: 24px; height: 24px;\"><\/div>         <\/div>             <div class=\"kksr-star\" data-star=\"2\" style=\"padding-right: 5px\">               <div class=\"kksr-icon\" style=\"width: 24px; height: 24px;\"><\/div>         <\/div>             <div class=\"kksr-star\" data-star=\"3\" style=\"padding-right: 5px\">               <div class=\"kksr-icon\" style=\"width: 24px; height: 24px;\"><\/div>         <\/div>             <div class=\"kksr-star\" data-star=\"4\" style=\"padding-right: 5px\">               <div class=\"kksr-icon\" style=\"width: 24px; height: 24px;\"><\/div>         <\/div>             <div class=\"kksr-star\" data-star=\"5\" style=\"padding-right: 5px\">               <div class=\"kksr-icon\" style=\"width: 24px; height: 24px;\"><\/div>         <\/div>     <\/div>      <div class=\"kksr-stars-active\" style=\"width: 130.9px;\">             <div class=\"kksr-star\" style=\"padding-right: 5px\">               <div class=\"kksr-icon\" style=\"width: 24px; height: 24px;\"><\/div>         <\/div>             <div class=\"kksr-star\" style=\"padding-right: 5px\">               <div class=\"kksr-icon\" style=\"width: 24px; height: 24px;\"><\/div>         <\/div>             <div class=\"kksr-star\" style=\"padding-right: 5px\">               <div class=\"kksr-icon\" style=\"width: 24px; height: 24px;\"><\/div>         <\/div>             <div class=\"kksr-star\" style=\"padding-right: 5px\">               <div class=\"kksr-icon\" style=\"width: 24px; height: 24px;\"><\/div>         <\/div>             <div class=\"kksr-star\" style=\"padding-right: 5px\">               <div class=\"kksr-icon\" style=\"width: 24px; height: 24px;\"><\/div>         <\/div>     <\/div> <\/div>                   <div class=\"kksr-legend\" style=\"font-size: 19.2px;\">             4,6\/5 - (23 votos)    <\/div>     <\/div>  <p class=\"translation-block\">La **m\u00e1quina de envasado de pasta** est\u00e1 dise\u00f1ada para materiales pastosos que no tienen buena fluidez, como mantequilla de cacahuete, pasta de tomate, mantequilla de s\u00e9samo, pasta de dientes, pasta de jengibre y ajo, pasta de curry, crema cosm\u00e9tica, loci\u00f3n, etc. Puede completar autom\u00e1ticamente el proceso de pesaje, llenado, sellado y corte. Es absolutamente una excelente herramienta de envasado para su f\u00e1brica. Con buena calidad y precios competitivos, el **equipo de envasado de pasta** Taizy se ha exportado con \u00e9xito a m\u00e1s de 30 pa\u00edses y regiones. Si est\u00e1 interesado en esta m\u00e1quina, cont\u00e1ctenos para obtener la mejor cotizaci\u00f3n. <\/p>    <h2 class=\"wp-block-heading\" id=\"paste-packing-machine-working-video\">V\u00eddeo de funcionamiento de la m\u00e1quina envasadora de pasta <\/h2>   <figure class=\"wp-block-embed-youtube wp-block-embed is-type-video is-provider-youtube wp-embed-aspect-16-9 wp-has-aspect-ratio\"><div class=\"lyte-wrapper fourthree\" title=\"M\u00e1quina empacadora autom\u00e1tica s\u00faper eficiente de bolsas de pasta para salsa, ketchup, miel y mantequilla\" style=\"width:960px;max-width:100%;margin:5px auto;\"><div class=\"lyMe hidef\" id=\"WYL_32VXxg043VA\" itemprop=\"video\" itemscope itemtype=\"https:\/\/schema.org\/VideoObject\"><div><meta itemprop=\"thumbnailUrl\" content=\"https:\/\/taizypackaging.com\/wp-content\/plugins\/wp-youtube-lyte\/lyteCache.php?origThumbUrl=https%3A%2F%2Fi.ytimg.com%2Fvi%2F32VXxg043VA%2Fmaxresdefault.jpg\" \/><meta itemprop=\"embedURL\" content=\"https:\/\/www.youtube.com\/embed\/32VXxg043VA\" \/><meta itemprop=\"duration\" content=\"PT4M14S\" \/><meta itemprop=\"uploadDate\" content=\"2022-01-18T04:21:51Z\" \/><\/div><div id=\"lyte_32VXxg043VA\" data-src=\"https:\/\/taizypackaging.com\/wp-content\/plugins\/wp-youtube-lyte\/lyteCache.php?origThumbUrl=https%3A%2F%2Fi.ytimg.com%2Fvi%2F32VXxg043VA%2Fmaxresdefault.jpg\" class=\"pL\"><div class=\"tC\"><div class=\"tT\" itemprop=\"name\">M\u00e1quina empacadora autom\u00e1tica s\u00faper eficiente de bolsas de pasta para salsa, ketchup, miel y mantequilla<\/div><\/div><div class=\"play\"><\/div><div class=\"ctrl\"><div class=\"Lctrl\"><\/div><div class=\"Rctrl\"><\/div><\/div><\/div><noscript><a href=\"https:\/\/youtu.be\/32VXxg043VA\" rel=\"nofollow noopener\" target=\"_blank\"><img loading=\"lazy\" decoding=\"async\" src=\"https:\/\/taizypackaging.com\/wp-content\/plugins\/wp-youtube-lyte\/lyteCache.php?origThumbUrl=https%3A%2F%2Fi.ytimg.com%2Fvi%2F32VXxg043VA%2F0.jpg\" alt=\"M\u00e1quina empacadora autom\u00e1tica s\u00faper eficiente de bolsas de pasta para salsa, ketchup, miel y mantequilla\" width=\"960\" height=\"700\" \/><br \/>Watch this video on YouTube<\/a><\/noscript><meta itemprop=\"description\" content=\"Email: Email: info@taizypackaging.com Tel\/ WhatsApp: +86 18837171591 https:\/\/taizypackaging.com\/paste-packaging-machine\/ Automatic paste pouch packing machine is suitable for packing various paste items, such as sauce, honey, ketchup, butter, etc. It has a small size and attractive price. And it can greatly improve your efficiency and benefit your project. Advantages of automatic liquid packing machine 1. Wide range of packaging: suitable for liquids of various states and properties; 2. Convenient operation: PLC control and man-machine interface operating system make the operation intuitive and convenient; 3. Suitable for different types of packaging bags; 4. Perfect prevention system to ensure the yield rate and not waste bags and materials; 5. The packaging part of the machine adopts stainless steel materials to ensure the sanitation of the materials and comply with GMP standards; 6. The high degree of automation: unmanned in the whole process of weighing and packaging, automatic alarm when a failure occurs; 7. The liquid packaging machine adopts a waterproof design. You can wash it with water. it will reduce the difficulty of cleaning and increases the service life of the machine. Email: Email: info@taizypackaging.com Tel\/ WhatsApp: +86 18837171591\"><\/div><\/div><div class=\"lL\" style=\"max-width:100%;width:960px;margin:5px auto;\"><\/div><figcaption><\/figcaption><\/figure>   <h2 class=\"wp-block-heading\" id=\"h-applications-of-paste-packing-machine\">Aplicaciones de la m\u00e1quina empacadora de pasta<\/h2>    <p class=\"translation-block\">La m\u00e1quina de envasado de salsa es una **m\u00e1quina de envasado de pasta en bolsa totalmente autom\u00e1tica**. Por lo tanto, tiene funciones como la fabricaci\u00f3n autom\u00e1tica de bolsas, el llenado cuantitativo, la identificaci\u00f3n fotoel\u00e9ctrica, el sellado t\u00e9rmico y la impresi\u00f3n de fechas. Como sabemos, una m\u00e1quina de envasado de bolsas es adecuada para materiales pastosos l\u00edquidos en el envasado de condimentos alimentarios, bebidas, medicinas, productos qu\u00edmicos diarios, salsas, fertilizantes foliares, bolsas de aceite, miel, champ\u00fa, cosm\u00e9ticos y otros materiales.<\/p>    <figure class=\"wp-block-image size-full\"><img decoding=\"async\" src=\"https:\/\/taizypackaging.com\/wp-content\/uploads\/2020\/08\/paste-packing-machine-applications.jpg\" alt=\"aplicaciones de la m\u00e1quina empacadora de pasta\" class=\"wp-image-4056\"\/><figcaption class=\"wp-element-caption\">aplicaciones de la m\u00e1quina empacadora de pasta<\/figcaption><\/figure>    <h2 class=\"wp-block-heading\" id=\"h-product-parameter-of-paste-filling-packing-machine\">Par\u00e1metro del producto de la m\u00e1quina envasadora de llenado de pasta<\/h2>    <figure class=\"wp-block-table\"><table><tbody><tr><td>embalaje<\/td><td>Sellado posterior, Sellado de 3 lados, Sellado de 4 lados<\/td><\/tr><tr><td>Velocidad de embalaje<\/td><td>24-60 bolsas\/minuto<\/td><\/tr><tr><td>longitud del saco<\/td><td>30-150 mm<\/td><\/tr><tr><td>Ancho de la bolsa<\/td><td>25-145 mm<\/td><\/tr><tr><td>Rango de pesaje<\/td><td>40ml o 20-100ml<\/td><\/tr><tr><td>Fuerza<\/td><td>2,2 kilovatios<\/td><\/tr><tr><td>Presi\u00f3n del aire<\/td><td>0,6-0,7 MP<\/td><\/tr><tr><td>Peso<\/td><td>280 kilos<\/td><\/tr><tr><td>Tama\u00f1o<\/td><td>1150*700*1750mm<\/td><\/tr><tr><td>Tama\u00f1o del cart\u00f3n<\/td><td>1100*750*1820mm<\/td><\/tr><\/tbody><\/table><\/figure>    <h2 class=\"wp-block-heading\" id=\"h-structures-of-automatic-paste-packaging-machine\">Estructuras de la m\u00e1quina envasadora autom\u00e1tica de pasta<\/h2>    <p>Una m\u00e1quina envasadora autom\u00e1tica de pasta de salsa consta principalmente de un sistema de alimentaci\u00f3n y un sistema de envasado. Incluye un carrete de pel\u00edcula, una tolva, un panel de control PLC, una m\u00e1quina de presi\u00f3n de aire, un dispositivo de termosellado, una cubierta protectora y una rueda de extracci\u00f3n de pel\u00edcula. Todas nuestras m\u00e1quinas empacadoras de pasta utilizan material de acero inoxidable, duradero y confiable. Esta m\u00e1quina tiene una estructura muy simple y un dise\u00f1o razonable. Por tanto, es bastante f\u00e1cil de operar y mantener. Adem\u00e1s, Taizy Packaging Machinery brinda un servicio postventa \u00edntimo y confiable para resolver sus problemas a tiempo. <\/p>    <figure class=\"wp-block-image size-full\"><img loading=\"lazy\" decoding=\"async\" width=\"720\" height=\"540\" src=\"https:\/\/taizypackaging.com\/wp-content\/uploads\/2020\/08\/paste-packing-machine-structure.jpg\" alt=\"estructura de la m\u00e1quina envasadora de pasta\" class=\"wp-image-4057\" srcset=\"https:\/\/taizypackaging.com\/wp-content\/uploads\/2020\/08\/paste-packing-machine-structure.jpg 720w, https:\/\/taizypackaging.com\/wp-content\/uploads\/2020\/08\/paste-packing-machine-structure-300x225.jpg 300w\" sizes=\"auto, (max-width: 720px) 100vw, 720px\" \/><figcaption class=\"wp-element-caption\">estructura de la m\u00e1quina envasadora de pasta<\/figcaption><\/figure>    <h2 class=\"wp-block-heading\" id=\"h-advantages-of-paste-pouch-packing-machine\">Ventajas de la m\u00e1quina empacadora de bolsas de pasta<\/h2>    <p class=\"translation-block\">La **m\u00e1quina de envasado de pasta en bolsa** adopta la integraci\u00f3n electromec\u00e1nica, un sistema de control de microordenador de doble CPU y una pantalla LCD de pantalla grande. Adem\u00e1s, la m\u00e1quina de envasado de pasta de salsa adopta un sistema de correcci\u00f3n de seguimiento fotoel\u00e9ctrico controlado por microordenador. Est\u00e1 equipada con un motor paso a paso de alta precisi\u00f3n y posiciona con precisi\u00f3n la posici\u00f3n uniforme del patr\u00f3n de cada bolsa de embalaje. <\/p>    <p>Un sistema de control completa la sincronizaci\u00f3n, longitud fija, posicionamiento y velocidad de toda la m\u00e1quina.  Lo m\u00e1s importante es que puede diagnosticar fallas autom\u00e1ticamente. Puede optar por equiparlo con una m\u00e1quina codificadora de cinta o un dispositivo de codificaci\u00f3n con plantilla. La m\u00e1quina empacadora de salsa ketchup puede completar autom\u00e1ticamente una serie de acciones como hacer bolsas, llenar, contar, sellar y cortar. <\/p>    <p>No es necesario detenerse durante todo el proceso de ajuste ni cuando se ajusta el peso.<\/p>    <figure class=\"wp-block-image size-full\"><img decoding=\"async\" src=\"https:\/\/taizypackaging.com\/wp-content\/uploads\/2020\/08\/paste-packaging-machine-pump.jpg\" alt=\"bomba de m\u00e1quina envasadora de pasta\" class=\"wp-image-4058\"\/><figcaption class=\"wp-element-caption\">bomba de m\u00e1quina envasadora de pasta<\/figcaption><\/figure>    <h2 class=\"wp-block-heading\" id=\"h-packaging-methods-and-packaging-materials\">M\u00e9todos de embalaje y materiales de embalaje<\/h2>    <h3 class=\"wp-block-heading\" id=\"h-package-method\">M\u00e9todo de paquete<\/h3>    <p>Esta m\u00e1quina empacadora de pasta admite m\u00e9todos de sellado posterior, sellado de tres lados y sellado de cuatro lados. Adem\u00e1s, ofrece varios m\u00e9todos de sellado de bolsas, como zigzag, bolsa con cadena, bolsa recta, etc. <\/p>    <figure class=\"wp-block-gallery has-nested-images columns-3 is-cropped wp-block-gallery-2 is-layout-flex wp-block-gallery-is-layout-flex\"> <figure class=\"wp-block-image size-large\"><a href=\"https:\/\/taizypackaging.com\/wp-content\/uploads\/2020\/08\/chili-sauce-packing.jpg\"><img decoding=\"async\" data-id=\"1132\" src=\"https:\/\/taizypackaging.com\/wp-content\/uploads\/2020\/08\/chili-sauce-packing.jpg\" alt=\"embalaje-de-salsa-de-chile\" class=\"wp-image-1132\"\/><\/a><\/figure>    <figure class=\"wp-block-image size-large\"><a href=\"https:\/\/taizypackaging.com\/wp-content\/uploads\/2020\/08\/chain-bag.jpg\"><img decoding=\"async\" data-id=\"1130\" src=\"https:\/\/taizypackaging.com\/wp-content\/uploads\/2020\/08\/chain-bag.jpg\" alt=\"bolso de cadena\" class=\"wp-image-1130\"\/><\/a><\/figure>    <figure class=\"wp-block-image size-large\"><a href=\"https:\/\/taizypackaging.com\/wp-content\/uploads\/2020\/08\/Shampoo-packaging.jpg\"><img decoding=\"async\" data-id=\"1133\" src=\"https:\/\/taizypackaging.com\/wp-content\/uploads\/2020\/08\/Shampoo-packaging.jpg\" alt=\"Envasado de champ\u00fa\" class=\"wp-image-1133\"\/><\/a><\/figure> <\/figure>    <h3 class=\"wp-block-heading\" id=\"h-packing-film-material\">Material de pel\u00edcula de embalaje<\/h3>    <div class=\"wp-block-columns is-layout-flex wp-container-core-columns-is-layout-9d6595d7 wp-block-columns-is-layout-flex\"> <div class=\"wp-block-column is-layout-flow wp-block-column-is-layout-flow\"> <figure class=\"wp-block-image size-full\"><img decoding=\"async\" src=\"https:\/\/taizypackaging.com\/wp-content\/uploads\/2020\/08\/packaging-film-3.jpg\" alt=\"pel\u00edcula de embalaje\" class=\"wp-image-4068\"\/><\/figure> <\/div>    <div class=\"wp-block-column is-layout-flow wp-block-column-is-layout-flow\"> <figure class=\"wp-block-image size-full\"><img decoding=\"async\" src=\"https:\/\/taizypackaging.com\/wp-content\/uploads\/2020\/08\/packing-film.jpg\" alt=\"pel\u00edcula de embalaje\" class=\"wp-image-4069\"\/><\/figure> <\/div> <\/div>    <h2 class=\"wp-block-heading\" id=\"h-why-choose-us-as-your-top-paste-packaging-machine-manufacturer\">\u00bfPor qu\u00e9 elegirnos como su principal fabricante de m\u00e1quinas envasadoras de pasta? <\/h2>    <p>Somos fabricantes profesionales de m\u00e1quinas envasadoras de salsa. Nuestra empresa se dedica a esta \u00e1rea desde hace m\u00e1s de diez a\u00f1os. Podemos proporcionar m\u00e1quinas de alta calidad y un servicio postventa perfecto. Nuestra f\u00e1brica tiene un gran stock de m\u00e1quinas empacadoras y las enviaremos la primera vez que recibamos su pedido. Todas las m\u00e1quinas envasadoras son personalizables.<\/p>    <figure class=\"wp-block-image size-full\"><img decoding=\"async\" src=\"https:\/\/taizypackaging.com\/wp-content\/uploads\/2020\/08\/paste-packing-machine-factory.jpg\" alt=\"f\u00e1brica de m\u00e1quinas empacadoras de pasta\" class=\"wp-image-4065\"\/><figcaption class=\"wp-element-caption\">f\u00e1brica de m\u00e1quinas empacadoras de pasta<\/figcaption><\/figure>    <h2 class=\"wp-block-heading\" id=\"h-customer-case\">Caso del cliente<\/h2>    <p>A principios de octubre, nuestro cliente ecuatoriano dej\u00f3 un mensaje en nuestro sitio web. Dijo que quer\u00eda una m\u00e1quina envasadora de pasta para envasar ketchup. \u00c9l est\u00e1 en un negocio privado de tienda de fideos. Por eso quiere empacar el ketchup en bolsas peque\u00f1as, que sean f\u00e1ciles de transportar. Seg\u00fan su presupuesto, le recomendamos la envasadora de pasta m\u00e1s peque\u00f1a. Como sabemos, el ketchup es un alimento \u00e1cido, adecuado para pel\u00edculas de embalaje de PET, AL, PET y PE. Adem\u00e1s, el cliente necesita un dispositivo que sea f\u00e1cil de romper. Adem\u00e1s, quer\u00eda envasar materiales pastosos como salsas, salsa picante y tahini. Entonces le enviamos dos bombas de pasta. La velocidad de envasado se controla a 20 bolsas por minuto.<\/p>    <h2 class=\"wp-block-heading\" id=\"details-of-paste-packing-equipment\">Detalles del equipo de embalaje de pasta <\/h2>    <figure class=\"wp-block-image size-full\"><img decoding=\"async\" src=\"https:\/\/taizypackaging.com\/wp-content\/uploads\/2020\/08\/paste-packing-machine-details.jpg\" alt=\"Detalles de la m\u00e1quina empacadora de pasta\" class=\"wp-image-4060\"\/><figcaption class=\"wp-element-caption\">Detalles de la m\u00e1quina empacadora de pasta<\/figcaption><\/figure>    <p>&nbsp;<\/p>","protected":false},"excerpt":{"rendered":"<p>Paste packing machine is designed for paste materials that do not have good fluidity, such as peanut butter, tomato paste, sesame butter, toothpaste, ginger garlic paste, curry paste, cosmetic cream, lotion, etc. It can automatically finish the process of weighing, filling, sealing, and cutting. It is absolutely a great packaging tool for your factory. With [&hellip;]<\/p>\n","protected":false},"author":1,"featured_media":765,"parent":0,"template":"","tags":[338,584,585],"product-type":[662],"class_list":["post-223","product","type-product","status-publish","has-post-thumbnail","hentry","tag-paste-packing-machine","tag-tomato-paste-packing-machine","tag-toothpaste-packing-machine","product-type-paste-packing-machines"],"_links":{"self":[{"href":"https:\/\/taizypackaging.com\/es\/wp-json\/wp\/v2\/product\/223","targetHints":{"allow":["GET"]}}],"collection":[{"href":"https:\/\/taizypackaging.com\/es\/wp-json\/wp\/v2\/product"}],"about":[{"href":"https:\/\/taizypackaging.com\/es\/wp-json\/wp\/v2\/types\/product"}],"author":[{"embeddable":true,"href":"https:\/\/taizypackaging.com\/es\/wp-json\/wp\/v2\/users\/1"}],"wp:featuredmedia":[{"embeddable":true,"href":"https:\/\/taizypackaging.com\/es\/wp-json\/wp\/v2\/media\/765"}],"wp:attachment":[{"href":"https:\/\/taizypackaging.com\/es\/wp-json\/wp\/v2\/media?parent=223"}],"wp:term":[{"taxonomy":"post_tag","embeddable":true,"href":"https:\/\/taizypackaging.com\/es\/wp-json\/wp\/v2\/tags?post=223"},{"taxonomy":"product-type","embeddable":true,"href":"https:\/\/taizypackaging.com\/es\/wp-json\/wp\/v2\/product-type?post=223"}],"curies":[{"name":"wp","href":"https:\/\/api.w.org\/{rel}","templated":true}]}}