{"id":2233,"date":"2021-07-07T08:37:41","date_gmt":"2021-07-07T08:37:41","guid":{"rendered":"https:\/\/taizypackaging.com\/?p=2233"},"modified":"2024-07-17T17:00:37","modified_gmt":"2024-07-17T09:00:37","slug":"round-bottle-labeling-machine","status":"publish","type":"product","link":"https:\/\/taizypackaging.com\/es\/round-bottle-labeling-machine\/","title":{"rendered":"M\u00e1quina etiquetadora autom\u00e1tica de botellas redondas"},"content":{"rendered":"<div class=\"kk-star-ratings kksr-auto kksr-align-left kksr-valign-top\"     data-payload='{&quot;align&quot;:&quot;left&quot;,&quot;id&quot;:&quot;2233&quot;,&quot;slug&quot;:&quot;default&quot;,&quot;valign&quot;:&quot;top&quot;,&quot;ignore&quot;:&quot;&quot;,&quot;reference&quot;:&quot;auto&quot;,&quot;class&quot;:&quot;&quot;,&quot;count&quot;:&quot;11&quot;,&quot;legendonly&quot;:&quot;&quot;,&quot;readonly&quot;:&quot;&quot;,&quot;score&quot;:&quot;4.6&quot;,&quot;starsonly&quot;:&quot;&quot;,&quot;best&quot;:&quot;5&quot;,&quot;gap&quot;:&quot;5&quot;,&quot;greet&quot;:&quot;Rate this product&quot;,&quot;legend&quot;:&quot;4.6\\\/5 - (11 votos)&quot;,&quot;size&quot;:&quot;24&quot;,&quot;title&quot;:&quot;Automatic Round Bottle Labeling Machine&quot;,&quot;width&quot;:&quot;130.9&quot;,&quot;_legend&quot;:&quot;{score}\\\/{best} - ({count} {votes})&quot;,&quot;font_factor&quot;:&quot;1.25&quot;}'>              <div class=\"kksr-stars\">      <div class=\"kksr-stars-inactive\">             <div class=\"kksr-star\" data-star=\"1\" style=\"padding-right: 5px\">               <div class=\"kksr-icon\" style=\"width: 24px; height: 24px;\"><\/div>         <\/div>             <div class=\"kksr-star\" data-star=\"2\" style=\"padding-right: 5px\">               <div class=\"kksr-icon\" style=\"width: 24px; height: 24px;\"><\/div>         <\/div>             <div class=\"kksr-star\" data-star=\"3\" style=\"padding-right: 5px\">               <div class=\"kksr-icon\" style=\"width: 24px; height: 24px;\"><\/div>         <\/div>             <div class=\"kksr-star\" data-star=\"4\" style=\"padding-right: 5px\">               <div class=\"kksr-icon\" style=\"width: 24px; height: 24px;\"><\/div>         <\/div>             <div class=\"kksr-star\" data-star=\"5\" style=\"padding-right: 5px\">               <div class=\"kksr-icon\" style=\"width: 24px; height: 24px;\"><\/div>         <\/div>     <\/div>      <div class=\"kksr-stars-active\" style=\"width: 130.9px;\">             <div class=\"kksr-star\" style=\"padding-right: 5px\">               <div class=\"kksr-icon\" style=\"width: 24px; height: 24px;\"><\/div>         <\/div>             <div class=\"kksr-star\" style=\"padding-right: 5px\">               <div class=\"kksr-icon\" style=\"width: 24px; height: 24px;\"><\/div>         <\/div>             <div class=\"kksr-star\" style=\"padding-right: 5px\">               <div class=\"kksr-icon\" style=\"width: 24px; height: 24px;\"><\/div>         <\/div>             <div class=\"kksr-star\" style=\"padding-right: 5px\">               <div class=\"kksr-icon\" style=\"width: 24px; height: 24px;\"><\/div>         <\/div>             <div class=\"kksr-star\" style=\"padding-right: 5px\">               <div class=\"kksr-icon\" style=\"width: 24px; height: 24px;\"><\/div>         <\/div>     <\/div> <\/div>                   <div class=\"kksr-legend\" style=\"font-size: 19.2px;\">             4,6\/5 - (11 votos)    <\/div>     <\/div>  <p class=\"translation-block\"><strong>Automatic round bottle labeling machine<\/strong> puede completar completamente el proceso de etiquetado de varios envases. Es adecuado para botellas de pl\u00e1stico, botellas de vidrio, botellas de metal, latas redondas, frascos, etc. Como sabemos, la etiqueta es importante para un producto, no solo representa una marca sino que tambi\u00e9n muestra a los compradores la primera impresi\u00f3n de su producto. Este etiquetador autom\u00e1tico de botellas puede ayudar a etiquetar sus productos de forma atractiva y hermosa. <strong>Taizy<\/strong> es un fabricante profesional de m\u00e1quinas de etiquetado en China, que ofrece diversas m\u00e1quinas de etiquetado para la venta, como m\u00e1quina de etiquetado autom\u00e1tico de botellas, <a href=\"https:\/\/taizypackaging.com\/es\/semi-automatic-round-bottle-labeling-machine-for-sale\/\">m\u00e1quina de etiquetado semiautom\u00e1tica de botellas<\/a>, y m\u00e1quina de etiquetado plano. Todas nuestras m\u00e1quinas est\u00e1n dise\u00f1adas y fabricadas de acuerdo con normas internacionales. \u00bfEst\u00e1 interesado en una m\u00e1quina de etiquetado de botellas? Cont\u00e1ctenos para una lista de precios gratuita. <\/p>   <figure class=\"wp-block-embed-youtube wp-block-embed is-type-video is-provider-youtube wp-embed-aspect-16-9 wp-has-aspect-ratio\"><div class=\"lyte-wrapper fourthree\" title=\"Etiquetadoras autom\u00e1ticas de botellas redondas.\" style=\"width:960px;max-width:100%;margin:5px auto;\"><div class=\"lyMe hidef\" id=\"WYL_CCdx5K88i5Q\" itemprop=\"video\" itemscope itemtype=\"https:\/\/schema.org\/VideoObject\"><div><meta itemprop=\"thumbnailUrl\" content=\"https:\/\/taizypackaging.com\/wp-content\/plugins\/wp-youtube-lyte\/lyteCache.php?origThumbUrl=https%3A%2F%2Fi.ytimg.com%2Fvi%2FCCdx5K88i5Q%2Fmaxresdefault.jpg\" \/><meta itemprop=\"embedURL\" content=\"https:\/\/www.youtube.com\/embed\/CCdx5K88i5Q\" \/><meta itemprop=\"duration\" content=\"PT2M59S\" \/><meta itemprop=\"uploadDate\" content=\"2021-07-07T06:05:11Z\" \/><\/div><meta itemprop=\"accessibilityFeature\" content=\"captions\" \/><div id=\"lyte_CCdx5K88i5Q\" data-src=\"https:\/\/taizypackaging.com\/wp-content\/plugins\/wp-youtube-lyte\/lyteCache.php?origThumbUrl=https%3A%2F%2Fi.ytimg.com%2Fvi%2FCCdx5K88i5Q%2Fmaxresdefault.jpg\" class=\"pL\"><div class=\"tC\"><div class=\"tT\" itemprop=\"name\">Etiquetadoras autom\u00e1ticas de botellas redondas.<\/div><\/div><div class=\"play\"><\/div><div class=\"ctrl\"><div class=\"Lctrl\"><\/div><div class=\"Rctrl\"><\/div><\/div><\/div><noscript><a href=\"https:\/\/youtu.be\/CCdx5K88i5Q\" rel=\"nofollow noopener\" target=\"_blank\"><img loading=\"lazy\" decoding=\"async\" src=\"https:\/\/taizypackaging.com\/wp-content\/plugins\/wp-youtube-lyte\/lyteCache.php?origThumbUrl=https%3A%2F%2Fi.ytimg.com%2Fvi%2FCCdx5K88i5Q%2F0.jpg\" alt=\"Etiquetadoras autom\u00e1ticas de botellas redondas.\" width=\"960\" height=\"700\" \/><br \/>Watch this video on YouTube<\/a><\/noscript><meta itemprop=\"description\" content=\"Whatsapp\/Wechat\/Tel\uff1a+86 19139754781 Learn more details:https:\/\/taizypackaging.com\/round-bottle-labeling-machine\/ Automatic positioning round bottle labeling machine is suitable for labeling on the circumference of round bottles, single and double labels can be applied, and the spacing between the front and back double labels can be flexibly adjusted, such as jelly bottles, food round cans, etc. It is widely used in cosmetics, food, medicine, sterilized water, and other industries. Selecting a circumferential positioning detection device can realize labeling at the specified position on the circumferential surface.\"><\/div><\/div><div class=\"lL\" style=\"max-width:100%;width:960px;margin:5px auto;\"><\/div><figcaption><\/figcaption><\/figure>   <h2 class=\"wp-block-heading\" id=\"h-introduction-of-round-bottle-labeling-machine\">Introducci\u00f3n de la m\u00e1quina etiquetadora autom\u00e1tica de botellas redondas.<\/h2>    <p class=\"translation-block\">La m\u00e1quina autom\u00e1tica de etiquetado de botellas redondas de posicionamiento autom\u00e1tico es adecuada para etiquetar en toda la circunferencia de botellas redondas, se pueden aplicar etiquetas simples y dobles. El intervalo entre las dos etiquetas puede ajustarse de forma flexible. Se utiliza ampliamente en cosm\u00e9ticos, alimentaci\u00f3n, medicina, agua esterilizada y otras industrias. La m\u00e1quina autom\u00e1tica de etiquetado de botellas redondas de posicionamiento autom\u00e1tico se puede usar con otras m\u00e1quinas, como las <a rel=\"noreferrer noopener\" href=\"https:\/\/taizypackaging.com\/es\/automatic-liquid-filling-machine\/\" target=\"_blank\">m\u00e1quinas de llenado l\u00edquido autom\u00e1ticas<\/a>.<\/p>    <h2 class=\"wp-block-heading\" id=\"h-application-of-automatic-round-bottle-labeling-machine\">Aplicaciones de la m\u00e1quina etiquetadora autom\u00e1tica de botellas redondas.<\/h2>    <p>Debido a que la etiquetadora de botellas redondas de posicionamiento autom\u00e1tico puede aplicar etiquetas, pel\u00edculas autoadhesivas, c\u00f3digos de supervisi\u00f3n electr\u00f3nica y c\u00f3digos de barras en la circunferencia de productos cil\u00edndricos, puede realizar las funciones de circunferencia circular, semicircular, etiquetado circular de doble cara, etc. Por lo tanto, se usa ampliamente para etiquetar contenedores en diversas industrias, como bebidas, productos qu\u00edmicos diarios, alimentos, productos farmac\u00e9uticos, petroqu\u00edmicos, cosm\u00e9ticos, etc.<\/p>    <figure class=\"wp-block-image size-large\"><img decoding=\"async\" src=\"https:\/\/taizypackaging.com\/wp-content\/uploads\/2021\/07\/labeling-machines-for-all-kinds-of-bottles.jpg\" alt=\"Aplicaciones de la m\u00e1quina etiquetadora autom\u00e1tica de botellas redondas.\" class=\"wp-image-2235\"\/><figcaption class=\"wp-element-caption\">Aplicaciones de la m\u00e1quina etiquetadora autom\u00e1tica de botellas redondas.<\/figcaption><\/figure>    <h2 class=\"wp-block-heading\" id=\"h-machine-parameters\">Par\u00e1metros de la m\u00e1quina etiquetadora autom\u00e1tica de botellas redondas. <\/h2>    <figure class=\"wp-block-table is-style-stripes\"><table><tbody><tr><td>Fuerza<\/td><td>CA 220V\/500w\/50\/60Hz<\/td><\/tr><tr><td>Rango de cantidad de embalaje<\/td><td>0~25 botellas\/minuto<\/td><\/tr><tr><td>Precisi\u00f3n del etiquetado<\/td><td>\u00b11mm<\/td><\/tr><tr><td>Rango de etiquetado aplicable<\/td><td>Altura: 15~200 mm Longitud: 20 ~ 400 mm<\/td><\/tr><tr><td>Suministro m\u00e1ximo de etiquetado<\/td><td>Di\u00e1metro: 400 mm Di\u00e1metro del tambor: 76 mm<\/td><\/tr><tr><td>Peso<\/td><td>200 kilos<\/td><\/tr><\/tbody><\/table><\/figure>    <h2 class=\"wp-block-heading\" id=\"h-features-of-automatic-round-bottle-labeler\">Caracter\u00edsticas de la etiquetadora autom\u00e1tica de botellas redondas.<\/h2>    <ol class=\"wp-block-list\" id=\"block-aeff97e6-c0a4-4095-bf9a-28e5d9015ede\"> <li><strong>Amplia gama de aplicaciones:<\/strong>&nbsp;Se pueden adaptar metal, vidrio, pl\u00e1stico, PET y otros objetos de diferentes materiales; Tambi\u00e9n se pueden adaptar etiquetas autoadhesivas, pel\u00edculas autoadhesivas, c\u00f3digos de supervisi\u00f3n electr\u00f3nica, c\u00f3digos de barras y etiquetas con c\u00f3digos bidimensionales.<\/li>    <li><strong>Preciso y fiable:<\/strong>&nbsp;Buen efecto de etiquetado, precisi\u00f3n \u00b1 1 mm; Usando PLC + motor paso a paso de subdivisi\u00f3n para alimentar el est\u00e1ndar, el est\u00e1ndar de entrega; Usando un mecanismo de freno de leva, tensi\u00f3n uniforme, para asegurar que la correa de etiquetas est\u00e9 tensa, reduzca el desprendimiento de la etiqueta, para garantizar una detecci\u00f3n precisa de la etiqueta; Cintur\u00f3n de etiquetas alrededor del mecanismo de correcci\u00f3n, para evitar que la etiqueta se desv\u00ede hacia la izquierda y hacia la derecha, para garantizar la precisi\u00f3n de la etiqueta.<\/li>    <li><strong>Control inteligente y funcionamiento sencillo:<\/strong>&nbsp;Dise\u00f1o humanizado, control de programaci\u00f3n PLC, operaci\u00f3n con pantalla t\u00e1ctil a color grande, interfaz de operaci\u00f3n completa en chino, funci\u00f3n de memoria de datos potente, conveniente e intuitiva, puede almacenar 50 grupos de par\u00e1metros de etiquetado, operaci\u00f3n simple y r\u00e1pida; Perfecta indicaci\u00f3n de fallos y funci\u00f3n de ayuda.<\/li>    <li><strong>Excelente selecci\u00f3n de materiales y calidad:<\/strong>&nbsp;Utilizamos acero inoxidable y placa de aleaci\u00f3n de aluminio de alta calidad como material principal, que son r\u00edgidos, no est\u00e1n deformados, no se oxidan y son hermosos. Al mismo tiempo, se fabrican de acuerdo con el sistema de gesti\u00f3n de calidad ISO9001, nuestro producto se centra en la calidad y la experiencia del usuario, en l\u00ednea con los excelentes est\u00e1ndares de fabricaci\u00f3n de GMP.<\/li> <\/ol>    <h2 class=\"wp-block-heading\" id=\"how-does-an-automatic-bottle-labeling-machine-work\">\u00bfC\u00f3mo funciona una etiquetadora autom\u00e1tica de botellas?<\/h2>    <ol class=\"wp-block-list\"> <li>Coloque la cinta transportadora del producto que se puede conectar a la l\u00ednea de montaje.<\/li>    <li>Transmitir<\/li>    <li>Separaci\u00f3n<\/li>    <li>Pruebas<\/li>    <li>Posicionamiento<\/li>    <li>Etiquetado y reetiquetado<\/li>    <li>Recoger productos etiquetados<\/li> <\/ol>    <h2 class=\"wp-block-heading\" id=\"h-structure-of-automatic-labeling-machine-for-round-bottles\">Estructuras de etiquetadora autom\u00e1tica para botellas redondas.<\/h2>    <p>Una m\u00e1quina etiquetadora de botellas autom\u00e1tica consta principalmente de estas partes: un sistema de panel de control, transportador, carrete, rueda de etiquetado, rueda de tope de botellas, ranura para tarjetas de etiquetado, rueda de ancho ajustable, rueda de ajuste de altura y estructura de cuerpo de acero inoxidable. Con un dise\u00f1o razonable, la m\u00e1quina etiquetadora de botellas es f\u00e1cil de instalar, operar y mantener. Adem\u00e1s, todas nuestras m\u00e1quinas utilizan motores famosos y materiales duraderos, lo que hace que el equipo tenga una larga vida \u00fatil y un buen rendimiento. <\/p>    <figure class=\"wp-block-image size-large\"><img decoding=\"async\" src=\"https:\/\/taizypackaging.com\/wp-content\/uploads\/2021\/07\/structure-of-automatic-round-bottle-labeling-machine.jpg\" alt=\"Estructura autom\u00e1tica de la m\u00e1quina etiquetadora de botellas.\" class=\"wp-image-2236\"\/><figcaption class=\"wp-element-caption\">Estructura autom\u00e1tica de la m\u00e1quina etiquetadora de botellas.<\/figcaption><\/figure>    <h2 class=\"wp-block-heading\" id=\"h-operating-principle-and-procedure-of-round-bottle-sticker-labeling-machine\">Principio de funcionamiento de la m\u00e1quina etiquetadora de etiquetas adhesivas para botellas redondas.<\/h2>    <p>Principio de funcionamiento: coloque el producto en la cinta transportadora, ingrese al mecanismo de divisi\u00f3n de botellas, despu\u00e9s de que el mecanismo de divisi\u00f3n de botellas separa el producto, el sensor detecta el producto que pasa y env\u00eda la se\u00f1al al sistema de control de etiquetado, en la posici\u00f3n adecuada el control El sistema controla el motor correspondiente para enviar la etiqueta y adherirla a la posici\u00f3n del producto a etiquetar y, al mismo tiempo, superponer la etiqueta, se completa la acci\u00f3n de etiquetado.<\/p>    <h2 class=\"wp-block-heading\" id=\"h-details-of-sticker-labeling-machine-for-round-bottles\">Detalles de la m\u00e1quina etiquetadora de pegatinas para botellas redondas.<\/h2>    <figure class=\"wp-block-image size-large\"><img loading=\"lazy\" decoding=\"async\" width=\"720\" height=\"540\" src=\"https:\/\/taizypackaging.com\/wp-content\/uploads\/2021\/07\/The-details-of-automatic-round-bottle-labeling-machine.jpg\" alt=\"\" class=\"wp-image-2237\" srcset=\"https:\/\/taizypackaging.com\/wp-content\/uploads\/2021\/07\/The-details-of-automatic-round-bottle-labeling-machine.jpg 720w, https:\/\/taizypackaging.com\/wp-content\/uploads\/2021\/07\/The-details-of-automatic-round-bottle-labeling-machine-300x225.jpg 300w\" sizes=\"auto, (max-width: 720px) 100vw, 720px\" \/><figcaption class=\"wp-element-caption\">Detalles de la m\u00e1quina etiquetadora de pegatinas para botellas redondas.<\/figcaption><\/figure>    <h2 class=\"wp-block-heading\" id=\"lable-printer-machine-for-bottles-factory\">M\u00e1quina impresora de etiquetas para f\u00e1brica de botellas.<\/h2>    <p class=\"translation-block\"><a href=\"https:\/\/taizypackaging.com\/es\/\">Taizy Packaging Machinery Co., Ltd<\/a> tiene m\u00e1s de 10 a\u00f1os de experiencia en equipos de etiquetado, hemos vendido miles de m\u00e1quinas a m\u00e1s de 30 pa\u00edses y regiones, y prestamos servicio de personalizaci\u00f3n seg\u00fan sus diferentes necesidades. Mientras tanto, contamos con un sistema de envio completo para asegurar que todas las mercanc\u00edas est\u00e9n debidamente embaladas. Y contamos con personal altamente cualificado para garantizar un buen rendimiento y entrega r\u00e1pida de nuestras m\u00e1quinas. \u00bfBusca una f\u00e1brica de m\u00e1quinas de etiquetado de botellas fiable y s\u00f3lida? Deje su mensaje y nos pondremos en contacto con usted lo antes posible. <\/p>    <figure class=\"wp-block-image size-large\"><img decoding=\"async\" src=\"https:\/\/taizypackaging.com\/wp-content\/uploads\/2021\/07\/The-shipment-of-round-bottle-sticker-labeling-machine.jpg\" alt=\"M\u00e1quina etiquetadora de botellas lista para enviar.\" class=\"wp-image-2238\"\/><figcaption class=\"wp-element-caption\">M\u00e1quina etiquetadora de botellas lista para enviar.<\/figcaption><\/figure>    <h2 class=\"wp-block-heading\" id=\"h-faq\">Preguntas frecuentes sobre la etiquetadora autom\u00e1tica a la venta <\/h2>    <div class=\"schema-faq wp-block-yoast-faq-block\"><div class=\"schema-faq-section\" id=\"faq-question-1625640161458\"><strong class=\"schema-faq-question\">1. \u00bfQu\u00e9 tipo de botellas se pueden etiquetar con una m\u00e1quina etiquetadora autom\u00e1tica de botellas redondas?<\/strong> <p class=\"schema-faq-answer\">Esta m\u00e1quina se utiliza principalmente para etiquetar etiquetas simples y dobles en varios tipos de productos cil\u00edndricos o c\u00f3nicos, como botellas y latas redondas.<\/p> <\/div> <div class=\"schema-faq-section\" id=\"faq-question-1625640192022\"><strong class=\"schema-faq-question\">2. \u00bfQu\u00e9 tipo de material se puede etiquetar en las botellas?<\/strong> <p class=\"schema-faq-answer\">Se pueden adaptar diferentes materiales como metal, vidrio, pl\u00e1stico, PET, etc.<\/p> <\/div> <div class=\"schema-faq-section\" id=\"faq-question-1625640278918\"><strong class=\"schema-faq-question\">3.\u00bfCu\u00e1les son los tipos de etiquetas para rotular?<\/strong> <p class=\"schema-faq-answer\">Etiquetas autoadhesivas, pel\u00edculas autoadhesivas, c\u00f3digo de supervisi\u00f3n electr\u00f3nica, c\u00f3digo de barras, etiquetas de c\u00f3digos bidimensionales, etc. Se pueden adaptar.<\/p> <\/div> <div class=\"schema-faq-section\" id=\"faq-question-1625640303419\"><strong class=\"schema-faq-question\">4.\u00bfQu\u00e9 tan grande se puede etiquetar el di\u00e1metro de la botella?<\/strong> <p class=\"schema-faq-answer\">Es adecuado para botellas redondas con un di\u00e1metro de 35 mo m\u00e1s. Podemos personalizar la m\u00e1quina etiquetadora seg\u00fan sus necesidades. Se requiere una m\u00e1quina etiquetadora horizontal para etiquetar por debajo de 35 mm.<\/p> <\/div> <div class=\"schema-faq-section\" id=\"faq-question-1625640337070\"><strong class=\"schema-faq-question\">5. \u00bfPuede un motor etiquetar una amplia gama de di\u00e1metros de botellas?<\/strong> <p class=\"schema-faq-answer\">S\u00ed puede. Es compatible con m\u00faltiples di\u00e1metros de productos etiquetados por una misma m\u00e1quina. Los dispositivos de detecci\u00f3n de posicionamiento opcionales pueden realizar un etiquetado de posicionamiento circunferencial. Puede modificarse o personalizarse seg\u00fan el tama\u00f1o y caracter\u00edsticas de los productos a etiquetar.<\/p> <\/div> <div class=\"schema-faq-section\" id=\"faq-question-1625640376538\"><strong class=\"schema-faq-question\">6. \u00bfCu\u00e1l es la diferencia entre una m\u00e1quina etiquetadora autom\u00e1tica de botellas redondas y una m\u00e1quina etiquetadora semiautom\u00e1tica de botellas redondas?<\/strong> <p class=\"schema-faq-answer translation-block\">La m\u00e1quina autom\u00e1tica de etiquetado de botellas redondas es m\u00e1s eficaz y adecuada para el procesamiento de producci\u00f3n con mayor rendimiento. La semiautom\u00e1tica requiere colocaci\u00f3n manual de los productos en la m\u00e1quina para etiquetado y recepci\u00f3n manual de materiales, la velocidad de etiquetado es m\u00e1s lenta que la de la m\u00e1quina <a href=\"https:\/\/taizypackaging.com\/es\/machines-category\/labeling\/\" target=\"_blank\" rel=\"noreferrer noopener\">de etiquetado<\/a> autom\u00e1tico.<\/p> <\/div> <div class=\"schema-faq-section\" id=\"faq-question-1625640466393\"><strong class=\"schema-faq-question\">7.\u00bfCu\u00e1l es el precio de la m\u00e1quina etiquetadora autom\u00e1tica de botellas redondas?<\/strong> <p class=\"schema-faq-answer\">Los diferentes modelos de m\u00e1quinas tienen diferentes precios, cont\u00e1ctenos para una cotizaci\u00f3n.<\/p> <\/div> <\/div>    <h2 class=\"wp-block-heading\" id=\"related-bottle-labeling-machine-for-sale\">M\u00e1quina etiquetadora de botellas relacionada a la venta<\/h2>    <p class=\"translation-block\">Adem\u00e1s de esta m\u00e1quina autom\u00e1tica de etiquetado de botellas redondas, Taizy Machinery Co., Ltd ofrece muchas otras m\u00e1quinas de etiquetado de calidad como m\u00e1quina de etiquetado semiautom\u00e1tico de botellas redondas y <a href=\"https:\/\/taizypackaging.com\/es\/automatic-flat-labeling-machine\/\">m\u00e1quina autom\u00e1tica de etiquetado plano de botellas<\/a>. Todas estas m\u00e1quinas est\u00e1n disponibles con nosotros ahora a precios competitivos. \u00bfEst\u00e1 interesado en estas m\u00e1quinas? Cont\u00e1ctenos para m\u00e1s detalles. <\/p>","protected":false},"excerpt":{"rendered":"<p>Automatic round bottle labeling machine can completely finish the labeling process of various bottles. It is suitable for plastic bottles, glass bottles, metal bottles, round cans, jars, etc. As we know, the label is important for a product, it not only represents a brand but also shows buyers the first impression of your product. This [&hellip;]<\/p>\n","protected":false},"author":1,"featured_media":2241,"parent":0,"template":"","tags":[587,398],"product-type":[663],"class_list":["post-2233","product","type-product","status-publish","has-post-thumbnail","hentry","tag-bottle-labeling-machine","tag-round-bottle-labeling-machine","product-type-bottle-filling-production-line"],"_links":{"self":[{"href":"https:\/\/taizypackaging.com\/es\/wp-json\/wp\/v2\/product\/2233","targetHints":{"allow":["GET"]}}],"collection":[{"href":"https:\/\/taizypackaging.com\/es\/wp-json\/wp\/v2\/product"}],"about":[{"href":"https:\/\/taizypackaging.com\/es\/wp-json\/wp\/v2\/types\/product"}],"author":[{"embeddable":true,"href":"https:\/\/taizypackaging.com\/es\/wp-json\/wp\/v2\/users\/1"}],"wp:featuredmedia":[{"embeddable":true,"href":"https:\/\/taizypackaging.com\/es\/wp-json\/wp\/v2\/media\/2241"}],"wp:attachment":[{"href":"https:\/\/taizypackaging.com\/es\/wp-json\/wp\/v2\/media?parent=2233"}],"wp:term":[{"taxonomy":"post_tag","embeddable":true,"href":"https:\/\/taizypackaging.com\/es\/wp-json\/wp\/v2\/tags?post=2233"},{"taxonomy":"product-type","embeddable":true,"href":"https:\/\/taizypackaging.com\/es\/wp-json\/wp\/v2\/product-type?post=2233"}],"curies":[{"name":"wp","href":"https:\/\/api.w.org\/{rel}","templated":true}]}}