{"id":2316,"date":"2021-07-19T09:36:01","date_gmt":"2021-07-19T09:36:01","guid":{"rendered":"https:\/\/taizypackaging.com\/?p=2316"},"modified":"2024-07-17T17:30:05","modified_gmt":"2024-07-17T09:30:05","slug":"vacuum-capping-machine-for-sale","status":"publish","type":"product","link":"https:\/\/taizypackaging.com\/es\/vacuum-capping-machine-for-sale\/","title":{"rendered":"M\u00e1quina taponadora al vac\u00edo"},"content":{"rendered":"<div class=\"kk-star-ratings kksr-auto kksr-align-left kksr-valign-top\"     data-payload='{&quot;align&quot;:&quot;left&quot;,&quot;id&quot;:&quot;2316&quot;,&quot;slug&quot;:&quot;default&quot;,&quot;valign&quot;:&quot;top&quot;,&quot;ignore&quot;:&quot;&quot;,&quot;reference&quot;:&quot;auto&quot;,&quot;class&quot;:&quot;&quot;,&quot;count&quot;:&quot;30&quot;,&quot;legendonly&quot;:&quot;&quot;,&quot;readonly&quot;:&quot;&quot;,&quot;score&quot;:&quot;4.7&quot;,&quot;starsonly&quot;:&quot;&quot;,&quot;best&quot;:&quot;5&quot;,&quot;gap&quot;:&quot;5&quot;,&quot;greet&quot;:&quot;Rate this product&quot;,&quot;legend&quot;:&quot;4.7\\\/5 - (30 votos)&quot;,&quot;size&quot;:&quot;24&quot;,&quot;title&quot;:&quot;Vacuum Capping Machine&quot;,&quot;width&quot;:&quot;133.8&quot;,&quot;_legend&quot;:&quot;{score}\\\/{best} - ({count} {votes})&quot;,&quot;font_factor&quot;:&quot;1.25&quot;}'>              <div class=\"kksr-stars\">      <div class=\"kksr-stars-inactive\">             <div class=\"kksr-star\" data-star=\"1\" style=\"padding-right: 5px\">               <div class=\"kksr-icon\" style=\"width: 24px; height: 24px;\"><\/div>         <\/div>             <div class=\"kksr-star\" data-star=\"2\" style=\"padding-right: 5px\">               <div class=\"kksr-icon\" style=\"width: 24px; height: 24px;\"><\/div>         <\/div>             <div class=\"kksr-star\" data-star=\"3\" style=\"padding-right: 5px\">               <div class=\"kksr-icon\" style=\"width: 24px; height: 24px;\"><\/div>         <\/div>             <div class=\"kksr-star\" data-star=\"4\" style=\"padding-right: 5px\">               <div class=\"kksr-icon\" style=\"width: 24px; height: 24px;\"><\/div>         <\/div>             <div class=\"kksr-star\" data-star=\"5\" style=\"padding-right: 5px\">               <div class=\"kksr-icon\" style=\"width: 24px; height: 24px;\"><\/div>         <\/div>     <\/div>      <div class=\"kksr-stars-active\" style=\"width: 133.8px;\">             <div class=\"kksr-star\" style=\"padding-right: 5px\">               <div class=\"kksr-icon\" style=\"width: 24px; height: 24px;\"><\/div>         <\/div>             <div class=\"kksr-star\" style=\"padding-right: 5px\">               <div class=\"kksr-icon\" style=\"width: 24px; height: 24px;\"><\/div>         <\/div>             <div class=\"kksr-star\" style=\"padding-right: 5px\">               <div class=\"kksr-icon\" style=\"width: 24px; height: 24px;\"><\/div>         <\/div>             <div class=\"kksr-star\" style=\"padding-right: 5px\">               <div class=\"kksr-icon\" style=\"width: 24px; height: 24px;\"><\/div>         <\/div>             <div class=\"kksr-star\" style=\"padding-right: 5px\">               <div class=\"kksr-icon\" style=\"width: 24px; height: 24px;\"><\/div>         <\/div>     <\/div> <\/div>                   <div class=\"kksr-legend\" style=\"font-size: 19.2px;\">             4,7\/5 - (30 votos)    <\/div>     <\/div>  <p class=\"translation-block\"><strong>M\u00e1quina de envasado al vac\u00edo<\/strong> aqu\u00ed hay un tipo de m\u00e1quina de sellado de tapas semiautom\u00e1tica. Mientras tanto, tambi\u00e9n es una m\u00e1quina de tapado rotativa. Esta <strong>m\u00e1quina de tapado de botellas al vac\u00edo<\/strong> se aplica principalmente al sellado al vac\u00edo para botellas redondas, botellas cuadradas, botellas acanaladas y otras botellas de vidrio, frascos y latas. Se utiliza ampliamente en muchas industrias como la industria de alimentos y bebidas, y la industria farmac\u00e9utica. Un <strong>tapador de botellas de vidrio<\/strong> tiene una gran demanda en todos los \u00e1mbitos de la vida. En resumen, donde las botellas se llenan, se necesitan m\u00e1quinas de sellado al vac\u00edo. Esta es, sin duda, una gran oportunidad para su negocio. Cont\u00e1ctenos hoy para obtener informaci\u00f3n detallada de compra. <\/p>    <h2 class=\"wp-block-heading\" id=\"vacuum-capping-machine-working-video\">V\u00eddeo de funcionamiento de la m\u00e1quina taponadora al vac\u00edo <\/h2>   <figure class=\"wp-block-embed-youtube wp-block-embed is-type-video is-provider-youtube wp-embed-aspect-16-9 wp-has-aspect-ratio\"><div class=\"lyte-wrapper fourthree\" title=\"M\u00e1quina taponadora al vac\u00edo para tarros, botellas y envases de vidrio Semiautom\u00e1tica | Buen rendimiento y bajo costo\" style=\"width:960px;max-width:100%;margin:5px auto;\"><div class=\"lyMe hidef\" id=\"WYL_BWf1Jd0ly80\" itemprop=\"video\" itemscope itemtype=\"https:\/\/schema.org\/VideoObject\"><div><meta itemprop=\"thumbnailUrl\" content=\"https:\/\/taizypackaging.com\/wp-content\/plugins\/wp-youtube-lyte\/lyteCache.php?origThumbUrl=https%3A%2F%2Fi.ytimg.com%2Fvi%2FBWf1Jd0ly80%2Fmaxresdefault.jpg\" \/><meta itemprop=\"embedURL\" content=\"https:\/\/www.youtube.com\/embed\/BWf1Jd0ly80\" \/><meta itemprop=\"duration\" content=\"PT1M9S\" \/><meta itemprop=\"uploadDate\" content=\"2022-02-17T03:05:20Z\" \/><\/div><meta itemprop=\"accessibilityFeature\" content=\"captions\" \/><div id=\"lyte_BWf1Jd0ly80\" data-src=\"https:\/\/taizypackaging.com\/wp-content\/plugins\/wp-youtube-lyte\/lyteCache.php?origThumbUrl=https%3A%2F%2Fi.ytimg.com%2Fvi%2FBWf1Jd0ly80%2Fmaxresdefault.jpg\" class=\"pL\"><div class=\"tC\"><div class=\"tT\" itemprop=\"name\">M\u00e1quina taponadora al vac\u00edo para tarros, botellas y envases de vidrio Semiautom\u00e1tica | Buen rendimiento y bajo costo<\/div><\/div><div class=\"play\"><\/div><div class=\"ctrl\"><div class=\"Lctrl\"><\/div><div class=\"Rctrl\"><\/div><\/div><\/div><noscript><a href=\"https:\/\/youtu.be\/BWf1Jd0ly80\" rel=\"nofollow noopener\" target=\"_blank\"><img loading=\"lazy\" decoding=\"async\" src=\"https:\/\/taizypackaging.com\/wp-content\/plugins\/wp-youtube-lyte\/lyteCache.php?origThumbUrl=https%3A%2F%2Fi.ytimg.com%2Fvi%2FBWf1Jd0ly80%2F0.jpg\" alt=\"M\u00e1quina taponadora al vac\u00edo para tarros, botellas y envases de vidrio Semiautom\u00e1tica | Buen rendimiento y bajo costo\" width=\"960\" height=\"700\" \/><br \/>Watch this video on YouTube<\/a><\/noscript><meta itemprop=\"description\" content=\"#vacuumcapping #bottlecapper #cappingmachine EMAIL: info@taizypackaging.com TEL\/WHATSAPP: +86 18837171591 USEFUL LINK: https:\/\/taizypackaging.com\/vacuum-capping-machine-for-sale\/ This vacuum capping machine is a semi automatic bottle capper. It is suitable for various glass bottles and jars. And it is widely used in lots of industries like the food &amp; beverage industry, pharmaceutical industry. Vacuum capping machine has a wide range of applications, such as sesame sauce, chili sauce, peanut butter, jam, canned peach, bird&#039;s nest, beer, wine, oil, milk, etc. A semi auto vacuum capping machine is usually used together with a paste filling machine, when the sauce or liquid is filled, the bottle and the cap are put together on the machine for capping. Vacuum bottle capping machine uses a PLC control screen, Chinese and English languages available. You can set capping time, vacuum time on it easily. Besides, this semi automatic bottle capping machine has 4 vacuum capping heads, high efficiency. Moreover, with stainless steel body materials, the bottle capper is durable and has a long service life. What is more, it has two fixed cylinders, 4 wheels, a rotary cylinder, and a workbox. You may also like these videos: Automatic paste filling machine: https:\/\/www.youtube.com\/watch?v=EwhasMp_vJI Automatic round bottle labeling machine: https:\/\/www.youtube.com\/watch?v=CCdx5K88i5Q Automatic bottle capping machine: https:\/\/www.youtube.com\/watch?v=w6hJUqlY1gk EMAIL: info@taizypackaging.com TEL\/WHATSAPP: +86 18837171591 USEFUL LINK: https:\/\/taizypackaging.com\/vacuum-capping-machine-for-sale\/\"><\/div><\/div><div class=\"lL\" style=\"max-width:100%;width:960px;margin:5px auto;\"><\/div><figcaption><\/figcaption><\/figure>   <p class=\"translation-block\"><strong>Principio de funcionamiento:<\/strong> Coloque las botellas de vidrio en el molde, y el molde se rota intermitentemente por la mesa giratoria con acci\u00f3n en cuatro partes iguales. El mecanismo de sujeci\u00f3n de la botella sostiene la botella firmemente, luego el molde se dirige a la estaci\u00f3n de tapado, y el actuador rotatorio se presiona hacia abajo y se tapan para formar la cavidad de vac\u00edo.<\/p>    <h2 class=\"wp-block-heading\" id=\"h-introduction-of-vacuum-capping-machine\">Aplicaciones de la m\u00e1quina taponadora al vac\u00edo <\/h2>    <p class=\"translation-block\">La m\u00e1quina de sellado al vac\u00edo se utiliza principalmente para el sellado al vac\u00edo de varias botellas de vidrio con una tapa de hojalata. Tiene una amplia gama de aplicaciones, como salsa de s\u00e9samo, salsa picante, mantequilla de man\u00ed, mermelada, durazno enlatado, nido de p\u00e1jaros, cerveza, vino, aceite, leche, etc. Una m\u00e1quina de sellado al vac\u00edo semiautom\u00e1tica forma un espacio completamente cerrado que previene eficazmente el crecimiento bacteriano, la oxidaci\u00f3n y el deterioro. Tiene el efecto de preservar la calidad. Por cierto, una m\u00e1quina de sellado al vac\u00edo suele usarse junto con una <a rel=\"noreferrer noopener\" href=\"https:\/\/taizypackaging.com\/es\/semi-automatic-paste-filling-machine\/\" target=\"_blank\">m\u00e1quina de llenado de pasta<\/a>, cuando la salsa o el l\u00edquido se llena, la botella y la tapa se colocan juntas en la m\u00e1quina para el sellado.<\/p>    <figure class=\"wp-block-image size-full\"><img decoding=\"async\" src=\"https:\/\/taizypackaging.com\/wp-content\/uploads\/2021\/07\/vacuum-capping-machine-applications.jpg\" alt=\"Aplicaciones de la m\u00e1quina taponadora al vac\u00edo.\" class=\"wp-image-3778\"\/><figcaption class=\"wp-element-caption\">Aplicaciones de la m\u00e1quina taponadora al vac\u00edo.<\/figcaption><\/figure>    <h2 class=\"wp-block-heading\" id=\"h-the-structure-of-vacuum-bottle-capping-machine\">Caracter\u00edsticas estructurales de la m\u00e1quina taponadora de botellas al vac\u00edo. <\/h2>    <p>La m\u00e1quina taponadora de botellas al vac\u00edo utiliza una pantalla de control PLC y est\u00e1 disponible en los idiomas chino e ingl\u00e9s. Puede configurar el tiempo de tapado y el tiempo de aspiraci\u00f3n f\u00e1cilmente. Adem\u00e1s, esta m\u00e1quina taponadora de botellas semiautom\u00e1tica tiene 4 cabezales taponadores al vac\u00edo, de alta eficiencia. Adem\u00e1s, con el cuerpo de acero inoxidable, la taponadora de botellas es duradera y tiene una larga vida \u00fatil. Adem\u00e1s, cuenta con dos cilindros fijos, 4 ruedas, un cilindro giratorio y una caja de trabajo. <\/p>    <figure class=\"wp-block-image size-full\"><img decoding=\"async\" src=\"https:\/\/taizypackaging.com\/wp-content\/uploads\/2021\/07\/vacuum-capping-machine-structure.jpg\" alt=\"estructura de la m\u00e1quina taponadora al vac\u00edo\" class=\"wp-image-3780\"\/><figcaption class=\"wp-element-caption\">estructura de la m\u00e1quina taponadora al vac\u00edo<\/figcaption><\/figure>    <h2 class=\"wp-block-heading\" id=\"h-machine-parameters\">Par\u00e1metros de la taponadora de botellas de vidrio al vac\u00edo<\/h2>    <figure class=\"wp-block-table is-style-stripes\"><table class=\"has-fixed-layout\"><tbody><tr><td>Fuerza<\/td><td>220V\/50HZ\/1.5KW<\/td><\/tr><tr><td>Presi\u00f3n del aire<\/td><td>0,5 ~ 0,8 MPa<\/td><\/tr><tr><td>Capacidad<\/td><td>10~15 botellas\/minuto<\/td><\/tr><tr><td>Di\u00e1metro del tap\u00f3n de rosca<\/td><td>Puede ser personalizado<\/td><\/tr><tr><td>Tama\u00f1o de la botella<\/td><td>Puede ser personalizado<\/td><\/tr><tr><td>Tama\u00f1o de la m\u00e1quina<\/td><td>650*750*1600mm<\/td><\/tr><tr><td>Peso<\/td><td>180 kilos<\/td><\/tr><\/tbody><\/table><\/figure>    <h2 class=\"wp-block-heading\" id=\"h-features-of-vacuum-capping-machine\">Caracter\u00edsticas de rendimiento de la m\u00e1quina taponadora al vac\u00edo Taizy a la venta<\/h2>    <ul class=\"wp-block-list\"> <li>La m\u00e1quina taponadora al vac\u00edo adopta el m\u00e9todo de evacuaci\u00f3n con bomba de vac\u00edo para garantizar un alto grado de vac\u00edo y mejorar la eficiencia y la calidad del sellado.<\/li>    <li>La m\u00e1quina taponadora al vac\u00edo semiautom\u00e1tica adopta un sistema de control PLC, la operaci\u00f3n simple a trav\u00e9s de la pantalla puede ajustar diferentes modos y par\u00e1metros.<\/li>    <li>El dise\u00f1o \u00fanico de la m\u00e1quina puede ser compatible con diferentes tama\u00f1os y formas de tapas, y los moldes de botellas y cabezales taponadores se pueden personalizar seg\u00fan las diferentes necesidades de los clientes.<\/li>    <li>Toda la m\u00e1quina est\u00e1 hecha de material de acero inoxidable 304 con resistencia a la corrosi\u00f3n, resistencia al calor y buenos beneficios de procesabilidad para extender la vida \u00fatil de la m\u00e1quina.<\/li>    <li>Los principales componentes neum\u00e1ticos y el\u00e9ctricos utilizan marcas reconocidas internacionalmente para garantizar un rendimiento estable y confiable.<\/li>    <li> Cabe mencionar que nuestras m\u00e1quinas est\u00e1n equipadas con separadores agua-aceite, los cuales generalmente no son configurados por otros fabricantes. Sabemos que este tipo de m\u00e1quina debe usarse en combinaci\u00f3n con un compresor de aire para crear un ambiente de vac\u00edo, y este separador de agua y aceite y el compresor de aire juntos pueden extender la vida \u00fatil del cilindro. Tambi\u00e9n puede evitar que el cilindro entre agua y acelerar el da\u00f1o a la m\u00e1quina.<\/li> <\/ul>    <h2 class=\"wp-block-heading\" id=\"h-details-of-vacuum-capping-machine-semi-automatic\">Detalles de la m\u00e1quina taponadora al vac\u00edo semiautom\u00e1tica.<\/h2>    <figure class=\"wp-block-image size-large\"><img decoding=\"async\" src=\"https:\/\/taizypackaging.com\/wp-content\/uploads\/2021\/07\/\u753b\u677f-2.jpg\" alt=\"\" class=\"wp-image-2319\"\/><\/figure>    <h2 class=\"wp-block-heading\" id=\"h-why-do-we-need-vacuum-capping\">\u00bfPor qu\u00e9 necesitamos tapar al vac\u00edo? <\/h2>    <p>Como todos sabemos, los alimentos envasados \u200b\u200bal vac\u00edo suelen tener una larga vida \u00fatil, porque el envasado al vac\u00edo reduce el ox\u00edgeno en la atm\u00f3sfera, limita el crecimiento de bacterias aer\u00f3bicas u hongos y evita la evaporaci\u00f3n de componentes vol\u00e1tiles. Al mismo tiempo, el envasado al vac\u00edo evita el uso de conservantes, lo que restablece en cierta medida el valor nutricional del propio alimento. Por \u00faltimo, los art\u00edculos envasados \u200b\u200bal vac\u00edo tambi\u00e9n tienen menos probabilidades de sufrir da\u00f1os durante el transporte.<\/p>    <h2 class=\"wp-block-heading\" id=\"bottle-capping-machines-exported-to-cameroon-africa\">M\u00e1quinas taponadoras de botellas exportadas a Camer\u00fan, \u00c1frica<\/h2>    <p class=\"translation-block\">El mes pasado, un cliente de Camer\u00fan, \u00c1frica, encarg\u00f3 una m\u00e1quina de sellado al vac\u00edo a trav\u00e9s de nuestro <a href=\"https:\/\/taizypackaging.com\/es\/\">sitio web oficial de la empresa Taizy<\/a>. Durante la conversaci\u00f3n de seguimiento, el cliente nos envi\u00f3 fotos en vivo del producto despu\u00e9s del embalaje. Qued\u00f3 satisfecho con la calidad y el efecto de embalaje de nuestra m\u00e1quina y expres\u00f3 su voluntad de cooperar con nosotros en los pr\u00f3ximos a\u00f1os. Nuestro personal hizo las sugerencias correspondientes sobre el uso y el mantenimiento de la m\u00e1quina seg\u00fan el entorno de la f\u00e1brica.<\/p>    <figure class=\"wp-block-image size-large\"><img decoding=\"async\" src=\"https:\/\/taizypackaging.com\/wp-content\/uploads\/2021\/07\/\u5ba2\u6237\u53cd\u9988\u56fe.jpg\" alt=\"\" class=\"wp-image-2320\"\/><figcaption class=\"wp-element-caption\">fotos en vivo de nuestro cliente<\/figcaption><\/figure>    <h2 class=\"wp-block-heading\" id=\"h-cleaning-and-maintenance\">M\u00e9todos de mantenimiento de la m\u00e1quina selladora de botellas al vac\u00edo Taizy<\/h2>    <ul class=\"wp-block-list\"> <li>Limpie la superficie de la mesa de la m\u00e1quina y el molde con regularidad (primero debe apagar la alimentaci\u00f3n y el suministro de aire)<\/li>    <li>Lubrique peri\u00f3dicamente las piezas m\u00f3viles, como ejes giratorios y carriles gu\u00eda.<\/li>    <li>El aceite de la bomba de vac\u00edo debe reemplazarse peri\u00f3dicamente, normalmente una vez cada 3 a 6 meses.<\/li>    <li>Limpiar los filtros de aire regularmente.<\/li>    <li>Durante el funcionamiento normal de la bomba de vac\u00edo, mantenga el aceite de la bomba de vac\u00edo en la bomba no por debajo de la marca de aceite. No mezcle con diferentes marcas y modelos de aceite para bombas de vac\u00edo al repostar.<\/li> <\/ul>    <h2 class=\"wp-block-heading\" id=\"get-a-free-quote\">\u00a1Obtenga una cuota gratis!<\/h2>    <p class=\"translation-block\">La m\u00e1quina de sellado al vac\u00edo en venta de nuestra empresa tiene un buen rendimiento y el mejor precio. Este tipo de m\u00e1quina de envasado de botellas es muy popular en todo el mundo. Adem\u00e1s, desde nosotros est\u00e1 disponible una <a href=\"https:\/\/taizypackaging.com\/es\/automatic-capping-machine\/\">m\u00e1quina autom\u00e1tica de tapado de botellas<\/a>. Tiene caracter\u00edsticas y ventajas diferentes en comparaci\u00f3n con la m\u00e1quina mostrada. \u00bfDesea obtener m\u00e1s informaci\u00f3n \u00fatil o una lista de precios gratuita? Deje sus requisitos y le responderemos lo antes posible.  <\/p>","protected":false},"excerpt":{"rendered":"<p>Vacuum capping machine here is a type of semi automatic bottle cap sealing machine. Meanwhile, it is also a rotary capping machine. This vacuum bottle capping machine is mainly applied in vacuum capping for round bottles, square bottles, fluted bottles, and other glass bottles, jars, and cans. It is widely used in lots of industries [&hellip;]<\/p>\n","protected":false},"author":1,"featured_media":2323,"parent":0,"template":"","tags":[588,90,497,498],"product-type":[668],"class_list":["post-2316","product","type-product","status-publish","has-post-thumbnail","hentry","tag-bottle-capping-machine","tag-capping-machine","tag-vacuum-capping","tag-vacuum-capping-machine","product-type-supporting-equipment"],"_links":{"self":[{"href":"https:\/\/taizypackaging.com\/es\/wp-json\/wp\/v2\/product\/2316","targetHints":{"allow":["GET"]}}],"collection":[{"href":"https:\/\/taizypackaging.com\/es\/wp-json\/wp\/v2\/product"}],"about":[{"href":"https:\/\/taizypackaging.com\/es\/wp-json\/wp\/v2\/types\/product"}],"author":[{"embeddable":true,"href":"https:\/\/taizypackaging.com\/es\/wp-json\/wp\/v2\/users\/1"}],"wp:featuredmedia":[{"embeddable":true,"href":"https:\/\/taizypackaging.com\/es\/wp-json\/wp\/v2\/media\/2323"}],"wp:attachment":[{"href":"https:\/\/taizypackaging.com\/es\/wp-json\/wp\/v2\/media?parent=2316"}],"wp:term":[{"taxonomy":"post_tag","embeddable":true,"href":"https:\/\/taizypackaging.com\/es\/wp-json\/wp\/v2\/tags?post=2316"},{"taxonomy":"product-type","embeddable":true,"href":"https:\/\/taizypackaging.com\/es\/wp-json\/wp\/v2\/product-type?post=2316"}],"curies":[{"name":"wp","href":"https:\/\/api.w.org\/{rel}","templated":true}]}}