{"id":2429,"date":"2021-07-25T07:50:54","date_gmt":"2021-07-25T07:50:54","guid":{"rendered":"https:\/\/taizypackaging.com\/?p=2429"},"modified":"2024-07-17T16:58:32","modified_gmt":"2024-07-17T08:58:32","slug":"automatic-capping-machine","status":"publish","type":"product","link":"https:\/\/taizypackaging.com\/es\/automatic-capping-machine\/","title":{"rendered":"M\u00e1quina taponadora autom\u00e1tica"},"content":{"rendered":"<div class=\"kk-star-ratings kksr-auto kksr-align-left kksr-valign-top\"     data-payload='{&quot;align&quot;:&quot;left&quot;,&quot;id&quot;:&quot;2429&quot;,&quot;slug&quot;:&quot;default&quot;,&quot;valign&quot;:&quot;top&quot;,&quot;ignore&quot;:&quot;&quot;,&quot;reference&quot;:&quot;auto&quot;,&quot;class&quot;:&quot;&quot;,&quot;count&quot;:&quot;20&quot;,&quot;legendonly&quot;:&quot;&quot;,&quot;readonly&quot;:&quot;&quot;,&quot;score&quot;:&quot;4.6&quot;,&quot;starsonly&quot;:&quot;&quot;,&quot;best&quot;:&quot;5&quot;,&quot;gap&quot;:&quot;5&quot;,&quot;greet&quot;:&quot;Rate this product&quot;,&quot;legend&quot;:&quot;4.6\\\/5 - (20 votos)&quot;,&quot;size&quot;:&quot;24&quot;,&quot;title&quot;:&quot;Automatic Capping Machine&quot;,&quot;width&quot;:&quot;130.9&quot;,&quot;_legend&quot;:&quot;{score}\\\/{best} - ({count} {votes})&quot;,&quot;font_factor&quot;:&quot;1.25&quot;}'>              <div class=\"kksr-stars\">      <div class=\"kksr-stars-inactive\">             <div class=\"kksr-star\" data-star=\"1\" style=\"padding-right: 5px\">               <div class=\"kksr-icon\" style=\"width: 24px; height: 24px;\"><\/div>         <\/div>             <div class=\"kksr-star\" data-star=\"2\" style=\"padding-right: 5px\">               <div class=\"kksr-icon\" style=\"width: 24px; height: 24px;\"><\/div>         <\/div>             <div class=\"kksr-star\" data-star=\"3\" style=\"padding-right: 5px\">               <div class=\"kksr-icon\" style=\"width: 24px; height: 24px;\"><\/div>         <\/div>             <div class=\"kksr-star\" data-star=\"4\" style=\"padding-right: 5px\">               <div class=\"kksr-icon\" style=\"width: 24px; height: 24px;\"><\/div>         <\/div>             <div class=\"kksr-star\" data-star=\"5\" style=\"padding-right: 5px\">               <div class=\"kksr-icon\" style=\"width: 24px; height: 24px;\"><\/div>         <\/div>     <\/div>      <div class=\"kksr-stars-active\" style=\"width: 130.9px;\">             <div class=\"kksr-star\" style=\"padding-right: 5px\">               <div class=\"kksr-icon\" style=\"width: 24px; height: 24px;\"><\/div>         <\/div>             <div class=\"kksr-star\" style=\"padding-right: 5px\">               <div class=\"kksr-icon\" style=\"width: 24px; height: 24px;\"><\/div>         <\/div>             <div class=\"kksr-star\" style=\"padding-right: 5px\">               <div class=\"kksr-icon\" style=\"width: 24px; height: 24px;\"><\/div>         <\/div>             <div class=\"kksr-star\" style=\"padding-right: 5px\">               <div class=\"kksr-icon\" style=\"width: 24px; height: 24px;\"><\/div>         <\/div>             <div class=\"kksr-star\" style=\"padding-right: 5px\">               <div class=\"kksr-icon\" style=\"width: 24px; height: 24px;\"><\/div>         <\/div>     <\/div> <\/div>                   <div class=\"kksr-legend\" style=\"font-size: 19.2px;\">             4,6\/5 - (20 votos)    <\/div>     <\/div>  <p class=\"translation-block\"><strong>La m\u00e1quina de taponado autom\u00e1tico<\/strong> aqu\u00ed es un tipo de m\u00e1quina de taponado de botellas de pl\u00e1stico. Es adecuada para sellar varios botellas de pl\u00e1stico, tarros y latas. Y la <strong>m\u00e1quina de taponado autom\u00e1tico de botellas<\/strong> se utiliza ampliamente en las industrias de alimentos y bebidas, qu\u00edmicas, cosm\u00e9ticos y farmac\u00e9uticas. Podemos decir que las empresas que llenan botellas, latas y contenedores necesitan m\u00e1quinas de taponado para asegurar que el producto est\u00e9 sellado de manera ajustada y eficiente. Como un fabricante de m\u00e1quinas de taponado fuerte y confiable en China, Taizy Packaging Machinery proporciona excelentes <strong>m\u00e1quinas de sellado de botellas<\/strong> de acuerdo con est\u00e1ndares internacionales. Bienvenido a contactarnos para obtener el mejor precio. <\/p>    <h2 class=\"wp-block-heading\" id=\"h-what-is-automatic-capping-machine\">\u00bfQu\u00e9 es la m\u00e1quina taponadora autom\u00e1tica? <\/h2>    <p>La m\u00e1quina taponadora autom\u00e1tica puede girar la tapa con hilo, mediante un motor ordinario con cuatro garras para apretar la tapa. Esta m\u00e1quina tiene la forma de tapadora abrasiva, f\u00e1cil de ajustar. La velocidad de limitaci\u00f3n se puede ajustar arbitrariamente seg\u00fan la salida del usuario. Tiene un dise\u00f1o razonable, estructura compacta y alta eficiencia de limitaci\u00f3n. La tapa no se deslizar\u00e1 ni se romper\u00e1, el proceso de trabajo es estable y confiable. Esta m\u00e1quina taponadora autom\u00e1tica tiene una larga vida \u00fatil, operaci\u00f3n simple y f\u00e1cil mantenimiento. Es ampliamente utilizado en las industrias farmac\u00e9utica, alimentaria, qu\u00edmica y otras.<\/p>    <figure class=\"wp-block-image size-full\"><img loading=\"lazy\" decoding=\"async\" width=\"720\" height=\"540\" src=\"https:\/\/taizypackaging.com\/wp-content\/uploads\/2021\/07\/automatic-bottle-capping-machine.jpg\" alt=\"m\u00e1quina taponadora de botellas autom\u00e1tica\" class=\"wp-image-3798\" srcset=\"https:\/\/taizypackaging.com\/wp-content\/uploads\/2021\/07\/automatic-bottle-capping-machine.jpg 720w, https:\/\/taizypackaging.com\/wp-content\/uploads\/2021\/07\/automatic-bottle-capping-machine-300x225.jpg 300w\" sizes=\"auto, (max-width: 720px) 100vw, 720px\" \/><figcaption>m\u00e1quina taponadora de botellas autom\u00e1tica<\/figcaption><\/figure>    <h2 class=\"wp-block-heading\" id=\"structure-details-of-automatic-capper-machine\"> Detalles de la estructura de la m\u00e1quina taponadora autom\u00e1tica.<\/h2>    <p>Esta m\u00e1quina taponadora autom\u00e1tica consta principalmente de estas piezas: un motor de marca, un sistema de control PLC, un transportador, un motor de fricci\u00f3n, una rueda de ajuste, un cuerpo de acero inoxidable, una tapa de presi\u00f3n, etc. Esta m\u00e1quina puede realizar el proceso de taponado autom\u00e1tico para varias botellas de pl\u00e1stico. Con un sistema de control PLC inteligente, es f\u00e1cil de operar a trav\u00e9s de una gran pantalla t\u00e1ctil. Adem\u00e1s, tiene ruedas, f\u00e1ciles de mover. Adem\u00e1s, al adoptar un material duradero de acero inoxidable 304, la m\u00e1quina taponadora autom\u00e1tica tiene una larga vida \u00fatil y un buen rendimiento. <\/p>    <figure class=\"wp-block-image size-full\"><img decoding=\"async\" src=\"https:\/\/taizypackaging.com\/wp-content\/uploads\/2021\/07\/automatic-capping-machine-structure.jpg\" alt=\"estructura de la m\u00e1quina taponadora autom\u00e1tica\" class=\"wp-image-3806\"\/><figcaption>estructura de la m\u00e1quina taponadora autom\u00e1tica<\/figcaption><\/figure>    <h2 class=\"wp-block-heading\" id=\"how-does-a-screw-bottle-capping-machine-work\">\u00bfC\u00f3mo funciona una m\u00e1quina taponadora de botellas de tornillo? <\/h2>   <figure class=\"wp-block-embed-youtube wp-block-embed is-type-video is-provider-youtube wp-embed-aspect-16-9 wp-has-aspect-ratio\"><div class=\"lyte-wrapper fourthree\" title=\"M\u00e1quina taponadora autom\u00e1tica | M\u00e1quina taponadora de tornillos\" style=\"width:960px;max-width:100%;margin:5px auto;\"><div class=\"lyMe hidef\" id=\"WYL_w6hJUqlY1gk\" itemprop=\"video\" itemscope itemtype=\"https:\/\/schema.org\/VideoObject\"><div><meta itemprop=\"thumbnailUrl\" content=\"https:\/\/taizypackaging.com\/wp-content\/plugins\/wp-youtube-lyte\/lyteCache.php?origThumbUrl=https%3A%2F%2Fi.ytimg.com%2Fvi%2Fw6hJUqlY1gk%2Fmaxresdefault.jpg\" \/><meta itemprop=\"embedURL\" content=\"https:\/\/www.youtube.com\/embed\/w6hJUqlY1gk\" \/><meta itemprop=\"duration\" content=\"PT28S\" \/><meta itemprop=\"uploadDate\" content=\"2021-07-25T02:19:35Z\" \/><\/div><div id=\"lyte_w6hJUqlY1gk\" data-src=\"https:\/\/taizypackaging.com\/wp-content\/plugins\/wp-youtube-lyte\/lyteCache.php?origThumbUrl=https%3A%2F%2Fi.ytimg.com%2Fvi%2Fw6hJUqlY1gk%2Fmaxresdefault.jpg\" class=\"pL\"><div class=\"tC\"><div class=\"tT\" itemprop=\"name\">M\u00e1quina taponadora autom\u00e1tica | M\u00e1quina taponadora de tornillos<\/div><\/div><div class=\"play\"><\/div><div class=\"ctrl\"><div class=\"Lctrl\"><\/div><div class=\"Rctrl\"><\/div><\/div><\/div><noscript><a href=\"https:\/\/youtu.be\/w6hJUqlY1gk\" rel=\"nofollow noopener\" target=\"_blank\"><img loading=\"lazy\" decoding=\"async\" src=\"https:\/\/taizypackaging.com\/wp-content\/plugins\/wp-youtube-lyte\/lyteCache.php?origThumbUrl=https%3A%2F%2Fi.ytimg.com%2Fvi%2Fw6hJUqlY1gk%2F0.jpg\" alt=\"M\u00e1quina taponadora autom\u00e1tica | M\u00e1quina taponadora de tornillos\" width=\"960\" height=\"700\" \/><br \/>Watch this video on YouTube<\/a><\/noscript><meta itemprop=\"description\" content=\"WhatsApp\/Wechat\/Tel:+86 19139754781 An automatic capping machine can rotate the cap with thread, by ordinary motor drive four claws to tighten the cap. This machine is in the form of abrasive capping, easy to adjust. The capping speed can be adjusted arbitrarily according to the user&#039;s output. You can learn more information on:https:\/\/taizypackaging.com\/automatic-capping-machine-four-wheels-screw-capping-machine\/\"><\/div><\/div><div class=\"lL\" style=\"max-width:100%;width:960px;margin:5px auto;\"><\/div><figcaption>El flujo de trabajo de la m\u00e1quina taponadora autom\u00e1tica.<\/figcaption><\/figure>   <h2 class=\"wp-block-heading\" id=\"h-machine-parameters\">Par\u00e1metros de la m\u00e1quina taponadora autom\u00e1tica de botellas.<\/h2>    <figure class=\"wp-block-table is-style-stripes\"><table><tbody><tr><td>Fuerza                       <\/td><td>CA 220 V\/50 Hz\/300 W.<\/td><\/tr><tr><td>Zozobrar<\/td><td>15~70mm 40~100mm<\/td><\/tr><tr><td>Capacidad<\/td><td>0-40 botellas\/minuto<\/td><\/tr><tr><td>Di\u00e1metro de botellas<\/td><td>50~280 mm<\/td><\/tr><tr><td>Presi\u00f3n del aire<\/td><td>0,4 ~ 0,6 MPa<\/td><\/tr><tr><td>Peso<\/td><td>108 kilos<\/td><\/tr><tr><td>Tama\u00f1o de la m\u00e1quina<\/td><td>3500x470x1600mm<\/td><\/tr><\/tbody><\/table><\/figure>    <h2 class=\"wp-block-heading\" id=\"awesome-features-of-taizy-automatic-capping-machine-for-sale\">Caracter\u00edsticas impresionantes de la m\u00e1quina taponadora autom\u00e1tica Taizy a la venta<\/h2>    <ul class=\"wp-block-list\"><li>Es adecuado para muchos tipos de tapas, como la tapa en espiral, la tapa antirrobo, la tapa anti-ni\u00f1os y otras tapas de pl\u00e1stico.<\/li><li>La estructura de la m\u00e1quina taponadora de tornillos autom\u00e1tica es compacta y razonable. Puede funcionar de forma independiente o en conjunto con otras m\u00e1quinas como <a href=\"https:\/\/taizypackaging.com\/es\/automatic-liquid-filling-machine\/\">m\u00e1quina de llenado de l\u00edquidos<\/a> para aumentar la productividad.<\/li><li>Las placas de fricci\u00f3n mec\u00e1nicas tradicionales provocan un apriete desigual de la tapa. La situaci\u00f3n se puede cambiar mediante el uso de un potente dispositivo de torsi\u00f3n electromagn\u00e9tico en la tapa izquierda.<\/li><li>La m\u00e1quina adopta una pantalla t\u00e1ctil. El cliente puede ajustar la velocidad de carrera de la cinta transportadora, la longitud de la tapa y la distancia de carrera de la cinta transportadora lateral en la pantalla, que es muy flexible.<\/li><li>La cinta transportadora es accionada por un motor y se puede personalizar seg\u00fan el tama\u00f1o de la botella.<\/li><\/ul>    <h2 class=\"wp-block-heading\" id=\"what-is-the-difference-between-an-automatic-and-a-semi-automatic-bottle-capping-machine\">\u00bfCu\u00e1l es la diferencia entre una m\u00e1quina taponadora de botellas autom\u00e1tica y semiautom\u00e1tica?<\/h2>    <p class=\"translation-block\">En primer lugar, las botellas aplicables de las dos son diferentes. Una <a rel=\"noreferrer noopener\" href=\"https:\/\/taizypackaging.com\/es\/vacuum-capping-machine-for-sale\/\" target=\"_blank\">m\u00e1quina de taponado al vac\u00edo<\/a> puede crear un entorno de vac\u00edo, por lo que se utiliza principalmente para empaquetar botellas de vidrio de alimentos. La m\u00e1quina de taponado autom\u00e1tico tiene una tapa de presi\u00f3n para mantener la tapa en su lugar y evitar resbalones, por lo que se utiliza principalmente para empaquetar botellas m\u00e1s duras. A continuaci\u00f3n, una m\u00e1quina de taponado autom\u00e1tico puede ser utilizada con otras m\u00e1quinas sin operaci\u00f3n manual. La m\u00e1quina de taponado al vac\u00edo requiere que una persona coloque manualmente las botellas en los moldes. Finalmente, sus precios son diferentes. Si desea saber m\u00e1s sobre la informaci\u00f3n de costos, env\u00edenos un correo electr\u00f3nico o un mensaje de WhatsApp para una respuesta r\u00e1pida. <\/p>    <figure class=\"wp-block-image size-full\"><img decoding=\"async\" src=\"https:\/\/taizypackaging.com\/wp-content\/uploads\/2021\/07\/automatic-capping-machine-1.jpg\" alt=\"m\u00e1quina taponadora autom\u00e1tica\" class=\"wp-image-3790\"\/><figcaption>m\u00e1quina taponadora autom\u00e1tica<\/figcaption><\/figure>    <h2 class=\"wp-block-heading\" id=\"q-a-about-taizy-bottle-capping-machine\">Preguntas y respuestas sobre la m\u00e1quina taponadora de botellas Taizy<\/h2>    <p id=\"q-a\">1. \u00bfPara qu\u00e9 tipo de botellas se utiliza principalmente esta m\u00e1quina taponadora?<\/p>    <p>La m\u00e1quina se aplica principalmente a diversos tipos de medicamentos, medicina veterinaria, alimentos, cosm\u00e9ticos, jab\u00f3n de manos, detergentes, pesticidas y taponado autom\u00e1tico de botellas de la industria de lubricantes.<\/p>    <p>2. \u00bfCu\u00e1l es el material de la m\u00e1quina?<\/p>    <p>Toda la m\u00e1quina est\u00e1 hecha de acero inoxidable 304 con resistencia a la corrosi\u00f3n, resistencia al calor y buena procesabilidad para extender la vida \u00fatil de la m\u00e1quina.<\/p>    <p>3. \u00bfSe puede utilizar esta m\u00e1quina para tapar frascos u otras botellas de vidrio?<\/p>    <p>No, esta m\u00e1quina es adecuada para tapar botellas de pl\u00e1stico. Si desea tapar recipientes como frascos o botellas de vidrio, le recomiendo nuestra m\u00e1quina taponadora al vac\u00edo.<\/p>    <p>4. \u00bfCu\u00e1l es el precio de la m\u00e1quina taponadora autom\u00e1tica?<\/p>    <p class=\"translation-block\">En <a rel=\"noreferrer noopener\" href=\"https:\/\/taizypackaging.com\/es\/\" target=\"_blank\">la empresa Taizy<\/a>, nuestras m\u00e1quinas pueden ser personalizadas de acuerdo con las necesidades del cliente, por favor cont\u00e1ctenos directamente para precios espec\u00edficos.<\/p>    <h2 class=\"wp-block-heading\" id=\"related-machines-for-sale\">M\u00e1quinas relacionadas a la venta <\/h2>    <p class=\"translation-block\">Una m\u00e1quina de taponado autom\u00e1tico se utiliza generalmente con una m\u00e1quina de llenado de l\u00edquidos\/pastas y <a href=\"https:\/\/taizypackaging.com\/es\/machines-category\/labeling\/\">m\u00e1quina de etiquetado<\/a>. Pueden trabajar juntas para hacer una l\u00ednea de producci\u00f3n completa de llenado de l\u00edquidos\/pastas. Taizy es un proveedor poderoso y confiable de soluciones de embalaje en China, hoy en d\u00eda, estas m\u00e1quinas de nosotros han sido exportadas con \u00e9xito a m\u00e1s de 50 pa\u00edses y regiones. \u00bfQuieres obtener el mejor precio? Deja tus requisitos y te responderemos lo antes posible. <\/p>","protected":false},"excerpt":{"rendered":"<p>Automatic capping machine here is a kind of plastic bottle capping machine. It is suitable for sealing various plastic bottles, jars, and cans. And the automatic bottle capping machine is widely used in the food &amp; beverage, chemical, cosmetics, pharmaceuticals industries. We can say that companies fill bottles, cans, containers, they need capping machines to [&hellip;]<\/p>\n","protected":false},"author":1,"featured_media":2434,"parent":0,"template":"","tags":[48,588,90],"product-type":[663],"class_list":["post-2429","product","type-product","status-publish","has-post-thumbnail","hentry","tag-automatic-filling-machine","tag-bottle-capping-machine","tag-capping-machine","product-type-bottle-filling-production-line"],"_links":{"self":[{"href":"https:\/\/taizypackaging.com\/es\/wp-json\/wp\/v2\/product\/2429","targetHints":{"allow":["GET"]}}],"collection":[{"href":"https:\/\/taizypackaging.com\/es\/wp-json\/wp\/v2\/product"}],"about":[{"href":"https:\/\/taizypackaging.com\/es\/wp-json\/wp\/v2\/types\/product"}],"author":[{"embeddable":true,"href":"https:\/\/taizypackaging.com\/es\/wp-json\/wp\/v2\/users\/1"}],"wp:featuredmedia":[{"embeddable":true,"href":"https:\/\/taizypackaging.com\/es\/wp-json\/wp\/v2\/media\/2434"}],"wp:attachment":[{"href":"https:\/\/taizypackaging.com\/es\/wp-json\/wp\/v2\/media?parent=2429"}],"wp:term":[{"taxonomy":"post_tag","embeddable":true,"href":"https:\/\/taizypackaging.com\/es\/wp-json\/wp\/v2\/tags?post=2429"},{"taxonomy":"product-type","embeddable":true,"href":"https:\/\/taizypackaging.com\/es\/wp-json\/wp\/v2\/product-type?post=2429"}],"curies":[{"name":"wp","href":"https:\/\/api.w.org\/{rel}","templated":true}]}}