{"id":2444,"date":"2021-07-28T07:44:51","date_gmt":"2021-07-28T07:44:51","guid":{"rendered":"https:\/\/taizypackaging.com\/?p=2444"},"modified":"2024-07-16T18:31:24","modified_gmt":"2024-07-16T10:31:24","slug":"automatic-shrink-wrap-machine","status":"publish","type":"product","link":"https:\/\/taizypackaging.com\/es\/automatic-shrink-wrap-machine\/","title":{"rendered":"M\u00e1quina autom\u00e1tica de envoltura retr\u00e1ctil"},"content":{"rendered":"<div class=\"kk-star-ratings kksr-auto kksr-align-left kksr-valign-top\"     data-payload='{&quot;align&quot;:&quot;left&quot;,&quot;id&quot;:&quot;2444&quot;,&quot;slug&quot;:&quot;default&quot;,&quot;valign&quot;:&quot;top&quot;,&quot;ignore&quot;:&quot;&quot;,&quot;reference&quot;:&quot;auto&quot;,&quot;class&quot;:&quot;&quot;,&quot;count&quot;:&quot;27&quot;,&quot;legendonly&quot;:&quot;&quot;,&quot;readonly&quot;:&quot;&quot;,&quot;score&quot;:&quot;4.8&quot;,&quot;starsonly&quot;:&quot;&quot;,&quot;best&quot;:&quot;5&quot;,&quot;gap&quot;:&quot;5&quot;,&quot;greet&quot;:&quot;Rate this product&quot;,&quot;legend&quot;:&quot;4.8\\\/5 - (27 votos)&quot;,&quot;size&quot;:&quot;24&quot;,&quot;title&quot;:&quot;Automatic Shrink Wrap Machine&quot;,&quot;width&quot;:&quot;136.7&quot;,&quot;_legend&quot;:&quot;{score}\\\/{best} - ({count} {votes})&quot;,&quot;font_factor&quot;:&quot;1.25&quot;}'>              <div class=\"kksr-stars\">      <div class=\"kksr-stars-inactive\">             <div class=\"kksr-star\" data-star=\"1\" style=\"padding-right: 5px\">               <div class=\"kksr-icon\" style=\"width: 24px; height: 24px;\"><\/div>         <\/div>             <div class=\"kksr-star\" data-star=\"2\" style=\"padding-right: 5px\">               <div class=\"kksr-icon\" style=\"width: 24px; height: 24px;\"><\/div>         <\/div>             <div class=\"kksr-star\" data-star=\"3\" style=\"padding-right: 5px\">               <div class=\"kksr-icon\" style=\"width: 24px; height: 24px;\"><\/div>         <\/div>             <div class=\"kksr-star\" data-star=\"4\" style=\"padding-right: 5px\">               <div class=\"kksr-icon\" style=\"width: 24px; height: 24px;\"><\/div>         <\/div>             <div class=\"kksr-star\" data-star=\"5\" style=\"padding-right: 5px\">               <div class=\"kksr-icon\" style=\"width: 24px; height: 24px;\"><\/div>         <\/div>     <\/div>      <div class=\"kksr-stars-active\" style=\"width: 136.7px;\">             <div class=\"kksr-star\" style=\"padding-right: 5px\">               <div class=\"kksr-icon\" style=\"width: 24px; height: 24px;\"><\/div>         <\/div>             <div class=\"kksr-star\" style=\"padding-right: 5px\">               <div class=\"kksr-icon\" style=\"width: 24px; height: 24px;\"><\/div>         <\/div>             <div class=\"kksr-star\" style=\"padding-right: 5px\">               <div class=\"kksr-icon\" style=\"width: 24px; height: 24px;\"><\/div>         <\/div>             <div class=\"kksr-star\" style=\"padding-right: 5px\">               <div class=\"kksr-icon\" style=\"width: 24px; height: 24px;\"><\/div>         <\/div>             <div class=\"kksr-star\" style=\"padding-right: 5px\">               <div class=\"kksr-icon\" style=\"width: 24px; height: 24px;\"><\/div>         <\/div>     <\/div> <\/div>                   <div class=\"kksr-legend\" style=\"font-size: 19.2px;\">             4,8\/5 - (27 votos)    <\/div>     <\/div>  <p class=\"translation-block\"><strong>La envolvedora retr\u00e1ctil autom\u00e1tica<\/strong> tiene una gama extremadamente amplia de aplicaciones en la sociedad moderna. <strong>La m\u00e1quina envolvedora retr\u00e1ctil<\/strong> es adecuada para una variedad de productos, como libros, cosm\u00e9ticos, vajillas, juguetes, mascarillas, cepillos de dientes, medicamentos, art\u00edculos de primera necesidad, etc. Existe una tendencia creciente para esta <strong>m\u00e1quina de embalaje retr\u00e1ctil<\/strong> en el mercado mundial. En Taizy Packaging Machinery, podemos brindarle una \u00fatil gu\u00eda de compra y proporcionarle excelentes envolvedoras retr\u00e1ctiles autom\u00e1ticas. <\/p>    <h2 class=\"wp-block-heading\" id=\"h-the-working-process-of-automatic-heat-shrink-cutter\">Video de trabajo de la m\u00e1quina autom\u00e1tica de envasado termorretr\u00e1ctil.<\/h2>   <figure class=\"wp-block-embed-youtube wp-block-embed is-type-video is-provider-youtube wp-embed-aspect-16-9 wp-has-aspect-ratio\"><div class=\"lyte-wrapper fourthree\" title=\"M\u00e1quina autom\u00e1tica de retractilado | Cortadora termorretr\u00e1ctil autom\u00e1tica\" style=\"width:960px;max-width:100%;margin:5px auto;\"><div class=\"lyMe hidef\" id=\"WYL_dyFayXTAn-s\" itemprop=\"video\" itemscope itemtype=\"https:\/\/schema.org\/VideoObject\"><div><meta itemprop=\"thumbnailUrl\" content=\"https:\/\/taizypackaging.com\/wp-content\/plugins\/wp-youtube-lyte\/lyteCache.php?origThumbUrl=https%3A%2F%2Fi.ytimg.com%2Fvi%2FdyFayXTAn-s%2Fmaxresdefault.jpg\" \/><meta itemprop=\"embedURL\" content=\"https:\/\/www.youtube.com\/embed\/dyFayXTAn-s\" \/><meta itemprop=\"duration\" content=\"PT1M52S\" \/><meta itemprop=\"uploadDate\" content=\"2021-07-28T09:46:36Z\" \/><\/div><meta itemprop=\"accessibilityFeature\" content=\"captions\" \/><div id=\"lyte_dyFayXTAn-s\" data-src=\"https:\/\/taizypackaging.com\/wp-content\/plugins\/wp-youtube-lyte\/lyteCache.php?origThumbUrl=https%3A%2F%2Fi.ytimg.com%2Fvi%2FdyFayXTAn-s%2Fmaxresdefault.jpg\" class=\"pL\"><div class=\"tC\"><div class=\"tT\" itemprop=\"name\">M\u00e1quina autom\u00e1tica de retractilado | Cortadora termorretr\u00e1ctil autom\u00e1tica<\/div><\/div><div class=\"play\"><\/div><div class=\"ctrl\"><div class=\"Lctrl\"><\/div><div class=\"Rctrl\"><\/div><\/div><\/div><noscript><a href=\"https:\/\/youtu.be\/dyFayXTAn-s\" rel=\"nofollow noopener\" target=\"_blank\"><img loading=\"lazy\" decoding=\"async\" src=\"https:\/\/taizypackaging.com\/wp-content\/plugins\/wp-youtube-lyte\/lyteCache.php?origThumbUrl=https%3A%2F%2Fi.ytimg.com%2Fvi%2FdyFayXTAn-s%2F0.jpg\" alt=\"M\u00e1quina autom\u00e1tica de retractilado | Cortadora termorretr\u00e1ctil autom\u00e1tica\" width=\"960\" height=\"700\" \/><br \/>Watch this video on YouTube<\/a><\/noscript><meta itemprop=\"description\" content=\"WhatsApp\/Wechat\/Tel:+86 19139754781 Our company&#039;s automatic shrink wrap machine is an L-type heat shrink film wrapping machine, widely used for mass production packaging flowing operation. You can learn more information on :https:\/\/taizypackaging.com\/automatic-shrink-wrap-machine\/\"><\/div><\/div><div class=\"lL\" style=\"max-width:100%;width:960px;margin:5px auto;\"><\/div><figcaption>El v\u00eddeo de trabajo de la m\u00e1quina autom\u00e1tica de envoltura retr\u00e1ctil.<\/figcaption><\/figure>   <h2 class=\"wp-block-heading\" id=\"what-is-an-automatic-shrink-wrap-machine\">\u00bfQu\u00e9 es una m\u00e1quina autom\u00e1tica de envoltura retr\u00e1ctil?<\/h2>    <p id=\"what-is-an-automatic-shrink-wrap-machine\">Una m\u00e1quina autom\u00e1tica de envoltura retr\u00e1ctil es una excelente herramienta para envolver y sellar productos a trav\u00e9s de una pel\u00edcula termorretr\u00e1ctil. La envoltura retr\u00e1ctil industrial se usa ampliamente en todos los \u00e1mbitos de la vida. El retractilado es un proceso relacionado con el uso de pel\u00edculas sensibles a la temperatura. Cuando la temperatura alcanza un cierto grado, la pel\u00edcula se contrae firmemente hasta cubrir lo que cubre. La m\u00e1quina autom\u00e1tica de envoltura retr\u00e1ctil a la venta de Taizy es una m\u00e1quina de envoltura de pel\u00edcula termorretr\u00e1ctil tipo L. Simplemente coloque el producto en la cinta transportadora, puede completar autom\u00e1ticamente el proceso de transporte, funda de pel\u00edcula, sellado y corte, y embalaje termorretr\u00e1ctil. Esta m\u00e1quina de envasado retr\u00e1ctil es r\u00e1pida y conveniente, y es la mejor opci\u00f3n para que las empresas ahorren costos de producci\u00f3n, mejoren la eficiencia y logren la estandarizaci\u00f3n del empaque.<\/p>    <figure class=\"wp-block-image size-full\"><img loading=\"lazy\" decoding=\"async\" width=\"740\" height=\"520\" src=\"https:\/\/taizypackaging.com\/wp-content\/uploads\/2021\/07\/automatic-shrink-wrap-machine.jpg\" alt=\"m\u00e1quina autom\u00e1tica de envoltura retr\u00e1ctil\" class=\"wp-image-3817\" srcset=\"https:\/\/taizypackaging.com\/wp-content\/uploads\/2021\/07\/automatic-shrink-wrap-machine.jpg 740w, https:\/\/taizypackaging.com\/wp-content\/uploads\/2021\/07\/automatic-shrink-wrap-machine-300x211.jpg 300w\" sizes=\"auto, (max-width: 740px) 100vw, 740px\" \/><figcaption class=\"wp-element-caption\">m\u00e1quina autom\u00e1tica de envoltura retr\u00e1ctil<\/figcaption><\/figure>    <h2 class=\"wp-block-heading\" id=\"h-the-application-of-automatic-shrink-wrap-machine\">Aplicaciones de la m\u00e1quina autom\u00e1tica de envoltura retr\u00e1ctil.<\/h2>    <p>Debido a su gran productividad, la cortadora termorretr\u00e1ctil autom\u00e1tica se usa ampliamente en industrias de producci\u00f3n en masa, como art\u00edculos de primera necesidad, impresi\u00f3n, alimentos, electr\u00f3nica, electrodom\u00e9sticos, cosm\u00e9ticos, libros, cuadernos, revistas, postales, champ\u00fa, gel de ducha, tinte para el cabello y sierra de calar. , etc.<\/p>    <figure class=\"wp-block-image size-full\"><img decoding=\"async\" src=\"https:\/\/taizypackaging.com\/wp-content\/uploads\/2021\/07\/shrink-wrap-machine-applications.jpg\" alt=\"Aplicaciones de la m\u00e1quina de envoltura retr\u00e1ctil.\" class=\"wp-image-4106\"\/><figcaption class=\"wp-element-caption\">Aplicaciones de la m\u00e1quina de envoltura retr\u00e1ctil.<\/figcaption><\/figure>    <h2 class=\"wp-block-heading\" id=\"h-technical-parameters\">Par\u00e1metros de la m\u00e1quina autom\u00e1tica de envoltura retr\u00e1ctil.<\/h2>    <figure class=\"wp-block-table\"><table><tbody><tr><td>Modelo<\/td><td>LC-560B<\/td><\/tr><tr><td>Tipo de sellado<\/td><td>Completamente cerrado<\/td><\/tr><tr><td>Fuente de alimentaci\u00f3n<\/td><td>380V \/ 50 \u4e00 60Hz\/trif\u00e1sico<\/td><\/tr><tr><td>Capacidad m\u00e1xima de embalaje<\/td><td>35 paquetes\/min (depende del tama\u00f1o del producto)<\/td><\/tr><tr><td>Altura de sellado<\/td><td>\u2264125 mm<\/td><\/tr><tr><td>Ancho de embalaje<\/td><td>\u2264350 mm<\/td><\/tr><tr><td>Tama\u00f1o del producto terminado<\/td><td>Ancho + alto\u2264400mmLargo + alto\u2264480mm<\/td><\/tr><tr><td>Tipo de filme<\/td><td>Pel\u00edcula de poliolefina (POF) plegada al centro<\/td><\/tr><tr><td>Poder total<\/td><td>1,5 KW<\/td><\/tr><tr><td>Altura de trabajo<\/td><td>780-850 mil\u00edmetros<\/td><\/tr><tr><td>Presi\u00f3n del aire<\/td><td>\u22640.5MPa\uff085bar\uff09<\/td><\/tr><tr><td>Sistema de sellado<\/td><td>Sistema de calefacci\u00f3n a temperatura constante<\/td><\/tr><tr><td>Material de la m\u00e1quina<\/td><td>Acero carbono<\/td><\/tr><tr><td>Peso<\/td><td>300 kilos<\/td><\/tr><\/tbody><\/table><figcaption class=\"wp-element-caption\">equipo de envoltura retr\u00e1ctil<\/figcaption><\/figure>    <h3 class=\"wp-block-heading\" id=\"dql-5545-automatic-l-sealer-parameters\">Par\u00e1metros del sellador L autom\u00e1tico DQL-5545<\/h3>    <figure class=\"wp-block-table is-style-stripes\"><table><tbody><tr><td class=\"has-text-align-center\" data-align=\"center\">Voltaje <\/td><td class=\"has-text-align-center\" data-align=\"center\">220V\/50-60HZ\/2.2KW<\/td><\/tr><tr><td class=\"has-text-align-center\" data-align=\"center\">Capacidad de embalaje<\/td><td class=\"has-text-align-center\" data-align=\"center\">0-30 unidades\/minuto<\/td><\/tr><tr><td class=\"has-text-align-center\" data-align=\"center\">Tama\u00f1o m\u00e1ximo del sellador<\/td><td class=\"has-text-align-center\" data-align=\"center\">POF, PVC, PE<\/td><\/tr><tr><td class=\"has-text-align-center\" data-align=\"center\">Temperatura de sellado<\/td><td class=\"has-text-align-center\" data-align=\"center\">140\u2103-180\u2103<\/td><\/tr><tr><td class=\"has-text-align-center\" data-align=\"center\">Espesor de la pel\u00edcula<\/td><td class=\"has-text-align-center\" data-align=\"center\">0,015-0,1 mm<\/td><\/tr><tr><td class=\"has-text-align-center\" data-align=\"center\">Tama\u00f1o de la m\u00e1quina<\/td><td class=\"has-text-align-center\" data-align=\"center\">1760*<em>900<\/em>*1580mm<\/td><\/tr><tr><td class=\"has-text-align-center\" data-align=\"center\">Film retr\u00e1ctil<\/td><td class=\"has-text-align-center\" data-align=\"center\">POF, PVC, PE<\/td><\/tr><\/tbody><\/table><figcaption class=\"wp-element-caption\">Par\u00e1metros del sellador L autom\u00e1tico<\/figcaption><\/figure>    <h3 class=\"wp-block-heading\" id=\"dsd-4520-shrink-tunnel-machine-parameters\">Par\u00e1metros de la m\u00e1quina de t\u00fanel retr\u00e1ctil DSD-4520 <\/h3>    <figure class=\"wp-block-table is-style-stripes\"><table><tbody><tr><td class=\"has-text-align-center\" data-align=\"center\">Voltaje<\/td><td class=\"has-text-align-center\" data-align=\"center\">220V\/50-60HZ<\/td><\/tr><tr><td class=\"has-text-align-center\" data-align=\"center\">Poder de calefacci\u00f3n<\/td><td class=\"has-text-align-center\" data-align=\"center\">12,8 kilovatios<\/td><\/tr><tr><td class=\"has-text-align-center\" data-align=\"center\">velocidad de transporte<\/td><td class=\"has-text-align-center\" data-align=\"center\">0-16m\/minuto<\/td><\/tr><tr><td class=\"has-text-align-center\" data-align=\"center\">Tama\u00f1o del t\u00fanel<\/td><td class=\"has-text-align-center\" data-align=\"center\">1200*<em>450<\/em>*200mm<\/td><\/tr><tr><td class=\"has-text-align-center\" data-align=\"center\">Carga del transportador<\/td><td class=\"has-text-align-center\" data-align=\"center\">10 kilos<\/td><\/tr><tr><td class=\"has-text-align-center\" data-align=\"center\">Tama\u00f1o de la m\u00e1quina<\/td><td class=\"has-text-align-center\" data-align=\"center\">1600*<em>720<\/em>*1400mm<\/td><\/tr><\/tbody><\/table><figcaption class=\"wp-element-caption\">m\u00e1quina de t\u00fanel retr\u00e1ctil<\/figcaption><\/figure>    <h2 class=\"wp-block-heading\" id=\"h-the-advantages-of-automatic-shrink-wrap-machine\">Ventajas de la m\u00e1quina retractiladora autom\u00e1tica<\/h2>    <ul class=\"wp-block-list\"> <li>Esta m\u00e1quina envasadora de pl\u00e1stico retr\u00e1ctil adopta control inteligente, operaci\u00f3n simple, dise\u00f1o humanizado y control de programaci\u00f3n PLC. Un sistema inteligente de regulaci\u00f3n de temperatura garantiza la estabilidad y precisi\u00f3n de la temperatura durante la contracci\u00f3n.<\/li>    <li>La m\u00e1quina retractiladora est\u00e1 equipada con tres tubos calefactores a la izquierda y a la derecha, y hay un peque\u00f1o ventilador en la parte superior de la m\u00e1quina, que puede hacer que el aire caliente circule en el interior para que los productos puedan envasarse completamente.<\/li>    <li>El ancho de la cinta transportadora se puede ajustar mediante el mango para adaptarse a diferentes tama\u00f1os de productos.<\/li>    <li>La m\u00e1quina adopta un avanzado sistema de inducci\u00f3n fotoel\u00e9ctrica para cortar y sellar los productos con precisi\u00f3n y sin errores. La hoja del cuchillo de corte y sellado est\u00e1 equipada con una tela aislante del calor para evitar la p\u00e9rdida adicional de pel\u00edcula causada por la hoja del cuchillo. Al mismo tiempo, antes de ingresar a la m\u00e1quina retr\u00e1ctil, el dispositivo de escape cerrar\u00e1 peque\u00f1os agujeros en la pel\u00edcula para evitar que la pel\u00edcula se caliente de manera desigual y provoque una explosi\u00f3n.<\/li>    <li>La m\u00e1quina est\u00e1 equipada con una cubierta protectora de plexigl\u00e1s, que puede evitar que entre polvo en el paquete del producto y proteger al operador hasta cierto punto.<\/li> <\/ul>    <h2 class=\"wp-block-heading\" id=\"h-the-structure-of-automatic-heat-shrink-cutter\">Caracter\u00edsticas estructurales de la envoltura termorretr\u00e1ctil autom\u00e1tica.<\/h2>    <div class=\"wp-block-columns is-layout-flex wp-container-core-columns-is-layout-9d6595d7 wp-block-columns-is-layout-flex\"> <div class=\"wp-block-column is-layout-flow wp-block-column-is-layout-flow\"> <figure class=\"wp-block-image size-full\"><img decoding=\"async\" src=\"https:\/\/taizypackaging.com\/wp-content\/uploads\/2021\/07\/\u753b\u677f-6.jpg\" alt=\"estructura de la m\u00e1quina de envoltura retr\u00e1ctil de pel\u00edcula\" class=\"wp-image-2446\"\/><figcaption class=\"wp-element-caption\">estructura de la m\u00e1quina de envoltura retr\u00e1ctil de pel\u00edcula<\/figcaption><\/figure> <\/div>    <div class=\"wp-block-column is-layout-flow wp-block-column-is-layout-flow\"> <figure class=\"wp-block-image size-full\"><img decoding=\"async\" src=\"https:\/\/taizypackaging.com\/wp-content\/uploads\/2021\/07\/\u753b\u677f-7.jpg\" alt=\"estructura de t\u00fanel de pel\u00edcula termorretr\u00e1ctil\" class=\"wp-image-2447\"\/><figcaption class=\"wp-element-caption\">estructura de t\u00fanel de pel\u00edcula termorretr\u00e1ctil<\/figcaption><\/figure> <\/div> <\/div>    <h2 class=\"wp-block-heading\" id=\"why-choose-us-as-your-top-shrink-wrap-sealer-manufacturer\">\u00bfPor qu\u00e9 elegirnos como su principal fabricante de selladores retr\u00e1ctiles? <\/h2>    <p class=\"translation-block\">La <a rel=\"noreferrer noopener\" href=\"https:\/\/taizypackaging.com\/es\/\" target=\"_blank\">empresa Taizy<\/a> tiene 10 a\u00f1os de experiencia en la industria de la maquinaria de embalaje. Y hemos vendido una gran cantidad de m\u00e1quinas a muchos pa\u00edses y regiones, todas nuestras m\u00e1quinas se pueden personalizar seg\u00fan sus necesidades reales. Los t\u00e9cnicos ajustar\u00e1n las m\u00e1quinas a sus necesidades con antelaci\u00f3n. Grabaremos m\u00e1s videos de operaci\u00f3n y proporcionaremos instrucciones remotas en l\u00ednea despu\u00e9s de recibir los productos, o enviaremos ingenieros a su f\u00e1brica para garantizar que su proyecto funcione sin problemas. Utilizamos un proceso estandarizado de embalaje y distribuci\u00f3n para reducir la p\u00e9rdida de productos en tr\u00e1nsito. \u00a1Bienvenido a <a rel=\"noreferrer noopener\" href=\"https:\/\/taizypackaging.com\/es\/contact-us\/\" target=\"_blank\">contactarnos<\/a> en cualquier momento!<\/p>    <figure class=\"wp-block-image size-full\"><img decoding=\"async\" src=\"https:\/\/taizypackaging.com\/wp-content\/uploads\/2021\/07\/\u753b\u677f-8-1.jpg\" alt=\"f\u00e1brica de m\u00e1quinas de envoltura retr\u00e1ctil\" class=\"wp-image-2463\"\/><figcaption class=\"wp-element-caption\">f\u00e1brica de m\u00e1quinas de envoltura retr\u00e1ctil<\/figcaption><\/figure>","protected":false},"excerpt":{"rendered":"<p>Automatic shrink wrap machine has an extremely wide range of applications in modern society. Shrink wrapping machine is suitable for a variety of products, such as books, cosmetics, dishes, toys, masks, toothbrushes, medicines, daily necessities, etc. There is a growing trend for this shrink packing machine on the global market. At Taizy Packaging Machinery, we [&hellip;]<\/p>\n","protected":false},"author":1,"featured_media":2458,"parent":0,"template":"","tags":[545,589,590],"product-type":[668],"class_list":["post-2444","product","type-product","status-publish","has-post-thumbnail","hentry","tag-automatic-shrink-wrap-machine","tag-shrink-wrap-machine","tag-shrink-wrap-sealer","product-type-supporting-equipment"],"_links":{"self":[{"href":"https:\/\/taizypackaging.com\/es\/wp-json\/wp\/v2\/product\/2444","targetHints":{"allow":["GET"]}}],"collection":[{"href":"https:\/\/taizypackaging.com\/es\/wp-json\/wp\/v2\/product"}],"about":[{"href":"https:\/\/taizypackaging.com\/es\/wp-json\/wp\/v2\/types\/product"}],"author":[{"embeddable":true,"href":"https:\/\/taizypackaging.com\/es\/wp-json\/wp\/v2\/users\/1"}],"wp:featuredmedia":[{"embeddable":true,"href":"https:\/\/taizypackaging.com\/es\/wp-json\/wp\/v2\/media\/2458"}],"wp:attachment":[{"href":"https:\/\/taizypackaging.com\/es\/wp-json\/wp\/v2\/media?parent=2444"}],"wp:term":[{"taxonomy":"post_tag","embeddable":true,"href":"https:\/\/taizypackaging.com\/es\/wp-json\/wp\/v2\/tags?post=2444"},{"taxonomy":"product-type","embeddable":true,"href":"https:\/\/taizypackaging.com\/es\/wp-json\/wp\/v2\/product-type?post=2444"}],"curies":[{"name":"wp","href":"https:\/\/api.w.org\/{rel}","templated":true}]}}