{"id":2468,"date":"2021-07-29T01:23:33","date_gmt":"2021-07-29T01:23:33","guid":{"rendered":"https:\/\/taizypackaging.com\/?p=2468"},"modified":"2023-10-24T17:04:56","modified_gmt":"2023-10-24T09:04:56","slug":"automatic-flat-labeling-machine","status":"publish","type":"product","link":"https:\/\/taizypackaging.com\/es\/automatic-flat-labeling-machine\/","title":{"rendered":"M\u00e1quina etiquetadora plana"},"content":{"rendered":"<div class=\"kk-star-ratings kksr-auto kksr-align-left kksr-valign-top\"     data-payload='{&quot;align&quot;:&quot;left&quot;,&quot;id&quot;:&quot;2468&quot;,&quot;slug&quot;:&quot;default&quot;,&quot;valign&quot;:&quot;top&quot;,&quot;ignore&quot;:&quot;&quot;,&quot;reference&quot;:&quot;auto&quot;,&quot;class&quot;:&quot;&quot;,&quot;count&quot;:&quot;22&quot;,&quot;legendonly&quot;:&quot;&quot;,&quot;readonly&quot;:&quot;&quot;,&quot;score&quot;:&quot;4.9&quot;,&quot;starsonly&quot;:&quot;&quot;,&quot;best&quot;:&quot;5&quot;,&quot;gap&quot;:&quot;5&quot;,&quot;greet&quot;:&quot;Rate this product&quot;,&quot;legend&quot;:&quot;4.9\\\/5 - (22 votos)&quot;,&quot;size&quot;:&quot;24&quot;,&quot;title&quot;:&quot;Flat Labeling Machine&quot;,&quot;width&quot;:&quot;139.6&quot;,&quot;_legend&quot;:&quot;{score}\\\/{best} - ({count} {votes})&quot;,&quot;font_factor&quot;:&quot;1.25&quot;}'>              <div class=\"kksr-stars\">      <div class=\"kksr-stars-inactive\">             <div class=\"kksr-star\" data-star=\"1\" style=\"padding-right: 5px\">               <div class=\"kksr-icon\" style=\"width: 24px; height: 24px;\"><\/div>         <\/div>             <div class=\"kksr-star\" data-star=\"2\" style=\"padding-right: 5px\">               <div class=\"kksr-icon\" style=\"width: 24px; height: 24px;\"><\/div>         <\/div>             <div class=\"kksr-star\" data-star=\"3\" style=\"padding-right: 5px\">               <div class=\"kksr-icon\" style=\"width: 24px; height: 24px;\"><\/div>         <\/div>             <div class=\"kksr-star\" data-star=\"4\" style=\"padding-right: 5px\">               <div class=\"kksr-icon\" style=\"width: 24px; height: 24px;\"><\/div>         <\/div>             <div class=\"kksr-star\" data-star=\"5\" style=\"padding-right: 5px\">               <div class=\"kksr-icon\" style=\"width: 24px; height: 24px;\"><\/div>         <\/div>     <\/div>      <div class=\"kksr-stars-active\" style=\"width: 139.6px;\">             <div class=\"kksr-star\" style=\"padding-right: 5px\">               <div class=\"kksr-icon\" style=\"width: 24px; height: 24px;\"><\/div>         <\/div>             <div class=\"kksr-star\" style=\"padding-right: 5px\">               <div class=\"kksr-icon\" style=\"width: 24px; height: 24px;\"><\/div>         <\/div>             <div class=\"kksr-star\" style=\"padding-right: 5px\">               <div class=\"kksr-icon\" style=\"width: 24px; height: 24px;\"><\/div>         <\/div>             <div class=\"kksr-star\" style=\"padding-right: 5px\">               <div class=\"kksr-icon\" style=\"width: 24px; height: 24px;\"><\/div>         <\/div>             <div class=\"kksr-star\" style=\"padding-right: 5px\">               <div class=\"kksr-icon\" style=\"width: 24px; height: 24px;\"><\/div>         <\/div>     <\/div> <\/div>                   <div class=\"kksr-legend\" style=\"font-size: 19.2px;\">             4,9\/5 - (22 votos)    <\/div>     <\/div>  <p class=\"translation-block\"><strong>La m\u00e1quina de etiquetado plano<\/strong> aqu\u00ed es una m\u00e1quina de etiquetado autom\u00e1tica y port\u00e1til. Se aplica para etiquetar todo tipo de productos con una superficie plana como botellas, bolsas, latas, cajas, estuches, etc. La m\u00e1quina de etiquetado de superficie plana puede trabajar con otros equipos para formar una l\u00ednea de producci\u00f3n completa, como una m\u00e1quina de llenado, m\u00e1quina de envasado, m\u00e1quina de sellado, m\u00e1quina de tapado, etc. Puede enviarnos sus requisitos para que podamos personalizar una m\u00e1quina de etiquetado plano espec\u00edfica que realmente satisfaga sus necesidades. \u00bfBusca un <strong>aplicador de etiquetas planos<\/strong> de calidad? Env\u00edenos un correo o ll\u00e1menos ahora para obtener una lista de precios gratuita. <\/p>    <h2 class=\"wp-block-heading\" id=\"h-the-working-video-of-flax-bottle-label-applicator\">V\u00eddeo de funcionamiento de la m\u00e1quina etiquetadora de superficies planas. <\/h2>   <figure class=\"wp-block-embed-youtube wp-block-embed is-type-video is-provider-youtube wp-embed-aspect-16-9 wp-has-aspect-ratio\"><div class=\"lyte-wrapper fourthree\" title=\"Etiquetadora plana autom\u00e1tica\" style=\"width:960px;max-width:100%;margin:5px auto;\"><div class=\"lyMe hidef\" id=\"WYL_Ajyv04TJick\" itemprop=\"video\" itemscope itemtype=\"https:\/\/schema.org\/VideoObject\"><div><meta itemprop=\"thumbnailUrl\" content=\"https:\/\/taizypackaging.com\/wp-content\/plugins\/wp-youtube-lyte\/lyteCache.php?origThumbUrl=https%3A%2F%2Fi.ytimg.com%2Fvi%2FAjyv04TJick%2Fmaxresdefault.jpg\" \/><meta itemprop=\"embedURL\" content=\"https:\/\/www.youtube.com\/embed\/Ajyv04TJick\" \/><meta itemprop=\"duration\" content=\"PT1M6S\" \/><meta itemprop=\"uploadDate\" content=\"2021-07-28T10:36:21Z\" \/><\/div><meta itemprop=\"accessibilityFeature\" content=\"captions\" \/><div id=\"lyte_Ajyv04TJick\" data-src=\"https:\/\/taizypackaging.com\/wp-content\/plugins\/wp-youtube-lyte\/lyteCache.php?origThumbUrl=https%3A%2F%2Fi.ytimg.com%2Fvi%2FAjyv04TJick%2Fmaxresdefault.jpg\" class=\"pL\"><div class=\"tC\"><div class=\"tT\" itemprop=\"name\">Etiquetadora plana autom\u00e1tica<\/div><\/div><div class=\"play\"><\/div><div class=\"ctrl\"><div class=\"Lctrl\"><\/div><div class=\"Rctrl\"><\/div><\/div><\/div><noscript><a href=\"https:\/\/youtu.be\/Ajyv04TJick\" rel=\"nofollow noopener\" target=\"_blank\"><img loading=\"lazy\" decoding=\"async\" src=\"https:\/\/taizypackaging.com\/wp-content\/plugins\/wp-youtube-lyte\/lyteCache.php?origThumbUrl=https%3A%2F%2Fi.ytimg.com%2Fvi%2FAjyv04TJick%2F0.jpg\" alt=\"Etiquetadora plana autom\u00e1tica\" width=\"960\" height=\"700\" \/><br \/>Watch this video on YouTube<\/a><\/noscript><meta itemprop=\"description\" content=\"WhatsApp\/Wechat\/Tel:+86 19139754781 This desktop automatic flat labeling machine is mainly suitable for the following two types of labeling: flat labeling or round bottles with a diameter of less than 2cm (such as lipstick, cosmetic samples, etc.). It is widely used in the food, logistics industry. Specific performance in the courier bag or courier box on the single number labeling, food bag outer packaging labeling, fresh food labeling on the plastic box, etc. You can get more information on: https:\/\/taizypackaging.com\/automatic-flat-labeling-machine\/\"><\/div><\/div><div class=\"lL\" style=\"max-width:100%;width:960px;margin:5px auto;\"><\/div><figcaption><\/figcaption><\/figure>   <h2 class=\"wp-block-heading\" id=\"what-is-a-flat-labeling-machine\">\u00bfQu\u00e9 es una etiquetadora plana? <\/h2>    <p>El etiquetado se ha convertido en un paso indispensable en el envasado de todos los productos. Esta m\u00e1quina etiquetadora plana autom\u00e1tica de escritorio es adecuada principalmente para los siguientes dos tipos de etiquetado: etiquetado plano o botellas redondas con un di\u00e1metro inferior a 2 cm (como barras de labios, muestras de cosm\u00e9ticos, etc.). Es ampliamente utilizado en la industria alimentaria y log\u00edstica. Rendimiento espec\u00edfico en la bolsa de mensajer\u00eda o caja de mensajer\u00eda en el etiquetado de un solo n\u00famero, etiquetado del embalaje exterior de la bolsa de alimentos, etiquetado de alimentos frescos en la caja de pl\u00e1stico, etc.<\/p>    <figure class=\"wp-block-image size-full\"><img decoding=\"async\" src=\"https:\/\/taizypackaging.com\/wp-content\/uploads\/2021\/07\/flat-surface-labeling-machine.jpg\" alt=\"m\u00e1quina etiquetadora de superficies planas\" class=\"wp-image-3841\"\/><figcaption class=\"wp-element-caption\">m\u00e1quina etiquetadora de superficies planas<\/figcaption><\/figure>    <h2 class=\"wp-block-heading\" id=\"h-why-do-we-need-a-flat-labeling-machine\">\u00bfPor qu\u00e9 necesitamos una etiquetadora plana?<\/h2>    <ul class=\"wp-block-list\"> <li>La m\u00e1quina est\u00e1 equipada con un sistema de control PLC, su operaci\u00f3n simple es f\u00e1cil de comenzar. Pantalla LCD t\u00e1ctil, f\u00e1cil de ajustar par\u00e1metros como la velocidad de etiquetado y el recuento de etiquetado.<\/li>    <li>El sistema de detecci\u00f3n de fotoc\u00e9lula garantiza una posici\u00f3n de etiquetado uniforme y hermosa.<\/li>    <li>Toda la m\u00e1quina est\u00e1 hecha de acero inoxidable y aleaci\u00f3n de aluminio, tiene buen rendimiento y es f\u00e1cil de limpiar y mantener. Adem\u00e1s, en l\u00ednea con los excelentes est\u00e1ndares de fabricaci\u00f3n de GMP.<\/li>    <li>El ancho del transportador y la altura de etiquetado de la m\u00e1quina son ajustables para adaptarse a diferentes tama\u00f1os de productos y etiquetas.<\/li>    <li>Una m\u00e1quina etiquetadora plana semiautom\u00e1tica requiere girar manualmente el art\u00edculo objetivo para etiquetarlo. Esta m\u00e1quina autom\u00e1tica no requiere un flujo de trabajo complicado, es conveniente y eficiente.<\/li>    <li>Puede participar en una l\u00ednea de producci\u00f3n completa. Por ejemplo, la m\u00e1quina antes con la caja de cart\u00f3n, despu\u00e9s de la m\u00e1quina codificadora o <a href=\"https:\/\/taizypackaging.com\/es\/round-bottle-labeling-machine\/\" target=\"_blank\" rel=\"noreferrer noopener\">etiquetadora autom\u00e1tica de botellas redondas<\/a> Con el uso, puede mejorar en gran medida la eficiencia de la producci\u00f3n.<\/li> <\/ul>    <h2 class=\"wp-block-heading\" id=\"what-can-a-flat-surface-labeling-machine-used-for\">\u00bfPara qu\u00e9 se puede utilizar una m\u00e1quina etiquetadora de superficies planas? <\/h2>    <p>Una m\u00e1quina etiquetadora de superficie plana es ideal para etiquetar varios productos con una superficie plana. Tiene una aplicaci\u00f3n bastante amplia y se utiliza ampliamente en la industria alimentaria, la industria cosm\u00e9tica, los art\u00edculos de primera necesidad, la industria farmac\u00e9utica y muchas otras industrias. En detalle, una m\u00e1quina etiquetadora plana es adecuada para etiquetar botellas planas, cajas, cartones, bolsas, etc. <\/p>    <figure class=\"wp-block-image size-full\"><img decoding=\"async\" src=\"https:\/\/taizypackaging.com\/wp-content\/uploads\/2021\/07\/flat-labeling-machine-uses-1.jpg\" alt=\"usos de la m\u00e1quina etiquetadora plana\" class=\"wp-image-3839\"\/><figcaption class=\"wp-element-caption\">usos de la m\u00e1quina etiquetadora plana<\/figcaption><\/figure>    <h2 class=\"wp-block-heading\" id=\"h-the-details-of-flat-label-applicator\">Detalles de la estructura de la etiquetadora plana autom\u00e1tica Taizy<\/h2>    <p>La m\u00e1quina etiquetadora plana autom\u00e1tica consta principalmente de una estructura de etiquetas duradera, un portaetiquetas, un panel operativo, un ojo de seguimiento el\u00e9ctrico, un bot\u00f3n de parada de emergencia, un transportador de productos, un motor de marca, un bot\u00f3n giratorio, etc. La tecnolog\u00eda avanzada y los accesorios de calidad garantizan un rendimiento excelente y una alta precisi\u00f3n. Adem\u00e1s, el material duradero y el famoso motor garantizan una vida \u00fatil muy larga de nuestra m\u00e1quina etiquetadora de superficies planas. <\/p>    <figure class=\"wp-block-image size-full\"><img decoding=\"async\" src=\"https:\/\/taizypackaging.com\/wp-content\/uploads\/2021\/07\/03-3.jpg\" alt=\"Detalles de la m\u00e1quina de etiquetas planas.\" class=\"wp-image-2471\"\/><figcaption class=\"wp-element-caption\">Detalles de la m\u00e1quina de etiquetas planas.<\/figcaption><\/figure>    <h2 class=\"wp-block-heading\" id=\"h-our-service\">\u00bfPor qu\u00e9 elegirnos como su principal proveedor de m\u00e1quinas etiquetadoras? <\/h2>    <p class=\"translation-block\">Como fabricante y proveedor profesional de <a href=\"https:\/\/taizypackaging.com\/es\/\">maquinaria de envasado<\/a>, desde el primer proceso de producci\u00f3n, cada paso en la l\u00ednea es adecuado para est\u00e1ndares de producci\u00f3n internacionales. Antes del env\u00edo, simularemos y configuraremos de antemano los par\u00e1metros requeridos por los clientes seg\u00fan sus requisitos, y esperaremos hasta que reciban las mercanc\u00edas con solo un ajuste leve o ninguno. Despu\u00e9s de enviar los productos, tambi\u00e9n contamos con personal profesional para brindar servicio de soporte t\u00e9cnico. Adem\u00e1s, despu\u00e9s de recibir el equipo, cualquier pregunta puede ponerse en contacto con nuestro personal de postventa para obtener respuestas. La satisfacci\u00f3n del cliente es una de las creencias que nosotros, la empresa Taizy, defendemos.<\/p>    <figure class=\"wp-block-image size-full\"><img loading=\"lazy\" decoding=\"async\" width=\"750\" height=\"533\" src=\"https:\/\/taizypackaging.com\/wp-content\/uploads\/2021\/07\/Taizy-flat-labeling-machine-factory.jpg\" alt=\"F\u00e1brica de m\u00e1quinas etiquetadoras planas Taizy\" class=\"wp-image-3837\" srcset=\"https:\/\/taizypackaging.com\/wp-content\/uploads\/2021\/07\/Taizy-flat-labeling-machine-factory.jpg 750w, https:\/\/taizypackaging.com\/wp-content\/uploads\/2021\/07\/Taizy-flat-labeling-machine-factory-300x213.jpg 300w\" sizes=\"auto, (max-width: 750px) 100vw, 750px\" \/><figcaption class=\"wp-element-caption\">F\u00e1brica de m\u00e1quinas etiquetadoras planas Taizy<\/figcaption><\/figure>","protected":false},"excerpt":{"rendered":"<p>The flat labeling machine here is an automatic and portable labeling machine. It is applied for labeling all kinds of products with a flat surface like bottles, bags, cans, boxes, cartons, etc. The flat surface labeling machine can work with other equipment to make a complete production line, such as a filling machine, packaging machine, [&hellip;]<\/p>\n","protected":false},"author":1,"featured_media":2474,"parent":0,"template":"","tags":[595,546],"product-type":[668],"class_list":["post-2468","product","type-product","status-publish","has-post-thumbnail","hentry","tag-flat-labeling-machine","tag-labeling-machine","product-type-supporting-equipment"],"_links":{"self":[{"href":"https:\/\/taizypackaging.com\/es\/wp-json\/wp\/v2\/product\/2468","targetHints":{"allow":["GET"]}}],"collection":[{"href":"https:\/\/taizypackaging.com\/es\/wp-json\/wp\/v2\/product"}],"about":[{"href":"https:\/\/taizypackaging.com\/es\/wp-json\/wp\/v2\/types\/product"}],"author":[{"embeddable":true,"href":"https:\/\/taizypackaging.com\/es\/wp-json\/wp\/v2\/users\/1"}],"wp:featuredmedia":[{"embeddable":true,"href":"https:\/\/taizypackaging.com\/es\/wp-json\/wp\/v2\/media\/2474"}],"wp:attachment":[{"href":"https:\/\/taizypackaging.com\/es\/wp-json\/wp\/v2\/media?parent=2468"}],"wp:term":[{"taxonomy":"post_tag","embeddable":true,"href":"https:\/\/taizypackaging.com\/es\/wp-json\/wp\/v2\/tags?post=2468"},{"taxonomy":"product-type","embeddable":true,"href":"https:\/\/taizypackaging.com\/es\/wp-json\/wp\/v2\/product-type?post=2468"}],"curies":[{"name":"wp","href":"https:\/\/api.w.org\/{rel}","templated":true}]}}