{"id":2483,"date":"2021-07-29T07:41:07","date_gmt":"2021-07-29T07:41:07","guid":{"rendered":"https:\/\/taizypackaging.com\/?p=2483"},"modified":"2024-07-16T18:26:03","modified_gmt":"2024-07-16T10:26:03","slug":"continuous-sealing-machine-for-sale","status":"publish","type":"product","link":"https:\/\/taizypackaging.com\/es\/continuous-sealing-machine-for-sale\/","title":{"rendered":"M\u00e1quina de sellado continuo"},"content":{"rendered":"<div class=\"kk-star-ratings kksr-auto kksr-align-left kksr-valign-top\"     data-payload='{&quot;align&quot;:&quot;left&quot;,&quot;id&quot;:&quot;2483&quot;,&quot;slug&quot;:&quot;default&quot;,&quot;valign&quot;:&quot;top&quot;,&quot;ignore&quot;:&quot;&quot;,&quot;reference&quot;:&quot;auto&quot;,&quot;class&quot;:&quot;&quot;,&quot;count&quot;:&quot;23&quot;,&quot;legendonly&quot;:&quot;&quot;,&quot;readonly&quot;:&quot;&quot;,&quot;score&quot;:&quot;4.6&quot;,&quot;starsonly&quot;:&quot;&quot;,&quot;best&quot;:&quot;5&quot;,&quot;gap&quot;:&quot;5&quot;,&quot;greet&quot;:&quot;Rate this product&quot;,&quot;legend&quot;:&quot;4.6\\\/5 - (23 votos)&quot;,&quot;size&quot;:&quot;24&quot;,&quot;title&quot;:&quot;Continuous Sealing Machine&quot;,&quot;width&quot;:&quot;130.9&quot;,&quot;_legend&quot;:&quot;{score}\\\/{best} - ({count} {votes})&quot;,&quot;font_factor&quot;:&quot;1.25&quot;}'>              <div class=\"kksr-stars\">      <div class=\"kksr-stars-inactive\">             <div class=\"kksr-star\" data-star=\"1\" style=\"padding-right: 5px\">               <div class=\"kksr-icon\" style=\"width: 24px; height: 24px;\"><\/div>         <\/div>             <div class=\"kksr-star\" data-star=\"2\" style=\"padding-right: 5px\">               <div class=\"kksr-icon\" style=\"width: 24px; height: 24px;\"><\/div>         <\/div>             <div class=\"kksr-star\" data-star=\"3\" style=\"padding-right: 5px\">               <div class=\"kksr-icon\" style=\"width: 24px; height: 24px;\"><\/div>         <\/div>             <div class=\"kksr-star\" data-star=\"4\" style=\"padding-right: 5px\">               <div class=\"kksr-icon\" style=\"width: 24px; height: 24px;\"><\/div>         <\/div>             <div class=\"kksr-star\" data-star=\"5\" style=\"padding-right: 5px\">               <div class=\"kksr-icon\" style=\"width: 24px; height: 24px;\"><\/div>         <\/div>     <\/div>      <div class=\"kksr-stars-active\" style=\"width: 130.9px;\">             <div class=\"kksr-star\" style=\"padding-right: 5px\">               <div class=\"kksr-icon\" style=\"width: 24px; height: 24px;\"><\/div>         <\/div>             <div class=\"kksr-star\" style=\"padding-right: 5px\">               <div class=\"kksr-icon\" style=\"width: 24px; height: 24px;\"><\/div>         <\/div>             <div class=\"kksr-star\" style=\"padding-right: 5px\">               <div class=\"kksr-icon\" style=\"width: 24px; height: 24px;\"><\/div>         <\/div>             <div class=\"kksr-star\" style=\"padding-right: 5px\">               <div class=\"kksr-icon\" style=\"width: 24px; height: 24px;\"><\/div>         <\/div>             <div class=\"kksr-star\" style=\"padding-right: 5px\">               <div class=\"kksr-icon\" style=\"width: 24px; height: 24px;\"><\/div>         <\/div>     <\/div> <\/div>                   <div class=\"kksr-legend\" style=\"font-size: 19.2px;\">             4,6\/5 - (23 votos)    <\/div>     <\/div>  <p class=\"translation-block\"><strong>M\u00e1quina de sellado continuo<\/strong> aqu\u00ed hay una m\u00e1quina de sellado t\u00e9rmico de bolsas port\u00e1til. Cubre un \u00e1rea peque\u00f1a y es conveniente para moverla. Adem\u00e1s, puede manejar varios tipos de bolsas de pl\u00e1stico. Una peque\u00f1a inversi\u00f3n en estas <strong>m\u00e1quinas de sellado de bolsas continuas<\/strong> puede aumentar su eficiencia y ahorrarle dinero. La carga m\u00e1xima de la mesa transportadora de esta m\u00e1quina es de 10 kg. La velocidad de sellado es de 0 a 12 bolsas por minuto. Adem\u00e1s, esta <strong>m\u00e1quina de sellado t\u00e9rmico de bolsas<\/strong> utiliza un voltaje de 220V, y el voltaje se puede personalizar. La empresa Taizy Packaging Machinery ofrece soluciones de sellado est\u00e1ndar y personalizadas para clientes de todo el mundo. \u00bfEst\u00e1 interesado en una m\u00e1quina de sellado continuo de calidad? Env\u00edenos un correo electr\u00f3nico y deje su mensaje a continuaci\u00f3n, le responderemos pronto. <\/p>    <h2 class=\"wp-block-heading\" id=\"h-how-does-a-continuous-band-sealer-work\">\u00bfC\u00f3mo funciona una m\u00e1quina de sellado continuo? <\/h2>   <figure class=\"wp-block-embed-youtube wp-block-embed is-type-video is-provider-youtube wp-embed-aspect-16-9 wp-has-aspect-ratio\"><div class=\"lyte-wrapper fourthree\" title=\"M\u00e1quina de sellado continuo | Sellador de banda\" style=\"width:960px;max-width:100%;margin:5px auto;\"><div class=\"lyMe hidef\" id=\"WYL_ixVPifOtkNY\" itemprop=\"video\" itemscope itemtype=\"https:\/\/schema.org\/VideoObject\"><div><meta itemprop=\"thumbnailUrl\" content=\"https:\/\/taizypackaging.com\/wp-content\/plugins\/wp-youtube-lyte\/lyteCache.php?origThumbUrl=https%3A%2F%2Fi.ytimg.com%2Fvi%2FixVPifOtkNY%2Fmaxresdefault.jpg\" \/><meta itemprop=\"embedURL\" content=\"https:\/\/www.youtube.com\/embed\/ixVPifOtkNY\" \/><meta itemprop=\"duration\" content=\"PT44S\" \/><meta itemprop=\"uploadDate\" content=\"2021-07-29T06:54:41Z\" \/><\/div><div id=\"lyte_ixVPifOtkNY\" data-src=\"https:\/\/taizypackaging.com\/wp-content\/plugins\/wp-youtube-lyte\/lyteCache.php?origThumbUrl=https%3A%2F%2Fi.ytimg.com%2Fvi%2FixVPifOtkNY%2Fmaxresdefault.jpg\" class=\"pL\"><div class=\"tC\"><div class=\"tT\" itemprop=\"name\">M\u00e1quina de sellado continuo | Sellador de banda<\/div><\/div><div class=\"play\"><\/div><div class=\"ctrl\"><div class=\"Lctrl\"><\/div><div class=\"Rctrl\"><\/div><\/div><\/div><noscript><a href=\"https:\/\/youtu.be\/ixVPifOtkNY\" rel=\"nofollow noopener\" target=\"_blank\"><img loading=\"lazy\" decoding=\"async\" src=\"https:\/\/taizypackaging.com\/wp-content\/plugins\/wp-youtube-lyte\/lyteCache.php?origThumbUrl=https%3A%2F%2Fi.ytimg.com%2Fvi%2FixVPifOtkNY%2F0.jpg\" alt=\"M\u00e1quina de sellado continuo | Sellador de banda\" width=\"960\" height=\"700\" \/><br \/>Watch this video on YouTube<\/a><\/noscript><meta itemprop=\"description\" content=\"WhatsApp\/Wechat\/Tel:+86 19139754781 A continuous sealing machine is used to seal bags of powders, granules, liquids, etc. This band sealer is novel in structure, simple in operation, and complete in function, pushing and sealing at one time. It has a high degree of automation, which can significantly reduce the workload of workers. You will get more information on: https:\/\/taizypackaging.com\/continuous-sealing-machine-for-sale\/\"><\/div><\/div><div class=\"lL\" style=\"max-width:100%;width:960px;margin:5px auto;\"><\/div><figcaption>El v\u00eddeo de trabajo del sellador de bandas.<\/figcaption><\/figure>   <h2 class=\"wp-block-heading\" id=\"h-what-is-a-continuous-sealing-machine\">\u00bfQu\u00e9 es una m\u00e1quina selladora de banda continua?<\/h2>    <p>Se utiliza una m\u00e1quina selladora continua para sellar varias bolsas de pl\u00e1stico de polvos, gr\u00e1nulos, l\u00edquidos, pastas, etc. Esta selladora de bolsas de banda continua tiene una estructura novedosa, f\u00e1cil de operar y completa en funci\u00f3n, empujando y sellando al mismo tiempo. Tiene un alto grado de automatizaci\u00f3n, lo que puede ahorrar significativamente sus costos. <\/p>    <figure class=\"wp-block-image size-full\"><img decoding=\"async\" src=\"https:\/\/taizypackaging.com\/wp-content\/uploads\/2021\/07\/continuous-sealing-machine.jpg\" alt=\"m\u00e1quina de sellado continuo\" class=\"wp-image-3850\"\/><figcaption class=\"wp-element-caption\">m\u00e1quina de sellado continuo<\/figcaption><\/figure>    <h2 class=\"wp-block-heading\" id=\"h-why-do-we-need-a-continuous-sealing-machine\">Caracter\u00edsticas y ventajas de la m\u00e1quina selladora continua Taizy a la venta<\/h2>    <p class=\"translation-block\">En <a href=\"https:\/\/taizypackaging.com\/es\/\" target=\"_blank\" rel=\"noreferrer noopener\">Taizy Company<\/a>, nuestra m\u00e1quina de sellado continuo tiene las siguientes ventajas:<\/p>    <ul class=\"wp-block-list\"> <li>El cuerpo est\u00e1 hecho de acero inoxidable, con una apariencia hermosa y gran estabilidad. El tama\u00f1o peque\u00f1o de la m\u00e1quina la hace f\u00e1cil de mantener y port\u00e1til.<\/li>    <li>El panel de operaci\u00f3n es simple y f\u00e1cil de operar y la temperatura se puede ajustar en cualquier momento.<\/li>    <li>El bloque calefactor y el bloque refrigerante de la m\u00e1quina est\u00e1n hechos de bloque de cobre puro. El bloque calefactor de cobre puro hace que el \u00e1rea de sellado de la bolsa se caliente de manera uniforme y el bloque de enfriamiento disipa el calor con aire fr\u00edo para ayudar a que el sellado se fije r\u00e1pidamente. Por cierto, el bloque calefactor est\u00e1 sujeto con una tela aislante del calor, por lo que no hay necesidad de preocuparse por el derretimiento de la bolsa debido a la alta temperatura.<\/li>    <li>El sello de la rueda con relieve de metal es firme y hermoso, el patr\u00f3n es claro y la hendidura es plana. La rueda de tinta con rueda de impresi\u00f3n puede satisfacer las necesidades de los fabricantes en cuanto a imprimir la fecha de producci\u00f3n y la vida \u00fatil, etc.<\/li> <\/ul>    <h2 class=\"wp-block-heading\" id=\"h-machine-parameters\">Par\u00e1metros de la m\u00e1quina selladora de banda continua<\/h2>    <figure class=\"wp-block-table is-style-stripes\"><table><tbody><tr><td class=\"has-text-align-center\" data-align=\"center\">Voltaje<\/td><td class=\"has-text-align-center\" data-align=\"center\">220V\/50HZ\/0.65KW<\/td><\/tr><tr><td class=\"has-text-align-center\" data-align=\"center\">Carga m\u00e1xima de la mesa transportadora<\/td><td class=\"has-text-align-center\" data-align=\"center\">10 kilos<\/td><\/tr><tr><td class=\"has-text-align-center\" data-align=\"center\">Velocidad de sellado<\/td><td class=\"has-text-align-center\" data-align=\"center\">0-12 bolsas\/minuto<\/td><\/tr><tr><td class=\"has-text-align-center\" data-align=\"center\">Dimensiones<\/td><td class=\"has-text-align-center\" data-align=\"center\">815*<em>645<\/em>*305mm<\/td><\/tr><\/tbody><\/table><\/figure>    <h2 class=\"wp-block-heading\" id=\"h-what-kind-of-bags-can-the-continuous-band-sealer-be-used-to-seal\">\u00bfPara qu\u00e9 tipo de materiales de bolsas se puede sellar el sellador de banda continua?<\/h2>    <p class=\"translation-block\">De hecho, nuestras m\u00e1quinas son adecuadas para sellar materiales termopl\u00e1sticos (PP, PE, laminados) de cualquier tama\u00f1o y longitud. Ofrecemos selladoras por banda horizontales (donde la bolsa est\u00e1 plana en la cinta transportadora) y selladoras por banda verticales (donde la bolsa est\u00e1 en posici\u00f3n vertical en la cinta transportadora). Nuestras selladoras por banda se pueden utilizar en una amplia gama de aplicaciones e industrias, como la farmac\u00e9utica, alimentaria, agr\u00edcola, qu\u00edmica diaria, etc. Adem\u00e1s, tambi\u00e9n debe tener en cuenta las bolsas utilizadas para la <a rel=\"noreferrer noopener\" href=\"https:\/\/taizypackaging.com\/es\/machines-category\/vpm\/\" target=\"_blank\">envasadora al vac\u00edo<\/a>, <a href=\"https:\/\/taizypackaging.com\/es\/granule-filling-machine\/\">m\u00e1quina llenadora de gr\u00e1nulos para 5-50 kg<\/a>.<\/p>    <figure class=\"wp-block-image size-full\"><img loading=\"lazy\" decoding=\"async\" width=\"720\" height=\"522\" src=\"https:\/\/taizypackaging.com\/wp-content\/uploads\/2021\/07\/2.png\" alt=\"\" class=\"wp-image-2486\" srcset=\"https:\/\/taizypackaging.com\/wp-content\/uploads\/2021\/07\/2.png 720w, https:\/\/taizypackaging.com\/wp-content\/uploads\/2021\/07\/2-300x218.png 300w\" sizes=\"auto, (max-width: 720px) 100vw, 720px\" \/><figcaption class=\"wp-element-caption\">Aplicaci\u00f3n de la m\u00e1quina de sellado continuo.<\/figcaption><\/figure>    <h2 class=\"wp-block-heading\" id=\"h-the-structure-of-the-continuous-sealing-machine\">Detalles de la estructura de la m\u00e1quina de sellado continuo.<\/h2>    <p>La m\u00e1quina de sellado continuo consta principalmente de estas piezas: una cinta transportadora, una mesa transportadora, un interruptor de emergencia, una rueda de estampado, un bot\u00f3n de ajuste de presi\u00f3n, una rueda de enfriamiento, un bloque t\u00e9rmico, un motor, etc. Tiene una estructura compacta y un dise\u00f1o razonable que es muy f\u00e1cil de operar. y mantener. Adem\u00e1s, la construcci\u00f3n del cuerpo de acero inoxidable garantiza una larga vida \u00fatil de esta m\u00e1quina.  <\/p>    <figure class=\"wp-block-image size-full\"><img loading=\"lazy\" decoding=\"async\" width=\"720\" height=\"516\" src=\"https:\/\/taizypackaging.com\/wp-content\/uploads\/2021\/07\/3.png\" alt=\"\" class=\"wp-image-2487\" srcset=\"https:\/\/taizypackaging.com\/wp-content\/uploads\/2021\/07\/3.png 720w, https:\/\/taizypackaging.com\/wp-content\/uploads\/2021\/07\/3-300x215.png 300w\" sizes=\"auto, (max-width: 720px) 100vw, 720px\" \/><figcaption class=\"wp-element-caption\">La pantalla del sellador de banda continua.<\/figcaption><\/figure>    <h2 class=\"wp-block-heading\" id=\"h-the-details-of-the-continuous-band-sealer\">Los detalles del sellador de banda continua.<\/h2>    <figure class=\"wp-block-image size-full\"><img loading=\"lazy\" decoding=\"async\" width=\"720\" height=\"540\" src=\"https:\/\/taizypackaging.com\/wp-content\/uploads\/2021\/07\/4.png\" alt=\"Panel de control de la m\u00e1quina de sellado continuo.\" class=\"wp-image-2492\" srcset=\"https:\/\/taizypackaging.com\/wp-content\/uploads\/2021\/07\/4.png 720w, https:\/\/taizypackaging.com\/wp-content\/uploads\/2021\/07\/4-300x225.png 300w\" sizes=\"auto, (max-width: 720px) 100vw, 720px\" \/><figcaption class=\"wp-element-caption\">Panel de control de la m\u00e1quina de sellado continuo.<\/figcaption><\/figure>    <figure class=\"wp-block-image size-full\"><img loading=\"lazy\" decoding=\"async\" width=\"720\" height=\"529\" src=\"https:\/\/taizypackaging.com\/wp-content\/uploads\/2021\/07\/5.png\" alt=\"\" class=\"wp-image-2493\" srcset=\"https:\/\/taizypackaging.com\/wp-content\/uploads\/2021\/07\/5.png 720w, https:\/\/taizypackaging.com\/wp-content\/uploads\/2021\/07\/5-300x220.png 300w\" sizes=\"auto, (max-width: 720px) 100vw, 720px\" \/><figcaption class=\"wp-element-caption\">efecto de sellado de la m\u00e1quina selladora de bolsas<\/figcaption><\/figure>    <figure class=\"wp-block-image size-full\"><img loading=\"lazy\" decoding=\"async\" width=\"720\" height=\"535\" src=\"https:\/\/taizypackaging.com\/wp-content\/uploads\/2021\/07\/6.png\" alt=\"mesa transportadora de ajuste\" class=\"wp-image-2494\" srcset=\"https:\/\/taizypackaging.com\/wp-content\/uploads\/2021\/07\/6.png 720w, https:\/\/taizypackaging.com\/wp-content\/uploads\/2021\/07\/6-300x223.png 300w\" sizes=\"auto, (max-width: 720px) 100vw, 720px\" \/><figcaption class=\"wp-element-caption\">mesa transportadora de ajuste<\/figcaption><\/figure>    <h2 class=\"wp-block-heading\" id=\"related-machines-you-may-also-interested-in\">M\u00e1quinas relacionadas que tambi\u00e9n te pueden interesar <\/h2>    <p>La m\u00e1quina selladora de banda continua se puede utilizar en combinaci\u00f3n con otras m\u00e1quinas, como una m\u00e1quina llenadora, una m\u00e1quina etiquetadora y una m\u00e1quina codificadora. Todas estas m\u00e1quinas pueden formar una l\u00ednea de producci\u00f3n completa. Y brindamos un s\u00f3lido servicio personalizado para satisfacer sus requisitos espec\u00edficos. \u00bfEst\u00e1s buscando estas m\u00e1quinas? Cont\u00e1ctenos para obtener una lista de precios gratuita. <\/p>","protected":false},"excerpt":{"rendered":"<p>Continuous sealing machine here is a portable bag heat sealing machine. It covers a small area and is convenient to move it. Besides, it can handle various types of plastic bags. A small investment in these continuous bag sealing machines can increase your efficiency and save you money. The maximum load of the conveyor table [&hellip;]<\/p>\n","protected":false},"author":1,"featured_media":2496,"parent":0,"template":"","tags":[596,547,548],"product-type":[668],"class_list":["post-2483","product","type-product","status-publish","has-post-thumbnail","hentry","tag-bag-sealing-machine","tag-continuous-sealing-machine","tag-sealing-machine","product-type-supporting-equipment"],"_links":{"self":[{"href":"https:\/\/taizypackaging.com\/es\/wp-json\/wp\/v2\/product\/2483","targetHints":{"allow":["GET"]}}],"collection":[{"href":"https:\/\/taizypackaging.com\/es\/wp-json\/wp\/v2\/product"}],"about":[{"href":"https:\/\/taizypackaging.com\/es\/wp-json\/wp\/v2\/types\/product"}],"author":[{"embeddable":true,"href":"https:\/\/taizypackaging.com\/es\/wp-json\/wp\/v2\/users\/1"}],"wp:featuredmedia":[{"embeddable":true,"href":"https:\/\/taizypackaging.com\/es\/wp-json\/wp\/v2\/media\/2496"}],"wp:attachment":[{"href":"https:\/\/taizypackaging.com\/es\/wp-json\/wp\/v2\/media?parent=2483"}],"wp:term":[{"taxonomy":"post_tag","embeddable":true,"href":"https:\/\/taizypackaging.com\/es\/wp-json\/wp\/v2\/tags?post=2483"},{"taxonomy":"product-type","embeddable":true,"href":"https:\/\/taizypackaging.com\/es\/wp-json\/wp\/v2\/product-type?post=2483"}],"curies":[{"name":"wp","href":"https:\/\/api.w.org\/{rel}","templated":true}]}}