{"id":2500,"date":"2021-07-30T09:18:45","date_gmt":"2021-07-30T09:18:45","guid":{"rendered":"https:\/\/taizypackaging.com\/?p=2500"},"modified":"2024-07-16T18:17:34","modified_gmt":"2024-07-16T10:17:34","slug":"horizontal-bag-feeding-machine","status":"publish","type":"product","link":"https:\/\/taizypackaging.com\/es\/horizontal-bag-feeding-machine\/","title":{"rendered":"M\u00e1quina de alimentaci\u00f3n de bolsas horizontales"},"content":{"rendered":"<div class=\"kk-star-ratings kksr-auto kksr-align-left kksr-valign-top\"     data-payload='{&quot;align&quot;:&quot;left&quot;,&quot;id&quot;:&quot;2500&quot;,&quot;slug&quot;:&quot;default&quot;,&quot;valign&quot;:&quot;top&quot;,&quot;ignore&quot;:&quot;&quot;,&quot;reference&quot;:&quot;auto&quot;,&quot;class&quot;:&quot;&quot;,&quot;count&quot;:&quot;6&quot;,&quot;legendonly&quot;:&quot;&quot;,&quot;readonly&quot;:&quot;&quot;,&quot;score&quot;:&quot;4.6&quot;,&quot;starsonly&quot;:&quot;&quot;,&quot;best&quot;:&quot;5&quot;,&quot;gap&quot;:&quot;5&quot;,&quot;greet&quot;:&quot;Rate this product&quot;,&quot;legend&quot;:&quot;4.6\\\/5 - (6 votos)&quot;,&quot;size&quot;:&quot;24&quot;,&quot;title&quot;:&quot;Horizontal Bag Feeding Machine&quot;,&quot;width&quot;:&quot;130.9&quot;,&quot;_legend&quot;:&quot;{score}\\\/{best} - ({count} {votes})&quot;,&quot;font_factor&quot;:&quot;1.25&quot;}'>              <div class=\"kksr-stars\">      <div class=\"kksr-stars-inactive\">             <div class=\"kksr-star\" data-star=\"1\" style=\"padding-right: 5px\">               <div class=\"kksr-icon\" style=\"width: 24px; height: 24px;\"><\/div>         <\/div>             <div class=\"kksr-star\" data-star=\"2\" style=\"padding-right: 5px\">               <div class=\"kksr-icon\" style=\"width: 24px; height: 24px;\"><\/div>         <\/div>             <div class=\"kksr-star\" data-star=\"3\" style=\"padding-right: 5px\">               <div class=\"kksr-icon\" style=\"width: 24px; height: 24px;\"><\/div>         <\/div>             <div class=\"kksr-star\" data-star=\"4\" style=\"padding-right: 5px\">               <div class=\"kksr-icon\" style=\"width: 24px; height: 24px;\"><\/div>         <\/div>             <div class=\"kksr-star\" data-star=\"5\" style=\"padding-right: 5px\">               <div class=\"kksr-icon\" style=\"width: 24px; height: 24px;\"><\/div>         <\/div>     <\/div>      <div class=\"kksr-stars-active\" style=\"width: 130.9px;\">             <div class=\"kksr-star\" style=\"padding-right: 5px\">               <div class=\"kksr-icon\" style=\"width: 24px; height: 24px;\"><\/div>         <\/div>             <div class=\"kksr-star\" style=\"padding-right: 5px\">               <div class=\"kksr-icon\" style=\"width: 24px; height: 24px;\"><\/div>         <\/div>             <div class=\"kksr-star\" style=\"padding-right: 5px\">               <div class=\"kksr-icon\" style=\"width: 24px; height: 24px;\"><\/div>         <\/div>             <div class=\"kksr-star\" style=\"padding-right: 5px\">               <div class=\"kksr-icon\" style=\"width: 24px; height: 24px;\"><\/div>         <\/div>             <div class=\"kksr-star\" style=\"padding-right: 5px\">               <div class=\"kksr-icon\" style=\"width: 24px; height: 24px;\"><\/div>         <\/div>     <\/div> <\/div>                   <div class=\"kksr-legend\" style=\"font-size: 19.2px;\">             4,6\/5 - (6 votos)    <\/div>     <\/div>  <p class=\"translation-block\">La <strong>m\u00e1quina horizontal de alimentaci\u00f3n de bolsas<\/strong> es un tipo de m\u00e1quina de envasado de llenado de bolsas prefabricadas. Esta m\u00e1quina tiene una gama muy amplia de aplicaciones. Equipada con un sistema de alimentaci\u00f3n diferente, la m\u00e1quina horizontal de llenado de bolsas puede envasar productos en part\u00edculas, polvos y l\u00edquidos. Adem\u00e1s, esta m\u00e1quina se adapta perfectamente a varios estilos de bolsas como bolsas de pie, bolsas tipo almohada, bolsas con cierre zip, bolsas planas con sellado por tres lados, bolsas con fuelle lateral, bolsas de pie con pico, etc. Taizy Packaging Machinery ofrece excelentes m\u00e1quinas de llenado de bolsas prefabricadas est\u00e1ndar y personalizadas a la venta. Env\u00edenos un correo electr\u00f3nico o ll\u00e1menos para obtener un <strong>precio de m\u00e1quina de alimentaci\u00f3n de bolsas prefabricadas<\/strong> gratuito. <\/p>    <h2 class=\"wp-block-heading\" id=\"horizontal-bag-feeding-machine-working-video\">V\u00eddeo de funcionamiento de la m\u00e1quina alimentadora de bolsas horizontales. <\/h2>   <figure class=\"wp-block-embed-youtube wp-block-embed is-type-video is-provider-youtube wp-embed-aspect-16-9 wp-has-aspect-ratio\"><div class=\"lyte-wrapper fourthree\" title=\"M\u00e1quina empacadora de bolsas prefabricadas | M\u00e1quina de llenado y sellado de bolsitas de tipo horizontal\" style=\"width:960px;max-width:100%;margin:5px auto;\"><div class=\"lyMe hidef\" id=\"WYL_xZWUfPAGP1w\" itemprop=\"video\" itemscope itemtype=\"https:\/\/schema.org\/VideoObject\"><div><meta itemprop=\"thumbnailUrl\" content=\"https:\/\/taizypackaging.com\/wp-content\/plugins\/wp-youtube-lyte\/lyteCache.php?origThumbUrl=https%3A%2F%2Fi.ytimg.com%2Fvi%2FxZWUfPAGP1w%2Fmaxresdefault.jpg\" \/><meta itemprop=\"embedURL\" content=\"https:\/\/www.youtube.com\/embed\/xZWUfPAGP1w\" \/><meta itemprop=\"duration\" content=\"PT4M18S\" \/><meta itemprop=\"uploadDate\" content=\"2021-07-30T03:41:54Z\" \/><\/div><meta itemprop=\"accessibilityFeature\" content=\"captions\" \/><div id=\"lyte_xZWUfPAGP1w\" data-src=\"https:\/\/taizypackaging.com\/wp-content\/plugins\/wp-youtube-lyte\/lyteCache.php?origThumbUrl=https%3A%2F%2Fi.ytimg.com%2Fvi%2FxZWUfPAGP1w%2Fmaxresdefault.jpg\" class=\"pL\"><div class=\"tC\"><div class=\"tT\" itemprop=\"name\">M\u00e1quina empacadora de bolsas prefabricadas | M\u00e1quina de llenado y sellado de bolsitas de tipo horizontal<\/div><\/div><div class=\"play\"><\/div><div class=\"ctrl\"><div class=\"Lctrl\"><\/div><div class=\"Rctrl\"><\/div><\/div><\/div><noscript><a href=\"https:\/\/youtu.be\/xZWUfPAGP1w\" rel=\"nofollow noopener\" target=\"_blank\"><img loading=\"lazy\" decoding=\"async\" src=\"https:\/\/taizypackaging.com\/wp-content\/plugins\/wp-youtube-lyte\/lyteCache.php?origThumbUrl=https%3A%2F%2Fi.ytimg.com%2Fvi%2FxZWUfPAGP1w%2F0.jpg\" alt=\"M\u00e1quina empacadora de bolsas prefabricadas | M\u00e1quina de llenado y sellado de bolsitas de tipo horizontal\" width=\"960\" height=\"700\" \/><br \/>Watch this video on YouTube<\/a><\/noscript><meta itemprop=\"description\" content=\"#premadepouch #fillsealmachine #doypackmachine WhatsApp\/Wechat\/Tel: +86 19139754781 Email: info@taizypackaging.com Useful link: https:\/\/taizypackaging.com\/horizontal-bag-feeding-machine\/ -------------------------------------------------------------------- A horizontal bag feeding machine is very versatile, it can package both powder, liquid, granule, and paste. Also, the types of bags can be various, such as stand-up pouches, zipper bags, four-side-seal bags, three-side-seal bags, paper bags, etc. This premade pouch feeding machine has multi-function by changing feeding systems. This machine can be divided into horizontal bag feeding machine for granules, horizontal bag feeding machine for powders, horizontal bag feeding machine for liquids. Performance features of horizontal bag feeding machine 1. PLC intelligent control system, support multi-language, parameter setting, machine control are particularly convenient. 2. The equipment meets the sanitary standards of food processing machinery, and the parts of the equipment in contact with materials are processed with 304 stainless steel or other materials that meet the requirements of food hygiene. Besides, it is designed in line with GMP standards. 3. The machine is equipped with an electric eye detection device: First of all, it will detect whether the bag is open or not, if the bag is not open, it will transport the bag directly to the end without any operation, and after that, there is a corresponding detection when feeding and sealing, which ensures the stable proceeding of the packaging process and saves the cost of the bag to avoid waste. -------------------------------------------------------------------- WhatsApp\/Wechat\/Tel: +86 19139754781 Email: info@taizypackaging.com Useful link: https:\/\/taizypackaging.com\/horizontal-bag-feeding-machine\/\"><\/div><\/div><div class=\"lL\" style=\"max-width:100%;width:960px;margin:5px auto;\"><\/div><figcaption>El v\u00eddeo de funcionamiento de la m\u00e1quina alimentadora de bolsas horizontal.<\/figcaption><\/figure>   <h2 class=\"wp-block-heading\" id=\"h-design-features-of-horizontal-bag-feeing-machine\">Caracter\u00edsticas de rendimiento de la m\u00e1quina alimentadora de bolsas horizontal<\/h2>    <ul class=\"wp-block-list\"> <li>Los sistemas de control inteligente PLC, el soporte para varios idiomas, la configuraci\u00f3n de par\u00e1metros y el control de la m\u00e1quina son particularmente convenientes.<\/li>    <li>El equipo cumple con los est\u00e1ndares sanitarios de maquinaria procesadora de alimentos, y las partes del equipo en contacto con los materiales son procesadas con acero inoxidable 304 u otros materiales que cumplen con los requisitos de higiene alimentaria. Adem\u00e1s, est\u00e1 dise\u00f1ado de acuerdo con los est\u00e1ndares GMP.<\/li>    <li>La m\u00e1quina est\u00e1 equipada con un dispositivo el\u00e9ctrico de detecci\u00f3n ocular: en primer lugar, detectar\u00e1 si la bolsa est\u00e1 abierta o no, si la bolsa no est\u00e1 abierta, la transportar\u00e1 directamente hasta el final sin ninguna operaci\u00f3n, y despu\u00e9s de eso, hay una detecci\u00f3n correspondiente al alimentar y sellar, lo que garantiza el desarrollo estable del proceso de envasado y ahorra el costo de la bolsa para evitar desperdicios.<\/li>    <li>La larga placa de arrastre en el sello tambi\u00e9n est\u00e1 hecha de acero inoxidable, que no s\u00f3lo es hermosa en su conjunto sino que tambi\u00e9n desempe\u00f1a un papel en la amortiguaci\u00f3n de los art\u00edculos empaquetados hasta cierto punto.<\/li>    <li>El sistema de alarma inteligente, cuando el lugar de sellado de la bolsa de pl\u00e1stico se derrite por la alta temperatura, se adhiere al bloque de cobre cuando la m\u00e1quina activa autom\u00e1ticamente la alarma y detiene la operaci\u00f3n oportunamente.<\/li> <\/ul>    <figure class=\"wp-block-image size-full\"><img loading=\"lazy\" decoding=\"async\" width=\"720\" height=\"540\" src=\"https:\/\/taizypackaging.com\/wp-content\/uploads\/2021\/07\/horizontal-bag-feeding-machine.jpg\" alt=\"m\u00e1quina de alimentaci\u00f3n de bolsas horizontales\" class=\"wp-image-3859\" srcset=\"https:\/\/taizypackaging.com\/wp-content\/uploads\/2021\/07\/horizontal-bag-feeding-machine.jpg 720w, https:\/\/taizypackaging.com\/wp-content\/uploads\/2021\/07\/horizontal-bag-feeding-machine-300x225.jpg 300w\" sizes=\"auto, (max-width: 720px) 100vw, 720px\" \/><figcaption class=\"wp-element-caption\">m\u00e1quina de alimentaci\u00f3n de bolsas horizontales<\/figcaption><\/figure>    <h2 class=\"wp-block-heading\" id=\"h-machine-parameters\">Par\u00e1metros de la m\u00e1quina de alimentaci\u00f3n de bolsas horizontales.<\/h2>    <figure class=\"wp-block-table is-style-stripes\"><table><tbody><tr><td>Fuerza<\/td><td>380V\/2.5KW<\/td><\/tr><tr><td>Velocidad de embalaje<\/td><td>20-50 bolsas\/minuto<\/td><\/tr><tr><td>Dimensi\u00f3n<\/td><td>100-210 mm\/110-320 mm (largo x ancho)<\/td><\/tr><tr><td>Peso<\/td><td>600 kilos<\/td><\/tr><tr><td>Alcance de la medida<\/td><td>20g-1000g<\/td><\/tr><tr><td>Consumo de aire<\/td><td>0,7 m\u00b3\/min<\/td><\/tr><\/tbody><\/table><\/figure>    <h2 class=\"wp-block-heading\" id=\"h-classification-of-bag-feeding-packing-machine\">Clasificaci\u00f3n de la m\u00e1quina empacadora de alimentaci\u00f3n en bolsas prefabricadas<\/h2>    <p>Esta m\u00e1quina de alimentaci\u00f3n de bolsas prefabricadas tiene una funci\u00f3n multifunci\u00f3n mediante el cambio de sistemas de alimentaci\u00f3n. Esta m\u00e1quina se puede dividir en una m\u00e1quina alimentadora de bolsas horizontal para gr\u00e1nulos, una m\u00e1quina alimentadora de bolsas horizontal para polvos y una m\u00e1quina alimentadora de bolsas horizontal para l\u00edquidos. <\/p>    <div class=\"wp-block-columns is-layout-flex wp-container-core-columns-is-layout-9d6595d7 wp-block-columns-is-layout-flex\"> <div class=\"wp-block-column is-layout-flow wp-block-column-is-layout-flow\"> <figure class=\"wp-block-image size-full\"><img decoding=\"async\" src=\"https:\/\/taizypackaging.com\/wp-content\/uploads\/2021\/07\/horizontal-bag-feeding-machine-for-powder.jpg\" alt=\"m\u00e1quina de alimentaci\u00f3n de bolsas horizontales para polvo\" class=\"wp-image-3862\"\/><figcaption class=\"wp-element-caption\">m\u00e1quina de alimentaci\u00f3n de bolsas horizontales para polvo<\/figcaption><\/figure> <\/div>    <div class=\"wp-block-column is-layout-flow wp-block-column-is-layout-flow\"> <figure class=\"wp-block-image size-full\"><img loading=\"lazy\" decoding=\"async\" width=\"720\" height=\"540\" src=\"https:\/\/taizypackaging.com\/wp-content\/uploads\/2021\/07\/horizontal-bag-feeding-machine-for-liquids.jpg\" alt=\"M\u00e1quina alimentadora de bolsas horizontales para l\u00edquidos.\" class=\"wp-image-3863\" srcset=\"https:\/\/taizypackaging.com\/wp-content\/uploads\/2021\/07\/horizontal-bag-feeding-machine-for-liquids.jpg 720w, https:\/\/taizypackaging.com\/wp-content\/uploads\/2021\/07\/horizontal-bag-feeding-machine-for-liquids-300x225.jpg 300w\" sizes=\"auto, (max-width: 720px) 100vw, 720px\" \/><figcaption class=\"wp-element-caption\">M\u00e1quina alimentadora de bolsas horizontales para l\u00edquidos.<\/figcaption><\/figure> <\/div> <\/div>    <div class=\"wp-block-columns is-layout-flex wp-container-core-columns-is-layout-9d6595d7 wp-block-columns-is-layout-flex\"> <div class=\"wp-block-column is-layout-flow wp-block-column-is-layout-flow\"> <figure class=\"wp-block-image size-full\"><img decoding=\"async\" src=\"https:\/\/taizypackaging.com\/wp-content\/uploads\/2021\/07\/powder-packaging-bag-style.jpg\" alt=\"estilo de bolsa de embalaje de polvo\" class=\"wp-image-3864\"\/><figcaption class=\"wp-element-caption\">estilo de bolsa de embalaje de polvo<\/figcaption><\/figure> <\/div>    <div class=\"wp-block-column is-layout-flow wp-block-column-is-layout-flow\"> <figure class=\"wp-block-image size-full\"><img decoding=\"async\" src=\"https:\/\/taizypackaging.com\/wp-content\/uploads\/2021\/07\/liquid-packaging-bag-style.jpg\" alt=\"estilo de bolsa de embalaje de l\u00edquidos\" class=\"wp-image-3865\"\/><figcaption class=\"wp-element-caption\">estilo de bolsa de embalaje de l\u00edquidos<\/figcaption><\/figure> <\/div> <\/div>    <h2 class=\"wp-block-heading\" id=\"h-construction-of-horizontal-bag-feeding-packaging-machine\">Sistema de alimentaci\u00f3n de la m\u00e1quina envasadora con alimentaci\u00f3n de bolsas horizontal.<\/h2>    <p>El sistema de alimentaci\u00f3n depende del tipo espec\u00edfico de materia prima a envasar: el dispositivo de alimentaci\u00f3n por tornillo (puede equiparse con un cepillo y otros dispositivos de eliminaci\u00f3n de polvo) se utiliza generalmente para el envasado de polvo; part\u00edculas peque\u00f1as, generalmente eligen la alimentaci\u00f3n por plato giratorio; la b\u00e1scula de cuatro cabezales y otros dispositivos electr\u00f3nicos de alimentaci\u00f3n de b\u00e1scula combinados se utilizan principalmente para envasar part\u00edculas grumosas, como galletas, etc.; l\u00edquido o pasta mediante bombas para l\u00edquido o bombas para pasta. El sistema de descarga est\u00e1 hecho de acero inoxidable, que es adecuado para una variedad de materiales, de alta calidad y estable, resistente y duradero.<\/p>    <p>El sistema de alimentaci\u00f3n de bolsas incluye tomar la bolsa, sostenerla, llenarla y sellarla. Por cierto, el sistema de alimentaci\u00f3n de bolsas se puede personalizar seg\u00fan los requisitos del cliente si se encuentra con virutas y otras cajas que no son f\u00e1ciles de llenar, agregando un dispositivo de menor vibraci\u00f3n y un dispositivo punzante. Si se trata de una bolsa con cremallera, se necesita un dispositivo adicional de apertura de cremallera.<\/p>    <p class=\"translation-block\">La m\u00e1quina necesita ser utilizada con un compresor de aire. Esto es similar a la <a href=\"https:\/\/taizypackaging.com\/es\/machines-category\/vpm\/\" target=\"_blank\" rel=\"noreferrer noopener\">selladora de vac\u00edo<\/a>. El ancho de la bolsa es inferior a 20 cm, puede a\u00f1adir una m\u00e1quina codificadora, como una codificadora de cinta. El dispositivo de sellado adopta tecnolog\u00eda de termosellado de vanguardia, con control de temperatura f\u00e1cil, para diferentes materiales de pel\u00edcula de embalaje, grosor y adaptabilidad.<\/p>    <h2 class=\"wp-block-heading\" id=\"faqs-about-taizy-horizontal-pouch-feeding-machine\">Preguntas frecuentes sobre la m\u00e1quina de alimentaci\u00f3n de bolsas horizontales Taizy<\/h2>    <p>1. \u00bfCu\u00e1les son los par\u00e1metros de la m\u00e1quina?<\/p>    <p class=\"translation-block\">Debido a que la estructura y los par\u00e1metros espec\u00edficos de la m\u00e1quina de <a href=\"https:\/\/taizypackaging.com\/es\/\" target=\"_blank\" rel=\"noreferrer noopener\">Taizy Company<\/a> se basan en las materias primas y las bolsas a envasar por el cliente, el tama\u00f1o espec\u00edfico requiere ser personalizado despu\u00e9s de comunicarnos con el cliente, si desea comprender la situaci\u00f3n espec\u00edfica puede comunicarse directamente con nosotros.<\/p>    <p>2. \u00bfEsta m\u00e1quina es completamente autom\u00e1tica?<\/p>    <p>S\u00ed, los trabajadores solo necesitan preparar las bolsas con anticipaci\u00f3n y colocarlas en la posici\u00f3n designada, configurar los par\u00e1metros fijos en el panel de control, y la m\u00e1quina autom\u00e1ticamente tomar\u00e1 las bolsas para empacarlas y las bolsas ser\u00e1n conducidas al suelo junto con la tabla de arrastre despu\u00e9s de completar el embalaje, y todo el proceso no requiere operaci\u00f3n manual.<\/p>    <p>3. \u00bfEsta m\u00e1quina est\u00e1 equipada con una m\u00e1quina codificadora?<\/p>    <p>La m\u00e1quina codificadora se puede configurar seg\u00fan las necesidades de los clientes; nuestra empresa utiliza el codificador de cinta. Utiliza una cinta de impresi\u00f3n t\u00e9rmica en lugar de impresi\u00f3n con tinta, requiere una carga y descarga especial de palabras en vivo para la estructura de las palabras y puede estar en cualquier material de embalaje en el c\u00f3digo. La impresi\u00f3n es clara y no es f\u00e1cil de borrar; higi\u00e9nico y limpio, sin contaminaci\u00f3n de tinta, es un m\u00e9todo de codificaci\u00f3n econ\u00f3mico e higi\u00e9nico.<\/p>    <p>4. \u00bfCu\u00e1l es el precio de la m\u00e1quina alimentadora de bolsas horizontal?<\/p>    <p>Debido a que nuestras m\u00e1quinas se personalizan seg\u00fan las necesidades del cliente, cont\u00e1ctenos directamente para conocer precios espec\u00edficos.<\/p>","protected":false},"excerpt":{"rendered":"<p>Horizontal bag feeding machine is a type of premade bag filling packaging machine. This machine has a very wide range of applications. Equipped with a different feeding system, the horizontal bag filling machine can package particles, powders, and liquid products. Besides, this machine can perfectly suit various bag styles like stand-up bags, pillow bags, zip [&hellip;]<\/p>\n","protected":false},"author":1,"featured_media":2513,"parent":0,"template":"","tags":[549,550,597],"product-type":[665],"class_list":["post-2500","product","type-product","status-publish","has-post-thumbnail","hentry","tag-bag-feeding-machine","tag-horizontal-bag-feeding-machine","tag-premade-bag-filling-machine","product-type-premade-pouch-packing-machine"],"_links":{"self":[{"href":"https:\/\/taizypackaging.com\/es\/wp-json\/wp\/v2\/product\/2500","targetHints":{"allow":["GET"]}}],"collection":[{"href":"https:\/\/taizypackaging.com\/es\/wp-json\/wp\/v2\/product"}],"about":[{"href":"https:\/\/taizypackaging.com\/es\/wp-json\/wp\/v2\/types\/product"}],"author":[{"embeddable":true,"href":"https:\/\/taizypackaging.com\/es\/wp-json\/wp\/v2\/users\/1"}],"wp:featuredmedia":[{"embeddable":true,"href":"https:\/\/taizypackaging.com\/es\/wp-json\/wp\/v2\/media\/2513"}],"wp:attachment":[{"href":"https:\/\/taizypackaging.com\/es\/wp-json\/wp\/v2\/media?parent=2500"}],"wp:term":[{"taxonomy":"post_tag","embeddable":true,"href":"https:\/\/taizypackaging.com\/es\/wp-json\/wp\/v2\/tags?post=2500"},{"taxonomy":"product-type","embeddable":true,"href":"https:\/\/taizypackaging.com\/es\/wp-json\/wp\/v2\/product-type?post=2500"}],"curies":[{"name":"wp","href":"https:\/\/api.w.org\/{rel}","templated":true}]}}