{"id":2528,"date":"2021-08-04T08:03:21","date_gmt":"2021-08-04T08:03:21","guid":{"rendered":"https:\/\/taizypackaging.com\/?p=2528"},"modified":"2024-07-16T16:49:31","modified_gmt":"2024-07-16T08:49:31","slug":"reciprocating-servo-packing-machine","status":"publish","type":"product","link":"https:\/\/taizypackaging.com\/es\/reciprocating-servo-packing-machine\/","title":{"rendered":"M\u00e1quina empacadora serva alternativa"},"content":{"rendered":"<div class=\"kk-star-ratings kksr-auto kksr-align-left kksr-valign-top\"     data-payload='{&quot;align&quot;:&quot;left&quot;,&quot;id&quot;:&quot;2528&quot;,&quot;slug&quot;:&quot;default&quot;,&quot;valign&quot;:&quot;top&quot;,&quot;ignore&quot;:&quot;&quot;,&quot;reference&quot;:&quot;auto&quot;,&quot;class&quot;:&quot;&quot;,&quot;count&quot;:&quot;19&quot;,&quot;legendonly&quot;:&quot;&quot;,&quot;readonly&quot;:&quot;&quot;,&quot;score&quot;:&quot;4.6&quot;,&quot;starsonly&quot;:&quot;&quot;,&quot;best&quot;:&quot;5&quot;,&quot;gap&quot;:&quot;5&quot;,&quot;greet&quot;:&quot;Rate this product&quot;,&quot;legend&quot;:&quot;4.6\\\/5 - (19 votos)&quot;,&quot;size&quot;:&quot;24&quot;,&quot;title&quot;:&quot;Reciprocating Servo Packing Machine&quot;,&quot;width&quot;:&quot;130.9&quot;,&quot;_legend&quot;:&quot;{score}\\\/{best} - ({count} {votes})&quot;,&quot;font_factor&quot;:&quot;1.25&quot;}'>              <div class=\"kksr-stars\">      <div class=\"kksr-stars-inactive\">             <div class=\"kksr-star\" data-star=\"1\" style=\"padding-right: 5px\">               <div class=\"kksr-icon\" style=\"width: 24px; height: 24px;\"><\/div>         <\/div>             <div class=\"kksr-star\" data-star=\"2\" style=\"padding-right: 5px\">               <div class=\"kksr-icon\" style=\"width: 24px; height: 24px;\"><\/div>         <\/div>             <div class=\"kksr-star\" data-star=\"3\" style=\"padding-right: 5px\">               <div class=\"kksr-icon\" style=\"width: 24px; height: 24px;\"><\/div>         <\/div>             <div class=\"kksr-star\" data-star=\"4\" style=\"padding-right: 5px\">               <div class=\"kksr-icon\" style=\"width: 24px; height: 24px;\"><\/div>         <\/div>             <div class=\"kksr-star\" data-star=\"5\" style=\"padding-right: 5px\">               <div class=\"kksr-icon\" style=\"width: 24px; height: 24px;\"><\/div>         <\/div>     <\/div>      <div class=\"kksr-stars-active\" style=\"width: 130.9px;\">             <div class=\"kksr-star\" style=\"padding-right: 5px\">               <div class=\"kksr-icon\" style=\"width: 24px; height: 24px;\"><\/div>         <\/div>             <div class=\"kksr-star\" style=\"padding-right: 5px\">               <div class=\"kksr-icon\" style=\"width: 24px; height: 24px;\"><\/div>         <\/div>             <div class=\"kksr-star\" style=\"padding-right: 5px\">               <div class=\"kksr-icon\" style=\"width: 24px; height: 24px;\"><\/div>         <\/div>             <div class=\"kksr-star\" style=\"padding-right: 5px\">               <div class=\"kksr-icon\" style=\"width: 24px; height: 24px;\"><\/div>         <\/div>             <div class=\"kksr-star\" style=\"padding-right: 5px\">               <div class=\"kksr-icon\" style=\"width: 24px; height: 24px;\"><\/div>         <\/div>     <\/div> <\/div>                   <div class=\"kksr-legend\" style=\"font-size: 19.2px;\">             4,6\/5 - (19 votos)    <\/div>     <\/div>  <p class=\"translation-block\"><strong>M\u00e1quina de empaquetado de servicio reciprocante<\/strong> es una especie de m\u00e1quina de envoltura horizontal. Tiene un dise\u00f1o nuevo, una estructura simple y utiliza tecnolog\u00eda avanzada. Adem\u00e1s, una <strong>m\u00e1quina de envasado en pillow reciprocante<\/strong> tiene un rango de aplicaci\u00f3n muy amplio. Por ejemplo, puede aplicarse para el envasado de diversos alimentos, verduras, frutas, productos de uso diario, etc. Taizy Packaging Machinery ha estado involucrada en el dise\u00f1o e investigaci\u00f3n de diversas m\u00e1quinas de embalaje pillow. Hoy en d\u00eda, nuestra <strong>m\u00e1quina de envoltura de flujo horizontal<\/strong> se ha exportado con \u00e9xito a m\u00e1s de 50 pa\u00edses y regiones. Y hemos ayudado a muchos socios a desarrollar sus peque\u00f1os negocios en todo el mundo. <\/p>    <h2 class=\"wp-block-heading\" id=\"h-the-working-video-of-reciprocating-pillow-packaging-machine\">V\u00eddeo de funcionamiento de la m\u00e1quina envasadora de almohadas reciprocantes<\/h2>   <figure class=\"wp-block-embed-youtube wp-block-embed is-type-video is-provider-youtube wp-embed-aspect-16-9 wp-has-aspect-ratio\"><div class=\"lyte-wrapper fourthree\" title=\"M\u00e1quina envasadora servo reciprocante | M\u00e1quina envasadora de almohadas horizontal con servos.\" style=\"width:960px;max-width:100%;margin:5px auto;\"><div class=\"lyMe hidef\" id=\"WYL_Mr0Rt9b9FEk\" itemprop=\"video\" itemscope itemtype=\"https:\/\/schema.org\/VideoObject\"><div><meta itemprop=\"thumbnailUrl\" content=\"https:\/\/taizypackaging.com\/wp-content\/plugins\/wp-youtube-lyte\/lyteCache.php?origThumbUrl=https%3A%2F%2Fi.ytimg.com%2Fvi%2FMr0Rt9b9FEk%2Fmaxresdefault.jpg\" \/><meta itemprop=\"embedURL\" content=\"https:\/\/www.youtube.com\/embed\/Mr0Rt9b9FEk\" \/><meta itemprop=\"duration\" content=\"PT3M\" \/><meta itemprop=\"uploadDate\" content=\"2021-08-03T10:20:47Z\" \/><\/div><meta itemprop=\"accessibilityFeature\" content=\"captions\" \/><div id=\"lyte_Mr0Rt9b9FEk\" data-src=\"https:\/\/taizypackaging.com\/wp-content\/plugins\/wp-youtube-lyte\/lyteCache.php?origThumbUrl=https%3A%2F%2Fi.ytimg.com%2Fvi%2FMr0Rt9b9FEk%2Fmaxresdefault.jpg\" class=\"pL\"><div class=\"tC\"><div class=\"tT\" itemprop=\"name\">M\u00e1quina envasadora servo reciprocante | M\u00e1quina envasadora de almohadas horizontal con servos.<\/div><\/div><div class=\"play\"><\/div><div class=\"ctrl\"><div class=\"Lctrl\"><\/div><div class=\"Rctrl\"><\/div><\/div><\/div><noscript><a href=\"https:\/\/youtu.be\/Mr0Rt9b9FEk\" rel=\"nofollow noopener\" target=\"_blank\"><img loading=\"lazy\" decoding=\"async\" src=\"https:\/\/taizypackaging.com\/wp-content\/plugins\/wp-youtube-lyte\/lyteCache.php?origThumbUrl=https%3A%2F%2Fi.ytimg.com%2Fvi%2FMr0Rt9b9FEk%2F0.jpg\" alt=\"M\u00e1quina envasadora servo reciprocante | M\u00e1quina envasadora de almohadas horizontal con servos.\" width=\"960\" height=\"700\" \/><br \/>Watch this video on YouTube<\/a><\/noscript><meta itemprop=\"description\" content=\"WhatsApp\/Wechat\/Tel:+86 19139754781 This machine can be regarded as the upgrade of a common horizontal pillow-type packing machine. Reciprocating servo packing machine is suitable for various kinds of regular objects like biscuits, bread, egg roll, instant noodle, moon cake, medicine, hardware, industrial parts, paper boxes, plates, etc. It is worth mentioning that this machine has a gusset bag device which makes the bag shape more beautiful, and enhances the product grade.\"><\/div><\/div><div class=\"lL\" style=\"max-width:100%;width:960px;margin:5px auto;\"><\/div><figcaption><\/figcaption><\/figure>   <h2 class=\"wp-block-heading\" id=\"introduction-of-reciprocating-servo-packing-machine\">Introducci\u00f3n de la m\u00e1quina empacadora servo reciprocante.<\/h2>    <p>Las m\u00e1quinas empacadoras alternativas pueden considerarse como la visi\u00f3n mejorada de una m\u00e1quina empacadora horizontal tipo almohada com\u00fan. Y es un tipo de m\u00e1quina envasadora autom\u00e1tica de flujo. La m\u00e1quina empacadora servo reciprocante es adecuada para diversos tipos de objetos comunes como galletas, pan, rollitos de huevo, fideos instant\u00e1neos, pasteles de luna, medicinas, ferreter\u00eda, piezas industriales, cajas de papel, platos, etc. Vale la pena mencionar que esta m\u00e1quina tiene un Dispositivo de bolsa con fuelle que hace que el estilo de la bolsa sea m\u00e1s hermoso y mejora la calidad del producto.<\/p>    <figure class=\"wp-block-image size-full\"><img decoding=\"async\" src=\"https:\/\/taizypackaging.com\/wp-content\/uploads\/2021\/08\/reciprocating-servo-packing-machine.jpg\" alt=\"m\u00e1quina empacadora serva alternativa\" class=\"wp-image-3877\"\/><figcaption class=\"wp-element-caption\">m\u00e1quina empacadora serva alternativa<\/figcaption><\/figure>    <h2 class=\"wp-block-heading\" id=\"h-the-structure-of-reciprocating-packaging-machine\">Caracter\u00edsticas estructurales de la m\u00e1quina envasadora alternativa.<\/h2>    <p>La m\u00e1quina flow pack alternativa tiene una estructura simple. Consiste principalmente en un sistema de control PLC inteligente, cinta transportadora, dispositivo de alimentaci\u00f3n de pel\u00edcula, formador de bolsas, puerto de descarga, dispositivo de sellado y corte, motor famoso, etc. Todas las piezas adoptan material duradero y tecnolog\u00eda avanzada, que garantizan el buen rendimiento de nuestra almohada. m\u00e1quinas empacadoras. Adem\u00e1s, todos los accesorios cuentan con el respaldo del servicio personalizado de la empresa Taizy para cumplir con sus requisitos espec\u00edficos. <\/p>    <figure class=\"wp-block-image size-full\"><img decoding=\"async\" src=\"https:\/\/taizypackaging.com\/wp-content\/uploads\/2021\/08\/\u753b\u677f-1_\u770b\u56fe\u738b.jpg\" alt=\"\" class=\"wp-image-2530\"\/><\/figure>    <h2 class=\"wp-block-heading\" id=\"h-details-of-reciprocating-servo-packing-machine\">Detalles de la m\u00e1quina empacadora servo reciprocante<\/h2>    <p>La m\u00e1quina empacadora servo reciprocante a la venta de Taizy tiene un rendimiento excelente. En primer lugar, esta m\u00e1quina utiliza un sistema de control PLC inteligente. A trav\u00e9s de una gran pantalla t\u00e1ctil, podemos configurar f\u00e1cilmente los par\u00e1metros para controlar toda la m\u00e1quina. A continuaci\u00f3n, el eje del rollo de pel\u00edcula multibrazo se utiliza para coordinar el enlace de tracci\u00f3n de la pel\u00edcula, que se adapta al material de la pel\u00edcula multirollo y la pel\u00edcula se rueda suavemente. En tercer lugar, el cortador termosellador sella los extremos frontal y posterior de los productos envasados \u200b\u200bpara evitar curvaturas o lagunas en la posici\u00f3n de sellado. <\/p>    <div class=\"wp-block-columns is-layout-flex wp-container-core-columns-is-layout-9d6595d7 wp-block-columns-is-layout-flex\"> <div class=\"wp-block-column is-layout-flow wp-block-column-is-layout-flow\"> <figure class=\"wp-block-image size-full\"><img decoding=\"async\" src=\"https:\/\/taizypackaging.com\/wp-content\/uploads\/2021\/08\/reciprocating-packing-machine-bag-forming-system.jpg\" alt=\"M\u00e1quina envasadora alternativa, sistema de formaci\u00f3n de bolsas.\" class=\"wp-image-3880\"\/><figcaption class=\"wp-element-caption\">M\u00e1quina envasadora alternativa, sistema de formaci\u00f3n de bolsas.<\/figcaption><\/figure> <\/div>    <div class=\"wp-block-column is-layout-flow wp-block-column-is-layout-flow\"> <figure class=\"wp-block-image size-full\"><img decoding=\"async\" src=\"https:\/\/taizypackaging.com\/wp-content\/uploads\/2021\/08\/reciprocating-packing-machine-cutter.jpg\" alt=\"cortadora de m\u00e1quina envasadora alternativa\" class=\"wp-image-3881\"\/><figcaption class=\"wp-element-caption\">cortadora de m\u00e1quina envasadora alternativa<\/figcaption><\/figure> <\/div> <\/div>    <h2 class=\"wp-block-heading\" id=\"h-machine-parameters-of-reciprocating-servo-packing-machine\">Par\u00e1metros de la m\u00e1quina empacadora servo reciprocante <\/h2>    <h3 class=\"wp-block-heading\" id=\"tz-450w-reciprocating-servo-packing-machine-parameters\">Par\u00e1metros de la m\u00e1quina empacadora servo reciprocante TZ-450W <\/h3>    <figure class=\"wp-block-table is-style-stripes\"><table><tbody><tr><td>Ancho de la pel\u00edcula<\/td><td>M\u00e1ximo 450 mm<\/td><\/tr><tr><td>Longitud de confecci\u00f3n de bolsas<\/td><td>120~450 mm<\/td><\/tr><tr><td>Ancho de confecci\u00f3n de bolsas<\/td><td>50~160 mm<\/td><\/tr><tr><td>Altura de producci\u00f3n<\/td><td>10~100 mm<\/td><\/tr><tr><td>Velocidad de embalaje<\/td><td>20-80 bolsas\/minuto<\/td><\/tr><tr><td>Fuerza<\/td><td>4.2KW\/220V\/50\/60HZ<\/td><\/tr><tr><td>Dimensi\u00f3n<\/td><td>(Largo)4380mmx(Ancho)870mmx(Alto)1500mm<\/td><\/tr><tr><td>Peso<\/td><td>800 kilos<\/td><\/tr><\/tbody><\/table><\/figure>    <h3 class=\"wp-block-heading\" id=\"tz-600w-reciprocating-servo-packing-machine-parameters\">Par\u00e1metros de la m\u00e1quina empacadora servo reciprocante TZ-600W <\/h3>    <figure class=\"wp-block-table is-style-stripes\"><table><tbody><tr><td>Ancho de la pel\u00edcula<\/td><td>M\u00e1x.600 mm<\/td><\/tr><tr><td>Longitud de confecci\u00f3n de bolsas<\/td><td>120~450 mm<\/td><\/tr><tr><td>Ancho de confecci\u00f3n de bolsas<\/td><td>50~200 mm<\/td><\/tr><tr><td>Altura de producci\u00f3n<\/td><td>10~100 mm<\/td><\/tr><tr><td>Velocidad de embalaje<\/td><td>20-80 bolsas\/minuto<\/td><\/tr><tr><td>Fuerza<\/td><td>4.6KW\/220V\/50\/60HZ<\/td><\/tr><tr><td>Dimensi\u00f3n<\/td><td>(Largo)4380mmx(Ancho)970mmx(Alto)1500mm<\/td><\/tr><tr><td>Peso<\/td><td>900 kilos<\/td><\/tr><\/tbody><\/table><\/figure>    <h2 class=\"wp-block-heading\" id=\"h-the-design-features-of-reciprocating-pillow-packaging-machine\">Ventajas de dise\u00f1o de la m\u00e1quina envasadora de almohadas reciprocantes<\/h2>    <ul class=\"wp-block-list\"> <li>En comparaci\u00f3n con el sistema de sellado rotativo tradicional, el sistema de sellado alternativo puede completar simult\u00e1neamente el embalaje de productos de diferentes alturas y longitudes y, en t\u00e9rminos de exquisitez, el sistema de sellado alternativo tambi\u00e9n es m\u00e1s alto que el sistema de sellado rotativo tradicional, al mismo tiempo que garantiza el calor. efecto de sellado de la superficie de sellado.<\/li>    <li>Si se trata de una m\u00e1quina com\u00fan, para empacar diferentes productos es necesario ajustar la distancia entre la cinta transportadora, mientras que la m\u00e1quina empacadora servo reciprocante con un servomotor completo puede detectar y juzgar autom\u00e1ticamente sin ajuste manual.<\/li>    <li>El acero inoxidable apto para uso alimentario en contacto con el producto es limpio, higi\u00e9nico y hermoso.<\/li>    <li>Pantalla t\u00e1ctil, visualizaci\u00f3n en chino e ingl\u00e9s, configuraci\u00f3n de par\u00e1metros c\u00f3moda y r\u00e1pida.<\/li>    <li>Seguimiento fotoel\u00e9ctrico del color de los ojos de alta sensibilidad, entrada digital de posici\u00f3n del sello de corte, m\u00e1s precisa.<\/li>    <li>El control autom\u00e1tico de temperatura PID es mejor para el embalaje de diferentes materiales.<\/li>    <li>Cuando el producto pasa a la l\u00ednea de transporte del equipo para comenzar hasta el final del embalaje, todo el proceso, el equipo de cada etapa del sistema de cinta transportadora se mantendr\u00e1 sincronizado con el producto hacia adelante, para evitar rayones en la superficie del producto que afectan la belleza. del producto, para garantizar la calidad del embalaje del producto.<\/li> <\/ul>    <h2 class=\"wp-block-heading\" id=\"h-about-us\">\u00bfPor qu\u00e9 elegir Taizy?<\/h2>    <p>Nos centramos en la industria de las m\u00e1quinas de embalaje desde hace m\u00e1s de 10 a\u00f1os. Hemos atra\u00eddo a clientes de todo el mundo con nuestra buena reputaci\u00f3n, productos de alta calidad y precios asequibles. Nuestra f\u00e1brica ha reunido a ingenieros superiores y t\u00e9cnicos de primera clase para controlar estrictamente la calidad de los productos. Nuestro gerente de ventas le presentar\u00e1 la m\u00e1quina en todos los aspectos a trav\u00e9s de diversas formas, como videos, fotos y tel\u00e9fonos, y le recomendar\u00e1 la m\u00e1quina m\u00e1s adecuada seg\u00fan sus necesidades. \u00bfEst\u00e1s interesado en esta envasadora horizontal? Inf\u00f3rmenos con anticipaci\u00f3n y le brindaremos una excelente soluci\u00f3n de embalaje personalizado. <\/p>    <p class=\"translation-block\">Nuestra empresa mantiene una cooperaci\u00f3n a largo plazo con grandes compa\u00f1\u00edas de transporte nacionales para asegurar que sus productos se env\u00eden con la menor p\u00e9rdida innecesaria. Al mismo tiempo, tras recibir las mercanc\u00edas, nuestro personal posventa est\u00e1 siempre listo para responder a sus dudas y proporcionar asesoramiento sobre el mantenimiento y cuidado de la m\u00e1quina. Satisfacer a nuestros clientes, buscar el \u00e9xito y avanzar juntos es el objetivo que <a href=\"https:\/\/taizypackaging.com\/es\/\">Taizy<\/a> persigue siempre.<\/p>    <figure class=\"wp-block-image size-full\"><img decoding=\"async\" src=\"https:\/\/taizypackaging.com\/wp-content\/uploads\/2021\/08\/\u753b\u677f-9.jpg\" alt=\"f\u00e1brica de m\u00e1quinas empacadoras de almohadas rec\u00edprocas\" class=\"wp-image-2543\"\/><figcaption class=\"wp-element-caption\">f\u00e1brica de m\u00e1quinas empacadoras de almohadas rec\u00edprocas<\/figcaption><\/figure>","protected":false},"excerpt":{"rendered":"<p>Reciprocating servo packing machine is a kind of horizontal flow wrap machine. It has a new design, a simple structure, and uses advanced technology. Besides, a reciprocating pillow packaging machine has a very wide range of applications. For example, it can be applied for packing various foods, vegetables, fruits, daily necessities, etc. Taizy Packaging Machinery [&hellip;]<\/p>\n","protected":false},"author":1,"featured_media":2546,"parent":0,"template":"","tags":[559,598,599],"product-type":[664],"class_list":["post-2528","product","type-product","status-publish","has-post-thumbnail","hentry","tag-pillow-packing-machine","tag-reciprocating-flow-pack-machine","tag-reciprocating-servo-packing-machine","product-type-horizontal-flow-wrapping-machines"],"_links":{"self":[{"href":"https:\/\/taizypackaging.com\/es\/wp-json\/wp\/v2\/product\/2528","targetHints":{"allow":["GET"]}}],"collection":[{"href":"https:\/\/taizypackaging.com\/es\/wp-json\/wp\/v2\/product"}],"about":[{"href":"https:\/\/taizypackaging.com\/es\/wp-json\/wp\/v2\/types\/product"}],"author":[{"embeddable":true,"href":"https:\/\/taizypackaging.com\/es\/wp-json\/wp\/v2\/users\/1"}],"wp:featuredmedia":[{"embeddable":true,"href":"https:\/\/taizypackaging.com\/es\/wp-json\/wp\/v2\/media\/2546"}],"wp:attachment":[{"href":"https:\/\/taizypackaging.com\/es\/wp-json\/wp\/v2\/media?parent=2528"}],"wp:term":[{"taxonomy":"post_tag","embeddable":true,"href":"https:\/\/taizypackaging.com\/es\/wp-json\/wp\/v2\/tags?post=2528"},{"taxonomy":"product-type","embeddable":true,"href":"https:\/\/taizypackaging.com\/es\/wp-json\/wp\/v2\/product-type?post=2528"}],"curies":[{"name":"wp","href":"https:\/\/api.w.org\/{rel}","templated":true}]}}