{"id":2616,"date":"2021-08-10T09:58:13","date_gmt":"2021-08-10T09:58:13","guid":{"rendered":"https:\/\/taizypackaging.com\/?p=2616"},"modified":"2022-12-14T01:50:53","modified_gmt":"2022-12-14T01:50:53","slug":"granule-filling-machine-2","status":"publish","type":"product","link":"https:\/\/taizypackaging.com\/es\/granule-filling-machine\/","title":{"rendered":"M\u00e1quina llenadora de gr\u00e1nulos"},"content":{"rendered":"<div class=\"kk-star-ratings kksr-auto kksr-align-left kksr-valign-top\"     data-payload='{&quot;align&quot;:&quot;left&quot;,&quot;id&quot;:&quot;2616&quot;,&quot;slug&quot;:&quot;default&quot;,&quot;valign&quot;:&quot;top&quot;,&quot;ignore&quot;:&quot;&quot;,&quot;reference&quot;:&quot;auto&quot;,&quot;class&quot;:&quot;&quot;,&quot;count&quot;:&quot;8&quot;,&quot;legendonly&quot;:&quot;&quot;,&quot;readonly&quot;:&quot;&quot;,&quot;score&quot;:&quot;4.7&quot;,&quot;starsonly&quot;:&quot;&quot;,&quot;best&quot;:&quot;5&quot;,&quot;gap&quot;:&quot;5&quot;,&quot;greet&quot;:&quot;Rate this product&quot;,&quot;legend&quot;:&quot;4.7\\\/5 - (8 votos)&quot;,&quot;size&quot;:&quot;24&quot;,&quot;title&quot;:&quot;Granule Filling Machine&quot;,&quot;width&quot;:&quot;133.8&quot;,&quot;_legend&quot;:&quot;{score}\\\/{best} - ({count} {votes})&quot;,&quot;font_factor&quot;:&quot;1.25&quot;}'>              <div class=\"kksr-stars\">      <div class=\"kksr-stars-inactive\">             <div class=\"kksr-star\" data-star=\"1\" style=\"padding-right: 5px\">               <div class=\"kksr-icon\" style=\"width: 24px; height: 24px;\"><\/div>         <\/div>             <div class=\"kksr-star\" data-star=\"2\" style=\"padding-right: 5px\">               <div class=\"kksr-icon\" style=\"width: 24px; height: 24px;\"><\/div>         <\/div>             <div class=\"kksr-star\" data-star=\"3\" style=\"padding-right: 5px\">               <div class=\"kksr-icon\" style=\"width: 24px; height: 24px;\"><\/div>         <\/div>             <div class=\"kksr-star\" data-star=\"4\" style=\"padding-right: 5px\">               <div class=\"kksr-icon\" style=\"width: 24px; height: 24px;\"><\/div>         <\/div>             <div class=\"kksr-star\" data-star=\"5\" style=\"padding-right: 5px\">               <div class=\"kksr-icon\" style=\"width: 24px; height: 24px;\"><\/div>         <\/div>     <\/div>      <div class=\"kksr-stars-active\" style=\"width: 133.8px;\">             <div class=\"kksr-star\" style=\"padding-right: 5px\">               <div class=\"kksr-icon\" style=\"width: 24px; height: 24px;\"><\/div>         <\/div>             <div class=\"kksr-star\" style=\"padding-right: 5px\">               <div class=\"kksr-icon\" style=\"width: 24px; height: 24px;\"><\/div>         <\/div>             <div class=\"kksr-star\" style=\"padding-right: 5px\">               <div class=\"kksr-icon\" style=\"width: 24px; height: 24px;\"><\/div>         <\/div>             <div class=\"kksr-star\" style=\"padding-right: 5px\">               <div class=\"kksr-icon\" style=\"width: 24px; height: 24px;\"><\/div>         <\/div>             <div class=\"kksr-star\" style=\"padding-right: 5px\">               <div class=\"kksr-icon\" style=\"width: 24px; height: 24px;\"><\/div>         <\/div>     <\/div> <\/div>                   <div class=\"kksr-legend\" style=\"font-size: 19.2px;\">             4,7\/5 - (8 votos)    <\/div>     <\/div>  <p class=\"translation-block\"><strong>M\u00e1quina llenadora de gr\u00e1nulos<\/strong> dise\u00f1ada para una gran demanda de producci\u00f3n. Se utiliza com\u00fanmente para art\u00edculos de 5 kg a 50 kg y para envasar granos, frutos secos, comida para perros, comida para peces, arroz, ma\u00edz, fertilizantes qu\u00edmicos, etc. La <strong>m\u00e1quina llenadora de gr\u00e1nulos en venta<\/strong> puede completar de forma totalmente autom\u00e1tica el proceso de pesaje y llenado cuantitativo. Con una estructura de cuerpo de material de acero inoxidable y tecnolog\u00eda avanzada, esta m\u00e1quina autom\u00e1tica llenadora de gr\u00e1nulos tiene un rendimiento muy bueno. Como uno de los principales fabricantes de m\u00e1quinas de llenado de China, ofrecemos varias <strong>m\u00e1quinas llenadoras y selladoras de gr\u00e1nulos<\/strong> est\u00e1ndar y personalizadas para satisfacer sus necesidades. Cont\u00e1ctenos hoy para obtener una lista de precios gratuita. <\/p>    <h2 class=\"wp-block-heading\" id=\"h-the-brief-introduction-of-granule-packaging-machine-for-5-50kg\">Introducci\u00f3n de la m\u00e1quina llenadora de gr\u00e1nulos a la venta. <\/h2>    <p>Esta m\u00e1quina llenadora de gr\u00e1nulos est\u00e1 dise\u00f1ada para art\u00edculos de 5kg~50kg. Y se utiliza principalmente en cereales, como ma\u00edz, trigo, arroz, etc.; fertilizantes, tales como fertilizantes org\u00e1nicos, fertilizantes compuestos y otros fertilizantes mixtos; Productos qu\u00edmicos, como envases de polietileno, PVC, PE, PP y otros materiales granulares.<br>Las bolsas generalmente se dividen en dos tipos, bolsas de pl\u00e1stico o bolsas tejidas. La m\u00e1quina se puede empaquetar en dos tipos de bolsas, pero el m\u00e9todo de sellado es diferente. Las bolsas de pl\u00e1stico se envasan con una m\u00e1quina de termosellado, mientras que las bolsas tejidas se envasan con una m\u00e1quina de coser.<\/p>    <figure class=\"wp-block-image size-full\"><img decoding=\"async\" src=\"https:\/\/taizypackaging.com\/wp-content\/uploads\/2021\/08\/\u753b\u677f-3_\u770b\u56fe\u738b.jpg\" alt=\"\" class=\"wp-image-2618\"\/><figcaption class=\"wp-element-caption\">Expositor de m\u00e1quina envasadora de gr\u00e1nulos de 5-50 kg<\/figcaption><\/figure>    <h2 class=\"wp-block-heading\" id=\"h-the-working-process-of-5-50kg-granule-packing-machine\">V\u00eddeo de trabajo de la m\u00e1quina envasadora de gr\u00e1nulos de 5-50 kg.<\/h2>   <figure class=\"wp-block-embed-youtube wp-block-embed is-type-video is-provider-youtube wp-embed-aspect-16-9 wp-has-aspect-ratio\"><div class=\"lyte-wrapper fourthree\" title=\"M\u00e1quina autom\u00e1tica de pesaje, llenado y sellado para frijoles, arroz, semillas, comida para perros y gatos de 5 kg a 50 kg\" style=\"width:960px;max-width:100%;margin:5px auto;\"><div class=\"lyMe hidef\" id=\"WYL__E3hqS6pwhY\" itemprop=\"video\" itemscope itemtype=\"https:\/\/schema.org\/VideoObject\"><div><meta itemprop=\"thumbnailUrl\" content=\"https:\/\/taizypackaging.com\/wp-content\/plugins\/wp-youtube-lyte\/lyteCache.php?origThumbUrl=https%3A%2F%2Fi.ytimg.com%2Fvi%2F_E3hqS6pwhY%2Fmaxresdefault.jpg\" \/><meta itemprop=\"embedURL\" content=\"https:\/\/www.youtube.com\/embed\/_E3hqS6pwhY\" \/><meta itemprop=\"duration\" content=\"PT2M39S\" \/><meta itemprop=\"uploadDate\" content=\"2022-02-08T03:51:35Z\" \/><\/div><div id=\"lyte__E3hqS6pwhY\" data-src=\"https:\/\/taizypackaging.com\/wp-content\/plugins\/wp-youtube-lyte\/lyteCache.php?origThumbUrl=https%3A%2F%2Fi.ytimg.com%2Fvi%2F_E3hqS6pwhY%2Fmaxresdefault.jpg\" class=\"pL\"><div class=\"tC\"><div class=\"tT\" itemprop=\"name\">M\u00e1quina autom\u00e1tica de pesaje, llenado y sellado para frijoles, arroz, semillas, comida para perros y gatos de 5 kg a 50 kg<\/div><\/div><div class=\"play\"><\/div><div class=\"ctrl\"><div class=\"Lctrl\"><\/div><div class=\"Rctrl\"><\/div><\/div><\/div><noscript><a href=\"https:\/\/youtu.be\/_E3hqS6pwhY\" rel=\"nofollow noopener\" target=\"_blank\"><img loading=\"lazy\" decoding=\"async\" src=\"https:\/\/taizypackaging.com\/wp-content\/plugins\/wp-youtube-lyte\/lyteCache.php?origThumbUrl=https%3A%2F%2Fi.ytimg.com%2Fvi%2F_E3hqS6pwhY%2F0.jpg\" alt=\"M\u00e1quina autom\u00e1tica de pesaje, llenado y sellado para frijoles, arroz, semillas, comida para perros y gatos de 5 kg a 50 kg\" width=\"960\" height=\"700\" \/><br \/>Watch this video on YouTube<\/a><\/noscript><meta itemprop=\"description\" content=\"#bagfillingmachine #fillingmachine #weighingsealingmachine EMAIL: info@taizypackaging.com TEL\/WHATSAPP: +86 18837171591 USEFUL LINK: https:\/\/taizypackaging.com\/granule-packaging-machine-for-5-50kg\/ Automatic weighing and filling machine is designed for big bags, such as10kg, 15kg, 20kg, 30kg, 40kg, and a maximum of 50kg. This machine is suitable for packaging various particles like nuts, seeds, beans, rice, dried chilies, walnut, grains, chemical fertilizer, cat food, dog food, etc. Besides, it is ideal for both bags, bottles, cans. Features of this granule filling sealing machine 1. This machine adopts an intelligent control system, touchable display, and supports multiple national languages. It automatically calculates to ensure that the quality of each blanking is consistent. 2. Automatic belt-clamping design and conveyor belt save labor and effectively improve production efficiency. 3. Materials touched by the use of 304 stainless steel, durable, strong, clean, and hygienic. 4. Sealing machine and sewing machine with good quality, firm sealing, stable, and no air leakage. These videos may also be useful to you: Small vertical granule packing machine: https:\/\/www.youtube.com\/watch?v=RdSqEhdiWzU&amp;t=31s Super-efficient multihead weigher packing machine: https:\/\/www.youtube.com\/watch?v=mfQQ28r7qzY Semi automatic powder filling machine: https:\/\/www.youtube.com\/watch?v=F5tlcnSb8q4 EMAIL: info@taizypackaging.com TEL\/WHATSAPP: +86 18837171591 USEFUL LINK: https:\/\/taizypackaging.com\/granule-packaging-machine-for-5-50kg\/\"><\/div><\/div><div class=\"lL\" style=\"max-width:100%;width:960px;margin:5px auto;\"><\/div><figcaption><\/figcaption><\/figure>   <h2 class=\"wp-block-heading\" id=\"granule-filling-packing-machine-applications\">Aplicaciones de la m\u00e1quina envasadora de llenado de gr\u00e1nulos<\/h2>    <p class=\"translation-block\">Esta m\u00e1quina llenadora y selladora de gr\u00e1nulos se utiliza ampliamente en la industria alimentaria, la industria de snacks y la industria qu\u00edmica. Est\u00e1 fabricada para una gran demanda de producci\u00f3n. Es ideal para envasar diversos frutos secos, granos, arroz, ma\u00edz, trigo, frijoles, semillas, alimentos para animales, d\u00e1tiles rojos, chiles secos, nueces, fertilizantes qu\u00edmicos, etc. Adem\u00e1s, tambi\u00e9n ofrecemos m\u00e1quinas envasadoras autom\u00e1ticas de bolsas de gr\u00e1nulos de calidad. Y si tiene una gran necesidad de producci\u00f3n, tenemos la <a href=\"https:\/\/taizypackaging.com\/es\/lapel-combination-packaging-machine\/\">m\u00e1quina envasadora de pesadora multicabezal<\/a> para usted. <\/p>    <figure class=\"wp-block-image size-full\"><img decoding=\"async\" src=\"https:\/\/taizypackaging.com\/wp-content\/uploads\/2021\/08\/\u753b\u677f-2_\u770b\u56fe\u738b-1.jpg\" alt=\"aplicaciones de la m\u00e1quina llenadora de gr\u00e1nulos\" class=\"wp-image-2619\"\/><figcaption class=\"wp-element-caption\">aplicaciones de la m\u00e1quina llenadora de gr\u00e1nulos<\/figcaption><\/figure>    <h2 class=\"wp-block-heading\" id=\"h-the-structure-of-granule-packing-machine-for-5-50kg\">Caracter\u00edsticas estructurales de la m\u00e1quina llenadora de gr\u00e1nulos para 5-50 kg<\/h2>    <p>La m\u00e1quina llenadora de gr\u00e1nulos para 5kg~50kg tiene un dise\u00f1o razonable y una estructura simple. Consta de dos partes, un sistema de llenado y un sistema de costura. Esta m\u00e1quina llenadora autom\u00e1tica de gr\u00e1nulos consta principalmente de un organismo cuantitativo, un mecanismo neum\u00e1tico, una caja de control de la m\u00e1quina de coser, una caja de control, una m\u00e1quina envasadora, un cuerpo de b\u00e1scula y una cinta transportadora. Utilizando un sistema de control PLC avanzado, podemos configurar par\u00e1metros a trav\u00e9s de una gran pantalla t\u00e1ctil, es f\u00e1cil de operar y mantener. <\/p>    <figure class=\"wp-block-image size-full\"><img decoding=\"async\" src=\"https:\/\/taizypackaging.com\/wp-content\/uploads\/2021\/08\/\u753b\u677f-5_\u770b\u56fe\u738b.jpg\" alt=\"estructura de la m\u00e1quina llenadora de gr\u00e1nulos\" class=\"wp-image-2620\"\/><figcaption class=\"wp-element-caption\">estructura de la m\u00e1quina llenadora de gr\u00e1nulos<\/figcaption><\/figure>    <h2 class=\"wp-block-heading\" id=\"h-the-design-features-of-packing-machine-for-large-granule\">Caracter\u00edsticas de dise\u00f1o de la m\u00e1quina llenadora y selladora autom\u00e1tica de gr\u00e1nulos. <\/h2>    <ul class=\"wp-block-list\"> <li>Esta m\u00e1quina adopta un sistema de control inteligente, una pantalla t\u00e1ctil y admite m\u00faltiples idiomas internacionales. Calcula autom\u00e1ticamente para garantizar que la calidad de cada corte sea consistente.<\/li>    <li>El dise\u00f1o de sujeci\u00f3n autom\u00e1tica de la correa y la cinta transportadora ahorran mano de obra y mejoran efectivamente la eficiencia de la producci\u00f3n.<\/li>    <li>Los materiales tocados por el uso de acero inoxidable 304 son duraderos, fuertes, limpios e higi\u00e9nicos.<\/li>    <li>M\u00e1quina selladora y m\u00e1quina de coser de buena calidad, sellado firme, estable y sin fugas de aire.<\/li> <\/ul>    <h2 class=\"wp-block-heading\" id=\"h-faq\">Preguntas frecuentes sobre la m\u00e1quina llenadora de gr\u00e1nulos Taizy <\/h2>   <div id=\"rank-math-faq\" class=\"rank-math-block\"> <div class=\"rank-math-list\"> <div id=\"faq-question-1670982372820\" class=\"rank-math-list-item\"> <h3 class=\"rank-math-question\">1. Si quiero envasar gr\u00e1nulos que pesen m\u00e1s de 50 kg, \u00bfpuedo utilizar esta m\u00e1quina?<\/h3> <div class=\"rank-math-answer\">  <p>Esta m\u00e1quina est\u00e1 dise\u00f1ada para empacar art\u00edculos granulados de 5 a 50 kg, si lo necesita, nuestra f\u00e1brica cuenta con una m\u00e1quina empacadora de llenado autom\u00e1tico para grandes requisitos de producci\u00f3n, puede contactarnos para obtener informaci\u00f3n m\u00e1s detallada. Tambi\u00e9n disponemos de m\u00e1quinas adecuadas para peque\u00f1as necesidades de producci\u00f3n.<\/p>  <\/div> <\/div> <div id=\"faq-question-1670982376808\" class=\"rank-math-list-item\"> <h3 class=\"rank-math-question\">2. \u00bfSe vende la m\u00e1quina selladora junto con la m\u00e1quina?<\/h3> <div class=\"rank-math-answer\">  <p>S\u00ed, est\u00e1 equipada con m\u00e1quina selladora o m\u00e1quina de coser seg\u00fan el tipo de bolsa. Por supuesto, si ya has adquirido una m\u00e1quina selladora, tambi\u00e9n puedes adquirir una.<\/p>  <\/div> <\/div> <div id=\"faq-question-1670982388050\" class=\"rank-math-list-item\"> <h3 class=\"rank-math-question\">3. \u00bfCu\u00e1l es la precisi\u00f3n de la m\u00e1quina llenadora?<\/h3> <div class=\"rank-math-answer\">  <p>La m\u00e1quina est\u00e1 dise\u00f1ada de manera razonable, adopta el sistema de control PLC m\u00e1s avanzado y tiene una precisi\u00f3n de \u00b10,2.<\/p>  <\/div> <\/div> <\/div> <\/div>   <h2 class=\"wp-block-heading\" id=\"h-packing-and-shipping\">M\u00e1quinas llenadoras de gr\u00e1nulos listas para enviar<\/h2>    <p class=\"translation-block\">Debido a que nuestras m\u00e1quinas de <a rel=\"noreferrer noopener\" href=\"https:\/\/taizypackaging.com\/es\/\" target=\"_blank\">Taizy Company<\/a> se venden en todo el mundo, la mayor\u00eda de ellas se env\u00edan por mar. Comprobaremos la calidad de la m\u00e1quina cuidadosamente antes de la entrega, configuraremos los par\u00e1metros con antelaci\u00f3n y tomaremos un video de la m\u00e1quina en uso para la referencia de los clientes. Teniendo en cuenta el clima y otros factores incontrolables en el proceso de transporte, envolveremos una capa de film alrededor de la longitud del cuerpo de la m\u00e1quina para evitar que la m\u00e1quina se humedezca durante el transporte, y tambi\u00e9n personalizaremos profesionalmente la caja de madera para la m\u00e1quina con m\u00faltiples protecciones para asegurar que la m\u00e1quina no se da\u00f1e en el proceso de transporte.<\/p>    <figure class=\"wp-block-image size-full\"><img decoding=\"async\" src=\"https:\/\/taizypackaging.com\/wp-content\/uploads\/2021\/08\/\u753b\u677f-9_\u770b\u56fe\u738b.jpg\" alt=\"Env\u00edo de la m\u00e1quina llenadora de gr\u00e1nulos al extranjero.\" class=\"wp-image-2621\"\/><figcaption class=\"wp-element-caption\">Env\u00edo de la m\u00e1quina llenadora de gr\u00e1nulos al extranjero.<\/figcaption><\/figure>","protected":false},"excerpt":{"rendered":"<p>Granule filling machine here is designed for large production demand. It is commonly for items from 5kg to 50kg and used for packaging grains, nuts, dog food, fish food, rice, corn, chemical fertilizer, etc. Granule filling machine for sale here can fully automatically finish the process of quantitative weighing and filling. With stainless steel material [&hellip;]<\/p>\n","protected":false},"author":1,"featured_media":2626,"parent":0,"template":"","tags":[600,198],"product-type":[659],"class_list":["post-2616","product","type-product","status-publish","has-post-thumbnail","hentry","tag-granule-filling-machine","tag-granule-packing-machine","product-type-granule-packing-machines"],"_links":{"self":[{"href":"https:\/\/taizypackaging.com\/es\/wp-json\/wp\/v2\/product\/2616","targetHints":{"allow":["GET"]}}],"collection":[{"href":"https:\/\/taizypackaging.com\/es\/wp-json\/wp\/v2\/product"}],"about":[{"href":"https:\/\/taizypackaging.com\/es\/wp-json\/wp\/v2\/types\/product"}],"author":[{"embeddable":true,"href":"https:\/\/taizypackaging.com\/es\/wp-json\/wp\/v2\/users\/1"}],"wp:featuredmedia":[{"embeddable":true,"href":"https:\/\/taizypackaging.com\/es\/wp-json\/wp\/v2\/media\/2626"}],"wp:attachment":[{"href":"https:\/\/taizypackaging.com\/es\/wp-json\/wp\/v2\/media?parent=2616"}],"wp:term":[{"taxonomy":"post_tag","embeddable":true,"href":"https:\/\/taizypackaging.com\/es\/wp-json\/wp\/v2\/tags?post=2616"},{"taxonomy":"product-type","embeddable":true,"href":"https:\/\/taizypackaging.com\/es\/wp-json\/wp\/v2\/product-type?post=2616"}],"curies":[{"name":"wp","href":"https:\/\/api.w.org\/{rel}","templated":true}]}}