{"id":2662,"date":"2021-08-14T07:36:45","date_gmt":"2021-08-14T07:36:45","guid":{"rendered":"https:\/\/taizypackaging.com\/?p=2662"},"modified":"2024-07-17T17:49:48","modified_gmt":"2024-07-17T09:49:48","slug":"double-chamber-vacuum-packing-machine-2","status":"publish","type":"product","link":"https:\/\/taizypackaging.com\/es\/double-chamber-vacuum-packing-machine\/","title":{"rendered":"M\u00e1quina de envasado al vac\u00edo de doble c\u00e1mara"},"content":{"rendered":"<div class=\"kk-star-ratings kksr-auto kksr-align-left kksr-valign-top\"     data-payload='{&quot;align&quot;:&quot;left&quot;,&quot;id&quot;:&quot;2662&quot;,&quot;slug&quot;:&quot;default&quot;,&quot;valign&quot;:&quot;top&quot;,&quot;ignore&quot;:&quot;&quot;,&quot;reference&quot;:&quot;auto&quot;,&quot;class&quot;:&quot;&quot;,&quot;count&quot;:&quot;20&quot;,&quot;legendonly&quot;:&quot;&quot;,&quot;readonly&quot;:&quot;&quot;,&quot;score&quot;:&quot;4.7&quot;,&quot;starsonly&quot;:&quot;&quot;,&quot;best&quot;:&quot;5&quot;,&quot;gap&quot;:&quot;5&quot;,&quot;greet&quot;:&quot;Rate this product&quot;,&quot;legend&quot;:&quot;4.7\\\/5 - (20 votos)&quot;,&quot;size&quot;:&quot;24&quot;,&quot;title&quot;:&quot;Double Chamber Vacuum Packing Machine&quot;,&quot;width&quot;:&quot;133.8&quot;,&quot;_legend&quot;:&quot;{score}\\\/{best} - ({count} {votes})&quot;,&quot;font_factor&quot;:&quot;1.25&quot;}'>              <div class=\"kksr-stars\">      <div class=\"kksr-stars-inactive\">             <div class=\"kksr-star\" data-star=\"1\" style=\"padding-right: 5px\">               <div class=\"kksr-icon\" style=\"width: 24px; height: 24px;\"><\/div>         <\/div>             <div class=\"kksr-star\" data-star=\"2\" style=\"padding-right: 5px\">               <div class=\"kksr-icon\" style=\"width: 24px; height: 24px;\"><\/div>         <\/div>             <div class=\"kksr-star\" data-star=\"3\" style=\"padding-right: 5px\">               <div class=\"kksr-icon\" style=\"width: 24px; height: 24px;\"><\/div>         <\/div>             <div class=\"kksr-star\" data-star=\"4\" style=\"padding-right: 5px\">               <div class=\"kksr-icon\" style=\"width: 24px; height: 24px;\"><\/div>         <\/div>             <div class=\"kksr-star\" data-star=\"5\" style=\"padding-right: 5px\">               <div class=\"kksr-icon\" style=\"width: 24px; height: 24px;\"><\/div>         <\/div>     <\/div>      <div class=\"kksr-stars-active\" style=\"width: 133.8px;\">             <div class=\"kksr-star\" style=\"padding-right: 5px\">               <div class=\"kksr-icon\" style=\"width: 24px; height: 24px;\"><\/div>         <\/div>             <div class=\"kksr-star\" style=\"padding-right: 5px\">               <div class=\"kksr-icon\" style=\"width: 24px; height: 24px;\"><\/div>         <\/div>             <div class=\"kksr-star\" style=\"padding-right: 5px\">               <div class=\"kksr-icon\" style=\"width: 24px; height: 24px;\"><\/div>         <\/div>             <div class=\"kksr-star\" style=\"padding-right: 5px\">               <div class=\"kksr-icon\" style=\"width: 24px; height: 24px;\"><\/div>         <\/div>             <div class=\"kksr-star\" style=\"padding-right: 5px\">               <div class=\"kksr-icon\" style=\"width: 24px; height: 24px;\"><\/div>         <\/div>     <\/div> <\/div>                   <div class=\"kksr-legend\" style=\"font-size: 19.2px;\">             4,7\/5 - (20 votos)    <\/div>     <\/div>  <p class=\"translation-block\"><strong>La m\u00e1quina de envasado al vac\u00edo de doble c\u00e1mara<\/strong> es un tipo popular de m\u00e1quina de sellado al vac\u00edo en c\u00e1mara. Tiene caracter\u00edsticas de alta eficiencia y buen rendimiento. Una <strong>m\u00e1quina de envasado al vac\u00edo de doble c\u00e1mara<\/strong> est\u00e1 dise\u00f1ada y fabricada para la demanda de producci\u00f3n peque\u00f1a y mediana. En comparaci\u00f3n con una m\u00e1quina de envasado al vac\u00edo de c\u00e1mara \u00fanica, una m\u00e1quina de envasado al vac\u00edo de doble c\u00e1mara tiene dos espacios de trabajo y una tapa flexible. Por lo tanto, tiene el doble de velocidad de sellado al vac\u00edo que un sellador al vac\u00edo de c\u00e1mara \u00fanica, lo que es eficiente y tiene un alto rendimiento en costos. \u00bfEst\u00e1 buscando una <strong>m\u00e1quina de sellado al vac\u00edo de doble c\u00e1mara<\/strong> confiable? Cont\u00e1ctenos hoy para obtener una lista de precios gratuita. <\/p>    <h2 class=\"wp-block-heading\" id=\"h-the-workflow-of-double-chamber-vacuum-packer\">V\u00eddeo de funcionamiento de la envasadora al vac\u00edo de doble c\u00e1mara<\/h2>   <figure class=\"wp-block-embed-youtube wp-block-embed is-type-video is-provider-youtube wp-embed-aspect-16-9 wp-has-aspect-ratio\"><div class=\"lyte-wrapper fourthree\" title=\"M\u00e1quina envasadora al vac\u00edo de doble c\u00e1mara de s\u00faper eficiencia para carnes, frutas, verduras, mariscos, etc.\" style=\"width:960px;max-width:100%;margin:5px auto;\"><div class=\"lyMe hidef\" id=\"WYL_aPYp44oAyio\" itemprop=\"video\" itemscope itemtype=\"https:\/\/schema.org\/VideoObject\"><div><meta itemprop=\"thumbnailUrl\" content=\"https:\/\/taizypackaging.com\/wp-content\/plugins\/wp-youtube-lyte\/lyteCache.php?origThumbUrl=https%3A%2F%2Fi.ytimg.com%2Fvi%2FaPYp44oAyio%2Fmaxresdefault.jpg\" \/><meta itemprop=\"embedURL\" content=\"https:\/\/www.youtube.com\/embed\/aPYp44oAyio\" \/><meta itemprop=\"duration\" content=\"PT1M\" \/><meta itemprop=\"uploadDate\" content=\"2021-08-13T01:02:39Z\" \/><\/div><div id=\"lyte_aPYp44oAyio\" data-src=\"https:\/\/taizypackaging.com\/wp-content\/plugins\/wp-youtube-lyte\/lyteCache.php?origThumbUrl=https%3A%2F%2Fi.ytimg.com%2Fvi%2FaPYp44oAyio%2Fmaxresdefault.jpg\" class=\"pL\"><div class=\"tC\"><div class=\"tT\" itemprop=\"name\">M\u00e1quina envasadora al vac\u00edo de doble c\u00e1mara de s\u00faper eficiencia para carnes, frutas, verduras, mariscos, etc.<\/div><\/div><div class=\"play\"><\/div><div class=\"ctrl\"><div class=\"Lctrl\"><\/div><div class=\"Rctrl\"><\/div><\/div><\/div><noscript><a href=\"https:\/\/youtu.be\/aPYp44oAyio\" rel=\"nofollow noopener\" target=\"_blank\"><img loading=\"lazy\" decoding=\"async\" src=\"https:\/\/taizypackaging.com\/wp-content\/plugins\/wp-youtube-lyte\/lyteCache.php?origThumbUrl=https%3A%2F%2Fi.ytimg.com%2Fvi%2FaPYp44oAyio%2F0.jpg\" alt=\"M\u00e1quina envasadora al vac\u00edo de doble c\u00e1mara de s\u00faper eficiencia para carnes, frutas, verduras, mariscos, etc.\" width=\"960\" height=\"700\" \/><br \/>Watch this video on YouTube<\/a><\/noscript><meta itemprop=\"description\" content=\"#vacuumpackaging #vacuumsealer #vacuumpacker Email: info@taizypackaging.com WhatsApp\/Wechat\/Tel:+86 18837171591 Useful link: https:\/\/taizypackaging.com\/double-chamber-vacuum-packing-machine\/ ---------------------------------------------------- The\u00a0double chamber vacuum packing machine\u00a0has two vacuum chambers. It uses a vacuum cover to work alternately on the two vacuum chambers to achieve the purpose of improving work efficiency. When one vacuum chamber is evacuating, the other vacuum chamber can place packaging items; therefore, the labor-saving device that is specially designed for the swing of the vacuum cover greatly reduces the labor intensity of the operator. Compared with a single chamber vacuum packing machine, a double chamber vacuum packing machine has higher efficiency. It is a kind of commercial vacuum packing machine. It is suitable for various meats, vegetables, fruits, seafood, etc. ---------------------------------------------------- You may also like these videos: https:\/\/www.youtube.com\/watch?v=ogHoh9d3IKc ---------------------------------------------------- Email: info@taizypackaging.com WhatsApp\/Wechat\/Tel:+86 18837171591 Useful link: https:\/\/taizypackaging.com\/double-chamber-vacuum-packing-machine\/\"><\/div><\/div><div class=\"lL\" style=\"max-width:100%;width:960px;margin:5px auto;\"><\/div><figcaption><\/figcaption><\/figure>   <h2 class=\"wp-block-heading\" id=\"h-the-brief-introduction-of-double-chamber-vacuum-packing-machine\">\u00bfQu\u00e9 es una envasadora al vac\u00edo de doble c\u00e1mara? <\/h2>    <p class=\"translation-block\"><strong>Una m\u00e1quina de envasado al vac\u00edo de doble c\u00e1mara<\/strong>, tambi\u00e9n llamada m\u00e1quina de sellado al vac\u00edo de doble c\u00e1mara o sellador al vac\u00edo de doble c\u00e1mara, es un excelente equipo comercial de envasado al vac\u00edo en c\u00e1mara. Con dos c\u00e1maras, tiene una eficiencia mucho mayor que una <a href=\"https:\/\/taizypackaging.com\/es\/single-chamber-vacuum-packing-machine\/\">m\u00e1quina de envasado al vac\u00edo de c\u00e1mara \u00fanica<\/a> o una m\u00e1quina de envasado al vac\u00edo de sobremesa. Adem\u00e1s, la m\u00e1quina de envasado al vac\u00edo de doble c\u00e1mara utiliza una tapa de vac\u00edo para trabajar alternadamente en las dos c\u00e1maras de vac\u00edo para lograr el objetivo de una excelente eficiencia de envasado al vac\u00edo. Cuando una c\u00e1mara de vac\u00edo est\u00e1 evacuando, la otra c\u00e1mara de vac\u00edo puede colocar elementos de envasado; por lo tanto, el dispositivo ahorrador de mano que est\u00e1 especialmente dise\u00f1ado para el movimiento de la tapa de vac\u00edo reduce en gran medida la intensidad laboral del operador.<\/p>    <figure class=\"wp-block-image size-full\"><img loading=\"lazy\" decoding=\"async\" width=\"720\" height=\"540\" src=\"https:\/\/taizypackaging.com\/wp-content\/uploads\/2021\/08\/double-chamber-vacuum-packing-machine.jpg\" alt=\"envasadora al vac\u00edo de doble c\u00e1mara\" class=\"wp-image-3908\" srcset=\"https:\/\/taizypackaging.com\/wp-content\/uploads\/2021\/08\/double-chamber-vacuum-packing-machine.jpg 720w, https:\/\/taizypackaging.com\/wp-content\/uploads\/2021\/08\/double-chamber-vacuum-packing-machine-300x225.jpg 300w\" sizes=\"auto, (max-width: 720px) 100vw, 720px\" \/><figcaption class=\"wp-element-caption\">envasadora al vac\u00edo de doble c\u00e1mara<\/figcaption><\/figure>    <h2 class=\"wp-block-heading\" id=\"h-the-application-of-double-chamber-vacuum-packing-machine\">Aplicaciones de la m\u00e1quina de envasado al vac\u00edo de doble c\u00e1mara.<\/h2>    <p>La m\u00e1quina de envasado al vac\u00edo de doble c\u00e1mara es adecuada para sellar al vac\u00edo diversos productos alimenticios mediante el uso de material de membrana compuesto de pl\u00e1stico o papel de aluminio. Puede envasar alimentos l\u00edquidos, semifluidos, granulados s\u00f3lidos, en polvo y pastosos, como frutas frescas, verduras, carne, salchichas, tocino, arroz, flores, productos qu\u00edmicos, materiales medicinales valiosos, caligraf\u00eda y pintura valiosas, componentes electr\u00f3nicos. diversos productos antipolillas, anticorrosi\u00f3n, a prueba de humedad, antimoho y antioxidantes. Envasado al vac\u00edo o envasado al vac\u00edo lleno de nitr\u00f3geno para prolongar la vida \u00fatil. En la f\u00e1brica de Taizy Packaging Machinery, ofrecemos excelentes m\u00e1quinas envasadoras al vac\u00edo de c\u00e1mara \u00fanica y tambi\u00e9n m\u00e1quinas envasadoras al vac\u00edo de escritorio. <\/p>    <figure class=\"wp-block-image size-full\"><img decoding=\"async\" src=\"https:\/\/taizypackaging.com\/wp-content\/uploads\/2021\/08\/vacuum-sealing-machine-applications.jpg\" alt=\"Aplicaciones de la m\u00e1quina de sellado al vac\u00edo.\" class=\"wp-image-3905\"\/><figcaption class=\"wp-element-caption\">Aplicaciones de la m\u00e1quina de sellado al vac\u00edo.<\/figcaption><\/figure>    <h2 class=\"wp-block-heading\" id=\"h-machine-parameters\">Par\u00e1metros de la m\u00e1quina envasadora al vac\u00edo de doble c\u00e1mara.<\/h2>    <figure class=\"wp-block-table\"><table><tbody><tr><td>Modelo<\/td><td>DZ400\/2SB<\/td><td>DZ500\/2SB<\/td><td>DZ600\/2SB<\/td><td>DZS600\/2SB<\/td><\/tr><tr><td>Fuerza<\/td><td>220V\/380V<\/td><td>220V\/380V<\/td><td>220V\/380V<\/td><td>220V\/380V<\/td><\/tr><tr><td>Potencia de la bomba de vac\u00edo<\/td><td>750W<\/td><td>1500W<\/td><td>1500W<\/td><td>2250W<\/td><\/tr><tr><td>poder de sellado<\/td><td>800W<\/td><td>1200W<\/td><td>1500W<\/td><td>1500W<\/td><\/tr><tr><td>Presi\u00f3n absoluta m\u00e1s baja<\/td><td>1Kpa<\/td><td>1Kpa<\/td><td>1Kpa<\/td><td>1Kpa<\/td><\/tr><tr><td>Tira de sellado<\/td><td>2<\/td><td>2<\/td><td>2<\/td><td>2<\/td><\/tr><tr><td>Tama\u00f1o de la c\u00e1mara de vac\u00edo<\/td><td>440*<em>490<\/em>*70mm<\/td><td>570*<em>540<\/em>*70mm<\/td><td>720*<em>515<\/em>*70mm<\/td><td>670*<em>550<\/em>*70<\/td><\/tr><tr><td>Tama\u00f1o de sellado<\/td><td>400*12mm<\/td><td>500*12mm<\/td><td>600*12mm<\/td><td>600*12mm<\/td><\/tr><tr><td>Peso<\/td><td>180 kilos<\/td><td>230 kilos<\/td><td>285 kilos<\/td><td>320 kilos<\/td><\/tr><tr><td>Tama\u00f1o de la m\u00e1quina<\/td><td>990*<em>630<\/em>*940mm<\/td><td>1255*<em>700<\/em>*950mm<\/td><td>1450*<em>620<\/em>*1230mm<\/td><td>1450*<em>620<\/em>*1230mm<\/td><\/tr><\/tbody><\/table><\/figure>    <h2 class=\"wp-block-heading\" id=\"h-the-design-features-of-double-chamber-packaging-machine\">Caracter\u00edsticas de dise\u00f1o de la m\u00e1quina envasadora de doble c\u00e1mara.<\/h2>    <ul class=\"wp-block-list\"> <li>Amplia gama de aplicaciones, se pueden envasar tanto art\u00edculos secos como h\u00famedos.<\/li>    <li>La carcasa de acero inoxidable engrosada es resistente y duradera, y el dise\u00f1o es razonable y hermoso. Se utiliza acero inoxidable 304 en contacto con la bolsa de vac\u00edo, que cumple con el est\u00e1ndar.<\/li>    <li>Adopte un sistema de control inteligente plc, el ajuste de la pantalla de visualizaci\u00f3n es f\u00e1cil de controlar para lograr un mejor efecto de empaque.<\/li>    <li>Dise\u00f1o de gran espacio de doble c\u00e1mara, alta eficiencia de trabajo.<\/li> <\/ul>    <div class=\"wp-block-columns is-layout-flex wp-container-core-columns-is-layout-9d6595d7 wp-block-columns-is-layout-flex\"> <div class=\"wp-block-column is-layout-flow wp-block-column-is-layout-flow\"> <figure class=\"wp-block-image size-full\"><img decoding=\"async\" src=\"https:\/\/taizypackaging.com\/wp-content\/uploads\/2021\/08\/vacuum-chambers.jpg\" alt=\"c\u00e1maras de vac\u00edo\" class=\"wp-image-3919\"\/><figcaption class=\"wp-element-caption\">c\u00e1maras de vac\u00edo<\/figcaption><\/figure> <\/div>    <div class=\"wp-block-column is-layout-flow wp-block-column-is-layout-flow\"> <figure class=\"wp-block-image size-full\"><img decoding=\"async\" src=\"https:\/\/taizypackaging.com\/wp-content\/uploads\/2021\/08\/stainless-steel-body-structure.jpg\" alt=\"estructura del cuerpo de acero inoxidable\" class=\"wp-image-3920\"\/><figcaption class=\"wp-element-caption\">estructura del cuerpo de acero inoxidable<\/figcaption><\/figure> <\/div> <\/div>    <div class=\"wp-block-columns is-layout-flex wp-container-core-columns-is-layout-9d6595d7 wp-block-columns-is-layout-flex\"> <div class=\"wp-block-column is-layout-flow wp-block-column-is-layout-flow\"> <figure class=\"wp-block-image size-full\"><img decoding=\"async\" src=\"https:\/\/taizypackaging.com\/wp-content\/uploads\/2021\/08\/electrical-control-box-of-the-vacuum-sealer.jpg\" alt=\"Caja de control el\u00e9ctrico de la envasadora al vac\u00edo.\" class=\"wp-image-3921\"\/><figcaption class=\"wp-element-caption\">Caja de control el\u00e9ctrico de la envasadora al vac\u00edo.<\/figcaption><\/figure> <\/div>    <div class=\"wp-block-column is-layout-flow wp-block-column-is-layout-flow\"> <figure class=\"wp-block-image size-full\"><img decoding=\"async\" src=\"https:\/\/taizypackaging.com\/wp-content\/uploads\/2021\/08\/control-panel.jpg\" alt=\"Panel de control\" class=\"wp-image-3922\"\/><figcaption class=\"wp-element-caption\">Panel de control<\/figcaption><\/figure> <\/div> <\/div>    <h2 class=\"wp-block-heading\" id=\"operation-and-maintainence-of-taizy-double-chamber-vacuum-sealer\">Operaci\u00f3n y mantenimiento de la envasadora al vac\u00edo de doble c\u00e1mara Taizy.<\/h2>    <ul class=\"wp-block-list\"> <li>Las piezas de desgaste de la m\u00e1quina de envasado al vac\u00edo de doble c\u00e1mara son las tiras calefactoras y las bombas de vac\u00edo. La tira calefactora se reemplaza aproximadamente cada seis meses y la bomba de vac\u00edo se mantiene una vez al a\u00f1o. El aceite de la bomba de vac\u00edo debe reemplazarse peri\u00f3dicamente y en diferentes momentos seg\u00fan la frecuencia de uso. De lo contrario, tambi\u00e9n afectar\u00e1 al uso normal de la m\u00e1quina.<\/li>    <li>Al colocar el producto es necesario reservar espacio en ambos lados para lograr un mejor efecto de empaque.<\/li> <\/ul>    <h2 class=\"wp-block-heading\" id=\"h-related-machines\">M\u00e1quina de envasado al vac\u00edo relacionada a la venta<\/h2>    <p class=\"translation-block\">Una m\u00e1quina de envasado al vac\u00edo de doble c\u00e1mara es nuestro producto estrella. Tiene una super eficiencia y buen rendimiento. Y puede beneficiar enormemente a su peque\u00f1o negocio. Adem\u00e1s, hay m\u00e1quinas de envasado al vac\u00edo de c\u00e1mara \u00fanica industriales y <a href=\"https:\/\/taizypackaging.com\/es\/vacuum-packing-machine\/\">m\u00e1quinas de envasado al vac\u00edo de sobremesa port\u00e1tiles<\/a> disponibles en nuestra f\u00e1brica. Todas nuestras m\u00e1quinas est\u00e1n dise\u00f1adas y fabricadas de acuerdo con est\u00e1ndares internacionales. Adem\u00e1s, nuestras m\u00e1quinas de sellado al vac\u00edo se han enviado con \u00e9xito a m\u00e1s de 40 pa\u00edses y regiones. Bienvenido a ponerse en contacto con nosotros para obtener una cotizaci\u00f3n gratuita. <\/p>    <figure class=\"wp-block-image size-full\"><a href=\"https:\/\/taizypackaging.com\/es\/machines-category\/vpm\/\"><img decoding=\"async\" src=\"https:\/\/taizypackaging.com\/wp-content\/uploads\/2021\/08\/\u753b\u677f-12_\u770b\u56fe\u738b.jpg\" alt=\"Envasadora al vac\u00edo de una sola c\u00e1mara y envasadora al vac\u00edo de sobremesa.\" class=\"wp-image-2676\"\/><\/a><figcaption class=\"wp-element-caption\">Sellador al vac\u00edo de una sola c\u00e1mara y sellador al vac\u00edo de mesa<\/figcaption><\/figure>","protected":false},"excerpt":{"rendered":"<p>Double chamber vacuum packing machine is a popular type of chamber vacuum sealing machine. It has features of high efficiency and good performance. A double chamber vacuum packaging machine is designed and manufactured for small and medium-sized production demand. Compared with a single chamber vacuum packing machine, a double chamber vacuum packing machine has two [&hellip;]<\/p>\n","protected":false},"author":1,"featured_media":2665,"parent":0,"template":"","tags":[137,601,507],"product-type":[666],"class_list":["post-2662","product","type-product","status-publish","has-post-thumbnail","hentry","tag-double-chamber-vacuum-packing-machine","tag-double-chamber-vacuum-sealer","tag-vacuum-packing-machine","product-type-vacuum-packaging-machines"],"_links":{"self":[{"href":"https:\/\/taizypackaging.com\/es\/wp-json\/wp\/v2\/product\/2662","targetHints":{"allow":["GET"]}}],"collection":[{"href":"https:\/\/taizypackaging.com\/es\/wp-json\/wp\/v2\/product"}],"about":[{"href":"https:\/\/taizypackaging.com\/es\/wp-json\/wp\/v2\/types\/product"}],"author":[{"embeddable":true,"href":"https:\/\/taizypackaging.com\/es\/wp-json\/wp\/v2\/users\/1"}],"wp:featuredmedia":[{"embeddable":true,"href":"https:\/\/taizypackaging.com\/es\/wp-json\/wp\/v2\/media\/2665"}],"wp:attachment":[{"href":"https:\/\/taizypackaging.com\/es\/wp-json\/wp\/v2\/media?parent=2662"}],"wp:term":[{"taxonomy":"post_tag","embeddable":true,"href":"https:\/\/taizypackaging.com\/es\/wp-json\/wp\/v2\/tags?post=2662"},{"taxonomy":"product-type","embeddable":true,"href":"https:\/\/taizypackaging.com\/es\/wp-json\/wp\/v2\/product-type?post=2662"}],"curies":[{"name":"wp","href":"https:\/\/api.w.org\/{rel}","templated":true}]}}