{"id":2690,"date":"2021-08-16T10:04:00","date_gmt":"2021-08-16T10:04:00","guid":{"rendered":"https:\/\/taizypackaging.com\/?p=2690"},"modified":"2024-07-16T18:07:13","modified_gmt":"2024-07-16T10:07:13","slug":"automatic-powder-packing-machine","status":"publish","type":"product","link":"https:\/\/taizypackaging.com\/es\/automatic-powder-packing-machine\/","title":{"rendered":"Empaquetadora autom\u00e1tica de polvo"},"content":{"rendered":"<div class=\"kk-star-ratings kksr-auto kksr-align-left kksr-valign-top\"     data-payload='{&quot;align&quot;:&quot;left&quot;,&quot;id&quot;:&quot;2690&quot;,&quot;slug&quot;:&quot;default&quot;,&quot;valign&quot;:&quot;top&quot;,&quot;ignore&quot;:&quot;&quot;,&quot;reference&quot;:&quot;auto&quot;,&quot;class&quot;:&quot;&quot;,&quot;count&quot;:&quot;29&quot;,&quot;legendonly&quot;:&quot;&quot;,&quot;readonly&quot;:&quot;&quot;,&quot;score&quot;:&quot;4.8&quot;,&quot;starsonly&quot;:&quot;&quot;,&quot;best&quot;:&quot;5&quot;,&quot;gap&quot;:&quot;5&quot;,&quot;greet&quot;:&quot;Rate this product&quot;,&quot;legend&quot;:&quot;4.8\\\/5 - (29 votos)&quot;,&quot;size&quot;:&quot;24&quot;,&quot;title&quot;:&quot;Automatic Powder Packing Machine&quot;,&quot;width&quot;:&quot;136.7&quot;,&quot;_legend&quot;:&quot;{score}\\\/{best} - ({count} {votes})&quot;,&quot;font_factor&quot;:&quot;1.25&quot;}'>              <div class=\"kksr-stars\">      <div class=\"kksr-stars-inactive\">             <div class=\"kksr-star\" data-star=\"1\" style=\"padding-right: 5px\">               <div class=\"kksr-icon\" style=\"width: 24px; height: 24px;\"><\/div>         <\/div>             <div class=\"kksr-star\" data-star=\"2\" style=\"padding-right: 5px\">               <div class=\"kksr-icon\" style=\"width: 24px; height: 24px;\"><\/div>         <\/div>             <div class=\"kksr-star\" data-star=\"3\" style=\"padding-right: 5px\">               <div class=\"kksr-icon\" style=\"width: 24px; height: 24px;\"><\/div>         <\/div>             <div class=\"kksr-star\" data-star=\"4\" style=\"padding-right: 5px\">               <div class=\"kksr-icon\" style=\"width: 24px; height: 24px;\"><\/div>         <\/div>             <div class=\"kksr-star\" data-star=\"5\" style=\"padding-right: 5px\">               <div class=\"kksr-icon\" style=\"width: 24px; height: 24px;\"><\/div>         <\/div>     <\/div>      <div class=\"kksr-stars-active\" style=\"width: 136.7px;\">             <div class=\"kksr-star\" style=\"padding-right: 5px\">               <div class=\"kksr-icon\" style=\"width: 24px; height: 24px;\"><\/div>         <\/div>             <div class=\"kksr-star\" style=\"padding-right: 5px\">               <div class=\"kksr-icon\" style=\"width: 24px; height: 24px;\"><\/div>         <\/div>             <div class=\"kksr-star\" style=\"padding-right: 5px\">               <div class=\"kksr-icon\" style=\"width: 24px; height: 24px;\"><\/div>         <\/div>             <div class=\"kksr-star\" style=\"padding-right: 5px\">               <div class=\"kksr-icon\" style=\"width: 24px; height: 24px;\"><\/div>         <\/div>             <div class=\"kksr-star\" style=\"padding-right: 5px\">               <div class=\"kksr-icon\" style=\"width: 24px; height: 24px;\"><\/div>         <\/div>     <\/div> <\/div>                   <div class=\"kksr-legend\" style=\"font-size: 19.2px;\">             4,8\/5 - (29 votos)    <\/div>     <\/div>  <p class=\"translation-block\"><strong>La m\u00e1quina autom\u00e1tica<\/strong> de envasado de polvo es una soluci\u00f3n de envasado de polvo t\u00edpica y popular. Puede completar de forma totalmente autom\u00e1tica el proceso de alimentaci\u00f3n, pesaje, llenado, fabricaci\u00f3n de bolsas, sellado y codificaci\u00f3n del polvo. Esta m\u00e1quina autom\u00e1tica de envasado de polvo en bolsas tiene una amplia gama de aplicaciones. Es adecuada para envasar todo tipo de productos en polvo seco como <strong>especias en polvo<\/strong>, <strong>polvo qu\u00edmico<\/strong>, <strong>polvo cosm\u00e9tico<\/strong>, <strong>polvo farmac\u00e9utico<\/strong>, etc. Con automatizaci\u00f3n completa y buen rendimiento, esta m\u00e1quina de envasado de polvo puede satisfacer perfectamente su gran demanda de producci\u00f3n y beneficiar su proyecto. Si necesita equipos autom\u00e1ticos de envasado de polvo para impulsar su negocio, cont\u00e1ctenos hoy mismo para obtener una lista de precios gratuita.<\/p>    <h2 class=\"wp-block-heading\" id=\"h-the-workflow-of-powder-packing-machine\">V\u00eddeo de funcionamiento de la m\u00e1quina envasadora autom\u00e1tica de polvo.<\/h2>   <figure class=\"wp-block-embed-youtube wp-block-embed is-type-video is-provider-youtube wp-embed-aspect-16-9 wp-has-aspect-ratio\"><div class=\"lyte-wrapper fourthree\" title=\"M\u00e1quina envasadora de harina de pl\u00e1tano | Empaquetadora vertical autom\u00e1tica tipo collar para polvo\" style=\"width:960px;max-width:100%;margin:5px auto;\"><div class=\"lyMe hidef\" id=\"WYL_LDNsCTtMz5E\" itemprop=\"video\" itemscope itemtype=\"https:\/\/schema.org\/VideoObject\"><div><meta itemprop=\"thumbnailUrl\" content=\"https:\/\/taizypackaging.com\/wp-content\/plugins\/wp-youtube-lyte\/lyteCache.php?origThumbUrl=https%3A%2F%2Fi.ytimg.com%2Fvi%2FLDNsCTtMz5E%2Fmaxresdefault.jpg\" \/><meta itemprop=\"embedURL\" content=\"https:\/\/www.youtube.com\/embed\/LDNsCTtMz5E\" \/><meta itemprop=\"duration\" content=\"PT2M7S\" \/><meta itemprop=\"uploadDate\" content=\"2021-07-12T02:19:34Z\" \/><\/div><meta itemprop=\"accessibilityFeature\" content=\"captions\" \/><div id=\"lyte_LDNsCTtMz5E\" data-src=\"https:\/\/taizypackaging.com\/wp-content\/plugins\/wp-youtube-lyte\/lyteCache.php?origThumbUrl=https%3A%2F%2Fi.ytimg.com%2Fvi%2FLDNsCTtMz5E%2Fmaxresdefault.jpg\" class=\"pL\"><div class=\"tC\"><div class=\"tT\" itemprop=\"name\">M\u00e1quina envasadora de harina de pl\u00e1tano | Empaquetadora vertical autom\u00e1tica tipo collar para polvo<\/div><\/div><div class=\"play\"><\/div><div class=\"ctrl\"><div class=\"Lctrl\"><\/div><div class=\"Rctrl\"><\/div><\/div><\/div><noscript><a href=\"https:\/\/youtu.be\/LDNsCTtMz5E\" rel=\"nofollow noopener\" target=\"_blank\"><img loading=\"lazy\" decoding=\"async\" src=\"https:\/\/taizypackaging.com\/wp-content\/plugins\/wp-youtube-lyte\/lyteCache.php?origThumbUrl=https%3A%2F%2Fi.ytimg.com%2Fvi%2FLDNsCTtMz5E%2F0.jpg\" alt=\"M\u00e1quina envasadora de harina de pl\u00e1tano | Empaquetadora vertical autom\u00e1tica tipo collar para polvo\" width=\"960\" height=\"700\" \/><br \/>Watch this video on YouTube<\/a><\/noscript><meta itemprop=\"description\" content=\"#flourpackaging #plantainflour #packingmachine Email: info@taizypackaging.com WhatsApp\/Wechat\/Tel:+86 18837171591 Useful link: https:\/\/taizypackaging.com\/automatic-powder-packaging-machine-for-10g-3000g\/ --------------------------------------------------- The large plantain flour packing machine can support 1kg ~3kg powder packaging. It is widely used for the packaging of food and chemical powders, such as banana powder, flour, cornflour, cosmetic powder, spice powder, and other food packaging. It can be also used for packing chemical powders such as detergent. The machine is fastpacking, easy to operate, and highly efficient. It is very suitable for businesses with large output. This automatic powder packing machine mainly consists of two systems, a filling system, and a packing system. And it has these important parts, a material elevator, container, bag former, PLC touch screen, finished products conveyor belt, brand motor, etc. With full automation and good performance, this powder packing machine can perfectly meet your large production demand and benefit your project. If you need automatic powder packing equipment to boost your business, contact us today for a free price list. --------------------------------------------------- You may also like these videos: Dry food grinding machine: https:\/\/www.youtube.com\/watch?v=uQGQ4E7hUNs Automatic powder pouch packing machine:https:\/\/www.youtube.com\/watch?v=qe2aNDHzdDQ --------------------------------------------------- Email: info@taizypackaging.com WhatsApp\/Wechat\/Tel:+86 18837171591 Useful link: https:\/\/taizypackaging.com\/automatic-powder-packaging-machine-for-10g-3000g\/\"><\/div><\/div><div class=\"lL\" style=\"max-width:100%;width:960px;margin:5px auto;\"><\/div><figcaption><\/figcaption><\/figure>   <h2 class=\"wp-block-heading\" id=\"h-the-brief-introduction-of-automatic-powder-packaging-machine-for-10g-3000g\">\u00bfQu\u00e9 es una m\u00e1quina envasadora de polvo? <\/h2>    <p class=\"translation-block\">De hecho, una m\u00e1quina de envasado de polvo se utiliza para manejar varios envasados de polvo. B\u00e1sicamente, puede lograr el proceso de llenado y sellado. Adem\u00e1s, una m\u00e1quina autom\u00e1tica de envasado de polvo es capaz de realizar muchas m\u00e1s funciones. Con el desarrollo de la industria del envasado, existen diferentes tipos de equipos de envasado de polvo, como m\u00e1quinas de envasado de polvo verticales peque\u00f1as, m\u00e1quinas autom\u00e1ticas de envasado de polvo, <a href=\"https:\/\/taizypackaging.com\/es\/semi-automatic-powder-packaging-machine-auger-filling-machine\/\">m\u00e1quinas semiautom\u00e1ticas de envasado de polvo<\/a>, etc. <\/p>    <p>Adem\u00e1s, seg\u00fan los diferentes productos en polvo envasados, tambi\u00e9n los denominamos de la siguiente manera: <\/p>    <ul class=\"wp-block-list\"> <li>M\u00e1quina envasadora de detergente en polvo <\/li>    <li>M\u00e1quina envasadora de especias en polvo <\/li>    <li>M\u00e1quina envasadora de chile en polvo <\/li>    <li>M\u00e1quina envasadora de leche en polvo<\/li>    <li>M\u00e1quina envasadora de caf\u00e9 en polvo <\/li>    <li>M\u00e1quina envasadora de t\u00e9 en polvo, etc.<\/li> <\/ul>    <p>Sin un equipo de envasado de polvo, no hay forma de manipular el envasado de polvo a gran velocidad y con alta eficiencia.  Una peque\u00f1a inversi\u00f3n y obtendr\u00e1s un gran retorno. <\/p>    <figure class=\"wp-block-image size-full\"><img decoding=\"async\" src=\"https:\/\/taizypackaging.com\/wp-content\/uploads\/2021\/08\/automatic-powder-packing-machine.jpg\" alt=\"empaquetadora autom\u00e1tica de polvo\" class=\"wp-image-3946\"\/><figcaption class=\"wp-element-caption\">empaquetadora autom\u00e1tica de polvo<\/figcaption><\/figure>    <h2 class=\"wp-block-heading\" id=\"h-the-design-features-of-powder-packing-machine-for-10g-3000g\">Ventajas de la m\u00e1quina envasadora de polvo totalmente autom\u00e1tica Taizy<\/h2>    <ul class=\"wp-block-list\"> <li>Sistema de control por computadora PLC importado con interfaz hombre-m\u00e1quina; La pantalla t\u00e1ctil tiene un funcionamiento sencillo y de visualizaci\u00f3n directa.<\/li>    <li>Posicionamiento preciso con sistema de transporte de pel\u00edcula servo; Excelente rendimiento completo de la m\u00e1quina y buen embalaje.<\/li>    <li>Minimice la p\u00e9rdida con una funci\u00f3n de protecci\u00f3n de advertencia autom\u00e1tica completa.<\/li>    <li>Con el apoyo de un dispositivo m\u00e9trico, la m\u00e1quina completar\u00e1 autom\u00e1ticamente todos los procesos de envasado, desde la medici\u00f3n, la alimentaci\u00f3n, el llenado y la fabricaci\u00f3n de bolsas.<\/li>    <li>La m\u00e1quina puede empacar una bolsa con fuelle, lo que hace que la forma de la bolsa sea m\u00e1s hermosa y mejora la calidad del producto.<\/li> <\/ul>    <h2 class=\"wp-block-heading\" id=\"h-the-application-of-automatic-packing-machine-for-powder-spices\">Aplicaciones de la m\u00e1quina envasadora autom\u00e1tica de polvo.<\/h2>    <p>La m\u00e1quina envasadora autom\u00e1tica de polvo es indispensable en muchas f\u00e1bricas modernas. Es ideal para envasar alimentos, productos qu\u00edmicos y productos farmac\u00e9uticos en polvo, como detergente en polvo, chile en polvo, especias en polvo, caf\u00e9 en polvo, t\u00e9 en polvo, arroz en polvo, nutrici\u00f3n en polvo, curry en polvo, coco en polvo, masala en polvo, chaha en polvo y Haldi en polvo. , vainilla en polvo, c\u00farcuma en polvo, az\u00facar moreno en polvo, harina, leche en polvo, condimentos en polvo, ma\u00edz en polvo, polvos medicinales, etc. El peso del embalaje de esta m\u00e1quina envasadora de polvo es de 1kg a 3kg. <\/p>    <figure class=\"wp-block-image size-full\"><img decoding=\"async\" src=\"https:\/\/taizypackaging.com\/wp-content\/uploads\/2021\/08\/powder-packaging-machine-applications.jpg\" alt=\"aplicaciones de m\u00e1quinas envasadoras de polvo\" class=\"wp-image-3932\"\/><figcaption class=\"wp-element-caption\">aplicaciones de m\u00e1quinas envasadoras de polvo<\/figcaption><\/figure>    <h2 class=\"wp-block-heading\" id=\"h-the-structure-of-automatic-powder-packing-machine-for-10g-3000g\">Dise\u00f1o de estructura de la m\u00e1quina envasadora autom\u00e1tica de polvo Taizy.<\/h2>    <p>Esta m\u00e1quina envasadora autom\u00e1tica de polvo consta principalmente de dos sistemas, un sistema de llenado y un sistema de envasado. Tiene estas partes importantes, un elevador de material, un contenedor, un formador de bolsas, una pantalla t\u00e1ctil PLC, una cinta transportadora de productos terminados, un motor de marca, etc. Todas estas partes trabajan juntas para hacer una m\u00e1quina empacadora de polvo completamente autom\u00e1tica. Adem\u00e1s, han adoptado marcas mundialmente famosas, confiables y excelentes. Adem\u00e1s, ofrecemos servicios personalizados para satisfacer sus necesidades espec\u00edficas. <\/p>    <figure class=\"wp-block-image size-full\"><img decoding=\"async\" src=\"https:\/\/taizypackaging.com\/wp-content\/uploads\/2021\/08\/automatic-powder-packing-machine-structure.jpg\" alt=\"Estructura autom\u00e1tica de la m\u00e1quina envasadora de polvo.\" class=\"wp-image-3931\"\/><figcaption class=\"wp-element-caption\">Estructura autom\u00e1tica de la m\u00e1quina envasadora de polvo.<\/figcaption><\/figure>    <h2 class=\"wp-block-heading\" id=\"h-details-of-automatic-powder-packing-machine\">Detalles de la m\u00e1quina envasadora autom\u00e1tica de polvo.<\/h2>    <p>Los accesorios de calidad para m\u00e1quinas garantizan la calidad del equipo de embalaje. Utilizamos piezas de marcas globales y tecnolog\u00eda avanzada para garantizar el buen rendimiento de nuestra m\u00e1quina empacadora de polvo. <\/p>    <div class=\"wp-block-columns is-layout-flex wp-container-core-columns-is-layout-9d6595d7 wp-block-columns-is-layout-flex\"> <div class=\"wp-block-column is-layout-flow wp-block-column-is-layout-flow\"> <figure class=\"wp-block-image size-full\"><img loading=\"lazy\" decoding=\"async\" width=\"650\" height=\"407\" src=\"https:\/\/taizypackaging.com\/wp-content\/uploads\/2021\/08\/\u56fe\u72472.png\" alt=\"rueda de pel\u00edcula\" class=\"wp-image-2696\" srcset=\"https:\/\/taizypackaging.com\/wp-content\/uploads\/2021\/08\/\u56fe\u72472.png 650w, https:\/\/taizypackaging.com\/wp-content\/uploads\/2021\/08\/\u56fe\u72472-300x188.png 300w\" sizes=\"auto, (max-width: 650px) 100vw, 650px\" \/><figcaption class=\"wp-element-caption\">rueda de pel\u00edcula<\/figcaption><\/figure> <\/div>    <div class=\"wp-block-column is-layout-flow wp-block-column-is-layout-flow\"> <figure class=\"wp-block-image size-full\"><img loading=\"lazy\" decoding=\"async\" width=\"653\" height=\"391\" src=\"https:\/\/taizypackaging.com\/wp-content\/uploads\/2021\/08\/\u56fe\u72473.png\" alt=\"tornillo de barrena\" class=\"wp-image-2697\" srcset=\"https:\/\/taizypackaging.com\/wp-content\/uploads\/2021\/08\/\u56fe\u72473.png 653w, https:\/\/taizypackaging.com\/wp-content\/uploads\/2021\/08\/\u56fe\u72473-300x180.png 300w\" sizes=\"auto, (max-width: 653px) 100vw, 653px\" \/><figcaption class=\"wp-element-caption\">tornillo de barrena<\/figcaption><\/figure> <\/div> <\/div>    <div class=\"wp-block-columns is-layout-flex wp-container-core-columns-is-layout-9d6595d7 wp-block-columns-is-layout-flex\"> <div class=\"wp-block-column is-layout-flow wp-block-column-is-layout-flow\"> <figure class=\"wp-block-image size-full\"><img loading=\"lazy\" decoding=\"async\" width=\"657\" height=\"407\" src=\"https:\/\/taizypackaging.com\/wp-content\/uploads\/2021\/08\/\u56fe\u72474.png\" alt=\"pantalla t\u00e1ctil plc\" class=\"wp-image-2698\" srcset=\"https:\/\/taizypackaging.com\/wp-content\/uploads\/2021\/08\/\u56fe\u72474.png 657w, https:\/\/taizypackaging.com\/wp-content\/uploads\/2021\/08\/\u56fe\u72474-300x186.png 300w\" sizes=\"auto, (max-width: 657px) 100vw, 657px\" \/><figcaption class=\"wp-element-caption\">pantalla t\u00e1ctil plc<\/figcaption><\/figure> <\/div>    <div class=\"wp-block-column is-layout-flow wp-block-column-is-layout-flow\"> <figure class=\"wp-block-image size-full\"><img loading=\"lazy\" decoding=\"async\" width=\"654\" height=\"411\" src=\"https:\/\/taizypackaging.com\/wp-content\/uploads\/2021\/08\/\u56fe\u72476.png\" alt=\"palet inferior de descarga     \" class=\"wp-image-2700\" srcset=\"https:\/\/taizypackaging.com\/wp-content\/uploads\/2021\/08\/\u56fe\u72476.png 654w, https:\/\/taizypackaging.com\/wp-content\/uploads\/2021\/08\/\u56fe\u72476-300x189.png 300w\" sizes=\"auto, (max-width: 654px) 100vw, 654px\" \/><figcaption class=\"wp-element-caption\">palet inferior de descarga     <\/figcaption><\/figure> <\/div> <\/div>    <div class=\"wp-block-columns is-layout-flex wp-container-core-columns-is-layout-9d6595d7 wp-block-columns-is-layout-flex\"> <div class=\"wp-block-column is-layout-flow wp-block-column-is-layout-flow\"> <figure class=\"wp-block-image size-full\"><img loading=\"lazy\" decoding=\"async\" width=\"584\" height=\"356\" src=\"https:\/\/taizypackaging.com\/wp-content\/uploads\/2021\/08\/\u56fe\u72475.png\" alt=\"cable\" class=\"wp-image-2699\" srcset=\"https:\/\/taizypackaging.com\/wp-content\/uploads\/2021\/08\/\u56fe\u72475.png 584w, https:\/\/taizypackaging.com\/wp-content\/uploads\/2021\/08\/\u56fe\u72475-300x183.png 300w\" sizes=\"auto, (max-width: 584px) 100vw, 584px\" \/><figcaption class=\"wp-element-caption\">cable<\/figcaption><\/figure> <\/div>    <div class=\"wp-block-column is-layout-flow wp-block-column-is-layout-flow\"> <figure class=\"wp-block-image size-full\"><img loading=\"lazy\" decoding=\"async\" width=\"632\" height=\"360\" src=\"https:\/\/taizypackaging.com\/wp-content\/uploads\/2021\/08\/\u56fe\u72477.png\" alt=\"formador de bolsas\" class=\"wp-image-2701\" srcset=\"https:\/\/taizypackaging.com\/wp-content\/uploads\/2021\/08\/\u56fe\u72477.png 632w, https:\/\/taizypackaging.com\/wp-content\/uploads\/2021\/08\/\u56fe\u72477-300x171.png 300w\" sizes=\"auto, (max-width: 632px) 100vw, 632px\" \/><figcaption class=\"wp-element-caption\">formador de bolsas<\/figcaption><\/figure> <\/div> <\/div>    <h2 class=\"wp-block-heading\" id=\"h-the-sealing-form\">El m\u00e9todo de sellado de esta m\u00e1quina envasadora de polvo seco.<\/h2>    <p>La maquinaria envasadora de polvo solo admite sellado posterior.<\/p>   <div class=\"wp-block-image\"> <figure class=\"aligncenter size-full\"><img decoding=\"async\" src=\"https:\/\/taizypackaging.com\/wp-content\/uploads\/2021\/08\/01-2.jpg\" alt=\"Sellado posterior de esta m\u00e1quina envasadora autom\u00e1tica de polvo.\" class=\"wp-image-2702\"\/><figcaption class=\"wp-element-caption\">Sellado posterior de esta m\u00e1quina envasadora autom\u00e1tica de polvo.<\/figcaption><\/figure> <\/div>   <h2 class=\"wp-block-heading\">Equipo de soporte de esta m\u00e1quina llenadora y selladora de polvo.<\/h2>    <p>El transportador de tornillo tiene una amplia gama de aplicaciones, buenas propiedades antiadherentes, puede agregar deflectores, tiene un gran \u00e1ngulo de elevaci\u00f3n, es f\u00e1cil de limpiar y de mantener. Se utiliza para el transporte en diversos entornos, adecuado para diversas ocasiones y usos especiales. Tiene las caracter\u00edsticas de alta resistencia, \u00e1cido, \u00e1lcali, agua salada, etc., utilizadas para el transporte en diversos entornos.<\/p>    <p>La cinta transportadora de salida adopta un micromotor importado, tiene poco ruido, tiene una larga vida \u00fatil y puede transportar productos terminados a la plataforma, lo que reduce el desperdicio en el proceso de empaque y hace que la maquinaria de empaque funcione sin problemas.<\/p>    <figure class=\"wp-block-image size-full\"><img decoding=\"async\" src=\"https:\/\/taizypackaging.com\/wp-content\/uploads\/2021\/08\/\u753b\u677f-7_\u770b\u56fe\u738b-1.jpg\" alt=\"Elevador de tornillo y cinta transportadora de salida.\" class=\"wp-image-2703\"\/><figcaption class=\"wp-element-caption\">Elevador de tornillo y cinta transportadora de salida.<\/figcaption><\/figure>    <h2 class=\"wp-block-heading\" id=\"h-our-factory\">Por qu\u00e9 elegirnos \u2013 Taizy Packaging Machinery <\/h2>    <p class=\"translation-block\">Nos hemos centrado en las m\u00e1quinas de envasado de polvo durante m\u00e1s de diez a\u00f1os, y nuestras m\u00e1quinas se venden en todo el mundo. Durante este tiempo, hemos estado desarrollando nuevas tecnolog\u00edas y utilizando piezas importadas para intentar maximizar el valor de nuestras m\u00e1quinas. Todas nuestras m\u00e1quinas se pueden personalizar seg\u00fan las necesidades de los clientes. Nuestra empresa ha desarrollado un sistema de trabajo completo y tenemos una garant\u00eda de un a\u00f1o despu\u00e9s de recibir su m\u00e1quina. Durante este per\u00edodo, puede ponerse en contacto con nuestro personal de posventa con cualquier pregunta que pueda tener, y ellos definitivamente le dar\u00e1n una respuesta satisfactoria. Aparte de esta m\u00e1quina de envasado de polvo, suministramos m\u00e1quinas asociadas, como <a href=\"https:\/\/taizypackaging.com\/es\/spices-packing-machine-powder-packing-machine-type2\/\" target=\"_blank\" rel=\"noreferrer noopener\">m\u00e1quinas de envasado de especias<\/a>, <a href=\"https:\/\/taizypackaging.com\/es\/milk-powder-packing-machine\/\">m\u00e1quinas de envasado de leche en polvo<\/a>, m\u00e1quinas de envasado de l\u00edquidos, etc. \u00a1La empresa Taizy espera una cooperaci\u00f3n a largo plazo con nuestros clientes!<\/p>    <figure class=\"wp-block-image size-full\"><img decoding=\"async\" src=\"https:\/\/taizypackaging.com\/wp-content\/uploads\/2021\/08\/\u753b\u677f-8_\u770b\u56fe\u738b-2.jpg\" alt=\"f\u00e1brica de m\u00e1quinas envasadoras de polvo\" class=\"wp-image-2705\"\/><figcaption class=\"wp-element-caption\">f\u00e1brica de m\u00e1quinas envasadoras de polvo<\/figcaption><\/figure>    <figure class=\"wp-block-image size-full\"><img decoding=\"async\" src=\"https:\/\/taizypackaging.com\/wp-content\/uploads\/2021\/08\/\u753b\u677f-9_\u770b\u56fe\u738b-2.jpg\" alt=\"empaquetadora autom\u00e1tica de polvo en stock\" class=\"wp-image-2706\"\/><figcaption class=\"wp-element-caption\">empaquetadora autom\u00e1tica de polvo en stock<\/figcaption><\/figure>","protected":false},"excerpt":{"rendered":"<p>The automatic powder packing machine here is a typical and popular powder packaging solution. It can fully automatically complete the progress of powder feeding, weighing, filling, bag making, sealing, and coding. This automatic powder pouch packing machine has a wide range of applications. It is suitable for packaging all kinds of dry powder products like [&hellip;]<\/p>\n","protected":false},"author":1,"featured_media":2692,"parent":0,"template":"","tags":[375,387],"product-type":[660],"class_list":["post-2690","product","type-product","status-publish","has-post-thumbnail","hentry","tag-powder-packing","tag-red-chili-powder","product-type-powder-packing-machines"],"_links":{"self":[{"href":"https:\/\/taizypackaging.com\/es\/wp-json\/wp\/v2\/product\/2690","targetHints":{"allow":["GET"]}}],"collection":[{"href":"https:\/\/taizypackaging.com\/es\/wp-json\/wp\/v2\/product"}],"about":[{"href":"https:\/\/taizypackaging.com\/es\/wp-json\/wp\/v2\/types\/product"}],"author":[{"embeddable":true,"href":"https:\/\/taizypackaging.com\/es\/wp-json\/wp\/v2\/users\/1"}],"wp:featuredmedia":[{"embeddable":true,"href":"https:\/\/taizypackaging.com\/es\/wp-json\/wp\/v2\/media\/2692"}],"wp:attachment":[{"href":"https:\/\/taizypackaging.com\/es\/wp-json\/wp\/v2\/media?parent=2690"}],"wp:term":[{"taxonomy":"post_tag","embeddable":true,"href":"https:\/\/taizypackaging.com\/es\/wp-json\/wp\/v2\/tags?post=2690"},{"taxonomy":"product-type","embeddable":true,"href":"https:\/\/taizypackaging.com\/es\/wp-json\/wp\/v2\/product-type?post=2690"}],"curies":[{"name":"wp","href":"https:\/\/api.w.org\/{rel}","templated":true}]}}