{"id":2713,"date":"2021-08-20T11:40:00","date_gmt":"2021-08-20T11:40:00","guid":{"rendered":"https:\/\/taizypackaging.com\/?p=2713"},"modified":"2024-07-16T18:20:06","modified_gmt":"2024-07-16T10:20:06","slug":"carton-sealing-machine-for-sale","status":"publish","type":"product","link":"https:\/\/taizypackaging.com\/es\/carton-sealing-machine-for-sale\/","title":{"rendered":"M\u00e1quina selladora de cajas de cart\u00f3n"},"content":{"rendered":"<div class=\"kk-star-ratings kksr-auto kksr-align-left kksr-valign-top\"     data-payload='{&quot;align&quot;:&quot;left&quot;,&quot;id&quot;:&quot;2713&quot;,&quot;slug&quot;:&quot;default&quot;,&quot;valign&quot;:&quot;top&quot;,&quot;ignore&quot;:&quot;&quot;,&quot;reference&quot;:&quot;auto&quot;,&quot;class&quot;:&quot;&quot;,&quot;count&quot;:&quot;8&quot;,&quot;legendonly&quot;:&quot;&quot;,&quot;readonly&quot;:&quot;&quot;,&quot;score&quot;:&quot;4.6&quot;,&quot;starsonly&quot;:&quot;&quot;,&quot;best&quot;:&quot;5&quot;,&quot;gap&quot;:&quot;5&quot;,&quot;greet&quot;:&quot;Rate this product&quot;,&quot;legend&quot;:&quot;4.6\\\/5 - (8 votos)&quot;,&quot;size&quot;:&quot;24&quot;,&quot;title&quot;:&quot;Carton Sealing Machine&quot;,&quot;width&quot;:&quot;130.9&quot;,&quot;_legend&quot;:&quot;{score}\\\/{best} - ({count} {votes})&quot;,&quot;font_factor&quot;:&quot;1.25&quot;}'>              <div class=\"kksr-stars\">      <div class=\"kksr-stars-inactive\">             <div class=\"kksr-star\" data-star=\"1\" style=\"padding-right: 5px\">               <div class=\"kksr-icon\" style=\"width: 24px; height: 24px;\"><\/div>         <\/div>             <div class=\"kksr-star\" data-star=\"2\" style=\"padding-right: 5px\">               <div class=\"kksr-icon\" style=\"width: 24px; height: 24px;\"><\/div>         <\/div>             <div class=\"kksr-star\" data-star=\"3\" style=\"padding-right: 5px\">               <div class=\"kksr-icon\" style=\"width: 24px; height: 24px;\"><\/div>         <\/div>             <div class=\"kksr-star\" data-star=\"4\" style=\"padding-right: 5px\">               <div class=\"kksr-icon\" style=\"width: 24px; height: 24px;\"><\/div>         <\/div>             <div class=\"kksr-star\" data-star=\"5\" style=\"padding-right: 5px\">               <div class=\"kksr-icon\" style=\"width: 24px; height: 24px;\"><\/div>         <\/div>     <\/div>      <div class=\"kksr-stars-active\" style=\"width: 130.9px;\">             <div class=\"kksr-star\" style=\"padding-right: 5px\">               <div class=\"kksr-icon\" style=\"width: 24px; height: 24px;\"><\/div>         <\/div>             <div class=\"kksr-star\" style=\"padding-right: 5px\">               <div class=\"kksr-icon\" style=\"width: 24px; height: 24px;\"><\/div>         <\/div>             <div class=\"kksr-star\" style=\"padding-right: 5px\">               <div class=\"kksr-icon\" style=\"width: 24px; height: 24px;\"><\/div>         <\/div>             <div class=\"kksr-star\" style=\"padding-right: 5px\">               <div class=\"kksr-icon\" style=\"width: 24px; height: 24px;\"><\/div>         <\/div>             <div class=\"kksr-star\" style=\"padding-right: 5px\">               <div class=\"kksr-icon\" style=\"width: 24px; height: 24px;\"><\/div>         <\/div>     <\/div> <\/div>                   <div class=\"kksr-legend\" style=\"font-size: 19.2px;\">             4,6\/5 - (8 votos)    <\/div>     <\/div>  <p class=\"translation-block\"><strong>M\u00e1quina selladora de cajas<\/strong>, selladora de cajas o m\u00e1quina de cinta para cajas se utiliza principalmente en el embalaje de cajas. En comparaci\u00f3n con la operaci\u00f3n manual, puede aumentar enormemente su eficiencia. En resumen, puede hacer mejor que los humanos en t\u00e9rminos de empaque de cajas. Esta <strong>m\u00e1quina de empaquetado de cajas<\/strong> suele funcionar junto con otros equipos, como una m\u00e1quina desempaquetadora, m\u00e1quina de etiquetado, m\u00e1quina de codificaci\u00f3n, etc. Por lo tanto, existe una m\u00e1quina selladora de cajas totalmente autom\u00e1tica. La <strong>selladora de cajas<\/strong> se utiliza ampliamente en alimentos, bebidas, medicamentos, qu\u00edmicos, electr\u00f3nica, cables, tabaco y muchas otras industrias. Si busca una soluci\u00f3n fiable de embalaje de cajas, p\u00f3ngase en contacto con nosotros para obtener una lista de precios gratuita. <\/p>   <figure class=\"wp-block-embed-youtube wp-block-embed is-type-video is-provider-youtube wp-embed-aspect-16-9 wp-has-aspect-ratio\"><div class=\"lyte-wrapper fourthree\" title=\"M\u00e1quina selladora de cajas de cart\u00f3n a la venta\" style=\"width:960px;max-width:100%;margin:5px auto;\"><div class=\"lyMe hidef\" id=\"WYL_xRSpEOnrlN0\" itemprop=\"video\" itemscope itemtype=\"https:\/\/schema.org\/VideoObject\"><div><meta itemprop=\"thumbnailUrl\" content=\"https:\/\/taizypackaging.com\/wp-content\/plugins\/wp-youtube-lyte\/lyteCache.php?origThumbUrl=https%3A%2F%2Fi.ytimg.com%2Fvi%2FxRSpEOnrlN0%2Fmaxresdefault.jpg\" \/><meta itemprop=\"embedURL\" content=\"https:\/\/www.youtube.com\/embed\/xRSpEOnrlN0\" \/><meta itemprop=\"duration\" content=\"PT52S\" \/><meta itemprop=\"uploadDate\" content=\"2021-08-23T12:46:27Z\" \/><\/div><meta itemprop=\"accessibilityFeature\" content=\"captions\" \/><div id=\"lyte_xRSpEOnrlN0\" data-src=\"https:\/\/taizypackaging.com\/wp-content\/plugins\/wp-youtube-lyte\/lyteCache.php?origThumbUrl=https%3A%2F%2Fi.ytimg.com%2Fvi%2FxRSpEOnrlN0%2Fmaxresdefault.jpg\" class=\"pL\"><div class=\"tC\"><div class=\"tT\" itemprop=\"name\">M\u00e1quina selladora de cajas de cart\u00f3n a la venta<\/div><\/div><div class=\"play\"><\/div><div class=\"ctrl\"><div class=\"Lctrl\"><\/div><div class=\"Rctrl\"><\/div><\/div><\/div><noscript><a href=\"https:\/\/youtu.be\/xRSpEOnrlN0\" rel=\"nofollow noopener\" target=\"_blank\"><img loading=\"lazy\" decoding=\"async\" src=\"https:\/\/taizypackaging.com\/wp-content\/plugins\/wp-youtube-lyte\/lyteCache.php?origThumbUrl=https%3A%2F%2Fi.ytimg.com%2Fvi%2FxRSpEOnrlN0%2F0.jpg\" alt=\"M\u00e1quina selladora de cajas de cart\u00f3n a la venta\" width=\"960\" height=\"700\" \/><br \/>Watch this video on YouTube<\/a><\/noscript><meta itemprop=\"description\" content=\"WhatsApp\/Wechat\/Tel:+86 19139754781 Carton sealing machine is mainly applied to the packing of cartons. The sealing machine is generally used in conjunction with cartooning machine and unpacking machine. It can also be connected with labeling, coding, and heat shrink film wrapping machines to form an unmanned automatic packaging line. You can learn more information on: https:\/\/taizypackaging.com\/carton-sealing-machine-for-sale\/\"><\/div><\/div><div class=\"lL\" style=\"max-width:100%;width:960px;margin:5px auto;\"><\/div><figcaption><\/figcaption><\/figure>   <h2 class=\"wp-block-heading\">Ventajas de la m\u00e1quina selladora de cajas de cart\u00f3n Taizy<\/h2>    <ol class=\"wp-block-list\"> <li>Amplias aplicaciones para diferentes tama\u00f1os de cajas<\/li>    <li>Termine la operaci\u00f3n de sellado inferior y superior una vez y selle firme y suavemente con una apariencia bonita.<\/li>    <li>Dise\u00f1o razonable, material duradero, funciona sin problemas y funciona de manera eficiente.<\/li>    <li>Un bot\u00f3n de emergencia est\u00e1 dise\u00f1ado como medida de seguridad.<\/li>    <li>Los rodillos est\u00e1n dispuestos de cerca, adecuados para diferentes tama\u00f1os de cajas, especialmente cajas peque\u00f1as.<\/li>    <li>La altura del transportador es ajustable seg\u00fan sus necesidades.<\/li>    <li>El componente para fijar la cinta es desmontable, conveniente para reemplazar las cintas.<\/li>    <li>Apoyar un s\u00f3lido servicio OEM<\/li> <\/ol>    <figure class=\"wp-block-image size-full\"><img decoding=\"async\" src=\"https:\/\/taizypackaging.com\/wp-content\/uploads\/2021\/08\/carton-sealing-machine.jpg\" alt=\"m\u00e1quina selladora de cajas de cart\u00f3n\" class=\"wp-image-3958\"\/><figcaption class=\"wp-element-caption\">m\u00e1quina selladora de cajas de cart\u00f3n<\/figcaption><\/figure>    <h2 class=\"wp-block-heading\" id=\"h-machine-parameters\">Par\u00e1metros de la m\u00e1quina selladora de cajas de cart\u00f3n Taizy<\/h2>    <figure class=\"wp-block-table\"><table><tbody><tr><td>Modelo<\/td><td>FXJ-4030<\/td><td>FXJ-6050<\/td><\/tr><tr><td>Fuerza<\/td><td>220V\/50Hz\/180W<\/td><td>220V\/50Hz\/180W<\/td><\/tr><tr><td>Capacidad<\/td><td>1000 cajas\/h<\/td><td>1000 cajas\/h<\/td><\/tr><tr><td>Ancho de la cinta<\/td><td>45mm<\/td><td>45mm<\/td><\/tr><tr><td>Ancho de sellado<\/td><td>80-300 mm<\/td><td>250-500 mm<\/td><\/tr><tr><td>Altura de sellado<\/td><td>90-400 mm<\/td><td>180-600 mm<\/td><\/tr><tr><td>Altura de la mesa<\/td><td>m\u00edn. 550 mm\/m\u00e1x. 730 mm<\/td><td>m\u00edn. 570 mm\/m\u00e1x. 730 mm<\/td><\/tr><tr><td>Tama\u00f1o de la m\u00e1quina<\/td><td>1060*660*1010mm<\/td><td>1000*830*1350mm<\/td><\/tr><\/tbody><\/table><\/figure>    <h2 class=\"wp-block-heading\" id=\"h-how-does-the-carton-sealer-work\">\u00bfC\u00f3mo funciona la m\u00e1quina selladora de cajas de cart\u00f3n?<\/h2>    <p>El principio de funcionamiento de la m\u00e1quina selladora de cajas de cart\u00f3n es simple: la caja se transporta a trav\u00e9s de una cinta transportadora hasta la m\u00e1quina. Debajo de la m\u00e1quina, a trav\u00e9s del sistema operativo inteligente, complete el trabajo de sellado de la caja. El proceso espec\u00edfico es el siguiente video.<\/p>    <h2 class=\"wp-block-heading\" id=\"h-details-of-carton-sealing-machine\">Detalles de la m\u00e1quina selladora de cajas de cart\u00f3n Taizy<\/h2>    <p>La m\u00e1quina selladora de cajas de cart\u00f3n a la venta consta de una plataforma transportadora con rodillos giratorios, una placa met\u00e1lica larga, cintas transportadoras izquierda y derecha, mangos manuales para ajustar la altura de la plataforma transportadora y el dispositivo de sellado superior, rodillos de posicionamiento de cajas, marco de soporte con escala. , interruptor de encendido, cuatro ruedas en la parte inferior de la m\u00e1quina, bot\u00f3n de emergencia, etc. Un sistema de cintur\u00f3n ajustable puede manejar varios tipos de cajas. Adem\u00e1s, los materiales duraderos y la tecnolog\u00eda avanzada garantizan el buen rendimiento de nuestras m\u00e1quinas. <\/p>    <div class=\"wp-block-columns is-layout-flex wp-container-core-columns-is-layout-9d6595d7 wp-block-columns-is-layout-flex\"> <div class=\"wp-block-column is-layout-flow wp-block-column-is-layout-flow\"> <figure class=\"wp-block-image size-full\"><img decoding=\"async\" src=\"https:\/\/taizypackaging.com\/wp-content\/uploads\/2021\/08\/\u753b\u677f-6_\u770b\u56fe\u738b-1.jpg\" alt=\"m\u00e1quina selladora de cajas de cart\u00f3n en stock\" class=\"wp-image-2717\"\/><figcaption class=\"wp-element-caption\">m\u00e1quina selladora de cajas de cart\u00f3n en stock<\/figcaption><\/figure> <\/div>    <div class=\"wp-block-column is-layout-flow wp-block-column-is-layout-flow\"> <figure class=\"wp-block-image size-full\"><img decoding=\"async\" src=\"https:\/\/taizypackaging.com\/wp-content\/uploads\/2021\/08\/\u753b\u677f-7_\u770b\u56fe\u738b-2.jpg\" alt=\"cinta transportadora selladora de cajas de cart\u00f3n\" class=\"wp-image-2718\"\/><figcaption class=\"wp-element-caption\">cinta transportadora selladora de cajas de cart\u00f3n<\/figcaption><\/figure> <\/div> <\/div>    <h2 class=\"wp-block-heading\" id=\"h-why-do-people-need-a-carton-sealing-machine\">\u00bfPor qu\u00e9 necesitamos una m\u00e1quina selladora de cajas de cart\u00f3n?<\/h2>    <ul class=\"wp-block-list\"> <li>Adecuado para tama\u00f1os de cart\u00f3n del 1 al 12.<\/li>    <li>Esta m\u00e1quina selladora de cajas de cart\u00f3n adopta un revestimiento de sellado avanzado, que aplana la parte sobresaliente de la caja y hace que la cinta encaje en la superficie de la caja. El corte es suave, el sellado es hermoso, firme y usable.<\/li>    <li>El ancho y la altura de la m\u00e1quina selladora son ajustables, con muchos tama\u00f1os de sellado, y las cintas transportadoras izquierda y derecha pueden impulsar cajas de cart\u00f3n m\u00e1s pesadas.<\/li>    <li>La parte inferior y superior de la cinta transportadora est\u00e1n equipadas con un motor grande, y el dise\u00f1o de motor dual proporciona gran potencia para cajas de cart\u00f3n m\u00e1s pesadas y anchas.<\/li>    <li>Las ruedas activas y pasivas de la cinta transportadora son cada vez m\u00e1s gruesas, con mayor capacidad de carga y mejor efecto de rodadura.<\/li>    <li>El cabezal de sellado superior puede tener un dise\u00f1o vertical, m\u00e1s conveniente para reemplazar la cinta, simple y r\u00e1pido.<\/li>    <li>Forro interior con dise\u00f1o cerrado, sellado m\u00e1s firme y hermoso. <\/li> <\/ul>    <h2 class=\"wp-block-heading\" id=\"h-related-machine\">Equipo de soporte del sellador de cajas.<\/h2>    <p class=\"translation-block\">En <a rel=\"noreferrer noopener\" href=\"https:\/\/taizypackaging.com\/es\/\" target=\"_blank\">Taizy Company<\/a>, no solo est\u00e1 disponible la m\u00e1quina selladora de cajas, sino tambi\u00e9n el equipo auxiliar (m\u00e1quina desempaquetadora, correa transportadora, etc.) para su elecci\u00f3n. A continuaci\u00f3n, listado como en las im\u00e1genes: <\/p>    <figure class=\"wp-block-image size-full\"><img decoding=\"async\" src=\"https:\/\/taizypackaging.com\/wp-content\/uploads\/2021\/08\/\u753b\u677f-9_\u770b\u56fe\u738b-3.jpg\" alt=\"desembalador de cajas y transportador\" class=\"wp-image-2719\"\/><figcaption class=\"wp-element-caption\">desembalador de cajas y transportador<\/figcaption><\/figure>","protected":false},"excerpt":{"rendered":"<p>Carton sealing machine, carton sealer, or box taping machine is mainly applied to the carton packaging. Compared with manual operation, it can greatly enhance your efficiency. In short, it can do better than humans in terms of box packing. This carton packing machine usually works together with other equipment, such as an unpack machine, labeling [&hellip;]<\/p>\n","protected":false},"author":1,"featured_media":2720,"parent":0,"template":"","tags":[604,603,602],"product-type":[668],"class_list":["post-2713","product","type-product","status-publish","has-post-thumbnail","hentry","tag-box-taping-machine","tag-carton-sealer","tag-carton-sealing-machine","product-type-supporting-equipment"],"_links":{"self":[{"href":"https:\/\/taizypackaging.com\/es\/wp-json\/wp\/v2\/product\/2713","targetHints":{"allow":["GET"]}}],"collection":[{"href":"https:\/\/taizypackaging.com\/es\/wp-json\/wp\/v2\/product"}],"about":[{"href":"https:\/\/taizypackaging.com\/es\/wp-json\/wp\/v2\/types\/product"}],"author":[{"embeddable":true,"href":"https:\/\/taizypackaging.com\/es\/wp-json\/wp\/v2\/users\/1"}],"wp:featuredmedia":[{"embeddable":true,"href":"https:\/\/taizypackaging.com\/es\/wp-json\/wp\/v2\/media\/2720"}],"wp:attachment":[{"href":"https:\/\/taizypackaging.com\/es\/wp-json\/wp\/v2\/media?parent=2713"}],"wp:term":[{"taxonomy":"post_tag","embeddable":true,"href":"https:\/\/taizypackaging.com\/es\/wp-json\/wp\/v2\/tags?post=2713"},{"taxonomy":"product-type","embeddable":true,"href":"https:\/\/taizypackaging.com\/es\/wp-json\/wp\/v2\/product-type?post=2713"}],"curies":[{"name":"wp","href":"https:\/\/api.w.org\/{rel}","templated":true}]}}