{"id":2740,"date":"2021-08-25T09:54:57","date_gmt":"2021-08-25T09:54:57","guid":{"rendered":"https:\/\/taizypackaging.com\/?p=2740"},"modified":"2024-07-16T16:37:44","modified_gmt":"2024-07-16T08:37:44","slug":"chain-bucket-packing-machine","status":"publish","type":"product","link":"https:\/\/taizypackaging.com\/es\/chain-bucket-packing-machine\/","title":{"rendered":"M\u00e1quina empacadora de cubos de cadena"},"content":{"rendered":"<div class=\"kk-star-ratings kksr-auto kksr-align-left kksr-valign-top\"     data-payload='{&quot;align&quot;:&quot;left&quot;,&quot;id&quot;:&quot;2740&quot;,&quot;slug&quot;:&quot;default&quot;,&quot;valign&quot;:&quot;top&quot;,&quot;ignore&quot;:&quot;&quot;,&quot;reference&quot;:&quot;auto&quot;,&quot;class&quot;:&quot;&quot;,&quot;count&quot;:&quot;6&quot;,&quot;legendonly&quot;:&quot;&quot;,&quot;readonly&quot;:&quot;&quot;,&quot;score&quot;:&quot;4.8&quot;,&quot;starsonly&quot;:&quot;&quot;,&quot;best&quot;:&quot;5&quot;,&quot;gap&quot;:&quot;5&quot;,&quot;greet&quot;:&quot;Rate this product&quot;,&quot;legend&quot;:&quot;4.8\\\/5 - (6 votos)&quot;,&quot;size&quot;:&quot;24&quot;,&quot;title&quot;:&quot;Chain Bucket Packing Machine&quot;,&quot;width&quot;:&quot;136.7&quot;,&quot;_legend&quot;:&quot;{score}\\\/{best} - ({count} {votes})&quot;,&quot;font_factor&quot;:&quot;1.25&quot;}'>              <div class=\"kksr-stars\">      <div class=\"kksr-stars-inactive\">             <div class=\"kksr-star\" data-star=\"1\" style=\"padding-right: 5px\">               <div class=\"kksr-icon\" style=\"width: 24px; height: 24px;\"><\/div>         <\/div>             <div class=\"kksr-star\" data-star=\"2\" style=\"padding-right: 5px\">               <div class=\"kksr-icon\" style=\"width: 24px; height: 24px;\"><\/div>         <\/div>             <div class=\"kksr-star\" data-star=\"3\" style=\"padding-right: 5px\">               <div class=\"kksr-icon\" style=\"width: 24px; height: 24px;\"><\/div>         <\/div>             <div class=\"kksr-star\" data-star=\"4\" style=\"padding-right: 5px\">               <div class=\"kksr-icon\" style=\"width: 24px; height: 24px;\"><\/div>         <\/div>             <div class=\"kksr-star\" data-star=\"5\" style=\"padding-right: 5px\">               <div class=\"kksr-icon\" style=\"width: 24px; height: 24px;\"><\/div>         <\/div>     <\/div>      <div class=\"kksr-stars-active\" style=\"width: 136.7px;\">             <div class=\"kksr-star\" style=\"padding-right: 5px\">               <div class=\"kksr-icon\" style=\"width: 24px; height: 24px;\"><\/div>         <\/div>             <div class=\"kksr-star\" style=\"padding-right: 5px\">               <div class=\"kksr-icon\" style=\"width: 24px; height: 24px;\"><\/div>         <\/div>             <div class=\"kksr-star\" style=\"padding-right: 5px\">               <div class=\"kksr-icon\" style=\"width: 24px; height: 24px;\"><\/div>         <\/div>             <div class=\"kksr-star\" style=\"padding-right: 5px\">               <div class=\"kksr-icon\" style=\"width: 24px; height: 24px;\"><\/div>         <\/div>             <div class=\"kksr-star\" style=\"padding-right: 5px\">               <div class=\"kksr-icon\" style=\"width: 24px; height: 24px;\"><\/div>         <\/div>     <\/div> <\/div>                   <div class=\"kksr-legend\" style=\"font-size: 19.2px;\">             4,8\/5 - (6 votos)    <\/div>     <\/div>  <p class=\"translation-block\"><strong>M\u00e1quina de envasado de cubos con cadena<\/strong> es un equipo de envasado de gr\u00e1nulos semi-autom\u00e1tico. Puede completar el proceso de llenado, formateo de bolsas, sellado, corte y conteo. Solo se requiere la alimentaci\u00f3n manual del material. Una m\u00e1quina de envasado tipo cadena de cubos es adecuada para envasar varios part\u00edculas, como snacks, frutos secos, frijoles, galletas, granos, cereales, patatas fritas, jab\u00f3n, clavos, pescado, comida congelada, etc. En realidad, la mayor ventaja de esta m\u00e1quina de envasado de gr\u00e1nulos es que puede colocar varios materiales totalmente diferentes en una misma bolsa, como t\u00e9 aromatizado. Adem\u00e1s, una m\u00e1quina de envasado de gr\u00e1nulos tipo cubo con cadena puede equiparse con una m\u00e1quina de pesaje y llenado para lograr una automatizaci\u00f3n total. Por lo tanto, hay un potente servicio OEM para satisfacer sus requisitos espec\u00edficos. Cont\u00e1ctenos hoy para <strong>una<\/strong> <strong>lista de precios<\/strong> gratuita. <\/p>    <h2 class=\"wp-block-heading\" id=\"h-the-workflow-of-the-chain-bucket-packaging-machine\">V\u00eddeo de funcionamiento de la m\u00e1quina envasadora con transportador de cangilones de cadena<\/h2>   <figure class=\"wp-block-embed-youtube wp-block-embed is-type-video is-provider-youtube wp-embed-aspect-16-9 wp-has-aspect-ratio\"><div class=\"lyte-wrapper fourthree\" title=\"M\u00e1quina envasadora de bolsas tipo cubo con cadena para bocadillos, nueces, frijoles, etc.\" style=\"width:960px;max-width:100%;margin:5px auto;\"><div class=\"lyMe hidef\" id=\"WYL_6pbVY3ET1ZM\" itemprop=\"video\" itemscope itemtype=\"https:\/\/schema.org\/VideoObject\"><div><meta itemprop=\"thumbnailUrl\" content=\"https:\/\/taizypackaging.com\/wp-content\/plugins\/wp-youtube-lyte\/lyteCache.php?origThumbUrl=https%3A%2F%2Fi.ytimg.com%2Fvi%2F6pbVY3ET1ZM%2Fmaxresdefault.jpg\" \/><meta itemprop=\"embedURL\" content=\"https:\/\/www.youtube.com\/embed\/6pbVY3ET1ZM\" \/><meta itemprop=\"duration\" content=\"PT2M15S\" \/><meta itemprop=\"uploadDate\" content=\"2022-02-10T07:02:13Z\" \/><\/div><div id=\"lyte_6pbVY3ET1ZM\" data-src=\"https:\/\/taizypackaging.com\/wp-content\/plugins\/wp-youtube-lyte\/lyteCache.php?origThumbUrl=https%3A%2F%2Fi.ytimg.com%2Fvi%2F6pbVY3ET1ZM%2Fmaxresdefault.jpg\" class=\"pL\"><div class=\"tC\"><div class=\"tT\" itemprop=\"name\">M\u00e1quina envasadora de bolsas tipo cubo con cadena para bocadillos, nueces, frijoles, etc.<\/div><\/div><div class=\"play\"><\/div><div class=\"ctrl\"><div class=\"Lctrl\"><\/div><div class=\"Rctrl\"><\/div><\/div><\/div><noscript><a href=\"https:\/\/youtu.be\/6pbVY3ET1ZM\" rel=\"nofollow noopener\" target=\"_blank\"><img loading=\"lazy\" decoding=\"async\" src=\"https:\/\/taizypackaging.com\/wp-content\/plugins\/wp-youtube-lyte\/lyteCache.php?origThumbUrl=https%3A%2F%2Fi.ytimg.com%2Fvi%2F6pbVY3ET1ZM%2F0.jpg\" alt=\"M\u00e1quina envasadora de bolsas tipo cubo con cadena para bocadillos, nueces, frijoles, etc.\" width=\"960\" height=\"700\" \/><br \/>Watch this video on YouTube<\/a><\/noscript><meta itemprop=\"description\" content=\"#foodpackingmachine #snackspackaging #packingmachine EMAIL: info@taizypackaging.com TEL\/WHATSAPP: +86 18837171591 USEFUL LINK: https:\/\/taizypackaging.com\/chain-bucket-packing-machine\/ Chain bucket packing machine is a type of granule packing machine. It is suitable for various particles like nuts, snacks, beans, rice, dried fruits, puffed food, trinkets, etc. Our chain bucket packing macine packing speed is from 30 bags to 60 bags per minute. And the bag length is from 30mm to 280mm. Besides, we support custom services to meet your actual requirements. Awesome benefits of Taizy chain bucket packing machine 1. The machine adopts advanced PLC control system, the program is stable, equipped with electronic intelligent touch screen, supporting up to six languages, also can be customized according to customer language, easy to operate. 2. The machine as a whole is made of stainless steel and alloy, contact with the material part of 304 stainless steel, not easy to rust, strong and durable. 3. Intelligent temperature control system ensures the quality of packaging materials, low working noise, clear-cutting patterns, and strong sealing ability. You may also like these granule\/food packing machine videos: Small vertical packing machine: https:\/\/www.youtube.com\/watch?v=RdSqEhdiWzU&amp;t=31s Multihead weigher packing machine: https:\/\/www.youtube.com\/watch?v=mfQQ28r7qzY Granule filling machine: https:\/\/www.youtube.com\/watch?v=_E3hqS6pwhY&amp;t=59s EMAIL: info@taizypackaging.com TEL\/WHATSAPP: +86 18837171591 USEFUL LINK: https:\/\/taizypackaging.com\/chain-bucket-packing-machine\/\"><\/div><\/div><div class=\"lL\" style=\"max-width:100%;width:960px;margin:5px auto;\"><\/div><figcaption><\/figcaption><\/figure>   <h2 class=\"wp-block-heading\" id=\"h-the-brief-introduction-of-the-chain-bucket-packing-machine\">\u00bfQu\u00e9 es una m\u00e1quina empacadora de cangilones con cadena? <\/h2>    <p>La m\u00e1quina empacadora de cangilones con cadena es una soluci\u00f3n de empaque semiautom\u00e1tica, que pertenece a alg\u00fan tipo de m\u00e1quina empacadora de gr\u00e1nulos. En comparaci\u00f3n con una m\u00e1quina grande como una m\u00e1quina empacadora con pesadora multicabezal totalmente autom\u00e1tica, una m\u00e1quina empacadora de cangilones con cadena es m\u00e1s adecuada para proyectos peque\u00f1os y medianos. El precio asequible de la mejora de la eficiencia de la producci\u00f3n tambi\u00e9n es bastante sustancial. La m\u00e1quina empacadora con transportador de cangilones admite muchos tipos de m\u00e9todos de sellado, como sello posterior, sello de tres lados y sello de cuatro lados.<\/p>    <figure class=\"wp-block-image size-full\"><img loading=\"lazy\" decoding=\"async\" width=\"720\" height=\"540\" src=\"https:\/\/taizypackaging.com\/wp-content\/uploads\/2021\/08\/chain-bucket-packing-machine.jpg\" alt=\"empaquetadora de cubos de cadena\" class=\"wp-image-3970\" srcset=\"https:\/\/taizypackaging.com\/wp-content\/uploads\/2021\/08\/chain-bucket-packing-machine.jpg 720w, https:\/\/taizypackaging.com\/wp-content\/uploads\/2021\/08\/chain-bucket-packing-machine-300x225.jpg 300w\" sizes=\"auto, (max-width: 720px) 100vw, 720px\" \/><figcaption class=\"wp-element-caption\">empaquetadora de cubos de cadena<\/figcaption><\/figure>    <h2 class=\"wp-block-heading\" id=\"h-the-application-of-the-chain-bucket-packaging-machine\">Aplicaci\u00f3n de la m\u00e1quina envasadora de cangilones con cadena.<\/h2>    <p class=\"translation-block\">La m\u00e1quina de envasado de gr\u00e1nulos con cubos de cadena es adecuada para envasar diversos materiales alimentarios y no alimentarios, como frutos secos, cacahuetes, granos, semillas, frijoles, cereales, galletas, ajo, pescado, empanadas, snacks, comida congelada, mariscos, arroz, caramelos, patatas fritas de bolsa, chips de pl\u00e1tano, fruta seca, etc. Muchas funciones en una sola m\u00e1quina, son confiables y eficientes. Si est\u00e1 buscando una m\u00e1quina de envasado as\u00ed, <a href=\"https:\/\/taizypackaging.com\/es\/contact-us\/\">cont\u00e1ctenos ahora<\/a> para iniciar su negocio. <\/p>    <figure class=\"wp-block-image size-full\"><img decoding=\"async\" src=\"https:\/\/taizypackaging.com\/wp-content\/uploads\/2021\/08\/chain-bucket-packing-machine-applications.jpg\" alt=\"Aplicaciones de la m\u00e1quina empacadora de cangilones de cadena.\" class=\"wp-image-3973\"\/><figcaption class=\"wp-element-caption\">Aplicaciones de la m\u00e1quina empacadora de cangilones de cadena.<\/figcaption><\/figure>    <h2 class=\"wp-block-heading\" id=\"h-technical-parameters-of-tz-320-chain-granule-packing-machine\">Par\u00e1metros de la m\u00e1quina empacadora de cangilones de cadena<\/h2>    <figure class=\"wp-block-table is-style-stripes\"><table><tbody><tr><td>Fuerza<\/td><td>220(380)V\/1200W<\/td><\/tr><tr><td>Velocidad<\/td><td>30~60 bolsas\/minuto<\/td><\/tr><tr><td>Longitud del saco<\/td><td>30~280 mm<\/td><\/tr><tr><td>El di\u00e1metro m\u00e1ximo<\/td><td>\u2264\u03a6350mm<\/td><\/tr><tr><td>Espesor de la pel\u00edcula de embalaje<\/td><td>0,03~0,1 mm<\/td><\/tr><tr><td>Ancho m\u00e1ximo de pel\u00edcula<\/td><td>300 mm<\/td><\/tr><tr><td>Peso<\/td><td>400 kilos<\/td><\/tr><tr><td>Tama\u00f1o de la m\u00e1quina<\/td><td>870x1350x1850mm<\/td><\/tr><\/tbody><\/table><\/figure>    <p>Nota: Admite un servicio personalizado que se ajuste a tu demanda espec\u00edfica.<\/p>    <h2 class=\"wp-block-heading\" id=\"h-the-structure-of-the-chain-granule-packing-machine\">Estructura de la m\u00e1quina empacadora de gr\u00e1nulos de cadena.<\/h2>    <p>La m\u00e1quina empacadora de gr\u00e1nulos con cangil\u00f3n de cadena consta principalmente de estas piezas: una pantalla t\u00e1ctil PLC, contenedor de material, eje de pel\u00edcula, formador de bolsas, ruedas, bot\u00f3n de parada de emergencia, bot\u00f3n de control de velocidad, etc. Como uno de los principales fabricantes de m\u00e1quinas empacadoras en China, utilizamos Tecnolog\u00eda avanzada y materiales duraderos para garantizar el buen rendimiento de nuestras m\u00e1quinas. Adem\u00e1s, un sistema de control PLC inteligente facilita su operaci\u00f3n. <\/p>    <figure class=\"wp-block-image size-full\"><img loading=\"lazy\" decoding=\"async\" width=\"720\" height=\"540\" src=\"https:\/\/taizypackaging.com\/wp-content\/uploads\/2021\/08\/chain-granule-packing-machine-structure.jpg\" alt=\"estructura de la m\u00e1quina empacadora de gr\u00e1nulos de cadena\" class=\"wp-image-3979\" srcset=\"https:\/\/taizypackaging.com\/wp-content\/uploads\/2021\/08\/chain-granule-packing-machine-structure.jpg 720w, https:\/\/taizypackaging.com\/wp-content\/uploads\/2021\/08\/chain-granule-packing-machine-structure-300x225.jpg 300w\" sizes=\"auto, (max-width: 720px) 100vw, 720px\" \/><figcaption class=\"wp-element-caption\">estructura de la m\u00e1quina empacadora de gr\u00e1nulos de cadena<\/figcaption><\/figure>    <h2 class=\"wp-block-heading\" id=\"h-details-of-the-chain-granule-packaging-machine\">Detalles de la m\u00e1quina envasadora de gr\u00e1nulos de cadena.<\/h2>    <div class=\"wp-block-columns is-layout-flex wp-container-core-columns-is-layout-9d6595d7 wp-block-columns-is-layout-flex\"> <div class=\"wp-block-column is-layout-flow wp-block-column-is-layout-flow\"> <figure class=\"wp-block-image size-full\"><img decoding=\"async\" src=\"https:\/\/taizypackaging.com\/wp-content\/uploads\/2021\/08\/PLC-touch-screen.jpg\" alt=\"pantalla t\u00e1ctil plc\" class=\"wp-image-3982\"\/><figcaption class=\"wp-element-caption\">pantalla t\u00e1ctil plc<\/figcaption><\/figure> <\/div>    <div class=\"wp-block-column is-layout-flow wp-block-column-is-layout-flow\"> <figure class=\"wp-block-image size-full\"><img decoding=\"async\" src=\"https:\/\/taizypackaging.com\/wp-content\/uploads\/2021\/08\/3_02.jpg\" alt=\"rodillo de pel\u00edcula\" class=\"wp-image-2746\"\/><figcaption class=\"wp-element-caption\">rodillo de pel\u00edcula<\/figcaption><\/figure> <\/div> <\/div>    <div class=\"wp-block-columns is-layout-flex wp-container-core-columns-is-layout-9d6595d7 wp-block-columns-is-layout-flex\"> <div class=\"wp-block-column is-layout-flow wp-block-column-is-layout-flow\"> <figure class=\"wp-block-image size-full\"><img decoding=\"async\" src=\"https:\/\/taizypackaging.com\/wp-content\/uploads\/2021\/08\/3_03.jpg\" alt=\"cubo de cadena\" class=\"wp-image-2747\"\/><figcaption class=\"wp-element-caption\">cubo de cadena<\/figcaption><\/figure> <\/div>    <div class=\"wp-block-column is-layout-flow wp-block-column-is-layout-flow\"> <figure class=\"wp-block-image size-full\"><img decoding=\"async\" src=\"https:\/\/taizypackaging.com\/wp-content\/uploads\/2021\/08\/3_04.jpg\" alt=\"formador de bolsas\" class=\"wp-image-2748\"\/><figcaption class=\"wp-element-caption\">formador de bolsas<\/figcaption><\/figure> <\/div> <\/div>    <h2 class=\"wp-block-heading\" id=\"h-the-advantages-of-the-chain-bucket-packing-machine\">Ventajas de la empaquetadora de cangilones con cadena.<\/h2>    <ul class=\"wp-block-list\"> <li>La m\u00e1quina adopta un sistema de control PLC avanzado, el programa es estable, est\u00e1 equipado con una pantalla t\u00e1ctil electr\u00f3nica inteligente, admite hasta seis idiomas, se puede personalizar seg\u00fan el idioma del cliente y es f\u00e1cil de operar.<\/li>    <li>Control por microcomputadora, sistema de correcci\u00f3n de seguimiento fotoel\u00e9ctrico, equipado con motor paso a paso de alta precisi\u00f3n, alta precisi\u00f3n en la fabricaci\u00f3n de bolsas, un peque\u00f1o error.<\/li>    <li>La m\u00e1quina en su conjunto est\u00e1 hecha de acero inoxidable y aleaci\u00f3n, en contacto con la parte material de acero inoxidable 304, no se oxida f\u00e1cilmente, es resistente y duradera.<\/li>    <li>La m\u00e1quina se puede utilizar sola o en combinaci\u00f3n con otras m\u00e1quinas. Por ejemplo, los envases de bolsitas de t\u00e9 y otros tipos de materias primas mixtas pueden equiparse con dispensadores de mesa para lograr una producci\u00f3n autom\u00e1tica sin personal.<\/li>    <li>Un sistema inteligente de control de temperatura garantiza la calidad de los materiales de embalaje, un bajo ruido de trabajo, patrones claros y una fuerte capacidad de sellado.<\/li> <\/ul>    <figure class=\"wp-block-image size-full\"><img loading=\"lazy\" decoding=\"async\" width=\"720\" height=\"540\" src=\"https:\/\/taizypackaging.com\/wp-content\/uploads\/2021\/08\/bucket-chain-conveyor-packing-machine.jpg\" alt=\"empaquetadora del transportador de cadena de cangilones\" class=\"wp-image-3995\" srcset=\"https:\/\/taizypackaging.com\/wp-content\/uploads\/2021\/08\/bucket-chain-conveyor-packing-machine.jpg 720w, https:\/\/taizypackaging.com\/wp-content\/uploads\/2021\/08\/bucket-chain-conveyor-packing-machine-300x225.jpg 300w\" sizes=\"auto, (max-width: 720px) 100vw, 720px\" \/><figcaption class=\"wp-element-caption\">empaquetadora del transportador de cadena de cangilones<\/figcaption><\/figure>    <h2 class=\"wp-block-heading\" id=\"h-optional-type\">Tipo opcional de m\u00e1quina empacadora de bolsas tipo cubo<\/h2>    <p>Para la m\u00e1quina empacadora de cangilones con cadena, el estilo de la cinta transportadora de alimentaci\u00f3n es personalizable, dependiendo del peso del objeto a empacar por el cliente. El tipo horizontal se utiliza principalmente para envasar art\u00edculos de calidad m\u00e1s ligeros, como bolas de masa congeladas, frutas secas y otros alimentos. El tipo de empuje inclinado se utiliza para art\u00edculos de mayor calidad, como accesorios de hardware, etc., para ahorrar mano de obra y mejorar la eficiencia de la producci\u00f3n.<\/p>    <figure class=\"wp-block-image size-full\"><img loading=\"lazy\" decoding=\"async\" width=\"750\" height=\"638\" src=\"https:\/\/taizypackaging.com\/wp-content\/uploads\/2021\/08\/\u94fe\u6597\u5305\u88c5\u673a\u8be6\u60c5_05.jpg\" alt=\"tipo horizontal de m\u00e1quina empacadora de cangilones de cadena\" class=\"wp-image-2750\" srcset=\"https:\/\/taizypackaging.com\/wp-content\/uploads\/2021\/08\/\u94fe\u6597\u5305\u88c5\u673a\u8be6\u60c5_05.jpg 750w, https:\/\/taizypackaging.com\/wp-content\/uploads\/2021\/08\/\u94fe\u6597\u5305\u88c5\u673a\u8be6\u60c5_05-300x255.jpg 300w\" sizes=\"auto, (max-width: 750px) 100vw, 750px\" \/><figcaption class=\"wp-element-caption\">tipo horizontal de m\u00e1quina empacadora de cangilones de cadena<\/figcaption><\/figure>    <figure class=\"wp-block-image size-full\"><img loading=\"lazy\" decoding=\"async\" width=\"750\" height=\"640\" src=\"https:\/\/taizypackaging.com\/wp-content\/uploads\/2021\/08\/\u94fe\u6597\u5305\u88c5\u673a\u8be6\u60c5_06.jpg\" alt=\"\" class=\"wp-image-2751\" srcset=\"https:\/\/taizypackaging.com\/wp-content\/uploads\/2021\/08\/\u94fe\u6597\u5305\u88c5\u673a\u8be6\u60c5_06.jpg 750w, https:\/\/taizypackaging.com\/wp-content\/uploads\/2021\/08\/\u94fe\u6597\u5305\u88c5\u673a\u8be6\u60c5_06-300x256.jpg 300w\" sizes=\"auto, (max-width: 750px) 100vw, 750px\" \/><figcaption class=\"wp-element-caption\">M\u00e1quina empacadora de cangilones con cadena de empuje inclinado<\/figcaption><\/figure>","protected":false},"excerpt":{"rendered":"<p>Chain bucket packing machine is a semi-automatic granule packing equipment. It can complete the process of filling, bag making, sealing, cutting, and counting. Just the manual feeding of material is required. A bucket chain-type packing machine is suitable for packaging various particles, such as snacks, nuts, beans, biscuits, grains, cereal, chips, soap, nails, fish, frozen [&hellip;]<\/p>\n","protected":false},"author":1,"featured_media":2752,"parent":0,"template":"","tags":[605,198],"product-type":[659],"class_list":["post-2740","product","type-product","status-publish","has-post-thumbnail","hentry","tag-chain-bucket-packing-machine","tag-granule-packing-machine","product-type-granule-packing-machines"],"_links":{"self":[{"href":"https:\/\/taizypackaging.com\/es\/wp-json\/wp\/v2\/product\/2740","targetHints":{"allow":["GET"]}}],"collection":[{"href":"https:\/\/taizypackaging.com\/es\/wp-json\/wp\/v2\/product"}],"about":[{"href":"https:\/\/taizypackaging.com\/es\/wp-json\/wp\/v2\/types\/product"}],"author":[{"embeddable":true,"href":"https:\/\/taizypackaging.com\/es\/wp-json\/wp\/v2\/users\/1"}],"wp:featuredmedia":[{"embeddable":true,"href":"https:\/\/taizypackaging.com\/es\/wp-json\/wp\/v2\/media\/2752"}],"wp:attachment":[{"href":"https:\/\/taizypackaging.com\/es\/wp-json\/wp\/v2\/media?parent=2740"}],"wp:term":[{"taxonomy":"post_tag","embeddable":true,"href":"https:\/\/taizypackaging.com\/es\/wp-json\/wp\/v2\/tags?post=2740"},{"taxonomy":"product-type","embeddable":true,"href":"https:\/\/taizypackaging.com\/es\/wp-json\/wp\/v2\/product-type?post=2740"}],"curies":[{"name":"wp","href":"https:\/\/api.w.org\/{rel}","templated":true}]}}