{"id":2756,"date":"2021-08-25T10:21:49","date_gmt":"2021-08-25T10:21:49","guid":{"rendered":"https:\/\/taizypackaging.com\/?p=2756"},"modified":"2024-07-16T17:50:16","modified_gmt":"2024-07-16T09:50:16","slug":"yogurt-cup-filling-and-sealing-machine","status":"publish","type":"product","link":"https:\/\/taizypackaging.com\/es\/yogurt-cup-filling-and-sealing-machine\/","title":{"rendered":"M\u00e1quina llenadora y selladora de vasos de yogur"},"content":{"rendered":"<div class=\"kk-star-ratings kksr-auto kksr-align-left kksr-valign-top\"     data-payload='{&quot;align&quot;:&quot;left&quot;,&quot;id&quot;:&quot;2756&quot;,&quot;slug&quot;:&quot;default&quot;,&quot;valign&quot;:&quot;top&quot;,&quot;ignore&quot;:&quot;&quot;,&quot;reference&quot;:&quot;auto&quot;,&quot;class&quot;:&quot;&quot;,&quot;count&quot;:&quot;12&quot;,&quot;legendonly&quot;:&quot;&quot;,&quot;readonly&quot;:&quot;&quot;,&quot;score&quot;:&quot;4.6&quot;,&quot;starsonly&quot;:&quot;&quot;,&quot;best&quot;:&quot;5&quot;,&quot;gap&quot;:&quot;5&quot;,&quot;greet&quot;:&quot;Rate this product&quot;,&quot;legend&quot;:&quot;4.6\\\/5 - (12 votos)&quot;,&quot;size&quot;:&quot;24&quot;,&quot;title&quot;:&quot;Yogurt Cup Filling and Sealing Machine&quot;,&quot;width&quot;:&quot;130.9&quot;,&quot;_legend&quot;:&quot;{score}\\\/{best} - ({count} {votes})&quot;,&quot;font_factor&quot;:&quot;1.25&quot;}'>              <div class=\"kksr-stars\">      <div class=\"kksr-stars-inactive\">             <div class=\"kksr-star\" data-star=\"1\" style=\"padding-right: 5px\">               <div class=\"kksr-icon\" style=\"width: 24px; height: 24px;\"><\/div>         <\/div>             <div class=\"kksr-star\" data-star=\"2\" style=\"padding-right: 5px\">               <div class=\"kksr-icon\" style=\"width: 24px; height: 24px;\"><\/div>         <\/div>             <div class=\"kksr-star\" data-star=\"3\" style=\"padding-right: 5px\">               <div class=\"kksr-icon\" style=\"width: 24px; height: 24px;\"><\/div>         <\/div>             <div class=\"kksr-star\" data-star=\"4\" style=\"padding-right: 5px\">               <div class=\"kksr-icon\" style=\"width: 24px; height: 24px;\"><\/div>         <\/div>             <div class=\"kksr-star\" data-star=\"5\" style=\"padding-right: 5px\">               <div class=\"kksr-icon\" style=\"width: 24px; height: 24px;\"><\/div>         <\/div>     <\/div>      <div class=\"kksr-stars-active\" style=\"width: 130.9px;\">             <div class=\"kksr-star\" style=\"padding-right: 5px\">               <div class=\"kksr-icon\" style=\"width: 24px; height: 24px;\"><\/div>         <\/div>             <div class=\"kksr-star\" style=\"padding-right: 5px\">               <div class=\"kksr-icon\" style=\"width: 24px; height: 24px;\"><\/div>         <\/div>             <div class=\"kksr-star\" style=\"padding-right: 5px\">               <div class=\"kksr-icon\" style=\"width: 24px; height: 24px;\"><\/div>         <\/div>             <div class=\"kksr-star\" style=\"padding-right: 5px\">               <div class=\"kksr-icon\" style=\"width: 24px; height: 24px;\"><\/div>         <\/div>             <div class=\"kksr-star\" style=\"padding-right: 5px\">               <div class=\"kksr-icon\" style=\"width: 24px; height: 24px;\"><\/div>         <\/div>     <\/div> <\/div>                   <div class=\"kksr-legend\" style=\"font-size: 19.2px;\">             4,6\/5 - (12 votos)    <\/div>     <\/div>  <p class=\"translation-block\"><strong>La yogur<\/strong> cup filling and sealing machine here is used for automatic yogurt cup packaging. In fact, this machine is not only suitable for yogurt filling and sealing, but also for many other items like milk, coffee, juice, ice cream, jam, and other beverages. It is ideal for small and medium projects. This automatic cup filling and sealing machine can complete the process of moving, filling, sealing, and finishing products. With the rotary design and advanced technology, the cup filling and sealing machine for yogurt has good performance and high efficiency. Besides, Taizy Packaging Machinery supports strong OEM services to meet your specific requirements. Leave our message and we will get back to you soon. <\/p>    <h2 class=\"wp-block-heading\">V\u00eddeo de funcionamiento de la m\u00e1quina llenadora de vasos de yogur.<\/h2>   <figure class=\"wp-block-embed-youtube wp-block-embed is-type-video is-provider-youtube wp-embed-aspect-16-9 wp-has-aspect-ratio\"><div class=\"lyte-wrapper fourthree\" title=\"M\u00e1quina de llenado y sellado de vasos para yogur tipo rotativo autom\u00e1tico fabricada en China\" style=\"width:960px;max-width:100%;margin:5px auto;\"><div class=\"lyMe hidef\" id=\"WYL_-WLq0PyuVQA\" itemprop=\"video\" itemscope itemtype=\"https:\/\/schema.org\/VideoObject\"><div><meta itemprop=\"thumbnailUrl\" content=\"https:\/\/taizypackaging.com\/wp-content\/plugins\/wp-youtube-lyte\/lyteCache.php?origThumbUrl=https%3A%2F%2Fi.ytimg.com%2Fvi%2F-WLq0PyuVQA%2Fmaxresdefault.jpg\" \/><meta itemprop=\"embedURL\" content=\"https:\/\/www.youtube.com\/embed\/-WLq0PyuVQA\" \/><meta itemprop=\"duration\" content=\"PT3M13S\" \/><meta itemprop=\"uploadDate\" content=\"2022-02-24T06:53:35Z\" \/><\/div><div id=\"lyte_-WLq0PyuVQA\" data-src=\"https:\/\/taizypackaging.com\/wp-content\/plugins\/wp-youtube-lyte\/lyteCache.php?origThumbUrl=https%3A%2F%2Fi.ytimg.com%2Fvi%2F-WLq0PyuVQA%2Fmaxresdefault.jpg\" class=\"pL\"><div class=\"tC\"><div class=\"tT\" itemprop=\"name\">M\u00e1quina de llenado y sellado de vasos para yogur tipo rotativo autom\u00e1tico fabricada en China<\/div><\/div><div class=\"play\"><\/div><div class=\"ctrl\"><div class=\"Lctrl\"><\/div><div class=\"Rctrl\"><\/div><\/div><\/div><noscript><a href=\"https:\/\/youtu.be\/-WLq0PyuVQA\" rel=\"nofollow noopener\" target=\"_blank\"><img loading=\"lazy\" decoding=\"async\" src=\"https:\/\/taizypackaging.com\/wp-content\/plugins\/wp-youtube-lyte\/lyteCache.php?origThumbUrl=https%3A%2F%2Fi.ytimg.com%2Fvi%2F-WLq0PyuVQA%2F0.jpg\" alt=\"M\u00e1quina de llenado y sellado de vasos para yogur tipo rotativo autom\u00e1tico fabricada en China\" width=\"960\" height=\"700\" \/><br \/>Watch this video on YouTube<\/a><\/noscript><meta itemprop=\"description\" content=\"#yogurtcupfilling #cupfillingmachine #fillingmachine EMAIL: info@taizypackaging.com TEL\/WHATSAPP: +86 18837171591 USEFUL LINK: https:\/\/taizypackaging.com\/yogurt-cup-filling-and-sealing-machine\/ This cup filling and sealing machine is designed for packing yogurt, water, fruit jams, coffee, dahi, etc. Yogurt filling and sealing machine is a packaging machine designed for beverage cup sealing. It can complete the process of automatic cup dropping, automatic filling, automatic film sealing, and automatic cup discharging. Easy to operate, stable performance, easy to maintain. It can be used as a stand-alone machine or connected to the production line. Automatic rotary filling and sealing machines for Packaging Solutions offer a competitive filling and sealing solution for liquid,semi-liquid and pasty food products. For example, oil, yogurt, fresh milk, milk tea, cosmetics, hair care products, fruit drinks, carbonated drinks, etc. Advantages of automatic rotary filling and sealing machine 1. The automatic rotary filling and sealing machine is fully functional and the smallest fully automatic machine with small space occupation. 2. The whole machine is made of stainless steel and aluminum alloy, sturdy and smooth, not easy to rust. 3. Advanced plc control system with display, support multiple languages. It is easy to understand the operation. 4. The electric eye automatically tracks and corrects the sealing position for precise film printing alignment. 5. The machine will stop automatically when it detects no cups to be filled and will start automatically when the cups are refilled. You may also interested in these videos: Automatic paste\/liquid filling machine: https:\/\/www.youtube.com\/watch?v=EwhasMp_vJI&amp;t=59s Automatic capping machine: https:\/\/www.youtube.com\/watch?v=w6hJUqlY1gk EMAIL: info@taizypackaging.com TEL\/WHATSAPP: +86 18837171591 USEFUL LINK: https:\/\/taizypackaging.com\/yogurt-cup-filling-and-sealing-machine\/\"><\/div><\/div><div class=\"lL\" style=\"max-width:100%;width:960px;margin:5px auto;\"><\/div><figcaption><\/figcaption><\/figure>   <h2 class=\"wp-block-heading\" id=\"h-the-brief-introduction-of-yogurt-cup-filling-and-sealing-machine\">\u00bfQu\u00e9 es una m\u00e1quina llenadora y selladora de vasos de yogur? <\/h2>    <p>La m\u00e1quina llenadora y selladora de yogur est\u00e1 dise\u00f1ada para envasar vasos de yogur. Adem\u00e1s, es adecuado para varias industrias, incluidas las de bebidas, alimentos y maquillaje. El yogur tiene una gran demanda en todo el mundo. Por lo tanto, la m\u00e1quina envasadora de yogur tiene una gran demanda y es popular. Puede completar el proceso de ca\u00edda, llenado, sellado de pel\u00edcula y descarga autom\u00e1tica de vasos. F\u00e1cil operaci\u00f3n y mantenimiento, buen rendimiento. La m\u00e1quina llenadora y selladora de yogur puede mejorar enormemente su eficiencia y beneficiar su proyecto. Si usted es due\u00f1o de su propio negocio de yogurt u otras bebidas, o es comerciante de m\u00e1quinas empacadoras, la m\u00e1quina llenadora y selladora de vasos de yogurt es una excelente opci\u00f3n para usted. <\/p>    <figure class=\"wp-block-image size-full\"><img decoding=\"async\" src=\"https:\/\/taizypackaging.com\/wp-content\/uploads\/2021\/08\/yougurt-cup-filling-and-sealing-machine.jpg\" alt=\"M\u00e1quina llenadora y selladora de vasos de yogur\" class=\"wp-image-4009\"\/><figcaption class=\"wp-element-caption\">M\u00e1quina llenadora y selladora de vasos de yogur<\/figcaption><\/figure>    <h2 class=\"wp-block-heading\" id=\"h-applications-of-yogurt-cup-filling-mad-sealing-machine\">Aplicaciones de la m\u00e1quina selladora loca de llenado de vasos de yogur<\/h2>    <p>Esta m\u00e1quina llenadora y selladora de vasos no solo es adecuada para yogur sino tambi\u00e9n para muchos productos, como aceite, yogur, leche fresca, t\u00e9 con leche, cosm\u00e9ticos, productos para el cuidado del cabello, bebidas de frutas, bebidas carbonatadas, helados, gelatinas, lassi y cuajada. , agua pura, agua mineral, caf\u00e9, jugo, salsa, mermelada, etc. La m\u00e1quina autom\u00e1tica de llenado y sellado de vasos rotativos tiene una gama bastante amplia de aplicaciones. Puede ser una gran herramienta para tu proyecto. <\/p>    <figure class=\"wp-block-image size-full\"><img decoding=\"async\" src=\"https:\/\/taizypackaging.com\/wp-content\/uploads\/2021\/08\/cup-filling-sealing-machine-applications.jpg\" alt=\"Aplicaciones de la m\u00e1quina llenadora y selladora de vasos\" class=\"wp-image-4000\"\/><figcaption class=\"wp-element-caption\">Aplicaciones de la m\u00e1quina llenadora y selladora de vasos<\/figcaption><\/figure>    <h2 class=\"wp-block-heading\" id=\"h-technical-parameters-of-kis-1800\">Par\u00e1metros de la m\u00e1quina llenadora y selladora de yogur. <\/h2>    <figure class=\"wp-block-table is-style-stripes\"><table><tbody><tr><td>Fuerza<\/td><td>220V\/1200W<\/td><\/tr><tr><td>Velocidad<\/td><td>800~900 botellas\/h(1600~1800 botellas\/h)<\/td><\/tr><tr><td>Presi\u00f3n<\/td><td>0,5 MPa-0,75 MPa<\/td><\/tr><tr><td>Consumo m\u00e1ximo de aire<\/td><td>0,45 m\u00b3\/m<\/td><\/tr><tr><td>Peso<\/td><td>350 kilos<\/td><\/tr><tr><td>Tama\u00f1o de la m\u00e1quina<\/td><td>100*<em>80<\/em>*120cm<\/td><\/tr><\/tbody><\/table><\/figure>    <p>Nota: Los par\u00e1metros se pueden personalizar seg\u00fan sus requisitos espec\u00edficos. <\/p>    <h2 class=\"wp-block-heading\" id=\"h-the-design-features-of-automatic-rotary-filling-and-sealing-machine\">Ventajas de la m\u00e1quina llenadora y selladora de vasos rotativa autom\u00e1tica Taizy<\/h2>    <ul class=\"wp-block-list\"> <li>La m\u00e1quina autom\u00e1tica de llenado y sellado rotativa es completamente funcional y es la m\u00e1quina completamente autom\u00e1tica m\u00e1s peque\u00f1a que ocupa poco espacio.<\/li>    <li>Toda la m\u00e1quina est\u00e1 hecha de acero inoxidable y aleaci\u00f3n de aluminio, resistente y suave, no se oxida f\u00e1cilmente.<\/li>    <li>Sistema de control PLC avanzado con pantalla, admite m\u00faltiples idiomas. Es f\u00e1cil entender el funcionamiento.<\/li>    <li>El ojo el\u00e9ctrico rastrea y corrige autom\u00e1ticamente la posici\u00f3n de sellado para una alineaci\u00f3n precisa de la impresi\u00f3n de la pel\u00edcula.<\/li>    <li>Cantidad de llenado precisa, alimentaci\u00f3n autom\u00e1tica mediante control del nivel de l\u00edquido del tambor de almacenamiento, limpieza autom\u00e1tica del tambor y llenado de la tuber\u00eda mediante CIP. Todas las tuber\u00edas cumplen con las normas sanitarias de calidad alimentaria.<\/li>    <li>La m\u00e1quina se detendr\u00e1 autom\u00e1ticamente cuando detecte que no hay vasos para llenar y se pondr\u00e1 en marcha autom\u00e1ticamente cuando se rellenen los vasos.<\/li> <\/ul>    <h2 class=\"wp-block-heading\">Estructura de la m\u00e1quina llenadora y selladora de vasos de yogur<\/h2>    <p>La m\u00e1quina llenadora y selladora de vasos de yogur se compone de un sistema de sellado, un sistema de llenado, un sistema de control PLC, un sistema autom\u00e1tico de ca\u00edda de vasos, un sistema de liberaci\u00f3n de pel\u00edcula, un sistema de descarga de vasos, etc. Todas estas piezas funcionan juntas, hay un llenado de vasos de yogur completamente autom\u00e1tico. m\u00e1quina de sellado disponible. Una gran pantalla t\u00e1ctil hace que sea muy f\u00e1cil de operar y configurar par\u00e1metros. Adem\u00e1s, el material duradero de acero inoxidable y la tecnolog\u00eda avanzada hacen que la m\u00e1quina llenadora y selladora de vasos tenga un buen rendimiento y una larga vida \u00fatil. <\/p>    <figure class=\"wp-block-image size-full\"><img decoding=\"async\" src=\"https:\/\/taizypackaging.com\/wp-content\/uploads\/2021\/08\/yogurt-packing-machine-structure.jpg\" alt=\"estructura de la m\u00e1quina envasadora de yogur\" class=\"wp-image-4018\"\/><figcaption class=\"wp-element-caption\">estructura de la m\u00e1quina envasadora de yogur<\/figcaption><\/figure>    <h2 class=\"wp-block-heading\" id=\"h-about-us\">Fabricante de m\u00e1quina autom\u00e1tica de llenado y sellado de vasos - Taizy Packaging<\/h2>    <p>La m\u00e1quina llenadora y selladora de vasos rotativa es una l\u00ednea de envasado de yogur completamente autom\u00e1tica que integra alimentaci\u00f3n, llenado, sellado y descarga de vasos. Esta m\u00e1quina est\u00e1 fabricada con un cuerpo de acero inoxidable, que cumple con los requisitos sanitarios y es f\u00e1cil de limpiar y lavar. Adem\u00e1s, es adecuado para sellar vasos de cremas y otros productos, y para sellar vasos de pl\u00e1stico, vasos de papel, vasos de aluminio y otros vasos y cajas.<\/p>    <p class=\"translation-block\"> Como fabricante y proveedor de m\u00e1quinas de envasado potentes, nuestra serie de productos cuenta con m\u00e1s de diez a\u00f1os de experiencia en producci\u00f3n. Con la tecnolog\u00eda avanzada, toda la m\u00e1quina utiliza el sistema de control y componentes neum\u00e1ticos de Jap\u00f3n, Taiw\u00e1n y muchas marcas famosas, que tienen las caracter\u00edsticas de baja tasa de fallos, rendimiento estable y larga vida \u00fatil. Adem\u00e1s, proporcionamos<a href=\"https:\/\/taizypackaging.com\/es\/category\/machines-category\/granule-packing-machine\/\" target=\"_blank\" rel=\"noreferrer noopener\"> granule packing machine<\/a>s, m\u00e1quinas de envasado de polvo, <a href=\"https:\/\/taizypackaging.com\/es\/category\/machines-category\/tea\/\" target=\"_blank\" rel=\"noreferrer noopener\">m\u00e1quina de envasado de t\u00e9<\/a>, etc. Bienvenido a contactarnos para una cotizaci\u00f3n gratuita. <\/p>","protected":false},"excerpt":{"rendered":"<p>La m\u00e1quina llenadora y selladora de vasos de yogur se utiliza para el envasado autom\u00e1tico de vasos de yogur. De hecho, esta m\u00e1quina no s\u00f3lo es adecuada para llenar y sellar yogur, sino tambi\u00e9n para muchos otros productos como leche, caf\u00e9, jugo, helado, mermelada y otras bebidas.<\/p>","protected":false},"author":1,"featured_media":4881,"parent":0,"template":"","tags":[607,606],"product-type":[662],"class_list":["post-2756","product","type-product","status-publish","has-post-thumbnail","hentry","tag-cup-filling-and-sealing-machine","tag-yogurt-cup-filling-and-sealing-machine","product-type-paste-packing-machines"],"_links":{"self":[{"href":"https:\/\/taizypackaging.com\/es\/wp-json\/wp\/v2\/product\/2756","targetHints":{"allow":["GET"]}}],"collection":[{"href":"https:\/\/taizypackaging.com\/es\/wp-json\/wp\/v2\/product"}],"about":[{"href":"https:\/\/taizypackaging.com\/es\/wp-json\/wp\/v2\/types\/product"}],"author":[{"embeddable":true,"href":"https:\/\/taizypackaging.com\/es\/wp-json\/wp\/v2\/users\/1"}],"wp:featuredmedia":[{"embeddable":true,"href":"https:\/\/taizypackaging.com\/es\/wp-json\/wp\/v2\/media\/4881"}],"wp:attachment":[{"href":"https:\/\/taizypackaging.com\/es\/wp-json\/wp\/v2\/media?parent=2756"}],"wp:term":[{"taxonomy":"post_tag","embeddable":true,"href":"https:\/\/taizypackaging.com\/es\/wp-json\/wp\/v2\/tags?post=2756"},{"taxonomy":"product-type","embeddable":true,"href":"https:\/\/taizypackaging.com\/es\/wp-json\/wp\/v2\/product-type?post=2756"}],"curies":[{"name":"wp","href":"https:\/\/api.w.org\/{rel}","templated":true}]}}