{"id":293,"date":"2020-08-27T07:59:15","date_gmt":"2020-08-27T07:59:15","guid":{"rendered":"https:\/\/taizypackaging.com\/?p=293"},"modified":"2024-07-16T16:44:43","modified_gmt":"2024-07-16T08:44:43","slug":"lapel-combination-packaging-machine","status":"publish","type":"product","link":"https:\/\/taizypackaging.com\/es\/lapel-combination-packaging-machine\/","title":{"rendered":"Empaquetadora pesadora multicabezal"},"content":{"rendered":"<div class=\"kk-star-ratings kksr-auto kksr-align-left kksr-valign-top\"     data-payload='{&quot;align&quot;:&quot;left&quot;,&quot;id&quot;:&quot;293&quot;,&quot;slug&quot;:&quot;default&quot;,&quot;valign&quot;:&quot;top&quot;,&quot;ignore&quot;:&quot;&quot;,&quot;reference&quot;:&quot;auto&quot;,&quot;class&quot;:&quot;&quot;,&quot;count&quot;:&quot;10&quot;,&quot;legendonly&quot;:&quot;&quot;,&quot;readonly&quot;:&quot;&quot;,&quot;score&quot;:&quot;4.8&quot;,&quot;starsonly&quot;:&quot;&quot;,&quot;best&quot;:&quot;5&quot;,&quot;gap&quot;:&quot;5&quot;,&quot;greet&quot;:&quot;Rate this product&quot;,&quot;legend&quot;:&quot;4.8\\\/5 - (10 votos)&quot;,&quot;size&quot;:&quot;24&quot;,&quot;title&quot;:&quot;Multihead Weigher Packing Machine&quot;,&quot;width&quot;:&quot;136.7&quot;,&quot;_legend&quot;:&quot;{score}\\\/{best} - ({count} {votes})&quot;,&quot;font_factor&quot;:&quot;1.25&quot;}'>              <div class=\"kksr-stars\">      <div class=\"kksr-stars-inactive\">             <div class=\"kksr-star\" data-star=\"1\" style=\"padding-right: 5px\">               <div class=\"kksr-icon\" style=\"width: 24px; height: 24px;\"><\/div>         <\/div>             <div class=\"kksr-star\" data-star=\"2\" style=\"padding-right: 5px\">               <div class=\"kksr-icon\" style=\"width: 24px; height: 24px;\"><\/div>         <\/div>             <div class=\"kksr-star\" data-star=\"3\" style=\"padding-right: 5px\">               <div class=\"kksr-icon\" style=\"width: 24px; height: 24px;\"><\/div>         <\/div>             <div class=\"kksr-star\" data-star=\"4\" style=\"padding-right: 5px\">               <div class=\"kksr-icon\" style=\"width: 24px; height: 24px;\"><\/div>         <\/div>             <div class=\"kksr-star\" data-star=\"5\" style=\"padding-right: 5px\">               <div class=\"kksr-icon\" style=\"width: 24px; height: 24px;\"><\/div>         <\/div>     <\/div>      <div class=\"kksr-stars-active\" style=\"width: 136.7px;\">             <div class=\"kksr-star\" style=\"padding-right: 5px\">               <div class=\"kksr-icon\" style=\"width: 24px; height: 24px;\"><\/div>         <\/div>             <div class=\"kksr-star\" style=\"padding-right: 5px\">               <div class=\"kksr-icon\" style=\"width: 24px; height: 24px;\"><\/div>         <\/div>             <div class=\"kksr-star\" style=\"padding-right: 5px\">               <div class=\"kksr-icon\" style=\"width: 24px; height: 24px;\"><\/div>         <\/div>             <div class=\"kksr-star\" style=\"padding-right: 5px\">               <div class=\"kksr-icon\" style=\"width: 24px; height: 24px;\"><\/div>         <\/div>             <div class=\"kksr-star\" style=\"padding-right: 5px\">               <div class=\"kksr-icon\" style=\"width: 24px; height: 24px;\"><\/div>         <\/div>     <\/div> <\/div>                   <div class=\"kksr-legend\" style=\"font-size: 19.2px;\">             4,8\/5 - (10 votos)    <\/div>     <\/div>  <p class=\"translation-block\"><strong>La m\u00e1quina de envasado con pesador multihead<\/strong> es una soluci\u00f3n de envasado de gran eficiencia. Puede aplicarse tanto a materiales alimentarios como no alimentarios, como patatas fritas, palomitas, frutos secos, granos, az\u00facar, caf\u00e9, sal, chocolate, herramientas, pl\u00e1sticos, etc. Con un alto grado de automatizaci\u00f3n y f\u00e1cil operaci\u00f3n, una m\u00e1quina de envasado con pesador multihead puede aumentar considerablemente su productividad y beneficiar su proyecto. Adem\u00e1s, adoptamos dispositivos de seguridad de emergencia para garantizar una operaci\u00f3n segura. Todas nuestras m\u00e1quinas est\u00e1n fabricadas con acero inoxidable, duraderas y fiables. Si posee una f\u00e1brica de alimentos, una m\u00e1quina pesadora de m\u00faltiples cabezas es definitivamente una buena opci\u00f3n. Cont\u00e1ctenos hoy para obtener m\u00e1s informaci\u00f3n.  <\/p>    <h2 class=\"wp-block-heading\" id=\"h-the-working-video-of-the-large-combination-weigher-packaging-machine\">El v\u00eddeo de funcionamiento de la m\u00e1quina envasadora con b\u00e1scula combinada grande<\/h2>   <figure class=\"wp-block-embed-youtube wp-block-embed is-type-video is-provider-youtube wp-embed-aspect-16-9 wp-has-aspect-ratio\"><div class=\"lyte-wrapper fourthree\" title=\"Empaquetadora pesadora multicabezal para chips | Empaquetadora autom\u00e1tica de chips\" style=\"width:960px;max-width:100%;margin:5px auto;\"><div class=\"lyMe hidef\" id=\"WYL_mfQQ28r7qzY\" itemprop=\"video\" itemscope itemtype=\"https:\/\/schema.org\/VideoObject\"><div><meta itemprop=\"thumbnailUrl\" content=\"https:\/\/taizypackaging.com\/wp-content\/plugins\/wp-youtube-lyte\/lyteCache.php?origThumbUrl=https%3A%2F%2Fi.ytimg.com%2Fvi%2FmfQQ28r7qzY%2Fmaxresdefault.jpg\" \/><meta itemprop=\"embedURL\" content=\"https:\/\/www.youtube.com\/embed\/mfQQ28r7qzY\" \/><meta itemprop=\"duration\" content=\"PT50S\" \/><meta itemprop=\"uploadDate\" content=\"2022-01-25T03:01:53Z\" \/><\/div><div id=\"lyte_mfQQ28r7qzY\" data-src=\"https:\/\/taizypackaging.com\/wp-content\/plugins\/wp-youtube-lyte\/lyteCache.php?origThumbUrl=https%3A%2F%2Fi.ytimg.com%2Fvi%2FmfQQ28r7qzY%2Fmaxresdefault.jpg\" class=\"pL\"><div class=\"tC\"><div class=\"tT\" itemprop=\"name\">Empaquetadora pesadora multicabezal para chips | Empaquetadora autom\u00e1tica de chips<\/div><\/div><div class=\"play\"><\/div><div class=\"ctrl\"><div class=\"Lctrl\"><\/div><div class=\"Rctrl\"><\/div><\/div><\/div><noscript><a href=\"https:\/\/youtu.be\/mfQQ28r7qzY\" rel=\"nofollow noopener\" target=\"_blank\"><img loading=\"lazy\" decoding=\"async\" src=\"https:\/\/taizypackaging.com\/wp-content\/plugins\/wp-youtube-lyte\/lyteCache.php?origThumbUrl=https%3A%2F%2Fi.ytimg.com%2Fvi%2FmfQQ28r7qzY%2F0.jpg\" alt=\"Empaquetadora pesadora multicabezal para chips | Empaquetadora autom\u00e1tica de chips\" width=\"960\" height=\"700\" \/><br \/>Watch this video on YouTube<\/a><\/noscript><meta itemprop=\"description\" content=\"#chipspacking #multiheadweigher #packingbusiness EMAIL: info@taizypackaging.com TEL\/WHATSAPP: +86 18837171591 WEBSITE:https:\/\/taizypackaging.com\/lapel-combination-packaging-machine\/ This is a kind of multihead weigher packing machine for chips. It has absolutely a high efficiency and good performance. It can be applied to both food and non-food materials like chips, popcorn, nut, grains, sugar, coffee, salt, chocolate, hardware, plastic, etc. With a high degree of automation level and easy operation, a muli-head weigher pouch packing machine can greatly enhance your productivity and benefit your project. Generally, a multi-head weigher packing machine mainly consists of two parts, a feeding system, and a packaging system. They include a Z-type conveyor, multi head weigher, working platform, packaging machine, and output conveyor. You may also like these videos: Automatic small granule packing machine: https:\/\/www.youtube.com\/watch?v=RdSqEhdiWzU Premade bag packing machine: https:\/\/www.youtube.com\/watch?v=Xqb5_CFb_H8&amp;t=3s EMAIL: info@taizypackaging.com TEL\/WHATSAPP: +86 18837171591\"><\/div><\/div><div class=\"lL\" style=\"max-width:100%;width:960px;margin:5px auto;\"><\/div><figcaption><\/figcaption><\/figure>   <h2 class=\"wp-block-heading\" id=\"h-wide-applications-of-multi-head-weigher-packing-machine\">Amplias aplicaciones de la m\u00e1quina empacadora pesadora de cabezales m\u00faltiples<\/h2>    <p id=\"h-large-combination-weigher-packaging-machine-from-taizy-machinery-company-is-suitable-for-packaging-it-can-be-used-to-package-puffed-food-potato-chips-french-fries-peanuts-melon-seeds-msg-tea-dried-fruits-biscuits-cereals-hardware-plastics-and-other-granular-flake-strip-irregular-shapes-and-other-objects-it-can-be-wrapped-up-to-2-5-kg-so-how-do-you-pack-a-large-item-you-can-choose-this-machine-this-machine-is-the-first-choice-when-you-pack-fragile-items-for-example-potato-chips-french-fries-nigerian-chinchin-and-other-snacks\" class=\"translation-block\"><strong>Una m\u00e1quina de envasado combinada con pesadores multihead<\/strong> es adecuada para envasar varios productos granulados. Puede usarse para envasar alimentos crujientes, patatas fritas, patatas a la francesa, cacahuates, granos, snacks, semillas de mel\u00f3n, t\u00e9, frutos secos, galletas, cereales, herramientas, pl\u00e1sticos y muchos otros granulados. Una m\u00e1quina pesadora multihead se utiliza com\u00fanmente en la industria alimentaria. Al utilizar material de grado alimentario y tecnolog\u00eda avanzada, es segura y fiable. Mientras tanto, ofrecemos varios equipos de soporte para adaptarnos a sus necesidades. Por ejemplo, existe un dispositivo de llenado con nitr\u00f3geno para mantener los productos crujientes y f\u00e1ciles de transportar. <\/p>    <figure class=\"wp-block-image alignnone wp-image-825 size-full\"><img decoding=\"async\" src=\"https:\/\/taizypackaging.com\/wp-content\/uploads\/2020\/08\/packing-snacks-2.jpg\" alt=\"embalaje de bocadillos\" class=\"wp-image-825\"\/><figcaption class=\"wp-element-caption\">aplicaci\u00f3n de envasado de alimentos<\/figcaption><\/figure>    <h2 class=\"wp-block-heading\" id=\"h-types-of-multihead-weigher-vffs-packing-machine-for-sale\">Tipos de m\u00e1quinas empacadoras VFFS con pesadora multicabezal a la venta <\/h2>    <p class=\"translation-block\">La m\u00e1quina de envasado con pesador multihead es diferente de muchas otras <a href=\"https:\/\/taizypackaging.com\/es\/granule-packaging-machine\/\">m\u00e1quinas de envasado vertical en formato<\/a>. La m\u00e1quina puede equiparse con diferentes sistemas de alimentaci\u00f3n. Normalmente usamos pesadores de 4, 10 y 14 cabezas. Diferentes pesadores multihead tienen beneficios y aplicaciones diferentes. Por ejemplo, una m\u00e1quina envasadora con pesador de 14 cabezas es m\u00e1s eficiente que una de 4 cabezas. Sin embargo, su costo es relativamente mayor. Adem\u00e1s, hay tres tipos de sistemas de envasado para esta m\u00e1quina, TH-420, TH-520 y TH-720. Son adecuados para longitudes de bolsa, anchos de bolsa y velocidades de envasado. \u00bfSabe cu\u00e1l es la mejor para su proyecto? Env\u00edenos un correo o ll\u00e1menos para obtener orientaci\u00f3n profesional de compra. <\/p>    <figure class=\"wp-block-image size-large\"><img decoding=\"async\" src=\"https:\/\/taizypackaging.com\/wp-content\/uploads\/2020\/08\/large-combination-weigher-packaging-machine-1.jpg\" alt=\"M\u00e1quina envasadora de pesaje combinada grande\" class=\"wp-image-709\"\/><figcaption class=\"wp-element-caption\">M\u00e1quina empacadora y pesadora combinada multicabezal<\/figcaption><\/figure>    <h2 class=\"wp-block-heading\" id=\"taizy-multihead-weigher-machine-parameters\">Par\u00e1metros de la m\u00e1quina pesadora multicabezal Taizy<\/h2>    <figure class=\"wp-block-table\"><table><tbody><tr><td>Tipo<\/td><td>TH420<\/td><td>TH520<\/td><td>TH720<\/td><\/tr><tr><td>Longitud del saco<\/td><td>80-300 mm<\/td><td>80-400 mm<\/td><td>100-400 mm<\/td><\/tr><tr><td>Ancho de la bolsa<\/td><td>50-200 mm<\/td><td>80-250 mm<\/td><td>180-350 mm<\/td><\/tr><tr><td>Ancho m\u00e1ximo del rollo de pel\u00edcula<\/td><td>420 mm<\/td><td>520 mm<\/td><td>720 mm<\/td><\/tr><tr><td>Velocidad de embalaje<\/td><td>5-30 bolsas\/minuto<\/td><td>5-50 bolsas\/minuto<\/td><td>5-50 bolsas\/minuto<\/td><\/tr><tr><td>Consumo de aire<\/td><td>0,65 mpa<\/td><td>0,65 mpa<\/td><td>0,65 mpa<\/td><\/tr><tr><td>Consumo de gas<\/td><td>0,3 m\u00b3\/min<\/td><td>0,4 m\u00b3\/min<\/td><td>0,4 m\u00b3\/min<\/td><\/tr><tr><td>Tensi\u00f3n de alimentaci\u00f3n<\/td><td>220V<\/td><td>220 VCA\/50 HZ<\/td><td>220 VCA\/50 HZ<\/td><\/tr><tr><td>Dimensi\u00f3n<\/td><td>(Largo)1320*(Ancho)950*(Alto)1360<\/td><td>(Largo)1150\u00d7(Ancho)1795\u00d7(Alto)1650mm<\/td><td>(Largo)1780\u00d7(Ancho)1350\u00d7(Alto)1950mm<\/td><\/tr><\/tbody><\/table><\/figure>    <h2 class=\"wp-block-heading\" id=\"h-structures-of-multihead-weigher-packaging-machine\">Estructuras de la m\u00e1quina envasadora con pesadora multicabezal<\/h2>    <p>Generalmente, una m\u00e1quina empacadora pesadora de cabezales m\u00faltiples consta principalmente de dos partes, un sistema de alimentaci\u00f3n y un sistema de empaque.  Incluyen un elevador tipo Z, una pesadora multicabezal, una plataforma de trabajo, una m\u00e1quina empacadora y un transportador de salida. Se agrupan para lograr el proceso autom\u00e1tico de alimentaci\u00f3n, pesaje, llenado, sellado y corte. Equipada con una pesadora de 10 cabezales o una pesadora de 14 cabezales, es s\u00faper eficiente y confiable. Como fabricante s\u00f3lido de m\u00e1quinas pesadoras multicabezal, brindamos un excelente servicio de m\u00e1quinas empacadoras est\u00e1ndar y personalizadas. \u00bfEst\u00e1s interesado en esta m\u00e1quina? Ponte en contacto con nosotros para m\u00e1s informaci\u00f3n. <\/p>    <figure class=\"wp-block-image size-full\"><img decoding=\"async\" src=\"https:\/\/taizypackaging.com\/wp-content\/uploads\/2020\/08\/multihead-weigher-machine-structure.jpg\" alt=\"estructura de la m\u00e1quina pesadora multicabezal\" class=\"wp-image-3298\"\/><figcaption class=\"wp-element-caption\">estructura de la m\u00e1quina pesadora de cabezales m\u00faltiples<\/figcaption><\/figure>   <h2>Estilos de paquete de la m\u00e1quina empacadora pesadora multicabezal<\/h2> <p>Los estilos de empaque de la m\u00e1quina empacadora con b\u00e1scula vertical combinada grande est\u00e1n diversificados. Puede ser sellado hacia atr\u00e1s, pero existen diferencias de tama\u00f1o.<\/p> <figure id=\"attachment_1126\" aria-describedby=\"caption-attachment-1126\" style=\"width: 720px\" class=\"wp-caption alignnone\"><img loading=\"lazy\" decoding=\"async\" class=\"wp-image-1126 size-full\" src=\"https:\/\/taizypackaging.com\/wp-content\/uploads\/2020\/08\/back-sealing.jpg\" alt=\"sellado posterior\" width=\"720\" height=\"540\"><figcaption id=\"caption-attachment-1126\" class=\"wp-caption-text\">tipos de bolsas<\/figcaption><\/figure> <h2 id=\"h-the-advantages-of-large-packaging-machine\">Ventajas de la m\u00e1quina empacadora pesadora multicabezal<\/h2>   <ol class=\"wp-block-list\" type=\"1\"> <li>Esta m\u00e1quina empacadora adopta un termopar para controlar la temperatura del sellado horizontal y vertical.<\/li>    <li>Adopta un host neum\u00e1tico con gran potencia.<\/li>    <li>La rueda de extracci\u00f3n de membrana est\u00e1 hecha de material de caucho, lo que hace que la bolsa de embalaje sea m\u00e1s grande. La rueda de extracci\u00f3n de pel\u00edcula est\u00e1 hecha de material de caucho, lo que hace que la bolsa de embalaje sea m\u00e1s suave.<\/li>    <li>El embalaje de la m\u00e1quina es impecable y estable.<\/li>    <li>El interior de la pel\u00edcula de embalaje est\u00e1 hecho de una pel\u00edcula termosellable, que es conveniente para sellar.<\/li>    <li>Puede equiparse con un dispositivo perforador para que la bolsa de embalaje sea adecuada para colgar en supermercados.<\/li>    <li>Puede equiparse con un inflador para envasar art\u00edculos fr\u00e1giles como patatas fritas, patatas chips, snacks inflados, etc.<\/li> <\/ol>    <h2 class=\"wp-block-heading\" id=\"h-multihead-weigher-working-principle\">Principio de funcionamiento de la pesadora multicabezal <\/h2>    <p>La pesadora multicabezal, o llamada b\u00e1scula combinada por computadora, a menudo utiliza diferentes cabezales de pesaje para medir el peso preciso del producto. La escala en la parte superior de la combinaci\u00f3n de productos mucho despu\u00e9s de que el equilibrio de los sistemas de dispersi\u00f3n internos comience a funcionar. El sistema distribuir\u00e1 los productos con la ayuda de la placa de alimentaci\u00f3n lineal, diferentes alimentadores lineales transportar\u00e1n los productos a la tolva. Por ejemplo, si est\u00e1 utilizando una m\u00e1quina empacadora y pesadora de 14 cabezales, normalmente habr\u00e1 14 alimentadores lineales para transportar el producto a 14 tolvas despu\u00e9s de que el producto se transfiera a la tolva. <\/p>    <h2 class=\"wp-block-heading\" id=\"h-customer-case\">M\u00e1quina empacadora con pesadora multicabezal exportada a Malasia<\/h2>    <p>Tenemos un cliente en Malasia que utiliza esta m\u00e1quina para envasar 1,5 kg de detergente en polvo. Adem\u00e1s, a\u00f1adi\u00f3 un dispositivo que perfora el \u00e1ngulo de las puntas. Como es proveedor de un supermercado, envasaba detergente en polvo para abastecer el supermercado.<\/p>    <figure class=\"wp-block-image size-full\"><img decoding=\"async\" src=\"https:\/\/taizypackaging.com\/wp-content\/uploads\/2020\/08\/multihead-weigher-packing-machine-factory.jpg\" alt=\"F\u00e1brica de m\u00e1quinas empacadoras pesadoras multicabezales\" class=\"wp-image-3306\"\/><figcaption class=\"wp-element-caption\">F\u00e1brica de m\u00e1quinas empacadoras pesadoras de cabezales m\u00faltiples<\/figcaption><\/figure>    <h2 class=\"wp-block-heading\" id=\"h-conclusion\">Conclusi\u00f3n<\/h2>    <p class=\"translation-block\">La m\u00e1quina envasadora pesadora multihead es una gran herramienta de envasado con una eficacia muy alta. Sin duda puede beneficiar a su negocio de alimentos. Con un material duradero y tecnolog\u00eda avanzada, nuestras m\u00e1quinas pesadoras multihead tienen un buen rendimiento y una larga vida \u00fatil. Adem\u00e1s, la pesadora multihead y la <a href=\"https:\/\/taizypackaging.com\/es\/\">m\u00e1quina de envasar<\/a> se pueden vender por separado. Ofrecemos servicios de personalizaci\u00f3n s\u00f3lidos para cumplir con sus requisitos espec\u00edficos. \u00bfEst\u00e1 buscando una m\u00e1quina de pesadora multihead de calidad para obtener m\u00e1s beneficios? Deje sus requisitos y le responderemos lo antes posible. <\/p>","protected":false},"excerpt":{"rendered":"<p>Multihead weigher packing machine is a super-efficient packaging solution. It can be applied to both food and non-food materials like chips, popcorn, nuts, grains, sugar, coffee, salt, chocolate, hardware, plastic, etc. With a high degree of automation level and easy operation, a muli-head weigher pouch packing machine can greatly enhance your productivity and benefit your [&hellip;]<\/p>\n","protected":false},"author":1,"featured_media":710,"parent":0,"template":"","tags":[594,593],"product-type":[659],"class_list":["post-293","product","type-product","status-publish","has-post-thumbnail","hentry","tag-multihead-weigher-machine","tag-multihead-weigher-packing-machine","product-type-granule-packing-machines"],"_links":{"self":[{"href":"https:\/\/taizypackaging.com\/es\/wp-json\/wp\/v2\/product\/293","targetHints":{"allow":["GET"]}}],"collection":[{"href":"https:\/\/taizypackaging.com\/es\/wp-json\/wp\/v2\/product"}],"about":[{"href":"https:\/\/taizypackaging.com\/es\/wp-json\/wp\/v2\/types\/product"}],"author":[{"embeddable":true,"href":"https:\/\/taizypackaging.com\/es\/wp-json\/wp\/v2\/users\/1"}],"wp:featuredmedia":[{"embeddable":true,"href":"https:\/\/taizypackaging.com\/es\/wp-json\/wp\/v2\/media\/710"}],"wp:attachment":[{"href":"https:\/\/taizypackaging.com\/es\/wp-json\/wp\/v2\/media?parent=293"}],"wp:term":[{"taxonomy":"post_tag","embeddable":true,"href":"https:\/\/taizypackaging.com\/es\/wp-json\/wp\/v2\/tags?post=293"},{"taxonomy":"product-type","embeddable":true,"href":"https:\/\/taizypackaging.com\/es\/wp-json\/wp\/v2\/product-type?post=293"}],"curies":[{"name":"wp","href":"https:\/\/api.w.org\/{rel}","templated":true}]}}