{"id":392,"date":"2020-09-10T01:59:30","date_gmt":"2020-09-10T01:59:30","guid":{"rendered":"https:\/\/taizypackaging.com\/?p=392"},"modified":"2024-07-17T18:00:41","modified_gmt":"2024-07-17T10:00:41","slug":"vacuum-packing-machine-2","status":"publish","type":"product","link":"https:\/\/taizypackaging.com\/es\/vacuum-packing-machine\/","title":{"rendered":"M\u00e1quina de envasado al vac\u00edo de escritorio"},"content":{"rendered":"<div class=\"kk-star-ratings kksr-auto kksr-align-left kksr-valign-top\"     data-payload='{&quot;align&quot;:&quot;left&quot;,&quot;id&quot;:&quot;392&quot;,&quot;slug&quot;:&quot;default&quot;,&quot;valign&quot;:&quot;top&quot;,&quot;ignore&quot;:&quot;&quot;,&quot;reference&quot;:&quot;auto&quot;,&quot;class&quot;:&quot;&quot;,&quot;count&quot;:&quot;13&quot;,&quot;legendonly&quot;:&quot;&quot;,&quot;readonly&quot;:&quot;&quot;,&quot;score&quot;:&quot;4.7&quot;,&quot;starsonly&quot;:&quot;&quot;,&quot;best&quot;:&quot;5&quot;,&quot;gap&quot;:&quot;5&quot;,&quot;greet&quot;:&quot;Rate this product&quot;,&quot;legend&quot;:&quot;4.7\\\/5 - (13 votos)&quot;,&quot;size&quot;:&quot;24&quot;,&quot;title&quot;:&quot;Desktop Vacuum Packaging Machine&quot;,&quot;width&quot;:&quot;133.8&quot;,&quot;_legend&quot;:&quot;{score}\\\/{best} - ({count} {votes})&quot;,&quot;font_factor&quot;:&quot;1.25&quot;}'>              <div class=\"kksr-stars\">      <div class=\"kksr-stars-inactive\">             <div class=\"kksr-star\" data-star=\"1\" style=\"padding-right: 5px\">               <div class=\"kksr-icon\" style=\"width: 24px; height: 24px;\"><\/div>         <\/div>             <div class=\"kksr-star\" data-star=\"2\" style=\"padding-right: 5px\">               <div class=\"kksr-icon\" style=\"width: 24px; height: 24px;\"><\/div>         <\/div>             <div class=\"kksr-star\" data-star=\"3\" style=\"padding-right: 5px\">               <div class=\"kksr-icon\" style=\"width: 24px; height: 24px;\"><\/div>         <\/div>             <div class=\"kksr-star\" data-star=\"4\" style=\"padding-right: 5px\">               <div class=\"kksr-icon\" style=\"width: 24px; height: 24px;\"><\/div>         <\/div>             <div class=\"kksr-star\" data-star=\"5\" style=\"padding-right: 5px\">               <div class=\"kksr-icon\" style=\"width: 24px; height: 24px;\"><\/div>         <\/div>     <\/div>      <div class=\"kksr-stars-active\" style=\"width: 133.8px;\">             <div class=\"kksr-star\" style=\"padding-right: 5px\">               <div class=\"kksr-icon\" style=\"width: 24px; height: 24px;\"><\/div>         <\/div>             <div class=\"kksr-star\" style=\"padding-right: 5px\">               <div class=\"kksr-icon\" style=\"width: 24px; height: 24px;\"><\/div>         <\/div>             <div class=\"kksr-star\" style=\"padding-right: 5px\">               <div class=\"kksr-icon\" style=\"width: 24px; height: 24px;\"><\/div>         <\/div>             <div class=\"kksr-star\" style=\"padding-right: 5px\">               <div class=\"kksr-icon\" style=\"width: 24px; height: 24px;\"><\/div>         <\/div>             <div class=\"kksr-star\" style=\"padding-right: 5px\">               <div class=\"kksr-icon\" style=\"width: 24px; height: 24px;\"><\/div>         <\/div>     <\/div> <\/div>                   <div class=\"kksr-legend\" style=\"font-size: 19.2px;\">             4,7\/5 - (13 votos)    <\/div>     <\/div>  <p class=\"translation-block\">La <strong>m\u00e1quina de envasado al vac\u00edo de sobremesa<\/strong> tambi\u00e9n se denomina selladora de vac\u00edo port\u00e1til. Es muy conveniente para el envasado al vac\u00edo de alimentos tanto para uso comercial como dom\u00e9stico. Una m\u00e1quina de envasado al vac\u00edo de sobremesa tiene caracter\u00edsticas de tama\u00f1o peque\u00f1o, bajo costo y buen rendimiento. Puede extender considerablemente la vida \u00fatil de los alimentos y tambi\u00e9n es f\u00e1cil de transportar. Por lo tanto, esta m\u00e1quina es bastante ideal para su peque\u00f1a f\u00e1brica o aplicaciones dom\u00e9sticas. Adem\u00e1s, el mercado de las m\u00e1quinas de envasado al vac\u00edo est\u00e1 creciendo a\u00f1o tras a\u00f1o. \u00bfQuiere iniciar su proyecto o ser nuestro agente? P\u00f3ngase en contacto con nosotros hoy mismo para obtener m\u00e1s informaci\u00f3n. <\/p>    <h2 class=\"wp-block-heading\" id=\"h-applications-of-vacuum-packing-machine\">Aplicaciones de la m\u00e1quina envasadora al vac\u00edo<\/h2>    <p>La m\u00e1quina envasadora al vac\u00edo de escritorio se utiliza principalmente para envasar todo tipo de alimentos, como muslos de pollo, jam\u00f3n, patas de pollo, carne, verduras, frutas, tiras picantes, filetes de pescado a la parrilla, cecina, salchichas, mariscos, l\u00edquidos, pastas, medicamentos, etc. Adem\u00e1s, tambi\u00e9n puede envasar al vac\u00edo ferreter\u00eda, pl\u00e1stico, etc. En una palabra, tiene una gama muy amplia de aplicaciones, tanto para productos alimentarios como no alimentarios. <\/p>    <figure class=\"wp-block-image size-full\"><img decoding=\"async\" src=\"https:\/\/taizypackaging.com\/wp-content\/uploads\/2020\/09\/desktop-vacuum-packing-machine-applications.jpg\" alt=\"Aplicaciones de la m\u00e1quina envasadora al vac\u00edo de escritorio.\" class=\"wp-image-4078\"\/><figcaption>Aplicaciones de la m\u00e1quina envasadora al vac\u00edo de escritorio.<\/figcaption><\/figure>    <h2 class=\"wp-block-heading\" id=\"h-quality-desktop-vacuum-packaging-machine-for-sale\">M\u00e1quina de envasado al vac\u00edo de escritorio de calidad a la venta <\/h2>    <p class=\"translation-block\">La m\u00e1quina de envasado al vac\u00edo es cada vez m\u00e1s popular en todo el mundo. Muchas familias la utilizan para envasar alimentos al vac\u00edo. As\u00ed, los productos alimenticios son f\u00e1ciles de almacenar y tienen una larga vida \u00fatil. Hay tres modelos de m\u00e1quinas de envasado al vac\u00edo de sobremesa disponibles en Taizy Packaging Machinery, DZ-260A, DZ-260B y DZ-260C. Tienen diferentes potencias de bomba de vac\u00edo y tama\u00f1os de c\u00e1mara de vac\u00edo. Cu\u00e1l es adecuada debe ser de acuerdo a su situaci\u00f3n real. Adem\u00e1s, ofrecemos excelentes m\u00e1quinas de envasado al vac\u00edo industriales en venta, como <a href=\"https:\/\/taizypackaging.com\/es\/single-chamber-vacuum-packing-machine\/\">selladoras de vac\u00edo de c\u00e1mara simple<\/a> y <a href=\"https:\/\/taizypackaging.com\/es\/double-chamber-vacuum-packing-machine\/\">selladoras de vac\u00edo de c\u00e1mara doble<\/a>. Tienen alta eficiencia y son nuestras selladoras de vac\u00edo comerciales. Con una estructura simple y un dise\u00f1o perfecto, son f\u00e1ciles de operar y mantener. Env\u00edenos un correo electr\u00f3nico o ll\u00e1menos para obtener la mejor cotizaci\u00f3n.<\/p>    <figure class=\"wp-block-image size-full\"><img decoding=\"async\" src=\"https:\/\/taizypackaging.com\/wp-content\/uploads\/2020\/09\/portable-vacuum-packaging-machine.jpg\" alt=\"m\u00e1quina de envasado al vac\u00edo port\u00e1til\" class=\"wp-image-3318\"\/><figcaption>m\u00e1quina de envasado al vac\u00edo port\u00e1til<\/figcaption><\/figure>    <h2 class=\"wp-block-heading\" id=\"h-parameters-of-taizy-desktop-vacuum-packing-machine\">Par\u00e1metros de la m\u00e1quina envasadora al vac\u00edo de escritorio Taizy<\/h2>    <figure class=\"wp-block-table\"><table><tbody><tr><td>Modelo<\/td><td>DZ-260A<\/td><td>DZ-260B<\/td><td>DZ-260C<\/td><\/tr><tr><td>Fuente de alimentaci\u00f3n<\/td><td>CA 220 V\/50 Hz 110 V\/60 Hz.<\/td><td>CA 220 V\/50 Hz 110 V\/60 Hz.<\/td><td>CA 220 V\/50 Hz 110 V\/60 Hz.<\/td><\/tr><tr><td>Potencia de la bomba de vac\u00edo<\/td><td>180W<\/td><td>180W<\/td><td>120W<\/td><\/tr><tr><td>Poder de termosellado<\/td><td>260W<\/td><td>260W<\/td><td>260W<\/td><\/tr><tr><td>Tama\u00f1o de la sala de vac\u00edo<\/td><td>390*285*50mm<\/td><td>390*285*50mm<\/td><td>330*270*50mm<\/td><\/tr><tr><td>Material de la sala de vac\u00edo.<\/td><td>Acero inoxidable<\/td><td>Acero inoxidable<\/td><td>Acero inoxidable<\/td><\/tr><tr><td>Tama\u00f1o de la m\u00e1quina<\/td><td>490*340*380mm<\/td><td>490*340*380mm<\/td><td>405*320*340mm<\/td><\/tr><\/tbody><\/table><\/figure>    <h2 class=\"wp-block-heading\" id=\"h-structure-details-of-table-top-vacuum-packaging-machine\">Detalles de la estructura de la m\u00e1quina de envasado al vac\u00edo de mesa<\/h2>    <p>Una m\u00e1quina de envasado al vac\u00edo de escritorio consta principalmente de una sala de vac\u00edo, una bomba de vac\u00edo, un panel de control, una tira de sellado, un cuerpo de acero inoxidable y una cubierta transparente. Una estructura simple y un dise\u00f1o razonable garantizan el alto rendimiento de la m\u00e1quina de envasado al vac\u00edo port\u00e1til. <\/p>    <figure class=\"wp-block-image size-full\"><img decoding=\"async\" src=\"https:\/\/taizypackaging.com\/wp-content\/uploads\/2020\/09\/portable-vacuum-packing-machine-details.jpg\" alt=\"Detalles de la m\u00e1quina envasadora al vac\u00edo port\u00e1til\" class=\"wp-image-4079\"\/><figcaption>Detalles de la m\u00e1quina envasadora al vac\u00edo port\u00e1til<\/figcaption><\/figure>    <h2 class=\"wp-block-heading\" id=\"h-the-working-principle-of-desktop-vacuum-packaging-machine\">El principio de funcionamiento de la m\u00e1quina de envasado al vac\u00edo de escritorio<\/h2>    <p>La funci\u00f3n principal del envasado al vac\u00edo es eliminar el ox\u00edgeno para ayudar a prevenir el deterioro de los alimentos. As\u00ed pues, el principio de funcionamiento de una envasadora al vac\u00edo es relativamente sencillo. Debido a que el moho y la podredumbre de los alimentos son causados \u200b\u200bprincipalmente por microorganismos, la mayor\u00eda de los microorganismos (como el moho y las levaduras) necesitan ox\u00edgeno para sobrevivir. La m\u00e1quina de envasado al vac\u00edo utiliza este principio para extraer ox\u00edgeno de la bolsa de envasado y de las c\u00e9lulas de los alimentos, de modo que los microorganismos pierdan su entorno vital.<br>Los experimentos han demostrado que cuando la concentraci\u00f3n de ox\u00edgeno en la bolsa de embalaje es \u22641%, la velocidad de crecimiento y reproducci\u00f3n de los microorganismos disminuir\u00e1 dr\u00e1sticamente. Cuando la concentraci\u00f3n de ox\u00edgeno es \u22640,5%, la mayor\u00eda de los microorganismos se inhibir\u00e1n y dejar\u00e1n de reproducirse. Adem\u00e1s, el recipiente de esterilizaci\u00f3n se combina con nuestra m\u00e1quina envasadora al vac\u00edo. Y los productos despu\u00e9s del embalaje ingresan al recipiente de esterilizaci\u00f3n para su posterior esterilizaci\u00f3n. Por lo tanto, puede garantizar que los alimentos se puedan almacenar durante m\u00e1s tiempo.<\/p>    <h2 class=\"wp-block-heading\" id=\"h-advantages-of-small-vacuum-packing-machine\">Ventajas de la peque\u00f1a m\u00e1quina envasadora al vac\u00edo<\/h2>    <ul class=\"wp-block-list\"><li>Se elimina el aire (ox\u00edgeno) de la bolsa de embalaje, lo que puede evitar eficazmente que los alimentos se echen a perder.<\/li><li>Los materiales de embalaje con excelente hermeticidad, estricta tecnolog\u00eda de sellado y requisitos pueden prevenir eficazmente el intercambio de materiales en la bolsa de embalaje. Adem\u00e1s, puede evitar la p\u00e9rdida de peso y sabor de los alimentos y prevenir la contaminaci\u00f3n secundaria.<\/li><li>Se ha eliminado el gas del interior del recipiente de envasado al vac\u00edo, lo que acelera la transferencia de calor. Por lo tanto, puede mejorar la eficiencia de la esterilizaci\u00f3n por calor y evitar que el recipiente se rompa debido a la expansi\u00f3n del gas durante la esterilizaci\u00f3n por calor.<\/li><li>La operaci\u00f3n es simple y conveniente, y puede configurar una fecha de codificaci\u00f3n en la pantalla.<\/li><\/ul>    <div class=\"wp-block-columns is-layout-flex wp-container-core-columns-is-layout-9d6595d7 wp-block-columns-is-layout-flex\"> <div class=\"wp-block-column is-layout-flow wp-block-column-is-layout-flow\"> <figure class=\"wp-block-image size-full\"><img decoding=\"async\" src=\"https:\/\/taizypackaging.com\/wp-content\/uploads\/2020\/09\/quality-vacuum-pump.jpg\" alt=\"bomba de vac\u00edo de calidad\" class=\"wp-image-4082\"\/><figcaption>bomba de vac\u00edo de calidad<\/figcaption><\/figure> <\/div>    <div class=\"wp-block-column is-layout-flow wp-block-column-is-layout-flow\"> <figure class=\"wp-block-image size-full\"><img decoding=\"async\" src=\"https:\/\/taizypackaging.com\/wp-content\/uploads\/2020\/09\/PLC-control-panel.jpg\" alt=\"panel de control plc\" class=\"wp-image-4083\"\/><figcaption>panel de control plc<\/figcaption><\/figure> <\/div> <\/div>    <div class=\"wp-block-columns is-layout-flex wp-container-core-columns-is-layout-9d6595d7 wp-block-columns-is-layout-flex\"> <div class=\"wp-block-column is-layout-flow wp-block-column-is-layout-flow\"> <figure class=\"wp-block-image size-full\"><img decoding=\"async\" src=\"https:\/\/taizypackaging.com\/wp-content\/uploads\/2020\/09\/portable-size.jpg\" alt=\"tama\u00f1o port\u00e1til\" class=\"wp-image-4084\"\/><figcaption>tama\u00f1o port\u00e1til<\/figcaption><\/figure> <\/div>    <div class=\"wp-block-column is-layout-flow wp-block-column-is-layout-flow\"> <figure class=\"wp-block-image size-full\"><img decoding=\"async\" src=\"https:\/\/taizypackaging.com\/wp-content\/uploads\/2020\/09\/bag-styles.jpg\" alt=\"estilos de bolsos\" class=\"wp-image-4085\"\/><figcaption>estilos de bolsos<\/figcaption><\/figure> <\/div> <\/div>    <h2 class=\"wp-block-heading\" id=\"h-faq\">Preguntas m\u00e1s frecuentes<\/h2>    <div class=\"schema-faq wp-block-yoast-faq-block\"><div class=\"schema-faq-section\" id=\"faq-question-1642743549517\"><strong class=\"schema-faq-question\">1. \u00bfEsta m\u00e1quina es completamente autom\u00e1tica?<\/strong> <p class=\"schema-faq-answer\">No, de hecho, primero debemos colocar los art\u00edculos en la bolsa de la aspiradora y luego colocar la bolsa en la m\u00e1quina para aspirar la bolsa con el sello.<\/p> <\/div> <div class=\"schema-faq-section\" id=\"faq-question-1642743568200\"><strong class=\"schema-faq-question\">2. \u00bfSe pueden empacar todo tipo de bolsas?<\/strong> <p class=\"schema-faq-answer\">Por supuesto, nuestra m\u00e1quina de la empresa Taizy es adecuada para la mayor\u00eda de las bolsas de vac\u00edo. Tambi\u00e9n podemos proporcionarle bolsas de vac\u00edo si las necesita.<\/p> <\/div> <div class=\"schema-faq-section\" id=\"faq-question-1642743666041\"><strong class=\"schema-faq-question\">3. \u00bfExiste una m\u00e1quina de envasado al vac\u00edo m\u00e1s r\u00e1pida que \u00e9sta?<\/strong> <p class=\"schema-faq-answer\">S\u00ed, disponemos de envasadoras al vac\u00edo monoc\u00e1mara y doble c\u00e1mara. En comparaci\u00f3n, la eficiencia de envasado de esas dos m\u00e1quinas es mucho mayor que la de esta m\u00e1quina. Esta m\u00e1quina es m\u00e1s adecuada para la producci\u00f3n a peque\u00f1a escala y el precio es muy rentable. Si lo necesita, por favor cont\u00e1ctenos.<\/p> <\/div> <\/div>    <h2 class=\"wp-block-heading\" id=\"h-related-machines\">M\u00e1quinas relacionadas<\/h2>    <p>Como fabricante y proveedor l\u00edder de m\u00e1quinas empacadoras al vac\u00edo, ofrecemos varios tipos de selladoras al vac\u00edo para clientes de todo el mundo, m\u00e1quinas empacadoras al vac\u00edo de escritorio para el hogar, m\u00e1quinas empacadoras al vac\u00edo comerciales de habitaci\u00f3n individual y m\u00e1quinas empacadoras al vac\u00edo comerciales de habitaci\u00f3n doble. Tienen diferentes beneficios y precios. Cont\u00e1ctenos ahora para m\u00e1s detalles. <\/p>    <figure class=\"wp-block-image size-full\"><img decoding=\"async\" src=\"https:\/\/taizypackaging.com\/wp-content\/uploads\/2020\/09\/single-chamber-sealer-and-double-chamber-sealer.jpg\" alt=\"Sellador de una sola c\u00e1mara y sellador de doble c\u00e1mara.\" class=\"wp-image-4075\"\/><figcaption>Sellador de una sola c\u00e1mara y sellador de doble c\u00e1mara.<\/figcaption><\/figure>","protected":false},"excerpt":{"rendered":"<p>Las m\u00e1quinas envasadoras al vac\u00edo se utilizan en diversas industrias, la mayor\u00eda de las cuales se utilizan en el envasado en la industria alimentaria. Como por ejemplo el envasado al vac\u00edo de carne, el envasado al vac\u00edo de huevos estofados, el envasado al vac\u00edo de salchichas, el envasado al vac\u00edo de muslos de pollo, el envasado al vac\u00edo de ma\u00edz, etc. La innovaci\u00f3n tecnol\u00f3gica de las envasadoras al vac\u00edo ha mejorado continuamente nuestra calidad de vida.<\/p>","protected":false},"author":1,"featured_media":2629,"parent":0,"template":"","tags":[65,98,99,162,175,203,204,272,390,405,440,443,513],"product-type":[666],"class_list":["post-392","product","type-product","status-publish","has-post-thumbnail","hentry","tag-beef-jerky","tag-chicken-feet","tag-chicken-legs","tag-flowers","tag-fresh-fruits","tag-grilled-fish-fillets","tag-ham","tag-meat","tag-rice","tag-sausages","tag-spiced-corned-egg","tag-spicy-strips","tag-vegetables","product-type-vacuum-packaging-machines"],"_links":{"self":[{"href":"https:\/\/taizypackaging.com\/es\/wp-json\/wp\/v2\/product\/392","targetHints":{"allow":["GET"]}}],"collection":[{"href":"https:\/\/taizypackaging.com\/es\/wp-json\/wp\/v2\/product"}],"about":[{"href":"https:\/\/taizypackaging.com\/es\/wp-json\/wp\/v2\/types\/product"}],"author":[{"embeddable":true,"href":"https:\/\/taizypackaging.com\/es\/wp-json\/wp\/v2\/users\/1"}],"wp:featuredmedia":[{"embeddable":true,"href":"https:\/\/taizypackaging.com\/es\/wp-json\/wp\/v2\/media\/2629"}],"wp:attachment":[{"href":"https:\/\/taizypackaging.com\/es\/wp-json\/wp\/v2\/media?parent=392"}],"wp:term":[{"taxonomy":"post_tag","embeddable":true,"href":"https:\/\/taizypackaging.com\/es\/wp-json\/wp\/v2\/tags?post=392"},{"taxonomy":"product-type","embeddable":true,"href":"https:\/\/taizypackaging.com\/es\/wp-json\/wp\/v2\/product-type?post=392"}],"curies":[{"name":"wp","href":"https:\/\/api.w.org\/{rel}","templated":true}]}}