{"id":403,"date":"2020-09-10T07:01:03","date_gmt":"2020-09-10T07:01:03","guid":{"rendered":"https:\/\/taizypackaging.com\/?p=403"},"modified":"2024-07-17T17:44:44","modified_gmt":"2024-07-17T09:44:44","slug":"tea-packaging-machine","status":"publish","type":"product","link":"https:\/\/taizypackaging.com\/es\/tea-packaging-machine\/","title":{"rendered":"M\u00e1quina empacadora de bolsitas de t\u00e9 internas y externas"},"content":{"rendered":"<div class=\"kk-star-ratings kksr-auto kksr-align-left kksr-valign-top\"     data-payload='{&quot;align&quot;:&quot;left&quot;,&quot;id&quot;:&quot;403&quot;,&quot;slug&quot;:&quot;default&quot;,&quot;valign&quot;:&quot;top&quot;,&quot;ignore&quot;:&quot;&quot;,&quot;reference&quot;:&quot;auto&quot;,&quot;class&quot;:&quot;&quot;,&quot;count&quot;:&quot;30&quot;,&quot;legendonly&quot;:&quot;&quot;,&quot;readonly&quot;:&quot;&quot;,&quot;score&quot;:&quot;4.8&quot;,&quot;starsonly&quot;:&quot;&quot;,&quot;best&quot;:&quot;5&quot;,&quot;gap&quot;:&quot;5&quot;,&quot;greet&quot;:&quot;Rate this product&quot;,&quot;legend&quot;:&quot;4.8\\\/5 - (30 votos)&quot;,&quot;size&quot;:&quot;24&quot;,&quot;title&quot;:&quot;Inner \\u0026amp; Outer Tea Bag Packing Machine&quot;,&quot;width&quot;:&quot;136.7&quot;,&quot;_legend&quot;:&quot;{score}\\\/{best} - ({count} {votes})&quot;,&quot;font_factor&quot;:&quot;1.25&quot;}'>              <div class=\"kksr-stars\">      <div class=\"kksr-stars-inactive\">             <div class=\"kksr-star\" data-star=\"1\" style=\"padding-right: 5px\">               <div class=\"kksr-icon\" style=\"width: 24px; height: 24px;\"><\/div>         <\/div>             <div class=\"kksr-star\" data-star=\"2\" style=\"padding-right: 5px\">               <div class=\"kksr-icon\" style=\"width: 24px; height: 24px;\"><\/div>         <\/div>             <div class=\"kksr-star\" data-star=\"3\" style=\"padding-right: 5px\">               <div class=\"kksr-icon\" style=\"width: 24px; height: 24px;\"><\/div>         <\/div>             <div class=\"kksr-star\" data-star=\"4\" style=\"padding-right: 5px\">               <div class=\"kksr-icon\" style=\"width: 24px; height: 24px;\"><\/div>         <\/div>             <div class=\"kksr-star\" data-star=\"5\" style=\"padding-right: 5px\">               <div class=\"kksr-icon\" style=\"width: 24px; height: 24px;\"><\/div>         <\/div>     <\/div>      <div class=\"kksr-stars-active\" style=\"width: 136.7px;\">             <div class=\"kksr-star\" style=\"padding-right: 5px\">               <div class=\"kksr-icon\" style=\"width: 24px; height: 24px;\"><\/div>         <\/div>             <div class=\"kksr-star\" style=\"padding-right: 5px\">               <div class=\"kksr-icon\" style=\"width: 24px; height: 24px;\"><\/div>         <\/div>             <div class=\"kksr-star\" style=\"padding-right: 5px\">               <div class=\"kksr-icon\" style=\"width: 24px; height: 24px;\"><\/div>         <\/div>             <div class=\"kksr-star\" style=\"padding-right: 5px\">               <div class=\"kksr-icon\" style=\"width: 24px; height: 24px;\"><\/div>         <\/div>             <div class=\"kksr-star\" style=\"padding-right: 5px\">               <div class=\"kksr-icon\" style=\"width: 24px; height: 24px;\"><\/div>         <\/div>     <\/div> <\/div>                   <div class=\"kksr-legend\" style=\"font-size: 19.2px;\">             4,8\/5 - (30 votos)    <\/div>     <\/div>  <p class=\"translation-block\">Las <strong>m\u00e1quinas de empaque de bolsas de t\u00e9<\/strong> son una herramienta de empaque indispensable para la industria del t\u00e9. Pueden liberar mano de obra y ahorrar costos. Adem\u00e1s, unos empaques impresionantes pueden atraer m\u00e1s clientes a su negocio de t\u00e9. Recientemente, el t\u00e9 ha ido ganando popularidad y hay una gran demanda de m\u00e1quinas de empaque de t\u00e9. La m\u00e1quina de empaque de bolsas de t\u00e9 puede empacar la bolsa interna y la bolsa externa al mismo tiempo, y combinarlas autom\u00e1ticamente en un paquete desechable. Es adecuada para empaquetar varios tipos de t\u00e9, como t\u00e9 de hierba de lim\u00f3n, t\u00e9 negro, t\u00e9 de flores, t\u00e9 blanco, t\u00e9 verde, t\u00e9 de hierbas, t\u00e9 suelto y otros t\u00e9s comunes en el mercado. Tambi\u00e9n puede empacar peque\u00f1os art\u00edculos granulares como t\u00e9 medicado y t\u00e9 en polvo. \u00bfEst\u00e1 buscando una m\u00e1quina de empaque de t\u00e9 confiable para beneficiar su proyecto? Cont\u00e1ctenos para m\u00e1s detalles. <\/p>    <h2 class=\"wp-block-heading\">Video de trabajo del equipo de envasado de t\u00e9<\/h2>   <figure class=\"wp-block-embed-youtube wp-block-embed is-type-video is-provider-youtube wp-embed-aspect-16-9 wp-has-aspect-ratio\"><div class=\"lyte-wrapper fourthree\" title=\"M\u00e1quina envasadora de t\u00e9 | M\u00e1quina envasadora de bolsas interiores y exteriores de t\u00e9\" style=\"width:960px;max-width:100%;margin:5px auto;\"><div class=\"lyMe hidef\" id=\"WYL_StbYeKbuokc\" itemprop=\"video\" itemscope itemtype=\"https:\/\/schema.org\/VideoObject\"><div><meta itemprop=\"thumbnailUrl\" content=\"https:\/\/taizypackaging.com\/wp-content\/plugins\/wp-youtube-lyte\/lyteCache.php?origThumbUrl=https%3A%2F%2Fi.ytimg.com%2Fvi%2FStbYeKbuokc%2Fmaxresdefault.jpg\" \/><meta itemprop=\"embedURL\" content=\"https:\/\/www.youtube.com\/embed\/StbYeKbuokc\" \/><meta itemprop=\"duration\" content=\"PT2M19S\" \/><meta itemprop=\"uploadDate\" content=\"2021-08-05T07:13:27Z\" \/><\/div><meta itemprop=\"accessibilityFeature\" content=\"captions\" \/><div id=\"lyte_StbYeKbuokc\" data-src=\"https:\/\/taizypackaging.com\/wp-content\/plugins\/wp-youtube-lyte\/lyteCache.php?origThumbUrl=https%3A%2F%2Fi.ytimg.com%2Fvi%2FStbYeKbuokc%2Fmaxresdefault.jpg\" class=\"pL\"><div class=\"tC\"><div class=\"tT\" itemprop=\"name\">M\u00e1quina envasadora de t\u00e9 | M\u00e1quina envasadora de bolsas interiores y exteriores de t\u00e9<\/div><\/div><div class=\"play\"><\/div><div class=\"ctrl\"><div class=\"Lctrl\"><\/div><div class=\"Rctrl\"><\/div><\/div><\/div><noscript><a href=\"https:\/\/youtu.be\/StbYeKbuokc\" rel=\"nofollow noopener\" target=\"_blank\"><img loading=\"lazy\" decoding=\"async\" src=\"https:\/\/taizypackaging.com\/wp-content\/plugins\/wp-youtube-lyte\/lyteCache.php?origThumbUrl=https%3A%2F%2Fi.ytimg.com%2Fvi%2FStbYeKbuokc%2F0.jpg\" alt=\"M\u00e1quina envasadora de t\u00e9 | M\u00e1quina envasadora de bolsas interiores y exteriores de t\u00e9\" width=\"960\" height=\"700\" \/><br \/>Watch this video on YouTube<\/a><\/noscript><meta itemprop=\"description\" content=\"WhatsApp\/Wechat\/Tel:+86 19139754781 This machine can pack the inner bag and the outer bag at one time, and automatically combine them into a disposable package.It is suitable for black tea, flower tea, white tea, green tea and other common tea on the market.If you are interested in it,click on:https:\/\/taizypackaging.com\/tea-packaging-machine\/\"><\/div><\/div><div class=\"lL\" style=\"max-width:100%;width:960px;margin:5px auto;\"><\/div><figcaption><\/figcaption><\/figure>   <h2 class=\"wp-block-heading\">Aplicaciones de la m\u00e1quina empacadora autom\u00e1tica de bolsitas de t\u00e9<\/h2>    <p>La m\u00e1quina empacadora de t\u00e9 tiene una amplia gama de aplicaciones. Es adecuada para envasar diversos t\u00e9s como t\u00e9 verde, t\u00e9 perfumado, t\u00e9 de hierbas, t\u00e9 de hojas sueltas, t\u00e9 saludable, t\u00e9 de hierba de lim\u00f3n, t\u00e9 oolong, t\u00e9 negro, etc. La m\u00e1quina envasadora autom\u00e1tica de bolsas de t\u00e9 reemplaza el envasado manual tradicional. Esto mejora enormemente la productividad. Adem\u00e1s, es m\u00e1s seguro e higi\u00e9nico. Utilizamos material de m\u00e1quina apto para uso alimentario para garantizar la inocuidad para los humanos. Si est\u00e1 involucrado en el negocio del t\u00e9, la m\u00e1quina empacadora de t\u00e9 es una gran herramienta para usted. <\/p>    <figure class=\"wp-block-image size-full\"><img loading=\"lazy\" decoding=\"async\" width=\"600\" height=\"450\" src=\"https:\/\/taizypackaging.com\/wp-content\/uploads\/2020\/09\/tea-bag-packing-machine-applications.jpg\" alt=\"Aplicaciones de la m\u00e1quina empacadora de bolsas de t\u00e9.\" class=\"wp-image-3336\" srcset=\"https:\/\/taizypackaging.com\/wp-content\/uploads\/2020\/09\/tea-bag-packing-machine-applications.jpg 600w, https:\/\/taizypackaging.com\/wp-content\/uploads\/2020\/09\/tea-bag-packing-machine-applications-300x225.jpg 300w\" sizes=\"auto, (max-width: 600px) 100vw, 600px\" \/><figcaption class=\"wp-element-caption\">Aplicaciones de la m\u00e1quina empacadora de bolsas de t\u00e9.<\/figcaption><\/figure>    <h2 class=\"wp-block-heading\" id=\"h-features-of-taizy-tea-packing-machine\">Caracter\u00edsticas de la m\u00e1quina empacadora de t\u00e9 Taizy<\/h2>    <ul class=\"wp-block-list\"> <li>El papel de sellado exterior se controla mediante un motor paso a paso, con una longitud de bolsa estable y un posicionamiento preciso.<\/li>    <li>Al adoptar un controlador de temperatura de ajuste PID, la temperatura se controla con mayor precisi\u00f3n.<\/li>    <li>El PLC se utiliza para controlar el movimiento de toda la m\u00e1quina, pantalla de interfaz hombre-m\u00e1quina, f\u00e1cil de operar.<\/li>    <li>Todas las piezas que pueden entrar en contacto con el material est\u00e1n fabricadas en acero inoxidable SUS304 para garantizar la higiene y fiabilidad de los productos.<\/li>    <li>Parte del cilindro de trabajo adopta piezas originales importadas para garantizar su funcionamiento preciso y estable.<\/li>    <li>El dispositivo adicional de esta m\u00e1quina, como una m\u00e1quina codificadora, puede completar las funciones de corte de boca plana, impresi\u00f3n de fecha, boca f\u00e1cil de rasgar, etc.<\/li> <\/ul>    <h2 class=\"wp-block-heading\" id=\"h-what-is-the-cost-of-tea-packing-machine\">\u00bfCu\u00e1l es el costo de la m\u00e1quina empacadora de t\u00e9? <\/h2>    <p>De hecho, el costo de las m\u00e1quinas empacadoras de t\u00e9 de diferentes fabricantes de maquinaria empacadora var\u00eda. Porque el precio de la m\u00e1quina empacadora de bolsas de t\u00e9 est\u00e1 estrechamente relacionado con muchos factores como el material de la m\u00e1quina, la estructura de la m\u00e1quina, la configuraci\u00f3n de la m\u00e1quina, el costo de env\u00edo, etc. En resumen, las buenas m\u00e1quinas merecen buenos precios. Sin embargo, los proveedores pueden enga\u00f1ar incluso al empresario m\u00e1s astuto. Por lo tanto, es claramente importante elegir un proveedor confiable de m\u00e1quinas empacadoras de t\u00e9. Con buen rendimiento y precios favorables, las m\u00e1quinas embolsadoras de t\u00e9 Taizy han sido ampliamente elogiadas por clientes de todo el mundo. Si est\u00e1 interesado en esta m\u00e1quina, cont\u00e1ctenos ahora para obtener una lista de precios de la m\u00e1quina empacadora de t\u00e9 gratuita. <\/p>    <figure class=\"wp-block-image size-full is-resized\"><img decoding=\"async\" src=\"https:\/\/taizypackaging.com\/wp-content\/uploads\/2020\/09\/customer-feedback-of-tea-packing-machine-1.jpg\" alt=\"Comentarios de los clientes sobre la m\u00e1quina envasadora de t\u00e9.\" class=\"wp-image-1144\" style=\"aspect-ratio:1.3333333333333333;width:720px;height:auto\"\/><figcaption class=\"wp-element-caption\">Comentarios de los clientes sobre la m\u00e1quina envasadora de t\u00e9.<\/figcaption><\/figure>    <h2 class=\"wp-block-heading\" id=\"h-technical-parameters-of-tea-bagging-machine\">Par\u00e1metros t\u00e9cnicos de la m\u00e1quina ensacadora de t\u00e9 <\/h2>    <figure class=\"wp-block-table\"><table><tbody><tr><td>Formulario de sellado<\/td><td>Sellado de tres lados<\/td><\/tr><tr><td>Rango de pesaje<\/td><td>1-5 gramos\/bolsa<\/td><\/tr><tr><td>Tama\u00f1o de la bolsa interior<\/td><td>Longitud: 50-75 mm<br>Ancho: 50-75 mm<\/td><\/tr><tr><td>Tama\u00f1o de la bolsa exterior<\/td><td>Longitud: 85-120 mm<br>Ancho: 75-95 mm<\/td><\/tr><tr><td>Tama\u00f1o de la etiqueta<\/td><td>25*25<\/td><\/tr><tr><td>Velocidad de embalaje<\/td><td>30-50 bolsas\/minuto<\/td><\/tr><tr><td>fuerza<\/td><td>220V\/50HZ<\/td><\/tr><tr><td>Poder total<\/td><td>3,7 KW<\/td><\/tr><tr><td>Peso<\/td><td>650 kg<\/td><\/tr><tr><td>Tama\u00f1o<\/td><td>1050*700*1300<\/td><\/tr><\/tbody><\/table><\/figure>    <h2 class=\"wp-block-heading\" id=\"h-structure-details-of-tea-bag-packaging-machine\">Detalles de la estructura de la m\u00e1quina envasadora de bolsitas de t\u00e9<\/h2>    <div class=\"wp-block-columns is-layout-flex wp-container-core-columns-is-layout-9d6595d7 wp-block-columns-is-layout-flex\"> <div class=\"wp-block-column is-layout-flow wp-block-column-is-layout-flow\"> <figure class=\"wp-block-image size-full\"><img decoding=\"async\" src=\"https:\/\/taizypackaging.com\/wp-content\/uploads\/2020\/09\/tea-bag-packing-machine-structure.jpg\" alt=\"Estructura de la m\u00e1quina empacadora de bolsas de t\u00e9\" class=\"wp-image-4101\"\/><figcaption class=\"wp-element-caption\">Estructura de la m\u00e1quina empacadora de bolsas de t\u00e9<\/figcaption><\/figure> <\/div>    <div class=\"wp-block-column is-layout-flow wp-block-column-is-layout-flow\"> <figure class=\"wp-block-image size-full\"><img decoding=\"async\" src=\"https:\/\/taizypackaging.com\/wp-content\/uploads\/2020\/09\/tea-packing-machine-parts.jpg\" alt=\"piezas de la m\u00e1quina envasadora de t\u00e9\" class=\"wp-image-4102\"\/><figcaption class=\"wp-element-caption\">piezas de la m\u00e1quina envasadora de t\u00e9<\/figcaption><\/figure> <\/div> <\/div>    <h2 class=\"wp-block-heading\">\u00bfEs el t\u00e9 un negocio rentable? <\/h2>    <p class=\"translation-block\">Seg\u00fan la encuesta de expertos,<a href=\"https:\/\/en.wikipedia.org\/wiki\/Tea\" target=\"_blank\" rel=\"noopener\"> el t\u00e9<\/a> es una categor\u00eda de producto rentable y de bajo costo para los operadores en comparaci\u00f3n con otros tipos de bebidas. Seg\u00fan una diapositiva de presentaci\u00f3n que detalla los m\u00e1rgenes de beneficio para los operadores comerciales, \u201cEl t\u00e9 tiene un margen de beneficio del 98 por ciento y costos m\u00e1s bajos. Eso se compara con el 81 por ciento para el caf\u00e9, el 75 por ciento para el agua y el 38 por ciento para los refrescos. Por lo tanto, la popularidad del t\u00e9 tiene su raz\u00f3n. Y la m\u00e1quina de envasado de t\u00e9 tiene una gran demanda. Es un gran momento para que comiences tu proyecto de t\u00e9. <\/p>    <h2 class=\"wp-block-heading\" id=\"h-advantages-of-small-tea-bag-packing-machine\">Ventajas de la m\u00e1quina empacadora de bolsitas de t\u00e9 peque\u00f1as<\/h2>    <ol class=\"wp-block-list\" type=\"1\"> <li>En t\u00e9rminos de eficiencia, es m\u00e1s eficiente que el trabajo manual.<\/li>    <li>Desde el punto de vista del coste, es menor que el embalaje manual.<\/li>    <li>Desde la perspectiva de la higiene, es m\u00e1s higi\u00e9nico que el envasado manual.<\/li>    <li>El envasado de productos mecanizados es m\u00e1s exquisito.<\/li> <\/ol>    <h2 class=\"wp-block-heading\" id=\"h-customer-case-from-taizy-packaging-machinery\">Caso de cliente de Taizy Packaging Machinery<\/h2>    <p>Un cliente griego quer\u00eda una m\u00e1quina envasadora de t\u00e9 para envasar bolsas interiores y exteriores. Nuestro responsable comercial recomend\u00f3 este modelo, seg\u00fan las necesidades del cliente. Este cliente ten\u00eda originalmente una m\u00e1quina envasadora de t\u00e9. Pero ahora quiere ampliar la producci\u00f3n, as\u00ed que compr\u00f3 otra para envasar flores de hibisco.<\/p>    <figure class=\"wp-block-image size-large\"><img decoding=\"async\" src=\"https:\/\/taizypackaging.com\/wp-content\/uploads\/2020\/09\/customer-buy-teabag-packaging-machine.jpg\" alt=\"Comentarios de nuestro cliente de \u00c1frica\" class=\"wp-image-697\"\/><figcaption class=\"wp-element-caption\">Comentarios de nuestro cliente africano.<\/figcaption><\/figure>    <h2 class=\"wp-block-heading\">Servicios de valor a\u00f1adido<\/h2>    <p>Adem\u00e1s de algunas herramientas pr\u00e1cticas, tambi\u00e9n le proporcionaremos las piezas necesarias para la m\u00e1quina, como un eje mezclador, un cable sensor de temperatura, un tubo calefactor, etc. Nuestro t\u00e9cnico envolver\u00e1 el cable en el paquete interior directamente en el carrete antes de la entrega. tu conveniencia. Por cierto, nuestra m\u00e1quina se puede utilizar con una m\u00e1quina codificadora para facilitar la impresi\u00f3n de la fecha de producci\u00f3n en las bolsas, si tiene este requisito puede comunicarse con nuestro gerente con anticipaci\u00f3n.<\/p>    <figure class=\"wp-block-image size-full\"><img decoding=\"async\" src=\"https:\/\/taizypackaging.com\/wp-content\/uploads\/2021\/08\/01.jpg\" alt=\"\" class=\"wp-image-2598\"\/><figcaption class=\"wp-element-caption\">Cable sensor de temperatura y tubo calefactor.<\/figcaption><\/figure>    <figure class=\"wp-block-image size-full\"><img decoding=\"async\" src=\"https:\/\/taizypackaging.com\/wp-content\/uploads\/2021\/08\/02.jpg\" alt=\"\" class=\"wp-image-2599\"\/><figcaption class=\"wp-element-caption\">m\u00e1quina de codificaci\u00f3n disponible<\/figcaption><\/figure>    <h2 class=\"wp-block-heading\">\u00bfPor qu\u00e9 elegirnos?<\/h2>    <p>La f\u00e1brica de embalaje Taizy emplea ingenieros experimentados que conocen bien el conocimiento profesional para garantizar la calidad de nuestras m\u00e1quinas y realizar constantemente avances e innovaciones tecnol\u00f3gicas. Todas nuestras m\u00e1quinas se pueden personalizar seg\u00fan las necesidades de los clientes. Durante los \u00faltimos diez a\u00f1os, nuestra f\u00e1brica ha formado un proceso completo y eficiente desde la producci\u00f3n hasta la entrega. Satisfacer a los clientes es la primera directriz de nuestra empresa Taizy. Y reclutamos agentes en todo el mundo. Bienvenido a unirse a nosotros para un viaje exitoso juntos. <\/p>    <figure class=\"wp-block-image size-full\"><img loading=\"lazy\" decoding=\"async\" width=\"720\" height=\"540\" src=\"https:\/\/taizypackaging.com\/wp-content\/uploads\/2021\/08\/06.jpg\" alt=\"\" class=\"wp-image-2600\" srcset=\"https:\/\/taizypackaging.com\/wp-content\/uploads\/2021\/08\/06.jpg 720w, https:\/\/taizypackaging.com\/wp-content\/uploads\/2021\/08\/06-300x225.jpg 300w\" sizes=\"auto, (max-width: 720px) 100vw, 720px\" \/><figcaption class=\"wp-element-caption\">Las im\u00e1genes en vivo se toman de f\u00e1brica.<\/figcaption><\/figure>","protected":false},"excerpt":{"rendered":"<p>Nuestra m\u00e1quina empacadora de t\u00e9 puede realizar empaques en bolsas exteriores, empaques en bolsas interiores y exteriores, empaques en bolsitas de t\u00e9 con marca de l\u00ednea y empaques triangulares de nailon. Zhengzhou Taizy Packaging Machinery es una empresa moderna que integra investigaci\u00f3n y desarrollo, dise\u00f1o, fabricaci\u00f3n, ventas y mantenimiento. Se trata principalmente de m\u00e1quinas envasadoras autom\u00e1ticas de t\u00e9, m\u00e1quinas envasadoras de bolsitas de t\u00e9, etc.<\/p>","protected":false},"author":1,"featured_media":2565,"parent":0,"template":"","tags":[71,92,146,202,209,249,263,277,396,406,411,466,529],"product-type":[667],"class_list":["post-403","product","type-product","status-publish","has-post-thumbnail","hentry","tag-black-tea","tag-cassia","tag-eight-treasure-tea","tag-green-tea","tag-health-products","tag-lemon-tea","tag-longan","tag-medicines","tag-rose-black-tea","tag-scented-tea","tag-seeds","tag-tartary-buckwheat","tag-white-tea","product-type-tea-packing-machine"],"_links":{"self":[{"href":"https:\/\/taizypackaging.com\/es\/wp-json\/wp\/v2\/product\/403","targetHints":{"allow":["GET"]}}],"collection":[{"href":"https:\/\/taizypackaging.com\/es\/wp-json\/wp\/v2\/product"}],"about":[{"href":"https:\/\/taizypackaging.com\/es\/wp-json\/wp\/v2\/types\/product"}],"author":[{"embeddable":true,"href":"https:\/\/taizypackaging.com\/es\/wp-json\/wp\/v2\/users\/1"}],"wp:featuredmedia":[{"embeddable":true,"href":"https:\/\/taizypackaging.com\/es\/wp-json\/wp\/v2\/media\/2565"}],"wp:attachment":[{"href":"https:\/\/taizypackaging.com\/es\/wp-json\/wp\/v2\/media?parent=403"}],"wp:term":[{"taxonomy":"post_tag","embeddable":true,"href":"https:\/\/taizypackaging.com\/es\/wp-json\/wp\/v2\/tags?post=403"},{"taxonomy":"product-type","embeddable":true,"href":"https:\/\/taizypackaging.com\/es\/wp-json\/wp\/v2\/product-type?post=403"}],"curies":[{"name":"wp","href":"https:\/\/api.w.org\/{rel}","templated":true}]}}