{"id":4121,"date":"2022-03-03T09:29:14","date_gmt":"2022-03-03T09:29:14","guid":{"rendered":"https:\/\/taizypackaging.com\/?p=4121"},"modified":"2024-07-16T16:35:58","modified_gmt":"2024-07-16T08:35:58","slug":"jumbo-bag-filling-machine","status":"publish","type":"product","link":"https:\/\/taizypackaging.com\/es\/jumbo-bag-filling-machine\/","title":{"rendered":"M\u00e1quina llenadora de bolsas gigantes"},"content":{"rendered":"<div class=\"kk-star-ratings kksr-auto kksr-align-left kksr-valign-top\"     data-payload='{&quot;align&quot;:&quot;left&quot;,&quot;id&quot;:&quot;4121&quot;,&quot;slug&quot;:&quot;default&quot;,&quot;valign&quot;:&quot;top&quot;,&quot;ignore&quot;:&quot;&quot;,&quot;reference&quot;:&quot;auto&quot;,&quot;class&quot;:&quot;&quot;,&quot;count&quot;:&quot;29&quot;,&quot;legendonly&quot;:&quot;&quot;,&quot;readonly&quot;:&quot;&quot;,&quot;score&quot;:&quot;4.5&quot;,&quot;starsonly&quot;:&quot;&quot;,&quot;best&quot;:&quot;5&quot;,&quot;gap&quot;:&quot;5&quot;,&quot;greet&quot;:&quot;Rate this product&quot;,&quot;legend&quot;:&quot;4.5\\\/5 - (29 votos)&quot;,&quot;size&quot;:&quot;24&quot;,&quot;title&quot;:&quot;Jumbo Bag Filling Machine&quot;,&quot;width&quot;:&quot;128&quot;,&quot;_legend&quot;:&quot;{score}\\\/{best} - ({count} {votes})&quot;,&quot;font_factor&quot;:&quot;1.25&quot;}'>              <div class=\"kksr-stars\">      <div class=\"kksr-stars-inactive\">             <div class=\"kksr-star\" data-star=\"1\" style=\"padding-right: 5px\">               <div class=\"kksr-icon\" style=\"width: 24px; height: 24px;\"><\/div>         <\/div>             <div class=\"kksr-star\" data-star=\"2\" style=\"padding-right: 5px\">               <div class=\"kksr-icon\" style=\"width: 24px; height: 24px;\"><\/div>         <\/div>             <div class=\"kksr-star\" data-star=\"3\" style=\"padding-right: 5px\">               <div class=\"kksr-icon\" style=\"width: 24px; height: 24px;\"><\/div>         <\/div>             <div class=\"kksr-star\" data-star=\"4\" style=\"padding-right: 5px\">               <div class=\"kksr-icon\" style=\"width: 24px; height: 24px;\"><\/div>         <\/div>             <div class=\"kksr-star\" data-star=\"5\" style=\"padding-right: 5px\">               <div class=\"kksr-icon\" style=\"width: 24px; height: 24px;\"><\/div>         <\/div>     <\/div>      <div class=\"kksr-stars-active\" style=\"width: 128px;\">             <div class=\"kksr-star\" style=\"padding-right: 5px\">               <div class=\"kksr-icon\" style=\"width: 24px; height: 24px;\"><\/div>         <\/div>             <div class=\"kksr-star\" style=\"padding-right: 5px\">               <div class=\"kksr-icon\" style=\"width: 24px; height: 24px;\"><\/div>         <\/div>             <div class=\"kksr-star\" style=\"padding-right: 5px\">               <div class=\"kksr-icon\" style=\"width: 24px; height: 24px;\"><\/div>         <\/div>             <div class=\"kksr-star\" style=\"padding-right: 5px\">               <div class=\"kksr-icon\" style=\"width: 24px; height: 24px;\"><\/div>         <\/div>             <div class=\"kksr-star\" style=\"padding-right: 5px\">               <div class=\"kksr-icon\" style=\"width: 24px; height: 24px;\"><\/div>         <\/div>     <\/div> <\/div>                   <div class=\"kksr-legend\" style=\"font-size: 19.2px;\">             4,5\/5 - (29 votos)    <\/div>     <\/div>  <p class=\"translation-block\"><strong>M\u00e1quina de llenado para bolsa jumbo<\/strong>, o m\u00e1quina de envasado para bolsas de una tonelada, es una especie de equipo inteligente de pesaje y envasado para la demanda de bolsas jumbo. Es una soluci\u00f3n de envasado multifuncional con funciones de pesaje el\u00e9ctrico, llenado autom\u00e1tico, sellado, extracci\u00f3n de la bolsa y limpieza de polvo. Adem\u00e1s, la m\u00e1quina de llenado de bolsas jumbo de Taizy tiene las ventajas de una estructura razonable, rendimiento estable, f\u00e1cil operaci\u00f3n y alta precisi\u00f3n. <\/p>    <p class=\"translation-block\">Adem\u00e1s, esta <strong>gran bolsa de envasado<\/strong> tiene una amplia gama de aplicaciones. Se aplica a todos los sectores como productos minerales, qu\u00edmica, pellets, materiales de construcci\u00f3n, miner\u00eda, alimento para animales y la industria alimentaria. Si est\u00e1 buscando una m\u00e1quina fiable de envasado de bolsas jumbo, env\u00ede una consulta y nos pondremos en contacto con usted pronto. \u00a0\u00a0<\/p>    <h2 class=\"wp-block-heading\">V\u00eddeo de funcionamiento de la m\u00e1quina llenadora de big bag<\/h2>   <figure class=\"wp-block-embed-youtube wp-block-embed is-type-video is-provider-youtube wp-embed-aspect-16-9 wp-has-aspect-ratio\"><div class=\"lyte-wrapper fourthree\" title=\"M\u00e1quina llenadora de bolsas gigantes | Sistema de llenado de big bag Alta eficiencia y rendimiento estable\" style=\"width:960px;max-width:100%;margin:5px auto;\"><div class=\"lyMe hidef\" id=\"WYL_hsMUZb38lFk\" itemprop=\"video\" itemscope itemtype=\"https:\/\/schema.org\/VideoObject\"><div><meta itemprop=\"thumbnailUrl\" content=\"https:\/\/taizypackaging.com\/wp-content\/plugins\/wp-youtube-lyte\/lyteCache.php?origThumbUrl=https%3A%2F%2Fi.ytimg.com%2Fvi%2FhsMUZb38lFk%2Fmaxresdefault.jpg\" \/><meta itemprop=\"embedURL\" content=\"https:\/\/www.youtube.com\/embed\/hsMUZb38lFk\" \/><meta itemprop=\"duration\" content=\"PT7M21S\" \/><meta itemprop=\"uploadDate\" content=\"2022-03-10T06:28:56Z\" \/><\/div><meta itemprop=\"accessibilityFeature\" content=\"captions\" \/><div id=\"lyte_hsMUZb38lFk\" data-src=\"https:\/\/taizypackaging.com\/wp-content\/plugins\/wp-youtube-lyte\/lyteCache.php?origThumbUrl=https%3A%2F%2Fi.ytimg.com%2Fvi%2FhsMUZb38lFk%2Fmaxresdefault.jpg\" class=\"pL\"><div class=\"tC\"><div class=\"tT\" itemprop=\"name\">M\u00e1quina llenadora de bolsas gigantes | Sistema de llenado de big bag Alta eficiencia y rendimiento estable<\/div><\/div><div class=\"play\"><\/div><div class=\"ctrl\"><div class=\"Lctrl\"><\/div><div class=\"Rctrl\"><\/div><\/div><\/div><noscript><a href=\"https:\/\/youtu.be\/hsMUZb38lFk\" rel=\"nofollow noopener\" target=\"_blank\"><img loading=\"lazy\" decoding=\"async\" src=\"https:\/\/taizypackaging.com\/wp-content\/plugins\/wp-youtube-lyte\/lyteCache.php?origThumbUrl=https%3A%2F%2Fi.ytimg.com%2Fvi%2FhsMUZb38lFk%2F0.jpg\" alt=\"M\u00e1quina llenadora de bolsas gigantes | Sistema de llenado de big bag Alta eficiencia y rendimiento estable\" width=\"960\" height=\"700\" \/><br \/>Watch this video on YouTube<\/a><\/noscript><meta itemprop=\"description\" content=\"#jumbobagfilling #bigbagpacking #fillingmachine Email: info@taizypackaging.com WeChat\/ WhatsApp: +86 18837171591 Useful link: https:\/\/taizypackaging.com\/jumbo-bag-filling-machine\/ This jumbo bag filling machine is designed for big bag packing. It applies to all walks of life like mineral products, chemistry, pellets, building materials, mining, feed, and the food industry. It is a multifunctional packaging solution with functions of electric weighing, automatic filling, sealing, bag removing, and dust cleaning. Performance features of Taizy Jumbo bag filling machine 1. Jumbo bag packing machine for sale is designed and manufactured according to different requirements of customers. The machine uses international standards and advance technology. 2. This machine adopts LCD touch screen to set parameters, easy to operate. 3. A big bag filling machine can equip with a feeding machine and conveyor to realize fully automatic control, which greatly improves efficiency and save cost. 4. We use durable stainless steel material as the machine body structure to ensure long service life. 5. The weighing and filling process of this ton bag packing machine has a high packing precision at high packing speed. 6. Multifunctional. It can packaging both particles and powder products, and is widely used in various industries. You may be also interested in these videos: Powder filling machine 10kg: https:\/\/www.youtube.com\/watch?v=6j2Dz4i-eWY&amp;t=9s Powder filling machine 50kg: https:\/\/www.youtube.com\/watch?v=F5tlcnSb8q4 Granule filling machine 50kg: https:\/\/www.youtube.com\/watch?v=_E3hqS6pwhY Email: info@taizypackaging.com WeChat\/ WhatsApp: +86 18837171591 Useful link: https:\/\/taizypackaging.com\/jumbo-bag-filling-machine\/\"><\/div><\/div><div class=\"lL\" style=\"max-width:100%;width:960px;margin:5px auto;\"><\/div><figcaption><\/figcaption><\/figure>   <h2 class=\"wp-block-heading\">Caracter\u00edsticas de rendimiento de la m\u00e1quina llenadora de bolsas Taizy Jumbo<\/h2>    <ol class=\"wp-block-list\" type=\"1\"> <li>La m\u00e1quina empacadora de bolsas gigantes a la venta est\u00e1 dise\u00f1ada y fabricada de acuerdo con los diferentes requisitos de los clientes. La m\u00e1quina utiliza est\u00e1ndares internacionales y tecnolog\u00eda avanzada.<\/li>    <li>Esta m\u00e1quina adopta una pantalla t\u00e1ctil LCD para configurar par\u00e1metros y es f\u00e1cil de operar.<\/li>    <li>Una m\u00e1quina llenadora de bolsas grandes puede equiparse con una m\u00e1quina de alimentaci\u00f3n y un transportador para realizar un control completamente autom\u00e1tico, lo que mejora en gran medida la eficiencia y ahorra costos.<\/li>    <li>Utilizamos material de acero inoxidable duradero como estructura del cuerpo de la m\u00e1quina para garantizar una larga vida \u00fatil.<\/li>    <li>El proceso de pesaje y llenado de esta m\u00e1quina empacadora de bolsas de una tonelada tiene una alta precisi\u00f3n de empaque a alta velocidad de empaque.<\/li>    <li>Multifuncional. Puede envasar tanto part\u00edculas como productos en polvo y se utiliza ampliamente en diversas industrias.<\/li> <\/ol>    <figure class=\"wp-block-image size-full\"><img loading=\"lazy\" decoding=\"async\" width=\"720\" height=\"540\" src=\"https:\/\/taizypackaging.com\/wp-content\/uploads\/2022\/03\/Jumbo-bag-packing-machine-factory.jpg\" alt=\"F\u00e1brica de m\u00e1quinas empacadoras de bolsas gigantes\" class=\"wp-image-4127\" srcset=\"https:\/\/taizypackaging.com\/wp-content\/uploads\/2022\/03\/Jumbo-bag-packing-machine-factory.jpg 720w, https:\/\/taizypackaging.com\/wp-content\/uploads\/2022\/03\/Jumbo-bag-packing-machine-factory-300x225.jpg 300w\" sizes=\"auto, (max-width: 720px) 100vw, 720px\" \/><figcaption class=\"wp-element-caption\">F\u00e1brica de m\u00e1quinas empacadoras de bolsas gigantes<\/figcaption><\/figure>    <h2 class=\"wp-block-heading\">Par\u00e1metros de la m\u00e1quina llenadora de bolsas gigantes<\/h2>    <figure class=\"wp-block-table\"><table><tbody><tr><td>Modelo<\/td><td><strong>ph-2000T<\/strong><\/td><td><strong>ph-2000T<\/strong><\/td><\/tr><tr><td>Aplicaciones<\/td><td>Part\u00edculas<\/td><td>polvo<\/td><\/tr><tr><td>rango de pesaje<\/td><td>200-1000kg<\/td><td>200-1500kg<\/td><\/tr><tr><td>Grado de precisi\u00f3n<\/td><td>\u00b10,2%<\/td><td>\u00b10,5%<\/td><\/tr><tr><td>Velocidad de embalaje<\/td><td>Por bolsa\/2~3min<\/td><td>M\u00ednimo 15 bolsas\/hora<\/td><\/tr><tr><td>M\u00e9todo de alimentaci\u00f3n<\/td><td>Alimentaci\u00f3n por gravedad<\/td><td>Alimentaci\u00f3n por barrena<\/td><\/tr><tr><td>&nbsp;Presi\u00f3n del aire<\/td><td>0,6-0,8 MPa<\/td><td>0,8 MPa<\/td><\/tr><tr><td>Consumo de aire<\/td><td>1m3\/hora<\/td><td>1m3\/hora<\/td><\/tr><tr><td>El consumo de energ\u00eda<\/td><td>380V\/8kW<\/td><td>380V\/8KW, 50Hz<\/td><\/tr><tr><td>Tama\u00f1o de la m\u00e1quina (mm)<\/td><td>2000\u00d72000\u00d73000<\/td><td>2000\u00d72000\u00d73400<\/td><\/tr><\/tbody><\/table><\/figure>    <h2 class=\"wp-block-heading\">Aplicaciones de la m\u00e1quina empacadora de bolsas gigantes a la venta.<\/h2>    <p>Como m\u00e1quina llenadora de bolsas grandes, es adecuada para empaques cuantitativos de nivel de 200 kg ~ 1500 kg. Esta m\u00e1quina llenadora de bolsas gigantes es ideal para diversos gr\u00e1nulos y polvos, como harina, especias, leche en polvo, detergente en polvo, polvo mineral, polvo fino, polvo de cobre, polvo de PVC, polvo qu\u00edmico, alimentos para animales, alimentos para perros, alimentos para gatos y piensos. , frijoles, granos, semillas, arroz, paletas de madera, paletas de pl\u00e1stico, harina de pescado, harina de ma\u00edz, almid\u00f3n, etc. &nbsp;<\/p>    <h2 class=\"wp-block-heading\">Bolsas de toneladas<\/h2>    <p> Este supersaco de alta resistencia est\u00e1 dise\u00f1ado para la m\u00e1quina llenadora de sacos gigantes. Tiene las caracter\u00edsticas de material duradero y buen rendimiento. El supersaco con parte superior abierta a la venta de Taizy utiliza polipropileno virgen (PP) 100%, que tiene un car\u00e1cter de resistencia excelente. Es fuerte y confiable. Las bolsas gigantes adoptan material de calidad alimentaria y se pueden utilizar para la industria de alimentos, frijoles, granos, nueces, construcci\u00f3n, reciclaje, agricultura, minerales, fertilizantes y piensos. <\/p>    <figure class=\"wp-block-image size-full\"><img decoding=\"async\" src=\"https:\/\/taizypackaging.com\/wp-content\/uploads\/2022\/03\/ton-bags.jpg\" alt=\"bolsas de toneladas\" class=\"wp-image-4135\"\/><figcaption class=\"wp-element-caption\">toneladas de sacos a granel<\/figcaption><\/figure>    <h2 class=\"wp-block-heading\">Estructuras de la m\u00e1quina empacadora de bolsas de toneladas. <\/h2>    <p>Las estructuras principales de una m\u00e1quina llenadora de bolsas gigantes consisten en un sistema de llenado autom\u00e1tico, un soporte para bolsas, un transportador rodante, un sistema de control inteligente, un gabinete de control el\u00e9ctrico, una balanza de pesaje autom\u00e1tica, un cabezal de llenado, una estructura de soporte, una mesa vibratoria, etc. Una estructura simple y razonable hace que sea f\u00e1cil de operar y mantener.<\/p>    <figure class=\"wp-block-image size-full\"><img loading=\"lazy\" decoding=\"async\" width=\"720\" height=\"540\" src=\"https:\/\/taizypackaging.com\/wp-content\/uploads\/2022\/03\/big-bag-filling-machine-parts.jpg\" alt=\"piezas de la m\u00e1quina llenadora de bolsas grandes\" class=\"wp-image-4128\" srcset=\"https:\/\/taizypackaging.com\/wp-content\/uploads\/2022\/03\/big-bag-filling-machine-parts.jpg 720w, https:\/\/taizypackaging.com\/wp-content\/uploads\/2022\/03\/big-bag-filling-machine-parts-300x225.jpg 300w\" sizes=\"auto, (max-width: 720px) 100vw, 720px\" \/><figcaption class=\"wp-element-caption\">piezas de la m\u00e1quina llenadora de bolsas grandes<\/figcaption><\/figure>    <h2 class=\"wp-block-heading\">Proceso de trabajo<\/h2>    <ol class=\"wp-block-list\" type=\"1\"> <li>Bolsa prefabricada y sujetada manualmente.<\/li>    <li>Llenado autom\u00e1tico<\/li>    <li>Pesaje autom\u00e1tico<\/li>    <li>Transportador autom\u00e1tico de bolsas terminadas<\/li> <\/ol>    <h2 class=\"wp-block-heading\">Fabricante de m\u00e1quinas llenadoras de bolsas gigantes - Taizy Packaging <\/h2>    <p class=\"translation-block\">Como <a href=\"https:\/\/taizypackaging.com\/es\/\">proveedor l\u00edder de soluciones de envasado<\/a> en China, nuestro objetivo es desarrollar <a href=\"https:\/\/taizypackaging.com\/es\/machines-category\/\">m\u00e1quinas de envasado<\/a> fiables y competitivas para beneficiar a las peque\u00f1as empresas globales. Hemos dise\u00f1ado y fabricado varias m\u00e1quinas de llenado de bolsas jumbo para satisfacer los diferentes requisitos de los clientes. Adem\u00e1s, ofrecemos un s\u00f3lido servicio OEM para adaptar realmente sus necesidades. Adem\u00e1s, hay una gama completa de equipos de envasado disponibles desde la f\u00e1brica Taizy. Bienvenido a contarnos sus requisitos, y haremos todo lo posible para beneficiar a su negocio. <\/p>","protected":false},"excerpt":{"rendered":"<p>Jumbo bag filling machine, or ton bag packing machine, is a kind of intelligent heavy weigh and packing equipment for jumbo bags demand. It is a multifunctional packaging solution with functions of electric weighing, automatic filling, sealing, bag removing, and dust cleaning. Besides, Taizy jumbo bag filling machine has the advantages of reasonable structure, stable [&hellip;]<\/p>\n","protected":false},"author":1,"featured_media":4125,"parent":0,"template":"","tags":[621,620],"product-type":[659],"class_list":["post-4121","product","type-product","status-publish","has-post-thumbnail","hentry","tag-big-bag-filling-machine","tag-jumbo-bag-packing-machine","product-type-granule-packing-machines"],"_links":{"self":[{"href":"https:\/\/taizypackaging.com\/es\/wp-json\/wp\/v2\/product\/4121","targetHints":{"allow":["GET"]}}],"collection":[{"href":"https:\/\/taizypackaging.com\/es\/wp-json\/wp\/v2\/product"}],"about":[{"href":"https:\/\/taizypackaging.com\/es\/wp-json\/wp\/v2\/types\/product"}],"author":[{"embeddable":true,"href":"https:\/\/taizypackaging.com\/es\/wp-json\/wp\/v2\/users\/1"}],"wp:featuredmedia":[{"embeddable":true,"href":"https:\/\/taizypackaging.com\/es\/wp-json\/wp\/v2\/media\/4125"}],"wp:attachment":[{"href":"https:\/\/taizypackaging.com\/es\/wp-json\/wp\/v2\/media?parent=4121"}],"wp:term":[{"taxonomy":"post_tag","embeddable":true,"href":"https:\/\/taizypackaging.com\/es\/wp-json\/wp\/v2\/tags?post=4121"},{"taxonomy":"product-type","embeddable":true,"href":"https:\/\/taizypackaging.com\/es\/wp-json\/wp\/v2\/product-type?post=4121"}],"curies":[{"name":"wp","href":"https:\/\/api.w.org\/{rel}","templated":true}]}}