{"id":4178,"date":"2022-03-08T09:38:23","date_gmt":"2022-03-08T09:38:23","guid":{"rendered":"https:\/\/taizypackaging.com\/?p=4178"},"modified":"2024-07-10T18:39:46","modified_gmt":"2024-07-10T10:39:46","slug":"automatic-can-sealing-machine","status":"publish","type":"product","link":"https:\/\/taizypackaging.com\/es\/automatic-can-sealing-machine\/","title":{"rendered":"M\u00e1quina autom\u00e1tica de sellado de latas"},"content":{"rendered":"<div class=\"kk-star-ratings kksr-auto kksr-align-left kksr-valign-top\"     data-payload='{&quot;align&quot;:&quot;left&quot;,&quot;id&quot;:&quot;4178&quot;,&quot;slug&quot;:&quot;default&quot;,&quot;valign&quot;:&quot;top&quot;,&quot;ignore&quot;:&quot;&quot;,&quot;reference&quot;:&quot;auto&quot;,&quot;class&quot;:&quot;&quot;,&quot;count&quot;:&quot;13&quot;,&quot;legendonly&quot;:&quot;&quot;,&quot;readonly&quot;:&quot;&quot;,&quot;score&quot;:&quot;4.8&quot;,&quot;starsonly&quot;:&quot;&quot;,&quot;best&quot;:&quot;5&quot;,&quot;gap&quot;:&quot;5&quot;,&quot;greet&quot;:&quot;Rate this product&quot;,&quot;legend&quot;:&quot;4.8\\\/5 - (13 votos)&quot;,&quot;size&quot;:&quot;24&quot;,&quot;title&quot;:&quot;Automatic Can Sealing Machine&quot;,&quot;width&quot;:&quot;136.7&quot;,&quot;_legend&quot;:&quot;{score}\\\/{best} - ({count} {votes})&quot;,&quot;font_factor&quot;:&quot;1.25&quot;}'>              <div class=\"kksr-stars\">      <div class=\"kksr-stars-inactive\">             <div class=\"kksr-star\" data-star=\"1\" style=\"padding-right: 5px\">               <div class=\"kksr-icon\" style=\"width: 24px; height: 24px;\"><\/div>         <\/div>             <div class=\"kksr-star\" data-star=\"2\" style=\"padding-right: 5px\">               <div class=\"kksr-icon\" style=\"width: 24px; height: 24px;\"><\/div>         <\/div>             <div class=\"kksr-star\" data-star=\"3\" style=\"padding-right: 5px\">               <div class=\"kksr-icon\" style=\"width: 24px; height: 24px;\"><\/div>         <\/div>             <div class=\"kksr-star\" data-star=\"4\" style=\"padding-right: 5px\">               <div class=\"kksr-icon\" style=\"width: 24px; height: 24px;\"><\/div>         <\/div>             <div class=\"kksr-star\" data-star=\"5\" style=\"padding-right: 5px\">               <div class=\"kksr-icon\" style=\"width: 24px; height: 24px;\"><\/div>         <\/div>     <\/div>      <div class=\"kksr-stars-active\" style=\"width: 136.7px;\">             <div class=\"kksr-star\" style=\"padding-right: 5px\">               <div class=\"kksr-icon\" style=\"width: 24px; height: 24px;\"><\/div>         <\/div>             <div class=\"kksr-star\" style=\"padding-right: 5px\">               <div class=\"kksr-icon\" style=\"width: 24px; height: 24px;\"><\/div>         <\/div>             <div class=\"kksr-star\" style=\"padding-right: 5px\">               <div class=\"kksr-icon\" style=\"width: 24px; height: 24px;\"><\/div>         <\/div>             <div class=\"kksr-star\" style=\"padding-right: 5px\">               <div class=\"kksr-icon\" style=\"width: 24px; height: 24px;\"><\/div>         <\/div>             <div class=\"kksr-star\" style=\"padding-right: 5px\">               <div class=\"kksr-icon\" style=\"width: 24px; height: 24px;\"><\/div>         <\/div>     <\/div> <\/div>                   <div class=\"kksr-legend\" style=\"font-size: 19.2px;\">             4,8\/5 - (13 votos)    <\/div>     <\/div>  <p class=\"translation-block\">La <strong>m\u00e1quina autom\u00e1tica de sellado de latas<\/strong> es adecuada para varias latas de metal, como latas de hojalata, latas de aluminio, etc. Se aplica ampliamente en la industria de alimentos y bebidas, la industria qu\u00edmica y la industria farmac\u00e9utica. De hecho, es un tipo de m\u00e1quina de sellado de latas inteligente. La m\u00e1quina de sellado de latas utiliza un sistema de detecci\u00f3n autom\u00e1tica, sin latas no hay sellado. Adem\u00e1s, al adoptar un sistema de control PLC y una pantalla t\u00e1ctil grande, la m\u00e1quina autom\u00e1tica de sellado de latas es f\u00e1cil de operar. En comparaci\u00f3n con una m\u00e1quina selladora de latas manual, la productividad de esta selladora de latas es 3 veces mayor. Creemos que mejorar\u00e1 enormemente su eficiencia y beneficiar\u00e1 a su negocio. Env\u00edenos una consulta para obtener un presupuesto gratuito hoy mismo.<\/p>    <h2 class=\"wp-block-heading\">V\u00eddeo de funcionamiento de la m\u00e1quina cerradora autom\u00e1tica de latas.<\/h2>   <figure class=\"wp-block-embed-youtube wp-block-embed is-type-video is-provider-youtube wp-embed-aspect-16-9 wp-has-aspect-ratio\"><div class=\"lyte-wrapper fourthree\" title=\"M\u00e1quina autom\u00e1tica de sellado de latas de metal | M\u00e1quina selladora industrial de latas de esta\u00f1o\/aluminio para alimentos y bebidas\" style=\"width:960px;max-width:100%;margin:5px auto;\"><div class=\"lyMe hidef\" id=\"WYL_hNiEN74gmak\" itemprop=\"video\" itemscope itemtype=\"https:\/\/schema.org\/VideoObject\"><div><meta itemprop=\"thumbnailUrl\" content=\"https:\/\/taizypackaging.com\/wp-content\/plugins\/wp-youtube-lyte\/lyteCache.php?origThumbUrl=https%3A%2F%2Fi.ytimg.com%2Fvi%2FhNiEN74gmak%2Fmaxresdefault.jpg\" \/><meta itemprop=\"embedURL\" content=\"https:\/\/www.youtube.com\/embed\/hNiEN74gmak\" \/><meta itemprop=\"duration\" content=\"PT2M30S\" \/><meta itemprop=\"uploadDate\" content=\"2022-03-09T07:04:03Z\" \/><\/div><div id=\"lyte_hNiEN74gmak\" data-src=\"https:\/\/taizypackaging.com\/wp-content\/plugins\/wp-youtube-lyte\/lyteCache.php?origThumbUrl=https%3A%2F%2Fi.ytimg.com%2Fvi%2FhNiEN74gmak%2Fmaxresdefault.jpg\" class=\"pL\"><div class=\"tC\"><div class=\"tT\" itemprop=\"name\">M\u00e1quina autom\u00e1tica de sellado de latas de metal | M\u00e1quina selladora industrial de latas de esta\u00f1o\/aluminio para alimentos y bebidas<\/div><\/div><div class=\"play\"><\/div><div class=\"ctrl\"><div class=\"Lctrl\"><\/div><div class=\"Rctrl\"><\/div><\/div><\/div><noscript><a href=\"https:\/\/youtu.be\/hNiEN74gmak\" rel=\"nofollow noopener\" target=\"_blank\"><img loading=\"lazy\" decoding=\"async\" src=\"https:\/\/taizypackaging.com\/wp-content\/plugins\/wp-youtube-lyte\/lyteCache.php?origThumbUrl=https%3A%2F%2Fi.ytimg.com%2Fvi%2FhNiEN74gmak%2F0.jpg\" alt=\"M\u00e1quina autom\u00e1tica de sellado de latas de metal | M\u00e1quina selladora industrial de latas de esta\u00f1o\/aluminio para alimentos y bebidas\" width=\"960\" height=\"700\" \/><br \/>Watch this video on YouTube<\/a><\/noscript><meta itemprop=\"description\" content=\"#cansealer #canseamer #cansealingmachine Email: info@taizypackaging.com WeChat\/ WhatsApp: +86 18837171591 Useful link: https:\/\/taizypackaging.com\/automatic-can-sealing-machine\/ --------------------------------------------------------------------------------------------------------------------- This automatic can sealing machine is designed for various round metal cans, such as tin cans, aluminum cans, etc. And it is widely applied in food&amp;beverage industry, chemical industry, and pharmaceutical industry. Automatic can sealing machine or automatic can seamer machine is applied for sealing various metal cans. It is suitable for sealing containers made up of plastic, tin, aluminum, glass, jar, pot, PET, paperboard, and others. Different from manual can sealer machine that needs a push-button or footswitch for operation, this fully automatic can sealing machine does not need any manual operation. Automatic can sealer is essential for factories with large production requirements. They need this machine for much higher efficiency and lower cost. ------------------------------------------------------------------------------------------------------------------------ You may also like these videos: Automatic round bottle labeling machine: https:\/\/www.youtube.com\/watch?v=CCdx5K88i5Q Automatic carton\/box packing machine: https:\/\/www.youtube.com\/watch?v=SpZuuzjcpSs&amp;t=3s ------------------------------------------------------------------------------------------------------------------------ Email: info@taizypackaging.com WeChat\/ WhatsApp: +86 18837171591 Useful link: https:\/\/taizypackaging.com\/automatic-can-sealing-machine\/\"><\/div><\/div><div class=\"lL\" style=\"max-width:100%;width:960px;margin:5px auto;\"><\/div><figcaption><\/figcaption><\/figure>   <h2 class=\"wp-block-heading\">Caracter\u00edsticas de rendimiento de la m\u00e1quina selladora autom\u00e1tica de latas Taizy<\/h2>    <ol class=\"wp-block-list\" type=\"1\"> <li>Sistema de detecci\u00f3n inteligente. S\u00f3lo cuando la m\u00e1quina encuentre latas, funcionar\u00e1. Y sin latas ni sellado.<\/li>    <li>Operaci\u00f3n f\u00e1cil. La m\u00e1quina autom\u00e1tica de sellado de latas utiliza un sistema de control inteligente y una pantalla t\u00e1ctil grande, f\u00e1cil de operar y mantener. <\/li>    <li>Fuerte capacidad de producci\u00f3n. Alto nivel de automatizaci\u00f3n, es un equipo adecuado para llenar la l\u00ednea de producci\u00f3n de sellado.<\/li>    <li>La rueda de sellado importada de Taiw\u00e1n tiene alta dureza, buena resistencia al desgaste, no se oxida y tiene un excelente rendimiento de sellado.<\/li>    <li>Estructura de carrocer\u00eda de acero inoxidable. Es duradero y tiene una larga vida \u00fatil.<\/li>    <li>Amplias aplicaciones. El sellador de latas industrial es ideal para varias latas de hojalata, latas de aluminio y todo tipo de latas met\u00e1licas redondas.<\/li>    <li>Servicio OEM\/ODM. Tenemos una poderosa capacidad para brindar servicios de personalizaci\u00f3n para satisfacer los requisitos de los clientes.<\/li> <\/ol>    <figure class=\"wp-block-image size-full\"><img decoding=\"async\" src=\"https:\/\/taizypackaging.com\/wp-content\/uploads\/2022\/03\/can-sealing-machine-factory.jpg\" alt=\"f\u00e1brica de m\u00e1quinas selladoras de latas\" class=\"wp-image-4183\"\/><figcaption class=\"wp-element-caption\">f\u00e1brica de m\u00e1quinas selladoras de latas<\/figcaption><\/figure>    <h2 class=\"wp-block-heading\">Par\u00e1metros de la m\u00e1quina selladora autom\u00e1tica de latas.<\/h2>    <figure class=\"wp-block-table\"><table><tbody><tr><td>Modelo<\/td><td>LT1035<\/td><td>AT-FG<\/td><\/tr><tr><td>Fuerza<\/td><td>220 V, 50-60 Hz<\/td><td>220 V, 50-60 Hz, 1,5 KW<\/td><\/tr><tr><td>Velocidad de producci\u00f3n<\/td><td>30-60 latas\/minuto<\/td><td>25-35 latas\/minuto<\/td><\/tr><tr><td>Tama\u00f1o de botella aplicable<\/td><td>\u00f8: 70-130 mm<br>Alto: 60-190 mm<\/td><td>Di\u00e1metro: 50-130 mm.<br>Alto: \u226470 mm, 70-200 mm<\/td><\/tr><tr><td>Peso<\/td><td>350 kilos<\/td><td>500 kilos<\/td><\/tr><tr><td>Dimensi\u00f3n<\/td><td>3000*1000*1500mm<\/td><td>3000*900*1800<\/td><\/tr><\/tbody><\/table><\/figure>    <p>Nota: El servicio OEM\/ODM est\u00e1 disponible<\/p>    <h2 class=\"wp-block-heading\">Marcas famosas de accesorios de nuestra m\u00e1quina selladora de latas.<\/h2>    <figure class=\"wp-block-table\"><table><tbody><tr><td>V\u00e1lvula de solenoide<\/td><td>AirTAC<\/td><\/tr><tr><td>Rel\u00e9<\/td><td>Schneider<\/td><\/tr><tr><td>contactor de CA<\/td><td>AUTONICAS<\/td><\/tr><tr><td>interruptor de proximidad<\/td><td>AUTONICAS<\/td><\/tr><tr><td>interruptor fotoel\u00e9ctrico<\/td><td>AUTONICAS<\/td><\/tr><tr><td>Cilindro<\/td><td>AirTAC<\/td><\/tr><tr><td>Bot\u00f3n<\/td><td>Schneider<\/td><\/tr><\/tbody><\/table><\/figure>    <h2 class=\"wp-block-heading\">\u00bfQu\u00e9 es una m\u00e1quina selladora autom\u00e1tica de latas?<\/h2>    <p>La m\u00e1quina selladora autom\u00e1tica de latas o la m\u00e1quina cerradora autom\u00e1tica de latas se utilizan para sellar varias latas de metal. Es adecuado para sellar envases compuestos de pl\u00e1stico, hojalata, aluminio, vidrio, tarro, olla, PET, cart\u00f3n y otros. A diferencia de una m\u00e1quina selladora de latas manual que necesita un bot\u00f3n o un interruptor de pedal para su funcionamiento, esta m\u00e1quina selladora de latas totalmente autom\u00e1tica no necesita ninguna operaci\u00f3n manual.<\/p>    <p>El sellador de latas autom\u00e1tico es esencial para f\u00e1bricas con grandes requisitos de producci\u00f3n. Necesitan esta m\u00e1quina para lograr una eficiencia mucho mayor y un costo menor. Adem\u00e1s, esta m\u00e1quina puede funcionar con m\u00e1quinas llenadoras y empacadoras juntas para obtener una l\u00ednea de producci\u00f3n completa.<\/p>    <figure class=\"wp-block-image size-full\"><img decoding=\"async\" src=\"https:\/\/taizypackaging.com\/wp-content\/uploads\/2022\/03\/automatic-can-sealer-applications.jpg\" alt=\"Aplicaciones de sellador autom\u00e1tico de latas.\" class=\"wp-image-4184\"\/><figcaption class=\"wp-element-caption\">Aplicaciones de sellador autom\u00e1tico de latas.<\/figcaption><\/figure>    <h2 class=\"wp-block-heading\">Personalizando tu m\u00e1quina cerradora de latas autom\u00e1tica<\/h2>    <p class=\"translation-block\">Como uno de los principales fabricantes de soluciones de embalaje en China, <a href=\"https:\/\/taizypackaging.com\/es\/\">Taizy Packaging Machinery<\/a> tiene una s\u00f3lida capacidad OEM\/ODM para proporcionar excelentes selladoras de latas que beneficien su proyecto. Antes de comenzar su negocio, es necesario que le ayudemos a comprender sus necesidades. Por ejemplo, \u00bfqu\u00e9 productos y material de contenedor desea envasar? \u00bfCu\u00e1l es la demanda de producci\u00f3n de su f\u00e1brica? \u00bfCu\u00e1l es la estructura de su planta? Y sus otros requisitos especiales. Cont\u00e1ctenos ahora para comenzar su proyecto. &nbsp;<\/p>","protected":false},"excerpt":{"rendered":"<p>Automatic can sealing machine is suitable for various metal cans, such as tin cans, aluminum cans, etc. It is widely applied in food&amp;beverage industry, chemical industry, and pharmaceutical industry. Actually, it is a kind of intelligent can sealing machine. The can sealing machine uses an automatic detection system, no cans no sealing. Besides, adopting a [&hellip;]<\/p>\n","protected":false},"author":1,"featured_media":4890,"parent":0,"template":"","tags":[612,548],"product-type":[663],"class_list":["post-4178","product","type-product","status-publish","has-post-thumbnail","hentry","tag-can-sealing-machine","tag-sealing-machine","product-type-bottle-filling-production-line"],"_links":{"self":[{"href":"https:\/\/taizypackaging.com\/es\/wp-json\/wp\/v2\/product\/4178","targetHints":{"allow":["GET"]}}],"collection":[{"href":"https:\/\/taizypackaging.com\/es\/wp-json\/wp\/v2\/product"}],"about":[{"href":"https:\/\/taizypackaging.com\/es\/wp-json\/wp\/v2\/types\/product"}],"author":[{"embeddable":true,"href":"https:\/\/taizypackaging.com\/es\/wp-json\/wp\/v2\/users\/1"}],"wp:featuredmedia":[{"embeddable":true,"href":"https:\/\/taizypackaging.com\/es\/wp-json\/wp\/v2\/media\/4890"}],"wp:attachment":[{"href":"https:\/\/taizypackaging.com\/es\/wp-json\/wp\/v2\/media?parent=4178"}],"wp:term":[{"taxonomy":"post_tag","embeddable":true,"href":"https:\/\/taizypackaging.com\/es\/wp-json\/wp\/v2\/tags?post=4178"},{"taxonomy":"product-type","embeddable":true,"href":"https:\/\/taizypackaging.com\/es\/wp-json\/wp\/v2\/product-type?post=4178"}],"curies":[{"name":"wp","href":"https:\/\/api.w.org\/{rel}","templated":true}]}}