{"id":4229,"date":"2022-03-11T09:42:24","date_gmt":"2022-03-11T09:42:24","guid":{"rendered":"https:\/\/taizypackaging.com\/?p=4229"},"modified":"2024-07-10T18:38:17","modified_gmt":"2024-07-10T10:38:17","slug":"bottle-washing-machine","status":"publish","type":"product","link":"https:\/\/taizypackaging.com\/es\/bottle-washing-machine\/","title":{"rendered":"Lavadora de botellas"},"content":{"rendered":"<div class=\"kk-star-ratings kksr-auto kksr-align-left kksr-valign-top\"     data-payload='{&quot;align&quot;:&quot;left&quot;,&quot;id&quot;:&quot;4229&quot;,&quot;slug&quot;:&quot;default&quot;,&quot;valign&quot;:&quot;top&quot;,&quot;ignore&quot;:&quot;&quot;,&quot;reference&quot;:&quot;auto&quot;,&quot;class&quot;:&quot;&quot;,&quot;count&quot;:&quot;20&quot;,&quot;legendonly&quot;:&quot;&quot;,&quot;readonly&quot;:&quot;&quot;,&quot;score&quot;:&quot;4.6&quot;,&quot;starsonly&quot;:&quot;&quot;,&quot;best&quot;:&quot;5&quot;,&quot;gap&quot;:&quot;5&quot;,&quot;greet&quot;:&quot;Rate this product&quot;,&quot;legend&quot;:&quot;4.6\\\/5 - (20 votos)&quot;,&quot;size&quot;:&quot;24&quot;,&quot;title&quot;:&quot;Bottle Washing Machine&quot;,&quot;width&quot;:&quot;130.9&quot;,&quot;_legend&quot;:&quot;{score}\\\/{best} - ({count} {votes})&quot;,&quot;font_factor&quot;:&quot;1.25&quot;}'>              <div class=\"kksr-stars\">      <div class=\"kksr-stars-inactive\">             <div class=\"kksr-star\" data-star=\"1\" style=\"padding-right: 5px\">               <div class=\"kksr-icon\" style=\"width: 24px; height: 24px;\"><\/div>         <\/div>             <div class=\"kksr-star\" data-star=\"2\" style=\"padding-right: 5px\">               <div class=\"kksr-icon\" style=\"width: 24px; height: 24px;\"><\/div>         <\/div>             <div class=\"kksr-star\" data-star=\"3\" style=\"padding-right: 5px\">               <div class=\"kksr-icon\" style=\"width: 24px; height: 24px;\"><\/div>         <\/div>             <div class=\"kksr-star\" data-star=\"4\" style=\"padding-right: 5px\">               <div class=\"kksr-icon\" style=\"width: 24px; height: 24px;\"><\/div>         <\/div>             <div class=\"kksr-star\" data-star=\"5\" style=\"padding-right: 5px\">               <div class=\"kksr-icon\" style=\"width: 24px; height: 24px;\"><\/div>         <\/div>     <\/div>      <div class=\"kksr-stars-active\" style=\"width: 130.9px;\">             <div class=\"kksr-star\" style=\"padding-right: 5px\">               <div class=\"kksr-icon\" style=\"width: 24px; height: 24px;\"><\/div>         <\/div>             <div class=\"kksr-star\" style=\"padding-right: 5px\">               <div class=\"kksr-icon\" style=\"width: 24px; height: 24px;\"><\/div>         <\/div>             <div class=\"kksr-star\" style=\"padding-right: 5px\">               <div class=\"kksr-icon\" style=\"width: 24px; height: 24px;\"><\/div>         <\/div>             <div class=\"kksr-star\" style=\"padding-right: 5px\">               <div class=\"kksr-icon\" style=\"width: 24px; height: 24px;\"><\/div>         <\/div>             <div class=\"kksr-star\" style=\"padding-right: 5px\">               <div class=\"kksr-icon\" style=\"width: 24px; height: 24px;\"><\/div>         <\/div>     <\/div> <\/div>                   <div class=\"kksr-legend\" style=\"font-size: 19.2px;\">             4,6\/5 - (20 votos)    <\/div>     <\/div>  <p class=\"translation-block\"><strong>La m\u00e1quina de lavado de botellas<\/strong> o <strong>lavadora de botellas<\/strong> est\u00e1 dise\u00f1ada para limpiar botellas antes de llenarlas. Se utiliza ampliamente en f\u00e1bricas de agua, f\u00e1bricas de bebidas, f\u00e1bricas de vino, plantas cosm\u00e9ticas, f\u00e1bricas farmac\u00e9uticas y otras l\u00edneas de producci\u00f3n. Adem\u00e1s, la <strong>m\u00e1quina de limpieza de botellas<\/strong> es adecuada para varios tipos de botellas, como botellas de pl\u00e1stico, botellas de vidrio, botellas de PET, botellas de leche, botellas de cerveza, botellas de agua, botellas de vino, botellas de soda, etc. Puede manejar docenas de botellas a la vez, de manera eficiente y confiable. Y la capacidad de producci\u00f3n puede alcanzar las 3000 botellas en una hora. Las lavadoras de botellas son equipos esenciales para muchas grandes industrias manufactureras. Puede mejorar enormemente su eficiencia y beneficiar su negocio. &nbsp;<\/p>    <h2 class=\"wp-block-heading\">Caracter\u00edsticas de rendimiento<\/h2>    <ol class=\"wp-block-list\" type=\"1\"><li>Adopte un sistema neum\u00e1tico y una bomba de agua caliente de acero inoxidable, limpio e higi\u00e9nico, sin contaminaci\u00f3n.<\/li><li>El tanque de agua puede ser calentado por vapor o el\u00e9ctrico, control autom\u00e1tico de temperatura, sistema de control PLC, el tiempo de limpieza ultras\u00f3nica se puede configurar libremente.<\/li><li>El m\u00e9todo de limpieza de placa plana logra una baja tasa de da\u00f1o a las botellas.<\/li><li>La bandeja para biberones llena de ampolla se puede introducir directamente en el horno de esterilizaci\u00f3n sin darle la vuelta.<\/li><li>El tubo rociador se puede ajustar hacia arriba y hacia abajo, adecuado para limpiar botellas de vidrio y botellas de pl\u00e1stico de diferentes alturas, calidad de limpieza de acuerdo con los requisitos est\u00e1ndar GMP.<\/li><li>Ambos lados del riel gu\u00eda de la barandilla se pueden ajustar hacia la izquierda y hacia la derecha, lo que es adecuado para limpiar diferentes tama\u00f1os de botellas de vidrio y botellas de pl\u00e1stico.<\/li><li>Con un dispositivo de eliminaci\u00f3n de agua residual, se pueden ahorrar recursos h\u00eddricos para las f\u00e1bricas.<\/li><\/ol>    <h2 class=\"wp-block-heading\">V\u00eddeo de funcionamiento de la lavadora de botellas. <\/h2>   <figure class=\"wp-block-embed-youtube wp-block-embed is-type-video is-provider-youtube wp-embed-aspect-16-9 wp-has-aspect-ratio\"><div class=\"lyte-wrapper fourthree\" title=\"M\u00e1quina autom\u00e1tica de limpieza, enjuague y lavado de botellas | Lavadora de botellas para agua, cerveza, refrescos, vino y leche\" style=\"width:960px;max-width:100%;margin:5px auto;\"><div class=\"lyMe hidef\" id=\"WYL_Y02hdzKkCXo\" itemprop=\"video\" itemscope itemtype=\"https:\/\/schema.org\/VideoObject\"><div><meta itemprop=\"thumbnailUrl\" content=\"https:\/\/taizypackaging.com\/wp-content\/plugins\/wp-youtube-lyte\/lyteCache.php?origThumbUrl=https%3A%2F%2Fi.ytimg.com%2Fvi%2FY02hdzKkCXo%2Fmaxresdefault.jpg\" \/><meta itemprop=\"embedURL\" content=\"https:\/\/www.youtube.com\/embed\/Y02hdzKkCXo\" \/><meta itemprop=\"duration\" content=\"PT1M41S\" \/><meta itemprop=\"uploadDate\" content=\"2022-03-22T07:24:52Z\" \/><\/div><div id=\"lyte_Y02hdzKkCXo\" data-src=\"https:\/\/taizypackaging.com\/wp-content\/plugins\/wp-youtube-lyte\/lyteCache.php?origThumbUrl=https%3A%2F%2Fi.ytimg.com%2Fvi%2FY02hdzKkCXo%2Fmaxresdefault.jpg\" class=\"pL\"><div class=\"tC\"><div class=\"tT\" itemprop=\"name\">M\u00e1quina autom\u00e1tica de limpieza, enjuague y lavado de botellas | Lavadora de botellas para agua, cerveza, refrescos, vino y leche<\/div><\/div><div class=\"play\"><\/div><div class=\"ctrl\"><div class=\"Lctrl\"><\/div><div class=\"Rctrl\"><\/div><\/div><\/div><noscript><a href=\"https:\/\/youtu.be\/Y02hdzKkCXo\" rel=\"nofollow noopener\" target=\"_blank\"><img loading=\"lazy\" decoding=\"async\" src=\"https:\/\/taizypackaging.com\/wp-content\/plugins\/wp-youtube-lyte\/lyteCache.php?origThumbUrl=https%3A%2F%2Fi.ytimg.com%2Fvi%2FY02hdzKkCXo%2F0.jpg\" alt=\"M\u00e1quina autom\u00e1tica de limpieza, enjuague y lavado de botellas | Lavadora de botellas para agua, cerveza, refrescos, vino y leche\" width=\"960\" height=\"700\" \/><br \/>Watch this video on YouTube<\/a><\/noscript><meta itemprop=\"description\" content=\"#bottlewasher #bottlecleaningmachine #bottlerinsing Email: info@taizypackaging.com WhatsApp\/ WeChat: +86 18837171591 Useful link: https:\/\/taizypackaging.com\/bottle-washing-machine\/ ---------------------------------------------- Bottle washing machine is the equipment used for bottle cleaning and rinsing. We supply three types of bottle washers. One is equipped with 32 bottle placing positions. It occupied a small space, suitable for small and middle plants. When using the bottle cleaning machine, placing bottles upside down, bottles will rotate followed by a turntable. It will spray water into the bottles when the bottle reaches the spraying nozzles. The second type of water rinsing machine has 54 bottle holders. They are linked by a chain. Starting the bottle washer, the bottle holders will spin around two toothed gears. When the bottles are conveyed to spouts, it will spraying water into bottles. Besides, waters will drip on the bottles through the curtain above. The other one is an integrated cleaning and drying machine. As the name implies, it can complete the process of rinsing and drying automatically through multiple processes of washing. And the angel of rinsing is adjustable. The equipment can highly improve production efficiency. ---------------------------------------------- You may be also interested in these videos: Automatic bottle unscrambler machine: https:\/\/www.youtube.com\/watch?v=PGWp2gb0pns Automatic bottle filling machine: https:\/\/www.youtube.com\/watch?v=wRSdydlCgJM&amp;t=98s ---------------------------------------------- Email: info@taizypackaging.com WhatsApp\/ WeChat: +86 18837171591 Useful link: https:\/\/taizypackaging.com\/bottle-washing-machine\/\"><\/div><\/div><div class=\"lL\" style=\"max-width:100%;width:960px;margin:5px auto;\"><\/div><figcaption><\/figcaption><\/figure>   <h2 class=\"wp-block-heading\">Tipo de lavadora de botellas a la venta.<\/h2>    <p class=\"translation-block\">Hay dos tipos de m\u00e1quinas de lavado de botellas en venta en <a href=\"https:\/\/taizypackaging.com\/es\/\">Taizy Machinery Co., Ltd<\/a>, una m\u00e1quina de lavado de botellas rotativa peque\u00f1a y una m\u00e1quina de lavado de botellas en l\u00ednea de 54 cabezales. Tienen diferentes caracter\u00edsticas de rendimiento y ventajas.<\/p>    <h3 class=\"wp-block-heading\">Tipo uno: Lavadora de botellas giratoria peque\u00f1a<\/h3>    <p>Esta lavadora de botellas giratoria es un tipo peque\u00f1o de lavadora de botellas. Tiene las ventajas de un tama\u00f1o peque\u00f1o y un precio favorable. La capacidad de producci\u00f3n puede alcanzar las 2300 botellas por hora. Es adecuado para proyectos peque\u00f1os. Una m\u00e1quina limpiadora de botellas rotativa cubre un \u00e1rea peque\u00f1a de su planta. Adem\u00e1s, el precio de la m\u00e1quina limpiadora de botellas peque\u00f1as es asequible.<\/p>    <figure class=\"wp-block-image size-full\"><img decoding=\"async\" src=\"https:\/\/taizypackaging.com\/wp-content\/uploads\/2022\/03\/rotary-bottle-washing-machine.jpg\" alt=\"lavadora de botellas rotativa\" class=\"wp-image-4234\"\/><figcaption>lavadora de botellas rotativa<\/figcaption><\/figure>    <h3 class=\"wp-block-heading\">Tipo dos: lavadora de botellas en l\u00ednea de 54 cabezales<\/h3>    <p>Esta m\u00e1quina tiene una mayor eficiencia que la m\u00e1quina limpiadora de botellas rotativa. Puede lavar 54 cabezas una vez. Su capacidad de producci\u00f3n puede alcanzar las 3000 botellas en una hora. Es adecuado para grandes proyectos. El rango de altura de la botella es de 120 mm a 300 mm y el di\u00e1metro de la botella es de 40 mm a 90 mm. Adem\u00e1s, respaldamos un s\u00f3lido servicio OEM para satisfacer con precisi\u00f3n sus necesidades.<\/p>    <figure class=\"wp-block-image size-full\"><img loading=\"lazy\" decoding=\"async\" width=\"720\" height=\"540\" src=\"https:\/\/taizypackaging.com\/wp-content\/uploads\/2022\/03\/bottle-cleaning-machine.jpg\" alt=\"m\u00e1quina de limpieza de botellas\" class=\"wp-image-4233\" srcset=\"https:\/\/taizypackaging.com\/wp-content\/uploads\/2022\/03\/bottle-cleaning-machine.jpg 720w, https:\/\/taizypackaging.com\/wp-content\/uploads\/2022\/03\/bottle-cleaning-machine-300x225.jpg 300w\" sizes=\"auto, (max-width: 720px) 100vw, 720px\" \/><figcaption>m\u00e1quina de limpieza de botellas<\/figcaption><\/figure>    <h2 class=\"wp-block-heading\">Ventajas de la m\u00e1quina limpiadora de botellas Taizy <\/h2>    <ol class=\"wp-block-list\" type=\"1\"><li>Amplias aplicaciones. Esta lavadora de botellas es ideal para limpiar botellas de pl\u00e1stico, botellas de vidrio, etc.<\/li><li>Material duradero. Toda la estructura de soporte de la m\u00e1quina est\u00e1 hecha de acero inoxidable 304.<\/li><li>Estructura simple y dise\u00f1o razonable. Es f\u00e1cil de operar y mantener.<\/li><li>La lavadora de botellas est\u00e1 equipada con rueda universal para facilitar el desplazamiento del taller.<\/li><li>Buen rendimiento. Tiene un rendimiento mucho mejor que los lavabotellas tradicionales.<\/li><li>Esta m\u00e1quina se utiliza como dispositivo de control de temperatura, el equipo durante el uso de control de temperatura uniforme, el efecto de esterilizaci\u00f3n es bueno.<\/li><li>La lavadora de botellas adopta un dispositivo convertidor de frecuencia, equipo que utiliza una velocidad conveniente, operaci\u00f3n simple, protege eficazmente el motor y prolonga la vida \u00fatil del motor.<\/li><li>Servicio OEM. Dise\u00f1amos y fabricamos m\u00e1quinas limpiadoras de botellas de acuerdo con sus requisitos espec\u00edficos.<\/li><\/ol>    <h2 class=\"wp-block-heading\">Principio de funcionamiento de la lavadora de botellas. <\/h2>    <p>Las botellas se cargan en la siguiente secci\u00f3n de indexaci\u00f3n de la plataforma y se limpian mediante una serie de operaciones. Se proporcionan portabotellas especialmente dise\u00f1ados para sostener botellas con un di\u00e1metro de cuello. Las botellas se colocan boca abajo en estos soportes en forma de copa. Roc\u00ede para limpiar el exterior de la botella. Se proporcionan v\u00e1lvulas solenoides para regular el tiempo de limpieza. Roc\u00ede agua cuando la botella se detenga, garantice la conservaci\u00f3n del agua y la secuencia de varios medios de limpieza para cumplir con requisitos espec\u00edficos.<\/p>    <figure class=\"wp-block-image size-full\"><img decoding=\"async\" src=\"https:\/\/taizypackaging.com\/wp-content\/uploads\/2022\/03\/Taizy-bottle-washers-factory.jpg\" alt=\"F\u00e1brica de lavadoras de botellas Taizy\" class=\"wp-image-4248\"\/><figcaption>F\u00e1brica de lavadoras de botellas Taizy<\/figcaption><\/figure>    <h2 class=\"wp-block-heading\">Inicia tu negocio<\/h2>    <p class=\"translation-block\">Estas dos m\u00e1quinas de lavado de botellas semiautom\u00e1ticas tienen diferentes caracter\u00edsticas y beneficios. Y son adecuadas para diferentes entornos y condiciones de trabajo. La m\u00e1quina de limpieza de botellas siempre trabaja junto con otros equipos como la m\u00e1quina de llenado de botellas, <a href=\"https:\/\/taizypackaging.com\/es\/machines-category\/capping\/\">m\u00e1quina de taponado de botellas<\/a>, m\u00e1quina etiquetadora de botellas. Es una parte importante de una <a href=\"https:\/\/taizypackaging.com\/es\/machines-category\/bottle-filling-production-line\/\">l\u00ednea de producci\u00f3n de l\u00edquidos<\/a> completa. Si est\u00e1 interesado en estas m\u00e1quinas, cont\u00e1ctenos para obtener una lista de precios gratuita. <\/p>","protected":false},"excerpt":{"rendered":"<p>Bottle washing machine or bottle washer is designed for cleaning bottles before filling. It is widely used in water, beverage factories, wine factories, cosmetic plants, pharmaceutical factories, and other production lines. Besides, the bottle cleaning machine is suitable for various bottle types, such as plastic bottles, glass bottles, PET bottles, milk bottles, beer bottles, water [&hellip;]<\/p>\n","protected":false},"author":1,"featured_media":4232,"parent":0,"template":"","tags":[618,191,619],"product-type":[663],"class_list":["post-4229","product","type-product","status-publish","has-post-thumbnail","hentry","tag-bottle-washing-machine","tag-glass-bottle","tag-plastic-bottle","product-type-bottle-filling-production-line"],"_links":{"self":[{"href":"https:\/\/taizypackaging.com\/es\/wp-json\/wp\/v2\/product\/4229","targetHints":{"allow":["GET"]}}],"collection":[{"href":"https:\/\/taizypackaging.com\/es\/wp-json\/wp\/v2\/product"}],"about":[{"href":"https:\/\/taizypackaging.com\/es\/wp-json\/wp\/v2\/types\/product"}],"author":[{"embeddable":true,"href":"https:\/\/taizypackaging.com\/es\/wp-json\/wp\/v2\/users\/1"}],"wp:featuredmedia":[{"embeddable":true,"href":"https:\/\/taizypackaging.com\/es\/wp-json\/wp\/v2\/media\/4232"}],"wp:attachment":[{"href":"https:\/\/taizypackaging.com\/es\/wp-json\/wp\/v2\/media?parent=4229"}],"wp:term":[{"taxonomy":"post_tag","embeddable":true,"href":"https:\/\/taizypackaging.com\/es\/wp-json\/wp\/v2\/tags?post=4229"},{"taxonomy":"product-type","embeddable":true,"href":"https:\/\/taizypackaging.com\/es\/wp-json\/wp\/v2\/product-type?post=4229"}],"curies":[{"name":"wp","href":"https:\/\/api.w.org\/{rel}","templated":true}]}}