{"id":4257,"date":"2022-03-15T07:30:21","date_gmt":"2022-03-15T07:30:21","guid":{"rendered":"https:\/\/taizypackaging.com\/?p=4257"},"modified":"2024-07-10T18:37:19","modified_gmt":"2024-07-10T10:37:19","slug":"pet-bottle-blowing-machine","status":"publish","type":"product","link":"https:\/\/taizypackaging.com\/es\/pet-bottle-blowing-machine\/","title":{"rendered":"M\u00e1quina de soplado de botellas de PET"},"content":{"rendered":"<div class=\"kk-star-ratings kksr-auto kksr-align-left kksr-valign-top\"     data-payload='{&quot;align&quot;:&quot;left&quot;,&quot;id&quot;:&quot;4257&quot;,&quot;slug&quot;:&quot;default&quot;,&quot;valign&quot;:&quot;top&quot;,&quot;ignore&quot;:&quot;&quot;,&quot;reference&quot;:&quot;auto&quot;,&quot;class&quot;:&quot;&quot;,&quot;count&quot;:&quot;16&quot;,&quot;legendonly&quot;:&quot;&quot;,&quot;readonly&quot;:&quot;&quot;,&quot;score&quot;:&quot;4.7&quot;,&quot;starsonly&quot;:&quot;&quot;,&quot;best&quot;:&quot;5&quot;,&quot;gap&quot;:&quot;5&quot;,&quot;greet&quot;:&quot;Rate this product&quot;,&quot;legend&quot;:&quot;4.7\\\/5 - (16 votos)&quot;,&quot;size&quot;:&quot;24&quot;,&quot;title&quot;:&quot;PET Bottle Blowing Machine&quot;,&quot;width&quot;:&quot;133.8&quot;,&quot;_legend&quot;:&quot;{score}\\\/{best} - ({count} {votes})&quot;,&quot;font_factor&quot;:&quot;1.25&quot;}'>              <div class=\"kksr-stars\">      <div class=\"kksr-stars-inactive\">             <div class=\"kksr-star\" data-star=\"1\" style=\"padding-right: 5px\">               <div class=\"kksr-icon\" style=\"width: 24px; height: 24px;\"><\/div>         <\/div>             <div class=\"kksr-star\" data-star=\"2\" style=\"padding-right: 5px\">               <div class=\"kksr-icon\" style=\"width: 24px; height: 24px;\"><\/div>         <\/div>             <div class=\"kksr-star\" data-star=\"3\" style=\"padding-right: 5px\">               <div class=\"kksr-icon\" style=\"width: 24px; height: 24px;\"><\/div>         <\/div>             <div class=\"kksr-star\" data-star=\"4\" style=\"padding-right: 5px\">               <div class=\"kksr-icon\" style=\"width: 24px; height: 24px;\"><\/div>         <\/div>             <div class=\"kksr-star\" data-star=\"5\" style=\"padding-right: 5px\">               <div class=\"kksr-icon\" style=\"width: 24px; height: 24px;\"><\/div>         <\/div>     <\/div>      <div class=\"kksr-stars-active\" style=\"width: 133.8px;\">             <div class=\"kksr-star\" style=\"padding-right: 5px\">               <div class=\"kksr-icon\" style=\"width: 24px; height: 24px;\"><\/div>         <\/div>             <div class=\"kksr-star\" style=\"padding-right: 5px\">               <div class=\"kksr-icon\" style=\"width: 24px; height: 24px;\"><\/div>         <\/div>             <div class=\"kksr-star\" style=\"padding-right: 5px\">               <div class=\"kksr-icon\" style=\"width: 24px; height: 24px;\"><\/div>         <\/div>             <div class=\"kksr-star\" style=\"padding-right: 5px\">               <div class=\"kksr-icon\" style=\"width: 24px; height: 24px;\"><\/div>         <\/div>             <div class=\"kksr-star\" style=\"padding-right: 5px\">               <div class=\"kksr-icon\" style=\"width: 24px; height: 24px;\"><\/div>         <\/div>     <\/div> <\/div>                   <div class=\"kksr-legend\" style=\"font-size: 19.2px;\">             4,7\/5 - (16 votos)    <\/div>     <\/div>  <p class=\"translation-block\">La <strong>m\u00e1quina sopladora de botellas PET<\/strong> es ideal para fabricar botellas de PET\/PE\/PC de diferentes formas y tama\u00f1os. Es la soluci\u00f3n de mayor rendimiento y coste para requisitos de producci\u00f3n elevados de botellas de pl\u00e1stico. Esta <strong>m\u00e1quina de moldeo de botellas PET<\/strong> es muy adecuada para proyectos peque\u00f1os y medianos. Se utiliza ampliamente en muchas industrias, como la del agua mineral, agua pura, bebidas, cosm\u00e9ticos, farmac\u00e9utica, aceite de cocina, detergente l\u00edquido, etc. Una m\u00e1quina sopladora de botellas es un equipo esencial para una l\u00ednea de producci\u00f3n completa en muchas industrias. <\/p>    <h2 class=\"wp-block-heading\">V\u00eddeo de funcionamiento de la m\u00e1quina moldeadora de botellas de PET semiautom\u00e1tica<\/h2>   <figure class=\"wp-block-embed-youtube wp-block-embed is-type-video is-provider-youtube wp-embed-aspect-16-9 wp-has-aspect-ratio\"><div class=\"lyte-wrapper fourthree\" title=\"Velocidad del nuevo dise\u00f1o de la m\u00e1quina que sopla de la botella semi autom\u00e1tica del ANIMAL DOM\u00c9STICO\" style=\"width:960px;max-width:100%;margin:5px auto;\"><div class=\"lyMe hidef\" id=\"WYL_v7ah4l_6rIQ\" itemprop=\"video\" itemscope itemtype=\"https:\/\/schema.org\/VideoObject\"><div><meta itemprop=\"thumbnailUrl\" content=\"https:\/\/taizypackaging.com\/wp-content\/plugins\/wp-youtube-lyte\/lyteCache.php?origThumbUrl=https%3A%2F%2Fi.ytimg.com%2Fvi%2Fv7ah4l_6rIQ%2Fmaxresdefault.jpg\" \/><meta itemprop=\"embedURL\" content=\"https:\/\/www.youtube.com\/embed\/v7ah4l_6rIQ\" \/><meta itemprop=\"duration\" content=\"PT3M36S\" \/><meta itemprop=\"uploadDate\" content=\"2022-04-06T06:51:11Z\" \/><\/div><div id=\"lyte_v7ah4l_6rIQ\" data-src=\"https:\/\/taizypackaging.com\/wp-content\/plugins\/wp-youtube-lyte\/lyteCache.php?origThumbUrl=https%3A%2F%2Fi.ytimg.com%2Fvi%2Fv7ah4l_6rIQ%2Fmaxresdefault.jpg\" class=\"pL\"><div class=\"tC\"><div class=\"tT\" itemprop=\"name\">Velocidad del nuevo dise\u00f1o de la m\u00e1quina que sopla de la botella semi autom\u00e1tica del ANIMAL DOM\u00c9STICO<\/div><\/div><div class=\"play\"><\/div><div class=\"ctrl\"><div class=\"Lctrl\"><\/div><div class=\"Rctrl\"><\/div><\/div><\/div><noscript><a href=\"https:\/\/youtu.be\/v7ah4l_6rIQ\" rel=\"nofollow noopener\" target=\"_blank\"><img loading=\"lazy\" decoding=\"async\" src=\"https:\/\/taizypackaging.com\/wp-content\/plugins\/wp-youtube-lyte\/lyteCache.php?origThumbUrl=https%3A%2F%2Fi.ytimg.com%2Fvi%2Fv7ah4l_6rIQ%2F0.jpg\" alt=\"Velocidad del nuevo dise\u00f1o de la m\u00e1quina que sopla de la botella semi autom\u00e1tica del ANIMAL DOM\u00c9STICO\" width=\"960\" height=\"700\" \/><br \/>Watch this video on YouTube<\/a><\/noscript><meta itemprop=\"description\" content=\"#petbottle #bottleblowingmachine #bottlemouldingmachine Email: info@taizypackaging.com WhatsApp: +86 18837171591 Useful link: https:\/\/taizypackaging.com\/pet-bottle-blowing-machine\/ ---------------------------------------------------- PET bottle blowing machine is ideal to manufacture different shapes and sizes of PET\/PE\/PC bottles. It is the most high-cost performance solution for large production requirements of plastic bottles And this pet bottle molding machine is quite suitable for small and medium-scale projects. It is widely used in lots of industries, such as mineral water, pure water industry, beverage industry, cosmetic industry, pharmaceutical industry, cooking oil industry, liquid detergent industry, etc. A bottle blow machine is essential equipment for a complete manufacturing line in many industries. There are fully and semi automatic plastic bottle blowing machine available from Taizy machinery. They are suitable for different working requirements and working conditions. ---------------------------------------------------- You may also like these videos: Automatic bottle washing machine: https:\/\/www.youtube.com\/watch?v=Y02hdzKkCXo Fully automatic pet bottle filling line: https:\/\/youtu.be\/wRSdydlCgJM ---------------------------------------------------- Email: info@taizypackaging.com WhatsApp: +86 18837171591 Useful link: https:\/\/taizypackaging.com\/pet-bottle-blowing-machine\/\"><\/div><\/div><div class=\"lL\" style=\"max-width:100%;width:960px;margin:5px auto;\"><\/div><figcaption><\/figcaption><\/figure>   <h2 class=\"wp-block-heading\">\u00bfQu\u00e9 es el soplado de botellas de PET?<\/h2>    <p>Generalmente existe un proceso de soplado de botellas de PET a la hora de fabricar una botella de pl\u00e1stico. Y este proceso suele finalizarse con una m\u00e1quina sopladora de botellas. Y hay una m\u00e1quina sopladora de botellas de PET semiautom\u00e1tica y una m\u00e1quina sopladora de botellas de PET completamente autom\u00e1tica. Estas m\u00e1quinas pueden completar tanto el proceso de estiramiento como el de soplado. Tienen diferentes caracter\u00edsticas y ventajas. Si est\u00e1 buscando una m\u00e1quina moldeadora de botellas confiable, es necesario que aclare sus requisitos.<\/p>    <figure class=\"wp-block-image size-full\"><img decoding=\"async\" src=\"https:\/\/taizypackaging.com\/wp-content\/uploads\/2022\/03\/two-stage-bottle-moulding-machine.jpg\" alt=\"m\u00e1quina de moldeo de botellas de dos etapas\" class=\"wp-image-4266\"\/><figcaption class=\"wp-element-caption\">m\u00e1quina de moldeo de botellas de dos etapas<\/figcaption><\/figure>    <h2 class=\"wp-block-heading\">Caracter\u00edsticas de rendimiento de la m\u00e1quina sopladora de botellas de PET Taizy<\/h2>    <ul class=\"wp-block-list\" type=\"1\"> <li>La luz infrarroja se mezcla con el precalentador para garantizar que la preforma de la botella de PET se caliente de manera uniforme.<\/li>    <li>Los brazos mec\u00e1nicos est\u00e1n sedados para garantizar que el molde est\u00e9 bien cerrado bajo altas temperaturas.<\/li> <\/ul>    <ul class=\"wp-block-list\"> <li>El sistema neum\u00e1tico consta de dos partes: la parte de actuaci\u00f3n neum\u00e1tica y la parte de la botella de soplado. Para cumplir con los diferentes requisitos de actuaci\u00f3n y soplado, proporciona suficiente presi\u00f3n alta estable para el soplado. Proporciona alta presi\u00f3n estable para soplar botellas grandes con formas irregulares.<\/li>    <li>Est\u00e1 equipado con un silenciador y un sistema de lubricaci\u00f3n para la lubricaci\u00f3n de las partes mec\u00e1nicas de la m\u00e1quina.<\/li>    <li>Dise\u00f1o y estructura razonables. La m\u00e1quina sopladora de botellas de pl\u00e1stico es f\u00e1cil de operar y mantener.<\/li>    <li>Amplias aplicaciones. Puede fabricar varias botellas de PET reemplazando diferentes moldes. \u00a0<\/li> <\/ul>    <h2 class=\"wp-block-heading\">Par\u00e1metros de la m\u00e1quina sopladora de botellas de PET<\/h2>    <figure class=\"wp-block-table is-style-regular\" style=\"font-size:12px\"><table><tbody><tr><td>TIPO<\/td><td>ART\u00cdCULO<\/td><td>MEDICI\u00d3N<\/td><td>HZ-880 tipo combinado<\/td><td>HZ-880 Tipo est\u00e1ndar<\/td><\/tr><tr><td>PRODUCTO FINAL<\/td><td>Material<\/td><td>\/<\/td><td>PET\/PP\/PE\/PC<\/td><td>PET\/PP\/PE\/PC<\/td><\/tr><tr><td>&nbsp;<\/td><td>Volumen<\/td><td>l<\/td><td>0,05-2,5 (2 cavidades) 3-6 (1 cavidad)<\/td><td>0,05-2,5 (2 cavidades) 3-6 (1 cavidad)<\/td><\/tr><tr><td>&nbsp;<\/td><td>Producci\u00f3n te\u00f3rica<\/td><td>Piezas\/hora<\/td><td>0,05-2,5 L\/17003-6 L\/800<\/td><td>0,05-2,5 L\/8503-6 L\/400<\/td><\/tr><tr><td>&nbsp;<\/td><td>m\u00e1x. di\u00e1metro<\/td><td>mil\u00edmetros<\/td><td>360<\/td><td>360<\/td><\/tr><tr><td>&nbsp;<\/td><td>M\u00e1x. placa de molde<br>dimensi\u00f3n (largo x alto)<\/td><td>mil\u00edmetros<\/td><td>180<\/td><td>180<\/td><\/tr><tr><td>PLACA DEL MOLDE<\/td><td>M\u00e1x. espesor del molde<\/td><td>mil\u00edmetros<\/td><td>420\u00d7500<\/td><td>420\u00d7500<\/td><\/tr><tr><td>&nbsp;<\/td><td>Carrera de apertura del molde (ajustable)<\/td><td>mil\u00edmetros<\/td><td>160-240<\/td><td>160-240<\/td><\/tr><tr><td>&nbsp;<\/td><td>Fuerza de sujecion<\/td><td>kn<\/td><td>90<\/td><td>90<\/td><\/tr><tr><td>&nbsp;<\/td><td>Compresor de alta presi\u00f3n M3\/Mpa<\/td><td>mil\u00edmetros<\/td><td>200<\/td><td>200<\/td><\/tr><tr><td>AUXILIAR<\/td><td>Voltaje\/Frecuencia<\/td><td>kilovatios<\/td><td>&gt;=0,70\/3,0\u00d71conjunto 22<\/td><td>&gt;=0,7\/3,0\u00d72 series 22<\/td><\/tr><tr><td>&nbsp;<\/td><td>Filtros de aire de precisi\u00f3n<\/td><td>M3\/Mpa<\/td><td>&gt;=1,0\/3,0\u00d72 piezas<\/td><td>&gt;=1,0\/3,0\u00d72 piezas<\/td><\/tr><tr><td>ELECTRICIDAD DE LA M\u00c1QUINA PRINCIPAL<\/td><td>Fuerza<\/td><td>kilovatios<\/td><td>12<\/td><td>12<\/td><\/tr><tr><td><\/td><td>Voltas\/Frecuencia<\/td><td>V\/HZ<\/td><td>220-380\/50-60<\/td><td><\/td><\/tr><tr><td>TAMA\u00d1O DE LA M\u00c1QUINA<br>Y EL PESO<\/td><td>Dimensi\u00f3n del cuerpo principal (L\u00d7W\u00d7H)<\/td><td>METRO<\/td><td>1,45\u00d70,6\u00d71,75<\/td><td>1,45\u00d70,6\u00d71,75<\/td><\/tr><tr><td>&nbsp;<\/td><td>peso corporal principal<\/td><td>t<\/td><td>0.6<\/td><td>0.6<\/td><\/tr><tr><td>&nbsp;<\/td><td>Dimensi\u00f3n del transportador (L*W*H)<\/td><td>METRO<\/td><td>1,40\u00d70,62\u00d71,25<\/td><td>1,40\u00d70,62\u00d71,25<\/td><\/tr><tr><td>&nbsp;<\/td><td>Peso del transportador<\/td><td>t<\/td><td>0.22<\/td><td>0.22<\/td><\/tr><\/tbody><\/table><\/figure>    <h2 class=\"wp-block-heading\">Una breve introducci\u00f3n a las botellas de pl\u00e1stico.<\/h2>    <p>Hoy en d\u00eda, m\u00e1s de 80% de botellas producidas son para la industria de bebidas, la gran mayor\u00eda de las cuales se fabrican utilizando tecnolog\u00eda de dos etapas.\u00a0Los restantes 15% a 20% pueden elegir cualquiera de los procesos y muchas de las decisiones en realidad est\u00e1n determinadas por precios de herramientas de menos de 200 (la producci\u00f3n de m\/a\u00f1o equivale a muchas aplicaciones personalizadas), e incluso comprar herramientas de una sola etapa de cuatro cavidades para comprar el rendimiento de la botella es Tambi\u00e9n es dif\u00edcil demostrar su racionalidad, ya que funciona con doble cavidad y el motor necesita menos inversi\u00f3n de capital. En los \u00faltimos 10 a\u00f1os, el n\u00famero de botellas de palanquilla disponibles ha aumentado dram\u00e1ticamente en todo el mundo.\u00a0Debido a que el rendimiento es diferente al de las botellas, su costo de transporte es rentable.<\/p>    <figure class=\"wp-block-image size-full\"><img decoding=\"async\" src=\"https:\/\/taizypackaging.com\/wp-content\/uploads\/2022\/03\/plastic-bottles.jpg\" alt=\"botellas de pl\u00e1stico\" class=\"wp-image-4263\"\/><figcaption class=\"wp-element-caption\">botellas de pl\u00e1stico<\/figcaption><\/figure>    <h2 class=\"wp-block-heading\">\u00bfC\u00f3mo funcionan las m\u00e1quinas sopladoras de PET?<\/h2>    <p>En resumen, una m\u00e1quina sopladora autom\u00e1tica de botellas de PET es inteligente. Actualmente, en la m\u00e1quina de moldeo por soplado lineal de dos pasos, todo el proceso de moldeo por soplado se divide en precalentamiento y moldeo por soplado. El principio de funcionamiento espec\u00edfico es el siguiente.<\/p>    <ol class=\"wp-block-list\"> <li>El alimentador autom\u00e1tico de transferencia de piezas en bruto para botellas completas carga la botella en bruto en la posici\u00f3n de sujeci\u00f3n, y el dispositivo de sujeci\u00f3n retira la botella en bruto y la ingresa al horno de calentamiento. &nbsp;<\/li>    <li>A trav\u00e9s de la cadena transportadora. El horno de infrarrojos tiene dos filas de l\u00e1mparas horizontales con l\u00edneas rojas. La temperatura de cada tubo se puede ajustar mediante un microcontrolador PLC. Las l\u00e1mparas de l\u00ednea roja superior e inferior son estables a temperatura constante, pero la altura es diferente. Al mismo tiempo, debido al ambiente de alta temperatura, la temperatura desde el centro de la botella en blanco hasta el fondo de la botella se controla mediante una temperatura constante a trav\u00e9s del tubo de dispersi\u00f3n en el enfriador. A medida que el aire caliente se evapora hacia arriba, la temperatura del fondo de la botella es relativamente baja.<\/li>    <li>Soplando en la botella. Preforma calentada en el dispositivo de sujeci\u00f3n para soplar la preforma de botella caliente en el tocho de cristaler\u00eda del dispositivo de sujeci\u00f3n. Al soplar, la botella se estira hacia arriba en la parte inferior del tallo, sopla hasta cierto punto, sopla a baja presi\u00f3n y sopla a alta presi\u00f3n al mismo tiempo. En muy poco tiempo, moldeo instant\u00e1neo de la botella y soplado de la botella. Antes de soplar gas de antemano, generalmente lo instala una persona. El gas pasa por el filtro para filtrar el agua del aire y el aceite en la lubricaci\u00f3n del equipo. El gas est\u00e1 limpio y la botella formada no huele a aceite. Adem\u00e1s, la botella caliente en el dispositivo de cierre del molde aumentar\u00e1 la temperatura en el molde, afectando as\u00ed a la botella y al equipo.<\/li>    <li>Recicle el gas de alta y baja presi\u00f3n en la botella de gas sobrante despu\u00e9s de soplar una vez, el escape del gas provocar\u00e1 un desperdicio de energ\u00eda y aumentar\u00e1 el consumo de energ\u00eda al instalar el dispositivo de recuperaci\u00f3n de gas, soplar y soplar a trav\u00e9s de la v\u00e1lvula unidireccional hacia El tanque de almacenamiento de gas puede ahorrar 25% del consumo de energ\u00eda. \u00a0\u00a0\u00a0<\/li> <\/ol>    <figure class=\"wp-block-image size-full\"><img decoding=\"async\" src=\"https:\/\/taizypackaging.com\/wp-content\/uploads\/2022\/03\/plastic-bottle-blow-machine-working-process.jpg\" alt=\"Proceso de trabajo de la m\u00e1quina de soplado de botellas de pl\u00e1stico.\" class=\"wp-image-4262\"\/><figcaption class=\"wp-element-caption\">Proceso de trabajo de la m\u00e1quina de soplado de botellas de pl\u00e1stico.<\/figcaption><\/figure>    <h2 class=\"wp-block-heading\">Cont\u00e1ctenos para una cotizaci\u00f3n gratuita<\/h2>    <p class=\"translation-block\">Taizy machinery ofrece m\u00e1quinas sopladoras de botellas de pl\u00e1stico totalmente y semiautom\u00e1ticas. Son adecuadas para diferentes requisitos y condiciones de trabajo. Por lo general, una m\u00e1quina sopladora de botellas es una parte importante de una l\u00ednea de producci\u00f3n completa de bebidas. Puede reducir significativamente sus costos y mejorar su productividad. Como proveedor l\u00edder de soluciones de embalaje, ofrecemos muchos otros equipos para satisfacer sus necesidades, como m\u00e1quinas de arrancar, m\u00e1quinas de <a href=\"https:\/\/taizypackaging.com\/es\/automatic-liquid-filling-machine\/\">llenado de botellas de l\u00edquido<\/a> y m\u00e1quinas de <a href=\"https:\/\/taizypackaging.com\/es\/machines-category\/capping\/\">taponado<\/a>. Si est\u00e1 interesado, cont\u00e1ctenos para obtener una lista de precios gratuita. <\/p>","protected":false},"excerpt":{"rendered":"<p>PET bottle blowing machine is ideal for manufacturing different shapes and sizes of PET\/PE\/PC bottles. It is the most high-cost performance solution for large production requirements of plastic bottles. This pet bottle molding machine is quite suitable for small and medium-scale projects. It is widely used in lots of industries, such as mineral water, pure [&hellip;]<\/p>\n","protected":false},"author":1,"featured_media":4261,"parent":0,"template":"","tags":[623,622],"product-type":[663],"class_list":["post-4257","product","type-product","status-publish","has-post-thumbnail","hentry","tag-bottle-blowing-machine","tag-pet-bottle","product-type-bottle-filling-production-line"],"_links":{"self":[{"href":"https:\/\/taizypackaging.com\/es\/wp-json\/wp\/v2\/product\/4257","targetHints":{"allow":["GET"]}}],"collection":[{"href":"https:\/\/taizypackaging.com\/es\/wp-json\/wp\/v2\/product"}],"about":[{"href":"https:\/\/taizypackaging.com\/es\/wp-json\/wp\/v2\/types\/product"}],"author":[{"embeddable":true,"href":"https:\/\/taizypackaging.com\/es\/wp-json\/wp\/v2\/users\/1"}],"wp:featuredmedia":[{"embeddable":true,"href":"https:\/\/taizypackaging.com\/es\/wp-json\/wp\/v2\/media\/4261"}],"wp:attachment":[{"href":"https:\/\/taizypackaging.com\/es\/wp-json\/wp\/v2\/media?parent=4257"}],"wp:term":[{"taxonomy":"post_tag","embeddable":true,"href":"https:\/\/taizypackaging.com\/es\/wp-json\/wp\/v2\/tags?post=4257"},{"taxonomy":"product-type","embeddable":true,"href":"https:\/\/taizypackaging.com\/es\/wp-json\/wp\/v2\/product-type?post=4257"}],"curies":[{"name":"wp","href":"https:\/\/api.w.org\/{rel}","templated":true}]}}