{"id":4278,"date":"2022-03-16T09:06:47","date_gmt":"2022-03-16T09:06:47","guid":{"rendered":"https:\/\/taizypackaging.com\/?p=4278"},"modified":"2024-07-17T16:57:10","modified_gmt":"2024-07-17T08:57:10","slug":"water-treatment-equipment","status":"publish","type":"product","link":"https:\/\/taizypackaging.com\/es\/water-treatment-equipment\/","title":{"rendered":"Equipos de tratamiento de agua"},"content":{"rendered":"<div class=\"kk-star-ratings kksr-auto kksr-align-left kksr-valign-top\"     data-payload='{&quot;align&quot;:&quot;left&quot;,&quot;id&quot;:&quot;4278&quot;,&quot;slug&quot;:&quot;default&quot;,&quot;valign&quot;:&quot;top&quot;,&quot;ignore&quot;:&quot;&quot;,&quot;reference&quot;:&quot;auto&quot;,&quot;class&quot;:&quot;&quot;,&quot;count&quot;:&quot;25&quot;,&quot;legendonly&quot;:&quot;&quot;,&quot;readonly&quot;:&quot;&quot;,&quot;score&quot;:&quot;4.8&quot;,&quot;starsonly&quot;:&quot;&quot;,&quot;best&quot;:&quot;5&quot;,&quot;gap&quot;:&quot;5&quot;,&quot;greet&quot;:&quot;Rate this product&quot;,&quot;legend&quot;:&quot;4.8\\\/5 - (25 votos)&quot;,&quot;size&quot;:&quot;24&quot;,&quot;title&quot;:&quot;Water Treatment Equipment&quot;,&quot;width&quot;:&quot;136.7&quot;,&quot;_legend&quot;:&quot;{score}\\\/{best} - ({count} {votes})&quot;,&quot;font_factor&quot;:&quot;1.25&quot;}'>              <div class=\"kksr-stars\">      <div class=\"kksr-stars-inactive\">             <div class=\"kksr-star\" data-star=\"1\" style=\"padding-right: 5px\">               <div class=\"kksr-icon\" style=\"width: 24px; height: 24px;\"><\/div>         <\/div>             <div class=\"kksr-star\" data-star=\"2\" style=\"padding-right: 5px\">               <div class=\"kksr-icon\" style=\"width: 24px; height: 24px;\"><\/div>         <\/div>             <div class=\"kksr-star\" data-star=\"3\" style=\"padding-right: 5px\">               <div class=\"kksr-icon\" style=\"width: 24px; height: 24px;\"><\/div>         <\/div>             <div class=\"kksr-star\" data-star=\"4\" style=\"padding-right: 5px\">               <div class=\"kksr-icon\" style=\"width: 24px; height: 24px;\"><\/div>         <\/div>             <div class=\"kksr-star\" data-star=\"5\" style=\"padding-right: 5px\">               <div class=\"kksr-icon\" style=\"width: 24px; height: 24px;\"><\/div>         <\/div>     <\/div>      <div class=\"kksr-stars-active\" style=\"width: 136.7px;\">             <div class=\"kksr-star\" style=\"padding-right: 5px\">               <div class=\"kksr-icon\" style=\"width: 24px; height: 24px;\"><\/div>         <\/div>             <div class=\"kksr-star\" style=\"padding-right: 5px\">               <div class=\"kksr-icon\" style=\"width: 24px; height: 24px;\"><\/div>         <\/div>             <div class=\"kksr-star\" style=\"padding-right: 5px\">               <div class=\"kksr-icon\" style=\"width: 24px; height: 24px;\"><\/div>         <\/div>             <div class=\"kksr-star\" style=\"padding-right: 5px\">               <div class=\"kksr-icon\" style=\"width: 24px; height: 24px;\"><\/div>         <\/div>             <div class=\"kksr-star\" style=\"padding-right: 5px\">               <div class=\"kksr-icon\" style=\"width: 24px; height: 24px;\"><\/div>         <\/div>     <\/div> <\/div>                   <div class=\"kksr-legend\" style=\"font-size: 19.2px;\">             4,8\/5 - (25 votos)    <\/div>     <\/div>  <p class=\"translation-block\"><strong>El equipo de tratamiento de agua<\/strong> aqu\u00ed es un sistema comercial de \u00f3smosis inversa. El <strong>sistema de \u00f3smosis inversa<\/strong> es muy popular y es el mejor sistema de tratamiento de agua. Consiste en un filtro de arena de cuarzo, un filtro de carb\u00f3n activado, un filtro de resina, \u00f3smosis inversa RO, bomba de alta presi\u00f3n y filtro de seguridad. <strong>El equipo de purificaci\u00f3n de agua<\/strong> tiene una amplia gama de aplicaciones. Es ideal para f\u00e1bricas de manufactura, f\u00e1bricas de alimentos y bebidas, restaurantes, escuelas, granjas, hospitales, hoteles, apartamentos, etc. Adem\u00e1s, este <strong>sistema industrial de tratamiento de agua<\/strong> utiliza tecnolog\u00eda avanzada y materiales duraderos, que aseguran un buen rendimiento y una larga vida \u00fatil.<\/p>    <h2 class=\"wp-block-heading\">\u00c1rea de aplicaci\u00f3n de los equipos de tratamiento de agua Taizy <\/h2>    <ol class=\"wp-block-list\" type=\"1\"> <li>Hoteles, apartamentos, restaurantes y otros lugares comerciales.<\/li>    <li>Alimentos, agua potable para el hogar, agua potable para f\u00e1bricas, agua potable embotellada.<\/li>    <li>Tratamiento de aguas residuales industriales<\/li>    <li>Escuela, hospital, tratamiento de superficies, laboratorio, caldera industrial, prueba hidr\u00e1ulica, tratamiento de agua de caldera de alta presi\u00f3n, caldera de central el\u00e9ctrica<\/li>    <li>Tratamiento de agua de la industria electr\u00f3nica.<\/li>    <li>Vida diaria, agua qu\u00edmica, industria agr\u00edcola.<\/li> <\/ol>    <figure class=\"wp-block-image size-full\"><img decoding=\"async\" src=\"https:\/\/taizypackaging.com\/wp-content\/uploads\/2022\/03\/water-treatment-equipment-application.jpg\" alt=\"aplicaci\u00f3n de equipos de tratamiento de agua\" class=\"wp-image-4297\"\/><figcaption class=\"wp-element-caption\">aplicaci\u00f3n de equipos de tratamiento de agua<\/figcaption><\/figure>    <h2 class=\"wp-block-heading\">Caracter\u00edsticas de rendimiento <\/h2>    <ol class=\"wp-block-list\" type=\"1\"> <li>Alta tasa de rechazo de sal de m\u00e1s de 99%<\/li>    <li>Estructura simple, dise\u00f1o perfecto, f\u00e1cil de operar y mantener.<\/li>    <li>Tecnolog\u00eda avanzada y material de acero inoxidable duradero, larga vida \u00fatil y rendimiento estable<\/li>    <li>Ahorro de energ\u00eda y bajo coste de mantenimiento.<\/li>    <li>El sistema de control autom\u00e1tico, tama\u00f1o peque\u00f1o.<\/li>    <li>Amplias aplicaciones. Es adecuado para diversas industrias.<\/li> <\/ol>    <h2 class=\"wp-block-heading\">\u00bfPor qu\u00e9 elegir la m\u00e1quina de tratamiento de agua Taizy como su mejor opci\u00f3n?<\/h2>    <p class=\"translation-block\">Como un famoso fabricante y exportador de equipos de purificaci\u00f3n de agua, <a href=\"https:\/\/taizypackaging.com\/es\/\">Taizy Machinery<\/a> ofrece excelentes equipos de tratamiento por \u00f3smosis inversa a la venta. Aqu\u00ed hay algunas razones para elegir el sistema de tratamiento de agua comercial Taizy como su mejor opci\u00f3n.<\/p>    <ol class=\"wp-block-list\" type=\"1\"> <li>Ahorra dinero. Con el equipo de purificaci\u00f3n de agua Taizy, puede dejar de comprar agua embotellada y ocultar su entrega de agua. Nuestra m\u00e1quina purificadora de agua multifuncional puede ayudarle enormemente a ahorrar dinero.<\/li>    <li>Mejora el sabor. El sistema de tratamiento de agua Taizy mejora el sabor, la apariencia y el olor del agua.<\/li>    <li>Elimina impurezas. Nuestro sistema de \u00f3smosis inversa elimina los contaminantes del agua, incluidos pesticidas, niteatos, sulfatos y m\u00e1s. Un filtro RO tambi\u00e9n elimina las cloraminas y el cloro.<\/li>    <li>Mantenimiento sencillo. El sistema de filtro de agua por \u00f3smosis inversa y pocas piezas reemplazables o m\u00f3viles facilitan su operaci\u00f3n y mantenimiento.<\/li> <\/ol>    <figure class=\"wp-block-image size-full\"><img decoding=\"async\" src=\"https:\/\/taizypackaging.com\/wp-content\/uploads\/2022\/03\/water-treatment-machine-factory.jpg\" alt=\"f\u00e1brica de m\u00e1quinas de tratamiento de agua\" class=\"wp-image-4287\"\/><figcaption class=\"wp-element-caption\">f\u00e1brica de m\u00e1quinas de tratamiento de agua<\/figcaption><\/figure>    <h2 class=\"wp-block-heading\">Principio de funcionamiento del sistema de tratamiento de agua. <\/h2>    <ul class=\"wp-block-list\" type=\"1\"> <li>Pretratamiento de primera etapa. (filtro de arena)<\/li> <\/ul>    <p>Adopte un filtro de arena de cuarzo multimedio, el objetivo principal es eliminar el agua que contiene precipitados, manganeso, \u00f3xido, sustancias coloidales, impurezas mec\u00e1nicas, s\u00f3lidos suspendidos y otras part\u00edculas de m\u00e1s de 20 UM nocivas para la salud.<\/p>    <ul class=\"wp-block-list\"> <li>Pretratamiento de segunda etapa (filtro de carb\u00f3n)<\/li> <\/ul>    <p>Los filtros de carb\u00f3n activado se utilizan para eliminar pigmentos, olores y una gran cantidad de organismos qu\u00edmicos y biol\u00f3gicos del agua, y reducir el valor residual del agua y los contaminantes nocivos como la contaminaci\u00f3n por pesticidas.<\/p>    <ul class=\"wp-block-list\"> <li>Pretratamiento de tercera etapa (filtro de carb\u00f3n)<\/li> <\/ul>    <p>Los intercambiadores de iones se utilizan para ablandar el agua, principalmente para eliminar la dureza del agua. Previniendo as\u00ed eficazmente la contaminaci\u00f3n de la membrana de \u00f3smosis inversa. El sistema puede retroceder autom\u00e1ticamente.<\/p>    <ul class=\"wp-block-list\"> <li>Pretratamiento de cuarta etapa (filtro de precisi\u00f3n)<\/li> <\/ul>    <p>El tama\u00f1o de las part\u00edculas puede eliminar las part\u00edculas peque\u00f1as del agua, un filtro de arena puede eliminar las peque\u00f1as part\u00edculas coloidales del agua para que la turbidez alcance 1 grado.<\/p>    <ul class=\"wp-block-list\"> <li>sistema de \u00f3smosis inversa<\/li> <\/ul>    <p>El equipo central de la bomba es importado y la membrana es importada de HYDRAutics USA. Equipado con un conjunto completo de unidades de limpieza. Tiene las caracter\u00edsticas de estructura simple, operaci\u00f3n conveniente y un alto nivel t\u00e9cnico.<\/p>    <h2 class=\"wp-block-heading\">Servicio postventa<\/h2>    <ol class=\"wp-block-list\" type=\"1\"> <li>Enviamos ingenieros para ayudar a instalar, capacitar y mantener si es necesario.<\/li>    <li>Servicio en l\u00ednea las 24 horas, los 7 d\u00edas de la semana.<\/li>    <li>Proporcionamos los documentos necesarios con la m\u00e1quina de la siguiente manera: <ol class=\"wp-block-list\"> <li>diagrama electrico<\/li>    <li>Disposici\u00f3n de la m\u00e1quina<\/li>    <li>Libro de instrucciones<\/li>    <li>Certificado de m\u00e1quina<\/li> <\/ol> <\/li>    <li>Despu\u00e9s de un a\u00f1o de garant\u00eda, ofrecemos servicio de visita t\u00e9cnico pagadero y repuestos.<\/li> <\/ol>    <h2 class=\"wp-block-heading\">Conclusi\u00f3n <\/h2>    <p class=\"translation-block\">Como una s\u00f3lida empresa de maquinaria con un poderoso servicio OEM, ofrecemos excelentes equipos de tratamiento de agua a la venta a clientes de todo el mundo. Adem\u00e1s de la m\u00e1quina de tratamiento de agua, hay una completa <a href=\"https:\/\/taizypackaging.com\/es\/bottle-filling-machine\/\">l\u00ednea de llenado de botellas de agua<\/a> disponible en nuestra f\u00e1brica. Adem\u00e1s, suministramos varias <a href=\"https:\/\/taizypackaging.com\/es\/machines-category\/capping\/\">m\u00e1quinas de tapado de botellas<\/a> y m\u00e1quinas etiquetadoras de botellas. Si est\u00e1 interesado, cont\u00e1ctenos para obtener una lista de precios gratuita. <\/p>","protected":false},"excerpt":{"rendered":"<p>Water treatment equipment here is a commercial revere osmosis system. The reverse osmosis system is very popular and it is the best water treatment system. It consists of a quartz sand filter, activated carbon filter, resin filter, RO reverse osmosis, high-pressure pump, and security filter. Water purification equipment has a wide range of applications. It [&hellip;]<\/p>\n","protected":false},"author":1,"featured_media":4284,"parent":0,"template":"","tags":[624,625],"product-type":[663],"class_list":["post-4278","product","type-product","status-publish","has-post-thumbnail","hentry","tag-water-treatment","tag-water-treatment-equipment","product-type-bottle-filling-production-line"],"_links":{"self":[{"href":"https:\/\/taizypackaging.com\/es\/wp-json\/wp\/v2\/product\/4278","targetHints":{"allow":["GET"]}}],"collection":[{"href":"https:\/\/taizypackaging.com\/es\/wp-json\/wp\/v2\/product"}],"about":[{"href":"https:\/\/taizypackaging.com\/es\/wp-json\/wp\/v2\/types\/product"}],"author":[{"embeddable":true,"href":"https:\/\/taizypackaging.com\/es\/wp-json\/wp\/v2\/users\/1"}],"wp:featuredmedia":[{"embeddable":true,"href":"https:\/\/taizypackaging.com\/es\/wp-json\/wp\/v2\/media\/4284"}],"wp:attachment":[{"href":"https:\/\/taizypackaging.com\/es\/wp-json\/wp\/v2\/media?parent=4278"}],"wp:term":[{"taxonomy":"post_tag","embeddable":true,"href":"https:\/\/taizypackaging.com\/es\/wp-json\/wp\/v2\/tags?post=4278"},{"taxonomy":"product-type","embeddable":true,"href":"https:\/\/taizypackaging.com\/es\/wp-json\/wp\/v2\/product-type?post=4278"}],"curies":[{"name":"wp","href":"https:\/\/api.w.org\/{rel}","templated":true}]}}