{"id":4356,"date":"2022-03-18T10:26:08","date_gmt":"2022-03-18T10:26:08","guid":{"rendered":"https:\/\/taizypackaging.com\/?p=4356"},"modified":"2024-07-16T18:16:08","modified_gmt":"2024-07-16T10:16:08","slug":"rotary-premade-pouch-packing-machine","status":"publish","type":"product","link":"https:\/\/taizypackaging.com\/es\/rotary-premade-pouch-packing-machine\/","title":{"rendered":"M\u00e1quina empacadora rotativa de bolsas prefabricadas"},"content":{"rendered":"<div class=\"kk-star-ratings kksr-auto kksr-align-left kksr-valign-top\"     data-payload='{&quot;align&quot;:&quot;left&quot;,&quot;id&quot;:&quot;4356&quot;,&quot;slug&quot;:&quot;default&quot;,&quot;valign&quot;:&quot;top&quot;,&quot;ignore&quot;:&quot;&quot;,&quot;reference&quot;:&quot;auto&quot;,&quot;class&quot;:&quot;&quot;,&quot;count&quot;:&quot;6&quot;,&quot;legendonly&quot;:&quot;&quot;,&quot;readonly&quot;:&quot;&quot;,&quot;score&quot;:&quot;4.8&quot;,&quot;starsonly&quot;:&quot;&quot;,&quot;best&quot;:&quot;5&quot;,&quot;gap&quot;:&quot;5&quot;,&quot;greet&quot;:&quot;Rate this product&quot;,&quot;legend&quot;:&quot;4.8\\\/5 - (6 votos)&quot;,&quot;size&quot;:&quot;24&quot;,&quot;title&quot;:&quot;Rotary Premade Pouch Packing Machine&quot;,&quot;width&quot;:&quot;136.7&quot;,&quot;_legend&quot;:&quot;{score}\\\/{best} - ({count} {votes})&quot;,&quot;font_factor&quot;:&quot;1.25&quot;}'>              <div class=\"kksr-stars\">      <div class=\"kksr-stars-inactive\">             <div class=\"kksr-star\" data-star=\"1\" style=\"padding-right: 5px\">               <div class=\"kksr-icon\" style=\"width: 24px; height: 24px;\"><\/div>         <\/div>             <div class=\"kksr-star\" data-star=\"2\" style=\"padding-right: 5px\">               <div class=\"kksr-icon\" style=\"width: 24px; height: 24px;\"><\/div>         <\/div>             <div class=\"kksr-star\" data-star=\"3\" style=\"padding-right: 5px\">               <div class=\"kksr-icon\" style=\"width: 24px; height: 24px;\"><\/div>         <\/div>             <div class=\"kksr-star\" data-star=\"4\" style=\"padding-right: 5px\">               <div class=\"kksr-icon\" style=\"width: 24px; height: 24px;\"><\/div>         <\/div>             <div class=\"kksr-star\" data-star=\"5\" style=\"padding-right: 5px\">               <div class=\"kksr-icon\" style=\"width: 24px; height: 24px;\"><\/div>         <\/div>     <\/div>      <div class=\"kksr-stars-active\" style=\"width: 136.7px;\">             <div class=\"kksr-star\" style=\"padding-right: 5px\">               <div class=\"kksr-icon\" style=\"width: 24px; height: 24px;\"><\/div>         <\/div>             <div class=\"kksr-star\" style=\"padding-right: 5px\">               <div class=\"kksr-icon\" style=\"width: 24px; height: 24px;\"><\/div>         <\/div>             <div class=\"kksr-star\" style=\"padding-right: 5px\">               <div class=\"kksr-icon\" style=\"width: 24px; height: 24px;\"><\/div>         <\/div>             <div class=\"kksr-star\" style=\"padding-right: 5px\">               <div class=\"kksr-icon\" style=\"width: 24px; height: 24px;\"><\/div>         <\/div>             <div class=\"kksr-star\" style=\"padding-right: 5px\">               <div class=\"kksr-icon\" style=\"width: 24px; height: 24px;\"><\/div>         <\/div>     <\/div> <\/div>                   <div class=\"kksr-legend\" style=\"font-size: 19.2px;\">             4,8\/5 - (6 votos)    <\/div>     <\/div>  <p class=\"translation-block\"><strong>La m\u00e1quina de envasado de bolsas prefabricadas rotativas<\/strong> aqu\u00ed est\u00e1 dise\u00f1ada para una demanda de producci\u00f3n media y alta. Tiene un alto nivel de automatizaci\u00f3n y una supereficiencia. Esta <strong>m\u00e1quina de relleno y sellado de bolsas prefabricadas<\/strong> puede completar autom\u00e1ticamente el proceso de tomar la bolsa, abrir la bolsa, rellenar, sellar, imprimir fecha y salida. La <strong>m\u00e1quina de envasado de bolsas prefabricadas rotativas<\/strong> incorpora la \u00faltima tecnolog\u00eda, un sistema de control PLC, un motor conocido, una estructura mec\u00e1nica, operaci\u00f3n f\u00e1cil, mantenimiento y rendimiento estable. Adem\u00e1s, la m\u00e1quina de envasado de bolsas prefabricadas para venta de nuestra f\u00e1brica tiene un precio bastante competitivo. Bienvenido a contactarnos para obtener una lista de precios gratuita.<\/p>    <h2 class=\"wp-block-heading\">V\u00eddeo de funcionamiento de la m\u00e1quina envasadora rotativa de bolsas prefabricadas<\/h2>   <figure class=\"wp-block-embed-youtube wp-block-embed is-type-video is-provider-youtube wp-embed-aspect-16-9 wp-has-aspect-ratio\"><div class=\"lyte-wrapper fourthree\" title=\"M\u00e1quina llenadora y selladora de bolsas prefabricadas | M\u00e1quina ensacadora rotativa: excelente soluci\u00f3n de envasado de alimentos\" style=\"width:960px;max-width:100%;margin:5px auto;\"><div class=\"lyMe hidef\" id=\"WYL_2SdTCor5Un4\" itemprop=\"video\" itemscope itemtype=\"https:\/\/schema.org\/VideoObject\"><div><meta itemprop=\"thumbnailUrl\" content=\"https:\/\/taizypackaging.com\/wp-content\/plugins\/wp-youtube-lyte\/lyteCache.php?origThumbUrl=https%3A%2F%2Fi.ytimg.com%2Fvi%2F2SdTCor5Un4%2Fmaxresdefault.jpg\" \/><meta itemprop=\"embedURL\" content=\"https:\/\/www.youtube.com\/embed\/2SdTCor5Un4\" \/><meta itemprop=\"duration\" content=\"PT2M11S\" \/><meta itemprop=\"uploadDate\" content=\"2022-02-22T08:53:55Z\" \/><\/div><meta itemprop=\"accessibilityFeature\" content=\"captions\" \/><div id=\"lyte_2SdTCor5Un4\" data-src=\"https:\/\/taizypackaging.com\/wp-content\/plugins\/wp-youtube-lyte\/lyteCache.php?origThumbUrl=https%3A%2F%2Fi.ytimg.com%2Fvi%2F2SdTCor5Un4%2Fmaxresdefault.jpg\" class=\"pL\"><div class=\"tC\"><div class=\"tT\" itemprop=\"name\">M\u00e1quina llenadora y selladora de bolsas prefabricadas | M\u00e1quina ensacadora rotativa: excelente soluci\u00f3n de envasado de alimentos<\/div><\/div><div class=\"play\"><\/div><div class=\"ctrl\"><div class=\"Lctrl\"><\/div><div class=\"Rctrl\"><\/div><\/div><\/div><noscript><a href=\"https:\/\/youtu.be\/2SdTCor5Un4\" rel=\"nofollow noopener\" target=\"_blank\"><img loading=\"lazy\" decoding=\"async\" src=\"https:\/\/taizypackaging.com\/wp-content\/plugins\/wp-youtube-lyte\/lyteCache.php?origThumbUrl=https%3A%2F%2Fi.ytimg.com%2Fvi%2F2SdTCor5Un4%2F0.jpg\" alt=\"M\u00e1quina llenadora y selladora de bolsas prefabricadas | M\u00e1quina ensacadora rotativa: excelente soluci\u00f3n de envasado de alimentos\" width=\"960\" height=\"700\" \/><br \/>Watch this video on YouTube<\/a><\/noscript><meta itemprop=\"description\" content=\"#premadebagmachine #foodpackaging #fillingsealingmachine #packingmachine EMAIL: info@taizypackaging.com TEL\/WHATSAPP: +86 18837171591 USEFUL LINK: https:\/\/taizypackaging.com\/horizontal-bag-feeding-machine\/ This premade bag filling and sealing machine is suitable for various products and bag styles. It has a very wide range of applications. Performance features of this premade pouch feeding machine 1. PLC intelligent control system, support multi-language, parameter setting, machine control are particularly convenient. 2. The long dragging plate at the seal is also made of stainless steel, which is not only beautiful as a whole but also plays a role in buffering the packaged items to a certain extent. 3. The equipment meets the sanitary standards of food processing machinery, and the parts of the equipment in contact with materials are processed with 304 stainless steel or other materials that meet the requirements of food hygiene. Besides, it is designed in line with GMP standards. 4. Intelligent alarm system, when the plastic bag sealing place is melted by high temperature, stick to the copper block when the machine will automatically alarm and stop operation timely. This premade pouch feeding machine has multi-function by changing feeding systems. This machine can be divided into a horizontal bag feeding machine for granules, a horizontal bag feeding machine for powders, horizontal bag feeding machine for liquids. You may also like these videos about food packaging: 14-head multihead weigher packing machine: https:\/\/www.youtube.com\/watch?v=GtA66u8XLv8 Premade bag feeding machine with 10-head multihead weigher: https:\/\/www.youtube.com\/watch?v=Xqb5_CFb_H8&amp;t=42s EMAIL: info@taizypackaging.com TEL\/WHATSAPP: +86 18837171591 USEFUL LINK: https:\/\/taizypackaging.com\/horizontal-bag-feeding-machine\/\"><\/div><\/div><div class=\"lL\" style=\"max-width:100%;width:960px;margin:5px auto;\"><\/div><figcaption><\/figcaption><\/figure>   <h2 class=\"wp-block-heading\">Caracter\u00edsticas de rendimiento de la m\u00e1quina empacadora de bolsas prefabricadas<\/h2>    <ol class=\"wp-block-list\" type=\"1\"> <li>Excelente dise\u00f1o. Puede garantizar la estabilidad del funcionamiento del equipo, reducir la p\u00e9rdida de material y ampliar la tasa reducida de defectos.<\/li>    <li>Adopte un sistema de control el\u00e9ctrico avanzado PLC + POD (pantalla t\u00e1ctil), f\u00e1cil y conveniente de operar.<\/li>    <li>Amplia gama de aplicaciones. Es una m\u00e1quina empacadora rotativa de alta velocidad para diversos productos, como l\u00edquidos, pastas, gr\u00e1nulos, polvos y s\u00f3lidos. Diferentes sistemas de alimentaci\u00f3n y sistemas de envasado para diferentes requisitos de embalaje espec\u00edficos.<\/li>    <li>El ancho de la bolsa se puede ajustar autom\u00e1ticamente con un bot\u00f3n.<\/li>    <li>Los dispositivos de control de temperatura precisos, la calefacci\u00f3n modular y las fallas de calefacci\u00f3n tienen mensajes de alarma.<\/li>    <li>Todo el material de acero inoxidable duradero, material de calidad alimentaria. &nbsp;&nbsp;<\/li> <\/ol>    <figure class=\"wp-block-image size-full\"><img decoding=\"async\" src=\"https:\/\/taizypackaging.com\/wp-content\/uploads\/2022\/03\/premade-pouch-packing-machine-applications.jpg\" alt=\"Aplicaciones de m\u00e1quinas empacadoras de bolsas prefabricadas\" class=\"wp-image-4365\"\/><figcaption class=\"wp-element-caption\">Aplicaciones de m\u00e1quinas empacadoras de bolsas prefabricadas<\/figcaption><\/figure>    <h2 class=\"wp-block-heading\">Detalles de la estructura de la m\u00e1quina llenadora de bolsas prefabricadas.<\/h2>    <p>La m\u00e1quina empacadora rotativa de bolsas prefabricadas consta principalmente de una plataforma de trabajo, pesadora de cabezales m\u00faltiples, elevador de material, m\u00e1quina de detecci\u00f3n de metales, alimentador vibratorio, elevador, inversor, sistema de control PLC, bomba de vac\u00edo, cilindro, dispositivo de apertura de bolsas, controlador de temperatura, sistema de salida. etc. Adem\u00e1s, el uso de acero inoxidable 304 como material de la estructura principal del cuerpo garantiza una larga vida \u00fatil y es f\u00e1cil de limpiar.<\/p>    <h2 class=\"wp-block-heading\">\u00bfPor qu\u00e9 necesita una m\u00e1quina llenadora y selladora de bolsas prefabricadas?<\/h2>    <p>La m\u00e1quina llenadora y selladora de bolsas prefabricadas es una gran innovaci\u00f3n en la industria del embalaje. Tiene caracter\u00edsticas y beneficios incomparables en comparaci\u00f3n con una m\u00e1quina empacadora de bolsas o una m\u00e1quina llenadora com\u00fan.<\/p>    <h3 class=\"wp-block-heading\"># Gran atractivo para los consumidores<\/h3>    <p>Los envases tipo bolsa stand-up han ganado una gran cuota de mercado en los lineales de los supermercados durante estos a\u00f1os. Este tipo de bolsa es ideal para muchos productos como patatas fritas, palomitas de ma\u00edz, snacks, zumos, salsas y muchos otros productos alimenticios y bebidas. Adem\u00e1s, estas bolsas flexibles tambi\u00e9n son m\u00e1s respetuosas con el medio ambiente que los contenedores r\u00edgidos. Requiere menos recursos y energ\u00eda para su fabricaci\u00f3n y permite un producto atractivo para el usuario final.<\/p>    <h3 class=\"wp-block-heading\"># Flexibilidad para fabricantes<\/h3>    <p class=\"translation-block\">Con caracter\u00edsticas y estructuras \u00fanicas, esta m\u00e1quina de llenado de bolsas prefabricadas rotativa es muy flexible para los fabricantes de m\u00e1quinas de envasado. \u00bfCu\u00e1l es la raz\u00f3n? Porque esta m\u00e1quina se compone principalmente de dos partes, un sistema de llenado y un sistema de sellado. El sistema de llenado puede ser de varios tipos. Por ejemplo, si desea envasar patatas fritas, hay <a href=\"https:\/\/taizypackaging.com\/es\/lapel-combination-packaging-machine\/\">multihead weigher<\/a> disponible con alta velocidad y gran eficiencia. Y si desea envasar jugo o aceite, hay una bomba de l\u00edquido disponible para satisfacer su demanda. Por lo tanto, esta m\u00e1quina de bolsas prefabricadas puede satisfacer sus diferentes requisitos.<\/p>    <figure class=\"wp-block-image size-full\"><img decoding=\"async\" src=\"https:\/\/taizypackaging.com\/wp-content\/uploads\/2022\/03\/premade-bag-filling-machine.jpg\" alt=\"m\u00e1quina llenadora de bolsas prefabricadas\" class=\"wp-image-4363\"\/><figcaption class=\"wp-element-caption\">m\u00e1quina llenadora de bolsas prefabricadas<\/figcaption><\/figure>    <h2 class=\"wp-block-heading\">Tipos de bolsas de la m\u00e1quina llenadora de bolsas prefabricadas<\/h2>    <p>Bolsa de pie, bolsa con cremallera, bolsa port\u00e1til, bolsa con sellado de 3 lados, bolsa con sellado de 4 lados y todo tipo de bolsas compuestas.<\/p>    <h2 class=\"wp-block-heading\">Proceso de trabajo<\/h2>    <ol class=\"wp-block-list\" type=\"1\"> <li>Alimentaci\u00f3n en bolsa<\/li>    <li>Impresi\u00f3n de fecha<\/li>    <li>Apertura de bolsa<\/li>    <li>Relleno<\/li>    <li>Relleno<\/li>    <li>Termosellado<\/li>    <li>formando<\/li>    <li>Productos de salida<\/li> <\/ol>    <h2 class=\"wp-block-heading\">Dispositivo de seguridad de la m\u00e1quina empacadora rotativa de bolsas prefabricadas Taizy<\/h2>    <ol class=\"wp-block-list\" type=\"1\"> <li>Sin bolsa, sin relleno, sin sellado<\/li>    <li>Sin cinta de codificaci\u00f3n, parada de emergencia y alarma<\/li>    <li>La anomal\u00eda de la temperatura de sellado, alarma<\/li>    <li>Sin bolsa o error de apertura, sin llenado<\/li>    <li>La presi\u00f3n del aire no es suficiente y la alarma<\/li>    <li>Sin bolsa o error de apertura, sin llenado<\/li> <\/ol>","protected":false},"excerpt":{"rendered":"<p>The rotary premade pouch packing machine here is designed for medium and large production demand. It has a high automation level and super efficiency. This premade pouch fill and seal machine can automatically complete the process of taking the bag, opening the bag, filling, sealing, date printing, and output. The rotary premade bag packing machine [&hellip;]<\/p>\n","protected":false},"author":1,"featured_media":4361,"parent":0,"template":"","tags":[628,630,629],"product-type":[665],"class_list":["post-4356","product","type-product","status-publish","has-post-thumbnail","hentry","tag-premade-bag","tag-premade-bag-packing-machine","tag-premade-pouch","product-type-premade-pouch-packing-machine"],"_links":{"self":[{"href":"https:\/\/taizypackaging.com\/es\/wp-json\/wp\/v2\/product\/4356","targetHints":{"allow":["GET"]}}],"collection":[{"href":"https:\/\/taizypackaging.com\/es\/wp-json\/wp\/v2\/product"}],"about":[{"href":"https:\/\/taizypackaging.com\/es\/wp-json\/wp\/v2\/types\/product"}],"author":[{"embeddable":true,"href":"https:\/\/taizypackaging.com\/es\/wp-json\/wp\/v2\/users\/1"}],"wp:featuredmedia":[{"embeddable":true,"href":"https:\/\/taizypackaging.com\/es\/wp-json\/wp\/v2\/media\/4361"}],"wp:attachment":[{"href":"https:\/\/taizypackaging.com\/es\/wp-json\/wp\/v2\/media?parent=4356"}],"wp:term":[{"taxonomy":"post_tag","embeddable":true,"href":"https:\/\/taizypackaging.com\/es\/wp-json\/wp\/v2\/tags?post=4356"},{"taxonomy":"product-type","embeddable":true,"href":"https:\/\/taizypackaging.com\/es\/wp-json\/wp\/v2\/product-type?post=4356"}],"curies":[{"name":"wp","href":"https:\/\/api.w.org\/{rel}","templated":true}]}}