{"id":4396,"date":"2022-03-24T10:36:10","date_gmt":"2022-03-24T10:36:10","guid":{"rendered":"https:\/\/taizypackaging.com\/?p=4396"},"modified":"2024-07-16T16:47:18","modified_gmt":"2024-07-16T08:47:18","slug":"face-mask-packing-machine","status":"publish","type":"product","link":"https:\/\/taizypackaging.com\/es\/face-mask-packing-machine\/","title":{"rendered":"M\u00e1quina empacadora de mascarillas"},"content":{"rendered":"<div class=\"kk-star-ratings kksr-auto kksr-align-left kksr-valign-top\"     data-payload='{&quot;align&quot;:&quot;left&quot;,&quot;id&quot;:&quot;4396&quot;,&quot;slug&quot;:&quot;default&quot;,&quot;valign&quot;:&quot;top&quot;,&quot;ignore&quot;:&quot;&quot;,&quot;reference&quot;:&quot;auto&quot;,&quot;class&quot;:&quot;&quot;,&quot;count&quot;:&quot;24&quot;,&quot;legendonly&quot;:&quot;&quot;,&quot;readonly&quot;:&quot;&quot;,&quot;score&quot;:&quot;4.7&quot;,&quot;starsonly&quot;:&quot;&quot;,&quot;best&quot;:&quot;5&quot;,&quot;gap&quot;:&quot;5&quot;,&quot;greet&quot;:&quot;Rate this product&quot;,&quot;legend&quot;:&quot;4.7\\\/5 - (24 votos)&quot;,&quot;size&quot;:&quot;24&quot;,&quot;title&quot;:&quot;Face Mask Packing Machine&quot;,&quot;width&quot;:&quot;133.8&quot;,&quot;_legend&quot;:&quot;{score}\\\/{best} - ({count} {votes})&quot;,&quot;font_factor&quot;:&quot;1.25&quot;}'>              <div class=\"kksr-stars\">      <div class=\"kksr-stars-inactive\">             <div class=\"kksr-star\" data-star=\"1\" style=\"padding-right: 5px\">               <div class=\"kksr-icon\" style=\"width: 24px; height: 24px;\"><\/div>         <\/div>             <div class=\"kksr-star\" data-star=\"2\" style=\"padding-right: 5px\">               <div class=\"kksr-icon\" style=\"width: 24px; height: 24px;\"><\/div>         <\/div>             <div class=\"kksr-star\" data-star=\"3\" style=\"padding-right: 5px\">               <div class=\"kksr-icon\" style=\"width: 24px; height: 24px;\"><\/div>         <\/div>             <div class=\"kksr-star\" data-star=\"4\" style=\"padding-right: 5px\">               <div class=\"kksr-icon\" style=\"width: 24px; height: 24px;\"><\/div>         <\/div>             <div class=\"kksr-star\" data-star=\"5\" style=\"padding-right: 5px\">               <div class=\"kksr-icon\" style=\"width: 24px; height: 24px;\"><\/div>         <\/div>     <\/div>      <div class=\"kksr-stars-active\" style=\"width: 133.8px;\">             <div class=\"kksr-star\" style=\"padding-right: 5px\">               <div class=\"kksr-icon\" style=\"width: 24px; height: 24px;\"><\/div>         <\/div>             <div class=\"kksr-star\" style=\"padding-right: 5px\">               <div class=\"kksr-icon\" style=\"width: 24px; height: 24px;\"><\/div>         <\/div>             <div class=\"kksr-star\" style=\"padding-right: 5px\">               <div class=\"kksr-icon\" style=\"width: 24px; height: 24px;\"><\/div>         <\/div>             <div class=\"kksr-star\" style=\"padding-right: 5px\">               <div class=\"kksr-icon\" style=\"width: 24px; height: 24px;\"><\/div>         <\/div>             <div class=\"kksr-star\" style=\"padding-right: 5px\">               <div class=\"kksr-icon\" style=\"width: 24px; height: 24px;\"><\/div>         <\/div>     <\/div> <\/div>                   <div class=\"kksr-legend\" style=\"font-size: 19.2px;\">             4,7\/5 - (24 votos)    <\/div>     <\/div>  <p class=\"translation-block\">La <strong>m\u00e1quina envolvedora de mascarillas<\/strong> es de vital importancia en la industria de fabricaci\u00f3n de mascarillas. De hecho, la m\u00e1quina envolvedora de mascarillas aqu\u00ed presente es una m\u00e1quina envolvedora horizontal de flujo continuo. Puede completar autom\u00e1ticamente el proceso de entrega, envoltura, corte, sellado y acabado de productos de mascarillas. Adoptando tecnolog\u00eda avanzada y piezas de calidad, esta m\u00e1quina envolvedora de bolsas para mascarillas puede mejorar enormemente su eficiencia y ahorrarle costos de mano de obra. Adem\u00e1s, todas nuestras m\u00e1quinas est\u00e1n dise\u00f1adas y fabricadas de acuerdo con los est\u00e1ndares internacionales CE e ISO. Con una experiencia extremadamente rica en la industria del embalaje, ofrecemos m\u00e1quinas envolvedoras de mascarillas m\u00e9dicas est\u00e1ndar y personalizadas de excelente calidad para clientes de todo el mundo.<\/p>    <h2 class=\"wp-block-heading\">V\u00eddeo de funcionamiento de la m\u00e1quina envasadora de mascarillas<\/h2>   <figure class=\"wp-block-embed-youtube wp-block-embed is-type-video is-provider-youtube wp-embed-aspect-16-9 wp-has-aspect-ratio\"><div class=\"lyte-wrapper fourthree\" title=\"M\u00e1quina empacadora autom\u00e1tica de mascarillas | Soluci\u00f3n de envasado de mascarillas desechables S\u00faper eficiencia\" style=\"width:960px;max-width:100%;margin:5px auto;\"><div class=\"lyMe hidef\" id=\"WYL_2l5oCE_eUDE\" itemprop=\"video\" itemscope itemtype=\"https:\/\/schema.org\/VideoObject\"><div><meta itemprop=\"thumbnailUrl\" content=\"https:\/\/taizypackaging.com\/wp-content\/plugins\/wp-youtube-lyte\/lyteCache.php?origThumbUrl=https%3A%2F%2Fi.ytimg.com%2Fvi%2F2l5oCE_eUDE%2Fmaxresdefault.jpg\" \/><meta itemprop=\"embedURL\" content=\"https:\/\/www.youtube.com\/embed\/2l5oCE_eUDE\" \/><meta itemprop=\"duration\" content=\"PT1M4S\" \/><meta itemprop=\"uploadDate\" content=\"2022-03-03T06:55:37Z\" \/><\/div><meta itemprop=\"accessibilityFeature\" content=\"captions\" \/><div id=\"lyte_2l5oCE_eUDE\" data-src=\"https:\/\/taizypackaging.com\/wp-content\/plugins\/wp-youtube-lyte\/lyteCache.php?origThumbUrl=https%3A%2F%2Fi.ytimg.com%2Fvi%2F2l5oCE_eUDE%2Fmaxresdefault.jpg\" class=\"pL\"><div class=\"tC\"><div class=\"tT\" itemprop=\"name\">M\u00e1quina empacadora autom\u00e1tica de mascarillas | Soluci\u00f3n de envasado de mascarillas desechables S\u00faper eficiencia<\/div><\/div><div class=\"play\"><\/div><div class=\"ctrl\"><div class=\"Lctrl\"><\/div><div class=\"Rctrl\"><\/div><\/div><\/div><noscript><a href=\"https:\/\/youtu.be\/2l5oCE_eUDE\" rel=\"nofollow noopener\" target=\"_blank\"><img loading=\"lazy\" decoding=\"async\" src=\"https:\/\/taizypackaging.com\/wp-content\/plugins\/wp-youtube-lyte\/lyteCache.php?origThumbUrl=https%3A%2F%2Fi.ytimg.com%2Fvi%2F2l5oCE_eUDE%2F0.jpg\" alt=\"M\u00e1quina empacadora autom\u00e1tica de mascarillas | Soluci\u00f3n de envasado de mascarillas desechables S\u00faper eficiencia\" width=\"960\" height=\"700\" \/><br \/>Watch this video on YouTube<\/a><\/noscript><meta itemprop=\"description\" content=\"#facemaskpacking #maskpackaging #facemaskmachine EMAIL: info@taizypackaging.com WECHAT\/WHATSAPP: +86 18837171591 USEFUL LINK: https:\/\/taizypackaging.com\/horizontal-packing-machine\/ This face mask packing machine is ideal for single or multiple mask packaging. It is cleaner and hygienic than manual packaging, and its speed is many times faster than that of manual packaging. It meets the National Health standards Performance features of the efficient face mask packaging machine 1. It&#039;s widely used for many kinds of products, such as Disposable mask packaging, N95 mask packaging, medical masks, N95 \/ kn95 masks, biscuits, rice noodles, snow cakes, egg yolk pie, chocolate, bread, instant noodles, moon cake medicine, daily necessities, industrial parts, cartons or trays, and other regular objects. 2. The control and drive core is composed of servo motor, programmable controller, and large color touch LCD, which greatly improves the control accuracy, speed range, reliability, and intelligence of the whole machine; the locking of bag forming, cutting length, sealing temperature and other parameters is more accurate. 3. The servo motor drive realizes the feeding, film feeding, longitudinal sealing, transverse sealing, and output of the packaging machine, simplifies the mechanical transmission system, makes the packaging machine run stably and reliably, and significantly reduces the mechanical noise and mechanical failure rate. 4. Adopting double drive vertical seal and advanced horizontal seal heating technology, the longitudinal sealing temperature is low, so as to minimize the possibility of scalding film in the process of operation and shutdown; moreover, it is well sealed with smooth and beautiful lines. 5. The user can set the packaging parameters of various products in the control panel, and only need to transfer the corresponding data from the memory and execute it, so that the packaging operation can be carried out, and the professional skills of operators are reduced. With super efficiency and good quality, the face mask packing machine can greatly improve your productivity and benefit your project. You may also like these videos about the horizontal flow wrap machine: Soap packing machine: https:\/\/www.youtube.com\/watch?v=omb3vEXZlIE Shisha charcoal packing machine: https:\/\/www.youtube.com\/watch?v=isZgH2NxMVs&amp;t=13s EMAIL: info@taizypackaging.com WECHAT\/WHATSAPP: +86 18837171591 USEFUL LINK: https:\/\/taizypackaging.com\/horizontal-packing-machine\/\"><\/div><\/div><div class=\"lL\" style=\"max-width:100%;width:960px;margin:5px auto;\"><\/div><figcaption><\/figcaption><\/figure>   <h2 class=\"wp-block-heading\">\u00bfQu\u00e9 m\u00e1quina se utiliza para envasar mascarillas?<\/h2>    <p class=\"translation-block\">De hecho, existen muchas soluciones de envasado de mascarillas a nivel mundial. Sin embargo, creemos que una <a href=\"https:\/\/taizypackaging.com\/es\/horizontal-packing-machine\/\">m\u00e1quina de envasado tipo almohada<\/a> es el equipo m\u00e1s adecuado para el envasado de mascarillas. Como todos sabemos, una mascarilla desechable no tejida es suave y f\u00e1cil de deformar. Una m\u00e1quina de envasado tipo almohada puede resolver perfectamente este problema. Adem\u00e1s, esta m\u00e1quina tiene un rendimiento estable y alta eficiencia. Y resuelve excelentemente la cuesti\u00f3n de la velocidad de envasado y el rendimiento del envasado. Sin duda, una m\u00e1quina envolvedora de flujo horizontal es una gran soluci\u00f3n para envasar mascarillas. &nbsp;<\/p>    <figure class=\"wp-block-image size-full\"><img loading=\"lazy\" decoding=\"async\" width=\"720\" height=\"540\" src=\"https:\/\/taizypackaging.com\/wp-content\/uploads\/2022\/03\/face-mask-packing-machine-1.jpg\" alt=\"empaquetadora de mascarillas\" class=\"wp-image-4408\" srcset=\"https:\/\/taizypackaging.com\/wp-content\/uploads\/2022\/03\/face-mask-packing-machine-1.jpg 720w, https:\/\/taizypackaging.com\/wp-content\/uploads\/2022\/03\/face-mask-packing-machine-1-300x225.jpg 300w\" sizes=\"auto, (max-width: 720px) 100vw, 720px\" \/><figcaption class=\"wp-element-caption\">empaquetadora de mascarillas<\/figcaption><\/figure>    <h2 class=\"wp-block-heading\">\u00bfQu\u00e9 tipo de mascarilla es adecuada para esta m\u00e1quina envasadora?<\/h2>    <p>Esta m\u00e1quina empacadora de mascarillas tipo almohada es ideal para manipular varias mascarillas, como mascarillas desechables no tejidas, mascarillas quir\u00fargicas, mascarillas N95, mascarillas m\u00e9dicas, mascarillas individuales, mascarillas de 3 capas, etc. En resumen, esta m\u00e1quina empacadora de bolsas para mascarillas puede empacar varios tipos de m\u00e1scaras. Adem\u00e1s, apoyamos un s\u00f3lido servicio personalizado para cumplir con sus requisitos espec\u00edficos.<\/p>    <figure class=\"wp-block-image size-full\"><img decoding=\"async\" src=\"https:\/\/taizypackaging.com\/wp-content\/uploads\/2022\/03\/disposable-face-masks.jpg\" alt=\"mascarillas desechables\" class=\"wp-image-4413\"\/><figcaption class=\"wp-element-caption\">mascarillas desechables<\/figcaption><\/figure>    <h2 class=\"wp-block-heading\">Caracter\u00edsticas de rendimiento de la m\u00e1quina empacadora de mascarillas Taizy<\/h2>    <ol class=\"wp-block-list\"> <li>Estructura simple y compacta. F\u00e1cil de instalar, operar y mantener <\/li>    <li>Sistema de control PLC avanzado y pantalla t\u00e1ctil grande, par\u00e1metros f\u00e1ciles de configurar y rendimiento estable<\/li>    <li>Cuerpo de estructura de m\u00e1quina de acero inoxidable, apariencia duradera y elegante.<\/li>    <li>Amplias aplicaciones. No s\u00f3lo es ideal para mascarillas faciales, sino tambi\u00e9n para verduras, frutas, carb\u00f3n de shisha, galletas, pan, chocolate, etc.<\/li>    <li>Control de temperatura de sellado independiente, adecuado para diversos materiales de embalaje<\/li>    <li>Sistema de seguimiento de carta de color fotoel\u00e9ctrico de alto sensor, posici\u00f3n de corte precisa <\/li>    <li>Controlador convertidor de frecuencia doble, buen rendimiento, ahorro de tiempo y pel\u00edcula.<\/li>    <li>Alto nivel de automatizaci\u00f3n, s\u00faper eficiencia, ahorra costos laborales y beneficia el proyecto.<\/li> <\/ol>    <h2 class=\"wp-block-heading\">\u00bfD\u00f3nde encontrar el mejor fabricante de m\u00e1quinas empacadoras de mascarillas?<\/h2>    <p class=\"translation-block\">De hecho, una m\u00e1quina envolvedora de flujo horizontal es el equipo m\u00e1s adecuado para envasar mascarillas. Tiene las ventajas de un buen rendimiento, alta eficiencia y f\u00e1cil operaci\u00f3n. Como <a href=\"https:\/\/taizypackaging.com\/es\/\">fabricante y proveedor profesional de m\u00e1quinas de envasado<\/a> en China, contamos con personal altamente cualificado para garantizar la buena calidad y la entrega r\u00e1pida de nuestras m\u00e1quinas. Nuestros productos se han exportado con \u00e9xito a m\u00e1s de 80 pa\u00edses y regiones. Adem\u00e1s, todos nuestros equipos de envasado est\u00e1n dise\u00f1ados y producidos de acuerdo con las normas internacionales. Nuestro objetivo es que nuestros productos ayuden a los peque\u00f1os empresarios a desarrollarse mejor. Y ayudar a m\u00e1s personas a obtener m\u00e1s beneficios de nuestras m\u00e1quinas. <\/p>    <figure class=\"wp-block-image size-full\"><img decoding=\"async\" src=\"https:\/\/taizypackaging.com\/wp-content\/uploads\/2022\/03\/flow-wrapping-machine-factory.jpg\" alt=\"f\u00e1brica de m\u00e1quinas de embalaje de flujo\" class=\"wp-image-4409\"\/><figcaption class=\"wp-element-caption\">f\u00e1brica de m\u00e1quinas de embalaje de flujo<\/figcaption><\/figure>    <h2 class=\"wp-block-heading\">Beneficios y aplicaciones de la m\u00e1quina empacadora de mascarillas<\/h2>    <p>Una m\u00e1quina empacadora de mascarillas es un dispositivo que se utiliza para empaquetar mascarillas, generalmente mascarillas quir\u00fargicas o de respiraci\u00f3n. Estas m\u00e1quinas est\u00e1n dise\u00f1adas para funcionar con una variedad de tipos y tama\u00f1os de mascarillas y pueden usarse para empaquetar mascarillas en bolsas individuales o a granel. Algunas caracter\u00edsticas comunes de las m\u00e1quinas empacadoras de mascarillas incluyen el conteo y llenado autom\u00e1tico, la capacidad de sellar las bolsas y la capacidad de imprimir informaci\u00f3n como las fechas de vencimiento en el empaque. Las aplicaciones de las m\u00e1quinas empacadoras de mascarillas incluyen atenci\u00f3n m\u00e9dica, fabricaci\u00f3n y distribuci\u00f3n de mascarillas.<\/p>    <h2 class=\"wp-block-heading\">\u00bfCu\u00e1l es el precio de la m\u00e1quina empacadora de mascarillas?<\/h2>    <p>El precio de la m\u00e1quina empacadora de mascarillas est\u00e1 cerca de muchos factores como la marca, los motores, el material de la estructura de la carrocer\u00eda, los modelos, el costo de env\u00edo, etc. Cada factor puede afectar en gran medida el precio de la m\u00e1quina empacadora de mascarillas. De hecho, no podemos sacrificar la calidad para ahorrar costos cuando elegimos una m\u00e1quina empacadora de mascarillas. Debemos asegurarnos de la buena calidad de una m\u00e1quina, esta es la mejor manera de ahorrar costes y energ\u00eda. Por lo tanto, no es necesario dedicar mucho tiempo a la sustituci\u00f3n y mantenimiento de una m\u00e1quina.<\/p>","protected":false},"excerpt":{"rendered":"<p>Face mask packing machine is vitally important in the mask manufacturing industry. Actually, the face mask packaging machine here is a horizontal type flow wrap machine. It can automatically complete the process of mask delivering, wrapping, cutting, sealing, and finishing products. Adopting advanced technology and quality parts, this mask pouch packing machine can highly improve [&hellip;]<\/p>\n","protected":false},"author":1,"featured_media":4408,"parent":0,"template":"","tags":[633,269,635,634],"product-type":[664],"class_list":["post-4396","product","type-product","status-publish","has-post-thumbnail","hentry","tag-face-mask","tag-mask","tag-medical-mask","tag-surgical-mask","product-type-horizontal-flow-wrapping-machines"],"_links":{"self":[{"href":"https:\/\/taizypackaging.com\/es\/wp-json\/wp\/v2\/product\/4396","targetHints":{"allow":["GET"]}}],"collection":[{"href":"https:\/\/taizypackaging.com\/es\/wp-json\/wp\/v2\/product"}],"about":[{"href":"https:\/\/taizypackaging.com\/es\/wp-json\/wp\/v2\/types\/product"}],"author":[{"embeddable":true,"href":"https:\/\/taizypackaging.com\/es\/wp-json\/wp\/v2\/users\/1"}],"wp:featuredmedia":[{"embeddable":true,"href":"https:\/\/taizypackaging.com\/es\/wp-json\/wp\/v2\/media\/4408"}],"wp:attachment":[{"href":"https:\/\/taizypackaging.com\/es\/wp-json\/wp\/v2\/media?parent=4396"}],"wp:term":[{"taxonomy":"post_tag","embeddable":true,"href":"https:\/\/taizypackaging.com\/es\/wp-json\/wp\/v2\/tags?post=4396"},{"taxonomy":"product-type","embeddable":true,"href":"https:\/\/taizypackaging.com\/es\/wp-json\/wp\/v2\/product-type?post=4396"}],"curies":[{"name":"wp","href":"https:\/\/api.w.org\/{rel}","templated":true}]}}