{"id":4997,"date":"2023-12-12T13:45:24","date_gmt":"2023-12-12T05:45:24","guid":{"rendered":"https:\/\/taizypackaging.com\/?post_type=product&#038;p=4997"},"modified":"2024-07-16T17:59:50","modified_gmt":"2024-07-16T09:59:50","slug":"multi-lane-stick-pack-machine","status":"publish","type":"product","link":"https:\/\/taizypackaging.com\/es\/multi-lane-stick-pack-machine\/","title":{"rendered":"M\u00e1quina Stick Pack de carriles m\u00faltiples para polvo, l\u00edquido y gr\u00e1nulos"},"content":{"rendered":"<div class=\"kk-star-ratings kksr-auto kksr-align-left kksr-valign-top\"     data-payload='{&quot;align&quot;:&quot;left&quot;,&quot;id&quot;:&quot;4997&quot;,&quot;slug&quot;:&quot;default&quot;,&quot;valign&quot;:&quot;top&quot;,&quot;ignore&quot;:&quot;&quot;,&quot;reference&quot;:&quot;auto&quot;,&quot;class&quot;:&quot;&quot;,&quot;count&quot;:&quot;25&quot;,&quot;legendonly&quot;:&quot;&quot;,&quot;readonly&quot;:&quot;&quot;,&quot;score&quot;:&quot;4.7&quot;,&quot;starsonly&quot;:&quot;&quot;,&quot;best&quot;:&quot;5&quot;,&quot;gap&quot;:&quot;5&quot;,&quot;greet&quot;:&quot;Rate this product&quot;,&quot;legend&quot;:&quot;4.7\\\/5 - (25 votos)&quot;,&quot;size&quot;:&quot;24&quot;,&quot;title&quot;:&quot;Multi Lane Stick Pack Machine for Powder, Liquid, Granules&quot;,&quot;width&quot;:&quot;133.8&quot;,&quot;_legend&quot;:&quot;{score}\\\/{best} - ({count} {votes})&quot;,&quot;font_factor&quot;:&quot;1.25&quot;}'>              <div class=\"kksr-stars\">      <div class=\"kksr-stars-inactive\">             <div class=\"kksr-star\" data-star=\"1\" style=\"padding-right: 5px\">               <div class=\"kksr-icon\" style=\"width: 24px; height: 24px;\"><\/div>         <\/div>             <div class=\"kksr-star\" data-star=\"2\" style=\"padding-right: 5px\">               <div class=\"kksr-icon\" style=\"width: 24px; height: 24px;\"><\/div>         <\/div>             <div class=\"kksr-star\" data-star=\"3\" style=\"padding-right: 5px\">               <div class=\"kksr-icon\" style=\"width: 24px; height: 24px;\"><\/div>         <\/div>             <div class=\"kksr-star\" data-star=\"4\" style=\"padding-right: 5px\">               <div class=\"kksr-icon\" style=\"width: 24px; height: 24px;\"><\/div>         <\/div>             <div class=\"kksr-star\" data-star=\"5\" style=\"padding-right: 5px\">               <div class=\"kksr-icon\" style=\"width: 24px; height: 24px;\"><\/div>         <\/div>     <\/div>      <div class=\"kksr-stars-active\" style=\"width: 133.8px;\">             <div class=\"kksr-star\" style=\"padding-right: 5px\">               <div class=\"kksr-icon\" style=\"width: 24px; height: 24px;\"><\/div>         <\/div>             <div class=\"kksr-star\" style=\"padding-right: 5px\">               <div class=\"kksr-icon\" style=\"width: 24px; height: 24px;\"><\/div>         <\/div>             <div class=\"kksr-star\" style=\"padding-right: 5px\">               <div class=\"kksr-icon\" style=\"width: 24px; height: 24px;\"><\/div>         <\/div>             <div class=\"kksr-star\" style=\"padding-right: 5px\">               <div class=\"kksr-icon\" style=\"width: 24px; height: 24px;\"><\/div>         <\/div>             <div class=\"kksr-star\" style=\"padding-right: 5px\">               <div class=\"kksr-icon\" style=\"width: 24px; height: 24px;\"><\/div>         <\/div>     <\/div> <\/div>                   <div class=\"kksr-legend\" style=\"font-size: 19.2px;\">             4,7\/5 - (25 votos)    <\/div>     <\/div>  <p>M\u00e1quina envasadora de barras de varios carriles para el envasado eficiente y r\u00e1pido de polvos, gr\u00e1nulos y materiales l\u00edquidos. El tama\u00f1o final de esta m\u00e1quina empacadora se puede ajustar entre 50-150 de largo y 15-80 de ancho. A continuaci\u00f3n, le presentaremos esta m\u00e1quina en detalle.<\/p>   <div class=\"wp-block-image\"> <figure class=\"aligncenter size-full\"><img loading=\"lazy\" decoding=\"async\" width=\"720\" height=\"540\" src=\"https:\/\/taizypackaging.com\/wp-content\/uploads\/2023\/12\/stick-pack-machine.webp\" alt=\"m\u00e1quina de paquetes de barras\" class=\"wp-image-5010\" srcset=\"https:\/\/taizypackaging.com\/wp-content\/uploads\/2023\/12\/stick-pack-machine.webp 720w, https:\/\/taizypackaging.com\/wp-content\/uploads\/2023\/12\/stick-pack-machine-300x225.webp 300w\" sizes=\"auto, (max-width: 720px) 100vw, 720px\" \/><figcaption class=\"wp-element-caption\">m\u00e1quina de paquetes de barras<\/figcaption><\/figure> <\/div>   <h2 class=\"wp-block-heading\">\u00bfQu\u00e9 es la m\u00e1quina envasadora de barras de varios carriles?<\/h2>    <p class=\"translation-block\">Multi lane stick pack machine es un tipo de equipo de envasado automatizado utilizado en industrias como la alimentaria, <a href=\"https:\/\/en.wikipedia.org\/wiki\/Pharmaceutical_industry\" target=\"_blank\" rel=\"noopener\">farmac\u00e9utica<\/a>s, de productos de uso diario y cosm\u00e9ticos. Es capaz de envasar simult\u00e1neamente m\u00faltiples productos en bolsas al mismo tiempo con precisi\u00f3n. El dise\u00f1o de la m\u00e1quina de llenado de stick pack de varias l\u00edneas puede ajustarse seg\u00fan sea necesario para admitir productos con diferentes especificaciones, tama\u00f1os y requisitos de empaque.<\/p>    <p>En comparaci\u00f3n con una m\u00e1quina envasadora de un solo carril, esta m\u00e1quina llenadora de paquetes tipo stick de varios carriles tiene una gran ventaja en t\u00e9rminos de capacidad de producci\u00f3n y velocidad de producci\u00f3n. Adem\u00e1s, esta m\u00e1quina es m\u00e1s funcional.<\/p>   <div class=\"wp-block-image\"> <figure class=\"aligncenter size-full\"><img loading=\"lazy\" decoding=\"async\" width=\"720\" height=\"540\" src=\"https:\/\/taizypackaging.com\/wp-content\/uploads\/2023\/12\/multi-lane-stick-sachet-packing-machine.webp\" alt=\"M\u00e1quina empacadora de bolsitas de barras de varios carriles\" class=\"wp-image-5005\" srcset=\"https:\/\/taizypackaging.com\/wp-content\/uploads\/2023\/12\/multi-lane-stick-sachet-packing-machine.webp 720w, https:\/\/taizypackaging.com\/wp-content\/uploads\/2023\/12\/multi-lane-stick-sachet-packing-machine-300x225.webp 300w\" sizes=\"auto, (max-width: 720px) 100vw, 720px\" \/><figcaption class=\"wp-element-caption\">M\u00e1quina empacadora de bolsitas de barras de varios carriles<\/figcaption><\/figure> <\/div>   <h2 class=\"wp-block-heading\">\u00bfC\u00f3mo funcionan las m\u00e1quinas stick pack de varios carriles?<\/h2>    <p>Una m\u00e1quina de envasado en barras de varios carriles funciona combinando varias unidades de trabajo de envasado para manipular varios productos al mismo tiempo y empaquetarlos en productos terminados. Su principio de funcionamiento incluye los siguientes pasos principales:<\/p>    <h3 class=\"wp-block-heading\">Alimentaci\u00f3n<\/h3>    <p>En primer lugar, los productos se introducen en el \u00e1rea de trabajo de la m\u00e1quina de envasado en barras de varias pistas a trav\u00e9s de un alimentador de vac\u00edo. Se trata de transportar productos en polvo, l\u00edquidos o granulados desde el \u00e1rea de almacenamiento hasta la estaci\u00f3n de trabajo de envasado.<\/p>    <h3 class=\"wp-block-heading\">Preparaci\u00f3n de bolsas\/contenedores<\/h3>    <p>En la estaci\u00f3n de envasado, la m\u00e1quina prepara las bolsas para su uso. El fabricante de bolsas crea bolsas del tama\u00f1o adecuado a los requisitos del producto para garantizar la carga del producto a envasar.<\/p>    <h3 class=\"wp-block-heading\">Llenado y sellado<\/h3>    <p>Una vez preparado, el producto se introduce con precisi\u00f3n en la bolsa. Este proceso implica una dosificaci\u00f3n precisa para garantizar que la cantidad de producto en cada unidad de embalaje sea precisa. Luego se sella la bolsa para garantizar que el producto est\u00e9 sellado y seguro.<\/p>    <h3 class=\"wp-block-heading\">Descargar<\/h3>    <p>Finalmente, el producto envasado es descargado a la salida y luego por la salida.<\/p>    <h3 class=\"wp-block-heading\">Otras funciones adicionales<\/h3>    <p>Adem\u00e1s del llenado y sellado, dependiendo de la configuraci\u00f3n de la m\u00e1quina de envasado en barras de m\u00faltiples carriles, se realizan varias funciones adicionales, como impresi\u00f3n de etiquetas, codificaci\u00f3n, etiquetado, etc., para proporcionar identificaci\u00f3n e informaci\u00f3n sobre el producto envasado.<\/p>    <figure class=\"wp-block-gallery has-nested-images columns-default is-cropped wp-block-gallery-2 is-layout-flex wp-block-gallery-is-layout-flex\"> <figure class=\"wp-block-image size-large\"><img loading=\"lazy\" decoding=\"async\" width=\"720\" height=\"540\" data-id=\"5014\" src=\"https:\/\/taizypackaging.com\/wp-content\/uploads\/2023\/12\/working-process.webp\" alt=\"proceso de trabajo\" class=\"wp-image-5014\" srcset=\"https:\/\/taizypackaging.com\/wp-content\/uploads\/2023\/12\/working-process.webp 720w, https:\/\/taizypackaging.com\/wp-content\/uploads\/2023\/12\/working-process-300x225.webp 300w\" sizes=\"auto, (max-width: 720px) 100vw, 720px\" \/><figcaption class=\"wp-element-caption\">proceso de trabajo<\/figcaption><\/figure>    <figure class=\"wp-block-image size-large\"><img loading=\"lazy\" decoding=\"async\" width=\"720\" height=\"540\" data-id=\"5009\" src=\"https:\/\/taizypackaging.com\/wp-content\/uploads\/2023\/12\/ribbon-coding-machine.webp\" alt=\"m\u00e1quina de codificaci\u00f3n de cinta\" class=\"wp-image-5009\" srcset=\"https:\/\/taizypackaging.com\/wp-content\/uploads\/2023\/12\/ribbon-coding-machine.webp 720w, https:\/\/taizypackaging.com\/wp-content\/uploads\/2023\/12\/ribbon-coding-machine-300x225.webp 300w\" sizes=\"auto, (max-width: 720px) 100vw, 720px\" \/><figcaption class=\"wp-element-caption\">m\u00e1quina de codificaci\u00f3n de cinta<\/figcaption><\/figure>    <figure class=\"wp-block-image size-large\"><img loading=\"lazy\" decoding=\"async\" width=\"720\" height=\"540\" data-id=\"5007\" src=\"https:\/\/taizypackaging.com\/wp-content\/uploads\/2023\/12\/outlet.webp\" alt=\"salida\" class=\"wp-image-5007\" srcset=\"https:\/\/taizypackaging.com\/wp-content\/uploads\/2023\/12\/outlet.webp 720w, https:\/\/taizypackaging.com\/wp-content\/uploads\/2023\/12\/outlet-300x225.webp 300w\" sizes=\"auto, (max-width: 720px) 100vw, 720px\" \/><figcaption class=\"wp-element-caption\">salida<\/figcaption><\/figure> <\/figure>    <h2 class=\"wp-block-heading\">Estructura flexible de la m\u00e1quina envasadora de bolsitas de varios carriles<\/h2>    <p>La estructura de una m\u00e1quina envasadora de bolsitas de varios carriles incluye una bomba de l\u00edquido o un llenador de sinf\u00edn para diferentes materiales, una estructura de tensi\u00f3n de gu\u00eda de pel\u00edcula desenrolladora, un formador, un sellador vertical, una unidad de sellador\/extracci\u00f3n de pel\u00edcula horizontal, una unidad de muesca de f\u00e1cil desgarro, un cortador perforador de esquinas redondeadas y ruedas m\u00f3viles. , carrete de extracci\u00f3n de pel\u00edcula motorizado y HMI con pantalla t\u00e1ctil.<\/p>   <div class=\"wp-block-image\"> <figure class=\"aligncenter size-full\"><img loading=\"lazy\" decoding=\"async\" width=\"720\" height=\"540\" src=\"https:\/\/taizypackaging.com\/wp-content\/uploads\/2023\/12\/machine-structure.webp\" alt=\"estructura de la m\u00e1quina\" class=\"wp-image-5001\" srcset=\"https:\/\/taizypackaging.com\/wp-content\/uploads\/2023\/12\/machine-structure.webp 720w, https:\/\/taizypackaging.com\/wp-content\/uploads\/2023\/12\/machine-structure-300x225.webp 300w\" sizes=\"auto, (max-width: 720px) 100vw, 720px\" \/><figcaption class=\"wp-element-caption\">estructura de la m\u00e1quina<\/figcaption><\/figure> <\/div>   <h2 class=\"wp-block-heading\">Tres opciones de corte diferentes<\/h2>    <p>Nuestra m\u00e1quina de envasado en barras de varios carriles ofrece tres opciones de corte diferentes para adaptarse a diferentes tipos y formas de necesidades de envasado. Estas tres opciones de corte incluyen corte recto, corte redondo y corte en zigzag.<\/p>   <div class=\"wp-block-image\"> <figure class=\"aligncenter size-full\"><img loading=\"lazy\" decoding=\"async\" width=\"510\" height=\"630\" src=\"https:\/\/taizypackaging.com\/wp-content\/uploads\/2023\/12\/three-different-cutting-option.webp\" alt=\"tres opciones de corte diferentes\" class=\"wp-image-5012\" srcset=\"https:\/\/taizypackaging.com\/wp-content\/uploads\/2023\/12\/three-different-cutting-option.webp 510w, https:\/\/taizypackaging.com\/wp-content\/uploads\/2023\/12\/three-different-cutting-option-243x300.webp 243w\" sizes=\"auto, (max-width: 510px) 100vw, 510px\" \/><figcaption class=\"wp-element-caption\">tres opciones de corte diferentes<\/figcaption><\/figure> <\/div>   <h2 class=\"wp-block-heading\">Datos t\u00e9cnicos de tres m\u00e1quinas empacadoras de barras de m\u00faltiples carriles<\/h2>    <figure class=\"wp-block-table\"><table><tbody><tr><td>N\u00famero de modelo<\/td><td>WP-480Y<\/td><td>WP-680Y<\/td><td>WP-880Y<\/td><\/tr><tr><td>Capacidad (bolsa\/min)<\/td><td colspan=\"3\">25-35 latidos\/min<\/td><\/tr><tr><td>Rango de medici\u00f3n(g)<\/td><td colspan=\"3\">1-20 g (seg\u00fan el tama\u00f1o del producto)<\/td><\/tr><tr><td>Tama\u00f1o de la bolsa (mm)<\/td><td colspan=\"3\">(L)50-150 (An)15-80<\/td><\/tr><tr><td>Potencia(W)<\/td><td>4200w<\/td><td>5200w<\/td><td>5800w<\/td><\/tr><tr><td>voltaje de fuente<\/td><td colspan=\"3\">380V\/50Hz 220V\/50-60Hz<\/td><\/tr><tr><td>Material de empaque<\/td><td colspan=\"3\">Pel\u00edcula laminada de PE, aluminio puro, nailon recubierto de aluminio, etc.<\/td><\/tr><tr><td>Peso del embalaje (kg)<\/td><td>850 kilos<\/td><td>950 kilos<\/td><td>1050kg<\/td><\/tr><tr><td>Dimensiones totales<\/td><td>1670x1320x2720mm<\/td><td>1670x1420x2720mm<\/td><td>1670x1520x2720mm<\/td><\/tr><\/tbody><\/table><\/figure>    <p>Estos son s\u00f3lo los par\u00e1metros t\u00e9cnicos de 3 m\u00e1quinas muy vendidas. Adem\u00e1s de estas tres m\u00e1quinas, tambi\u00e9n tenemos a la venta otros modelos de m\u00e1quinas empacadoras de barras de m\u00faltiples carriles. Para informaci\u00f3n m\u00e1s espec\u00edfica no dude en contactarnos.<\/p>   <div class=\"wp-block-image\"> <figure class=\"aligncenter size-full\"><img loading=\"lazy\" decoding=\"async\" width=\"720\" height=\"540\" src=\"https:\/\/taizypackaging.com\/wp-content\/uploads\/2023\/12\/multi-lane-stick-pack-machine.webp\" alt=\"M\u00e1quina envasadora de barras de varios carriles\" class=\"wp-image-5003\" srcset=\"https:\/\/taizypackaging.com\/wp-content\/uploads\/2023\/12\/multi-lane-stick-pack-machine.webp 720w, https:\/\/taizypackaging.com\/wp-content\/uploads\/2023\/12\/multi-lane-stick-pack-machine-300x225.webp 300w\" sizes=\"auto, (max-width: 720px) 100vw, 720px\" \/><figcaption class=\"wp-element-caption\">M\u00e1quina envasadora de barras de varios carriles<\/figcaption><\/figure> <\/div>   <h2 class=\"wp-block-heading\">\u00c1mbito de aplicaci\u00f3n de la m\u00e1quina de envasado en barras de varios carriles<\/h2>    <p class=\"translation-block\"><strong>Food industry<\/strong>: utilizado para el envasado de alimentos en polvo, granulado o l\u00edquidos, como harina, leche en polvo, caf\u00e9 en polvo, glucosa, az\u00facar, aromas, etc.<\/p>    <p class=\"translation-block\"><strong>Pharmaceutical industry<\/strong>: para el envasado de productos farmac\u00e9uticos, polvos herbales y otros f\u00e1rmacos granulados o l\u00edquidos.<\/p>    <p class=\"translation-block\"><strong>Cosmetics and personal care products<\/strong>: Utilizado para envasar champ\u00fa, gel de ba\u00f1o, productos para el cuidado de la piel y otros productos.<\/p>    <p class=\"translation-block\"><strong>Industrial and chemical products<\/strong>: Pueden utilizarse para el envasado de productos qu\u00edmicos, pinturas, etc.<\/p>    <p class=\"translation-block\"><strong>Agricultural field<\/strong>: Utilizado para el envasado de productos agr\u00edcolas como semillas, fertilizantes, pesticidas, etc.<\/p>   <div class=\"wp-block-image\"> <figure class=\"aligncenter size-full\"><img loading=\"lazy\" decoding=\"async\" width=\"720\" height=\"540\" src=\"https:\/\/taizypackaging.com\/wp-content\/uploads\/2023\/12\/packaging-product-display.webp\" alt=\"exhibici\u00f3n de productos de embalaje\" class=\"wp-image-5008\" srcset=\"https:\/\/taizypackaging.com\/wp-content\/uploads\/2023\/12\/packaging-product-display.webp 720w, https:\/\/taizypackaging.com\/wp-content\/uploads\/2023\/12\/packaging-product-display-300x225.webp 300w\" sizes=\"auto, (max-width: 720px) 100vw, 720px\" \/><figcaption class=\"wp-element-caption\">exhibici\u00f3n de productos de embalaje<\/figcaption><\/figure> <\/div>   <h2 class=\"wp-block-heading\">Ventajas de la m\u00e1quina envasadora de bolsitas tipo barra de varios carriles<\/h2>    <ol class=\"wp-block-list\"> <li>Producci\u00f3n eficiente: las m\u00e1quinas empacadoras de bolsitas tipo barra de m\u00faltiples carriles pueden manejar m\u00faltiples unidades de trabajo de empaque simult\u00e1neamente, lo que permite paralelizar el proceso de empaque.<\/li>    <li>Versatilidad: La m\u00e1quina puede adaptarse a diferentes formas, tama\u00f1os y tipos de envases de productos. Hay varias configuraciones y opciones de personalizaci\u00f3n disponibles para satisfacer las necesidades de diferentes productos.<\/li>    <li>Dosificaci\u00f3n precisa: las m\u00e1quinas de envasado en barras de varios carriles tienen capacidades de llenado y dosificaci\u00f3n precisas para garantizar que la cantidad de producto en cada unidad de envasado sea precisa.<\/li>    <li>Est\u00e1ndares de higiene: la estructura de la m\u00e1quina est\u00e1 dise\u00f1ada para cumplir con los requisitos de higiene. Toda la m\u00e1quina est\u00e1 fabricada en acero inoxidable 304. Por lo tanto, la m\u00e1quina puede adaptarse a los estrictos requisitos de higiene de los est\u00e1ndares de la industria alimentaria, medicinal y otros.<\/li>    <li>Flexibilidad: La m\u00e1quina puede hacer frente a diferentes necesidades de embalaje. Se encuentran disponibles una variedad de opciones de corte, sellado y marcado para diferentes dise\u00f1os y requisitos de empaque de productos.<\/li>    <li>Control de automatizaci\u00f3n: la m\u00e1quina adopta un conjunto completo de sistemas de control Siemens, como el control de programa PLC, que puede realizar una operaci\u00f3n automatizada y un control preciso del embalaje.<\/li> <\/ol>    <h2 class=\"wp-block-heading\">M\u00e1quina envasadora de barras de varios carriles a la venta<\/h2>    <p class=\"translation-block\">En <a href=\"https:\/\/taizypackaging.com\/es\/\">Taizy Packaging Machinery<\/a>, tenemos una amplia gama de m\u00e1quinas de llenado de stick pack de varias l\u00edneas en venta. Los clientes suelen comprar m\u00e1quinas de 4 y 8 columnas. Tambi\u00e9n hay algunos clientes que compran m\u00e1quinas de llenado multi-l\u00ednea de 12 columnas. Si tienes otros requisitos de columna, podemos proporcionar servicios de personalizaci\u00f3n \u00fanicos. Por favor, crea que haremos todo lo posible para cumplir tus requisitos.<\/p>   <div class=\"wp-block-image\"> <figure class=\"aligncenter size-full\"><img loading=\"lazy\" decoding=\"async\" width=\"720\" height=\"540\" src=\"https:\/\/taizypackaging.com\/wp-content\/uploads\/2023\/12\/stock-of-stick-pack-filling-machine.webp\" alt=\"stock de m\u00e1quina llenadora de paquetes de barras\" class=\"wp-image-5011\" srcset=\"https:\/\/taizypackaging.com\/wp-content\/uploads\/2023\/12\/stock-of-stick-pack-filling-machine.webp 720w, https:\/\/taizypackaging.com\/wp-content\/uploads\/2023\/12\/stock-of-stick-pack-filling-machine-300x225.webp 300w\" sizes=\"auto, (max-width: 720px) 100vw, 720px\" \/><figcaption class=\"wp-element-caption\">stock de m\u00e1quina llenadora de paquetes de barras<\/figcaption><\/figure> <\/div>   <h2 class=\"wp-block-heading\">Fabricante confiable de m\u00e1quinas stick pack de carriles m\u00faltiples en China<\/h2>    <p class=\"translation-block\">Taizy Packaging Machinery es un fabricante bien conocido de maquinaria de envasado en China. Adem\u00e1s de la m\u00e1quina de stick pack multi-l\u00ednea, tambi\u00e9n tenemos <a href=\"https:\/\/taizypackaging.com\/es\/tea-packing-machine-sold-to-sri-lanka\/\">maquinaria de envasado de t\u00e9<\/a>, <a href=\"https:\/\/taizypackaging.com\/es\/fully-automatic-paste-filling-machine-for-100-5000ml\/\">m\u00e1quina de llenado de pasta<\/a>, <a href=\"https:\/\/taizypackaging.com\/es\/how-to-package-chinchin-snacks\/\">maquina de envasado de chin chin<\/a>, <a href=\"https:\/\/taizypackaging.com\/es\/sugar-sachet-packing-machine-performance-features-and-advantages\/\">maquina de envasado de sobres de az\u00facar<\/a>, <a href=\"https:\/\/taizypackaging.com\/es\/meat-vacuum-packaging-machine-exported-to-ghana\/\">maquinaria de envasado al vac\u00edo<\/a>, y as\u00ed sucesivamente. Puedes elegir la m\u00e1quina adecuada seg\u00fan tus necesidades. <\/p>   <div class=\"wp-block-image\"> <figure class=\"aligncenter size-full\"><img loading=\"lazy\" decoding=\"async\" width=\"720\" height=\"540\" src=\"https:\/\/taizypackaging.com\/wp-content\/uploads\/2023\/12\/our-certifications.webp\" alt=\"nuestras certificaciones\" class=\"wp-image-5006\" srcset=\"https:\/\/taizypackaging.com\/wp-content\/uploads\/2023\/12\/our-certifications.webp 720w, https:\/\/taizypackaging.com\/wp-content\/uploads\/2023\/12\/our-certifications-300x225.webp 300w\" sizes=\"auto, (max-width: 720px) 100vw, 720px\" \/><figcaption class=\"wp-element-caption\">nuestras certificaciones<\/figcaption><\/figure> <\/div>   <p>Hasta ahora, nuestras m\u00e1quinas se han exportado a Canad\u00e1, Alemania, Senegal, Nueva Zelanda, Espa\u00f1a, Nigeria, Jap\u00f3n, Grecia y muchos otros pa\u00edses. Por tanto, puede confiar plenamente en la calidad de nuestras m\u00e1quinas. Nuestra rica experiencia en exportaci\u00f3n tambi\u00e9n nos permite entregarle las m\u00e1quinas lo antes posible. \u00bfQue estas esperando? \u00a1Ponte en contacto con nosotros r\u00e1pidamente!<\/p>","protected":false},"excerpt":{"rendered":"<p>Multi lane stick pack machine for efficient and fast packaging of powders, granules, and liquid materials. The finished size of this packaging machine can be adjusted between 50-150 in length and 15-80 in width. Next, we will introduce this machine to you in detail. What is multi lane stick pack machine? Multi lane stick pack [&hellip;]<\/p>\n","protected":false},"author":1,"featured_media":5002,"parent":0,"template":"","tags":[],"product-type":[660],"class_list":["post-4997","product","type-product","status-publish","has-post-thumbnail","hentry","product-type-powder-packing-machines"],"_links":{"self":[{"href":"https:\/\/taizypackaging.com\/es\/wp-json\/wp\/v2\/product\/4997","targetHints":{"allow":["GET"]}}],"collection":[{"href":"https:\/\/taizypackaging.com\/es\/wp-json\/wp\/v2\/product"}],"about":[{"href":"https:\/\/taizypackaging.com\/es\/wp-json\/wp\/v2\/types\/product"}],"author":[{"embeddable":true,"href":"https:\/\/taizypackaging.com\/es\/wp-json\/wp\/v2\/users\/1"}],"wp:featuredmedia":[{"embeddable":true,"href":"https:\/\/taizypackaging.com\/es\/wp-json\/wp\/v2\/media\/5002"}],"wp:attachment":[{"href":"https:\/\/taizypackaging.com\/es\/wp-json\/wp\/v2\/media?parent=4997"}],"wp:term":[{"taxonomy":"post_tag","embeddable":true,"href":"https:\/\/taizypackaging.com\/es\/wp-json\/wp\/v2\/tags?post=4997"},{"taxonomy":"product-type","embeddable":true,"href":"https:\/\/taizypackaging.com\/es\/wp-json\/wp\/v2\/product-type?post=4997"}],"curies":[{"name":"wp","href":"https:\/\/api.w.org\/{rel}","templated":true}]}}