{"id":5071,"date":"2024-07-11T10:49:10","date_gmt":"2024-07-11T02:49:10","guid":{"rendered":"https:\/\/taizypackaging.com\/?post_type=product&#038;p=5071"},"modified":"2024-07-11T14:06:01","modified_gmt":"2024-07-11T06:06:01","slug":"heat-shrink-wrap-machine","status":"publish","type":"product","link":"https:\/\/taizypackaging.com\/es\/heat-shrink-wrap-machine\/","title":{"rendered":"M\u00e1quina de envoltura termorretr\u00e1ctil LC-560B"},"content":{"rendered":"<div class=\"kk-star-ratings kksr-auto kksr-align-left kksr-valign-top\"     data-payload='{&quot;align&quot;:&quot;left&quot;,&quot;id&quot;:&quot;5071&quot;,&quot;slug&quot;:&quot;default&quot;,&quot;valign&quot;:&quot;top&quot;,&quot;ignore&quot;:&quot;&quot;,&quot;reference&quot;:&quot;auto&quot;,&quot;class&quot;:&quot;&quot;,&quot;count&quot;:&quot;26&quot;,&quot;legendonly&quot;:&quot;&quot;,&quot;readonly&quot;:&quot;&quot;,&quot;score&quot;:&quot;4.9&quot;,&quot;starsonly&quot;:&quot;&quot;,&quot;best&quot;:&quot;5&quot;,&quot;gap&quot;:&quot;5&quot;,&quot;greet&quot;:&quot;Rate this product&quot;,&quot;legend&quot;:&quot;4.9\\\/5 - (26 votos)&quot;,&quot;size&quot;:&quot;24&quot;,&quot;title&quot;:&quot;LC-560B Heat Shrink Wrap Machine&quot;,&quot;width&quot;:&quot;139.6&quot;,&quot;_legend&quot;:&quot;{score}\\\/{best} - ({count} {votes})&quot;,&quot;font_factor&quot;:&quot;1.25&quot;}'>              <div class=\"kksr-stars\">      <div class=\"kksr-stars-inactive\">             <div class=\"kksr-star\" data-star=\"1\" style=\"padding-right: 5px\">               <div class=\"kksr-icon\" style=\"width: 24px; height: 24px;\"><\/div>         <\/div>             <div class=\"kksr-star\" data-star=\"2\" style=\"padding-right: 5px\">               <div class=\"kksr-icon\" style=\"width: 24px; height: 24px;\"><\/div>         <\/div>             <div class=\"kksr-star\" data-star=\"3\" style=\"padding-right: 5px\">               <div class=\"kksr-icon\" style=\"width: 24px; height: 24px;\"><\/div>         <\/div>             <div class=\"kksr-star\" data-star=\"4\" style=\"padding-right: 5px\">               <div class=\"kksr-icon\" style=\"width: 24px; height: 24px;\"><\/div>         <\/div>             <div class=\"kksr-star\" data-star=\"5\" style=\"padding-right: 5px\">               <div class=\"kksr-icon\" style=\"width: 24px; height: 24px;\"><\/div>         <\/div>     <\/div>      <div class=\"kksr-stars-active\" style=\"width: 139.6px;\">             <div class=\"kksr-star\" style=\"padding-right: 5px\">               <div class=\"kksr-icon\" style=\"width: 24px; height: 24px;\"><\/div>         <\/div>             <div class=\"kksr-star\" style=\"padding-right: 5px\">               <div class=\"kksr-icon\" style=\"width: 24px; height: 24px;\"><\/div>         <\/div>             <div class=\"kksr-star\" style=\"padding-right: 5px\">               <div class=\"kksr-icon\" style=\"width: 24px; height: 24px;\"><\/div>         <\/div>             <div class=\"kksr-star\" style=\"padding-right: 5px\">               <div class=\"kksr-icon\" style=\"width: 24px; height: 24px;\"><\/div>         <\/div>             <div class=\"kksr-star\" style=\"padding-right: 5px\">               <div class=\"kksr-icon\" style=\"width: 24px; height: 24px;\"><\/div>         <\/div>     <\/div> <\/div>                   <div class=\"kksr-legend\" style=\"font-size: 19.2px;\">             4,9\/5 - (26 votos)    <\/div>     <\/div>  <p>La m\u00e1quina termorretr\u00e1ctil envuelve completamente el producto con una pel\u00edcula termorretr\u00e1ctil para proteger y embellecer el producto. <\/p>    <p>La m\u00e1quina envasadora termorretr\u00e1ctil completamente sellada desarrollada independientemente por nuestra empresa se utiliza ampliamente en el envasado de productos en industrias como bebidas, alimentos, medicinas y productos qu\u00edmicos.<\/p>   <figure class=\"wp-block-embed-youtube wp-block-embed is-type-video is-provider-youtube wp-embed-aspect-16-9 wp-has-aspect-ratio\"><div class=\"lyte-wrapper fourthree\" title=\"M\u00e1quina autom\u00e1tica de retractilado | Cortadora termorretr\u00e1ctil autom\u00e1tica\" style=\"width:960px;max-width:100%;margin:5px auto;\"><div class=\"lyMe hidef\" id=\"WYL_dyFayXTAn-s\" itemprop=\"video\" itemscope itemtype=\"https:\/\/schema.org\/VideoObject\"><div><meta itemprop=\"thumbnailUrl\" content=\"https:\/\/taizypackaging.com\/wp-content\/plugins\/wp-youtube-lyte\/lyteCache.php?origThumbUrl=https%3A%2F%2Fi.ytimg.com%2Fvi%2FdyFayXTAn-s%2Fmaxresdefault.jpg\" \/><meta itemprop=\"embedURL\" content=\"https:\/\/www.youtube.com\/embed\/dyFayXTAn-s\" \/><meta itemprop=\"duration\" content=\"PT1M52S\" \/><meta itemprop=\"uploadDate\" content=\"2021-07-28T09:46:36Z\" \/><\/div><meta itemprop=\"accessibilityFeature\" content=\"captions\" \/><div id=\"lyte_dyFayXTAn-s\" data-src=\"https:\/\/taizypackaging.com\/wp-content\/plugins\/wp-youtube-lyte\/lyteCache.php?origThumbUrl=https%3A%2F%2Fi.ytimg.com%2Fvi%2FdyFayXTAn-s%2Fmaxresdefault.jpg\" class=\"pL\"><div class=\"tC\"><div class=\"tT\" itemprop=\"name\">M\u00e1quina autom\u00e1tica de retractilado | Cortadora termorretr\u00e1ctil autom\u00e1tica<\/div><\/div><div class=\"play\"><\/div><div class=\"ctrl\"><div class=\"Lctrl\"><\/div><div class=\"Rctrl\"><\/div><\/div><\/div><noscript><a href=\"https:\/\/youtu.be\/dyFayXTAn-s\" rel=\"nofollow noopener\" target=\"_blank\"><img loading=\"lazy\" decoding=\"async\" src=\"https:\/\/taizypackaging.com\/wp-content\/plugins\/wp-youtube-lyte\/lyteCache.php?origThumbUrl=https%3A%2F%2Fi.ytimg.com%2Fvi%2FdyFayXTAn-s%2F0.jpg\" alt=\"M\u00e1quina autom\u00e1tica de retractilado | Cortadora termorretr\u00e1ctil autom\u00e1tica\" width=\"960\" height=\"700\" \/><br \/>Watch this video on YouTube<\/a><\/noscript><meta itemprop=\"description\" content=\"WhatsApp\/Wechat\/Tel:+86 19139754781 Our company&#039;s automatic shrink wrap machine is an L-type heat shrink film wrapping machine, widely used for mass production packaging flowing operation. You can learn more information on :https:\/\/taizypackaging.com\/automatic-shrink-wrap-machine\/\"><\/div><\/div><div class=\"lL\" style=\"max-width:100%;width:960px;margin:5px auto;\"><\/div><figcaption>El video de trabajo de la m\u00e1quina autom\u00e1tica de envoltura retr\u00e1ctil.<\/figcaption><\/figure>   <h2 class=\"wp-block-heading\">Ventajas de la m\u00e1quina de envoltura termorretr\u00e1ctil<\/h2>    <ol class=\"wp-block-list\"> <li>Alta calidad. Toda la m\u00e1quina envasadora de pel\u00edcula termorretr\u00e1ctil est\u00e1 hecha de acero de alta calidad y acero inoxidable.<\/li>    <li>Ajustable en la estructura de circulaci\u00f3n de aire caliente. Esta m\u00e1quina envasadora de pel\u00edcula termocontra\u00edble se aplica a la variedad existente de pel\u00edculas termocontra\u00edbles (incluida la impresi\u00f3n en color).<\/li>    <li>El alto grado de automatizaci\u00f3n. Nuestra m\u00e1quina de envoltura termorretr\u00e1ctil de sellado completo est\u00e1 equipada con alimentaci\u00f3n autom\u00e1tica, sellado autom\u00e1tico, corte autom\u00e1tico de pel\u00edcula y otras funciones.<\/li>    <li>Amplia gama de aplicaciones. Adecuado para alimentos, bebidas, medicinas, art\u00edculos de primera necesidad, productos electr\u00f3nicos y otras industrias.<\/li>    <li>Operaci\u00f3n f\u00e1cil. El equipo est\u00e1 equipado con un sistema de control inteligente.<\/li>    <li>Alta eficiencia y ahorro energ\u00e9tico. El sistema de calefacci\u00f3n de bajo consumo puede alcanzar r\u00e1pidamente la temperatura de trabajo para reducir el consumo de energ\u00eda.<\/li> <\/ol>    <h2 class=\"wp-block-heading\">Rango de aplicaci\u00f3n de la m\u00e1quina de envoltura termorretr\u00e1ctil<\/h2>    <ul class=\"wp-block-list\"> <li>Industria alimentaria: galletas, <a href=\"https:\/\/en.wikipedia.org\/wiki\/Chocolate\" target=\"_blank\" rel=\"noopener\">chocolate<\/a>, pan, bebidas carbonatadas, agua mineral, refrescos, fideos instant\u00e1neos en caja.<\/li>    <li>Necesidades diarias: champ\u00fa, gel de ducha, crema facial, detergente para la ropa, l\u00edquido para lavar platos.<\/li>    <li>Industria farmac\u00e9utica: frascos de medicamentos, cajas de medicamentos, jeringas, kits de prueba.<\/li>    <li>Productos electr\u00f3nicos: colecci\u00f3n, mando a distancia, etc.<\/li>    <li>Libros: revistas, libros de texto, cuadernos, etc.<\/li> <\/ul>    <h2 class=\"wp-block-heading\">Par\u00e1metros del equipo de envoltura retr\u00e1ctil Taizy<\/h2>    <figure class=\"wp-block-table\"><table><tbody><tr><td>Modelo<\/td><td>LC-560B<\/td><\/tr><tr><td>Tipo de sellado<\/td><td>Completamente cerrado<\/td><\/tr><tr><td>Fuente de alimentaci\u00f3n<\/td><td>380V \/ 50 \u4e00 60Hz\/trif\u00e1sico<\/td><\/tr><tr><td>Capacidad m\u00e1xima de embalaje<\/td><td>35 bolsas\/min (depende del tama\u00f1o del producto)<\/td><\/tr><tr><td>Altura de sellado<\/td><td>\u2264125 mm<\/td><\/tr><tr><td>Ancho de embalaje<\/td><td>\u2264350 mm<\/td><\/tr><tr><td>Tama\u00f1o del producto terminado<\/td><td>Ancho + alto\u2264400mmLargo + alto\u2264480mm<\/td><\/tr><tr><td>Tipo de filme<\/td><td>Pel\u00edcula de poliolefina (POF) plegada al centro<\/td><\/tr><tr><td>Poder total<\/td><td>1,5 KW<\/td><\/tr><tr><td>Altura de trabajo<\/td><td>780-850 mil\u00edmetros<\/td><\/tr><tr><td>Presi\u00f3n del aire<\/td><td>\u22640.5MPa\uff085bar\uff09<\/td><\/tr><tr><td>Sistema de sellado<\/td><td>Sistema de calefacci\u00f3n a temperatura constante<\/td><\/tr><tr><td>Material de la m\u00e1quina<\/td><td>Acero carbono<\/td><\/tr><tr><td>Peso<\/td><td>300 kilos<\/td><\/tr><\/tbody><\/table><figcaption class=\"wp-element-caption\">equipo de envoltura retr\u00e1ctil<\/figcaption><\/figure>    <p>En la tabla superior puedes ver los datos t\u00e9cnicos del modelo LC-560B. Si desea saber m\u00e1s sobre esta m\u00e1quina de envoltura termorretr\u00e1ctil, no dude en contactarnos.<\/p>    <h2 class=\"wp-block-heading\">Proceso de trabajo de la m\u00e1quina de envoltura termocontra\u00edble.<\/h2>    <p>En primer lugar, la botella que se va a envasar debe colocarse en el mecanismo transportador de botellas. Luego, la caja de embalaje llega al deflector de botellas a lo largo del canal formado por el mecanismo de separaci\u00f3n de botellas.<\/p>    <p>Luego, el cabezal de detecci\u00f3n fotoel\u00e9ctrico en la parte superior de la m\u00e1quina de envoltura termorretr\u00e1ctil dar\u00e1 una se\u00f1al para detener la m\u00e1quina transportadora.<\/p>    <p>Luego, el deflector retrocede para liberar la presi\u00f3n del transporte y la producci\u00f3n de extrusi\u00f3n. A continuaci\u00f3n, el tabique se eleva para separar la botella (caja) de embalaje de la botella (caja) que se va a envasar.<\/p>    <p>A continuaci\u00f3n, el mecanismo de transporte de la m\u00e1quina avanzar\u00e1 para hacer que la botella (caja) de embalaje a lo largo del mecanismo gu\u00eda de la botella (caja) junto con la pel\u00edcula para alcanzar la posici\u00f3n de sellado y corte.<\/p>    <p>Al mismo tiempo, el dispositivo transportador empujar\u00e1 la botella de embalaje que ha sido filmada en el frente hacia la cinta transportadora en la m\u00e1quina envasadora de pel\u00edcula termorretr\u00e1ctil. En este momento, el mecanismo de alimentaci\u00f3n de pel\u00edcula tambi\u00e9n funciona al mismo tiempo.<\/p>    <p>Luego, el cortador de termosellado se mueve hacia abajo para completar la funci\u00f3n de sellado y corte.<\/p>    <p>La botella de embalaje empujada sobre la cinta transportadora de alta temperatura avanzar\u00e1 en el equipo termorretr\u00e1ctil mientras completa la funci\u00f3n termorretr\u00e1ctil.<\/p>    <p>Finalmente, el producto envasado llegar\u00e1 al transportista de producto terminado despu\u00e9s de ser enfriado y encogido por aire fr\u00edo.<\/p>    <h2 class=\"wp-block-heading\">Cont\u00e1ctenos<\/h2>    <p class=\"translation-block\">Taizy Machinery es un fabricante profesional de maquinaria de embalaje. Adem\u00e1s de las m\u00e1quinas autom\u00e1ticas de envasado retr\u00e1ctil, tambi\u00e9n tenemos <a href=\"https:\/\/taizypackaging.com\/es\/powder-packaging-machine\/\">m\u00e1quinas envasadoras de polvo<\/a>, <a href=\"https:\/\/taizypackaging.com\/es\/automatic-liquid-filling-machine\/\">m\u00e1quinas llenadoras de l\u00edquidos<\/a>, <a href=\"https:\/\/taizypackaging.com\/es\/vacuum-packing-machine\/\">m\u00e1quinas envasadoras al vac\u00edo<\/a> y <a href=\"https:\/\/taizypackaging.com\/es\/granule-packaging-machine\/\">m\u00e1quinas envasadoras de gr\u00e1nulos<\/a> a la venta. <\/p>    <p>Si est\u00e1 buscando m\u00e1quinas envasadoras de pel\u00edcula retr\u00e1ctil de alta calidad, no dude en contactarnos.<\/p>","protected":false},"excerpt":{"rendered":"<p>La m\u00e1quina de envasado termorretr\u00e1ctil se utiliza ampliamente en el envasado de productos en industrias como bebidas, alimentos, medicinas y productos qu\u00edmicos.<\/p>","protected":false},"author":1,"featured_media":5073,"parent":0,"template":"","tags":[672],"product-type":[668],"class_list":["post-5071","product","type-product","status-publish","has-post-thumbnail","hentry","tag-heat-shrink","product-type-supporting-equipment"],"_links":{"self":[{"href":"https:\/\/taizypackaging.com\/es\/wp-json\/wp\/v2\/product\/5071","targetHints":{"allow":["GET"]}}],"collection":[{"href":"https:\/\/taizypackaging.com\/es\/wp-json\/wp\/v2\/product"}],"about":[{"href":"https:\/\/taizypackaging.com\/es\/wp-json\/wp\/v2\/types\/product"}],"author":[{"embeddable":true,"href":"https:\/\/taizypackaging.com\/es\/wp-json\/wp\/v2\/users\/1"}],"wp:featuredmedia":[{"embeddable":true,"href":"https:\/\/taizypackaging.com\/es\/wp-json\/wp\/v2\/media\/5073"}],"wp:attachment":[{"href":"https:\/\/taizypackaging.com\/es\/wp-json\/wp\/v2\/media?parent=5071"}],"wp:term":[{"taxonomy":"post_tag","embeddable":true,"href":"https:\/\/taizypackaging.com\/es\/wp-json\/wp\/v2\/tags?post=5071"},{"taxonomy":"product-type","embeddable":true,"href":"https:\/\/taizypackaging.com\/es\/wp-json\/wp\/v2\/product-type?post=5071"}],"curies":[{"name":"wp","href":"https:\/\/api.w.org\/{rel}","templated":true}]}}