{"id":5080,"date":"2024-07-11T14:05:51","date_gmt":"2024-07-11T06:05:51","guid":{"rendered":"https:\/\/taizypackaging.com\/?post_type=product&#038;p=5080"},"modified":"2024-07-11T14:12:25","modified_gmt":"2024-07-11T06:12:25","slug":"shrink-packing-machine","status":"publish","type":"product","link":"https:\/\/taizypackaging.com\/es\/shrink-packing-machine\/","title":{"rendered":"M\u00e1quina empacadora retr\u00e1ctil tipo almohada LC-590"},"content":{"rendered":"<div class=\"kk-star-ratings kksr-auto kksr-align-left kksr-valign-top\"     data-payload='{&quot;align&quot;:&quot;left&quot;,&quot;id&quot;:&quot;5080&quot;,&quot;slug&quot;:&quot;default&quot;,&quot;valign&quot;:&quot;top&quot;,&quot;ignore&quot;:&quot;&quot;,&quot;reference&quot;:&quot;auto&quot;,&quot;class&quot;:&quot;&quot;,&quot;count&quot;:&quot;5&quot;,&quot;legendonly&quot;:&quot;&quot;,&quot;readonly&quot;:&quot;&quot;,&quot;score&quot;:&quot;4.8&quot;,&quot;starsonly&quot;:&quot;&quot;,&quot;best&quot;:&quot;5&quot;,&quot;gap&quot;:&quot;5&quot;,&quot;greet&quot;:&quot;Rate this product&quot;,&quot;legend&quot;:&quot;4.8\\\/5 - (5 votos)&quot;,&quot;size&quot;:&quot;24&quot;,&quot;title&quot;:&quot;LC-590 Pillow Shrink Packing Machine&quot;,&quot;width&quot;:&quot;136.7&quot;,&quot;_legend&quot;:&quot;{score}\\\/{best} - ({count} {votes})&quot;,&quot;font_factor&quot;:&quot;1.25&quot;}'>              <div class=\"kksr-stars\">      <div class=\"kksr-stars-inactive\">             <div class=\"kksr-star\" data-star=\"1\" style=\"padding-right: 5px\">               <div class=\"kksr-icon\" style=\"width: 24px; height: 24px;\"><\/div>         <\/div>             <div class=\"kksr-star\" data-star=\"2\" style=\"padding-right: 5px\">               <div class=\"kksr-icon\" style=\"width: 24px; height: 24px;\"><\/div>         <\/div>             <div class=\"kksr-star\" data-star=\"3\" style=\"padding-right: 5px\">               <div class=\"kksr-icon\" style=\"width: 24px; height: 24px;\"><\/div>         <\/div>             <div class=\"kksr-star\" data-star=\"4\" style=\"padding-right: 5px\">               <div class=\"kksr-icon\" style=\"width: 24px; height: 24px;\"><\/div>         <\/div>             <div class=\"kksr-star\" data-star=\"5\" style=\"padding-right: 5px\">               <div class=\"kksr-icon\" style=\"width: 24px; height: 24px;\"><\/div>         <\/div>     <\/div>      <div class=\"kksr-stars-active\" style=\"width: 136.7px;\">             <div class=\"kksr-star\" style=\"padding-right: 5px\">               <div class=\"kksr-icon\" style=\"width: 24px; height: 24px;\"><\/div>         <\/div>             <div class=\"kksr-star\" style=\"padding-right: 5px\">               <div class=\"kksr-icon\" style=\"width: 24px; height: 24px;\"><\/div>         <\/div>             <div class=\"kksr-star\" style=\"padding-right: 5px\">               <div class=\"kksr-icon\" style=\"width: 24px; height: 24px;\"><\/div>         <\/div>             <div class=\"kksr-star\" style=\"padding-right: 5px\">               <div class=\"kksr-icon\" style=\"width: 24px; height: 24px;\"><\/div>         <\/div>             <div class=\"kksr-star\" style=\"padding-right: 5px\">               <div class=\"kksr-icon\" style=\"width: 24px; height: 24px;\"><\/div>         <\/div>     <\/div> <\/div>                   <div class=\"kksr-legend\" style=\"font-size: 19.2px;\">             4,8\/5 - (5 votos)    <\/div>     <\/div>  <p>Las m\u00e1quinas envasadoras retr\u00e1ctiles tipo almohada se utilizan ampliamente en las industrias farmac\u00e9utica, alimentaria, cosm\u00e9tica, de productos culturales, productos electr\u00f3nicos, art\u00edculos de primera necesidad y juguetes. <\/p>    <p>La m\u00e1quina no requiere bandejas ni cartones durante el proceso de embalaje. Ya sea que el producto sea cuadrado, redondo o plano, esta m\u00e1quina envolvedora retr\u00e1ctil de alta velocidad puede empacarlo perfectamente.<\/p>    <h2 class=\"wp-block-heading\">Caracter\u00edsticas de la m\u00e1quina envasadora retr\u00e1ctil de almohadas<\/h2>    <ol class=\"wp-block-list\"> <li>La m\u00e1quina dispone de un dispositivo de embrague de seguridad anticorte. Esto puede evitar da\u00f1os a los productos empaquetados.<\/li>    <li>El exclusivo dispositivo de reciclaje de residuos puede hacer que el embalaje sea m\u00e1s hermoso. Al mismo tiempo, tambi\u00e9n ahorra entre 3% y 10% de materiales en comparaci\u00f3n con las m\u00e1quinas envasadoras tradicionales.<\/li>    <li>El sistema de control de pantalla t\u00e1ctil a color hace que la m\u00e1quina sea m\u00e1s f\u00e1cil de operar. Y el control PLC hace que el sistema sea m\u00e1s estable.<\/li>    <li>La longitud de la bolsa de embalaje, la velocidad de embalaje y la temperatura se pueden ajustar por separado.<\/li>    <li>La m\u00e1quina retractiladora de alta velocidad puede equiparse con una m\u00e1quina codificadora o una impresora de inyecci\u00f3n de tinta. No se requiere operaci\u00f3n manual durante el proceso de embalaje.<\/li>    <li>Con el control del freno del motor, el equipo es sensible a la respuesta.<\/li>    <li>El eficiente sistema de circulaci\u00f3n de aire caliente y el sistema autom\u00e1tico de control de temperatura pueden garantizar la calidad del encogimiento.<\/li> <\/ol>    <h2 class=\"wp-block-heading\">Datos t\u00e9cnicos de la m\u00e1quina envasadora retr\u00e1ctil de almohadas<\/h2>    <figure class=\"wp-block-table\"><table><tbody><tr><td>Modelo<\/td><td>LC-590<\/td><\/tr><tr><td>Velocidad de embalaje<\/td><td>30-135 bolsas\/minuto<\/td><\/tr><tr><td>Clasificado <a href=\"https:\/\/en.wikipedia.org\/wiki\/Power_(physics)\" target=\"_blank\" rel=\"noopener\">fuerza<\/a><\/td><td>3,6 (kilovatios)+16,5 (kilovatios)<\/td><\/tr><tr><td>Fuente de alimentaci\u00f3n<\/td><td>M\u00e1quina principal: 220 V, 50 HZ; m\u00e1quina de encogimiento: 380V, 50HZ<\/td><\/tr><tr><td>Tama\u00f1o<\/td><td>M\u00e1quina principal: 5000x965x1450mm; m\u00e1quina de encogimiento 2600x600x1750mm<\/td><\/tr><tr><td>Peso<\/td><td>M\u00e1quina principal: 1000 kg; m\u00e1quina de encogimiento: 600kg<\/td><\/tr><\/tbody><\/table><figcaption class=\"wp-element-caption\">Par\u00e1metros de la m\u00e1quina de embalaje retr\u00e1ctil.<\/figcaption><\/figure>    <p>La velocidad de envasado de esta m\u00e1quina enfardadora retr\u00e1ctil de alta velocidad es de 30-135 bolsas\/min. Esto puede adaptarse a la mayor\u00eda de las necesidades de embalaje. El tama\u00f1o de la m\u00e1quina principal es 5000x965x1450mm y el tama\u00f1o de la m\u00e1quina envasadora es 2600x600x1750mm.<\/p>    <h2 class=\"wp-block-heading\">Cont\u00e1ctenos para la \u00faltima cotizaci\u00f3n<\/h2>    <p class=\"translation-block\">\u00bfEst\u00e1 buscando una m\u00e1quina de embalaje retr\u00e1ctil eficiente? Taizy Machinery es una buena opci\u00f3n. Como fabricante profesional de m\u00e1quinas de embalaje retr\u00e1ctil, tambi\u00e9n tenemos <a href=\"https:\/\/taizypackaging.com\/es\/bottle-filling-machine\/\">m\u00e1quinas de llenado de botellas<\/a>, <a href=\"https:\/\/taizypackaging.com\/es\/powder-filling-machine\/\">m\u00e1quinas de llenado de polvo<\/a>, <a href=\"https:\/\/taizypackaging.com\/es\/double-chamber-vacuum-packing-machine\/\">m\u00e1quinas de envasado al vac\u00edo<\/a>, y <a href=\"https:\/\/taizypackaging.com\/es\/multi-lane-stick-pack-machine\/\">m\u00e1quinas de envasado en stick de m\u00faltiples carriles<\/a> a la venta. Si lo necesita, no dude en contactarnos a trav\u00e9s de la ventana emergente en la esquina inferior derecha.<\/p>","protected":false},"excerpt":{"rendered":"<p>Las m\u00e1quinas envasadoras retr\u00e1ctiles tipo almohada se utilizan ampliamente en productos farmac\u00e9uticos, alimentarios, cosm\u00e9ticos, productos culturales, productos electr\u00f3nicos, art\u00edculos de primera necesidad, etc. <\/p>","protected":false},"author":1,"featured_media":5082,"parent":0,"template":"","tags":[672],"product-type":[668],"class_list":["post-5080","product","type-product","status-publish","has-post-thumbnail","hentry","tag-heat-shrink","product-type-supporting-equipment"],"_links":{"self":[{"href":"https:\/\/taizypackaging.com\/es\/wp-json\/wp\/v2\/product\/5080","targetHints":{"allow":["GET"]}}],"collection":[{"href":"https:\/\/taizypackaging.com\/es\/wp-json\/wp\/v2\/product"}],"about":[{"href":"https:\/\/taizypackaging.com\/es\/wp-json\/wp\/v2\/types\/product"}],"author":[{"embeddable":true,"href":"https:\/\/taizypackaging.com\/es\/wp-json\/wp\/v2\/users\/1"}],"wp:featuredmedia":[{"embeddable":true,"href":"https:\/\/taizypackaging.com\/es\/wp-json\/wp\/v2\/media\/5082"}],"wp:attachment":[{"href":"https:\/\/taizypackaging.com\/es\/wp-json\/wp\/v2\/media?parent=5080"}],"wp:term":[{"taxonomy":"post_tag","embeddable":true,"href":"https:\/\/taizypackaging.com\/es\/wp-json\/wp\/v2\/tags?post=5080"},{"taxonomy":"product-type","embeddable":true,"href":"https:\/\/taizypackaging.com\/es\/wp-json\/wp\/v2\/product-type?post=5080"}],"curies":[{"name":"wp","href":"https:\/\/api.w.org\/{rel}","templated":true}]}}