{"id":536,"date":"2020-10-15T06:01:20","date_gmt":"2020-10-15T06:01:20","guid":{"rendered":"https:\/\/taizypackaging.com\/?p=536"},"modified":"2024-07-17T17:34:53","modified_gmt":"2024-07-17T09:34:53","slug":"incense-stick-counting-and-packing-machine","status":"publish","type":"product","link":"https:\/\/taizypackaging.com\/es\/incense-stick-counting-and-packing-machine\/","title":{"rendered":"M\u00e1quina envasadora y contadora de varillas de incienso"},"content":{"rendered":"<div class=\"kk-star-ratings kksr-auto kksr-align-left kksr-valign-top\"     data-payload='{&quot;align&quot;:&quot;left&quot;,&quot;id&quot;:&quot;536&quot;,&quot;slug&quot;:&quot;default&quot;,&quot;valign&quot;:&quot;top&quot;,&quot;ignore&quot;:&quot;&quot;,&quot;reference&quot;:&quot;auto&quot;,&quot;class&quot;:&quot;&quot;,&quot;count&quot;:&quot;15&quot;,&quot;legendonly&quot;:&quot;&quot;,&quot;readonly&quot;:&quot;&quot;,&quot;score&quot;:&quot;4.8&quot;,&quot;starsonly&quot;:&quot;&quot;,&quot;best&quot;:&quot;5&quot;,&quot;gap&quot;:&quot;5&quot;,&quot;greet&quot;:&quot;Rate this product&quot;,&quot;legend&quot;:&quot;4.8\\\/5 - (15 votos)&quot;,&quot;size&quot;:&quot;24&quot;,&quot;title&quot;:&quot;Incense Stick Counting and Packaging Machine&quot;,&quot;width&quot;:&quot;136.7&quot;,&quot;_legend&quot;:&quot;{score}\\\/{best} - ({count} {votes})&quot;,&quot;font_factor&quot;:&quot;1.25&quot;}'>              <div class=\"kksr-stars\">      <div class=\"kksr-stars-inactive\">             <div class=\"kksr-star\" data-star=\"1\" style=\"padding-right: 5px\">               <div class=\"kksr-icon\" style=\"width: 24px; height: 24px;\"><\/div>         <\/div>             <div class=\"kksr-star\" data-star=\"2\" style=\"padding-right: 5px\">               <div class=\"kksr-icon\" style=\"width: 24px; height: 24px;\"><\/div>         <\/div>             <div class=\"kksr-star\" data-star=\"3\" style=\"padding-right: 5px\">               <div class=\"kksr-icon\" style=\"width: 24px; height: 24px;\"><\/div>         <\/div>             <div class=\"kksr-star\" data-star=\"4\" style=\"padding-right: 5px\">               <div class=\"kksr-icon\" style=\"width: 24px; height: 24px;\"><\/div>         <\/div>             <div class=\"kksr-star\" data-star=\"5\" style=\"padding-right: 5px\">               <div class=\"kksr-icon\" style=\"width: 24px; height: 24px;\"><\/div>         <\/div>     <\/div>      <div class=\"kksr-stars-active\" style=\"width: 136.7px;\">             <div class=\"kksr-star\" style=\"padding-right: 5px\">               <div class=\"kksr-icon\" style=\"width: 24px; height: 24px;\"><\/div>         <\/div>             <div class=\"kksr-star\" style=\"padding-right: 5px\">               <div class=\"kksr-icon\" style=\"width: 24px; height: 24px;\"><\/div>         <\/div>             <div class=\"kksr-star\" style=\"padding-right: 5px\">               <div class=\"kksr-icon\" style=\"width: 24px; height: 24px;\"><\/div>         <\/div>             <div class=\"kksr-star\" style=\"padding-right: 5px\">               <div class=\"kksr-icon\" style=\"width: 24px; height: 24px;\"><\/div>         <\/div>             <div class=\"kksr-star\" style=\"padding-right: 5px\">               <div class=\"kksr-icon\" style=\"width: 24px; height: 24px;\"><\/div>         <\/div>     <\/div> <\/div>                   <div class=\"kksr-legend\" style=\"font-size: 19.2px;\">             4,8\/5 - (15 votos)    <\/div>     <\/div>  <p class=\"translation-block\">La <strong>m\u00e1quina de envasado de varitas de incienso<\/strong> tambi\u00e9n se llama m\u00e1quina de empaquetado de agarbatti. Hemos producido esta m\u00e1quina de conteo y sellado de agarbatti de acuerdo con las caracter\u00edsticas de varios inciensos en el mundo. Ahora, tenemos una m\u00e1quina de empaquetado de varitas de incienso, m\u00e1quina de empaquetado de bolsas de agarbatti, m\u00e1quina de empaquetado de agarbatti de Indiamart, m\u00e1quina de conteo y empaquetado de agarbatti, m\u00e1quina de empaquetado autom\u00e1tico de agarbatti, etc.<\/p>    <p class=\"translation-block\">Una serie de m\u00e1quinas de empaquetado de incienso que producimos de <a href=\"https:\/\/taizypackaging.com\/es\/\" target=\"_blank\" rel=\"noreferrer noopener\">la empresa Taizy<\/a> se pueden utilizar para contar y empaquetar inciensos como incienso budista, incienso para mosquitos, incienso largo, incienso para moscas, incienso de seis generaciones, incienso en varita, incienso en varita de bamb\u00fa, etc.<\/p>    <figure class=\"wp-block-image size-large\"><img decoding=\"async\" src=\"https:\/\/taizypackaging.com\/wp-content\/uploads\/2020\/10\/various-incenses-in-the-world.jpg\" alt=\"varios inciensos en el mundo\" class=\"wp-image-666\"\/><figcaption>varios inciensos en el mundo<\/figcaption><\/figure>    <h2 class=\"wp-block-heading\" id=\"h-the-features-and-characteristics-of-agarbatti-incense-stick-packing-machine\">Las caracter\u00edsticas y caracter\u00edsticas de la m\u00e1quina empacadora de varillas de incienso Agarbatti<\/h2>    <ul class=\"wp-block-list\"><li>Esta m\u00e1quina adopta control de pantalla t\u00e1ctil y control inteligente del circuito de control principal plc. Y tiene una medici\u00f3n precisa.<\/li><\/ul>    <ul class=\"wp-block-list\"><li>Puede detectar fallas autom\u00e1ticamente. Por lo que tiene un funcionamiento sencillo y un ajuste c\u00f3modo.<\/li><li>La m\u00e1quina adopta una estructura de doble servo de alta calidad y es f\u00e1cil de mantener. Tiene menos desgaste y tiene una larga vida.<\/li><\/ul>    <ul class=\"wp-block-list\"><li>La m\u00e1quina envasadora de varillas de incienso adopta una detecci\u00f3n de fibra \u00f3ptica de alta precisi\u00f3n. Por eso el embalaje es preciso y fiable.<\/li><li>La longitud de la bolsa no necesita configurarse manualmente, sino mediante la m\u00e1quina.<\/li><li>El sello del extremo tiene una estructura ajustable que puede hacer que el sello sea hermoso y elimina el fen\u00f3meno de la bolsa cortada.<\/li><li>La m\u00e1quina anfitriona est\u00e1 rociada con pintura pl\u00e1stica. Adem\u00e1s, se puede fabricar todo en acero inoxidable seg\u00fan las necesidades del cliente.<\/li><li>La l\u00ednea de ensamblaje de empaques est\u00e1 completamente automatizada con control simple, alta estabilidad y baja tasa de desechos. Ahorra enormemente mano de obra y mejora la eficiencia de la producci\u00f3n.<\/li><\/ul>    <ul class=\"wp-block-list\"><li>Alta eficiencia de embalaje, rendimiento estable, operaci\u00f3n y mantenimiento convenientes y baja tasa de fallas.<\/li><\/ul>    <figure class=\"wp-block-image size-large\"><img decoding=\"async\" src=\"https:\/\/taizypackaging.com\/wp-content\/uploads\/2020\/10\/the-structure-incense-stick-packing-machine.jpg\" alt=\"La m\u00e1quina empacadora de varillas de incienso de estructura.\" class=\"wp-image-667\"\/><figcaption>La m\u00e1quina empacadora de varillas de incienso de estructura.<\/figcaption><\/figure>    <h2 class=\"wp-block-heading\" id=\"h-technical-parameters\">Par\u00e1metros de la m\u00e1quina envasadora de varillas de incienso<\/h2>    <figure class=\"wp-block-table\"><table><tbody><tr><td>Modelo<\/td><td>CX-300<\/td><td>CX-500<\/td><\/tr><tr><td>M\u00e9todo de sellado <\/td><td>Sellado trasero <\/td><td>Sellado trasero<\/td><\/tr><tr><td>Velocidad de embalaje <\/td><td>20-50 bolsas\/minuto <\/td><td>20-70 bolsas\/minuto<\/td><\/tr><tr><td>Espesor de la pel\u00edcula de embalaje<\/td><td>2,0-5,2 micras<\/td><td>1,0-2,2 micras<\/td><\/tr><tr><td>Ancho de la pel\u00edcula de embalaje<\/td><td>300 mm<\/td><td>300 mm<\/td><\/tr><tr><td>longitud del saco <\/td><td>300-600 mil\u00edmetros <\/td><td>300-600 mil\u00edmetros<\/td><\/tr><tr><td>Ancho de la bolsa <\/td><td>10-150 mil\u00edmetros<\/td><td>10-150 mil\u00edmetros<\/td><\/tr><tr><td>Materiales de pel\u00edcula para bolsas <\/td><td>BOPP, PE\/OPP<\/td><td>BOPP<\/td><\/tr><\/tbody><\/table><\/figure>    <h2 class=\"wp-block-heading\" id=\"h-the-advantages-of-incense-stick-packaging-machine\">Las ventajas de la m\u00e1quina envasadora de varillas de incienso<\/h2>    <p>Puede funcionar de forma continua durante mucho tiempo.<\/p>    <p>Buen rendimiento de sellado y hermoso efecto de embalaje.<\/p>    <p>Tambi\u00e9n puede imprimir la fecha de producci\u00f3n, perforando orificios (agujeros redondos, triangulares, etc.) simult\u00e1neamente.<\/p>    <p>Amplia gama de embalaje: la gama de uso es adecuada para el embalaje de incienso de Buda, incienso largo (1-100 piezas).<\/p>    <p>Escriba los par\u00e1metros y los contar\u00e1 y empaquetar\u00e1 autom\u00e1ticamente<\/p>    <figure class=\"wp-block-image size-large\"><img decoding=\"async\" src=\"https:\/\/taizypackaging.com\/wp-content\/uploads\/2020\/10\/pack-display-of-Counting-Agarbatti-Incense-Stick-Packing-Machine-.jpg\" alt=\"exhibici\u00f3n del paquete de la m\u00e1quina empacadora de varillas de incienso Counting Agarbatti\" class=\"wp-image-668\"\/><figcaption>exhibici\u00f3n del paquete de la m\u00e1quina empacadora de varillas de incienso Counting Agarbatti<\/figcaption><\/figure>    <h2 class=\"wp-block-heading\" id=\"h-the-incense-stick-packing-machine-manufacturer\">El fabricante de m\u00e1quinas empacadoras de varillas de incienso<\/h2>    <p class=\"translation-block\">Somos el fabricante de la m\u00e1quina de empaquetado. Somos una empresa especializada en la investigaci\u00f3n y venta de m\u00e1quinas de empaquetado. Ahora nuestras principales m\u00e1quinas de empaquetado incluyen <a href=\"https:\/\/taizypackaging.com\/es\/granule-packaging-machine\/\" target=\"_blank\" rel=\"noreferrer noopener\">m\u00e1quina de empaquetado de gr\u00e1nulos<\/a>, m\u00e1quina de empaquetado de polvo, m\u00e1quina de empaquetado de pasta, <a href=\"https:\/\/taizypackaging.com\/es\/machines-category\/vpm\/\" target=\"_blank\" rel=\"noreferrer noopener\">m\u00e1quina de empaquetado al vac\u00edo<\/a>, m\u00e1quina de empaquetado de incienso, y as\u00ed sucesivamente.<\/p>    <h2 class=\"wp-block-heading\" id=\"h-customer-case\">Caso del cliente<\/h2>    <p>Los clientes argentinos compraron este tipo de m\u00e1quina envasadora de varitas de incienso a otras empresas en 2017 y nos contactaron en octubre de este a\u00f1o para comprar una m\u00e1quina envasadora m\u00e1s avanzada. Entonces nuestro asesor de ventas envi\u00f3 la imagen de la m\u00e1quina empacadora autom\u00e1tica de agarbatti y los par\u00e1metros al cliente. El cliente qued\u00f3 muy satisfecho y decidi\u00f3 pagarnos primero un dep\u00f3sito 50%. El cliente nos envi\u00f3 comentarios en video despu\u00e9s de recibir la m\u00e1quina y la m\u00e1quina est\u00e1 funcionando muy bien.<\/p>","protected":false},"excerpt":{"rendered":"<p>The incense stick packaging machine is also called agarbatti packing machine. We have produced this agarbatti counting and sealing packaging machine according to the characteristics of various incense in the world. Now, we have&nbsp;an incense stick packing machine, agarbatti pouch packing machine, Indiamart agarbatti packing machine, agarbatti counting and packing machine, automatic agarbatti packing machine, [&hellip;]<\/p>\n","protected":false},"author":1,"featured_media":670,"parent":0,"template":"","tags":[],"product-type":[668],"class_list":["post-536","product","type-product","status-publish","has-post-thumbnail","hentry","product-type-supporting-equipment"],"_links":{"self":[{"href":"https:\/\/taizypackaging.com\/es\/wp-json\/wp\/v2\/product\/536","targetHints":{"allow":["GET"]}}],"collection":[{"href":"https:\/\/taizypackaging.com\/es\/wp-json\/wp\/v2\/product"}],"about":[{"href":"https:\/\/taizypackaging.com\/es\/wp-json\/wp\/v2\/types\/product"}],"author":[{"embeddable":true,"href":"https:\/\/taizypackaging.com\/es\/wp-json\/wp\/v2\/users\/1"}],"wp:featuredmedia":[{"embeddable":true,"href":"https:\/\/taizypackaging.com\/es\/wp-json\/wp\/v2\/media\/670"}],"wp:attachment":[{"href":"https:\/\/taizypackaging.com\/es\/wp-json\/wp\/v2\/media?parent=536"}],"wp:term":[{"taxonomy":"post_tag","embeddable":true,"href":"https:\/\/taizypackaging.com\/es\/wp-json\/wp\/v2\/tags?post=536"},{"taxonomy":"product-type","embeddable":true,"href":"https:\/\/taizypackaging.com\/es\/wp-json\/wp\/v2\/product-type?post=536"}],"curies":[{"name":"wp","href":"https:\/\/api.w.org\/{rel}","templated":true}]}}