{"id":772,"date":"2020-11-21T06:47:00","date_gmt":"2020-11-21T06:47:00","guid":{"rendered":"https:\/\/taizypackaging.com\/?p=772"},"modified":"2024-07-17T17:58:18","modified_gmt":"2024-07-17T09:58:18","slug":"single-chamber-vacuum-packing-machine","status":"publish","type":"product","link":"https:\/\/taizypackaging.com\/es\/single-chamber-vacuum-packing-machine\/","title":{"rendered":"M\u00e1quina de envasado al vac\u00edo de c\u00e1mara \u00fanica"},"content":{"rendered":"<div class=\"kk-star-ratings kksr-auto kksr-align-left kksr-valign-top\"     data-payload='{&quot;align&quot;:&quot;left&quot;,&quot;id&quot;:&quot;772&quot;,&quot;slug&quot;:&quot;default&quot;,&quot;valign&quot;:&quot;top&quot;,&quot;ignore&quot;:&quot;&quot;,&quot;reference&quot;:&quot;auto&quot;,&quot;class&quot;:&quot;&quot;,&quot;count&quot;:&quot;8&quot;,&quot;legendonly&quot;:&quot;&quot;,&quot;readonly&quot;:&quot;&quot;,&quot;score&quot;:&quot;4.8&quot;,&quot;starsonly&quot;:&quot;&quot;,&quot;best&quot;:&quot;5&quot;,&quot;gap&quot;:&quot;5&quot;,&quot;greet&quot;:&quot;Rate this product&quot;,&quot;legend&quot;:&quot;4.8\\\/5 - (8 votos)&quot;,&quot;size&quot;:&quot;24&quot;,&quot;title&quot;:&quot;Single Chamber Vacuum Packing Machine&quot;,&quot;width&quot;:&quot;136.7&quot;,&quot;_legend&quot;:&quot;{score}\\\/{best} - ({count} {votes})&quot;,&quot;font_factor&quot;:&quot;1.25&quot;}'>              <div class=\"kksr-stars\">      <div class=\"kksr-stars-inactive\">             <div class=\"kksr-star\" data-star=\"1\" style=\"padding-right: 5px\">               <div class=\"kksr-icon\" style=\"width: 24px; height: 24px;\"><\/div>         <\/div>             <div class=\"kksr-star\" data-star=\"2\" style=\"padding-right: 5px\">               <div class=\"kksr-icon\" style=\"width: 24px; height: 24px;\"><\/div>         <\/div>             <div class=\"kksr-star\" data-star=\"3\" style=\"padding-right: 5px\">               <div class=\"kksr-icon\" style=\"width: 24px; height: 24px;\"><\/div>         <\/div>             <div class=\"kksr-star\" data-star=\"4\" style=\"padding-right: 5px\">               <div class=\"kksr-icon\" style=\"width: 24px; height: 24px;\"><\/div>         <\/div>             <div class=\"kksr-star\" data-star=\"5\" style=\"padding-right: 5px\">               <div class=\"kksr-icon\" style=\"width: 24px; height: 24px;\"><\/div>         <\/div>     <\/div>      <div class=\"kksr-stars-active\" style=\"width: 136.7px;\">             <div class=\"kksr-star\" style=\"padding-right: 5px\">               <div class=\"kksr-icon\" style=\"width: 24px; height: 24px;\"><\/div>         <\/div>             <div class=\"kksr-star\" style=\"padding-right: 5px\">               <div class=\"kksr-icon\" style=\"width: 24px; height: 24px;\"><\/div>         <\/div>             <div class=\"kksr-star\" style=\"padding-right: 5px\">               <div class=\"kksr-icon\" style=\"width: 24px; height: 24px;\"><\/div>         <\/div>             <div class=\"kksr-star\" style=\"padding-right: 5px\">               <div class=\"kksr-icon\" style=\"width: 24px; height: 24px;\"><\/div>         <\/div>             <div class=\"kksr-star\" style=\"padding-right: 5px\">               <div class=\"kksr-icon\" style=\"width: 24px; height: 24px;\"><\/div>         <\/div>     <\/div> <\/div>                   <div class=\"kksr-legend\" style=\"font-size: 19.2px;\">             4,8\/5 - (8 votos)    <\/div>     <\/div>  <p class=\"translation-block\"><strong>La m\u00e1quina de envasado al vac\u00edo de c\u00e1mara simple<\/strong> se refiere a los selladores al vac\u00edo con una c\u00e1mara. Las m\u00e1quinas de envasado al vac\u00edo se utilizan ampliamente en la industria alimentaria, como carne, verduras, frutas, ma\u00edz, arroz, salchichas, etc. Puede extraer autom\u00e1ticamente el aire de la bolsa y completar el proceso de sellado. Tambi\u00e9n puede ser llenada con nitr\u00f3geno u otras mezclas de gases para completar el proceso de sellado. Despu\u00e9s del envasado al vac\u00edo, los alimentos pueden ser anti-oxidantes, logrando as\u00ed el prop\u00f3sito de conservaci\u00f3n a largo plazo. Una m\u00e1quina de envasado al vac\u00edo de c\u00e1mara simple es un sellador al vac\u00edo peque\u00f1o y port\u00e1til. Es adecuada tanto para aplicaciones dom\u00e9sticas como industriales.  <\/p>    <h2 class=\"wp-block-heading\" id=\"h-how-does-this-kind-of-vacuum-packing-machine-work\">\u00bfC\u00f3mo funciona la envasadora al vac\u00edo de una sola c\u00e1mara?<\/h2>   <figure class=\"wp-block-embed-youtube wp-block-embed is-type-video is-provider-youtube wp-embed-aspect-16-9 wp-has-aspect-ratio\"><div class=\"lyte-wrapper fourthree\" title=\"M\u00e1quina de envasado al vac\u00edo de c\u00e1mara \u00fanica | M\u00e1quina de envasado al vac\u00edo comercial de alta eficiencia\" style=\"width:960px;max-width:100%;margin:5px auto;\"><div class=\"lyMe hidef\" id=\"WYL_ogHoh9d3IKc\" itemprop=\"video\" itemscope itemtype=\"https:\/\/schema.org\/VideoObject\"><div><meta itemprop=\"thumbnailUrl\" content=\"https:\/\/taizypackaging.com\/wp-content\/plugins\/wp-youtube-lyte\/lyteCache.php?origThumbUrl=https%3A%2F%2Fi.ytimg.com%2Fvi%2FogHoh9d3IKc%2Fmaxresdefault.jpg\" \/><meta itemprop=\"embedURL\" content=\"https:\/\/www.youtube.com\/embed\/ogHoh9d3IKc\" \/><meta itemprop=\"duration\" content=\"PT47S\" \/><meta itemprop=\"uploadDate\" content=\"2021-08-13T00:52:06Z\" \/><\/div><div id=\"lyte_ogHoh9d3IKc\" data-src=\"https:\/\/taizypackaging.com\/wp-content\/plugins\/wp-youtube-lyte\/lyteCache.php?origThumbUrl=https%3A%2F%2Fi.ytimg.com%2Fvi%2FogHoh9d3IKc%2Fmaxresdefault.jpg\" class=\"pL\"><div class=\"tC\"><div class=\"tT\" itemprop=\"name\">M\u00e1quina de envasado al vac\u00edo de c\u00e1mara \u00fanica | M\u00e1quina de envasado al vac\u00edo comercial de alta eficiencia<\/div><\/div><div class=\"play\"><\/div><div class=\"ctrl\"><div class=\"Lctrl\"><\/div><div class=\"Rctrl\"><\/div><\/div><\/div><noscript><a href=\"https:\/\/youtu.be\/ogHoh9d3IKc\" rel=\"nofollow noopener\" target=\"_blank\"><img loading=\"lazy\" decoding=\"async\" src=\"https:\/\/taizypackaging.com\/wp-content\/plugins\/wp-youtube-lyte\/lyteCache.php?origThumbUrl=https%3A%2F%2Fi.ytimg.com%2Fvi%2FogHoh9d3IKc%2F0.jpg\" alt=\"M\u00e1quina de envasado al vac\u00edo de c\u00e1mara \u00fanica | M\u00e1quina de envasado al vac\u00edo comercial de alta eficiencia\" width=\"960\" height=\"700\" \/><br \/>Watch this video on YouTube<\/a><\/noscript><meta itemprop=\"description\" content=\"#vacuumpacking #vacuumsealer #vacuumpacker Email: info@taizypackaging.com WhatsApp\/Wechat\/Tel:+86 18837171591 Useful link: https:\/\/taizypackaging.com\/single-chamber-vacuum-packing-machine\/ ---------------------------------------------------- This vacuum packaging machine has only one vacuum chamber to work. It is mainly used for packaging all kinds of snack foods, such as chicken legs, ham, chicken feet, spiced corned egg, spicy strips, grilled fish fillets, beef jerky, sausages, meat, etc. Compared with a double chamber vacuum packing machine, it has a smaller size and a cheaper price. Single chamber vacuum packaging machine is a small and portable vacuum sealer. It is both suitable for home and industrial applications. Taizy is a professional vacuum sealer manufacturer and exporter, providing various vacuum packing machines for sale. Contact us today for the best quote. You may also like this video: Double chamber vacuum packing machine: https:\/\/www.youtube.com\/watch?v=aPYp44oAyio ---------------------------------------------------- Email: info@taizypackaging.com WhatsApp\/Wechat\/Tel:+86 18837171591 Useful link: https:\/\/taizypackaging.com\/single-chamber-vacuum-packing-machine\/\"><\/div><\/div><div class=\"lL\" style=\"max-width:100%;width:960px;margin:5px auto;\"><\/div><figcaption><\/figcaption><\/figure>   <h2 class=\"wp-block-heading\" id=\"h-what-can-single-chamber-vacuum-packaging-machine-pack\">\u00bfQu\u00e9 puede envasar la m\u00e1quina envasadora al vac\u00edo de una sola c\u00e1mara? <\/h2>    <p>Una m\u00e1quina envasadora al vac\u00edo de c\u00e1mara \u00fanica es adecuada para envasar diversos alimentos mediante el uso de varias membranas compuestas de pl\u00e1stico o papel de aluminio. Puede envasar alimentos l\u00edquidos, semifluidos, granulados s\u00f3lidos, en polvo, pastosos, frutas frescas, verduras, arroz, flores, productos qu\u00edmicos, materiales medicinales valiosos, caligraf\u00eda y pintura valiosas, componentes electr\u00f3nicos, diversos antipolillas y anticorrosi\u00f3n. Productos a prueba de humedad, antimoho y antioxidantes.<\/p>    <figure class=\"wp-block-image size-full\"><img decoding=\"async\" src=\"https:\/\/taizypackaging.com\/wp-content\/uploads\/2020\/11\/single-chamber-vacuum-sealer-applications.jpg\" alt=\"Aplicaciones de sellador al vac\u00edo de c\u00e1mara \u00fanica\" class=\"wp-image-4089\"\/><figcaption class=\"wp-element-caption\">Aplicaciones de sellador al vac\u00edo de c\u00e1mara \u00fanica<\/figcaption><\/figure>    <h2 class=\"wp-block-heading\" id=\"h-technical-parameters\">Par\u00e1metros t\u00e9cnicos del sellador al vac\u00edo de una sola c\u00e1mara.<\/h2>    <figure class=\"wp-block-table\"><table><tbody><tr><td>Modelo<\/td><td>DZ400\/2E<\/td><td>DZ500\/2E<\/td><td>DZ600\/2E<\/td><\/tr><tr><td>Fuerza<\/td><td>220V\/110V<\/td><td>220V\/110V<\/td><td>220V\/110V<\/td><\/tr><tr><td>Potencia de la bomba de vac\u00edo<\/td><td>900W<\/td><td>900W<\/td><td>1800W<\/td><\/tr><tr><td>poder de sellado<\/td><td>600W<\/td><td>750W<\/td><td>1200W<\/td><\/tr><tr><td>Presi\u00f3n absoluta m\u00e1s baja<\/td><td>1Kpa<\/td><td>1Kpa<\/td><td>1Kpa<\/td><\/tr><tr><td>Tira de sellado<\/td><td>2<\/td><td>2<\/td><td>2<\/td><\/tr><tr><td>Tama\u00f1o de la c\u00e1mara de vac\u00edo<\/td><td>430*<em>420<\/em>*75mm<\/td><td>530*<em>520<\/em>*75mm<\/td><td>650*<em>620<\/em>*100mm<\/td><\/tr><tr><td>Tama\u00f1o de sellado<\/td><td>400*10mm<\/td><td>500*10mm<\/td><td>600*10mm<\/td><\/tr><tr><td>Peso<\/td><td>80kg<\/td><td>100 kilos<\/td><td>150 kilos<\/td><\/tr><tr><td>Tama\u00f1o de la m\u00e1quina<\/td><td>540*<em>500<\/em>*950mm<\/td><td>580*<em>630<\/em>*1000mm<\/td><td>750*<em>710<\/em>*1000mm<\/td><\/tr><\/tbody><\/table><\/figure>    <h2 class=\"wp-block-heading\">M\u00e1quina envasadora al vac\u00edo de c\u00e1mara \u00fanica VS de doble c\u00e1mara<\/h2>    <h3 class=\"wp-block-heading\">Similitudes<\/h3>    <p>Las m\u00e1quinas envasadoras al vac\u00edo de una sola c\u00e1mara y las m\u00e1quinas envasadoras al vac\u00edo de doble c\u00e1mara son los dos principales selladores al vac\u00edo m\u00e1s utilizados. Como sugiere el nombre, la m\u00e1quina de envasado al vac\u00edo de una sola c\u00e1mara solo tiene una habitaci\u00f3n y la m\u00e1quina de doble c\u00e1mara tiene dos habitaciones. Tienen el mismo principio de funcionamiento y prop\u00f3sito. Todo el producto se mete en la m\u00e1quina dentro de la bolsa de pl\u00e1stico, se sella y se cierra la tapa con una potente bomba de vac\u00edo para eliminar el aire, una vez eliminado todo el aire. Luego abra la tapa y retire el producto terminado.<\/p>    <h3 class=\"wp-block-heading\">Diferencias<\/h3>    <p>La diferencia entre las dos envasadoras al vac\u00edo no est\u00e1 en la forma de sellar sino en la capacidad de sellado. Las m\u00e1quinas de vac\u00edo de una sola c\u00e1mara son m\u00e1s adecuadas para la demanda de envasado de volumen medio y bajo porque m\u00e1s de un cierto tama\u00f1o de embalaje no podr\u00e1 caber correctamente en la m\u00e1quina de una sola c\u00e1mara. Mientras tanto, como su nombre indica, las envasadoras al vac\u00edo de dos c\u00e1maras tienen mayor capacidad y mayor tama\u00f1o para sellar art\u00edculos, y se utilizan para paquetes de capacidad media. Se utiliza com\u00fanmente para envasar productos l\u00e1cteos, carne, latas y productos de confiter\u00eda. <\/p>    <p>En t\u00e9rminos de rendimiento, a ambos les est\u00e1 yendo bien. Cu\u00e1l es ideal para su proyecto solo depende del tama\u00f1o de los elementos que necesita sellar. Si no est\u00e1 seguro de sus requisitos, solicite asesoramiento \u00fatil a nuestro personal cualificado. <\/p>    <figure class=\"wp-block-image size-full\"><img loading=\"lazy\" decoding=\"async\" width=\"720\" height=\"540\" src=\"https:\/\/taizypackaging.com\/wp-content\/uploads\/2020\/11\/single-chamber-vacuum-packaging-machine-2.jpg\" alt=\"m\u00e1quina de envasado al vac\u00edo de c\u00e1mara \u00fanica\" class=\"wp-image-4087\" srcset=\"https:\/\/taizypackaging.com\/wp-content\/uploads\/2020\/11\/single-chamber-vacuum-packaging-machine-2.jpg 720w, https:\/\/taizypackaging.com\/wp-content\/uploads\/2020\/11\/single-chamber-vacuum-packaging-machine-2-300x225.jpg 300w\" sizes=\"auto, (max-width: 720px) 100vw, 720px\" \/><figcaption class=\"wp-element-caption\">m\u00e1quina de envasado al vac\u00edo de c\u00e1mara \u00fanica<\/figcaption><\/figure>    <h2 class=\"wp-block-heading\" id=\"h-what-are-the-advantages-of-the-single-chamber-vacuum-packaging-machine\">Ventajas de la envasadora al vac\u00edo de c\u00e1mara \u00fanica<\/h2>    <ul class=\"wp-block-list\"> <li>Se adopta el sistema de control por microcomputadora para que la configuraci\u00f3n de los par\u00e1metros del empaque sea m\u00e1s precisa y la operaci\u00f3n sea conveniente.<\/li>    <li>Las m\u00e1quinas envasadoras al vac\u00edo de alimentos c\u00e1rnicos pueden configurar el tiempo de aspiraci\u00f3n y el tiempo de sellado del envase para adaptarse a envases de diferentes especificaciones y materiales.<\/li>    <li>Nuestra m\u00e1quina est\u00e1 equipada con una bomba de vac\u00edo de alta potencia, por lo que la bolsa de embalaje puede obtener un gran vac\u00edo en un corto per\u00edodo de tiempo, lo que mejora la eficiencia de trabajo del equipo.<\/li>    <li>Todo el material de la m\u00e1quina de envasado al vac\u00edo es acero inoxidable 304, que tiene un efecto anticorrosi\u00f3n cuando se utiliza en ambientes severamente corrosivos.<\/li>    <li>La c\u00e1mara de vac\u00edo adopta una tira selladora en forma de V que est\u00e1 hecha de materiales de alta densidad para garantizar la estanqueidad del equipo en el trabajo diario, la resistencia a la presi\u00f3n y al desgaste del material y extender la vida \u00fatil de la tira selladora.<\/li> <\/ul>    <h2 class=\"wp-block-heading\" id=\"h-related-machine\">M\u00e1quinas relacionadas sobre Envasadora al vac\u00edo monoc\u00e1mara<\/h2>    <p class=\"translation-block\">Adem\u00e1s de la m\u00e1quina de envasado al vac\u00edo de c\u00e1mara simple, hay m\u00e1quinas de envasado al vac\u00edo de escritorio y m\u00e1quinas de envasado al vac\u00edo de doble c\u00e1mara disponibles en la f\u00e1brica de Taizy. La m\u00e1quina de envasado al vac\u00edo de escritorio es un tipo de sellador al vac\u00edo peque\u00f1o, ideal para uso dom\u00e9stico debido a su tama\u00f1o compacto y bajo costo. Y <a href=\"https:\/\/taizypackaging.com\/es\/double-chamber-vacuum-packing-machine\/\">la m\u00e1quina de envasado al vac\u00edo de doble c\u00e1mara<\/a> es adecuada para aplicaciones comerciales. Porque tiene alta eficiencia y buen rendimiento. Estos tres tipos de m\u00e1quinas de envasado al vac\u00edo que tenemos a la venta tienen diferentes caracter\u00edsticas y precios. \u00bfEst\u00e1 interesado en ellas? P\u00f3ngase en contacto con nosotros para obtener m\u00e1s informaci\u00f3n \u00fatil. <\/p>    <figure class=\"wp-block-image size-full\"><img decoding=\"async\" src=\"https:\/\/taizypackaging.com\/wp-content\/uploads\/2021\/08\/\u753b\u677f-11.jpg\" alt=\"Sellador al vac\u00edo de escritorio y sellador al vac\u00edo de doble c\u00e1mara\" class=\"wp-image-2654\"\/><figcaption class=\"wp-element-caption\">Sellador al vac\u00edo de escritorio y sellador al vac\u00edo de doble c\u00e1mara<\/figcaption><\/figure>    <h2 class=\"wp-block-heading\" id=\"h-about-us\">\u00bfPor qu\u00e9 elegirnos como su principal fabricante de m\u00e1quinas envasadoras al vac\u00edo? <\/h2>    <p class=\"translation-block\">La empresa Taizy se ha centrado en la <a href=\"https:\/\/taizypackaging.com\/es\/\">industria de m\u00e1quinas de envasado<\/a> durante m\u00e1s de 10 a\u00f1os. Hemos atra\u00eddo clientes de todo el mundo con nuestra buena reputaci\u00f3n, productos de alta calidad y precios asequibles. La f\u00e1brica ha reunido a ingenieros senior y t\u00e9cnicos de primera clase para controlar estrictamente la calidad de los productos. Adem\u00e1s, nuestro gerente de ventas le presentar\u00e1 la m\u00e1quina en todos los aspectos a trav\u00e9s de varios medios, como fotos de video, y recomendar\u00e1 la m\u00e1quina m\u00e1s adecuada seg\u00fan sus necesidades. <\/p>    <p>Si lo necesita, puede informar al gerente con anticipaci\u00f3n y nuestro personal t\u00e9cnico personalizar\u00e1 la m\u00e1quina para su proyecto. Y nuestra empresa mantiene una cooperaci\u00f3n a largo plazo con grandes empresas de transporte nacional para garantizar que sus productos se env\u00eden con la menor cantidad de p\u00e9rdidas innecesarias. Al mismo tiempo, despu\u00e9s de recibir la mercanc\u00eda, nuestro personal de posventa siempre est\u00e1 listo para responder a sus dudas y brindarle consejos sobre el mantenimiento y cuidado de la m\u00e1quina. <\/p>    <figure class=\"wp-block-image size-full\"><img decoding=\"async\" src=\"https:\/\/taizypackaging.com\/wp-content\/uploads\/2021\/08\/\u753b\u677f-10-1.jpg\" alt=\"M\u00e1quina de envasado al vac\u00edo de c\u00e1mara \u00fanica en stock\" class=\"wp-image-2655\"\/><figcaption class=\"wp-element-caption\">M\u00e1quina de envasado al vac\u00edo de c\u00e1mara \u00fanica en stock<\/figcaption><\/figure>    <figure class=\"wp-block-image size-full\"><img decoding=\"async\" src=\"https:\/\/taizypackaging.com\/wp-content\/uploads\/2021\/08\/\u753b\u677f-9-2.jpg\" alt=\"f\u00e1brica de selladores al vac\u00edo de c\u00e1mara \u00fanica\" class=\"wp-image-2656\"\/><figcaption class=\"wp-element-caption\">f\u00e1brica de selladores al vac\u00edo de c\u00e1mara \u00fanica<\/figcaption><\/figure>","protected":false},"excerpt":{"rendered":"<p>De acuerdo con los diferentes requisitos de rendimiento del envasado, puede elegir una m\u00e1quina de envasado al vac\u00edo de tipo \u00fanico o una m\u00e1quina de envasado al vac\u00edo de doble c\u00e1mara.<\/p>","protected":false},"author":1,"featured_media":2660,"parent":0,"template":"","tags":[],"product-type":[666],"class_list":["post-772","product","type-product","status-publish","has-post-thumbnail","hentry","product-type-vacuum-packaging-machines"],"_links":{"self":[{"href":"https:\/\/taizypackaging.com\/es\/wp-json\/wp\/v2\/product\/772","targetHints":{"allow":["GET"]}}],"collection":[{"href":"https:\/\/taizypackaging.com\/es\/wp-json\/wp\/v2\/product"}],"about":[{"href":"https:\/\/taizypackaging.com\/es\/wp-json\/wp\/v2\/types\/product"}],"author":[{"embeddable":true,"href":"https:\/\/taizypackaging.com\/es\/wp-json\/wp\/v2\/users\/1"}],"wp:featuredmedia":[{"embeddable":true,"href":"https:\/\/taizypackaging.com\/es\/wp-json\/wp\/v2\/media\/2660"}],"wp:attachment":[{"href":"https:\/\/taizypackaging.com\/es\/wp-json\/wp\/v2\/media?parent=772"}],"wp:term":[{"taxonomy":"post_tag","embeddable":true,"href":"https:\/\/taizypackaging.com\/es\/wp-json\/wp\/v2\/tags?post=772"},{"taxonomy":"product-type","embeddable":true,"href":"https:\/\/taizypackaging.com\/es\/wp-json\/wp\/v2\/product-type?post=772"}],"curies":[{"name":"wp","href":"https:\/\/api.w.org\/{rel}","templated":true}]}}