{"id":16,"date":"2020-08-20T03:18:08","date_gmt":"2020-08-20T03:18:08","guid":{"rendered":"https:\/\/taizypackaging.com\/?page_id=16"},"modified":"2025-12-05T13:18:53","modified_gmt":"2025-12-05T05:18:53","slug":"contact-us","status":"publish","type":"page","link":"https:\/\/taizypackaging.com\/fr\/contact-us\/","title":{"rendered":"Contactez-nous"},"content":{"rendered":"<div class=\"wp-block-columns is-layout-flex wp-container-core-columns-is-layout-9d6595d7 wp-block-columns-is-layout-flex\"> <div class=\"wp-block-column is-layout-flow wp-block-column-is-layout-flow\"> <h2 class=\"wp-block-heading\">Ce que vous obtenez<\/h2>    <ul class=\"wp-block-list\"> <li>Une r\u00e9ponse rapide de notre expert en emballage<\/li>    <li>Solutions d'emballage d\u00e9taill\u00e9es et devis pour votre projet <\/li>    <li>Un appel ou une visioconf\u00e9rence pour discuter des moindres d\u00e9tails <\/li>    <li>100% confidentialit\u00e9 garantie, vos donn\u00e9es sont s\u00e9curis\u00e9es et prot\u00e9g\u00e9es<\/li> <\/ul> <\/div>    <div class=\"wp-block-column is-layout-flow wp-block-column-is-layout-flow\"> <h2 class=\"wp-block-heading\" id=\"h-contact-information\">Coordonn\u00e9es<\/h2>    <ul class=\"wp-block-list\"> <li>Machines Cie., Ltd de Zhengzhou Taizy<\/li>    <li>WhatsApp \/ Tel: + 86 15838192276<\/li>    <li>Courriel\u00a0: info@taizypackaging.com<\/li>    <li>Adresse\u00a0: Hanghai Road East, zone de d\u00e9veloppement \u00e9conomique et technologique, ville de Zhengzhou, Chine<\/li> <\/ul> <\/div> <\/div>","protected":false},"excerpt":{"rendered":"<p>Ce que vous obtenez Coordonn\u00e9es<\/p>","protected":false},"author":1,"featured_media":0,"parent":0,"menu_order":0,"comment_status":"closed","ping_status":"closed","template":"","meta":{"footnotes":""},"class_list":["post-16","page","type-page","status-publish","hentry"],"_links":{"self":[{"href":"https:\/\/taizypackaging.com\/fr\/wp-json\/wp\/v2\/pages\/16","targetHints":{"allow":["GET"]}}],"collection":[{"href":"https:\/\/taizypackaging.com\/fr\/wp-json\/wp\/v2\/pages"}],"about":[{"href":"https:\/\/taizypackaging.com\/fr\/wp-json\/wp\/v2\/types\/page"}],"author":[{"embeddable":true,"href":"https:\/\/taizypackaging.com\/fr\/wp-json\/wp\/v2\/users\/1"}],"replies":[{"embeddable":true,"href":"https:\/\/taizypackaging.com\/fr\/wp-json\/wp\/v2\/comments?post=16"}],"version-history":[{"count":0,"href":"https:\/\/taizypackaging.com\/fr\/wp-json\/wp\/v2\/pages\/16\/revisions"}],"wp:attachment":[{"href":"https:\/\/taizypackaging.com\/fr\/wp-json\/wp\/v2\/media?parent=16"}],"curies":[{"name":"wp","href":"https:\/\/api.w.org\/{rel}","templated":true}]}}