{"id":18,"date":"2020-08-20T03:18:31","date_gmt":"2020-08-20T03:18:31","guid":{"rendered":"https:\/\/taizypackaging.com\/?page_id=18"},"modified":"2026-02-13T11:43:23","modified_gmt":"2026-02-13T03:43:23","slug":"about-us","status":"publish","type":"page","link":"https:\/\/taizypackaging.com\/fr\/about-us\/","title":{"rendered":"\u00c0 propos de nous"},"content":{"rendered":"<div class=\"wp-block-group alignfull\"><div class=\"wp-block-group__inner-container is-layout-flow wp-block-group-is-layout-flow\"> <div class=\"wp-block-columns alignwide are-vertically-aligned-center is-layout-flex wp-container-core-columns-is-layout-9d6595d7 wp-block-columns-is-layout-flex\"> <div class=\"wp-block-column is-layout-flow wp-block-column-is-layout-flow\" style=\"flex-basis:50%\"> <p class=\"has-text-color translation-block\" style=\"color:#000000;font-size:30px;line-height:1.1\"><strong> Taizy Machinery <\/strong><\/p> <\/div>    <div class=\"wp-block-column is-layout-flow wp-block-column-is-layout-flow\" style=\"flex-basis:50%\"> <hr class=\"wp-block-separator has-text-color has-css-opacity has-background is-style-wide\" style=\"background-color:#000000;color:#000000\"\/> <\/div> <\/div>    <div class=\"wp-block-columns alignwide is-layout-flex wp-container-core-columns-is-layout-9d6595d7 wp-block-columns-is-layout-flex\"> <div class=\"wp-block-column is-layout-flow wp-block-column-is-layout-flow\"> <figure class=\"wp-block-image size-full\"><img loading=\"lazy\" decoding=\"async\" width=\"720\" height=\"540\" src=\"https:\/\/taizypackaging.com\/wp-content\/uploads\/2026\/02\/Shuliy-packaging-machine-factory.webp\" alt=\"Usine de machines d&#039;emballage Shuliy\" class=\"wp-image-5160\" srcset=\"https:\/\/taizypackaging.com\/wp-content\/uploads\/2026\/02\/Shuliy-packaging-machine-factory.webp 720w, https:\/\/taizypackaging.com\/wp-content\/uploads\/2026\/02\/Shuliy-packaging-machine-factory-300x225.webp 300w, https:\/\/taizypackaging.com\/wp-content\/uploads\/2026\/02\/Shuliy-packaging-machine-factory-16x12.webp 16w\" sizes=\"auto, (max-width: 720px) 100vw, 720px\" \/><figcaption class=\"wp-element-caption\">Usine de machines d'emballage Shuliy<\/figcaption><\/figure> <\/div>    <div class=\"wp-block-column is-layout-flow wp-block-column-is-layout-flow\"> <p class=\"translation-block\">Taizy Packaging Machinery Co. LTD est la marque Taizy sous l'\u00e9gide du groupe Shuliy, sp\u00e9cialis\u00e9e dans la conception, la fabrication et l'exportation d'\u00e9quipements de transformation alimentaire et de machines d'emballage. Avec sa propre usine et des capacit\u00e9s de production avanc\u00e9es, Taizy propose une gamme compl\u00e8te de machines d'emballage \u2014 des remplisseurs de poudre et <strong><a href=\"https:\/\/taizypackaging.com\/fr\/spice-packing-machine\/\" data-type=\"link\" data-id=\"https:\/\/taizypackaging.com\/spice-packing-machine\/\">machines d'emballage d'\u00e9pices<\/a><\/strong> aux syst\u00e8mes d'emballage de liquides, de granul\u00e9s et <strong><a href=\"https:\/\/taizypackaging.com\/fr\/lapel-combination-packaging-machine\/\" data-type=\"link\" data-id=\"https:\/\/taizypackaging.com\/lapel-combination-packaging-machine\/\">de sachets<\/a><\/strong> \u2014 et peut fournir des solutions d'emballage cl\u00e9s en main sur mesure adapt\u00e9es aux exigences diverses des produits.<\/p> <\/div> <\/div> <\/div><\/div>    <p>Fort de plus d'une d\u00e9cennie d'exp\u00e9rience dans l'industrie et d'une \u00e9quipe d'ing\u00e9nierie solide, Taizy garantit un contr\u00f4le qualit\u00e9 strict et une performance de fabrication fiable tout en innovant continuellement ses gammes de produits pour r\u00e9pondre aux besoins du march\u00e9 mondial. Ses \u00e9quipements sont largement utilis\u00e9s dans les secteurs alimentaire, pharmaceutique, cosm\u00e9tique et autres.<\/p>    <figure class=\"wp-block-gallery has-nested-images columns-2 is-cropped wp-block-gallery-2 is-layout-flex wp-block-gallery-is-layout-flex\"> <figure class=\"wp-block-image size-large\"><img loading=\"lazy\" decoding=\"async\" width=\"720\" height=\"540\" data-id=\"5169\" src=\"https:\/\/taizypackaging.com\/wp-content\/uploads\/2026\/02\/large-packaging-machines.webp\" alt=\"grosses machines d&#039;emballage\" class=\"wp-image-5169\" srcset=\"https:\/\/taizypackaging.com\/wp-content\/uploads\/2026\/02\/large-packaging-machines.webp 720w, https:\/\/taizypackaging.com\/wp-content\/uploads\/2026\/02\/large-packaging-machines-300x225.webp 300w, https:\/\/taizypackaging.com\/wp-content\/uploads\/2026\/02\/large-packaging-machines-16x12.webp 16w\" sizes=\"auto, (max-width: 720px) 100vw, 720px\" \/><figcaption class=\"wp-element-caption\">grosses machines d'emballage<\/figcaption><\/figure>    <figure class=\"wp-block-image size-large\"><img loading=\"lazy\" decoding=\"async\" width=\"720\" height=\"540\" data-id=\"5170\" src=\"https:\/\/taizypackaging.com\/wp-content\/uploads\/2026\/02\/Taizy-packaging-machine-factory.webp\" alt=\"Usine de machines d&#039;emballage Taizy\" class=\"wp-image-5170\" srcset=\"https:\/\/taizypackaging.com\/wp-content\/uploads\/2026\/02\/Taizy-packaging-machine-factory.webp 720w, https:\/\/taizypackaging.com\/wp-content\/uploads\/2026\/02\/Taizy-packaging-machine-factory-300x225.webp 300w, https:\/\/taizypackaging.com\/wp-content\/uploads\/2026\/02\/Taizy-packaging-machine-factory-16x12.webp 16w\" sizes=\"auto, (max-width: 720px) 100vw, 720px\" \/><figcaption class=\"wp-element-caption\">Usine de machines d'emballage Taizy<\/figcaption><\/figure>    <figure class=\"wp-block-image size-large\"><img loading=\"lazy\" decoding=\"async\" width=\"720\" height=\"540\" data-id=\"5171\" src=\"https:\/\/taizypackaging.com\/wp-content\/uploads\/2026\/02\/various-packing-machines-are-available.webp\" alt=\"Divers machines d&#039;emballage sont disponibles\" class=\"wp-image-5171\" srcset=\"https:\/\/taizypackaging.com\/wp-content\/uploads\/2026\/02\/various-packing-machines-are-available.webp 720w, https:\/\/taizypackaging.com\/wp-content\/uploads\/2026\/02\/various-packing-machines-are-available-300x225.webp 300w, https:\/\/taizypackaging.com\/wp-content\/uploads\/2026\/02\/various-packing-machines-are-available-16x12.webp 16w\" sizes=\"auto, (max-width: 720px) 100vw, 720px\" \/><figcaption class=\"wp-element-caption\">Divers machines d'emballage sont disponibles<\/figcaption><\/figure>    <figure class=\"wp-block-image size-large\"><img loading=\"lazy\" decoding=\"async\" width=\"720\" height=\"540\" data-id=\"5172\" src=\"https:\/\/taizypackaging.com\/wp-content\/uploads\/2026\/02\/packaging-machine-manufacture-workshop.webp\" alt=\"atelier de fabrication de machines d&#039;emballage\" class=\"wp-image-5172\" srcset=\"https:\/\/taizypackaging.com\/wp-content\/uploads\/2026\/02\/packaging-machine-manufacture-workshop.webp 720w, https:\/\/taizypackaging.com\/wp-content\/uploads\/2026\/02\/packaging-machine-manufacture-workshop-300x225.webp 300w, https:\/\/taizypackaging.com\/wp-content\/uploads\/2026\/02\/packaging-machine-manufacture-workshop-16x12.webp 16w\" sizes=\"auto, (max-width: 720px) 100vw, 720px\" \/><figcaption class=\"wp-element-caption\">atelier de fabrication de machines d'emballage<\/figcaption><\/figure> <\/figure>    <p>Gr\u00e2ce \u00e0 un r\u00e9seau d'exportation bien \u00e9tabli et \u00e0 des partenariats internationaux, les machines d'emballage Taizy ont \u00e9t\u00e9 exp\u00e9di\u00e9es dans de nombreux pays et r\u00e9gions, d\u00e9montrant la capacit\u00e9 d'exportation mondiale de la marque et sa force de fabrication. <\/p>    <p>Actuellement, nos machines ont \u00e9t\u00e9 export\u00e9es vers le Kenya, l'Afrique du Sud, le Ghana, le Congo, l'\u00c9thiopie, la Namibie, le Maroc, le Botswana, le Zimbabwe, l'Ouganda, l'Alg\u00e9rie, le Cameroun, l'Australie, les \u00c9tats-Unis, le Royaume-Uni, etc.<\/p>    <figure class=\"wp-block-gallery has-nested-images columns-default is-cropped wp-block-gallery-3 is-layout-flex wp-block-gallery-is-layout-flex\"> <figure class=\"wp-block-image size-large\"><img loading=\"lazy\" decoding=\"async\" width=\"720\" height=\"540\" data-id=\"5173\" src=\"https:\/\/taizypackaging.com\/wp-content\/uploads\/2026\/02\/customer-visit-for-ten-head-potato-chips-packing-machine.webp\" alt=\"visite client pour machine d&#039;emballage de chips de pommes de terre \u00e0 dix t\u00eates\" class=\"wp-image-5173\" srcset=\"https:\/\/taizypackaging.com\/wp-content\/uploads\/2026\/02\/customer-visit-for-ten-head-potato-chips-packing-machine.webp 720w, https:\/\/taizypackaging.com\/wp-content\/uploads\/2026\/02\/customer-visit-for-ten-head-potato-chips-packing-machine-300x225.webp 300w, https:\/\/taizypackaging.com\/wp-content\/uploads\/2026\/02\/customer-visit-for-ten-head-potato-chips-packing-machine-16x12.webp 16w\" sizes=\"auto, (max-width: 720px) 100vw, 720px\" \/><figcaption class=\"wp-element-caption\">visite client pour machine d'emballage de chips de pommes de terre \u00e0 dix t\u00eates<\/figcaption><\/figure>    <figure class=\"wp-block-image size-large\"><img loading=\"lazy\" decoding=\"async\" width=\"540\" height=\"720\" data-id=\"5174\" src=\"https:\/\/taizypackaging.com\/wp-content\/uploads\/2026\/02\/Japanese-customer-visiting.webp\" alt=\"Visite d&#039;un client japonais\" class=\"wp-image-5174\" srcset=\"https:\/\/taizypackaging.com\/wp-content\/uploads\/2026\/02\/Japanese-customer-visiting.webp 540w, https:\/\/taizypackaging.com\/wp-content\/uploads\/2026\/02\/Japanese-customer-visiting-225x300.webp 225w, https:\/\/taizypackaging.com\/wp-content\/uploads\/2026\/02\/Japanese-customer-visiting-9x12.webp 9w\" sizes=\"auto, (max-width: 540px) 100vw, 540px\" \/><figcaption class=\"wp-element-caption\">Visite d'un client japonais<\/figcaption><\/figure>    <figure class=\"wp-block-image size-large\"><img loading=\"lazy\" decoding=\"async\" width=\"540\" height=\"720\" data-id=\"5175\" src=\"https:\/\/taizypackaging.com\/wp-content\/uploads\/2026\/02\/Zimbabwean-customer-visiting.webp\" alt=\"Visite d&#039;un client zimbabw\u00e9en\" class=\"wp-image-5175\" srcset=\"https:\/\/taizypackaging.com\/wp-content\/uploads\/2026\/02\/Zimbabwean-customer-visiting.webp 540w, https:\/\/taizypackaging.com\/wp-content\/uploads\/2026\/02\/Zimbabwean-customer-visiting-225x300.webp 225w, https:\/\/taizypackaging.com\/wp-content\/uploads\/2026\/02\/Zimbabwean-customer-visiting-9x12.webp 9w\" sizes=\"auto, (max-width: 540px) 100vw, 540px\" \/><figcaption class=\"wp-element-caption\">Visite d'un client zimbabw\u00e9en<\/figcaption><\/figure>    <figure class=\"wp-block-image size-large\"><img loading=\"lazy\" decoding=\"async\" width=\"720\" height=\"540\" data-id=\"5176\" src=\"https:\/\/taizypackaging.com\/wp-content\/uploads\/2026\/02\/South-African-customer-visiting.webp\" alt=\"Visite d&#039;un client sud-africain\" class=\"wp-image-5176\" srcset=\"https:\/\/taizypackaging.com\/wp-content\/uploads\/2026\/02\/South-African-customer-visiting.webp 720w, https:\/\/taizypackaging.com\/wp-content\/uploads\/2026\/02\/South-African-customer-visiting-300x225.webp 300w, https:\/\/taizypackaging.com\/wp-content\/uploads\/2026\/02\/South-African-customer-visiting-16x12.webp 16w\" sizes=\"auto, (max-width: 720px) 100vw, 720px\" \/><figcaption class=\"wp-element-caption\">Visite d'un client sud-africain<\/figcaption><\/figure>    <figure class=\"wp-block-image size-large\"><img loading=\"lazy\" decoding=\"async\" width=\"720\" height=\"540\" data-id=\"5178\" src=\"https:\/\/taizypackaging.com\/wp-content\/uploads\/2026\/02\/customer-visit-for-french-fries-packaging-machine.webp\" alt=\"visite client pour machine d&#039;emballage de frites\" class=\"wp-image-5178\" srcset=\"https:\/\/taizypackaging.com\/wp-content\/uploads\/2026\/02\/customer-visit-for-french-fries-packaging-machine.webp 720w, https:\/\/taizypackaging.com\/wp-content\/uploads\/2026\/02\/customer-visit-for-french-fries-packaging-machine-300x225.webp 300w, https:\/\/taizypackaging.com\/wp-content\/uploads\/2026\/02\/customer-visit-for-french-fries-packaging-machine-16x12.webp 16w\" sizes=\"auto, (max-width: 720px) 100vw, 720px\" \/><figcaption class=\"wp-element-caption\">visite client pour machine d'emballage de frites<\/figcaption><\/figure>    <figure class=\"wp-block-image size-large\"><img loading=\"lazy\" decoding=\"async\" width=\"720\" height=\"540\" data-id=\"5179\" src=\"https:\/\/taizypackaging.com\/wp-content\/uploads\/2026\/02\/customer-visit-for-vacuum-packaging-machine.webp\" alt=\"visite client pour machine de conditionnement sous vide\" class=\"wp-image-5179\" srcset=\"https:\/\/taizypackaging.com\/wp-content\/uploads\/2026\/02\/customer-visit-for-vacuum-packaging-machine.webp 720w, https:\/\/taizypackaging.com\/wp-content\/uploads\/2026\/02\/customer-visit-for-vacuum-packaging-machine-300x225.webp 300w, https:\/\/taizypackaging.com\/wp-content\/uploads\/2026\/02\/customer-visit-for-vacuum-packaging-machine-16x12.webp 16w\" sizes=\"auto, (max-width: 720px) 100vw, 720px\" \/><figcaption class=\"wp-element-caption\">visite client pour machine de conditionnement sous vide<\/figcaption><\/figure>    <figure class=\"wp-block-image size-large\"><img loading=\"lazy\" decoding=\"async\" width=\"720\" height=\"540\" data-id=\"5177\" src=\"https:\/\/taizypackaging.com\/wp-content\/uploads\/2026\/02\/customer-visit-for-coffee-powder-packing-machine.webp\" alt=\"visite client pour machine d&#039;emballage de poudre de caf\u00e9\" class=\"wp-image-5177\" srcset=\"https:\/\/taizypackaging.com\/wp-content\/uploads\/2026\/02\/customer-visit-for-coffee-powder-packing-machine.webp 720w, https:\/\/taizypackaging.com\/wp-content\/uploads\/2026\/02\/customer-visit-for-coffee-powder-packing-machine-300x225.webp 300w, https:\/\/taizypackaging.com\/wp-content\/uploads\/2026\/02\/customer-visit-for-coffee-powder-packing-machine-16x12.webp 16w\" sizes=\"auto, (max-width: 720px) 100vw, 720px\" \/><figcaption class=\"wp-element-caption\">visite client pour machine d'emballage de poudre de caf\u00e9<\/figcaption><\/figure>    <figure class=\"wp-block-image size-large\"><img loading=\"lazy\" decoding=\"async\" width=\"720\" height=\"540\" data-id=\"5180\" src=\"https:\/\/taizypackaging.com\/wp-content\/uploads\/2026\/02\/customer-visit-for-horizontal-packing-machine.webp\" alt=\"visite client pour machine d&#039;emballage horizontale\" class=\"wp-image-5180\" srcset=\"https:\/\/taizypackaging.com\/wp-content\/uploads\/2026\/02\/customer-visit-for-horizontal-packing-machine.webp 720w, https:\/\/taizypackaging.com\/wp-content\/uploads\/2026\/02\/customer-visit-for-horizontal-packing-machine-300x225.webp 300w, https:\/\/taizypackaging.com\/wp-content\/uploads\/2026\/02\/customer-visit-for-horizontal-packing-machine-16x12.webp 16w\" sizes=\"auto, (max-width: 720px) 100vw, 720px\" \/><figcaption class=\"wp-element-caption\">visite client pour machine d'emballage horizontale<\/figcaption><\/figure> <\/figure>    <p>Taizy met \u00e9galement l'accent sur un service centr\u00e9 sur le client avec un support apr\u00e8s-vente complet, comprenant des conseils techniques, des solutions de conception personnalis\u00e9es et un accompagnement op\u00e9rationnel continu pour aider les clients \u00e0 optimiser la production et assurer la performance \u00e0 long terme des machines.<\/p>   <div class=\"wp-block-image\"> <figure class=\"aligncenter size-full\"><img loading=\"lazy\" decoding=\"async\" width=\"720\" height=\"540\" src=\"https:\/\/taizypackaging.com\/wp-content\/uploads\/2026\/02\/Welcome-to-visit-Taizy-packing-machine-factory.webp\" alt=\"Bienvenue \u00e0 la visite de l&#039;usine de machines d&#039;emballage Taizy\" class=\"wp-image-5181\" srcset=\"https:\/\/taizypackaging.com\/wp-content\/uploads\/2026\/02\/Welcome-to-visit-Taizy-packing-machine-factory.webp 720w, https:\/\/taizypackaging.com\/wp-content\/uploads\/2026\/02\/Welcome-to-visit-Taizy-packing-machine-factory-300x225.webp 300w, https:\/\/taizypackaging.com\/wp-content\/uploads\/2026\/02\/Welcome-to-visit-Taizy-packing-machine-factory-16x12.webp 16w\" sizes=\"auto, (max-width: 720px) 100vw, 720px\" \/><figcaption class=\"wp-element-caption\">Bienvenue \u00e0 la visite de l'usine de machines d'emballage Taizy<\/figcaption><\/figure> <\/div>   <div class=\"wp-block-columns alignfull has-text-color is-layout-flex wp-container-core-columns-is-layout-9d6595d7 wp-block-columns-is-layout-flex\" style=\"color:#000000\"> <div class=\"wp-block-column is-layout-flow wp-block-column-is-layout-flow\"> <h3 class=\"wp-block-heading\" style=\"font-size:24px;line-height:1.3\"><strong>Professionnel \u2197<\/strong><\/h3>    <p>Nous comptons d\u00e9sormais plus de 20 personnels scientifiques et techniques et nous coop\u00e9rons avec de nombreuses universit\u00e9s. En termes de technologie, il est assur\u00e9 d\u2019\u00eatre \u00e0 la pointe de l\u2019industrie.<\/p> <\/div>    <div class=\"wp-block-column is-layout-flow wp-block-column-is-layout-flow\"> <h3 class=\"wp-block-heading\" style=\"font-size:24px;line-height:1.3\"><strong>Fiable \u2197<\/strong><\/h3>    <p>Nous nous concentrons sur la production de machines d'emballage depuis plus de dix ans. D\u00e9sormais, les types de machines d'emballage sont complets et peuvent \u00eatre personnalis\u00e9s en fonction des besoins du client.<\/p> <\/div>    <div class=\"wp-block-column is-layout-flow wp-block-column-is-layout-flow\"> <h3 class=\"wp-block-heading\" style=\"font-size:24px;line-height:1.3\"><strong> Le client d\u2019abord\u2197<\/strong><\/h3>    <p>Tout est centr\u00e9 sur les besoins des clients et nous esp\u00e9rons apporter un maximum d'avantages \u00e9conomiques aux clients gr\u00e2ce \u00e0 notre professionnalisme et \u00e0 nos efforts inlassables.<\/p> <\/div> <\/div>    <h2 class=\"wp-block-heading\">N'h\u00e9sitez pas \u00e0 nous contacter et \u00e0 visiter notre usine de machines d'emballage<\/h2>    <p class=\"translation-block\">Nous accueillons chaleureusement les clients du monde entier pour nous envoyer des demandes de renseignements et visiter notre usine afin de voir nos machines d'emballage en fonctionnement. Environ <strong>90% de nos mod\u00e8les les plus vendus sont en stock<\/strong>, garantissant une livraison rapide et un d\u00e9lai d'attente minimal. M\u00eame pour des machines personnalis\u00e9es, nous pouvons achever la production et organiser l'exp\u00e9dition dans les <strong>15 jours<\/strong> pour r\u00e9pondre aux calendriers de projets urgents.<\/p>    <p class=\"translation-block\">Apr\u00e8s l'exp\u00e9dition, nous fournissons des mises \u00e0 jour en temps utile sur les informations logistiques afin que vous puissiez suivre clairement l'\u00e9tat de votre \u00e9quipement. Une fois la machine arriv\u00e9e, notre \u00e9quipe technique enverra imm\u00e9diatement des manuels d\u00e9taill\u00e9s d'installation et d'exploitation, et nous offrons \u00e9galement <strong>une assistance en ligne et un support \u00e0 distance<\/strong> pour assurer une mise en service fluide et une production efficace.<\/p>    <figure class=\"wp-block-gallery has-nested-images columns-2 is-cropped wp-block-gallery-4 is-layout-flex wp-block-gallery-is-layout-flex\"> <figure class=\"wp-block-image size-large\"><img loading=\"lazy\" decoding=\"async\" width=\"720\" height=\"540\" data-id=\"5185\" src=\"https:\/\/taizypackaging.com\/wp-content\/uploads\/2026\/02\/packaging-machine-with-wooden-box-packing.jpg\" alt=\"machine d&#039;emballage avec emballage en bois\" class=\"wp-image-5185\" srcset=\"https:\/\/taizypackaging.com\/wp-content\/uploads\/2026\/02\/packaging-machine-with-wooden-box-packing.jpg 720w, https:\/\/taizypackaging.com\/wp-content\/uploads\/2026\/02\/packaging-machine-with-wooden-box-packing-300x225.jpg 300w, https:\/\/taizypackaging.com\/wp-content\/uploads\/2026\/02\/packaging-machine-with-wooden-box-packing-16x12.jpg 16w\" sizes=\"auto, (max-width: 720px) 100vw, 720px\" \/><figcaption class=\"wp-element-caption\">machine d'emballage avec emballage en bois<\/figcaption><\/figure>    <figure class=\"wp-block-image size-large\"><img loading=\"lazy\" decoding=\"async\" width=\"720\" height=\"540\" data-id=\"5186\" src=\"https:\/\/taizypackaging.com\/wp-content\/uploads\/2026\/02\/granule-packaging-machine-for-shipping.jpg\" alt=\"machine d&#039;emballage de granul\u00e9s pour l&#039;exp\u00e9dition\" class=\"wp-image-5186\" srcset=\"https:\/\/taizypackaging.com\/wp-content\/uploads\/2026\/02\/granule-packaging-machine-for-shipping.jpg 720w, https:\/\/taizypackaging.com\/wp-content\/uploads\/2026\/02\/granule-packaging-machine-for-shipping-300x225.jpg 300w, https:\/\/taizypackaging.com\/wp-content\/uploads\/2026\/02\/granule-packaging-machine-for-shipping-16x12.jpg 16w\" sizes=\"auto, (max-width: 720px) 100vw, 720px\" \/><figcaption class=\"wp-element-caption\">machine d'emballage de granul\u00e9s pour l'exp\u00e9dition<\/figcaption><\/figure>    <figure class=\"wp-block-image size-large\"><img loading=\"lazy\" decoding=\"async\" width=\"720\" height=\"540\" data-id=\"5184\" src=\"https:\/\/taizypackaging.com\/wp-content\/uploads\/2026\/02\/packaging-machine-exporting.jpg\" alt=\"exportation de machine d&#039;emballage\" class=\"wp-image-5184\" srcset=\"https:\/\/taizypackaging.com\/wp-content\/uploads\/2026\/02\/packaging-machine-exporting.jpg 720w, https:\/\/taizypackaging.com\/wp-content\/uploads\/2026\/02\/packaging-machine-exporting-300x225.jpg 300w, https:\/\/taizypackaging.com\/wp-content\/uploads\/2026\/02\/packaging-machine-exporting-16x12.jpg 16w\" sizes=\"auto, (max-width: 720px) 100vw, 720px\" \/><figcaption class=\"wp-element-caption\">exportation de machine d'emballage<\/figcaption><\/figure>    <figure class=\"wp-block-image size-large\"><img loading=\"lazy\" decoding=\"async\" width=\"720\" height=\"540\" data-id=\"5187\" src=\"https:\/\/taizypackaging.com\/wp-content\/uploads\/2026\/02\/packing-machine-delivery.jpg\" alt=\"livraison de machine d&#039;emballage\" class=\"wp-image-5187\" srcset=\"https:\/\/taizypackaging.com\/wp-content\/uploads\/2026\/02\/packing-machine-delivery.jpg 720w, https:\/\/taizypackaging.com\/wp-content\/uploads\/2026\/02\/packing-machine-delivery-300x225.jpg 300w, https:\/\/taizypackaging.com\/wp-content\/uploads\/2026\/02\/packing-machine-delivery-16x12.jpg 16w\" sizes=\"auto, (max-width: 720px) 100vw, 720px\" \/><figcaption class=\"wp-element-caption\">livraison de machine d'emballage<\/figcaption><\/figure> <\/figure>    <p>Contactez-nous d\u00e8s aujourd'hui pour un devis professionnel et une solution d'emballage sur mesure \u2014 nous avons h\u00e2te de construire un partenariat \u00e0 long terme avec vous.<\/p>","protected":false},"excerpt":{"rendered":"<p>Taizy Machinery Taizy Packaging Machinery Co. LTD is the Taizy brand under the umbrella of Shuliy Group, specializing in the design, manufacture, and export of food processing equipment and packaging machinery. With its own factory and advanced production capabilities, Taizy offers a complete range of packaging machines \u2014 from powder fillers and spice packing machines [&hellip;]<\/p>\n","protected":false},"author":1,"featured_media":0,"parent":0,"menu_order":0,"comment_status":"closed","ping_status":"closed","template":"","meta":{"footnotes":""},"class_list":["post-18","page","type-page","status-publish","hentry"],"_links":{"self":[{"href":"https:\/\/taizypackaging.com\/fr\/wp-json\/wp\/v2\/pages\/18","targetHints":{"allow":["GET"]}}],"collection":[{"href":"https:\/\/taizypackaging.com\/fr\/wp-json\/wp\/v2\/pages"}],"about":[{"href":"https:\/\/taizypackaging.com\/fr\/wp-json\/wp\/v2\/types\/page"}],"author":[{"embeddable":true,"href":"https:\/\/taizypackaging.com\/fr\/wp-json\/wp\/v2\/users\/1"}],"replies":[{"embeddable":true,"href":"https:\/\/taizypackaging.com\/fr\/wp-json\/wp\/v2\/comments?post=18"}],"version-history":[{"count":8,"href":"https:\/\/taizypackaging.com\/fr\/wp-json\/wp\/v2\/pages\/18\/revisions"}],"predecessor-version":[{"id":5190,"href":"https:\/\/taizypackaging.com\/fr\/wp-json\/wp\/v2\/pages\/18\/revisions\/5190"}],"wp:attachment":[{"href":"https:\/\/taizypackaging.com\/fr\/wp-json\/wp\/v2\/media?parent=18"}],"curies":[{"name":"wp","href":"https:\/\/api.w.org\/{rel}","templated":true}]}}